{"id":6564,"date":"2025-03-11T06:29:39","date_gmt":"2025-03-11T06:29:39","guid":{"rendered":"https:\/\/fmp-components.com\/product\/factory-direct-sale-20-ton-4-stage-dump-truck-hydraulic-cylinder"},"modified":"2025-03-12T06:26:11","modified_gmt":"2025-03-12T06:26:11","slug":"factory-direct-sale-20-ton-4-stage-dump-truck-hydraulic-cylinder","status":"publish","type":"product","link":"https:\/\/fmp-components.com\/sl\/product\/factory-direct-sale-20-ton-4-stage-dump-truck-hydraulic-cylinder\/","title":{"rendered":"Tovarni\u0161ka neposredna prodaja 20-tonski 4-stopenjski hidravli\u010dni cilinder za prekucnike"},"content":{"rendered":"<h2>Tovarni\u0161ka neposredna prodaja 20-tonski 4-stopenjski hidravli\u010dni cilinder za prekucnike<\/h2>\n<p>Predstavljamo vam na\u0161 20-tonski 4-stopenjski hidravli\u010dni cilinder za prekucnike, tovarni\u0161ko neposredno prodajno vodilo hidravli\u010dne tehnologije. Ta novi, standardni, ve\u010dstopenjski hidravli\u010dni cilinder je zasnovan za optimalno delovanje v razli\u010dnih okoljih, vklju\u010dno s strojnimi delavnicami, kmetijstvi, energetiko in rudarstvom, proizvodnjo strojev in tovarnami strojev.<\/p>\n<h3>Zna\u010dilnosti in specifikacije<\/h3>\n<p>Na\u0161 hidravli\u010dni cilinder je batni cilinder z virom hidravli\u010dne energije in ohi\u0161jem iz jekla. Ima najve\u010dji potisk 3000 in najve\u010dji vle\u010dni moment 20 ton. Izdelek ima certifikat ISO9001:2000, ki zagotavlja njegovo kakovost in zanesljivost.<\/p>\n<table style=\"width: 91.9539%;\" border=\"\">\n<tbody>\n<tr>\n<th style=\"width: 43.5028%;\">Velikost izvrtine<\/th>\n<td style=\"width: 442.373%;\">2\u20136 palcev<\/td>\n<\/tr>\n<tr>\n<th style=\"width: 43.5028%;\">Velikost palice<\/th>\n<td style=\"width: 442.373%;\">1,125-4 palca<\/td>\n<\/tr>\n<tr>\n<th style=\"width: 43.5028%;\">Velikost poteze<\/th>\n<td style=\"width: 442.373%;\">4\u2013100 palcev<\/td>\n<\/tr>\n<tr>\n<th style=\"width: 43.5028%;\">Velikost zati\u010da<\/th>\n<td style=\"width: 442.373%;\">0,5\u20132 palca<\/td>\n<\/tr>\n<tr>\n<th style=\"width: 43.5028%;\">Pristani\u0161\u010da<\/th>\n<td style=\"width: 442.373%;\">G\/SAE\/NPT\/M<\/td>\n<\/tr>\n<\/tbody>\n<\/table>\n<h2>Edinstvene prednosti<\/h2>\n<ul>\n<li>Energetsko u\u010dinkovit: Na\u0161 hidravli\u010dni cilinder je zasnovan za delovanje z optimalno energetsko u\u010dinkovitostjo, kar zmanj\u0161uje va\u0161e obratovalne stro\u0161ke.<\/li>\n<li>Visoka u\u010dinkovitost: Z visoko potisno in vle\u010dno zmogljivostjo ta hidravli\u010dni cilinder zagotavlja visoko u\u010dinkovito delovanje.<\/li>\n<li>Varnost: Varnost je zagotovljena z na\u0161im hidravli\u010dnim cilindrom s certifikatom ISO9001:2000.<\/li>\n<\/ul>\n<p><img loading=\"lazy\" decoding=\"async\" class=\"alignnone  wp-image-6717\" src=\"https:\/\/fmp-components.com\/wp-content\/uploads\/2025\/03\/hydraulic-cylinder-211.webp\" alt=\"Hidravli\u010dni cilindri\" width=\"894\" height=\"896\" title=\"\" srcset=\"https:\/\/fmp-components.com\/wp-content\/uploads\/2025\/03\/hydraulic-cylinder-211.webp 894w, https:\/\/fmp-components.com\/wp-content\/uploads\/2025\/03\/hydraulic-cylinder-211-480x481.webp 480w\" sizes=\"(min-width: 0px) and (max-width: 480px) 480px, (min-width: 481px) 894px, 100vw\" \/><\/p>\n<h2>Razumevanje hidravli\u010dnega sistema<\/h2>\n<p>Hidravli\u010dni sistem na\u0161ega 20-tonskega 4-stopenjskega hidravli\u010dnega cilindra za prekucnike deluje na osnovnem principu tlaka teko\u010dine. Ko se tlak izvaja na dolo\u010deni to\u010dki v sistemu, se ta sprememba tlaka enakomerno in brez izgub prenese na vse druge komponente. Ta lastnost zagotavlja, da lahko sistem deluje u\u010dinkovito in zmogljivo, tudi pri ravnanju z veliko te\u017eo ali te\u017ekimi bremeni. Z uporabo nestisljive teko\u010dine lahko hidravli\u010dni sistem pove\u010da silo, kar omogo\u010da natan\u010den nadzor in premikanje odlagalne povr\u0161ine prekucnika.<\/p>\n<p>Zasnova hidravli\u010dnega sistema vklju\u010duje ve\u010d klju\u010dnih elementov, vklju\u010dno s hidravli\u010dno teko\u010dino, cevmi, ventili in samim hidravli\u010dnim cilindrom. Hidravli\u010dna teko\u010dina slu\u017ei kot medij, skozi katerega se prena\u0161a sila, medtem ko cevi in \u200b\u200bventili uravnavajo pretok in smer te teko\u010dine. Hidravli\u010dni cilinder kot primarni aktuator pretvarja hidravli\u010dno energijo nazaj v mehansko energijo, kar povzro\u010di \u017eeleno gibanje kesona tovornjaka.<\/p>\n<h2>Uporaba<\/h2>\n<p>Ta hidravli\u010dni cilinder je vsestranski in primeren za \u0161iroko paleto uporabe v razli\u010dnih panogah. \u0160e posebej je koristen v delavnicah za popravilo strojev, kjer je treba dvigovati in pozicionirati te\u017eko opremo. Na kmetijah je hidravli\u010dni cilinder neprecenljiv za naloge, kot so premikanje te\u017ekih bremen zemlje, pridelkov ali opreme. V energetskem in rudarskem sektorju igra klju\u010dno vlogo pri delovanju strojev, ki morajo obvladovati velike te\u017ee in te\u017eka okolja.<\/p>\n<p>Poleg tega je hidravli\u010dni cilinder bistvenega pomena v proizvodnji strojev in tovarnah, kjer podpira sestavljanje in premikanje velikih komponent. Njegova robustna zasnova zagotavlja, da lahko prenese velike obremenitve, hkrati pa zagotavlja stabilno in zanesljivo delovanje skozi celotno \u017eivljenjsko dobo. Ta zanesljivost je klju\u010dnega pomena za ohranjanje produktivnosti in varnosti v zahtevnih delovnih okoljih, zaradi \u010desar je hidravli\u010dni cilinder nepogre\u0161ljiv del sodobnega delovanja strojev.<\/p>\n<p><img loading=\"lazy\" decoding=\"async\" class=\"alignnone size-full wp-image-6660\" src=\"https:\/\/fmp-components.com\/wp-content\/uploads\/2025\/03\/hydraulic-cylinder-workshop-4.webp\" alt=\"teleskopski hidravli\u010dni cilinder\" width=\"914\" height=\"733\" title=\"\" srcset=\"https:\/\/fmp-components.com\/wp-content\/uploads\/2025\/03\/hydraulic-cylinder-workshop-4.webp 914w, https:\/\/fmp-components.com\/wp-content\/uploads\/2025\/03\/hydraulic-cylinder-workshop-4-480x385.webp 480w\" sizes=\"(min-width: 0px) and (max-width: 480px) 480px, (min-width: 481px) 914px, 100vw\" \/><\/p>\n<h2>Pogosta vpra\u0161anja<\/h2>\n<dl>\n<dt>V: Koliko \u010dasa traja dobavni rok?<\/dt>\n<dd>A: Dobavni rok je obi\u010dajno 25-35 dni.<\/dd>\n<dt>V: Ali ponujate vzorec za ta izdelek?<\/dt>\n<dd>O: Da, nudimo vzorce, vendar niso brezpla\u010dni.<\/dd>\n<dt>V: Ali je mogo\u010de ta izdelek prilagoditi?<\/dt>\n<dd>O: Da, izdelek lahko prilagodimo va\u0161im vzorcem ali tehni\u010dnim risbam. Izdelamo lahko kalupe in vpenjala.<\/dd>\n<\/dl>\n<h3>O FMP-ju<\/h3>\n<p>FMP je vodilni italijanski proizvajalec, znan po na\u010drtovanju, razvoju in proizvodnji visokokakovostnih hidravli\u010dnih cilindrov. Z desetletji strokovnega znanja zdru\u017eujemo tradicionalno italijansko obrt z napredno tehnologijo, da bi zagotovili izjemne hidravli\u010dne re\u0161itve, prilagojene raznolikim potrebam na\u0161ih strank po vsem svetu. FMP se nahaja v Italiji, sredi\u0161\u010du in\u017eenirske odli\u010dnosti, in se je uveljavil kot zaupanja vredno ime v hidravli\u010dni industriji, predan zagotavljanju zanesljivih, trpe\u017enih in inovativnih izdelkov, ki opolnomo\u010dajo podjetja po vsem svetu.<\/p>\n<p>Zdru\u017eujemo najbolj\u0161e iz naprednih proizvodnih tradicij s prihodnostnim pristopom. Z bogatimi izku\u0161njami na podro\u010dju hidravli\u010dnih sistemov se je FMP preoblikoval v sodobno podjetje, ki blesti na podro\u010dju raziskav, na\u010drtovanja in proizvodnje. Na\u0161a specializacija vklju\u010duje \u0161iroko paleto hidravli\u010dnih cilindrov, kot so dvosmerno delujo\u010di cilindri, avtomobilski dvi\u017eni cilindri, cilindri za kmetijsko mehanizacijo in re\u0161itve po meri za razli\u010dne industrijske aplikacije. Na\u0161i hidravli\u010dni cilindri so zasnovani za delovanje v najzahtevnej\u0161ih pogojih in zagotavljajo varnost, u\u010dinkovitost in dolgo \u017eivljenjsko dobo v vseh sektorjih, kot so gradbeni\u0161tvo, industrijske in\u0161talacije, kmetijstvo in te\u017eka mehanizacija.<\/p>\n<p>V podjetju FMP smo ponosni na na\u0161e najsodobnej\u0161e proizvodne obrate, opremljene s preciznimi stroji in naprednimi sistemi za testiranje. Na\u0161i proizvodni procesi so v skladu s strogimi nacionalnimi in mednarodnimi standardi, kar zagotavlja, da vsak hidravli\u010dni valj, ki zapusti na\u0161o tovarno, izpolnjuje najvi\u0161je standarde kakovosti in zanesljivosti. Na\u0161a usposobljena tehni\u010dna ekipa nam v kombinaciji z najsodobnej\u0161o opremo omogo\u010da strog nadzor kakovosti v vsaki fazi proizvodnje \u2013 od izbire surovin do kon\u010dnega pregleda. Ta zavezanost odli\u010dnosti nam je prinesla certifikate in priznanja industrijskih organov, kar utrjuje na\u0161 ugled zanesljivega partnerja.<\/p>\n<p><img loading=\"lazy\" decoding=\"async\" class=\"alignnone size-full wp-image-6720\" src=\"https:\/\/fmp-components.com\/wp-content\/uploads\/2025\/03\/hydraulic-cylinder-8.webp\" alt=\"Teleskopski hidravli\u010dni cilindri\" width=\"933\" height=\"526\" title=\"\" srcset=\"https:\/\/fmp-components.com\/wp-content\/uploads\/2025\/03\/hydraulic-cylinder-8.webp 933w, https:\/\/fmp-components.com\/wp-content\/uploads\/2025\/03\/hydraulic-cylinder-8-480x271.webp 480w\" sizes=\"(min-width: 0px) and (max-width: 480px) 480px, (min-width: 481px) 933px, 100vw\" \/><\/p>\n<p>Na\u0161e poslanstvo je preprosto in ambiciozno hkrati: zagotoviti hidravli\u010dne cilindre, ki presegajo pri\u010dakovanja glede zmogljivosti, vzdr\u017eljivosti in vrednosti. Vodimo se z na\u010deli profesionalnosti, integritete in osredoto\u010denosti na stranke, spodbujamo kulturo inovacij in natan\u010dnosti ter nenehno izpopolnjujemo na\u0161e izdelke, da bi ostali v ospredju na konkuren\u010dnem trgu. Z obse\u017eno paleto izdelkov in sposobnostjo ponujanja re\u0161itev po meri smo prednostna izbira za podjetja, ki i\u0161\u010dejo visokozmogljive hidravli\u010dne cilindre.<\/p>\n<p>FMP ni le proizvajalec; smo partner pri va\u0161em uspehu. Zavedamo se, da so na\u0161e stranke odvisne od nas pri dobavi orodij, ki izbolj\u0161ujejo njihovo produktivnost in varnost. Zato smo zavezani k zagotavljanju ne le vrhunskih izdelkov, temve\u010d tudi izjemnih storitev. Od za\u010detnega posvetovanja do poprodajne podpore tesno sodelujemo z na\u0161imi strankami, da zagotovimo, da so njihove potrebe izpolnjene profesionalno in skrbno. Na\u0161e konkuren\u010dne cene v kombinaciji z na\u0161o neomajno zavezanostjo kakovosti naredijo FMP pametno izbiro za podjetja, ki \u017eelijo vlagati v zanesljive hidravli\u010dne re\u0161itve.<\/p>","protected":false},"excerpt":{"rendered":"<p>Factory Direct Sale 20 Ton 4 Stage Dump Truck Hydraulic Cylinder Introducing our 20 Ton 4 Stage Dump Truck hydraulic cylinder, a factory-direct sale powerhouse of hydraulic technology. This new, standard, multistage hydraulic cylinder is designed for optimum functionality in various environments, including machinery repair shops, farms, energy and mining, machinery manufacturing, and machinery factories. [&hellip;]<\/p>","protected":false},"featured_media":6741,"comment_status":"closed","ping_status":"closed","template":"","meta":{"_et_pb_use_builder":"","_et_pb_old_content":"","_et_gb_content_width":""},"product_brand":[],"product_cat":[103],"product_tag":[34,105],"class_list":{"0":"post-6564","1":"product","2":"type-product","3":"status-publish","4":"has-post-thumbnail","6":"product_cat-telescopic-hydraulic-cylinders","7":"product_tag-hydraulic-cylinder","8":"product_tag-telescopic-hydraulic-cylinders","10":"first","11":"instock","12":"product-type-simple"},"_links":{"self":[{"href":"https:\/\/fmp-components.com\/sl\/wp-json\/wp\/v2\/product\/6564","targetHints":{"allow":["GET"]}}],"collection":[{"href":"https:\/\/fmp-components.com\/sl\/wp-json\/wp\/v2\/product"}],"about":[{"href":"https:\/\/fmp-components.com\/sl\/wp-json\/wp\/v2\/types\/product"}],"replies":[{"embeddable":true,"href":"https:\/\/fmp-components.com\/sl\/wp-json\/wp\/v2\/comments?post=6564"}],"wp:featuredmedia":[{"embeddable":true,"href":"https:\/\/fmp-components.com\/sl\/wp-json\/wp\/v2\/media\/6741"}],"wp:attachment":[{"href":"https:\/\/fmp-components.com\/sl\/wp-json\/wp\/v2\/media?parent=6564"}],"wp:term":[{"taxonomy":"product_brand","embeddable":true,"href":"https:\/\/fmp-components.com\/sl\/wp-json\/wp\/v2\/product_brand?post=6564"},{"taxonomy":"product_cat","embeddable":true,"href":"https:\/\/fmp-components.com\/sl\/wp-json\/wp\/v2\/product_cat?post=6564"},{"taxonomy":"product_tag","embeddable":true,"href":"https:\/\/fmp-components.com\/sl\/wp-json\/wp\/v2\/product_tag?post=6564"}],"curies":[{"name":"delovni list","href":"https:\/\/api.w.org\/{rel}","templated":true}]}}