{"id":6563,"date":"2025-03-11T06:29:39","date_gmt":"2025-03-11T06:29:39","guid":{"rendered":"https:\/\/fmp-components.com\/product\/quality-manufacturing-4-stage-telescopic-hydraulic-cylinder-for-dump-trailer"},"modified":"2025-03-12T06:21:59","modified_gmt":"2025-03-12T06:21:59","slug":"quality-manufacturing-4-stage-telescopic-hydraulic-cylinder-for-dump-trailer","status":"publish","type":"product","link":"https:\/\/fmp-components.com\/sl\/product\/quality-manufacturing-4-stage-telescopic-hydraulic-cylinder-for-dump-trailer\/","title":{"rendered":"Kakovostni 4-stopenjski teleskopski hidravli\u010dni cilinder za prekucnik"},"content":{"rendered":"<h2>Kakovostni 4-stopenjski teleskopski hidravli\u010dni cilinder za prekucnik<\/h2>\n<p>4-stopenjski teleskopski hidravli\u010dni cilinder je izjemen izdelek, ki ponuja impresivno funkcionalnost in zmogljivost. Zasnovan je za uporabo v razli\u010dnih panogah, vklju\u010dno s strojnimi delavnicami, kmetijstvom, energetiko in rudarstvom, proizvodnjo strojev in tovarnami strojev.<\/p>\n<h2>Specifikacije izdelka<\/h2>\n<table style=\"width: 97.0168%; height: 123px;\" border=\"\">\n<tbody>\n<tr>\n<td><b>Velikost izvrtine<\/b><\/td>\n<td>2\u20136 palcev<\/td>\n<\/tr>\n<tr>\n<td><b>Velikost palice<\/b><\/td>\n<td>1,125-4 palca<\/td>\n<\/tr>\n<tr>\n<td><b>Velikost poteze<\/b><\/td>\n<td>4\u2013100 palcev<\/td>\n<\/tr>\n<tr>\n<td><b>Velikost zati\u010da<\/b><\/td>\n<td>0,5\u20132 palca<\/td>\n<\/tr>\n<tr>\n<td><b>Pristani\u0161\u010da<\/b><\/td>\n<td>G\/SAE\/NPT\/M<\/td>\n<\/tr>\n<\/tbody>\n<\/table>\n<h3>Edinstvene lastnosti in prednosti<\/h3>\n<ul>\n<li>Energetsko u\u010dinkovito<\/li>\n<li>Visoko u\u010dinkovit<\/li>\n<li>Varno za uporabo<\/li>\n<\/ul>\n<h2>Razumevanje hidravli\u010dnega sistema<\/h2>\n<p>Hidravli\u010dni sistem deluje na temeljnem na\u010delu tlaka teko\u010dine, ki je osnova za njegovo funkcionalnost in u\u010dinkovitost. V hidravli\u010dnem sistemu, ko se na katero koli to\u010dko uporabi tlak, se ustvari sila, ki se preko hidravli\u010dne teko\u010dine prena\u0161a na vse druge to\u010dke v sistemu. Ta lastnost omogo\u010da sistemu, da opravlja \u0161irok spekter nalog, od dvigovanja te\u017ekih bremen do natan\u010dnih gibov v strojih.<\/p>\n<p>Do prenosa tlaka pride, ker so hidravli\u010dne teko\u010dine nestisljive; ko na teko\u010dino deluje sila, se mora premikati in izvajati pritisk v vse smeri. To pomeni, da lahko majhna vhodna sila povzro\u010di znatno izhodno silo, zaradi \u010desar so hidravli\u010dni sistemi izjemno zmogljivi in \u200b\u200bu\u010dinkoviti. Na primer, ko hidravli\u010dna \u010drpalka ustvari tlak, potiska teko\u010dino skozi cevi in \u200b\u200bcevi do razli\u010dnih komponent, kot so hidravli\u010dni cilindri ali motorji, kjer se tlak pretvori v mehansko gibanje.<\/p>\n<p><img loading=\"lazy\" decoding=\"async\" class=\"alignnone  wp-image-6663\" src=\"https:\/\/fmp-components.com\/wp-content\/uploads\/2025\/03\/telescopic-hydraulic-cylinder-11.webp\" alt=\"teleskopski hidravli\u010dni cilinder\" width=\"914\" height=\"914\" title=\"\" srcset=\"https:\/\/fmp-components.com\/wp-content\/uploads\/2025\/03\/telescopic-hydraulic-cylinder-11.webp 914w, https:\/\/fmp-components.com\/wp-content\/uploads\/2025\/03\/telescopic-hydraulic-cylinder-11-480x480.webp 480w\" sizes=\"(min-width: 0px) and (max-width: 480px) 480px, (min-width: 481px) 914px, 100vw\" \/><\/p>\n<p>Poleg tega medsebojna povezanost hidravli\u010dnih sistemov omogo\u010da sinhronizacijo ve\u010d komponent, kar jim omogo\u010da so\u010dasno in u\u010dinkovito delovanje. Ta lastnost je \u0161e posebej koristna pri aplikacijah, ki zahtevajo usklajene gibe, kot na primer pri gradbenih strojih, kjer je treba hkrati izvajati ve\u010d funkcij.<\/p>\n<p>Poleg tega je hidravli\u010dne sisteme mogo\u010de enostavno krmiliti in prilagajati. Z manipulacijo pretoka hidravli\u010dne teko\u010dine z uporabo ventilov in \u010drpalk lahko upravljavci natan\u010dno prilagodijo delovanje sistema specifi\u010dnim zahtevam. Zaradi te vsestranskosti so hidravli\u010dni sistemi primerni za razli\u010dne aplikacije v ve\u010d panogah, vklju\u010dno s proizvodnjo, kmetijstvom, avtomobilsko industrijo in energetiko.<\/p>\n<h2>Pogosta vpra\u0161anja<\/h2>\n<dl>\n<dt><b>V: Ali ste trgovsko podjetje ali proizvajalec?<\/b><\/dt>\n<dd>A: Smo tovarna.<\/dd>\n<dt><b>V: Koliko \u010dasa traja va\u0161a dobavni rok?<\/b><\/dt>\n<dd>A: Na splo\u0161no traja 25-35 dni.<\/dd>\n<dt><b>V: Ali ponujate vzorce? Je to brezpla\u010dno ali dodatno?<\/b><\/dt>\n<dd>O: Da, nudimo vzorce, vendar niso brezpla\u010dni.<\/dd>\n<\/dl>\n<h3>O FMP-ju<\/h3>\n<p>FMP je vodilni italijanski proizvajalec, znan po na\u010drtovanju, razvoju in proizvodnji visokokakovostnih hidravli\u010dnih cilindrov. Z desetletji strokovnega znanja zdru\u017eujemo tradicionalno italijansko obrt z napredno tehnologijo, da bi zagotovili izjemne hidravli\u010dne re\u0161itve, prilagojene raznolikim potrebam na\u0161ih strank po vsem svetu. FMP se nahaja v Italiji, sredi\u0161\u010du in\u017eenirske odli\u010dnosti, in se je uveljavil kot zaupanja vredno ime v hidravli\u010dni industriji, predan zagotavljanju zanesljivih, trpe\u017enih in inovativnih izdelkov, ki opolnomo\u010dajo podjetja po vsem svetu.<\/p>\n<p>Zdru\u017eujemo najbolj\u0161e iz naprednih proizvodnih tradicij s prihodnostnim pristopom. Z bogatimi izku\u0161njami na podro\u010dju hidravli\u010dnih sistemov se je FMP preoblikoval v sodobno podjetje, ki blesti na podro\u010dju raziskav, na\u010drtovanja in proizvodnje. Na\u0161a specializacija vklju\u010duje \u0161iroko paleto hidravli\u010dnih cilindrov, kot so dvosmerno delujo\u010di cilindri, avtomobilski dvi\u017eni cilindri, cilindri za kmetijsko mehanizacijo in re\u0161itve po meri za razli\u010dne industrijske aplikacije. Na\u0161i hidravli\u010dni cilindri so zasnovani za delovanje v najzahtevnej\u0161ih pogojih in zagotavljajo varnost, u\u010dinkovitost in dolgo \u017eivljenjsko dobo v vseh sektorjih, kot so gradbeni\u0161tvo, industrijske in\u0161talacije, kmetijstvo in te\u017eka mehanizacija.<\/p>\n<p>V podjetju FMP smo ponosni na na\u0161e najsodobnej\u0161e proizvodne obrate, opremljene s preciznimi stroji in naprednimi sistemi za testiranje. Na\u0161i proizvodni procesi so v skladu s strogimi nacionalnimi in mednarodnimi standardi, kar zagotavlja, da vsak hidravli\u010dni valj, ki zapusti na\u0161o tovarno, izpolnjuje najvi\u0161je standarde kakovosti in zanesljivosti. Na\u0161a usposobljena tehni\u010dna ekipa nam v kombinaciji z najsodobnej\u0161o opremo omogo\u010da strog nadzor kakovosti v vsaki fazi proizvodnje \u2013 od izbire surovin do kon\u010dnega pregleda. Ta zavezanost odli\u010dnosti nam je prinesla certifikate in priznanja industrijskih organov, kar utrjuje na\u0161 ugled zanesljivega partnerja.<\/p>\n<p><img loading=\"lazy\" decoding=\"async\" class=\"alignnone size-full wp-image-6720\" src=\"https:\/\/fmp-components.com\/wp-content\/uploads\/2025\/03\/hydraulic-cylinder-8.webp\" alt=\"Teleskopski hidravli\u010dni cilindri\" width=\"933\" height=\"526\" title=\"\" srcset=\"https:\/\/fmp-components.com\/wp-content\/uploads\/2025\/03\/hydraulic-cylinder-8.webp 933w, https:\/\/fmp-components.com\/wp-content\/uploads\/2025\/03\/hydraulic-cylinder-8-480x271.webp 480w\" sizes=\"(min-width: 0px) and (max-width: 480px) 480px, (min-width: 481px) 933px, 100vw\" \/><\/p>\n<p>Na\u0161e poslanstvo je preprosto in ambiciozno hkrati: zagotoviti hidravli\u010dne cilindre, ki presegajo pri\u010dakovanja glede zmogljivosti, vzdr\u017eljivosti in vrednosti. Vodimo se z na\u010deli profesionalnosti, integritete in osredoto\u010denosti na stranke, spodbujamo kulturo inovacij in natan\u010dnosti ter nenehno izpopolnjujemo na\u0161e izdelke, da bi ostali v ospredju na konkuren\u010dnem trgu. Z obse\u017eno paleto izdelkov in sposobnostjo ponujanja re\u0161itev po meri smo prednostna izbira za podjetja, ki i\u0161\u010dejo visokozmogljive hidravli\u010dne cilindre.<\/p>\n<p>FMP ni le proizvajalec; smo partner pri va\u0161em uspehu. Zavedamo se, da so na\u0161e stranke odvisne od nas pri dobavi orodij, ki izbolj\u0161ujejo njihovo produktivnost in varnost. Zato smo zavezani k zagotavljanju ne le vrhunskih izdelkov, temve\u010d tudi izjemnih storitev. Od za\u010detnega posvetovanja do poprodajne podpore tesno sodelujemo z na\u0161imi strankami, da zagotovimo, da so njihove potrebe izpolnjene profesionalno in skrbno. Na\u0161e konkuren\u010dne cene v kombinaciji z na\u0161o neomajno zavezanostjo kakovosti naredijo FMP pametno izbiro za podjetja, ki \u017eelijo vlagati v zanesljive hidravli\u010dne re\u0161itve.<\/p>","protected":false},"excerpt":{"rendered":"<p>Quality Manufacturing 4 Stage Telescopic Hydraulic Cylinder for Dump Trailer The 4 Stage Telescopic Hydraulic Cylinder is an exceptional product that offers impressive functionality and performance. It is designed for use in various industries including Machinery Repair Shops, Farms, Energy &amp; Mining, Machinery manufacturing and Machinery Factories. Product Specifications Bore Size 2-6 inch Rod Size [&hellip;]<\/p>","protected":false},"featured_media":6739,"comment_status":"closed","ping_status":"closed","template":"","meta":{"_et_pb_use_builder":"","_et_pb_old_content":"","_et_gb_content_width":""},"product_brand":[],"product_cat":[103],"product_tag":[34,105],"class_list":{"0":"post-6563","1":"product","2":"type-product","3":"status-publish","4":"has-post-thumbnail","6":"product_cat-telescopic-hydraulic-cylinders","7":"product_tag-hydraulic-cylinder","8":"product_tag-telescopic-hydraulic-cylinders","10":"first","11":"instock","12":"product-type-simple"},"_links":{"self":[{"href":"https:\/\/fmp-components.com\/sl\/wp-json\/wp\/v2\/product\/6563","targetHints":{"allow":["GET"]}}],"collection":[{"href":"https:\/\/fmp-components.com\/sl\/wp-json\/wp\/v2\/product"}],"about":[{"href":"https:\/\/fmp-components.com\/sl\/wp-json\/wp\/v2\/types\/product"}],"replies":[{"embeddable":true,"href":"https:\/\/fmp-components.com\/sl\/wp-json\/wp\/v2\/comments?post=6563"}],"wp:featuredmedia":[{"embeddable":true,"href":"https:\/\/fmp-components.com\/sl\/wp-json\/wp\/v2\/media\/6739"}],"wp:attachment":[{"href":"https:\/\/fmp-components.com\/sl\/wp-json\/wp\/v2\/media?parent=6563"}],"wp:term":[{"taxonomy":"product_brand","embeddable":true,"href":"https:\/\/fmp-components.com\/sl\/wp-json\/wp\/v2\/product_brand?post=6563"},{"taxonomy":"product_cat","embeddable":true,"href":"https:\/\/fmp-components.com\/sl\/wp-json\/wp\/v2\/product_cat?post=6563"},{"taxonomy":"product_tag","embeddable":true,"href":"https:\/\/fmp-components.com\/sl\/wp-json\/wp\/v2\/product_tag?post=6563"}],"curies":[{"name":"delovni list","href":"https:\/\/api.w.org\/{rel}","templated":true}]}}