{"id":6556,"date":"2025-03-11T06:29:39","date_gmt":"2025-03-11T06:29:39","guid":{"rendered":"https:\/\/fmp-components.com\/product\/factory-direct-sale-telescopic-double-acting-dump-truck-hydraulic-cylinder"},"modified":"2025-03-12T06:02:22","modified_gmt":"2025-03-12T06:02:22","slug":"factory-direct-sale-telescopic-double-acting-dump-truck-hydraulic-cylinder","status":"publish","type":"product","link":"https:\/\/fmp-components.com\/sl\/product\/factory-direct-sale-telescopic-double-acting-dump-truck-hydraulic-cylinder\/","title":{"rendered":"Teleskopski dvostranski hidravli\u010dni cilinder za tovornjake s fiksno prodajo"},"content":{"rendered":"<h2>Teleskopski dvostranski hidravli\u010dni cilinder za tovornjake s fiksno prodajo<\/h2>\n<p>Predstavljamo vam teleskopski hidravli\u010dni cilinder z dvojnim delovanjem za prekucnike, izdelek, ki ga prodajamo neposredno iz tovarne. Ta hidravli\u010dni cilinder je bistvena komponenta za razli\u010dne panoge, kot so delavnice za popravilo strojev, kmetije, energetika in rudarstvo, proizvodnja strojev in tovarne strojev. Gre za ve\u010dstopenjski hidravli\u010dni cilinder z najve\u010djo vle\u010dno silo 20 ton in najve\u010djim potiskom 3000.<\/p>\n<h3>Funkcije in pomen hidravli\u010dnega cilindra<\/h3>\n<p>Ta hidravli\u010dni cilinder igra klju\u010dno vlogo pri pretvorbi hidravli\u010dne energije v mehansko energijo, s \u010dimer se tlak pretvori v silo. Njegova standardna struktura in ohi\u0161je iz visokokakovostnega jekla pove\u010dujeta njegovo vzdr\u017eljivost, zaradi \u010desar je zanesljiva in u\u010dinkovita izbira za delo s te\u017ekimi stroji.<\/p>\n<h3>Tehni\u010dne podrobnosti izdelka<\/h3>\n<p>Hidravli\u010dni cilinder se pona\u0161a z izvrtino od 2 do 6 palcev, velikostjo palice od 1,125 do 4 palcev, velikostjo hoda od 4 do 100 palcev in velikostjo zati\u010da od 0,5 do 2 palca. Cilinder je \u010drne barve in ima 1-letno garancijo. Ima certifikat ISO9001:2000, kar zagotavlja njegovo visoko kakovost in zanesljivost.<\/p>\n<table style=\"width: 97.3625%;\" border=\"\">\n<tbody>\n<tr>\n<td style=\"width: 42.9379%;\"><i>Velikost izvrtine<\/i><\/td>\n<td style=\"width: 460.452%;\">2\u20136 palcev<\/td>\n<\/tr>\n<tr>\n<td style=\"width: 42.9379%;\"><i>Velikost palice<\/i><\/td>\n<td style=\"width: 460.452%;\">1,125-4 palca<\/td>\n<\/tr>\n<tr>\n<td style=\"width: 42.9379%;\"><i>Velikost poteze<\/i><\/td>\n<td style=\"width: 460.452%;\">4\u2013100 palcev<\/td>\n<\/tr>\n<tr>\n<td style=\"width: 42.9379%;\"><i>Velikost zati\u010da<\/i><\/td>\n<td style=\"width: 460.452%;\">0,5\u20132 palca<\/td>\n<\/tr>\n<tr>\n<td style=\"width: 42.9379%;\"><i>Pristani\u0161\u010da<\/i><\/td>\n<td style=\"width: 460.452%;\">G\/SAE\/NPT\/M<\/td>\n<\/tr>\n<\/tbody>\n<\/table>\n<h2>Edinstvene lastnosti in prednosti izdelka<\/h2>\n<ul>\n<li>Energetsko u\u010dinkovit: S svojo hidravli\u010dno mo\u010djo in standardno strukturo var\u010duje z energijo, hkrati pa zagotavlja optimalno delovanje.<\/li>\n<li>Visoka u\u010dinkovitost: Ve\u010dstopenjski hidravli\u010dni cilinder zagotavlja visoko u\u010dinkovitost delovanja.<\/li>\n<li>Varnost: Cilinder je zasnovan z mislijo na varnost, kar zmanj\u0161uje tveganje nesre\u010d med delovanjem.<\/li>\n<\/ul>\n<p><img loading=\"lazy\" decoding=\"async\" class=\"alignnone  wp-image-6665\" src=\"https:\/\/fmp-components.com\/wp-content\/uploads\/2025\/03\/telescopic-hydraulic-cylinder-9.webp\" alt=\"teleskopski hidravli\u010dni cilinder\" width=\"901\" height=\"901\" title=\"\" srcset=\"https:\/\/fmp-components.com\/wp-content\/uploads\/2025\/03\/telescopic-hydraulic-cylinder-9.webp 901w, https:\/\/fmp-components.com\/wp-content\/uploads\/2025\/03\/telescopic-hydraulic-cylinder-9-480x480.webp 480w\" sizes=\"(min-width: 0px) and (max-width: 480px) 480px, (min-width: 481px) 901px, 100vw\" \/><\/p>\n<h2>Na\u010delo delovanja in uporaba<\/h2>\n<p>Hidravli\u010dni cilinder deluje na principu hidravli\u010dne mo\u010di, kjer se za ustvarjanje sile in gibanja uporablja tlak teko\u010dine. Ta hidravli\u010dni cilinder se zaradi svoje robustnosti in zanesljivosti pogosto uporablja v razli\u010dnih sektorjih, kot so delavnice za popravilo strojev, kmetije, energetika in rudarstvo ter tovarne strojev.<\/p>\n<h2>Hidravli\u010dni cilindri in pogonske enote<\/h2>\n<p>Hidravli\u010dni cilindri in pogonske enote so nepogre\u0161ljive komponente hidravli\u010dnih sistemov. Njihove sinergijske funkcije zagotavljajo \u0161iroko uporabo hidravli\u010dne tehnologije v industrijskem sektorju, saj zagotavljajo zanesljivo napajanje in podporo krmiljenju za razli\u010dno in\u017eenirsko in strojno opremo. FMP ponuja tudi pogonske enote za prodajo.<\/p>\n<h2>Pogosta vpra\u0161anja<\/h2>\n<dl>\n<dt><b>V: Kako dolgo je garancija za hidravli\u010dni cilinder?<\/b><\/dt>\n<dd>A: Garancija hidravli\u010dnega cilindra je eno leto.<\/dd>\n<dt><b>V: Kolik\u0161en je najve\u010dji potisk hidravli\u010dnega cilindra?<\/b><\/dt>\n<dd>A: Najve\u010dji potisk hidravli\u010dnega cilindra je 3000.<\/dd>\n<dt><b>V: Ali ima hidravli\u010dni cilinder certifikat ISO?<\/b><\/dt>\n<dd>A: Da, hidravli\u010dni cilinder ima certifikat ISO9001:2000.<\/dd>\n<\/dl>\n<h3>O FMP-ju<\/h3>\n<p class=\"break-words\">FMP je vodilni italijanski proizvajalec, specializiran za na\u010drtovanje, razvoj in proizvodnjo visokokakovostnih hidravli\u010dnih cilindrov. Z bogato dedi\u0161\u010dino, ki temelji na desetletjih strokovnega znanja, ponosno zdru\u017eujemo italijansko obrt z najsodobnej\u0161o tehnologijo, da bi zagotovili izjemne hidravli\u010dne re\u0161itve, prilagojene raznolikim potrebam na\u0161ih strank po vsem svetu. FMP s sede\u017eem v Italiji, sredi\u0161\u010du in\u017eenirske odli\u010dnosti, velja za zaupanja vredno ime v hidravli\u010dni industriji, zavezano zagotavljanju zanesljivih, trpe\u017enih in inovativnih izdelkov, ki opolnomo\u010dajo podjetja po vsem svetu.<\/p>\n<p class=\"break-words\">Na\u0161e podjetje zdru\u017euje najbolj\u0161e iz naprednih proizvodnih tradicij s prihodnostnim pristopom. Z dolgoletnimi izku\u0161njami na podro\u010dju hidravli\u010dnih sistemov se je FMP razvil v sodobno podjetje, ki blesti na podro\u010dju raziskav, na\u010drtovanja in proizvodnje. Specializirani smo za \u0161iroko paleto hidravli\u010dnih cilindrov, vklju\u010dno z dvostransko delujo\u010dimi cilindri, avtomobilskimi dvi\u017enimi cilindri, cilindri za kmetijsko mehanizacijo in re\u0161itvami po meri za razli\u010dne industrijske aplikacije. Ne glede na to, ali gre za gradbeni\u0161tvo, industrijske instalacije, kmetijstvo ali te\u017eko mehanizacijo, so na\u0161i hidravli\u010dni cilindri izdelani za delovanje v najte\u017ejih pogojih, kar zagotavlja varnost, u\u010dinkovitost in dolgo \u017eivljenjsko dobo.<\/p>\n<p><img loading=\"lazy\" decoding=\"async\" class=\"alignnone size-full wp-image-6720\" src=\"https:\/\/fmp-components.com\/wp-content\/uploads\/2025\/03\/hydraulic-cylinder-8.webp\" alt=\"Teleskopski hidravli\u010dni cilindri\" width=\"933\" height=\"526\" title=\"\" srcset=\"https:\/\/fmp-components.com\/wp-content\/uploads\/2025\/03\/hydraulic-cylinder-8.webp 933w, https:\/\/fmp-components.com\/wp-content\/uploads\/2025\/03\/hydraulic-cylinder-8-480x271.webp 480w\" sizes=\"(min-width: 0px) and (max-width: 480px) 480px, (min-width: 481px) 933px, 100vw\" \/><\/p>\n<p class=\"break-words\">V podjetju FMP smo ponosni na na\u0161e najsodobnej\u0161e proizvodne obrate, opremljene s preciznimi stroji in naprednimi sistemi za testiranje. Na\u0161i proizvodni procesi so v skladu s strogimi nacionalnimi in mednarodnimi standardi, kar zagotavlja, da je vsak hidravli\u010dni valj, ki zapusti na\u0161o tovarno, vrhunske kakovosti in zanesljivosti. Na\u0161a usposobljena tehni\u010dna ekipa nam skupaj z najsodobnej\u0161o opremo omogo\u010da strog nadzor kakovosti na vsaki stopnji proizvodnje \u2013 od izbire surovin do kon\u010dnega pregleda. Ta predanost odli\u010dnosti nam je prinesla certifikate in priznanja s strani industrijskih organov, kar je \u0161e utrdilo na\u0161 ugled zanesljivega partnerja.<\/p>\n<p class=\"break-words\">Na\u0161e poslanstvo je preprosto, a ambiciozno: strankam zagotoviti hidravli\u010dne cilindre, ki presegajo pri\u010dakovanja glede zmogljivosti, vzdr\u017eljivosti in vrednosti. Delujemo po vodilnih na\u010delih profesionalnosti, integritete in osredoto\u010denosti na stranke. Z gojenjem kulture inovacij in natan\u010dnosti nenehno izpopolnjujemo na\u0161e izdelke, da bi ostali v ospredju na konkuren\u010dnem trgu. Na\u0161a celovita ponudba izdelkov in sposobnost ponujanja prilagojenih re\u0161itev nas uvr\u0161\u010data med prva izbira podjetij, ki i\u0161\u010dejo visokozmogljive hidravli\u010dne cilindre.<\/p>\n<p class=\"break-words\">FMP ni le proizvajalec \u2013 smo partner pri va\u0161em uspehu. Razumemo, da se na\u0161e stranke zana\u0161ajo na nas pri dobavi orodij, ki izbolj\u0161ujejo njihovo produktivnost in varnost. Zato smo zavezani k ponujanju ne le vrhunskih izdelkov, temve\u010d tudi izjemne storitve. Od za\u010detnega posvetovanja do poprodajne podpore tesno sodelujemo z na\u0161imi strankami, da zagotovimo, da so njihove potrebe izpolnjene profesionalno in skrbno. Na\u0161e konkuren\u010dne cene, skupaj z na\u0161o neomajno zavezanostjo kakovosti, naredijo FMP pametno izbiro za podjetja, ki \u017eelijo vlagati v hidravli\u010dne re\u0161itve, ki jim lahko zaupajo.<\/p>","protected":false},"excerpt":{"rendered":"<p>Neposredna prodaja teleskopskega dvostranskega hidravli\u010dnega cilindra za prekucnike Predstavljamo teleskopski dvostranski hidravli\u010dni cilinder za prekucnike, izdelek neposredne prodaje iz tovarne. Ta hidravli\u010dni cilinder je bistvena komponenta za razli\u010dne panoge, kot so delavnice za popravilo strojev, kmetije, energetika in rudarstvo, proizvodnja strojev in tovarne strojev. Gre za ve\u010dstopenjski hidravli\u010dni cilinder z [\u2026]<\/p>","protected":false},"featured_media":6731,"comment_status":"closed","ping_status":"closed","template":"","meta":{"_et_pb_use_builder":"","_et_pb_old_content":"","_et_gb_content_width":""},"product_brand":[],"product_cat":[103],"product_tag":[34,105],"class_list":{"0":"post-6556","1":"product","2":"type-product","3":"status-publish","4":"has-post-thumbnail","6":"product_cat-telescopic-hydraulic-cylinders","7":"product_tag-hydraulic-cylinder","8":"product_tag-telescopic-hydraulic-cylinders","10":"first","11":"instock","12":"product-type-simple"},"_links":{"self":[{"href":"https:\/\/fmp-components.com\/sl\/wp-json\/wp\/v2\/product\/6556","targetHints":{"allow":["GET"]}}],"collection":[{"href":"https:\/\/fmp-components.com\/sl\/wp-json\/wp\/v2\/product"}],"about":[{"href":"https:\/\/fmp-components.com\/sl\/wp-json\/wp\/v2\/types\/product"}],"replies":[{"embeddable":true,"href":"https:\/\/fmp-components.com\/sl\/wp-json\/wp\/v2\/comments?post=6556"}],"wp:featuredmedia":[{"embeddable":true,"href":"https:\/\/fmp-components.com\/sl\/wp-json\/wp\/v2\/media\/6731"}],"wp:attachment":[{"href":"https:\/\/fmp-components.com\/sl\/wp-json\/wp\/v2\/media?parent=6556"}],"wp:term":[{"taxonomy":"product_brand","embeddable":true,"href":"https:\/\/fmp-components.com\/sl\/wp-json\/wp\/v2\/product_brand?post=6556"},{"taxonomy":"product_cat","embeddable":true,"href":"https:\/\/fmp-components.com\/sl\/wp-json\/wp\/v2\/product_cat?post=6556"},{"taxonomy":"product_tag","embeddable":true,"href":"https:\/\/fmp-components.com\/sl\/wp-json\/wp\/v2\/product_tag?post=6556"}],"curies":[{"name":"delovni list","href":"https:\/\/api.w.org\/{rel}","templated":true}]}}