{"id":6553,"date":"2025-03-11T06:29:39","date_gmt":"2025-03-11T06:29:39","guid":{"rendered":"https:\/\/fmp-components.com\/product\/factory-price-multi-stage-trailer-hydraulic-cylinder"},"modified":"2025-03-12T06:40:42","modified_gmt":"2025-03-12T06:40:42","slug":"factory-price-multi-stage-trailer-hydraulic-cylinder","status":"publish","type":"product","link":"https:\/\/fmp-components.com\/sl\/product\/factory-price-multi-stage-trailer-hydraulic-cylinder\/","title":{"rendered":"Tovarni\u0161ka cena Ve\u010dstopenjski hidravli\u010dni cilinder za prikolico"},"content":{"rendered":"<h2>Tovarni\u0161ka cena Ve\u010dstopenjski hidravli\u010dni cilinder za prikolico<\/h2>\n<p>Na\u0161 ve\u010dstopenjski hidravli\u010dni cilinder za prikolice po tovarni\u0161ki ceni je nepogre\u0161ljiv za va\u0161o mehanizacijo. Ta vsestranski hidravli\u010dni cilinder ponuja vrsto funkcij, zaradi katerih je bistveni del va\u0161e opreme.<\/p>\n<p><img loading=\"lazy\" decoding=\"async\" class=\"alignnone  wp-image-6664\" src=\"https:\/\/fmp-components.com\/wp-content\/uploads\/2025\/03\/telescopic-hydraulic-cylinder-8.webp\" alt=\"teleskopski hidravli\u010dni cilinder\" width=\"906\" height=\"906\" title=\"\" srcset=\"https:\/\/fmp-components.com\/wp-content\/uploads\/2025\/03\/telescopic-hydraulic-cylinder-8.webp 906w, https:\/\/fmp-components.com\/wp-content\/uploads\/2025\/03\/telescopic-hydraulic-cylinder-8-480x480.webp 480w\" sizes=\"(min-width: 0px) and (max-width: 480px) 480px, (min-width: 481px) 906px, 100vw\" \/><\/p>\n<h3>Zna\u010dilnosti in funkcionalnost izdelka<\/h3>\n<p>Na\u0161 ve\u010dstopenjski hidravli\u010dni cilinder je zasnovan za zanesljivo in u\u010dinkovito delovanje. Ta hidravli\u010dni cilinder je standardni model z batno strukturo in hidravli\u010dnim virom energije. Izdelan je iz trpe\u017enega jekla, kar zagotavlja dolgotrajno uporabo. Z najve\u010djim potiskom 3000 in najve\u010djim vle\u010dnim naporom 20 ton je sposoben z lahkoto opravljati te\u017eka dela.<\/p>\n<h3>Tehni\u010dne specifikacije<\/h3>\n<table style=\"width: 93.759%;\" border=\"\">\n<tbody>\n<tr>\n<td style=\"width: 43.5028%;\"><strong>Velikost izvrtine<\/strong><\/td>\n<td style=\"width: 451.977%;\">2\u20136 palcev<\/td>\n<\/tr>\n<tr>\n<td style=\"width: 43.5028%;\"><strong>Velikost palice<\/strong><\/td>\n<td style=\"width: 451.977%;\">1,125-4 palca<\/td>\n<\/tr>\n<tr>\n<td style=\"width: 43.5028%;\"><strong>Velikost poteze<\/strong><\/td>\n<td style=\"width: 451.977%;\">4\u2013100 palcev<\/td>\n<\/tr>\n<tr>\n<td style=\"width: 43.5028%;\"><strong>Velikost zati\u010da<\/strong><\/td>\n<td style=\"width: 451.977%;\">0,5\u20132 palca<\/td>\n<\/tr>\n<tr>\n<td style=\"width: 43.5028%;\"><strong>Pristani\u0161\u010da<\/strong><\/td>\n<td style=\"width: 451.977%;\">G\/SAE\/NPT\/M<\/td>\n<\/tr>\n<\/tbody>\n<\/table>\n<h2>Edinstvene prednosti<\/h2>\n<ul>\n<li>Energetsko u\u010dinkovito<\/li>\n<li>Visoko u\u010dinkovit<\/li>\n<li>Varno in zanesljivo<\/li>\n<\/ul>\n<h2>Hidravli\u010dni sistem in princip delovanja<\/h2>\n<p>Ve\u010dstopenjski hidravli\u010dni cilinder deluje na principu pretvorbe hidravli\u010dne energije v mehansko gibanje, pri \u010demer u\u010dinkovito pretvori tlak v silo. Ta proces se za\u010dne, ko pogonska enota stisne hidravli\u010dno teko\u010dino in jo usmeri v valj. Ko teko\u010dina vstopi, izvaja silo na bat v valju, zaradi \u010desar se ta premakne. Ve\u010dstopenjska zasnova omogo\u010da znatno pove\u010danje sile in dol\u017eine hoda, zaradi \u010desar je idealen za aplikacije, ki zahtevajo natan\u010dne in mo\u010dne gibe. Z uporabo ve\u010d stopenj lahko ti cilindri dose\u017eejo ve\u010dji razteg in umik, kar izbolj\u0161a njihovo funkcionalnost in vsestranskost pri razli\u010dnih nalogah.<\/p>\n<p><img loading=\"lazy\" decoding=\"async\" class=\"alignnone  wp-image-6665\" src=\"https:\/\/fmp-components.com\/wp-content\/uploads\/2025\/03\/telescopic-hydraulic-cylinder-9.webp\" alt=\"teleskopski hidravli\u010dni cilinder\" width=\"919\" height=\"919\" title=\"\" srcset=\"https:\/\/fmp-components.com\/wp-content\/uploads\/2025\/03\/telescopic-hydraulic-cylinder-9.webp 919w, https:\/\/fmp-components.com\/wp-content\/uploads\/2025\/03\/telescopic-hydraulic-cylinder-9-480x480.webp 480w\" sizes=\"(min-width: 0px) and (max-width: 480px) 480px, (min-width: 481px) 919px, 100vw\" \/><\/p>\n<h2>Scenariji uporabe<\/h2>\n<p>Na\u0161i hidravli\u010dni cilindri se pogosto uporabljajo v \u0161tevilnih panogah, vklju\u010dno z:<\/p>\n<ul>\n<li><strong>Servisi strojev:<\/strong> Tukaj so bistvenega pomena za dvigovanje in manevriranje te\u017ekih strojnih komponent med vzdr\u017eevanjem in popravili, kar zagotavlja, da lahko tehniki delajo u\u010dinkovito in varno.<\/li>\n<li><strong>Kmetije:<\/strong> V kmetijstvu se hidravli\u010dni cilindri uporabljajo za naloge, kot so dvigovanje in pozicioniranje opreme, premikanje te\u017ekih bremen, kot so bale ali zemlja, in pogon orodij, ki pove\u010dujejo produktivnost.<\/li>\n<li><strong>Energetska in rudarska industrija:<\/strong> Ti sektorji se zana\u0161ajo na hidravli\u010dne cilindre zaradi njihove robustne zmogljivosti pri dvigovanju, kopanju in prevozu te\u017ekih materialov, pogosto v zahtevnih okoljih, kjer je zanesljivost klju\u010dnega pomena.<\/li>\n<li><strong>Tovarne strojev:<\/strong> V proizvodnji imajo hidravli\u010dni cilindri klju\u010dno vlogo pri sestavljanju in delovanju strojev, saj zagotavljajo potrebno silo za naloge, kot so stiskanje, upogibanje in oblikovanje razli\u010dnih materialov.<\/li>\n<\/ul>\n<h2>Hidravli\u010dni cilindri in pogonske enote<\/h2>\n<p>Hidravli\u010dni cilindri in pogonske enote so sestavni deli hidravli\u010dnega sistema, ki skupaj omogo\u010dajo u\u010dinkovito uporabo hidravli\u010dne tehnologije v razli\u010dnih panogah. Hidravli\u010dni valj slu\u017ei kot aktuator, ki pretvarja hidravli\u010dno energijo v mehansko gibanje, medtem ko pogonska enota ustvarja in regulira hidravli\u010dni tlak, potreben za delovanje sistema.<\/p>\n<p>Njihovo skupno delovanje zagotavlja, da lahko hidravli\u010dni sistemi zagotavljajo zanesljivo mo\u010d in natan\u010den nadzor za razli\u010dno in\u017eenirsko in mehansko opremo. Ta sinergija omogo\u010da industrijam enostavno opravljanje kompleksnih nalog, kar pove\u010duje operativno u\u010dinkovitost in produktivnost. Ne glede na to, ali gre za gradbeni\u0161tvo, kmetijstvo ali proizvodnjo, je sodelovanje med hidravli\u010dnimi cilindri in pogonskimi enotami bistvenega pomena za doseganje optimalne zmogljivosti in izpolnjevanje zahtev sodobnih industrijskih aplikacij.<\/p>\n<h2>Pogosta vpra\u0161anja<\/h2>\n<p><strong>V: Ali ste trgovsko podjetje ali proizvajalec?<\/strong><br \/>\nO: Smo proizvajalec.<\/p>\n<p><strong>V: Kak\u0161en je va\u0161 dobavni rok?<\/strong><br \/>\nA: Na\u0161 dobavni rok je obi\u010dajno 25-35 dni.<\/p>\n<p><strong>V: Ali ponujate vzorce?<\/strong><br \/>\nO: Da, nudimo vzorce, vendar niso brezpla\u010dni.<\/p>\n<h3>O FMP-ju<\/h3>\n<p>FMP je vodilni italijanski proizvajalec, specializiran za na\u010drtovanje, razvoj in proizvodnjo visokokakovostnih hidravli\u010dnih cilindrov. Z desetletji strokovnega znanja zdru\u017eujemo tradicionalno italijansko obrt z najsodobnej\u0161o tehnologijo, da bi zagotovili izjemne hidravli\u010dne re\u0161itve, ki zadovoljujejo raznolike potrebe na\u0161ih strank po vsem svetu. FMP s sede\u017eem v Italiji, sredi\u0161\u010du in\u017eenirske odli\u010dnosti, se je uveljavil kot zaupanja vredno ime v hidravli\u010dni industriji, predan zagotavljanju zanesljivih, trpe\u017enih in inovativnih izdelkov, ki opolnomo\u010dajo podjetja po vsem svetu.<\/p>\n<p>Na\u0161e podjetje usklajuje napredne proizvodne tradicije s prihodnostnim pristopom. Z dolgoletnimi izku\u0161njami na podro\u010dju hidravli\u010dnih sistemov se je FMP preoblikoval v sodobno podjetje, ki blesti na podro\u010dju raziskav, na\u010drtovanja in proizvodnje. Ponujamo \u0161iroko paleto hidravli\u010dnih cilindrov, vklju\u010dno z dvostransko delujo\u010dimi cilindri, avtomobilskimi dvi\u017enimi cilindri, cilindri za kmetijsko mehanizacijo in re\u0161itvami po meri za razli\u010dne industrijske aplikacije. Ne glede na to, ali gre za gradbeni\u0161tvo, industrijske instalacije, kmetijstvo ali te\u017eko mehanizacijo, so na\u0161i hidravli\u010dni cilindri zasnovani za delovanje v najzahtevnej\u0161ih pogojih, kar zagotavlja varnost, u\u010dinkovitost in dolgo \u017eivljenjsko dobo.<\/p>\n<p><img loading=\"lazy\" decoding=\"async\" class=\"alignnone size-full wp-image-6720\" src=\"https:\/\/fmp-components.com\/wp-content\/uploads\/2025\/03\/hydraulic-cylinder-8.webp\" alt=\"Teleskopski hidravli\u010dni cilindri\" width=\"933\" height=\"526\" title=\"\" srcset=\"https:\/\/fmp-components.com\/wp-content\/uploads\/2025\/03\/hydraulic-cylinder-8.webp 933w, https:\/\/fmp-components.com\/wp-content\/uploads\/2025\/03\/hydraulic-cylinder-8-480x271.webp 480w\" sizes=\"(min-width: 0px) and (max-width: 480px) 480px, (min-width: 481px) 933px, 100vw\" \/><\/p>\n<p>V podjetju FMP smo ponosni na na\u0161e najsodobnej\u0161e proizvodne obrate, opremljene s preciznimi stroji in naprednimi sistemi za testiranje. Na\u0161i proizvodni procesi so skladni s strogimi nacionalnimi in mednarodnimi standardi, kar zagotavlja, da vsak izdelan hidravli\u010dni valj izpolnjuje najvi\u0161je standarde kakovosti in zanesljivosti. Na\u0161a usposobljena tehni\u010dna ekipa nam v kombinaciji z najsodobnej\u0161o opremo omogo\u010da strog nadzor kakovosti na vsaki stopnji proizvodnje \u2013 od izbire surovin do kon\u010dnega pregleda. Ta zavezanost odli\u010dnosti nam je prinesla certifikate in priznanja s strani industrijskih organov, kar je utrdilo na\u0161 ugled zanesljivega partnerja.<\/p>\n<p>Na\u0161e poslanstvo je preprosto in ambiciozno hkrati: strankam zagotoviti hidravli\u010dne cilindre, ki presegajo pri\u010dakovanja glede zmogljivosti, vzdr\u017eljivosti in vrednosti. Delujemo po na\u010delih profesionalnosti, integritete in osredoto\u010denosti na stranke. Z gojenjem kulture inovacij in natan\u010dnosti nenehno izpopolnjujemo na\u0161e izdelke, da bi ostali v ospredju na konkuren\u010dnem trgu. Na\u0161a \u0161iroka paleta izdelkov in sposobnost ponujanja prilagojenih re\u0161itev nas uvr\u0161\u010data med najbolj priljubljene ponudnike za podjetja, ki i\u0161\u010dejo visokozmogljive hidravli\u010dne cilindre.<\/p>\n<p>FMP ni le proizvajalec; smo partner pri va\u0161em uspehu. Razumemo, da so na\u0161e stranke odvisne od nas pri dobavi orodij, ki izbolj\u0161ujejo njihovo produktivnost in varnost. Zato smo predani zagotavljanju ne le vrhunskih izdelkov, temve\u010d tudi izjemnih storitev. Od za\u010detnega posvetovanja do poprodajne podpore tesno sodelujemo z na\u0161imi strankami, da zagotovimo, da so njihove potrebe izpolnjene profesionalno in skrbno. Na\u0161e konkuren\u010dne cene v kombinaciji z neomajno zavezanostjo kakovosti naredijo FMP pametno izbiro za podjetja, ki \u017eelijo vlagati v zanesljive hidravli\u010dne re\u0161itve.<\/p>","protected":false},"excerpt":{"rendered":"<p>Factory Price Multi Stage Trailer Hydraulic Cylinder Our Factory Price Multi Stage Trailer hydraulic cylinder is a must-have for your machinery. This versatile hydraulic cylinder offers a range of features that make it an essential part of your equipment. Product Features and Functionality Our multi stage hydraulic cylinder is designed to provide reliable and efficient [&hellip;]<\/p>","protected":false},"featured_media":6749,"comment_status":"closed","ping_status":"closed","template":"","meta":{"_et_pb_use_builder":"","_et_pb_old_content":"","_et_gb_content_width":""},"product_brand":[],"product_cat":[103],"product_tag":[34,105],"class_list":{"0":"post-6553","1":"product","2":"type-product","3":"status-publish","4":"has-post-thumbnail","6":"product_cat-telescopic-hydraulic-cylinders","7":"product_tag-hydraulic-cylinder","8":"product_tag-telescopic-hydraulic-cylinders","10":"first","11":"instock","12":"product-type-simple"},"_links":{"self":[{"href":"https:\/\/fmp-components.com\/sl\/wp-json\/wp\/v2\/product\/6553","targetHints":{"allow":["GET"]}}],"collection":[{"href":"https:\/\/fmp-components.com\/sl\/wp-json\/wp\/v2\/product"}],"about":[{"href":"https:\/\/fmp-components.com\/sl\/wp-json\/wp\/v2\/types\/product"}],"replies":[{"embeddable":true,"href":"https:\/\/fmp-components.com\/sl\/wp-json\/wp\/v2\/comments?post=6553"}],"wp:featuredmedia":[{"embeddable":true,"href":"https:\/\/fmp-components.com\/sl\/wp-json\/wp\/v2\/media\/6749"}],"wp:attachment":[{"href":"https:\/\/fmp-components.com\/sl\/wp-json\/wp\/v2\/media?parent=6553"}],"wp:term":[{"taxonomy":"product_brand","embeddable":true,"href":"https:\/\/fmp-components.com\/sl\/wp-json\/wp\/v2\/product_brand?post=6553"},{"taxonomy":"product_cat","embeddable":true,"href":"https:\/\/fmp-components.com\/sl\/wp-json\/wp\/v2\/product_cat?post=6553"},{"taxonomy":"product_tag","embeddable":true,"href":"https:\/\/fmp-components.com\/sl\/wp-json\/wp\/v2\/product_tag?post=6553"}],"curies":[{"name":"delovni list","href":"https:\/\/api.w.org\/{rel}","templated":true}]}}