{"id":6550,"date":"2025-03-11T06:29:39","date_gmt":"2025-03-11T06:29:39","guid":{"rendered":"https:\/\/fmp-components.com\/product\/quality-manufacturing-4-stage-dump-trailer-hydraulic-cylinder"},"modified":"2025-03-18T01:58:46","modified_gmt":"2025-03-18T01:58:46","slug":"quality-manufacturing-4-stage-dump-trailer-hydraulic-cylinder","status":"publish","type":"product","link":"https:\/\/fmp-components.com\/sl\/product\/quality-manufacturing-4-stage-dump-trailer-hydraulic-cylinder\/","title":{"rendered":"Kakovostna izdelava 4-stopenjskega hidravli\u010dnega cilindra za prikolice"},"content":{"rendered":"<h2>Kakovostna izdelava 4-stopenjskega hidravli\u010dnega cilindra za prikolice<\/h2>\n<p>Hidravli\u010dni cilinder Quality Manufacturing s 4 stopnjami za prekucne prikolice je visokozmogljiv, ve\u010dstopenjski hidravli\u010dni cilinder, zasnovan za te\u017eka dela. Idealen je za uporabo v delavnicah za popravilo strojev, na kmetijah, v energetski in rudarski industriji, proizvodnji strojev ter tovarnah.<\/p>\n<h3>Funkcija in pomen<\/h3>\n<p>Ta hidravli\u010dni valj igra klju\u010dno vlogo pri pretvorbi mo\u010di teko\u010dine v linearno mehansko silo in gibanje. Zagotavlja potrebno mo\u010d za dvigovanje, potiskanje ali vle\u010denje te\u017ekih bremen, zaradi \u010desar je bistveni sestavni del razli\u010dnih strojev in opreme.<\/p>\n<h3>Specifikacije izdelka<\/h3>\n<table style=\"width: 97.1561%;\" border=\"\">\n<tbody>\n<tr>\n<th style=\"width: 43.5028%;\">Velikost izvrtine<\/th>\n<td style=\"width: 470.056%;\">2\u20136 palcev<\/td>\n<\/tr>\n<tr>\n<th style=\"width: 43.5028%;\">Velikost palice<\/th>\n<td style=\"width: 470.056%;\">1,125-4 palca<\/td>\n<\/tr>\n<tr>\n<th style=\"width: 43.5028%;\">Velikost poteze<\/th>\n<td style=\"width: 470.056%;\">4\u2013100 palcev<\/td>\n<\/tr>\n<tr>\n<th style=\"width: 43.5028%;\">Velikost zati\u010da<\/th>\n<td style=\"width: 470.056%;\">0,5\u20132 palca<\/td>\n<\/tr>\n<tr>\n<th style=\"width: 43.5028%;\">Pristani\u0161\u010da<\/th>\n<td style=\"width: 470.056%;\">G\/SAE\/NPT\/M<\/td>\n<\/tr>\n<\/tbody>\n<\/table>\n<h3>Klju\u010dne lastnosti in prednosti<\/h3>\n<ul>\n<li>Energetsko u\u010dinkovit: Zasnovan za delovanje z minimalno porabo energije.<\/li>\n<li>Visoka u\u010dinkovitost: Zagotavlja maksimalno potisno in vle\u010dno zmogljivost za vrhunsko delovanje.<\/li>\n<li>Varno: Izdelano v skladu s certifikatom ISO9001:2000 za zagotavljanje varnosti in zanesljivosti.<\/li>\n<\/ul>\n<h2>Razumevanje hidravli\u010dnega sistema in na\u010dela delovanja<\/h2>\n<p>Hidravli\u010dni cilinder deluje na podlagi Pascalovega zakona. Uporablja hidravli\u010dno teko\u010dino pod tlakom za ustvarjanje linearnega gibanja in sile. To silo je mogo\u010de uporabiti za pogon mehanskih naprav in opravljanje dela.<\/p>\n<p><img loading=\"lazy\" decoding=\"async\" class=\"alignnone wp-image-6663\" src=\"https:\/\/fmp-components.com\/wp-content\/uploads\/2025\/03\/telescopic-hydraulic-cylinder-11.webp\" alt=\"teleskopski hidravli\u010dni cilinder\" width=\"932\" height=\"932\" title=\"\" srcset=\"https:\/\/fmp-components.com\/wp-content\/uploads\/2025\/03\/telescopic-hydraulic-cylinder-11.webp 932w, https:\/\/fmp-components.com\/wp-content\/uploads\/2025\/03\/telescopic-hydraulic-cylinder-11-480x480.webp 480w\" sizes=\"(min-width: 0px) and (max-width: 480px) 480px, (min-width: 481px) 932px, 100vw\" \/><\/p>\n<h2>Scenariji uporabe<\/h2>\n<p>Na\u0161 hidravli\u010dni cilinder se uporablja v prekucnikih, gradbenih strojih, kmetijskih strojih in razli\u010dni drugi te\u017eki opremi.<\/p>\n<h2>Hidravli\u010dni cilindri in pogonske enote<\/h2>\n<p>Hidravli\u010dni valj in pogonska enota sta nepogre\u0161ljiva dela hidravli\u010dnega sistema. Njuno skupno delovanje zagotavlja \u0161iroko uporabo hidravli\u010dne tehnologije v industriji, saj zagotavlja zanesljivo napajanje in krmilno podporo za razli\u010dno in\u017eenirsko in mehansko opremo. Hidravli\u010dni valj kot aktuator je odgovoren za pretvorbo hidravli\u010dne energije v mehansko gibanje, tlak pa v silo. Pogonska enota je jedro, ki zagotavlja energijo in krmilne signale, ki jih potrebuje hidravli\u010dni sistem. Usklajevanje obeh omogo\u010da normalno delovanje hidravli\u010dnega sistema.<\/p>\n<h2>Pogosta vpra\u0161anja<\/h2>\n<h3>V: Ali ste trgovsko podjetje ali proizvajalec?<\/h3>\n<p>A: Smo tovarna.<\/p>\n<h3>V: Koliko \u010dasa traja va\u0161a dobavni rok?<\/h3>\n<p>A: Na splo\u0161no je to 25-35 dni.<\/p>\n<h3>V: Ali ponujate vzorce? Je to brezpla\u010dno ali dodatno?<\/h3>\n<p>O: Da, lahko ponudimo vzorec, vendar ni brezpla\u010den.<\/p>\n<h3>O FMP-ju<\/h3>\n<p>FMP je vodilni italijanski proizvajalec, znan po na\u010drtovanju, razvoju in proizvodnji visokokakovostnih hidravli\u010dnih cilindrov. Z desetletji strokovnega znanja zdru\u017eujemo tradicionalno italijansko obrt z napredno tehnologijo, da bi zagotovili izjemne hidravli\u010dne re\u0161itve, prilagojene raznolikim potrebam na\u0161ih strank po vsem svetu. FMP se nahaja v Italiji, sredi\u0161\u010du in\u017eenirske odli\u010dnosti, in se je uveljavil kot zaupanja vredno ime v hidravli\u010dni industriji, predan zagotavljanju zanesljivih, trpe\u017enih in inovativnih izdelkov, ki opolnomo\u010dajo podjetja po vsem svetu.<\/p>\n<p>Zdru\u017eujemo najbolj\u0161e iz naprednih proizvodnih tradicij s prihodnostnim pristopom. Z bogatimi izku\u0161njami na podro\u010dju hidravli\u010dnih sistemov se je FMP preoblikoval v sodobno podjetje, ki blesti na podro\u010dju raziskav, na\u010drtovanja in proizvodnje. Na\u0161a specializacija vklju\u010duje \u0161iroko paleto hidravli\u010dnih cilindrov, kot so dvosmerno delujo\u010di cilindri, avtomobilski dvi\u017eni cilindri, cilindri za kmetijsko mehanizacijo in re\u0161itve po meri za razli\u010dne industrijske aplikacije. Na\u0161i hidravli\u010dni cilindri so zasnovani za delovanje v najzahtevnej\u0161ih pogojih in zagotavljajo varnost, u\u010dinkovitost in dolgo \u017eivljenjsko dobo v vseh sektorjih, kot so gradbeni\u0161tvo, industrijske in\u0161talacije, kmetijstvo in te\u017eka mehanizacija.<\/p>\n<p>V podjetju FMP smo ponosni na na\u0161e najsodobnej\u0161e proizvodne obrate, opremljene s preciznimi stroji in naprednimi sistemi za testiranje. Na\u0161i proizvodni procesi so v skladu s strogimi nacionalnimi in mednarodnimi standardi, kar zagotavlja, da vsak hidravli\u010dni valj, ki zapusti na\u0161o tovarno, izpolnjuje najvi\u0161je standarde kakovosti in zanesljivosti. Na\u0161a usposobljena tehni\u010dna ekipa nam v kombinaciji z najsodobnej\u0161o opremo omogo\u010da strog nadzor kakovosti v vsaki fazi proizvodnje \u2013 od izbire surovin do kon\u010dnega pregleda. Ta zavezanost odli\u010dnosti nam je prinesla certifikate in priznanja industrijskih organov, kar utrjuje na\u0161 ugled zanesljivega partnerja.<\/p>\n<p><img loading=\"lazy\" decoding=\"async\" class=\"alignnone size-full wp-image-6720\" src=\"https:\/\/fmp-components.com\/wp-content\/uploads\/2025\/03\/hydraulic-cylinder-8.webp\" alt=\"Teleskopski hidravli\u010dni cilindri\" width=\"933\" height=\"526\" title=\"\" srcset=\"https:\/\/fmp-components.com\/wp-content\/uploads\/2025\/03\/hydraulic-cylinder-8.webp 933w, https:\/\/fmp-components.com\/wp-content\/uploads\/2025\/03\/hydraulic-cylinder-8-480x271.webp 480w\" sizes=\"(min-width: 0px) and (max-width: 480px) 480px, (min-width: 481px) 933px, 100vw\" \/><\/p>\n<p>Na\u0161e poslanstvo je preprosto in ambiciozno hkrati: zagotoviti hidravli\u010dne cilindre, ki presegajo pri\u010dakovanja glede zmogljivosti, vzdr\u017eljivosti in vrednosti. Vodimo se z na\u010deli profesionalnosti, integritete in osredoto\u010denosti na stranke, spodbujamo kulturo inovacij in natan\u010dnosti ter nenehno izpopolnjujemo na\u0161e izdelke, da bi ostali v ospredju na konkuren\u010dnem trgu. Z obse\u017eno paleto izdelkov in sposobnostjo ponujanja re\u0161itev po meri smo prednostna izbira za podjetja, ki i\u0161\u010dejo visokozmogljive hidravli\u010dne cilindre.<\/p>\n<p>FMP ni le proizvajalec; smo partner pri va\u0161em uspehu. Zavedamo se, da so na\u0161e stranke odvisne od nas pri dobavi orodij, ki izbolj\u0161ujejo njihovo produktivnost in varnost. Zato smo zavezani k zagotavljanju ne le vrhunskih izdelkov, temve\u010d tudi izjemnih storitev. Od za\u010detnega posvetovanja do poprodajne podpore tesno sodelujemo z na\u0161imi strankami, da zagotovimo, da so njihove potrebe izpolnjene profesionalno in skrbno. Na\u0161e konkuren\u010dne cene v kombinaciji z na\u0161o neomajno zavezanostjo kakovosti naredijo FMP pametno izbiro za podjetja, ki \u017eelijo vlagati v zanesljive hidravli\u010dne re\u0161itve.<\/p>","protected":false},"excerpt":{"rendered":"<p>Quality Manufacturing 4 Stage Dump Trailer Hydraulic Cylinder The Quality Manufacturing 4 Stage Dump Trailer Hydraulic Cylinder is a high-performance, multi-stage hydraulic cylinder designed for heavy-duty applications. It is ideal for use in machinery repair shops, farms, energy and mining industries, machinery manufacturing, and factories. Function and Importance This hydraulic cylinder plays a crucial role [&hellip;]<\/p>","protected":false},"featured_media":6744,"comment_status":"closed","ping_status":"closed","template":"","meta":{"_et_pb_use_builder":"","_et_pb_old_content":"","_et_gb_content_width":""},"product_brand":[],"product_cat":[103],"product_tag":[34,105],"class_list":{"0":"post-6550","1":"product","2":"type-product","3":"status-publish","4":"has-post-thumbnail","6":"product_cat-telescopic-hydraulic-cylinders","7":"product_tag-hydraulic-cylinder","8":"product_tag-telescopic-hydraulic-cylinders","10":"first","11":"instock","12":"product-type-simple"},"_links":{"self":[{"href":"https:\/\/fmp-components.com\/sl\/wp-json\/wp\/v2\/product\/6550","targetHints":{"allow":["GET"]}}],"collection":[{"href":"https:\/\/fmp-components.com\/sl\/wp-json\/wp\/v2\/product"}],"about":[{"href":"https:\/\/fmp-components.com\/sl\/wp-json\/wp\/v2\/types\/product"}],"replies":[{"embeddable":true,"href":"https:\/\/fmp-components.com\/sl\/wp-json\/wp\/v2\/comments?post=6550"}],"wp:featuredmedia":[{"embeddable":true,"href":"https:\/\/fmp-components.com\/sl\/wp-json\/wp\/v2\/media\/6744"}],"wp:attachment":[{"href":"https:\/\/fmp-components.com\/sl\/wp-json\/wp\/v2\/media?parent=6550"}],"wp:term":[{"taxonomy":"product_brand","embeddable":true,"href":"https:\/\/fmp-components.com\/sl\/wp-json\/wp\/v2\/product_brand?post=6550"},{"taxonomy":"product_cat","embeddable":true,"href":"https:\/\/fmp-components.com\/sl\/wp-json\/wp\/v2\/product_cat?post=6550"},{"taxonomy":"product_tag","embeddable":true,"href":"https:\/\/fmp-components.com\/sl\/wp-json\/wp\/v2\/product_tag?post=6550"}],"curies":[{"name":"delovni list","href":"https:\/\/api.w.org\/{rel}","templated":true}]}}