{"id":6549,"date":"2025-03-11T06:29:39","date_gmt":"2025-03-11T06:29:39","guid":{"rendered":"https:\/\/fmp-components.com\/product\/factory-direct-sale-4-stage-flatbed-tow-truck-hydraulic-cylinder"},"modified":"2025-03-18T01:05:40","modified_gmt":"2025-03-18T01:05:40","slug":"factory-direct-sale-4-stage-flatbed-tow-truck-hydraulic-cylinder","status":"publish","type":"product","link":"https:\/\/fmp-components.com\/sl\/product\/factory-direct-sale-4-stage-flatbed-tow-truck-hydraulic-cylinder\/","title":{"rendered":"Hidravli\u010dni cilinder za vle\u010dna vozila s plo\u0161\u010dadjo, 4-stopenjska prodaja iz tovarne"},"content":{"rendered":"<h2>Hidravli\u010dni cilinder za vle\u010dna vozila s plo\u0161\u010dadjo, 4-stopenjska prodaja iz tovarne<\/h2>\n<p>Predstavljamo vam 4-stopenjski hidravli\u010dni cilinder za vle\u010dna vozila s plo\u0161\u010dadjo, na\u0161 najnovej\u0161i izdelek za leto 2025. Ta ve\u010dstopenjski hidravli\u010dni cilinder je bistvena komponenta za delavnice za popravilo strojev, kmetije, energetiko in rudarstvo, proizvodnjo strojev in tovarne strojev. Izdelan je iz trpe\u017enega jekla, kar zagotavlja, da lahko prenese intenzivno uporabo in te\u017eke pogoje.<\/p>\n<h3>Klju\u010dne lastnosti in prednosti<\/h3>\n<ul>\n<li>Standardna struktura bata za optimalno delovanje<\/li>\n<li>Hidravli\u010dna mo\u010d za u\u010dinkovito delovanje<\/li>\n<li>Najve\u010dja potisna zmogljivost 3000 in najve\u010dja vle\u010dna sila 20 ton<\/li>\n<li>Certifikat ISO9001:2000 za zagotavljanje kakovosti<\/li>\n<li>\u010crna barva za profesionalen videz<\/li>\n<\/ul>\n<h3>Tehni\u010dne specifikacije<\/h3>\n<table style=\"width: 99.9673%;\" border=\"\">\n<tbody>\n<tr>\n<td style=\"width: 42.9379%;\"><i>Velikost izvrtine<\/i><\/td>\n<td style=\"width: 474.011%;\">2\u20136 palcev<\/td>\n<\/tr>\n<tr>\n<td style=\"width: 42.9379%;\"><i>Velikost palice<\/i><\/td>\n<td style=\"width: 474.011%;\">1,125-4 palca<\/td>\n<\/tr>\n<tr>\n<td style=\"width: 42.9379%;\"><i>Velikost poteze<\/i><\/td>\n<td style=\"width: 474.011%;\">4\u2013100 palcev<\/td>\n<\/tr>\n<tr>\n<td style=\"width: 42.9379%;\"><i>Velikost zati\u010da<\/i><\/td>\n<td style=\"width: 474.011%;\">0,5\u20132 palca<\/td>\n<\/tr>\n<tr>\n<td style=\"width: 42.9379%;\"><i>Pristani\u0161\u010da<\/i><\/td>\n<td style=\"width: 474.011%;\">G\/SAE\/NPT\/M<\/td>\n<\/tr>\n<\/tbody>\n<\/table>\n<h2>Napredni hidravli\u010dni sistemi<\/h2>\n<p>Na\u0161 4-stopenjski hidravli\u010dni cilinder za vle\u010dna vozila s plo\u0161\u010dadjo deluje na naprednih hidravli\u010dnih sistemih, znanih po svoji mo\u010di, natan\u010dnosti in u\u010dinkovitosti. Hidravlika uporablja mo\u010d nestisljive teko\u010dine za ustvarjanje sile in gibanja, kar zagotavlja vrhunski nadzor in varnost pri razli\u010dnih aplikacijah.<\/p>\n<p><img loading=\"lazy\" decoding=\"async\" class=\"alignnone wp-image-6665\" src=\"https:\/\/fmp-components.com\/wp-content\/uploads\/2025\/03\/telescopic-hydraulic-cylinder-9.webp\" alt=\"teleskopski hidravli\u010dni cilinder\" width=\"981\" height=\"981\" title=\"\" srcset=\"https:\/\/fmp-components.com\/wp-content\/uploads\/2025\/03\/telescopic-hydraulic-cylinder-9.webp 981w, https:\/\/fmp-components.com\/wp-content\/uploads\/2025\/03\/telescopic-hydraulic-cylinder-9-480x480.webp 480w\" sizes=\"(min-width: 0px) and (max-width: 480px) 480px, (min-width: 481px) 981px, 100vw\" \/><\/p>\n<h2>Uporaba hidravli\u010dnega cilindra<\/h2>\n<p>Ta hidravli\u010dni cilinder je vsestranski in se lahko uporablja v razli\u010dnih panogah, kot so gradbeni\u0161tvo, proizvodnja in kmetijstvo, za naloge, ki zahtevajo mo\u010dno in natan\u010dno gibanje.<\/p>\n<h2>Hidravli\u010dni cilindri in pogonske enote<\/h2>\n<p>Na\u0161i hidravli\u010dni cilindri in pogonske enote so sestavni deli hidravli\u010dnih sistemov. Skupaj zagotavljajo \u0161iroko uporabo hidravli\u010dne tehnologije v industriji in zagotavljajo zanesljivo napajanje in krmilno podporo za razli\u010dno in\u017eenirsko in mehansko opremo.<\/p>\n<h2>Pogosto zastavljena vpra\u0161anja<\/h2>\n<dl>\n<dt>V: Koliko \u010dasa traja dobavni rok?<\/dt>\n<dd>A: Dobavni rok je obi\u010dajno 25-35 dni.<\/dd>\n<dt>V: Ali ponujate vzorce?<\/dt>\n<dd>O: Da, nudimo vzorce, vendar niso brezpla\u010dni.<\/dd>\n<dt>V: Ali lahko izdelujete po vzorcih?<\/dt>\n<dd>O: Da, lahko izdelamo po va\u0161ih vzorcih ali tehni\u010dnih risbah.<\/dd>\n<\/dl>\n<h3>O FMP-ju<\/h3>\n<p>FMP je vodilni italijanski proizvajalec, znan po na\u010drtovanju, razvoju in proizvodnji visokokakovostnih hidravli\u010dnih cilindrov. Z desetletji strokovnega znanja zdru\u017eujemo tradicionalno italijansko obrt z napredno tehnologijo, da bi zagotovili izjemne hidravli\u010dne re\u0161itve, prilagojene raznolikim potrebam na\u0161ih strank po vsem svetu. FMP se nahaja v Italiji, sredi\u0161\u010du in\u017eenirske odli\u010dnosti, in se je uveljavil kot zaupanja vredno ime v hidravli\u010dni industriji, predan zagotavljanju zanesljivih, trpe\u017enih in inovativnih izdelkov, ki opolnomo\u010dajo podjetja po vsem svetu.<\/p>\n<p>Zdru\u017eujemo najbolj\u0161e iz naprednih proizvodnih tradicij s prihodnostnim pristopom. Z bogatimi izku\u0161njami na podro\u010dju hidravli\u010dnih sistemov se je FMP preoblikoval v sodobno podjetje, ki blesti na podro\u010dju raziskav, na\u010drtovanja in proizvodnje. Na\u0161a specializacija vklju\u010duje \u0161iroko paleto hidravli\u010dnih cilindrov, kot so dvosmerno delujo\u010di cilindri, avtomobilski dvi\u017eni cilindri, cilindri za kmetijsko mehanizacijo in re\u0161itve po meri za razli\u010dne industrijske aplikacije. Na\u0161i hidravli\u010dni cilindri so zasnovani za delovanje v najzahtevnej\u0161ih pogojih in zagotavljajo varnost, u\u010dinkovitost in dolgo \u017eivljenjsko dobo v vseh sektorjih, kot so gradbeni\u0161tvo, industrijske in\u0161talacije, kmetijstvo in te\u017eka mehanizacija.<\/p>\n<p>V podjetju FMP smo ponosni na na\u0161e najsodobnej\u0161e proizvodne obrate, opremljene s preciznimi stroji in naprednimi sistemi za testiranje. Na\u0161i proizvodni procesi so v skladu s strogimi nacionalnimi in mednarodnimi standardi, kar zagotavlja, da vsak hidravli\u010dni valj, ki zapusti na\u0161o tovarno, izpolnjuje najvi\u0161je standarde kakovosti in zanesljivosti. Na\u0161a usposobljena tehni\u010dna ekipa nam v kombinaciji z najsodobnej\u0161o opremo omogo\u010da strog nadzor kakovosti v vsaki fazi proizvodnje \u2013 od izbire surovin do kon\u010dnega pregleda. Ta zavezanost odli\u010dnosti nam je prinesla certifikate in priznanja industrijskih organov, kar utrjuje na\u0161 ugled zanesljivega partnerja.<\/p>\n<p><img loading=\"lazy\" decoding=\"async\" class=\"alignnone size-full wp-image-6720\" src=\"https:\/\/fmp-components.com\/wp-content\/uploads\/2025\/03\/hydraulic-cylinder-8.webp\" alt=\"Teleskopski hidravli\u010dni cilindri\" width=\"933\" height=\"526\" title=\"\" srcset=\"https:\/\/fmp-components.com\/wp-content\/uploads\/2025\/03\/hydraulic-cylinder-8.webp 933w, https:\/\/fmp-components.com\/wp-content\/uploads\/2025\/03\/hydraulic-cylinder-8-480x271.webp 480w\" sizes=\"(min-width: 0px) and (max-width: 480px) 480px, (min-width: 481px) 933px, 100vw\" \/><\/p>\n<p>Na\u0161e poslanstvo je preprosto in ambiciozno hkrati: zagotoviti hidravli\u010dne cilindre, ki presegajo pri\u010dakovanja glede zmogljivosti, vzdr\u017eljivosti in vrednosti. Vodimo se z na\u010deli profesionalnosti, integritete in osredoto\u010denosti na stranke, spodbujamo kulturo inovacij in natan\u010dnosti ter nenehno izpopolnjujemo na\u0161e izdelke, da bi ostali v ospredju na konkuren\u010dnem trgu. Z obse\u017eno paleto izdelkov in sposobnostjo ponujanja re\u0161itev po meri smo prednostna izbira za podjetja, ki i\u0161\u010dejo visokozmogljive hidravli\u010dne cilindre.<\/p>\n<p>FMP ni le proizvajalec; smo partner pri va\u0161em uspehu. Zavedamo se, da so na\u0161e stranke odvisne od nas pri dobavi orodij, ki izbolj\u0161ujejo njihovo produktivnost in varnost. Zato smo zavezani k zagotavljanju ne le vrhunskih izdelkov, temve\u010d tudi izjemnih storitev. Od za\u010detnega posvetovanja do poprodajne podpore tesno sodelujemo z na\u0161imi strankami, da zagotovimo, da so njihove potrebe izpolnjene profesionalno in skrbno. Na\u0161e konkuren\u010dne cene v kombinaciji z na\u0161o neomajno zavezanostjo kakovosti naredijo FMP pametno izbiro za podjetja, ki \u017eelijo vlagati v zanesljive hidravli\u010dne re\u0161itve.<\/p>","protected":false},"excerpt":{"rendered":"<p>Factory Direct Sale 4 Stage Flatbed Tow Truck Hydraulic Cylinder Introducing the 4 Stage Flatbed Tow Truck hydraulic cylinder, our newest product for 2025. This multistage hydraulic cylinder is an essential component for machinery repair shops, farms, energy &amp; mining, machinery manufacturing, and machinery factories. It&#8217;s made of durable steel, ensuring it can withstand heavy [&hellip;]<\/p>","protected":false},"featured_media":6742,"comment_status":"closed","ping_status":"closed","template":"","meta":{"_et_pb_use_builder":"","_et_pb_old_content":"","_et_gb_content_width":""},"product_brand":[],"product_cat":[103],"product_tag":[34,105],"class_list":{"0":"post-6549","1":"product","2":"type-product","3":"status-publish","4":"has-post-thumbnail","6":"product_cat-telescopic-hydraulic-cylinders","7":"product_tag-hydraulic-cylinder","8":"product_tag-telescopic-hydraulic-cylinders","10":"first","11":"instock","12":"product-type-simple"},"_links":{"self":[{"href":"https:\/\/fmp-components.com\/sl\/wp-json\/wp\/v2\/product\/6549","targetHints":{"allow":["GET"]}}],"collection":[{"href":"https:\/\/fmp-components.com\/sl\/wp-json\/wp\/v2\/product"}],"about":[{"href":"https:\/\/fmp-components.com\/sl\/wp-json\/wp\/v2\/types\/product"}],"replies":[{"embeddable":true,"href":"https:\/\/fmp-components.com\/sl\/wp-json\/wp\/v2\/comments?post=6549"}],"wp:featuredmedia":[{"embeddable":true,"href":"https:\/\/fmp-components.com\/sl\/wp-json\/wp\/v2\/media\/6742"}],"wp:attachment":[{"href":"https:\/\/fmp-components.com\/sl\/wp-json\/wp\/v2\/media?parent=6549"}],"wp:term":[{"taxonomy":"product_brand","embeddable":true,"href":"https:\/\/fmp-components.com\/sl\/wp-json\/wp\/v2\/product_brand?post=6549"},{"taxonomy":"product_cat","embeddable":true,"href":"https:\/\/fmp-components.com\/sl\/wp-json\/wp\/v2\/product_cat?post=6549"},{"taxonomy":"product_tag","embeddable":true,"href":"https:\/\/fmp-components.com\/sl\/wp-json\/wp\/v2\/product_tag?post=6549"}],"curies":[{"name":"delovni list","href":"https:\/\/api.w.org\/{rel}","templated":true}]}}