{"id":6546,"date":"2025-03-11T06:28:19","date_gmt":"2025-03-11T06:28:19","guid":{"rendered":"https:\/\/fmp-components.com\/product\/professional-5-stage-multi-stage-telescopic-hydraulic-cylinder"},"modified":"2025-03-12T02:00:00","modified_gmt":"2025-03-12T02:00:00","slug":"professional-5-stage-multi-stage-telescopic-hydraulic-cylinder","status":"publish","type":"product","link":"https:\/\/fmp-components.com\/sl\/product\/professional-5-stage-multi-stage-telescopic-hydraulic-cylinder\/","title":{"rendered":"Profesionalni 5-stopenjski ve\u010dstopenjski teleskopski hidravli\u010dni cilinder"},"content":{"rendered":"<h2>Profesionalni 5-stopenjski ve\u010dstopenjski teleskopski hidravli\u010dni cilinder<\/h2>\n<p>Predstavljamo vam na\u0161 vrhunski profesionalni 5-stopenjski ve\u010dstopenjski teleskopski hidravli\u010dni cilinder. Ta najsodobnej\u0161i hidravli\u010dni cilinder je zasnovan za \u0161iroko uporabo v razli\u010dnih panogah, vklju\u010dno s strojnimi delavnicami, kmetijstvom, energetiko in rudarstvom ter proizvodnjo. Je klju\u010dna komponenta, znana po svoji izjemni funkcionalnosti, vzdr\u017eljivosti in u\u010dinkovitosti.<\/p>\n<h2>Specifikacije izdelka<\/h2>\n<table style=\"width: 102.74%;\" border=\"\">\n<tbody>\n<tr>\n<th style=\"width: 42.9185%;\">Ime izdelka<\/th>\n<td style=\"width: 357.94%;\">Teleskopski valj<\/td>\n<\/tr>\n<tr>\n<th style=\"width: 42.9185%;\">Certificiranje<\/th>\n<td style=\"width: 357.94%;\">ISO9001:2000<\/td>\n<\/tr>\n<tr>\n<th style=\"width: 42.9185%;\">Velikost izvrtine<\/th>\n<td style=\"width: 357.94%;\">2\u20136 palcev<\/td>\n<\/tr>\n<tr>\n<th style=\"width: 42.9185%;\">Velikost palice<\/th>\n<td style=\"width: 357.94%;\">1,125-4 palca<\/td>\n<\/tr>\n<tr>\n<th style=\"width: 42.9185%;\">Velikost poteze<\/th>\n<td style=\"width: 357.94%;\">4\u2013100 palcev<\/td>\n<\/tr>\n<tr>\n<th style=\"width: 42.9185%;\">Velikost zati\u010da<\/th>\n<td style=\"width: 357.94%;\">0,5\u20132 palca<\/td>\n<\/tr>\n<tr>\n<th style=\"width: 42.9185%;\">Pristani\u0161\u010da<\/th>\n<td style=\"width: 357.94%;\">G\/SAE\/NPT\/M<\/td>\n<\/tr>\n<\/tbody>\n<\/table>\n<h2>Posebnosti in prednosti<\/h2>\n<ul>\n<li>Energetsko u\u010dinkovito: Zmanj\u0161ana poraba energije.<\/li>\n<li>Visoka zmogljivost: Zagotavlja nemoteno in u\u010dinkovito delovanje.<\/li>\n<li>Varnost: Zasnovano z mislijo na varnost uporabnikov.<\/li>\n<\/ul>\n<h2>Razumevanje hidravli\u010dnih sistemov in njihovega na\u010dela delovanja<\/h2>\n<p>Hidravli\u010dni sistemi delujejo na temeljnem na\u010delu tlaka teko\u010dine, ki pravi, da se sprememba tlaka na kateri koli to\u010dki znotraj zaprte teko\u010dine nespremenjena prena\u0161a na vse druge to\u010dke v teko\u010dini. To bistveno na\u010delo je temelj delovanja hidravli\u010dnih cilindrov, ki slu\u017eijo kot aktuatorji, ki pretvarjajo hidravli\u010dno energijo v mehansko energijo. Z izkori\u0161\u010danjem mo\u010di tla\u010dne teko\u010dine hidravli\u010dni sistemi zagotavljajo zelo u\u010dinkovito sredstvo za opravljanje \u0161irokega nabora nalog, od dvigovanja te\u017ekih bremen do omogo\u010danja natan\u010dnih gibov v razli\u010dnih industrijskih aplikacijah.<\/p>\n<p><img loading=\"lazy\" decoding=\"async\" class=\"alignnone  wp-image-6661\" src=\"https:\/\/fmp-components.com\/wp-content\/uploads\/2025\/03\/telescopic-hydraulic-cylinder-10.webp\" alt=\"teleskopski hidravli\u010dni cilinder\" width=\"896\" height=\"896\" title=\"\" srcset=\"https:\/\/fmp-components.com\/wp-content\/uploads\/2025\/03\/telescopic-hydraulic-cylinder-10.webp 896w, https:\/\/fmp-components.com\/wp-content\/uploads\/2025\/03\/telescopic-hydraulic-cylinder-10-480x480.webp 480w\" sizes=\"(min-width: 0px) and (max-width: 480px) 480px, (min-width: 481px) 896px, 100vw\" \/><\/p>\n<p>U\u010dinkovitost hidravli\u010dnih sistemov je v veliki meri posledica nestisljivosti uporabljene teko\u010dine. Ko se na hidravli\u010dno teko\u010dino izvaja pritisk, se ta premika skozi sistem in ustvarja silo, ki jo je mogo\u010de usmeriti za izvajanje dolo\u010denih dejanj. Ta nemoten prenos tlaka omogo\u010da hitre in mo\u010dne gibe, zaradi \u010desar so hidravli\u010dni sistemi \u0161e posebej u\u010dinkoviti za naloge, ki zahtevajo veliko silo z minimalnim fizi\u010dnim naporom. Zmo\u017enost nadzora in manipulacije s tem tlakom je tisto, kar omogo\u010da hidravli\u010dnim cilindrom, da delujejo s tako natan\u010dnostjo in zanesljivostjo.<\/p>\n<h2>Hidravli\u010dni cilindri in pogonske enote<\/h2>\n<p>Hidravli\u010dni cilindri in pogonske enote so nepogre\u0161ljive komponente hidravli\u010dnih sistemov. Njihova sinergija je klju\u010dnega pomena za \u0161iroko uporabo hidravli\u010dne tehnologije v industrijskem sektorju, saj zagotavlja zanesljivo napajanje in podporo krmiljenju razli\u010dne in\u017eenirske in mehanske opreme.<\/p>\n<p>Hidravli\u010dni valj deluje kot aktuator, odgovoren za pretvorbo hidravli\u010dne energije v mehansko gibanje. To dose\u017ee s pretvorbo tlaka v silo, kar omogo\u010da, da valj dviguje, potiska ali vle\u010de predmete z izjemno u\u010dinkovitostjo. Zasnova valja omogo\u010da razli\u010dne dol\u017eine hoda in izhodne sile, zaradi \u010desar je prilagodljiv \u0161tevilnim aplikacijam, od gradbenih strojev do avtomobilskih dvigal.<\/p>\n<p>Po drugi strani pa pogonska enota slu\u017ei kot srce hidravli\u010dnega sistema. Ustvarja energijo, potrebno za pogon hidravli\u010dne teko\u010dine skozi sistem, in zagotavlja krmilne signale, potrebne za delovanje. Pogonska enota, ki jo obi\u010dajno sestavljajo motor, \u010drpalka, rezervoar in krmilni ventili, je bistvena za vzdr\u017eevanje konstantnega tlaka in pretoka v hidravli\u010dnem sistemu. Usklajevanje med hidravli\u010dnim cilindrom in pogonsko enoto je klju\u010dnega pomena; le z njunim usklajenim delovanjem lahko hidravli\u010dni sistem deluje u\u010dinkovito in zanesljivo.<\/p>\n<p><img loading=\"lazy\" decoding=\"async\" class=\"alignnone  wp-image-6662\" src=\"https:\/\/fmp-components.com\/wp-content\/uploads\/2025\/03\/telescopic-hydraulic-cylinder-4.webp\" alt=\"teleskopski hidravli\u010dni cilinder\" width=\"907\" height=\"907\" title=\"\" srcset=\"https:\/\/fmp-components.com\/wp-content\/uploads\/2025\/03\/telescopic-hydraulic-cylinder-4.webp 907w, https:\/\/fmp-components.com\/wp-content\/uploads\/2025\/03\/telescopic-hydraulic-cylinder-4-480x480.webp 480w\" sizes=\"(min-width: 0px) and (max-width: 480px) 480px, (min-width: 481px) 907px, 100vw\" \/><\/p>\n<p>Pri FMP se zavedamo pomena teh komponent v hidravli\u010dnih aplikacijah in smo ponosni, da ponujamo visokokakovostne pogonske enote za nakup. Z zagotavljanjem hidravli\u010dnih cilindrov in pogonskih enot zagotavljamo, da imajo na\u0161e stranke dostop do vseh potrebnih elementov za ustvarjanje u\u010dinkovitih in uspe\u0161nih hidravli\u010dnih sistemov. Ta celovit pristop nam omogo\u010da, da podpiramo \u0161irok spekter panog in podjetjem omogo\u010damo, da izbolj\u0161ajo svoje operativne zmogljivosti z zanesljivimi hidravli\u010dnimi re\u0161itvami.<\/p>\n<h2>Pogosta vpra\u0161anja<\/h2>\n<dl>\n<dt>V: Ali ste trgovsko podjetje ali proizvajalec?<\/dt>\n<dd>A: Smo tovarna.<\/dd>\n<dt>V: Koliko \u010dasa traja va\u0161a dobavni rok?<\/dt>\n<dd>A: Na splo\u0161no je to 25-35 dni.<\/dd>\n<dt>V: Ali ponujate vzorce? So brezpla\u010dni ali dodatni?<\/dt>\n<dd>O: Da, lahko ponudimo vzorec, vendar ni brezpla\u010den.<\/dd>\n<\/dl>\n<h3>O FMP-ju<\/h3>\n<p>FMP je vodilni italijanski proizvajalec, specializiran za na\u010drtovanje, razvoj in proizvodnjo vrhunskih hidravli\u010dnih cilindrov. Z zapu\u0161\u010dino, zgrajeno na desetletjih strokovnega znanja, brezhibno zdru\u017eujemo italijansko obrt z najsodobnej\u0161o tehnologijo in zagotavljamo izjemne hidravli\u010dne re\u0161itve, prilagojene raznolikim potrebam na\u0161ih strank po vsem svetu. FMP se nahaja v Italiji \u2013 epicentru in\u017eenirske odli\u010dnosti \u2013 in se je uveljavil kot zaupanja vredno ime v hidravli\u010dni industriji, predan zagotavljanju zanesljivih, trpe\u017enih in inovativnih izdelkov, ki opolnomo\u010dajo podjetja po vsem svetu.<\/p>\n<p>Na\u0161e podjetje zdru\u017euje napredne proizvodne tradicije s prihodnostnim pristopom. Z bogatimi izku\u0161njami na podro\u010dju hidravli\u010dnih sistemov se je FMP preoblikoval v sodobno podjetje, ki blesti na podro\u010dju raziskav, na\u010drtovanja in proizvodnje. Ponujamo \u0161iroko paleto hidravli\u010dnih cilindrov, vklju\u010dno z dvostransko delujo\u010dimi cilindri, avtomobilskimi dvi\u017enimi cilindri, cilindri za kmetijsko mehanizacijo in re\u0161itvami po meri za razli\u010dne industrijske aplikacije. Ne glede na sektor \u2013 pa naj bo to gradbeni\u0161tvo, industrijske in\u0161talacije, kmetijstvo ali te\u017eka mehanizacija \u2013 so na\u0161i hidravli\u010dni cilindri zasnovani za delovanje v najzahtevnej\u0161ih pogojih, kar zagotavlja varnost, u\u010dinkovitost in dolgo \u017eivljenjsko dobo.<\/p>\n<p><img loading=\"lazy\" decoding=\"async\" class=\"alignnone size-full wp-image-6720\" src=\"https:\/\/fmp-components.com\/wp-content\/uploads\/2025\/03\/hydraulic-cylinder-8.webp\" alt=\"Teleskopski hidravli\u010dni cilindri\" width=\"933\" height=\"526\" title=\"\" srcset=\"https:\/\/fmp-components.com\/wp-content\/uploads\/2025\/03\/hydraulic-cylinder-8.webp 933w, https:\/\/fmp-components.com\/wp-content\/uploads\/2025\/03\/hydraulic-cylinder-8-480x271.webp 480w\" sizes=\"(min-width: 0px) and (max-width: 480px) 480px, (min-width: 481px) 933px, 100vw\" \/><\/p>\n<p>V podjetju FMP smo ponosni na na\u0161e najsodobnej\u0161e proizvodne obrate, ki so opremljeni s preciznimi stroji in naprednimi sistemi za testiranje. Na\u0161i proizvodni procesi izpolnjujejo stroge nacionalne in mednarodne standarde, kar zagotavlja, da je vsak izdelan hidravli\u010dni valj najvi\u0161je kakovosti in zanesljivosti. Na\u0161a usposobljena tehni\u010dna ekipa nam v kombinaciji z najsodobnej\u0161o opremo omogo\u010da strog nadzor kakovosti na vsaki stopnji proizvodnje \u2013 od izbire surovin do kon\u010dnega pregleda. Ta zavezanost odli\u010dnosti nam je prinesla certifikate in priznanja s strani industrijskih organov, kar je \u0161e utrdilo na\u0161 ugled zanesljivega partnerja.<\/p>\n<p>Na\u0161e poslanstvo je preprosto in ambiciozno hkrati: strankam zagotoviti hidravli\u010dne cilindre, ki presegajo pri\u010dakovanja glede zmogljivosti, vzdr\u017eljivosti in vrednosti. Delujemo po temeljnih na\u010delih profesionalnosti, integritete in osredoto\u010denosti na stranke. Z gojenjem kulture inovacij in natan\u010dnosti nenehno izpopolnjujemo na\u0161e izdelke, da bi ostali v ospredju na konkuren\u010dnem trgu. Na\u0161a celovita ponudba izdelkov in sposobnost ponujanja prilagojenih re\u0161itev nas uvr\u0161\u010data med prednostne izbire za podjetja, ki i\u0161\u010dejo visokozmogljive hidravli\u010dne cilindre.<\/p>\n<p>FMP ni le proizvajalec; smo partner pri va\u0161em uspehu. Razumemo, da so na\u0161e stranke odvisne od nas, da jim zagotovimo orodja, ki izbolj\u0161ujejo produktivnost in varnost. Zato smo zavezani ne le k zagotavljanju vrhunskih izdelkov, temve\u010d tudi k zagotavljanju izjemnih storitev. Od za\u010detnih posvetovanj do poprodajne podpore tesno sodelujemo z na\u0161imi strankami, da zagotovimo, da so njihove potrebe izpolnjene profesionalno in skrbno. Na\u0161e konkuren\u010dne cene v kombinaciji z na\u0161o neomajno zavezanostjo kakovosti naredijo FMP pametno izbiro za podjetja, ki \u017eelijo vlagati v zanesljive hidravli\u010dne re\u0161itve.<\/p>","protected":false},"excerpt":{"rendered":"<p>Professional 5 Stage Multi Stage Telescopic Hydraulic Cylinder Introducing our top-tier Professional 5 Stage Multi Stage Telescopic Hydraulic Cylinder. This state-of-the-art hydraulic cylinder is designed for extensive use across various industries, including machinery repair shops, farms, energy and mining, and manufacturing. It&#8217;s a crucial component known for its exceptional functionality, durability, and efficiency. Product Specifications [&hellip;]<\/p>","protected":false},"featured_media":6697,"comment_status":"closed","ping_status":"closed","template":"","meta":{"_et_pb_use_builder":"","_et_pb_old_content":"","_et_gb_content_width":""},"product_brand":[],"product_cat":[103],"product_tag":[34,105],"class_list":{"0":"post-6546","1":"product","2":"type-product","3":"status-publish","4":"has-post-thumbnail","6":"product_cat-telescopic-hydraulic-cylinders","7":"product_tag-hydraulic-cylinder","8":"product_tag-telescopic-hydraulic-cylinders","10":"first","11":"instock","12":"product-type-simple"},"_links":{"self":[{"href":"https:\/\/fmp-components.com\/sl\/wp-json\/wp\/v2\/product\/6546","targetHints":{"allow":["GET"]}}],"collection":[{"href":"https:\/\/fmp-components.com\/sl\/wp-json\/wp\/v2\/product"}],"about":[{"href":"https:\/\/fmp-components.com\/sl\/wp-json\/wp\/v2\/types\/product"}],"replies":[{"embeddable":true,"href":"https:\/\/fmp-components.com\/sl\/wp-json\/wp\/v2\/comments?post=6546"}],"wp:featuredmedia":[{"embeddable":true,"href":"https:\/\/fmp-components.com\/sl\/wp-json\/wp\/v2\/media\/6697"}],"wp:attachment":[{"href":"https:\/\/fmp-components.com\/sl\/wp-json\/wp\/v2\/media?parent=6546"}],"wp:term":[{"taxonomy":"product_brand","embeddable":true,"href":"https:\/\/fmp-components.com\/sl\/wp-json\/wp\/v2\/product_brand?post=6546"},{"taxonomy":"product_cat","embeddable":true,"href":"https:\/\/fmp-components.com\/sl\/wp-json\/wp\/v2\/product_cat?post=6546"},{"taxonomy":"product_tag","embeddable":true,"href":"https:\/\/fmp-components.com\/sl\/wp-json\/wp\/v2\/product_tag?post=6546"}],"curies":[{"name":"delovni list","href":"https:\/\/api.w.org\/{rel}","templated":true}]}}