{"id":6545,"date":"2025-03-11T06:28:19","date_gmt":"2025-03-11T06:28:19","guid":{"rendered":"https:\/\/fmp-components.com\/product\/chinese-factory-dump-truck-hydraulic-cylinders-multistage-hydraulic-cylinder-for-sale"},"modified":"2025-03-18T02:11:48","modified_gmt":"2025-03-18T02:11:48","slug":"italian-factory-dump-truck-hydraulic-cylinders-multistage-hydraulic-cylinder-for-sale","status":"publish","type":"product","link":"https:\/\/fmp-components.com\/sl\/product\/italian-factory-dump-truck-hydraulic-cylinders-multistage-hydraulic-cylinder-for-sale\/","title":{"rendered":"Hidravli\u010dni cilindri za italijanske tovarne za prekucnike, ve\u010dstopenjski hidravli\u010dni cilinder za prodajo"},"content":{"rendered":"<h2>Hidravli\u010dni cilindri za italijanske tovarne za prekucnike, ve\u010dstopenjski hidravli\u010dni cilinder za prodajo<\/h2>\n<p>Predstavljamo vam na\u0161 vrhunski ve\u010dstopenjski hidravli\u010dni valj za prekucnike italijanske tovarne. Na\u0161 hidravli\u010dni valj je strokovno zasnovan in vsestranski ter je zasnovan tako, da izpolnjuje te\u017eke zahteve razli\u010dnih industrij.<\/p>\n<h3>Zna\u010dilnosti in funkcije<\/h3>\n<p>Na\u0161 ve\u010dstopenjski hidravli\u010dni cilinder igra nepogre\u0161ljivo vlogo v delavnicah za popravilo strojev, na kmetijah, v energetskem in rudarskem sektorju, proizvodnji strojev in tovarnah strojev. Gre za standardni batni cilinder, ki ga poganja hidravlika, kar zagotavlja nemoteno in u\u010dinkovito delovanje.<\/p>\n<p><img loading=\"lazy\" decoding=\"async\" class=\"alignnone wp-image-6658\" src=\"https:\/\/fmp-components.com\/wp-content\/uploads\/2025\/03\/telescopic-hydraulic-cylinder-6.webp\" alt=\"teleskopski hidravli\u010dni cilinder\" width=\"929\" height=\"929\" title=\"\" srcset=\"https:\/\/fmp-components.com\/wp-content\/uploads\/2025\/03\/telescopic-hydraulic-cylinder-6.webp 929w, https:\/\/fmp-components.com\/wp-content\/uploads\/2025\/03\/telescopic-hydraulic-cylinder-6-480x480.webp 480w\" sizes=\"(min-width: 0px) and (max-width: 480px) 480px, (min-width: 481px) 929px, 100vw\" \/><\/p>\n<h3>Tehni\u010dne specifikacije<\/h3>\n<p>Na\u0161 hidravli\u010dni cilinder se pona\u0161a z naslednjimi lastnostmi:<\/p>\n<table style=\"width: 101.731%; height: 112px;\" border=\"\">\n<tbody>\n<tr>\n<td colspan=\"\" rowspan=\"\"><i>Velikost izvrtine<\/i><\/td>\n<td colspan=\"\" rowspan=\"\">2\u20136 palcev<\/td>\n<\/tr>\n<tr>\n<td colspan=\"\" rowspan=\"\"><i>Velikost palice<\/i><\/td>\n<td colspan=\"\" rowspan=\"\">1,125-4 palca<\/td>\n<\/tr>\n<tr>\n<td colspan=\"\" rowspan=\"\"><i>Velikost poteze<\/i><\/td>\n<td colspan=\"\" rowspan=\"\">4\u2013100 palcev<\/td>\n<\/tr>\n<tr>\n<td colspan=\"\" rowspan=\"\"><i>Velikost zati\u010da<\/i><\/td>\n<td colspan=\"\" rowspan=\"\">0,5\u20132 palca<\/td>\n<\/tr>\n<tr>\n<td colspan=\"\" rowspan=\"\"><i>Pristani\u0161\u010da<\/i><\/td>\n<td colspan=\"\" rowspan=\"\">G\/SAE\/NPT\/M<\/td>\n<\/tr>\n<\/tbody>\n<\/table>\n<h2>Edinstvene prednosti<\/h2>\n<h3>Energetsko u\u010dinkovito<\/h3>\n<p>Na\u0161i hidravli\u010dni cilindri so zasnovani z mislijo na energetsko u\u010dinkovitost. Maksimizirajo uporabo hidravli\u010dne teko\u010dine za ustvarjanje znatne sile, hkrati pa zmanj\u0161ujejo porabo energije. To ne le zmanj\u0161uje obratovalne stro\u0161ke, temve\u010d prispeva tudi k okoljski trajnosti z zmanj\u0161evanjem oglji\u010dnega odtisa, povezanega z industrijskim delovanjem. Z optimizacijo porabe energije na\u0161i cilindri zagotavljajo, da lahko podjetja dose\u017eejo svoje operativne cilje brez nepotrebnih odpadkov.<\/p>\n<h3>Visoko u\u010dinkovito<\/h3>\n<p>Poleg energetske u\u010dinkovitosti so na\u0161i hidravli\u010dni cilindri zasnovani za visoko u\u010dinkovitost delovanja. Odlikujejo jih hitri odzivni \u010dasi in natan\u010den nadzor, kar omogo\u010da nemoteno in u\u010dinkovito delovanje v \u0161irokem naboru aplikacij. Ta u\u010dinkovitost se odra\u017ea v pove\u010dani produktivnosti, saj je mogo\u010de naloge opraviti hitreje in natan\u010dneje. Na\u0161i hidravli\u010dni cilindri so izdelani za obvladovanje zahtevnih pogojev, kar zagotavlja zanesljivo delovanje tudi v najzahtevnej\u0161ih okoljih.<\/p>\n<h3>Varno in zanesljivo<\/h3>\n<p>Varnost in zanesljivost sta v industrijskih aplikacijah najpomembnej\u0161i, na\u0161i hidravli\u010dni cilindri pa so zasnovani tako, da izpolnjujejo te kriti\u010dne standarde. Izdelani so iz visokokakovostnih materialov in naprednih in\u017eenirskih tehnik, kar zagotavlja vzdr\u017eljivost in dolgo \u017eivljenjsko dobo. Poleg tega je vsak valj podvr\u017een strogim testiranjem, ki zagotavljajo, da lahko brez okvar prenese visoke tlake in velike obremenitve. Ta zavezanost varnosti pomeni, da lahko na\u0161e stranke upravljajo svoje stroje z zaupanjem, saj vedo, da bodo na\u0161e hidravli\u010dne re\u0161itve delovale zanesljivo.<\/p>\n<p><img loading=\"lazy\" decoding=\"async\" class=\"alignnone wp-image-6657\" src=\"https:\/\/fmp-components.com\/wp-content\/uploads\/2025\/03\/telescopic-hydraulic-cylinder-3.webp\" alt=\"teleskopski hidravli\u010dni cilinder\" width=\"904\" height=\"904\" title=\"\" srcset=\"https:\/\/fmp-components.com\/wp-content\/uploads\/2025\/03\/telescopic-hydraulic-cylinder-3.webp 904w, https:\/\/fmp-components.com\/wp-content\/uploads\/2025\/03\/telescopic-hydraulic-cylinder-3-480x480.webp 480w\" sizes=\"(min-width: 0px) and (max-width: 480px) 480px, (min-width: 481px) 904px, 100vw\" \/><\/p>\n<h2>Hidravli\u010dni sistem in princip delovanja<\/h2>\n<p>Na\u0161 hidravli\u010dni valj deluje po na\u010delu Pascalovega zakona, ki trdi, da se vsaka sprememba tlaka v dolo\u010deni to\u010dki v omejeni nestisljivi teko\u010dini enakomerno prena\u0161a po celotni teko\u010dini. To temeljno na\u010delo omogo\u010da hidravli\u010dnemu cilindru, da u\u010dinkovito ustvarja linearno gibanje in silo. Ko je hidravli\u010dna teko\u010dina pod tlakom, ustvari silo, ki premika bat znotraj cilindra in pretvarja hidravli\u010dno energijo v mehansko gibanje. Ta u\u010dinkovita pretvorba omogo\u010da mo\u010dna dvigovanja in potiskanja, zaradi \u010desar so hidravli\u010dni sistemi \u0161iroko uporabni v razli\u010dnih panogah.<\/p>\n<h2>Hidravli\u010dni cilindri in pogonske enote<\/h2>\n<p>Hidravli\u010dni cilindri in pogonske enote so sestavni deli vsakega hidravli\u010dnega sistema. Njihova sinergija je bistvena za \u0161iroko uporabo hidravli\u010dne tehnologije v industrijskem sektorju, saj zagotavlja zanesljivo napajanje in podporo krmiljenju raznolike in\u017eenirske in mehanske opreme.<\/p>\n<p>Hidravli\u010dni valj deluje kot aktuator, ki pretvarja hidravli\u010dno energijo v mehansko gibanje. Zasnovan je za opravljanje razli\u010dnih nalog, od dvigovanja te\u017ekih bremen do natan\u010dnih gibov v strojih. Po drugi strani pa pogonska enota slu\u017ei kot srce hidravli\u010dnega sistema, saj ustvarja potrebno energijo za pogon hidravli\u010dne teko\u010dine in zagotavlja u\u010dinkovito delovanje sistema.<\/p>\n<p>Pri FMP se zavedamo pomena teh komponent in smo ponosni, da ponujamo visokokakovostne pogonske enote za prodajo. Z zagotavljanjem hidravli\u010dnih cilindrov in pogonskih enot na\u0161im strankam omogo\u010damo ustvarjanje popolnoma integriranih hidravli\u010dnih sistemov, ki izbolj\u0161ujejo operativne zmogljivosti. Ta celovit pristop omogo\u010da podjetjem, da izkoristijo prednosti hidravli\u010dne tehnologije in zagotovijo u\u010dinkovitost, varnost in zmogljivost pri svojem poslovanju.<\/p>\n<p><img loading=\"lazy\" decoding=\"async\" class=\"alignnone wp-image-6656\" src=\"https:\/\/fmp-components.com\/wp-content\/uploads\/2025\/03\/telescopic-hydraulic-cylinder-5.webp\" alt=\"teleskopski hidravli\u010dni cilinder\" width=\"895\" height=\"895\" title=\"\" srcset=\"https:\/\/fmp-components.com\/wp-content\/uploads\/2025\/03\/telescopic-hydraulic-cylinder-5.webp 895w, https:\/\/fmp-components.com\/wp-content\/uploads\/2025\/03\/telescopic-hydraulic-cylinder-5-480x480.webp 480w\" sizes=\"(min-width: 0px) and (max-width: 480px) 480px, (min-width: 481px) 895px, 100vw\" \/><\/p>\n<h2>Pogosto zastavljena vpra\u0161anja<\/h2>\n<p>V: Ali ste trgovsko podjetje ali proizvajalec?<br \/>\nO: Smo proizvajalec.<br \/>\n<img alt=\"\" \/><br \/>\nV: Kak\u0161en je va\u0161 dobavni rok?<br \/>\nA: Na splo\u0161no je to 25-35 dni.<br \/>\nV: Ali ponujate vzorce? Je to brezpla\u010dno ali dodatno?<br \/>\nO: Da, ponujamo vzorce, vendar niso brezpla\u010dni.<\/p>\n<h3>O FMP-ju<\/h3>\n<p>FMP je vodilni italijanski proizvajalec, specializiran za na\u010drtovanje, razvoj in proizvodnjo vrhunskih hidravli\u010dnih cilindrov. Z zapu\u0161\u010dino, zgrajeno na desetletjih strokovnega znanja, brezhibno zdru\u017eujemo italijansko obrt z najsodobnej\u0161o tehnologijo in zagotavljamo izjemne hidravli\u010dne re\u0161itve, prilagojene raznolikim potrebam na\u0161ih strank po vsem svetu. FMP se nahaja v Italiji \u2013 epicentru in\u017eenirske odli\u010dnosti \u2013 in se je uveljavil kot zaupanja vredno ime v hidravli\u010dni industriji, predan zagotavljanju zanesljivih, trpe\u017enih in inovativnih izdelkov, ki opolnomo\u010dajo podjetja po vsem svetu.<\/p>\n<p>Na\u0161e podjetje zdru\u017euje napredne proizvodne tradicije s prihodnostnim pristopom. Z bogatimi izku\u0161njami na podro\u010dju hidravli\u010dnih sistemov se je FMP preoblikoval v sodobno podjetje, ki blesti na podro\u010dju raziskav, na\u010drtovanja in proizvodnje. Ponujamo \u0161iroko paleto hidravli\u010dnih cilindrov, vklju\u010dno z dvostransko delujo\u010dimi cilindri, avtomobilskimi dvi\u017enimi cilindri, cilindri za kmetijsko mehanizacijo in re\u0161itvami po meri za razli\u010dne industrijske aplikacije. Ne glede na sektor \u2013 pa naj bo to gradbeni\u0161tvo, industrijske in\u0161talacije, kmetijstvo ali te\u017eka mehanizacija \u2013 so na\u0161i hidravli\u010dni cilindri zasnovani za delovanje v najzahtevnej\u0161ih pogojih, kar zagotavlja varnost, u\u010dinkovitost in dolgo \u017eivljenjsko dobo.<\/p>\n<p><img loading=\"lazy\" decoding=\"async\" class=\"alignnone size-full wp-image-6720\" src=\"https:\/\/fmp-components.com\/wp-content\/uploads\/2025\/03\/hydraulic-cylinder-8.webp\" alt=\"Teleskopski hidravli\u010dni cilindri\" width=\"933\" height=\"526\" title=\"\" srcset=\"https:\/\/fmp-components.com\/wp-content\/uploads\/2025\/03\/hydraulic-cylinder-8.webp 933w, https:\/\/fmp-components.com\/wp-content\/uploads\/2025\/03\/hydraulic-cylinder-8-480x271.webp 480w\" sizes=\"(min-width: 0px) and (max-width: 480px) 480px, (min-width: 481px) 933px, 100vw\" \/><\/p>\n<p>V podjetju FMP smo ponosni na na\u0161e najsodobnej\u0161e proizvodne obrate, ki so opremljeni s preciznimi stroji in naprednimi sistemi za testiranje. Na\u0161i proizvodni procesi izpolnjujejo stroge nacionalne in mednarodne standarde, kar zagotavlja, da je vsak izdelan hidravli\u010dni valj najvi\u0161je kakovosti in zanesljivosti. Na\u0161a usposobljena tehni\u010dna ekipa nam v kombinaciji z najsodobnej\u0161o opremo omogo\u010da strog nadzor kakovosti na vsaki stopnji proizvodnje \u2013 od izbire surovin do kon\u010dnega pregleda. Ta zavezanost odli\u010dnosti nam je prinesla certifikate in priznanja s strani industrijskih organov, kar je \u0161e utrdilo na\u0161 ugled zanesljivega partnerja.<\/p>\n<p>Na\u0161e poslanstvo je preprosto in ambiciozno hkrati: strankam zagotoviti hidravli\u010dne cilindre, ki presegajo pri\u010dakovanja glede zmogljivosti, vzdr\u017eljivosti in vrednosti. Delujemo po temeljnih na\u010delih profesionalnosti, integritete in osredoto\u010denosti na stranke. Z gojenjem kulture inovacij in natan\u010dnosti nenehno izpopolnjujemo na\u0161e izdelke, da bi ostali v ospredju na konkuren\u010dnem trgu. Na\u0161a celovita ponudba izdelkov in sposobnost ponujanja prilagojenih re\u0161itev nas uvr\u0161\u010data med prednostne izbire za podjetja, ki i\u0161\u010dejo visokozmogljive hidravli\u010dne cilindre.<\/p>\n<p>FMP ni le proizvajalec; smo partner pri va\u0161em uspehu. Razumemo, da so na\u0161e stranke odvisne od nas, da jim zagotovimo orodja, ki izbolj\u0161ujejo produktivnost in varnost. Zato smo zavezani ne le k zagotavljanju vrhunskih izdelkov, temve\u010d tudi k zagotavljanju izjemnih storitev. Od za\u010detnih posvetovanj do poprodajne podpore tesno sodelujemo z na\u0161imi strankami, da zagotovimo, da so njihove potrebe izpolnjene profesionalno in skrbno. Na\u0161e konkuren\u010dne cene v kombinaciji z na\u0161o neomajno zavezanostjo kakovosti naredijo FMP pametno izbiro za podjetja, ki \u017eelijo vlagati v zanesljive hidravli\u010dne re\u0161itve.<\/p>","protected":false},"excerpt":{"rendered":"<p>Italian Factory Dump Truck Hydraulic Cylinders Multistage Hydraulic Cylinder For Sale We present to you our top-of-the-line, Italian Factory Dump Truck Hydraulic Cylinders Multistage Hydraulic Cylinder. Expertly engineered and versatile, our hydraulic cylinder is designed to meet the heavy-duty demands of various industries. Features and Functions Our multistage hydraulic cylinder plays an indispensable role in [&hellip;]<\/p>","protected":false},"featured_media":6699,"comment_status":"closed","ping_status":"closed","template":"","meta":{"_et_pb_use_builder":"","_et_pb_old_content":"","_et_gb_content_width":""},"product_brand":[],"product_cat":[103],"product_tag":[34,105],"class_list":{"0":"post-6545","1":"product","2":"type-product","3":"status-publish","4":"has-post-thumbnail","6":"product_cat-telescopic-hydraulic-cylinders","7":"product_tag-hydraulic-cylinder","8":"product_tag-telescopic-hydraulic-cylinders","10":"first","11":"instock","12":"product-type-simple"},"_links":{"self":[{"href":"https:\/\/fmp-components.com\/sl\/wp-json\/wp\/v2\/product\/6545","targetHints":{"allow":["GET"]}}],"collection":[{"href":"https:\/\/fmp-components.com\/sl\/wp-json\/wp\/v2\/product"}],"about":[{"href":"https:\/\/fmp-components.com\/sl\/wp-json\/wp\/v2\/types\/product"}],"replies":[{"embeddable":true,"href":"https:\/\/fmp-components.com\/sl\/wp-json\/wp\/v2\/comments?post=6545"}],"wp:featuredmedia":[{"embeddable":true,"href":"https:\/\/fmp-components.com\/sl\/wp-json\/wp\/v2\/media\/6699"}],"wp:attachment":[{"href":"https:\/\/fmp-components.com\/sl\/wp-json\/wp\/v2\/media?parent=6545"}],"wp:term":[{"taxonomy":"product_brand","embeddable":true,"href":"https:\/\/fmp-components.com\/sl\/wp-json\/wp\/v2\/product_brand?post=6545"},{"taxonomy":"product_cat","embeddable":true,"href":"https:\/\/fmp-components.com\/sl\/wp-json\/wp\/v2\/product_cat?post=6545"},{"taxonomy":"product_tag","embeddable":true,"href":"https:\/\/fmp-components.com\/sl\/wp-json\/wp\/v2\/product_tag?post=6545"}],"curies":[{"name":"delovni list","href":"https:\/\/api.w.org\/{rel}","templated":true}]}}