{"id":6542,"date":"2025-03-11T06:28:19","date_gmt":"2025-03-11T06:28:19","guid":{"rendered":"https:\/\/fmp-components.com\/product\/cost-effective-dump-truck-hydraulic-cylinder-double-acting-hydraulic-telescopic-cylinder"},"modified":"2025-03-12T06:52:49","modified_gmt":"2025-03-12T06:52:49","slug":"cost-effective-dump-truck-hydraulic-cylinder-double-acting-hydraulic-telescopic-cylinder","status":"publish","type":"product","link":"https:\/\/fmp-components.com\/sl\/product\/cost-effective-dump-truck-hydraulic-cylinder-double-acting-hydraulic-telescopic-cylinder\/","title":{"rendered":"Stro\u0161kovno u\u010dinkovit hidravli\u010dni cilinder za prekucnike z dvojnim delovanjem hidravli\u010dni teleskopski cilinder"},"content":{"rendered":"<h2>Stro\u0161kovno u\u010dinkovit hidravli\u010dni cilinder za prekucnike z dvojnim delovanjem hidravli\u010dni teleskopski cilinder<\/h2>\n<p>Predstavljamo vam stro\u0161kovno u\u010dinkovit hidravli\u010dni cilinder za prekucnike, dvosmerno delujo\u010di hidravli\u010dni teleskopski cilinder, zasnovan za u\u010dinkovitost in visoko zmogljivost. Izdelek je nov, pona\u0161a se s standardno strukturo bata in hidravli\u010dno mo\u010djo. Njegovo jekleno ohi\u0161je zagotavlja robustnost in vzdr\u017eljivost.<\/p>\n<h3>Specifikacije izdelka<\/h3>\n<table style=\"width: 98.1124%;\" border=\"\">\n<tbody>\n<tr>\n<td style=\"width: 43.5028%;\"><b>Velikost izvrtine<\/b><\/td>\n<td style=\"width: 475.141%;\">2\u20136 palcev<\/td>\n<\/tr>\n<tr>\n<td style=\"width: 43.5028%;\"><b>Velikost palice<\/b><\/td>\n<td style=\"width: 475.141%;\">1,125-4 palca<\/td>\n<\/tr>\n<tr>\n<td style=\"width: 43.5028%;\"><b>Velikost poteze<\/b><\/td>\n<td style=\"width: 475.141%;\">4\u2013100 palcev<\/td>\n<\/tr>\n<tr>\n<td style=\"width: 43.5028%;\"><b>Velikost zati\u010da<\/b><\/td>\n<td style=\"width: 475.141%;\">0,5\u20132 palca<\/td>\n<\/tr>\n<tr>\n<td style=\"width: 43.5028%;\"><b>Pristani\u0161\u010da<\/b><\/td>\n<td style=\"width: 475.141%;\">G\/SAE\/NPT\/M<\/td>\n<\/tr>\n<\/tbody>\n<\/table>\n<h2>Klju\u010dne lastnosti<\/h2>\n<ul>\n<li>Energetska u\u010dinkovitost<\/li>\n<li>Visoka zmogljivost<\/li>\n<li>Zagotavljanje varnosti<\/li>\n<\/ul>\n<h2>Hidravli\u010dni sistem in princip delovanja<\/h2>\n<p>Hidravli\u010dni cilindri se za ustvarjanje linearnega gibanja in sile zana\u0161ajo na silo hidravli\u010dne teko\u010dine. Teko\u010dina je pod pritiskom \u010drpalke, ki poganja batnico cilindra, kar povzro\u010di gibanje.<\/p>\n<h2>Aplikacije<\/h2>\n<p>Ta hidravli\u010dni cilinder se pogosto uporablja v delavnicah za popravilo strojev, na kmetijah, v energetskih in rudarskih projektih, v proizvodnji strojev in tovarnah strojev.<\/p>\n<p><img loading=\"lazy\" decoding=\"async\" class=\"alignnone wp-image-6661\" src=\"https:\/\/fmp-components.com\/wp-content\/uploads\/2025\/03\/telescopic-hydraulic-cylinder-10.webp\" alt=\"teleskopski hidravli\u010dni cilinder\" width=\"928\" height=\"928\" title=\"\" srcset=\"https:\/\/fmp-components.com\/wp-content\/uploads\/2025\/03\/telescopic-hydraulic-cylinder-10.webp 928w, https:\/\/fmp-components.com\/wp-content\/uploads\/2025\/03\/telescopic-hydraulic-cylinder-10-480x480.webp 480w\" sizes=\"(min-width: 0px) and (max-width: 480px) 480px, (min-width: 481px) 928px, 100vw\" \/><\/p>\n<h2>Hidravli\u010dni cilindri in pogonske enote<\/h2>\n<p>Hidravli\u010dni cilindri in pogonske enote so nepogre\u0161ljivi deli hidravli\u010dnih sistemov. Njihova sinergija zagotavlja \u0161iroko uporabo hidravli\u010dne tehnologije v industriji, saj zagotavlja zanesljivo napajanje in krmilno podporo za razli\u010dno in\u017eenirsko in mehansko opremo. V podjetju FMP poleg hidravli\u010dnih cilindrov ponujamo tudi pogonske enote.<\/p>\n<h2>Pogosta vpra\u0161anja<\/h2>\n<p><b>V: Ali ste trgovsko podjetje ali proizvajalec?<\/b><br \/>\nO: Smo proizvajalec.<\/p>\n<p><b>V: Kak\u0161en je va\u0161 dobavni rok?<\/b><br \/>\nA: Na\u0161 dobavni rok je obi\u010dajno 25-35 dni.<\/p>\n<p><b>V: Ali ponujate vzorce?<\/b><br \/>\nO: Da, nudimo vzorce, vendar niso brezpla\u010dni.<\/p>\n<h3>O FMP-ju<\/h3>\n<p>FMP je vodilni italijanski proizvajalec, specializiran za na\u010drtovanje, razvoj in proizvodnjo visokokakovostnih hidravli\u010dnih cilindrov. Z desetletji strokovnega znanja zdru\u017eujemo tradicionalno italijansko obrt z najsodobnej\u0161o tehnologijo, da bi zagotovili izjemne hidravli\u010dne re\u0161itve, ki zadovoljujejo raznolike potrebe na\u0161ih strank po vsem svetu. FMP s sede\u017eem v Italiji, sredi\u0161\u010du in\u017eenirske odli\u010dnosti, se je uveljavil kot zaupanja vredno ime v hidravli\u010dni industriji, predan zagotavljanju zanesljivih, trpe\u017enih in inovativnih izdelkov, ki opolnomo\u010dajo podjetja po vsem svetu.<\/p>\n<p>Na\u0161e podjetje usklajuje napredne proizvodne tradicije s prihodnostnim pristopom. Z dolgoletnimi izku\u0161njami na podro\u010dju hidravli\u010dnih sistemov se je FMP preoblikoval v sodobno podjetje, ki blesti na podro\u010dju raziskav, na\u010drtovanja in proizvodnje. Ponujamo \u0161iroko paleto hidravli\u010dnih cilindrov, vklju\u010dno z dvostransko delujo\u010dimi cilindri, avtomobilskimi dvi\u017enimi cilindri, cilindri za kmetijsko mehanizacijo in re\u0161itvami po meri za razli\u010dne industrijske aplikacije. Ne glede na to, ali gre za gradbeni\u0161tvo, industrijske instalacije, kmetijstvo ali te\u017eko mehanizacijo, so na\u0161i hidravli\u010dni cilindri zasnovani za delovanje v najzahtevnej\u0161ih pogojih, kar zagotavlja varnost, u\u010dinkovitost in dolgo \u017eivljenjsko dobo.<\/p>\n<p><img loading=\"lazy\" decoding=\"async\" class=\"alignnone size-full wp-image-6720\" src=\"https:\/\/fmp-components.com\/wp-content\/uploads\/2025\/03\/hydraulic-cylinder-8.webp\" alt=\"Teleskopski hidravli\u010dni cilindri\" width=\"933\" height=\"526\" title=\"\" srcset=\"https:\/\/fmp-components.com\/wp-content\/uploads\/2025\/03\/hydraulic-cylinder-8.webp 933w, https:\/\/fmp-components.com\/wp-content\/uploads\/2025\/03\/hydraulic-cylinder-8-480x271.webp 480w\" sizes=\"(min-width: 0px) and (max-width: 480px) 480px, (min-width: 481px) 933px, 100vw\" \/><\/p>\n<p>V podjetju FMP smo ponosni na na\u0161e najsodobnej\u0161e proizvodne obrate, opremljene s preciznimi stroji in naprednimi sistemi za testiranje. Na\u0161i proizvodni procesi so skladni s strogimi nacionalnimi in mednarodnimi standardi, kar zagotavlja, da vsak izdelan hidravli\u010dni valj izpolnjuje najvi\u0161je standarde kakovosti in zanesljivosti. Na\u0161a usposobljena tehni\u010dna ekipa nam v kombinaciji z najsodobnej\u0161o opremo omogo\u010da strog nadzor kakovosti na vsaki stopnji proizvodnje \u2013 od izbire surovin do kon\u010dnega pregleda. Ta zavezanost odli\u010dnosti nam je prinesla certifikate in priznanja s strani industrijskih organov, kar je utrdilo na\u0161 ugled zanesljivega partnerja.<\/p>\n<p>Na\u0161e poslanstvo je preprosto in ambiciozno hkrati: strankam zagotoviti hidravli\u010dne cilindre, ki presegajo pri\u010dakovanja glede zmogljivosti, vzdr\u017eljivosti in vrednosti. Delujemo po na\u010delih profesionalnosti, integritete in osredoto\u010denosti na stranke. Z gojenjem kulture inovacij in natan\u010dnosti nenehno izpopolnjujemo na\u0161e izdelke, da bi ostali v ospredju na konkuren\u010dnem trgu. Na\u0161a \u0161iroka paleta izdelkov in sposobnost ponujanja prilagojenih re\u0161itev nas uvr\u0161\u010data med najbolj priljubljene ponudnike za podjetja, ki i\u0161\u010dejo visokozmogljive hidravli\u010dne cilindre.<\/p>\n<p>FMP ni le proizvajalec; smo partner pri va\u0161em uspehu. Razumemo, da so na\u0161e stranke odvisne od nas pri dobavi orodij, ki izbolj\u0161ujejo njihovo produktivnost in varnost. Zato smo predani zagotavljanju ne le vrhunskih izdelkov, temve\u010d tudi izjemnih storitev. Od za\u010detnega posvetovanja do poprodajne podpore tesno sodelujemo z na\u0161imi strankami, da zagotovimo, da so njihove potrebe izpolnjene profesionalno in skrbno. Na\u0161e konkuren\u010dne cene v kombinaciji z neomajno zavezanostjo kakovosti naredijo FMP pametno izbiro za podjetja, ki \u017eelijo vlagati v zanesljive hidravli\u010dne re\u0161itve.<\/p>","protected":false},"excerpt":{"rendered":"<p>Cost Effective Dump Truck Hydraulic Cylinder Double Acting Hydraulic Telescopic Cylinder Introducing the Cost-Effective Dump Truck hydraulic cylinder, a Double Acting Hydraulic Telescopic Cylinder designed for efficiency and high performance. The product is new, boasting a standard plunger cylinder structure and hydraulic power. Its steel body guarantees robustness and durability. Product Specifications Bore Size 2-6 [&hellip;]<\/p>","protected":false},"featured_media":6754,"comment_status":"closed","ping_status":"closed","template":"","meta":{"_et_pb_use_builder":"","_et_pb_old_content":"","_et_gb_content_width":""},"product_brand":[],"product_cat":[103],"product_tag":[34,105],"class_list":{"0":"post-6542","1":"product","2":"type-product","3":"status-publish","4":"has-post-thumbnail","6":"product_cat-telescopic-hydraulic-cylinders","7":"product_tag-hydraulic-cylinder","8":"product_tag-telescopic-hydraulic-cylinders","10":"first","11":"instock","12":"product-type-simple"},"_links":{"self":[{"href":"https:\/\/fmp-components.com\/sl\/wp-json\/wp\/v2\/product\/6542","targetHints":{"allow":["GET"]}}],"collection":[{"href":"https:\/\/fmp-components.com\/sl\/wp-json\/wp\/v2\/product"}],"about":[{"href":"https:\/\/fmp-components.com\/sl\/wp-json\/wp\/v2\/types\/product"}],"replies":[{"embeddable":true,"href":"https:\/\/fmp-components.com\/sl\/wp-json\/wp\/v2\/comments?post=6542"}],"wp:featuredmedia":[{"embeddable":true,"href":"https:\/\/fmp-components.com\/sl\/wp-json\/wp\/v2\/media\/6754"}],"wp:attachment":[{"href":"https:\/\/fmp-components.com\/sl\/wp-json\/wp\/v2\/media?parent=6542"}],"wp:term":[{"taxonomy":"product_brand","embeddable":true,"href":"https:\/\/fmp-components.com\/sl\/wp-json\/wp\/v2\/product_brand?post=6542"},{"taxonomy":"product_cat","embeddable":true,"href":"https:\/\/fmp-components.com\/sl\/wp-json\/wp\/v2\/product_cat?post=6542"},{"taxonomy":"product_tag","embeddable":true,"href":"https:\/\/fmp-components.com\/sl\/wp-json\/wp\/v2\/product_tag?post=6542"}],"curies":[{"name":"delovni list","href":"https:\/\/api.w.org\/{rel}","templated":true}]}}