{"id":6539,"date":"2025-03-11T06:28:19","date_gmt":"2025-03-11T06:28:19","guid":{"rendered":"https:\/\/fmp-components.com\/product\/professional-craftsmanship-telescopic-double-acting-hydraulic-cylinder-for-dump-truck"},"modified":"2025-03-18T01:59:35","modified_gmt":"2025-03-18T01:59:35","slug":"professional-craftsmanship-telescopic-double-acting-hydraulic-cylinder-for-dump-truck","status":"publish","type":"product","link":"https:\/\/fmp-components.com\/sl\/product\/professional-craftsmanship-telescopic-double-acting-hydraulic-cylinder-for-dump-truck\/","title":{"rendered":"Profesionalna izdelava teleskopskega dvostranskega hidravli\u010dnega cilindra za prekucnik"},"content":{"rendered":"<h2>Profesionalna izdelava teleskopskega dvostranskega hidravli\u010dnega cilindra za prekucnik<\/h2>\n<p>Na\u0161 teleskopski dvosmerni hidravli\u010dni cilinder je zasnovan s profesionalno izdelavo, posebej za prekucnike. Izdeluje ga FMP, vodilno podjetje v panogi s sede\u017eem v mestu Italy City, in zagotavlja zanesljivo in u\u010dinkovito delovanje. Njegove klju\u010dne zna\u010dilnosti vklju\u010dujejo ve\u010dstopenjsko strukturo, visoko potisno in vle\u010dno zmogljivost ter certifikat ISO9001:2000.<\/p>\n<p><img loading=\"lazy\" decoding=\"async\" class=\"alignnone wp-image-6665\" src=\"https:\/\/fmp-components.com\/wp-content\/uploads\/2025\/03\/telescopic-hydraulic-cylinder-9.webp\" alt=\"teleskopski hidravli\u010dni cilinder\" width=\"934\" height=\"934\" title=\"\" srcset=\"https:\/\/fmp-components.com\/wp-content\/uploads\/2025\/03\/telescopic-hydraulic-cylinder-9.webp 934w, https:\/\/fmp-components.com\/wp-content\/uploads\/2025\/03\/telescopic-hydraulic-cylinder-9-480x480.webp 480w\" sizes=\"(min-width: 0px) and (max-width: 480px) 480px, (min-width: 481px) 934px, 100vw\" \/><\/p>\n<h3>Zna\u010dilnosti in pomen izdelka<\/h3>\n<p>S standardno strukturo bata ima na\u0161 hidravli\u010dni cilinder najve\u010dji potisk 3000 in najve\u010djo vle\u010dno mo\u010d 20 ton. Ohi\u0161je je izdelano iz trpe\u017enega jekla, kar zagotavlja dolgo \u017eivljenjsko dobo in odpornost proti obrabi. Velikost izvrtine in palice se giblje od 2 do 6 palcev oziroma 1,125 do 4 palcev, kar ponuja vsestranskost za razli\u010dne aplikacije.<\/p>\n<h3>Tehni\u010dne specifikacije<\/h3>\n<table style=\"width: 101.297%; height: 118px;\" border=\"\">\n<tbody>\n<tr>\n<td><i>Velikost izvrtine<\/i><\/td>\n<td>2\u20136 palcev<\/td>\n<\/tr>\n<tr>\n<td><i>Velikost palice<\/i><\/td>\n<td>1,125-4 palca<\/td>\n<\/tr>\n<tr>\n<td><i>Velikost poteze<\/i><\/td>\n<td>4\u2013100 palcev<\/td>\n<\/tr>\n<tr>\n<td><i>Velikost zati\u010da<\/i><\/td>\n<td>0,5\u20132 palca<\/td>\n<\/tr>\n<tr>\n<td><i>Pristani\u0161\u010da<\/i><\/td>\n<td>G\/SAE\/NPT\/M<\/td>\n<\/tr>\n<\/tbody>\n<\/table>\n<h2>Edinstvene lastnosti in prednosti<\/h2>\n<h3>Energetsko u\u010dinkovito<\/h3>\n<p>Na\u0161i hidravli\u010dni cilindri so skrbno zasnovani za optimizacijo energetske u\u010dinkovitosti in znatno zmanj\u0161anje porabe energije med delovanjem. To ne le pomaga zni\u017eati obratovalne stro\u0161ke za podjetja, temve\u010d prispeva tudi k okoljski trajnosti z zmanj\u0161evanjem odpadkov in porabe energije. Z uporabo naprednih in\u017eenirskih tehnik na\u0161i cilindri zagotavljajo, da se vsaka enota energije u\u010dinkovito izkoristi, kar pove\u010da produktivnost in hkrati var\u010duje z viri.<\/p>\n<h3>Zelo u\u010dinkovito<\/h3>\n<p>Z impresivno potisno in vle\u010dno zmogljivostjo se na\u0161i hidravli\u010dni cilindri odli\u010dno obnesejo v zahtevnih pogojih. Zasnovani so tako, da zagotavljajo zmogljivo delovanje tudi v najzahtevnej\u0161ih okoljih, zaradi \u010desar so primerni za uporabo v te\u017ekih pogojih. Njihova robustna konstrukcija zagotavlja vzdr\u017eljivost in zanesljivost, kar jim omogo\u010da, da prenesejo velike obremenitve in dosledno delujejo, ne glede na to, ali gre za dvigovanje, potiskanje ali vle\u010denje v razli\u010dnih industrijskih okoljih.<\/p>\n<h3>Varnost<\/h3>\n<p>Varnost je v na\u0161i filozofiji oblikovanja najpomembnej\u0161a. Na\u0161i hidravli\u010dni cilindri so certificirani po standardu ISO 9001:2000, ki zagotavlja skladnost s strogimi varnostnimi in kakovostnimi merili. Ta certifikat na\u0161im strankam zagotavlja brezskrbnost, saj vedo, da na\u0161i izdelki izpolnjujejo stroge industrijske standarde glede zmogljivosti in zanesljivosti. Z dajanjem prednosti varnosti pomagamo zmanj\u0161ati tveganja, povezana s hidravli\u010dnimi operacijami, in zagotavljamo varno delovno okolje.<\/p>\n<h2>Na\u010delo delovanja in uporaba<\/h2>\n<p>Hidravli\u010dni cilinder deluje s pretvorbo hidravli\u010dne energije v mehansko energijo. Ta pretvorba se dose\u017ee s tlakom hidravli\u010dne teko\u010dine, ki premika bat znotraj cilindra in ustvarja linearno gibanje. Zaradi tega na\u010dela so hidravli\u010dni cilindri nepogre\u0161ljivi v razli\u010dnih panogah, vklju\u010dno z:<\/p>\n<ul>\n<li><strong>Servisi strojev:<\/strong> Idealno za dvigovanje in pozicioniranje te\u017ekih strojev, kar omogo\u010da u\u010dinkovito vzdr\u017eevanje in popravila.<\/li>\n<li><strong>Kmetije:<\/strong> Bistveno za naloge, kot so premikanje te\u017ekih bremen in upravljanje kmetijske opreme, saj pove\u010duje produktivnost in u\u010dinkovitost.<\/li>\n<li><strong>Energija in rudarstvo:<\/strong> Uporablja se pri operacijah, ki zahtevajo znatno dvigovanje in silo, kar zagotavlja mo\u010d in zanesljivost v zahtevnih okoljih.<\/li>\n<li><strong>Proizvodnja strojev:<\/strong> Sestavni del sestavljanja in premikanja strojnih komponent, kar zagotavlja natan\u010dnost in u\u010dinkovitost v proizvodnih procesih.<\/li>\n<li><strong>Strojne tovarne:<\/strong> Uporabljajo se za razli\u010dne namene, od dvigovanja do stiskanja, kar zagotavlja nemoteno delovanje na proizvodnih linijah.<\/li>\n<\/ul>\n<p><img loading=\"lazy\" decoding=\"async\" class=\"alignnone wp-image-6664\" src=\"https:\/\/fmp-components.com\/wp-content\/uploads\/2025\/03\/telescopic-hydraulic-cylinder-8.webp\" alt=\"teleskopski hidravli\u010dni cilinder\" width=\"907\" height=\"907\" title=\"\" srcset=\"https:\/\/fmp-components.com\/wp-content\/uploads\/2025\/03\/telescopic-hydraulic-cylinder-8.webp 907w, https:\/\/fmp-components.com\/wp-content\/uploads\/2025\/03\/telescopic-hydraulic-cylinder-8-480x480.webp 480w\" sizes=\"(min-width: 0px) and (max-width: 480px) 480px, (min-width: 481px) 907px, 100vw\" \/><\/p>\n<h2>Hidravli\u010dni cilindri in pogonske enote<\/h2>\n<p>Hidravli\u010dni cilindri in pogonske enote so klju\u010dne komponente hidravli\u010dnega sistema, ki delujejo usklajeno, da omogo\u010dajo u\u010dinkovito uporabo hidravli\u010dne tehnologije v razli\u010dnih panogah. Hidravli\u010dni valj deluje kot aktuator, ki pretvarja hidravli\u010dno energijo v mehansko gibanje, medtem ko pogonska enota ustvarja in regulira potreben hidravli\u010dni tlak.<\/p>\n<p>Njihovo sinergisti\u010dno delovanje zagotavlja \u0161iroko uporabo hidravli\u010dne tehnologije v industrijskih aplikacijah, saj zagotavlja zanesljivo mo\u010d in natan\u010den nadzor za vrsto in\u017eenirske in mehanske opreme. V podjetju FMP ponujamo tudi izbor visokokakovostnih pogonskih enot, ki so prilagojene tako, da dopolnjujejo na\u0161e hidravli\u010dne cilindre in izbolj\u0161ujejo celotno delovanje sistema. Ta celovit pristop pomaga na\u0161im strankam dose\u010di optimalno u\u010dinkovitost in produktivnost pri njihovem delovanju.<\/p>\n<h2>Pogosta vpra\u0161anja<\/h2>\n<h3>V: Ali ste trgovsko podjetje ali proizvajalec?<\/h3>\n<p>O: Smo proizvajalec.<\/p>\n<h3>V: Koliko \u010dasa traja va\u0161a dobavni rok?<\/h3>\n<p>A: Na splo\u0161no je to 25-35 dni.<\/p>\n<h3>V: Ali ponujate vzorce?<\/h3>\n<p>O: Da, lahko ponudimo vzorec, vendar ni brezpla\u010den.<\/p>\n<h3>O FMP-ju<\/h3>\n<p>FMP je vodilni italijanski proizvajalec, specializiran za na\u010drtovanje, razvoj in proizvodnjo visokokakovostnih hidravli\u010dnih cilindrov. Z desetletji strokovnega znanja zdru\u017eujemo tradicionalno italijansko obrt z najsodobnej\u0161o tehnologijo, da bi zagotovili izjemne hidravli\u010dne re\u0161itve, ki zadovoljujejo raznolike potrebe na\u0161ih strank po vsem svetu. FMP s sede\u017eem v Italiji, sredi\u0161\u010du in\u017eenirske odli\u010dnosti, se je uveljavil kot zaupanja vredno ime v hidravli\u010dni industriji, predan zagotavljanju zanesljivih, trpe\u017enih in inovativnih izdelkov, ki opolnomo\u010dajo podjetja po vsem svetu.<\/p>\n<p>Na\u0161e podjetje usklajuje napredne proizvodne tradicije s prihodnostnim pristopom. Z dolgoletnimi izku\u0161njami na podro\u010dju hidravli\u010dnih sistemov se je FMP preoblikoval v sodobno podjetje, ki blesti na podro\u010dju raziskav, na\u010drtovanja in proizvodnje. Ponujamo \u0161iroko paleto hidravli\u010dnih cilindrov, vklju\u010dno z dvostransko delujo\u010dimi cilindri, avtomobilskimi dvi\u017enimi cilindri, cilindri za kmetijsko mehanizacijo in re\u0161itvami po meri za razli\u010dne industrijske aplikacije. Ne glede na to, ali gre za gradbeni\u0161tvo, industrijske instalacije, kmetijstvo ali te\u017eko mehanizacijo, so na\u0161i hidravli\u010dni cilindri zasnovani za delovanje v najzahtevnej\u0161ih pogojih, kar zagotavlja varnost, u\u010dinkovitost in dolgo \u017eivljenjsko dobo.<\/p>\n<p><img loading=\"lazy\" decoding=\"async\" class=\"alignnone size-full wp-image-6720\" src=\"https:\/\/fmp-components.com\/wp-content\/uploads\/2025\/03\/hydraulic-cylinder-8.webp\" alt=\"Teleskopski hidravli\u010dni cilindri\" width=\"933\" height=\"526\" title=\"\" srcset=\"https:\/\/fmp-components.com\/wp-content\/uploads\/2025\/03\/hydraulic-cylinder-8.webp 933w, https:\/\/fmp-components.com\/wp-content\/uploads\/2025\/03\/hydraulic-cylinder-8-480x271.webp 480w\" sizes=\"(min-width: 0px) and (max-width: 480px) 480px, (min-width: 481px) 933px, 100vw\" \/><\/p>\n<p>V podjetju FMP smo ponosni na na\u0161e najsodobnej\u0161e proizvodne obrate, opremljene s preciznimi stroji in naprednimi sistemi za testiranje. Na\u0161i proizvodni procesi so skladni s strogimi nacionalnimi in mednarodnimi standardi, kar zagotavlja, da vsak izdelan hidravli\u010dni valj izpolnjuje najvi\u0161je standarde kakovosti in zanesljivosti. Na\u0161a usposobljena tehni\u010dna ekipa nam v kombinaciji z najsodobnej\u0161o opremo omogo\u010da strog nadzor kakovosti na vsaki stopnji proizvodnje \u2013 od izbire surovin do kon\u010dnega pregleda. Ta zavezanost odli\u010dnosti nam je prinesla certifikate in priznanja s strani industrijskih organov, kar je utrdilo na\u0161 ugled zanesljivega partnerja.<\/p>\n<p>Na\u0161e poslanstvo je preprosto in ambiciozno hkrati: strankam zagotoviti hidravli\u010dne cilindre, ki presegajo pri\u010dakovanja glede zmogljivosti, vzdr\u017eljivosti in vrednosti. Delujemo po na\u010delih profesionalnosti, integritete in osredoto\u010denosti na stranke. Z gojenjem kulture inovacij in natan\u010dnosti nenehno izpopolnjujemo na\u0161e izdelke, da bi ostali v ospredju na konkuren\u010dnem trgu. Na\u0161a \u0161iroka paleta izdelkov in sposobnost ponujanja prilagojenih re\u0161itev nas uvr\u0161\u010data med najbolj priljubljene ponudnike za podjetja, ki i\u0161\u010dejo visokozmogljive hidravli\u010dne cilindre.<\/p>\n<p>FMP ni le proizvajalec; smo partner pri va\u0161em uspehu. Razumemo, da so na\u0161e stranke odvisne od nas pri dobavi orodij, ki izbolj\u0161ujejo njihovo produktivnost in varnost. Zato smo predani zagotavljanju ne le vrhunskih izdelkov, temve\u010d tudi izjemnih storitev. Od za\u010detnega posvetovanja do poprodajne podpore tesno sodelujemo z na\u0161imi strankami, da zagotovimo, da so njihove potrebe izpolnjene profesionalno in skrbno. Na\u0161e konkuren\u010dne cene v kombinaciji z neomajno zavezanostjo kakovosti naredijo FMP pametno izbiro za podjetja, ki \u017eelijo vlagati v zanesljive hidravli\u010dne re\u0161itve.<\/p>","protected":false},"excerpt":{"rendered":"<p>Professional Craftsmanship Telescopic Double Acting Hydraulic Cylinder For Dump Truck Our Telescopic Double Acting Hydraulic Cylinder is designed with professional craftsmanship, specifically for Dump Trucks. Manufactured by FMP, an industry leader located in Italy City, this hydraulic cylinder is guaranteed to provide reliable and efficient performance. Its key features include its multistage structure, high thrust [&hellip;]<\/p>","protected":false},"featured_media":6751,"comment_status":"closed","ping_status":"closed","template":"","meta":{"_et_pb_use_builder":"","_et_pb_old_content":"","_et_gb_content_width":""},"product_brand":[],"product_cat":[103],"product_tag":[34,105],"class_list":{"0":"post-6539","1":"product","2":"type-product","3":"status-publish","4":"has-post-thumbnail","6":"product_cat-telescopic-hydraulic-cylinders","7":"product_tag-hydraulic-cylinder","8":"product_tag-telescopic-hydraulic-cylinders","10":"first","11":"instock","12":"product-type-simple"},"_links":{"self":[{"href":"https:\/\/fmp-components.com\/sl\/wp-json\/wp\/v2\/product\/6539","targetHints":{"allow":["GET"]}}],"collection":[{"href":"https:\/\/fmp-components.com\/sl\/wp-json\/wp\/v2\/product"}],"about":[{"href":"https:\/\/fmp-components.com\/sl\/wp-json\/wp\/v2\/types\/product"}],"replies":[{"embeddable":true,"href":"https:\/\/fmp-components.com\/sl\/wp-json\/wp\/v2\/comments?post=6539"}],"wp:featuredmedia":[{"embeddable":true,"href":"https:\/\/fmp-components.com\/sl\/wp-json\/wp\/v2\/media\/6751"}],"wp:attachment":[{"href":"https:\/\/fmp-components.com\/sl\/wp-json\/wp\/v2\/media?parent=6539"}],"wp:term":[{"taxonomy":"product_brand","embeddable":true,"href":"https:\/\/fmp-components.com\/sl\/wp-json\/wp\/v2\/product_brand?post=6539"},{"taxonomy":"product_cat","embeddable":true,"href":"https:\/\/fmp-components.com\/sl\/wp-json\/wp\/v2\/product_cat?post=6539"},{"taxonomy":"product_tag","embeddable":true,"href":"https:\/\/fmp-components.com\/sl\/wp-json\/wp\/v2\/product_tag?post=6539"}],"curies":[{"name":"delovni list","href":"https:\/\/api.w.org\/{rel}","templated":true}]}}