{"id":6538,"date":"2025-03-11T06:28:19","date_gmt":"2025-03-11T06:28:19","guid":{"rendered":"https:\/\/fmp-components.com\/product\/high-quality-telescopic-hydraulic-cylinder-dump-truck-4-stage-hydraulic-cylinder"},"modified":"2025-10-16T06:03:21","modified_gmt":"2025-10-16T06:03:21","slug":"high-quality-telescopic-hydraulic-cylinder-dump-truck-4-stage-hydraulic-cylinder","status":"publish","type":"product","link":"https:\/\/fmp-components.com\/sl\/product\/high-quality-telescopic-hydraulic-cylinder-dump-truck-4-stage-hydraulic-cylinder\/","title":{"rendered":"Visokokakovosten teleskopski hidravli\u010dni cilinder za prekucnike 4-stopenjski hidravli\u010dni cilinder"},"content":{"rendered":"<h2>Teleskopski hidravli\u010dni cilinder za prekucnike 4-stopenjski hidravli\u010dni cilinder<\/h2>\n<p>Predstavljamo vam na\u0161 vrhunski teleskopski hidravli\u010dni cilinder za prekucnike, nov izdelek iz leta 2025, ki zagotavlja visoko u\u010dinkovitost in zanesljivo delovanje. Ta robusten ve\u010dstopenjski hidravli\u010dni cilinder je zasnovan v standardnih velikostih in je izdelan za zagotavljanje znatne mo\u010di. Ta hidravli\u010dni cilinder, izdelan iz vrhunskega jeklenega materiala, zagotavlja najve\u010dji potisk 3000 in najve\u010dji vle\u010dni napor 20 ton.<\/p>\n<h3>Tehni\u010dne specifikacije<\/h3>\n<table style=\"width: 95.7264%;\" border=\"\">\n<tbody>\n<tr>\n<td style=\"width: 41.5179%;\">Ime izdelka<\/td>\n<td style=\"width: 353.571%;\">Teleskopski valj<\/td>\n<\/tr>\n<tr>\n<td style=\"width: 41.5179%;\">Certificiranje<\/td>\n<td style=\"width: 353.571%;\">ISO9001:2000<\/td>\n<\/tr>\n<tr>\n<td style=\"width: 41.5179%;\">Velikost izvrtine<\/td>\n<td style=\"width: 353.571%;\">2\u20136 palcev<\/td>\n<\/tr>\n<tr>\n<td style=\"width: 41.5179%;\">Velikost palice<\/td>\n<td style=\"width: 353.571%;\">1,125-4 palca<\/td>\n<\/tr>\n<tr>\n<td style=\"width: 41.5179%;\">Velikost poteze<\/td>\n<td style=\"width: 353.571%;\">4\u2013100 palcev<\/td>\n<\/tr>\n<tr>\n<td style=\"width: 41.5179%;\">Velikost zati\u010da<\/td>\n<td style=\"width: 353.571%;\">0,5\u20132 palca<\/td>\n<\/tr>\n<tr>\n<td style=\"width: 41.5179%;\">Pristani\u0161\u010da<\/td>\n<td style=\"width: 353.571%;\">G\/SAE\/NPT\/M<\/td>\n<\/tr>\n<\/tbody>\n<\/table>\n<h3>Edinstvene lastnosti in prednosti<\/h3>\n<ul>\n<li>Energetsko u\u010dinkovito<\/li>\n<li>Visoka zmogljivost<\/li>\n<li>Zagotovljena varnost<\/li>\n<\/ul>\n<h2>Hidravli\u010dni sistemi in princip delovanja<\/h2>\n<p>Hidravli\u010dni cilindri in pogonske enote so sestavni deli hidravli\u010dnih sistemov. Delujejo z roko v roki, da zagotavljajo \u0161iroko uporabo hidravli\u010dne tehnologije v razli\u010dnih panogah, saj ponujajo zanesljivo podporo za napajanje in krmiljenje vseh vrst in\u017eenirske in mehanske opreme. Hidravli\u010dni cilinder kot aktuator je odgovoren za pretvorbo hidravli\u010dne energije v mehansko gibanje, s \u010dimer se tlak pretvori v silo. Medtem pogonska enota slu\u017ei kot jedro, ki dobavlja energijo in krmilne signale, ki jih potrebuje hidravli\u010dni sistem. Njihovo usklajeno delovanje omogo\u010da normalno delovanje hidravli\u010dnega sistema.<\/p>\n<p><img loading=\"lazy\" decoding=\"async\" class=\"alignnone wp-image-6717\" src=\"https:\/\/fmp-components.com\/wp-content\/uploads\/2025\/03\/hydraulic-cylinder-211.webp\" alt=\"Hidravli\u010dni cilindri\" width=\"897\" height=\"899\" title=\"\" srcset=\"https:\/\/fmp-components.com\/wp-content\/uploads\/2025\/03\/hydraulic-cylinder-211.webp 897w, https:\/\/fmp-components.com\/wp-content\/uploads\/2025\/03\/hydraulic-cylinder-211-480x481.webp 480w\" sizes=\"(min-width: 0px) and (max-width: 480px) 480px, (min-width: 481px) 897px, 100vw\" \/><\/p>\n<h2>Uporaba na\u0161ega hidravli\u010dnega cilindra<\/h2>\n<p>Na\u0161 hidravli\u010dni cilinder se \u0161iroko uporablja v delavnicah za popravilo strojev, na kmetijah, v energetskem in rudarskem sektorju, proizvodnji strojev in tovarnah strojev.<\/p>\n<h2>Hidravli\u010dni cilindri in pogonske enote<\/h2>\n<p>Pri FMP razumemo nerazdru\u017eljive vezi med hidravli\u010dnimi cilindri in pogonskimi enotami. Ponujamo tudi pogonske enote za prodajo, s \u010dimer zagotavljamo, da imate vse, kar potrebujete za svoje hidravli\u010dne sisteme.<\/p>\n<h2>Pogosto zastavljena vpra\u0161anja<\/h2>\n<p><strong>V: Ali ste trgovsko podjetje ali proizvajalec?<\/strong><br \/>\nA: Smo tovarna.<\/p>\n<p><strong>V: Koliko \u010dasa traja va\u0161a dobavni rok?<\/strong><br \/>\nA: Na splo\u0161no je to 25-35 dni.<\/p>\n<p><strong>V: Ali ponujate vzorce? Je to brezpla\u010dno ali dodatno?<\/strong><br \/>\nO: Da, lahko ponudimo vzorec, vendar ni brezpla\u010den.<\/p>\n<h3>O FMP-ju<\/h3>\n<p>FMP je vodilni italijanski proizvajalec, specializiran za na\u010drtovanje, razvoj in proizvodnjo visokokakovostnih hidravli\u010dnih cilindrov. Z desetletji strokovnega znanja zdru\u017eujemo tradicionalno italijansko obrt z najsodobnej\u0161o tehnologijo, da bi zagotovili izjemne hidravli\u010dne re\u0161itve, ki zadovoljujejo raznolike potrebe na\u0161ih strank po vsem svetu. FMP s sede\u017eem v Italiji, sredi\u0161\u010du in\u017eenirske odli\u010dnosti, se je uveljavil kot zaupanja vredno ime v hidravli\u010dni industriji, predan zagotavljanju zanesljivih, trpe\u017enih in inovativnih izdelkov, ki opolnomo\u010dajo podjetja po vsem svetu.<\/p>\n<p>Na\u0161e podjetje usklajuje napredne proizvodne tradicije s prihodnostnim pristopom. Z dolgoletnimi izku\u0161njami na podro\u010dju hidravli\u010dnih sistemov se je FMP preoblikoval v sodobno podjetje, ki blesti na podro\u010dju raziskav, na\u010drtovanja in proizvodnje. Ponujamo \u0161iroko paleto hidravli\u010dnih cilindrov, vklju\u010dno z dvostransko delujo\u010dimi cilindri, avtomobilskimi dvi\u017enimi cilindri, cilindri za kmetijsko mehanizacijo in re\u0161itvami po meri za razli\u010dne industrijske aplikacije. Ne glede na to, ali gre za gradbeni\u0161tvo, industrijske instalacije, kmetijstvo ali te\u017eko mehanizacijo, so na\u0161i hidravli\u010dni cilindri zasnovani za delovanje v najzahtevnej\u0161ih pogojih, kar zagotavlja varnost, u\u010dinkovitost in dolgo \u017eivljenjsko dobo.<\/p>\n<p><img loading=\"lazy\" decoding=\"async\" class=\"alignnone size-full wp-image-6720\" src=\"https:\/\/fmp-components.com\/wp-content\/uploads\/2025\/03\/hydraulic-cylinder-8.webp\" alt=\"Teleskopski hidravli\u010dni cilindri\" width=\"933\" height=\"526\" title=\"\" srcset=\"https:\/\/fmp-components.com\/wp-content\/uploads\/2025\/03\/hydraulic-cylinder-8.webp 933w, https:\/\/fmp-components.com\/wp-content\/uploads\/2025\/03\/hydraulic-cylinder-8-480x271.webp 480w\" sizes=\"(min-width: 0px) and (max-width: 480px) 480px, (min-width: 481px) 933px, 100vw\" \/><\/p>\n<p>V podjetju FMP smo ponosni na na\u0161e najsodobnej\u0161e proizvodne obrate, opremljene s preciznimi stroji in naprednimi sistemi za testiranje. Na\u0161i proizvodni procesi so skladni s strogimi nacionalnimi in mednarodnimi standardi, kar zagotavlja, da vsak izdelan hidravli\u010dni valj izpolnjuje najvi\u0161je standarde kakovosti in zanesljivosti. Na\u0161a usposobljena tehni\u010dna ekipa nam v kombinaciji z najsodobnej\u0161o opremo omogo\u010da strog nadzor kakovosti na vsaki stopnji proizvodnje \u2013 od izbire surovin do kon\u010dnega pregleda. Ta zavezanost odli\u010dnosti nam je prinesla certifikate in priznanja s strani industrijskih organov, kar je utrdilo na\u0161 ugled zanesljivega partnerja.<\/p>\n<p>Na\u0161e poslanstvo je preprosto in ambiciozno hkrati: strankam zagotoviti hidravli\u010dne cilindre, ki presegajo pri\u010dakovanja glede zmogljivosti, vzdr\u017eljivosti in vrednosti. Delujemo po na\u010delih profesionalnosti, integritete in osredoto\u010denosti na stranke. Z gojenjem kulture inovacij in natan\u010dnosti nenehno izpopolnjujemo na\u0161e izdelke, da bi ostali v ospredju na konkuren\u010dnem trgu. Na\u0161a \u0161iroka paleta izdelkov in sposobnost ponujanja prilagojenih re\u0161itev nas uvr\u0161\u010data med najbolj priljubljene ponudnike za podjetja, ki i\u0161\u010dejo visokozmogljive hidravli\u010dne cilindre.<\/p>\n<p>FMP ni le proizvajalec; smo partner pri va\u0161em uspehu. Razumemo, da so na\u0161e stranke odvisne od nas pri dobavi orodij, ki izbolj\u0161ujejo njihovo produktivnost in varnost. Zato smo predani zagotavljanju ne le vrhunskih izdelkov, temve\u010d tudi izjemnih storitev. Od za\u010detnega posvetovanja do poprodajne podpore tesno sodelujemo z na\u0161imi strankami, da zagotovimo, da so njihove potrebe izpolnjene profesionalno in skrbno. Na\u0161e konkuren\u010dne cene v kombinaciji z neomajno zavezanostjo kakovosti naredijo FMP pametno izbiro za podjetja, ki \u017eelijo vlagati v zanesljive hidravli\u010dne re\u0161itve.<\/p>","protected":false},"excerpt":{"rendered":"<p>FMP proizvaja 4-stopenjski teleskopski hidravli\u010dni cilinder za prekucnike, zasnovan za dvigovanje in vzdr\u017eljivost pri te\u017ekih delih. Kot kitajska tovarna in proizvajalec ponujamo ta izdelek po konkuren\u010dni ceni. Zagotavlja zanesljivo delovanje in dalj\u0161o \u017eivljenjsko dobo za tovornjake v gradbeni\u0161tvu in rudarstvu. Kompaktna zasnova omogo\u010da ve\u010djo nosilnost in manj vzdr\u017eevanja.<\/p>","protected":false},"featured_media":6750,"comment_status":"closed","ping_status":"closed","template":"","meta":{"_et_pb_use_builder":"","_et_pb_old_content":"","_et_gb_content_width":""},"product_brand":[],"product_cat":[103],"product_tag":[34,105],"class_list":{"0":"post-6538","1":"product","2":"type-product","3":"status-publish","4":"has-post-thumbnail","6":"product_cat-telescopic-hydraulic-cylinders","7":"product_tag-hydraulic-cylinder","8":"product_tag-telescopic-hydraulic-cylinders","10":"first","11":"instock","12":"product-type-simple"},"_links":{"self":[{"href":"https:\/\/fmp-components.com\/sl\/wp-json\/wp\/v2\/product\/6538","targetHints":{"allow":["GET"]}}],"collection":[{"href":"https:\/\/fmp-components.com\/sl\/wp-json\/wp\/v2\/product"}],"about":[{"href":"https:\/\/fmp-components.com\/sl\/wp-json\/wp\/v2\/types\/product"}],"replies":[{"embeddable":true,"href":"https:\/\/fmp-components.com\/sl\/wp-json\/wp\/v2\/comments?post=6538"}],"wp:featuredmedia":[{"embeddable":true,"href":"https:\/\/fmp-components.com\/sl\/wp-json\/wp\/v2\/media\/6750"}],"wp:attachment":[{"href":"https:\/\/fmp-components.com\/sl\/wp-json\/wp\/v2\/media?parent=6538"}],"wp:term":[{"taxonomy":"product_brand","embeddable":true,"href":"https:\/\/fmp-components.com\/sl\/wp-json\/wp\/v2\/product_brand?post=6538"},{"taxonomy":"product_cat","embeddable":true,"href":"https:\/\/fmp-components.com\/sl\/wp-json\/wp\/v2\/product_cat?post=6538"},{"taxonomy":"product_tag","embeddable":true,"href":"https:\/\/fmp-components.com\/sl\/wp-json\/wp\/v2\/product_tag?post=6538"}],"curies":[{"name":"delovni list","href":"https:\/\/api.w.org\/{rel}","templated":true}]}}