{"id":6529,"date":"2025-03-11T06:28:19","date_gmt":"2025-03-11T06:28:19","guid":{"rendered":"https:\/\/fmp-components.com\/product\/dump-trailer-truck-20-tons-100-ton-5-stage-telescopic-hydraulic-cylinder-with-long-stroke"},"modified":"2025-03-12T02:11:55","modified_gmt":"2025-03-12T02:11:55","slug":"dump-trailer-truck-20-tons-100-ton-5-stage-telescopic-hydraulic-cylinder-with-long-stroke","status":"publish","type":"product","link":"https:\/\/fmp-components.com\/sl\/product\/dump-trailer-truck-20-tons-100-ton-5-stage-telescopic-hydraulic-cylinder-with-long-stroke\/","title":{"rendered":"Tovornjak s priklopnikom za prekucnike 20 ton 100 ton 5-stopenjski teleskopski hidravli\u010dni cilinder z dolgim \u200b\u200bhodom"},"content":{"rendered":"<h2>Tovornjak s priklopnikom za prekucnike 20 ton 100 ton 5-stopenjski teleskopski hidravli\u010dni cilinder z dolgim \u200b\u200bhodom<\/h2>\n<p>5-stopenjski teleskopski hidravli\u010dni cilinder z dolgim \u200b\u200bhodom je visokokakovosten in trpe\u017een kos opreme, zasnovan za tovornjake s priklopnikom. Nosi te\u017eo 38 kg in lahko dose\u017ee najve\u010dji potisk 3000 ton ter vle\u010dno silo do 20 ton. Ta hidravli\u010dni cilinder je idealen za uporabo v razli\u010dnih panogah, vklju\u010dno s strojnimi delavnicami, kmetijstvom, energetiko in rudarstvom ter proizvodnjo strojev.<\/p>\n<p><img loading=\"lazy\" decoding=\"async\" class=\"alignnone  wp-image-6664\" src=\"https:\/\/fmp-components.com\/wp-content\/uploads\/2025\/03\/telescopic-hydraulic-cylinder-8.webp\" alt=\"teleskopski hidravli\u010dni cilinder\" width=\"873\" height=\"873\" title=\"\" srcset=\"https:\/\/fmp-components.com\/wp-content\/uploads\/2025\/03\/telescopic-hydraulic-cylinder-8.webp 873w, https:\/\/fmp-components.com\/wp-content\/uploads\/2025\/03\/telescopic-hydraulic-cylinder-8-480x480.webp 480w\" sizes=\"(min-width: 0px) and (max-width: 480px) 480px, (min-width: 481px) 873px, 100vw\" \/><\/p>\n<h3>Klju\u010dne specifikacije izdelka<\/h3>\n<table style=\"width: 102.38%;\" border=\"\">\n<tbody>\n<tr>\n<td style=\"width: 41.5179%;\">Ime izdelka<\/td>\n<td style=\"width: 381.25%;\">Teleskopski valj<\/td>\n<\/tr>\n<tr>\n<td style=\"width: 41.5179%;\">Certificiranje<\/td>\n<td style=\"width: 381.25%;\">ISO9001:2000<\/td>\n<\/tr>\n<tr>\n<td style=\"width: 41.5179%;\">Velikost izvrtine<\/td>\n<td style=\"width: 381.25%;\">2\u20136 palcev<\/td>\n<\/tr>\n<tr>\n<td style=\"width: 41.5179%;\">Velikost palice<\/td>\n<td style=\"width: 381.25%;\">1,125-4 palca<\/td>\n<\/tr>\n<tr>\n<td style=\"width: 41.5179%;\">Velikost poteze<\/td>\n<td style=\"width: 381.25%;\">4\u2013100 palcev<\/td>\n<\/tr>\n<tr>\n<td style=\"width: 41.5179%;\">Velikost zati\u010da<\/td>\n<td style=\"width: 381.25%;\">0,5\u20132 palca<\/td>\n<\/tr>\n<tr>\n<td style=\"width: 41.5179%;\">Pristani\u0161\u010da<\/td>\n<td style=\"width: 381.25%;\">G\/SAE\/NPT\/M<\/td>\n<\/tr>\n<\/tbody>\n<\/table>\n<h2>Pomembne lastnosti in prednosti<\/h2>\n<p>Ta ve\u010dstopenjski hidravli\u010dni cilinder je skrbno zasnovan s poudarkom na var\u010devanju z energijo, u\u010dinkovitosti in varnosti. Njegova zasnova vklju\u010duje ve\u010d omembe vrednih lastnosti, ki izbolj\u0161ujejo njegovo funkcionalnost in zanesljivost. Ena klju\u010dnih komponent je le\u017eaj, ki zagotavlja nemoteno delovanje in zmanj\u0161uje trenje, s \u010dimer se podalj\u0161a \u017eivljenjska doba cilindra. Ohi\u0161je cilindra je izdelano iz robustnega jekla, znanega po svoji izjemni trdnosti in vzdr\u017eljivosti. Ta izbira materiala ne le podalj\u0161a \u017eivljenjsko dobo cilindra, temve\u010d zagotavlja tudi, da lahko prenese te\u017eke delovne pogoje brez ogro\u017eanja zmogljivosti.<\/p>\n<p>Poleg tega je ta hidravli\u010dni cilinder skladen s certifikatom ISO 9001:2000, kar dokazuje njegovo skladnost z visokimi standardi kakovosti. Ta certifikat odra\u017ea na\u0161o zavezanost sistemom vodenja kakovosti in nenehnim izbolj\u0161avam ter strankam zagotavlja, da vlagajo v zanesljiv in u\u010dinkovit izdelek. Zaradi kombinacije teh lastnosti je na\u0161 ve\u010dstopenjski hidravli\u010dni cilinder zanesljiva izbira za razli\u010dne industrijske aplikacije.<\/p>\n<h2>Hidravli\u010dni sistem in princip delovanja<\/h2>\n<p>Hidravli\u010dni valj deluje na temeljnem na\u010delu pretvorbe hidravli\u010dne energije v mehansko gibanje. Izkori\u0161\u010da mo\u010d tla\u010dne teko\u010dine za ustvarjanje znatne sile in gibanja, kar je bistveno za \u0161irok spekter mehanskih operacij. Ko se hidravli\u010dna teko\u010dina vnese v valj, ustvari tlak, ki deluje na bat v notranjosti. Ta tlak povzro\u010di premikanje bata, kar pretvori hidravli\u010dno energijo v linearno gibanje. Zaradi tega u\u010dinkovitega procesa pretvorbe so hidravli\u010dni sistemi tako u\u010dinkoviti za naloge, ki zahtevajo mo\u010d in natan\u010dnost.<\/p>\n<p>Sposobnost hidravli\u010dnega cilindra, da ustvarja silo s tlakom teko\u010dine, mu omogo\u010da izvajanje razli\u010dnih dejanj, kot so dvigovanje, potiskanje ali vle\u010denje te\u017ekih bremen. To na\u010delo ne le pove\u010da u\u010dinkovitost delovanja, temve\u010d prispeva tudi k splo\u0161ni varnosti in zanesljivosti strojev, v katerih se uporablja.<\/p>\n<p><img loading=\"lazy\" decoding=\"async\" class=\"alignnone  wp-image-6665\" src=\"https:\/\/fmp-components.com\/wp-content\/uploads\/2025\/03\/telescopic-hydraulic-cylinder-9.webp\" alt=\"teleskopski hidravli\u010dni cilinder\" width=\"874\" height=\"874\" title=\"\" srcset=\"https:\/\/fmp-components.com\/wp-content\/uploads\/2025\/03\/telescopic-hydraulic-cylinder-9.webp 874w, https:\/\/fmp-components.com\/wp-content\/uploads\/2025\/03\/telescopic-hydraulic-cylinder-9-480x480.webp 480w\" sizes=\"(min-width: 0px) and (max-width: 480px) 480px, (min-width: 481px) 874px, 100vw\" \/><\/p>\n<h2>Uporaba hidravli\u010dnega cilindra<\/h2>\n<p>Zaradi svoje impresivne zmogljivosti in zasnove je ta hidravli\u010dni cilinder najbolj primeren za te\u017eke aplikacije v razli\u010dnih panogah. Odlikuje se v strojni industriji, energetskem in rudarskem sektorju ter kmetijskih dejavnostih. Z dolgim \u200b\u200bhodom in najve\u010djo vle\u010dno zmogljivostjo 20 ton je ta cilinder idealno opremljen za enostavno rokovanje z velikimi bremeni. Zaradi robustne konstrukcije in visoke zmogljivosti je nepogre\u0161ljivo orodje pri operacijah, ki zahtevajo zanesljivo dvigovanje in premikanje te\u017ekih materialov.<\/p>\n<p>Ne glede na to, ali gre za dvigovanje velikih strojnih komponent, pomo\u010d pri rudarskih delih ali la\u017eje izvajanje kmetijskih opravil, kot je dvigovanje opreme ali te\u017ekih bremen, ta hidravli\u010dni cilinder zagotavlja izjemno zmogljivost. Njegova vsestranskost zagotavlja, da se lahko prilagodi razli\u010dnim aplikacijam, zaradi \u010desar je priljubljena izbira za strokovnjake v \u0161tevilnih sektorjih.<\/p>\n<h2>Hidravli\u010dni cilindri in pogonske enote<\/h2>\n<p>Hidravli\u010dni valj in pogonska enota sta klju\u010dni komponenti vsakega hidravli\u010dnega sistema. Njuna skupna funkcionalnost zagotavlja \u0161iroko uporabo hidravli\u010dne tehnologije v industrijskem sektorju, saj zagotavlja zanesljivo napajanje in krmilno podporo za raznoliko in\u017eenirsko in mehansko opremo. Hidravli\u010dni valj slu\u017ei kot izvedbeni element, odgovoren za pretvorbo hidravli\u010dne energije v mehansko gibanje, kar omogo\u010da u\u010dinkovito izvajanje \u0161irokega nabora nalog.<\/p>\n<p>Medtem pogonska enota deluje kot jedro hidravli\u010dnega sistema, saj ustvarja energijo, potrebno za pogon hidravli\u010dne teko\u010dine, in zagotavlja krmilne signale, potrebne za delovanje. Pogonska enota je obi\u010dajno sestavljena iz motorja, \u010drpalke, rezervoarja in krmilnih ventilov, ki vsi delujejo usklajeno, da vzdr\u017eujejo konstanten tlak in pretok v sistemu.<\/p>\n<p>Usklajeno sodelovanje med hidravli\u010dnim cilindrom in pogonsko enoto je bistvenega pomena za nemoteno delovanje hidravli\u010dnega sistema. Skupaj zagotavljata zanesljivo in u\u010dinkovito delovanje industrijskih strojev, kar pove\u010duje produktivnost in varnost. V podjetju FMP ponujamo tudi visokokakovostne pogonske enote, ki na\u0161im strankam omogo\u010dajo ustvarjanje popolnoma integriranih hidravli\u010dnih sistemov, prilagojenih njihovim specifi\u010dnim potrebam. Ta celovit pristop zagotavlja, da lahko podjetja izkoristijo vse prednosti hidravli\u010dne tehnologije in jim omogo\u010da, da z zaupanjem dose\u017eejo svoje operativne cilje.<\/p>\n<p><img loading=\"lazy\" decoding=\"async\" class=\"alignnone  wp-image-6717\" src=\"https:\/\/fmp-components.com\/wp-content\/uploads\/2025\/03\/hydraulic-cylinder-211.webp\" alt=\"Hidravli\u010dni cilindri\" width=\"923\" height=\"925\" title=\"\" srcset=\"https:\/\/fmp-components.com\/wp-content\/uploads\/2025\/03\/hydraulic-cylinder-211.webp 923w, https:\/\/fmp-components.com\/wp-content\/uploads\/2025\/03\/hydraulic-cylinder-211-480x481.webp 480w\" sizes=\"(min-width: 0px) and (max-width: 480px) 480px, (min-width: 481px) 923px, 100vw\" \/><\/p>\n<h3>Pogosto zastavljena vpra\u0161anja<\/h3>\n<p><strong>V: Ali ste trgovsko podjetje ali proizvajalec?<\/strong><br \/>\nO: Smo proizvajalec.<\/p>\n<p><strong>V: Koliko \u010dasa traja va\u0161a dobavni rok?<\/strong><br \/>\nA: Na splo\u0161no je to 25-35 dni.<\/p>\n<p><strong>V: Ali ponujate vzorce? Je to brezpla\u010dno ali dodatno?<\/strong><br \/>\nO: Da, lahko ponudimo vzorec, vendar ni brezpla\u010den.<\/p>\n<h3>O FMP-ju<\/h3>\n<p>FMP je vodilni italijanski proizvajalec, specializiran za na\u010drtovanje, razvoj in proizvodnjo vrhunskih hidravli\u010dnih cilindrov. Z zapu\u0161\u010dino, zgrajeno na desetletjih strokovnega znanja, brezhibno zdru\u017eujemo italijansko obrt z najsodobnej\u0161o tehnologijo in zagotavljamo izjemne hidravli\u010dne re\u0161itve, prilagojene raznolikim potrebam na\u0161ih strank po vsem svetu. FMP se nahaja v Italiji \u2013 epicentru in\u017eenirske odli\u010dnosti \u2013 in se je uveljavil kot zaupanja vredno ime v hidravli\u010dni industriji, predan zagotavljanju zanesljivih, trpe\u017enih in inovativnih izdelkov, ki opolnomo\u010dajo podjetja po vsem svetu.<\/p>\n<p>Na\u0161e podjetje zdru\u017euje napredne proizvodne tradicije s prihodnostnim pristopom. Z bogatimi izku\u0161njami na podro\u010dju hidravli\u010dnih sistemov se je FMP preoblikoval v sodobno podjetje, ki blesti na podro\u010dju raziskav, na\u010drtovanja in proizvodnje. Ponujamo \u0161iroko paleto hidravli\u010dnih cilindrov, vklju\u010dno z dvostransko delujo\u010dimi cilindri, avtomobilskimi dvi\u017enimi cilindri, cilindri za kmetijsko mehanizacijo in re\u0161itvami po meri za razli\u010dne industrijske aplikacije. Ne glede na sektor \u2013 pa naj bo to gradbeni\u0161tvo, industrijske in\u0161talacije, kmetijstvo ali te\u017eka mehanizacija \u2013 so na\u0161i hidravli\u010dni cilindri zasnovani za delovanje v najzahtevnej\u0161ih pogojih, kar zagotavlja varnost, u\u010dinkovitost in dolgo \u017eivljenjsko dobo.<\/p>\n<p><img loading=\"lazy\" decoding=\"async\" class=\"alignnone size-full wp-image-6720\" src=\"https:\/\/fmp-components.com\/wp-content\/uploads\/2025\/03\/hydraulic-cylinder-8.webp\" alt=\"Teleskopski hidravli\u010dni cilindri\" width=\"933\" height=\"526\" title=\"\" srcset=\"https:\/\/fmp-components.com\/wp-content\/uploads\/2025\/03\/hydraulic-cylinder-8.webp 933w, https:\/\/fmp-components.com\/wp-content\/uploads\/2025\/03\/hydraulic-cylinder-8-480x271.webp 480w\" sizes=\"(min-width: 0px) and (max-width: 480px) 480px, (min-width: 481px) 933px, 100vw\" \/><\/p>\n<p>V podjetju FMP smo ponosni na na\u0161e najsodobnej\u0161e proizvodne obrate, ki so opremljeni s preciznimi stroji in naprednimi sistemi za testiranje. Na\u0161i proizvodni procesi izpolnjujejo stroge nacionalne in mednarodne standarde, kar zagotavlja, da je vsak izdelan hidravli\u010dni valj najvi\u0161je kakovosti in zanesljivosti. Na\u0161a usposobljena tehni\u010dna ekipa nam v kombinaciji z najsodobnej\u0161o opremo omogo\u010da strog nadzor kakovosti na vsaki stopnji proizvodnje \u2013 od izbire surovin do kon\u010dnega pregleda. Ta zavezanost odli\u010dnosti nam je prinesla certifikate in priznanja s strani industrijskih organov, kar je \u0161e utrdilo na\u0161 ugled zanesljivega partnerja.<\/p>\n<p>Na\u0161e poslanstvo je preprosto in ambiciozno hkrati: strankam zagotoviti hidravli\u010dne cilindre, ki presegajo pri\u010dakovanja glede zmogljivosti, vzdr\u017eljivosti in vrednosti. Delujemo po temeljnih na\u010delih profesionalnosti, integritete in osredoto\u010denosti na stranke. Z gojenjem kulture inovacij in natan\u010dnosti nenehno izpopolnjujemo na\u0161e izdelke, da bi ostali v ospredju na konkuren\u010dnem trgu. Na\u0161a celovita ponudba izdelkov in sposobnost ponujanja prilagojenih re\u0161itev nas uvr\u0161\u010data med prednostne izbire za podjetja, ki i\u0161\u010dejo visokozmogljive hidravli\u010dne cilindre.<\/p>\n<p>FMP ni le proizvajalec; smo partner pri va\u0161em uspehu. Razumemo, da so na\u0161e stranke odvisne od nas, da jim zagotovimo orodja, ki izbolj\u0161ujejo produktivnost in varnost. Zato smo zavezani ne le k zagotavljanju vrhunskih izdelkov, temve\u010d tudi k zagotavljanju izjemnih storitev. Od za\u010detnih posvetovanj do poprodajne podpore tesno sodelujemo z na\u0161imi strankami, da zagotovimo, da so njihove potrebe izpolnjene profesionalno in skrbno. Na\u0161e konkuren\u010dne cene v kombinaciji z na\u0161o neomajno zavezanostjo kakovosti naredijo FMP pametno izbiro za podjetja, ki \u017eelijo vlagati v zanesljive hidravli\u010dne re\u0161itve.<\/p>","protected":false},"excerpt":{"rendered":"<p>Dump Trailer Truck 20 Tons 100 Ton 5 Stage Telescopic Hydraulic Cylinder with Long Stroke The 5 stage telescopic hydraulic cylinder with long stroke is a high-quality, heavy-duty piece of equipment designed for dump trailer trucks. It carries a weight of 38kg and can deliver a maximum thrust of 3000 and pull up to 20 [&hellip;]<\/p>","protected":false},"featured_media":6700,"comment_status":"closed","ping_status":"closed","template":"","meta":{"_et_pb_use_builder":"","_et_pb_old_content":"","_et_gb_content_width":""},"product_brand":[],"product_cat":[103],"product_tag":[34,105],"class_list":{"0":"post-6529","1":"product","2":"type-product","3":"status-publish","4":"has-post-thumbnail","6":"product_cat-telescopic-hydraulic-cylinders","7":"product_tag-hydraulic-cylinder","8":"product_tag-telescopic-hydraulic-cylinders","10":"first","11":"instock","12":"product-type-simple"},"_links":{"self":[{"href":"https:\/\/fmp-components.com\/sl\/wp-json\/wp\/v2\/product\/6529","targetHints":{"allow":["GET"]}}],"collection":[{"href":"https:\/\/fmp-components.com\/sl\/wp-json\/wp\/v2\/product"}],"about":[{"href":"https:\/\/fmp-components.com\/sl\/wp-json\/wp\/v2\/types\/product"}],"replies":[{"embeddable":true,"href":"https:\/\/fmp-components.com\/sl\/wp-json\/wp\/v2\/comments?post=6529"}],"wp:featuredmedia":[{"embeddable":true,"href":"https:\/\/fmp-components.com\/sl\/wp-json\/wp\/v2\/media\/6700"}],"wp:attachment":[{"href":"https:\/\/fmp-components.com\/sl\/wp-json\/wp\/v2\/media?parent=6529"}],"wp:term":[{"taxonomy":"product_brand","embeddable":true,"href":"https:\/\/fmp-components.com\/sl\/wp-json\/wp\/v2\/product_brand?post=6529"},{"taxonomy":"product_cat","embeddable":true,"href":"https:\/\/fmp-components.com\/sl\/wp-json\/wp\/v2\/product_cat?post=6529"},{"taxonomy":"product_tag","embeddable":true,"href":"https:\/\/fmp-components.com\/sl\/wp-json\/wp\/v2\/product_tag?post=6529"}],"curies":[{"name":"delovni list","href":"https:\/\/api.w.org\/{rel}","templated":true}]}}