{"id":6525,"date":"2025-03-11T06:26:57","date_gmt":"2025-03-11T06:26:57","guid":{"rendered":"https:\/\/fmp-components.com\/product\/chinese-factory-dump-trailer-hydraulic-cylinders-multistage-hydraulic-cylinder-for-sale"},"modified":"2025-03-18T02:13:23","modified_gmt":"2025-03-18T02:13:23","slug":"italian-factory-dump-trailer-hydraulic-cylinders-multistage-hydraulic-cylinder-for-sale","status":"publish","type":"product","link":"https:\/\/fmp-components.com\/sl\/product\/italian-factory-dump-trailer-hydraulic-cylinders-multistage-hydraulic-cylinder-for-sale\/","title":{"rendered":"Hidravli\u010dni cilindri za prikolice italijanske tovarne, ve\u010dstopenjski hidravli\u010dni cilinder za prodajo"},"content":{"rendered":"<h2>Hidravli\u010dni cilindri za prikolice italijanske tovarne, ve\u010dstopenjski hidravli\u010dni cilinder za prodajo<\/h2>\n<p>Odkrijte mo\u010d na\u0161ih ve\u010dstopenjskih hidravli\u010dnih cilindrov. Ti visoko u\u010dinkoviti in zanesljivi cilindri so zasnovani za zahtevne aplikacije in ponujajo odli\u010dno delovanje v razli\u010dnih panogah, vklju\u010dno s servisnimi delavnicami, kmetijstvom, energetiko in rudarstvom ter proizvodnjo strojev. Na\u0161i hidravli\u010dni cilindri so izdelani natan\u010dno, kar zagotavlja vrhunsko funkcionalnost in vzdr\u017eljivost. Z najve\u010djim potiskom 3000 in najve\u010djim vle\u010dnim naporom 20 ton so resni\u010dno izdelani za dolgo \u017eivljenjsko dobo.<\/p>\n<h3>Specifikacije izdelka<\/h3>\n<table style=\"width: 101.086%;\" border=\"\">\n<tbody>\n<tr>\n<td style=\"width: 43.5028%;\"><b>Velikost izvrtine<\/b><\/td>\n<td style=\"width: 490.96%;\">2\u20136 palcev<\/td>\n<\/tr>\n<tr>\n<td style=\"width: 43.5028%;\"><b>Velikost palice<\/b><\/td>\n<td style=\"width: 490.96%;\">1,125-4 palca<\/td>\n<\/tr>\n<tr>\n<td style=\"width: 43.5028%;\"><b>Velikost poteze<\/b><\/td>\n<td style=\"width: 490.96%;\">4\u2013100 palcev<\/td>\n<\/tr>\n<tr>\n<td style=\"width: 43.5028%;\"><b>Velikost zati\u010da<\/b><\/td>\n<td style=\"width: 490.96%;\">0,5\u20132 palca<\/td>\n<\/tr>\n<tr>\n<td style=\"width: 43.5028%;\"><b>Pristani\u0161\u010da<\/b><\/td>\n<td style=\"width: 490.96%;\">G\/SAE\/NPT\/M<\/td>\n<\/tr>\n<\/tbody>\n<\/table>\n<h3>Edinstvene lastnosti in prednosti<\/h3>\n<ul>\n<li>Energetsko u\u010dinkovito<\/li>\n<li>Visoka zmogljivost<\/li>\n<li>Zagotovljena varnost<\/li>\n<\/ul>\n<h3>Razumevanje hidravli\u010dnega sistema in principa delovanja<\/h3>\n<p>Hidravli\u010dni sistemi so nepogre\u0161ljivi v \u0161tevilnih panogah, predvsem zaradi svoje izjemne sposobnosti ustvarjanja velikih koli\u010din mo\u010di in zagotavljanja visoke ravni nadzora. Ti sistemi izkori\u0161\u010dajo na\u010dela mehanike teko\u010din za prenos in oja\u010danje sile, zaradi \u010desar so idealni za aplikacije, ki zahtevajo natan\u010dno gibanje in znatne dvi\u017ene zmogljivosti. Klju\u010dna komponenta hidravli\u010dnih sistemov je ve\u010dstopenjski hidravli\u010dni valj, ki deluje tako, da pretvarja hidravli\u010dno energijo v mehansko gibanje. Ta proces pretvorbe ustvari mo\u010dno silo, ki jo je mogo\u010de izkoristiti za razli\u010dne aplikacije, od dvigovanja te\u017ekih bremen do natan\u010dnega pozicioniranja strojev. Zasnova teh valjev omogo\u010da u\u010dinkovito delovanje pri razli\u010dnih ravneh tlaka, kar zagotavlja, da lahko zanesljivo delujejo v razli\u010dnih pogojih.<\/p>\n<p><img loading=\"lazy\" decoding=\"async\" class=\"alignnone wp-image-6659\" src=\"https:\/\/fmp-components.com\/wp-content\/uploads\/2025\/03\/telescopic-hydraulic-cylinder-12.webp\" alt=\"teleskopski hidravli\u010dni cilinder\" width=\"953\" height=\"953\" title=\"\" srcset=\"https:\/\/fmp-components.com\/wp-content\/uploads\/2025\/03\/telescopic-hydraulic-cylinder-12.webp 953w, https:\/\/fmp-components.com\/wp-content\/uploads\/2025\/03\/telescopic-hydraulic-cylinder-12-480x480.webp 480w\" sizes=\"(min-width: 0px) and (max-width: 480px) 480px, (min-width: 481px) 953px, 100vw\" \/><\/p>\n<h3>Uporaba hidravli\u010dnega cilindra<\/h3>\n<p>Na\u0161i hidravli\u010dni cilindri so neverjetno vsestranski in se uporabljajo v najrazli\u010dnej\u0161ih aplikacijah. V strojni\u0161tvu so bistveni za upravljanje opreme, ki zahteva mo\u010dne in nadzorovane gibe, kot so stiskalnice, dvigala in transporterji. V gradbeni\u0161tvu ti cilindri olaj\u0161ajo upravljanje \u017eerjavov, bagrov in druge te\u017eke mehanizacije, kar omogo\u010da enostavno dvigovanje in premikanje ve\u010djih materialov. Poleg tega v kmetijstvu hidravli\u010dni cilindri poganjajo opremo, kot so traktorji in kombajni, kar omogo\u010da u\u010dinkovito kmetijsko delovanje, ki pove\u010duje produktivnost.<\/p>\n<p>Zaradi robustne konstrukcije in u\u010dinkovitega delovanja so hidravli\u010dni cilindri dragoceno orodje v vsaki panogi, ki zahteva mo\u010dno gibanje in natan\u010den nadzor. Ne glede na to, ali se uporabljajo v proizvodnji, transportu ali energetiki, ti cilindri izbolj\u0161ujejo operativno u\u010dinkovitost in uspe\u0161nost ter pomagajo podjetjem dose\u010di njihove cilje, hkrati pa ohranjajo varnost in zanesljivost. Prilagodljivost in trdnost na\u0161ih hidravli\u010dnih cilindrov zagotavljata, da izpolnjujejo raznolike potrebe razli\u010dnih aplikacij, zaradi \u010desar so bistveno orodje v sodobnih industrijskih obratih.<\/p>\n<h3>O FMP-ju<\/h3>\n<p class=\"break-words\">FMP je vodilni italijanski proizvajalec, specializiran za na\u010drtovanje, razvoj in proizvodnjo visokokakovostnih hidravli\u010dnih cilindrov. Z bogato dedi\u0161\u010dino, ki temelji na desetletjih strokovnega znanja, ponosno zdru\u017eujemo italijansko obrt z najsodobnej\u0161o tehnologijo, da bi zagotovili izjemne hidravli\u010dne re\u0161itve, prilagojene raznolikim potrebam na\u0161ih strank po vsem svetu. FMP s sede\u017eem v Italiji, sredi\u0161\u010du in\u017eenirske odli\u010dnosti, velja za zaupanja vredno ime v hidravli\u010dni industriji, zavezano zagotavljanju zanesljivih, trpe\u017enih in inovativnih izdelkov, ki opolnomo\u010dajo podjetja po vsem svetu.<\/p>\n<p class=\"break-words\">Na\u0161e podjetje zdru\u017euje najbolj\u0161e iz naprednih proizvodnih tradicij s prihodnostnim pristopom. Z dolgoletnimi izku\u0161njami na podro\u010dju hidravli\u010dnih sistemov se je FMP razvil v sodobno podjetje, ki blesti na podro\u010dju raziskav, na\u010drtovanja in proizvodnje. Specializirani smo za \u0161iroko paleto hidravli\u010dnih cilindrov, vklju\u010dno z dvostransko delujo\u010dimi cilindri, avtomobilskimi dvi\u017enimi cilindri, cilindri za kmetijsko mehanizacijo in re\u0161itvami po meri za razli\u010dne industrijske aplikacije. Ne glede na to, ali gre za gradbeni\u0161tvo, industrijske instalacije, kmetijstvo ali te\u017eko mehanizacijo, so na\u0161i hidravli\u010dni cilindri izdelani za delovanje v najte\u017ejih pogojih, kar zagotavlja varnost, u\u010dinkovitost in dolgo \u017eivljenjsko dobo.<\/p>\n<p><img loading=\"lazy\" decoding=\"async\" class=\"alignnone size-full wp-image-6720\" src=\"https:\/\/fmp-components.com\/wp-content\/uploads\/2025\/03\/hydraulic-cylinder-8.webp\" alt=\"Teleskopski hidravli\u010dni cilindri\" width=\"933\" height=\"526\" title=\"\" srcset=\"https:\/\/fmp-components.com\/wp-content\/uploads\/2025\/03\/hydraulic-cylinder-8.webp 933w, https:\/\/fmp-components.com\/wp-content\/uploads\/2025\/03\/hydraulic-cylinder-8-480x271.webp 480w\" sizes=\"(min-width: 0px) and (max-width: 480px) 480px, (min-width: 481px) 933px, 100vw\" \/><\/p>\n<p class=\"break-words\">V podjetju FMP smo ponosni na na\u0161e najsodobnej\u0161e proizvodne obrate, opremljene s preciznimi stroji in naprednimi sistemi za testiranje. Na\u0161i proizvodni procesi so v skladu s strogimi nacionalnimi in mednarodnimi standardi, kar zagotavlja, da je vsak hidravli\u010dni valj, ki zapusti na\u0161o tovarno, vrhunske kakovosti in zanesljivosti. Na\u0161a usposobljena tehni\u010dna ekipa nam skupaj z najsodobnej\u0161o opremo omogo\u010da strog nadzor kakovosti na vsaki stopnji proizvodnje \u2013 od izbire surovin do kon\u010dnega pregleda. Ta predanost odli\u010dnosti nam je prinesla certifikate in priznanja s strani industrijskih organov, kar je \u0161e utrdilo na\u0161 ugled zanesljivega partnerja.<\/p>\n<p class=\"break-words\">Na\u0161e poslanstvo je preprosto, a ambiciozno: strankam zagotoviti hidravli\u010dne cilindre, ki presegajo pri\u010dakovanja glede zmogljivosti, vzdr\u017eljivosti in vrednosti. Delujemo po vodilnih na\u010delih profesionalnosti, integritete in osredoto\u010denosti na stranke. Z gojenjem kulture inovacij in natan\u010dnosti nenehno izpopolnjujemo na\u0161e izdelke, da bi ostali v ospredju na konkuren\u010dnem trgu. Na\u0161a celovita ponudba izdelkov in sposobnost ponujanja prilagojenih re\u0161itev nas uvr\u0161\u010data med prva izbira podjetij, ki i\u0161\u010dejo visokozmogljive hidravli\u010dne cilindre.<\/p>\n<p class=\"break-words\">FMP ni le proizvajalec \u2013 smo partner pri va\u0161em uspehu. Razumemo, da se na\u0161e stranke zana\u0161ajo na nas pri dobavi orodij, ki izbolj\u0161ujejo njihovo produktivnost in varnost. Zato smo zavezani k ponujanju ne le vrhunskih izdelkov, temve\u010d tudi izjemne storitve. Od za\u010detnega posvetovanja do poprodajne podpore tesno sodelujemo z na\u0161imi strankami, da zagotovimo, da so njihove potrebe izpolnjene profesionalno in skrbno. Na\u0161e konkuren\u010dne cene, skupaj z na\u0161o neomajno zavezanostjo kakovosti, naredijo FMP pametno izbiro za podjetja, ki \u017eelijo vlagati v hidravli\u010dne re\u0161itve, ki jim lahko zaupajo.<\/p>\n<h2>Pogosto zastavljena vpra\u0161anja<\/h2>\n<p><b>V: Ali ste trgovsko podjetje ali proizvajalec?<\/b><br \/>\nO: Smo proizvajalec.<\/p>\n<p><b>V: Koliko \u010dasa traja va\u0161a dobavni rok?<\/b><br \/>\nA: Na splo\u0161no je to 25-35 dni.<\/p>\n<p><b>V: Ali ponujate vzorce? Je to brezpla\u010dno ali dodatno?<\/b><br \/>\nO: Da, nudimo vzorce, vendar niso brezpla\u010dni.<\/p>\n<p><img loading=\"lazy\" decoding=\"async\" class=\"alignnone size-full wp-image-6660\" src=\"https:\/\/fmp-components.com\/wp-content\/uploads\/2025\/03\/hydraulic-cylinder-workshop-4.webp\" alt=\"teleskopski hidravli\u010dni cilinder\" width=\"914\" height=\"733\" title=\"\" srcset=\"https:\/\/fmp-components.com\/wp-content\/uploads\/2025\/03\/hydraulic-cylinder-workshop-4.webp 914w, https:\/\/fmp-components.com\/wp-content\/uploads\/2025\/03\/hydraulic-cylinder-workshop-4-480x385.webp 480w\" sizes=\"(min-width: 0px) and (max-width: 480px) 480px, (min-width: 481px) 914px, 100vw\" \/><\/p>","protected":false},"excerpt":{"rendered":"<p>Italian Factory Dump Trailer Hydraulic Cylinders Multistage Hydraulic Cylinder For Sale Discover the power of our multistage hydraulic cylinders. These highly efficient and reliable cylinders are designed for heavy-duty applications, offering excellent performance in a variety of industries including machinery repair shops, farms, energy and mining, and machinery manufacturing. Our hydraulic cylinders are crafted with [&hellip;]<\/p>","protected":false},"featured_media":6686,"comment_status":"closed","ping_status":"closed","template":"","meta":{"_et_pb_use_builder":"","_et_pb_old_content":"","_et_gb_content_width":""},"product_brand":[],"product_cat":[103],"product_tag":[34,105],"class_list":{"0":"post-6525","1":"product","2":"type-product","3":"status-publish","4":"has-post-thumbnail","6":"product_cat-telescopic-hydraulic-cylinders","7":"product_tag-hydraulic-cylinder","8":"product_tag-telescopic-hydraulic-cylinders","10":"first","11":"instock","12":"product-type-simple"},"_links":{"self":[{"href":"https:\/\/fmp-components.com\/sl\/wp-json\/wp\/v2\/product\/6525","targetHints":{"allow":["GET"]}}],"collection":[{"href":"https:\/\/fmp-components.com\/sl\/wp-json\/wp\/v2\/product"}],"about":[{"href":"https:\/\/fmp-components.com\/sl\/wp-json\/wp\/v2\/types\/product"}],"replies":[{"embeddable":true,"href":"https:\/\/fmp-components.com\/sl\/wp-json\/wp\/v2\/comments?post=6525"}],"wp:featuredmedia":[{"embeddable":true,"href":"https:\/\/fmp-components.com\/sl\/wp-json\/wp\/v2\/media\/6686"}],"wp:attachment":[{"href":"https:\/\/fmp-components.com\/sl\/wp-json\/wp\/v2\/media?parent=6525"}],"wp:term":[{"taxonomy":"product_brand","embeddable":true,"href":"https:\/\/fmp-components.com\/sl\/wp-json\/wp\/v2\/product_brand?post=6525"},{"taxonomy":"product_cat","embeddable":true,"href":"https:\/\/fmp-components.com\/sl\/wp-json\/wp\/v2\/product_cat?post=6525"},{"taxonomy":"product_tag","embeddable":true,"href":"https:\/\/fmp-components.com\/sl\/wp-json\/wp\/v2\/product_tag?post=6525"}],"curies":[{"name":"delovni list","href":"https:\/\/api.w.org\/{rel}","templated":true}]}}