{"id":6523,"date":"2025-03-11T06:26:57","date_gmt":"2025-03-11T06:26:57","guid":{"rendered":"https:\/\/fmp-components.com\/product\/chinese-factory-5-stage-telescopic-hydraulic-cylinder-multistage-hydraulic-cylinder"},"modified":"2025-03-18T02:13:27","modified_gmt":"2025-03-18T02:13:27","slug":"italian-factory-5-stage-telescopic-hydraulic-cylinder-multistage-hydraulic-cylinder","status":"publish","type":"product","link":"https:\/\/fmp-components.com\/sl\/product\/italian-factory-5-stage-telescopic-hydraulic-cylinder-multistage-hydraulic-cylinder\/","title":{"rendered":"Italijanski tovarni\u0161ki 5-stopenjski teleskopski hidravli\u010dni cilinder Ve\u010dstopenjski hidravli\u010dni cilinder"},"content":{"rendered":"<h2>Tovarni\u0161ki 5-stopenjski teleskopski hidravli\u010dni cilinder Ve\u010dstopenjski hidravli\u010dni cilinder<\/h2>\n<p>Predstavljamo vam 5-stopenjski teleskopski hidravli\u010dni cilinder podjetja FMP, italijanske tovarne, znane po visokokakovostnih hidravli\u010dnih cilindrih. Ta ve\u010dstopenjski hidravli\u010dni cilinder, izdelan do popolnosti, ponuja neprimerljivo u\u010dinkovitost in zmogljivost v razli\u010dnih panogah, kot so delavnice za popravilo strojev, kmetije, energetika in rudarstvo, proizvodnja strojev in tovarne strojev.<\/p>\n<h3>Zna\u010dilnosti in funkcije<\/h3>\n<p>Na\u0161 hidravli\u010dni cilinder je zasnovan z mo\u010dnim jeklenim ohi\u0161jem, ki ponuja najve\u010dji potisk 3000 in vle\u010dno zmogljivost 20 ton. Cilinder ima tudi certifikat ISO9001:2000, kar zagotavlja najvi\u0161jo kakovost in zanesljivost.<\/p>\n<h3>Tehni\u010dne specifikacije<\/h3>\n<table style=\"width: 98.6435%;\" border=\"\">\n<tbody>\n<tr>\n<td style=\"width: 43.5028%;\"><b>Velikost izvrtine<\/b><\/td>\n<td style=\"width: 477.966%;\">2\u20136 palcev<\/td>\n<\/tr>\n<tr>\n<td style=\"width: 43.5028%;\"><b>Velikost palice<\/b><\/td>\n<td style=\"width: 477.966%;\">1,125-4 palca<\/td>\n<\/tr>\n<tr>\n<td style=\"width: 43.5028%;\"><b>Velikost poteze<\/b><\/td>\n<td style=\"width: 477.966%;\">4\u2013100 palcev<\/td>\n<\/tr>\n<tr>\n<td style=\"width: 43.5028%;\"><b>Velikost zati\u010da<\/b><\/td>\n<td style=\"width: 477.966%;\">0,5\u20132 palca<\/td>\n<\/tr>\n<tr>\n<td style=\"width: 43.5028%;\"><b>Pristani\u0161\u010da<\/b><\/td>\n<td style=\"width: 477.966%;\">G\/SAE\/NPT\/M<\/td>\n<\/tr>\n<\/tbody>\n<\/table>\n<h3>Edinstvene prednosti<\/h3>\n<ul>\n<li>Energetsko u\u010dinkovit: Na\u0161 hidravli\u010dni cilinder ponuja optimalno delovanje z minimalno porabo energije.<\/li>\n<li>Visoka u\u010dinkovitost: Ve\u010dstopenjska zasnova omogo\u010da ve\u010djo u\u010dinkovitost pri razli\u010dnih aplikacijah.<\/li>\n<li>Varnost: Izdelek ima 1-letno garancijo na klju\u010dne komponente, ki zagotavlja varnost uporabnika.<\/li>\n<\/ul>\n<h2>Hidravli\u010dni sistem in princip delovanja<\/h2>\n<p>Hidravli\u010dni sistem deluje na temeljnem na\u010delu pretvorbe hidravli\u010dne energije v mehansko gibanje, proces, ki je mo\u010dno odvisen od hidravli\u010dnega cilindra. Ta cilinder je klju\u010dnega pomena pri pretvorbi tla\u010dne teko\u010dine v silovito gibanje, kar omogo\u010da \u0161iroko paleto aplikacij v razli\u010dnih panogah. Sposobnost hidravli\u010dnega cilindra, da ustvari znatno silo, ga naredi neprecenljivega za naloge, ki zahtevajo natan\u010den nadzor in mo\u010d.<\/p>\n<p>Hidravli\u010dni cilinder dopolnjuje pogonska enota, ki hidravli\u010dnemu sistemu zagotavlja potrebno energijo in krmilne signale. Ta enota ustvarja in uravnava tlak hidravli\u010dne teko\u010dine, kar zagotavlja u\u010dinkovito in uspe\u0161no delovanje sistema. Harmoni\u010dna interakcija med hidravli\u010dnim valjem in pogonsko enoto ustvari robusten sistem, ki maksimizira zmogljivost, zmanj\u0161uje izgubo energije in pove\u010duje splo\u0161no produktivnost. Skupaj ustvarjata brezhibno delovanje, ki je bistveno za razli\u010dne mehanske in industrijske aplikacije.<\/p>\n<p><img loading=\"lazy\" decoding=\"async\" class=\"alignnone wp-image-6662\" src=\"https:\/\/fmp-components.com\/wp-content\/uploads\/2025\/03\/telescopic-hydraulic-cylinder-4.webp\" alt=\"teleskopski hidravli\u010dni cilinder\" width=\"931\" height=\"931\" title=\"\" srcset=\"https:\/\/fmp-components.com\/wp-content\/uploads\/2025\/03\/telescopic-hydraulic-cylinder-4.webp 931w, https:\/\/fmp-components.com\/wp-content\/uploads\/2025\/03\/telescopic-hydraulic-cylinder-4-480x480.webp 480w\" sizes=\"(min-width: 0px) and (max-width: 480px) 480px, (min-width: 481px) 931px, 100vw\" \/><\/p>\n<h2>Uporaba<\/h2>\n<p>Na\u0161i hidravli\u010dni cilindri so popolnoma primerni za \u0161iroko paleto aplikacij, zaradi \u010desar so idealna izbira za panoge, kot so delavnice za popravilo strojev, kmetije, energetika in rudarstvo, proizvodnja strojev in tovarne strojev. V delavnicah za popravilo strojev olaj\u0161ajo dvigovanje in manevriranje te\u017ekih komponent, kar tehnikom omogo\u010da varno in u\u010dinkovito izvajanje popravil. V kmetijskem okolju ti cilindri izbolj\u0161ujejo funkcionalnost opreme, kot so traktorji, in omogo\u010dajo u\u010dinkovito ravnanje z materiali. Energetski in rudarski sektor imata koristi od robustnega delovanja na\u0161ih hidravli\u010dnih cilindrov, ki lahko prenesejo zahtevne pogoje te\u017ekih opravil. Poleg tega v proizvodnih okoljih na\u0161i cilindri podpirajo razli\u010dne proizvodne procese in zagotavljajo nemoteno in u\u010dinkovito delovanje.<\/p>\n<p>Vabimo vas, da stopite v na\u0161 svet in si ogledate mojstrstvo izdelave na\u0161ih izdelkov. Vabimo vas, da obi\u0161\u010dete na\u0161o tovarno VR, kjer lahko do\u017eivite na\u0161 proizvodni proces v akciji. Ta virtualni ogled vam bo ponudil vpogled v na\u0161o zavezanost kakovosti in inovacijam ter predstavil, kako uresni\u010dujemo na\u0161e hidravli\u010dne re\u0161itve.<\/p>\n<h2>Hidravli\u010dni cilindri in pogonske enote<\/h2>\n<p>Hidravli\u010dni cilindri in pogonske enote so sestavni deli vsakega hidravli\u010dnega sistema. Njihovo sodelovanje je bistvenega pomena za \u0161iroko uporabo hidravli\u010dne tehnologije v industrijskem sektorju. Skupaj zagotavljajo zanesljivo napajanje in krmilno podporo za razli\u010dno in\u017eenirsko in mehansko opremo. Hidravli\u010dni valj deluje kot aktuator, ki pretvarja hidravli\u010dno energijo v mehansko gibanje, medtem ko pogonska enota slu\u017ei kot vir energije, ki zagotavlja potreben tlak in krmilne signale.<\/p>\n<p>V podjetju FMP ponujamo tudi izbor pogonskih enot, zaradi \u010desar smo va\u0161a enotna re\u0161itev za vse hidravli\u010dne potrebe. Na\u0161a zavezanost zagotavljanju visokokakovostnih hidravli\u010dnih re\u0161itev zagotavlja, da se na nas lahko zanesete tako pri cilindrih kot pri pogonskih enotah, s \u010dimer poenostavimo va\u0161e poslovanje in pove\u010damo va\u0161o produktivnost. Z na\u0161o celovito ponudbo izdelkov smo predani izpolnjevanju raznolikih zahtev na\u0161ih strank v razli\u010dnih panogah.<\/p>\n<p><img loading=\"lazy\" decoding=\"async\" class=\"alignnone wp-image-6663\" src=\"https:\/\/fmp-components.com\/wp-content\/uploads\/2025\/03\/telescopic-hydraulic-cylinder-11.webp\" alt=\"teleskopski hidravli\u010dni cilinder\" width=\"941\" height=\"941\" title=\"\" srcset=\"https:\/\/fmp-components.com\/wp-content\/uploads\/2025\/03\/telescopic-hydraulic-cylinder-11.webp 941w, https:\/\/fmp-components.com\/wp-content\/uploads\/2025\/03\/telescopic-hydraulic-cylinder-11-480x480.webp 480w\" sizes=\"(min-width: 0px) and (max-width: 480px) 480px, (min-width: 481px) 941px, 100vw\" \/><\/p>\n<h2>Pogosta vpra\u0161anja<\/h2>\n<p><b>V: Ali ste trgovsko podjetje ali proizvajalec?<\/b><br \/>\nA: Smo proizvajalec s sede\u017eem v Italiji.<\/p>\n<p><b>V: Kak\u0161en je dobavni rok za va\u0161e hidravli\u010dne cilindre?<\/b><br \/>\nA: Na splo\u0161no je to 25-35 dni.<\/p>\n<p><b>V: Ali ponujate vzorce?<\/b><br \/>\nO: Da, nudimo vzorce, vendar niso brezpla\u010dni.<\/p>\n<h3>O FMP-ju<\/h3>\n<p>FMP je vodilni italijanski proizvajalec, znan po svojem strokovnem znanju na podro\u010dju na\u010drtovanja, razvoja in proizvodnje visokokakovostnih hidravli\u010dnih cilindrov. Z bogato dedi\u0161\u010dino, ki smo jo gradili skozi desetletja, zdru\u017eujemo tradicionalno italijansko obrt z najsodobnej\u0161o tehnologijo, da bi ustvarili izjemne hidravli\u010dne re\u0161itve, ki zadovoljujejo raznolike potrebe na\u0161ih strank po vsem svetu. FMP s sede\u017eem v Italiji, sredi\u0161\u010du in\u017eenirske odli\u010dnosti, se je uveljavil kot zaupanja vredno ime v hidravli\u010dni industriji, predan zagotavljanju zanesljivih, trpe\u017enih in inovativnih izdelkov, ki opolnomo\u010dajo podjetja po vsem svetu.<\/p>\n<p>Na\u0161e podjetje zdru\u017euje napredne proizvodne tradicije s progresivno miselnostjo. Z bogatimi izku\u0161njami na podro\u010dju hidravli\u010dnih sistemov se je FMP preoblikoval v sodobno podjetje, ki blesti na podro\u010dju raziskav, na\u010drtovanja in proizvodnje. Ponujamo \u0161iroko paleto hidravli\u010dnih cilindrov, vklju\u010dno z dvostransko delujo\u010dimi cilindri, avtomobilskimi dvi\u017enimi cilindri, cilindri za kmetijsko mehanizacijo in re\u0161itvami po meri, prilagojenimi razli\u010dnim industrijskim aplikacijam. Ne glede na to, ali gre za gradbeni\u0161tvo, industrijske instalacije, kmetijstvo ali te\u017eko mehanizacijo, so na\u0161i hidravli\u010dni cilindri zasnovani za delovanje v najzahtevnej\u0161ih pogojih, kar zagotavlja varnost, u\u010dinkovitost in dolgo \u017eivljenjsko dobo.<\/p>\n<p>V podjetju FMP smo ponosni na na\u0161e najsodobnej\u0161e proizvodne obrate, opremljene s preciznimi stroji in naprednimi sistemi za testiranje. Na\u0161i proizvodni procesi so skladni s strogimi nacionalnimi in mednarodnimi standardi, kar zagotavlja, da vsak izdelan hidravli\u010dni valj izpolnjuje najvi\u0161ja merila kakovosti in zanesljivosti. Na\u0161a usposobljena tehni\u010dna ekipa nam v kombinaciji z napredno opremo omogo\u010da strog nadzor kakovosti v vsaki fazi proizvodnje \u2013 od izbire surovin do kon\u010dnega pregleda. Ta zavezanost odli\u010dnosti nam je prinesla certifikate in priznanja industrijskih organov, kar utrjuje na\u0161 ugled zanesljivega partnerja.<\/p>\n<p><img loading=\"lazy\" decoding=\"async\" class=\"alignnone size-full wp-image-6720\" src=\"https:\/\/fmp-components.com\/wp-content\/uploads\/2025\/03\/hydraulic-cylinder-8.webp\" alt=\"Teleskopski hidravli\u010dni cilindri\" width=\"933\" height=\"526\" title=\"\" srcset=\"https:\/\/fmp-components.com\/wp-content\/uploads\/2025\/03\/hydraulic-cylinder-8.webp 933w, https:\/\/fmp-components.com\/wp-content\/uploads\/2025\/03\/hydraulic-cylinder-8-480x271.webp 480w\" sizes=\"(min-width: 0px) and (max-width: 480px) 480px, (min-width: 481px) 933px, 100vw\" \/><\/p>\n<p>Na\u0161e poslanstvo je preprosto, a ambiciozno: strankam zagotoviti hidravli\u010dne cilindre, ki presegajo pri\u010dakovanja glede zmogljivosti, vzdr\u017eljivosti in vrednosti. Delujemo na temeljih profesionalnosti, integritete in osredoto\u010denosti na stranke. Z gojenjem kulture inovacij in natan\u010dnosti nenehno izbolj\u0161ujemo na\u0161e izdelke, da bi ohranili konkuren\u010dno prednost na trgu. Na\u0161a \u0161iroka paleta izdelkov in sposobnost ponujanja prilagojenih re\u0161itev nas uvr\u0161\u010data med prednostne izbire za podjetja, ki i\u0161\u010dejo visokozmogljive hidravli\u010dne cilindre.<\/p>\n<p>FMP ni le proizvajalec; smo partner pri va\u0161em uspehu. Zavedamo se, da so na\u0161e stranke odvisne od nas pri dobavi orodij, ki izbolj\u0161ujejo njihovo produktivnost in varnost. Zato smo zavezani k zagotavljanju ne le vrhunskih izdelkov, temve\u010d tudi izjemnih storitev. Od za\u010detnega posvetovanja do poprodajne podpore tesno sodelujemo z na\u0161imi strankami, da zagotovimo, da so njihove potrebe izpolnjene profesionalno in skrbno. Na\u0161e konkuren\u010dne cene v kombinaciji z na\u0161o neomajno zavezanostjo kakovosti postavljajo FMP kot pametno izbiro za podjetja, ki \u017eelijo vlagati v hidravli\u010dne re\u0161itve, ki jim lahko zaupajo.<\/p>","protected":false},"excerpt":{"rendered":"<p>Factory 5 Stage Telescopic Hydraulic Cylinder Multistage Hydraulic Cylinder Introducing the 5 Stage Telescopic hydraulic cylinder From FMP, a Italian Factory renowned for its high-quality hydraulic cylinders. Crafted to perfection, this multistage hydraulic cylinder offers unparalleled efficiency and performance in various industries such as machinery repair shops, farms, energy &amp; mining, machinery manufacturing, and machinery [&hellip;]<\/p>","protected":false},"featured_media":6688,"comment_status":"closed","ping_status":"closed","template":"","meta":{"_et_pb_use_builder":"","_et_pb_old_content":"","_et_gb_content_width":""},"product_brand":[],"product_cat":[103],"product_tag":[34,105],"class_list":{"0":"post-6523","1":"product","2":"type-product","3":"status-publish","4":"has-post-thumbnail","6":"product_cat-telescopic-hydraulic-cylinders","7":"product_tag-hydraulic-cylinder","8":"product_tag-telescopic-hydraulic-cylinders","10":"first","11":"instock","12":"product-type-simple"},"_links":{"self":[{"href":"https:\/\/fmp-components.com\/sl\/wp-json\/wp\/v2\/product\/6523","targetHints":{"allow":["GET"]}}],"collection":[{"href":"https:\/\/fmp-components.com\/sl\/wp-json\/wp\/v2\/product"}],"about":[{"href":"https:\/\/fmp-components.com\/sl\/wp-json\/wp\/v2\/types\/product"}],"replies":[{"embeddable":true,"href":"https:\/\/fmp-components.com\/sl\/wp-json\/wp\/v2\/comments?post=6523"}],"wp:featuredmedia":[{"embeddable":true,"href":"https:\/\/fmp-components.com\/sl\/wp-json\/wp\/v2\/media\/6688"}],"wp:attachment":[{"href":"https:\/\/fmp-components.com\/sl\/wp-json\/wp\/v2\/media?parent=6523"}],"wp:term":[{"taxonomy":"product_brand","embeddable":true,"href":"https:\/\/fmp-components.com\/sl\/wp-json\/wp\/v2\/product_brand?post=6523"},{"taxonomy":"product_cat","embeddable":true,"href":"https:\/\/fmp-components.com\/sl\/wp-json\/wp\/v2\/product_cat?post=6523"},{"taxonomy":"product_tag","embeddable":true,"href":"https:\/\/fmp-components.com\/sl\/wp-json\/wp\/v2\/product_tag?post=6523"}],"curies":[{"name":"delovni list","href":"https:\/\/api.w.org\/{rel}","templated":true}]}}