{"id":6522,"date":"2025-03-11T06:26:57","date_gmt":"2025-03-11T06:26:57","guid":{"rendered":"https:\/\/fmp-components.com\/product\/factory-customized-2-stage-hydraulic-cylinder-small-dump-truck-multistage-hydraulic-cylinder"},"modified":"2025-03-12T01:10:20","modified_gmt":"2025-03-12T01:10:20","slug":"factory-customized-2-stage-hydraulic-cylinder-small-dump-truck-multistage-hydraulic-cylinder","status":"publish","type":"product","link":"https:\/\/fmp-components.com\/sl\/product\/factory-customized-2-stage-hydraulic-cylinder-small-dump-truck-multistage-hydraulic-cylinder\/","title":{"rendered":"Tovarni\u0161ko prilagojen 2-stopenjski hidravli\u010dni cilinder za majhne prekucnike, ve\u010dstopenjski hidravli\u010dni cilinder"},"content":{"rendered":"<h2>Tovarni\u0161ko prilagojen 2-stopenjski hidravli\u010dni cilinder za majhne prekucnike, ve\u010dstopenjski hidravli\u010dni cilinder<\/h2>\n<p>Odkrijte izjemno u\u010dinkovitost in vzdr\u017eljivost na\u0161ega tovarni\u0161ko prilagojenega dvostopenjskega hidravli\u010dnega cilindra. Ta ve\u010dstopenjski hidravli\u010dni cilinder, zasnovan posebej za majhne prekucnike in drugo mehanizacijo, ponuja neprekosljivo zmogljivost in zanesljivost. Ne glede na to, ali delate v popravilu strojev, kmetijstvu, energetiki in rudarstvu ali proizvodnji strojev, bo na\u0161 hidravli\u010dni cilinder presegel va\u0161a pri\u010dakovanja.<\/p>\n<h2>Specifikacije izdelka<\/h2>\n<p>V proces na\u010drtovanja in izdelave na\u0161ih hidravli\u010dnih cilindrov smo vlo\u017eili veliko truda in pozornosti. Tukaj so klju\u010dni parametri:<\/p>\n<table style=\"width: 100.555%;\" border=\"\">\n<tbody>\n<tr>\n<td style=\"width: 43.5028%;\"><i>Velikost izvrtine:<\/i><\/td>\n<td style=\"width: 488.136%;\">2\u20136 palcev<\/td>\n<\/tr>\n<tr>\n<td style=\"width: 43.5028%;\"><i>Velikost palice:<\/i><\/td>\n<td style=\"width: 488.136%;\">1,125-4 palca<\/td>\n<\/tr>\n<tr>\n<td style=\"width: 43.5028%;\"><i>Velikost poteze:<\/i><\/td>\n<td style=\"width: 488.136%;\">4\u2013100 palcev<\/td>\n<\/tr>\n<tr>\n<td style=\"width: 43.5028%;\"><i>Velikost zati\u010da:<\/i><\/td>\n<td style=\"width: 488.136%;\">0,5\u20132 palca<\/td>\n<\/tr>\n<tr>\n<td style=\"width: 43.5028%;\"><i>Vrata:<\/i><\/td>\n<td style=\"width: 488.136%;\">G\/SAE\/NPT\/M<\/td>\n<\/tr>\n<\/tbody>\n<\/table>\n<h2>Edinstvene lastnosti in prednosti<\/h2>\n<p>Na\u0161i hidravli\u010dni cilindri so zasnovani z vrsto edinstvenih lastnosti, ki jih lo\u010dijo na trgu. Ena od izstopajo\u010dih lastnosti je njihova energetska u\u010dinkovitost, ki zagotavlja minimalno izgubo energije med delovanjem, kar vodi do ni\u017ejih obratovalnih stro\u0161kov in manj\u0161ega vpliva na okolje. Poleg tega so ti cilindri zasnovani za visoko zmogljivost, saj zagotavljajo potrebno silo in hitrost za natan\u010dno opravljanje tudi najzahtevnej\u0161ih nalog. Varnost je prav tako na prvem mestu; na\u0161i hidravli\u010dni cilindri so opremljeni z naprednimi varnostnimi mehanizmi, ki prepre\u010dujejo previsok tlak in zagotavljajo zanesljivo delovanje v razli\u010dnih pogojih.<\/p>\n<p>Ti cilindri so izdelani tako, da prenesejo najzahtevnej\u0161a okolja, saj so izdelani iz trpe\u017enih materialov in robustne konstrukcije, ki podalj\u0161ajo njihovo \u017eivljenjsko dobo in zmogljivost. Ne glede na to, ali se soo\u010dajo z ekstremnimi temperaturami, velikimi obremenitvami ali te\u017ekimi delovnimi pogoji, so na\u0161i hidravli\u010dni cilindri izdelani za dolgo \u017eivljenjsko dobo, saj zagotavljajo dosledne rezultate in zmanj\u0161ujejo \u010das izpada. Zaradi te kombinacije energetske u\u010dinkovitosti, visoke zmogljivosti in varnosti so na\u0161i hidravli\u010dni cilindri dragocena nalo\u017eba za vsako panogo.<\/p>\n<p><img loading=\"lazy\" decoding=\"async\" class=\"alignnone  wp-image-6665\" src=\"https:\/\/fmp-components.com\/wp-content\/uploads\/2025\/03\/telescopic-hydraulic-cylinder-9.webp\" alt=\"teleskopski hidravli\u010dni cilinder\" width=\"916\" height=\"916\" title=\"\" srcset=\"https:\/\/fmp-components.com\/wp-content\/uploads\/2025\/03\/telescopic-hydraulic-cylinder-9.webp 916w, https:\/\/fmp-components.com\/wp-content\/uploads\/2025\/03\/telescopic-hydraulic-cylinder-9-480x480.webp 480w\" sizes=\"(min-width: 0px) and (max-width: 480px) 480px, (min-width: 481px) 916px, 100vw\" \/><\/p>\n<h3>Hidravli\u010dni sistemi in na\u010dela delovanja<\/h3>\n<p>Hidravli\u010dni sistemi delujejo na temeljnem na\u010delu izkori\u0161\u010danja sile tlaka teko\u010dine. V na\u0161ih hidravli\u010dnih cilindrih se bat aktivira s tlakom hidravli\u010dne teko\u010dine, ki se \u010drpa v valj. Ko teko\u010dina vstopi, pritiska na bat in ga premakne. To gibanje se nato u\u010dinkovito prenese na priklju\u010dene stroje, kar zagotavlja potrebno mo\u010d za izvajanje najrazli\u010dnej\u0161ih nalog. Z uporabo tlaka teko\u010dine lahko hidravli\u010dni sistemi ustvarijo znatno silo in omogo\u010dijo gladko, nadzorovano gibanje, zaradi \u010desar so bistveni v aplikacijah, od gradbene opreme do proizvodnih procesov.<\/p>\n<h2>Hidravli\u010dni cilindri in pogonske enote<\/h2>\n<p>Hidravli\u010dni cilindri in pogonske enote so sestavni deli hidravli\u010dnih sistemov, ki delujejo usklajeno, da zagotavljajo u\u010dinkovito uporabo hidravli\u010dne tehnologije v razli\u010dnih panogah. Hidravli\u010dni cilinder deluje kot aktuator, ki pretvarja hidravli\u010dno energijo v mehansko gibanje, medtem ko pogonska enota slu\u017ei kot srce sistema, ki dovaja tla\u010dno teko\u010dino, ki poganja delovanje cilindra. Skupaj zagotavljajo zanesljivo napajanje in podporo krmiljenju za raznoliko in\u017eenirsko in mehansko opremo.<\/p>\n<p>Pri FMP se zavedamo klju\u010dne vloge teh komponent pri izbolj\u0161anju operativne u\u010dinkovitosti. Zato ponujamo tudi izbor pogonskih enot za prodajo, s \u010dimer vam zagotavljamo celovito re\u0161itev za vse va\u0161e potrebe po hidravli\u010dnem sistemu. Na\u0161a zavezanost kakovosti in zmogljivosti pomeni, da lahko zaupate na\u0161im izdelkom, da bodo zagotovili zanesljivost in u\u010dinkovitost, potrebno za va\u0161e delovanje, ne glede na panogo ali uporabo.<\/p>\n<h2>Pogosta vpra\u0161anja<\/h2>\n<p><b>V: Ali ste trgovsko podjetje ali proizvajalec?<\/b><br \/>\nA: Smo tovarna.<\/p>\n<p><b>V: Koliko \u010dasa traja va\u0161a dobavni rok?<\/b><br \/>\nA: Na splo\u0161no je to 25-35 dni.<\/p>\n<p><b>V: Ali ponujate vzorce? Je to brezpla\u010dno ali dodatno?<\/b><br \/>\nO: Da, lahko ponudimo vzorec, vendar ni brezpla\u010den.<\/p>\n<p><img loading=\"lazy\" decoding=\"async\" class=\"alignnone  wp-image-6717\" src=\"https:\/\/fmp-components.com\/wp-content\/uploads\/2025\/03\/hydraulic-cylinder-211.webp\" alt=\"Hidravli\u010dni cilindri\" width=\"910\" height=\"912\" title=\"\" srcset=\"https:\/\/fmp-components.com\/wp-content\/uploads\/2025\/03\/hydraulic-cylinder-211.webp 910w, https:\/\/fmp-components.com\/wp-content\/uploads\/2025\/03\/hydraulic-cylinder-211-480x481.webp 480w\" sizes=\"(min-width: 0px) and (max-width: 480px) 480px, (min-width: 481px) 910px, 100vw\" \/><\/p>\n<h3>O FMP-ju<\/h3>\n<p>FMP je vodilni italijanski proizvajalec, znan po svojem strokovnem znanju na podro\u010dju na\u010drtovanja, razvoja in proizvodnje visokokakovostnih hidravli\u010dnih cilindrov. Z bogato dedi\u0161\u010dino, ki smo jo gradili skozi desetletja, zdru\u017eujemo tradicionalno italijansko obrt z najsodobnej\u0161o tehnologijo, da bi ustvarili izjemne hidravli\u010dne re\u0161itve, ki zadovoljujejo raznolike potrebe na\u0161ih strank po vsem svetu. FMP s sede\u017eem v Italiji, sredi\u0161\u010du in\u017eenirske odli\u010dnosti, se je uveljavil kot zaupanja vredno ime v hidravli\u010dni industriji, predan zagotavljanju zanesljivih, trpe\u017enih in inovativnih izdelkov, ki opolnomo\u010dajo podjetja po vsem svetu.<\/p>\n<p>Na\u0161e podjetje zdru\u017euje napredne proizvodne tradicije s progresivno miselnostjo. Z bogatimi izku\u0161njami na podro\u010dju hidravli\u010dnih sistemov se je FMP preoblikoval v sodobno podjetje, ki blesti na podro\u010dju raziskav, na\u010drtovanja in proizvodnje. Ponujamo \u0161iroko paleto hidravli\u010dnih cilindrov, vklju\u010dno z dvostransko delujo\u010dimi cilindri, avtomobilskimi dvi\u017enimi cilindri, cilindri za kmetijsko mehanizacijo in re\u0161itvami po meri, prilagojenimi razli\u010dnim industrijskim aplikacijam. Ne glede na to, ali gre za gradbeni\u0161tvo, industrijske instalacije, kmetijstvo ali te\u017eko mehanizacijo, so na\u0161i hidravli\u010dni cilindri zasnovani za delovanje v najzahtevnej\u0161ih pogojih, kar zagotavlja varnost, u\u010dinkovitost in dolgo \u017eivljenjsko dobo.<\/p>\n<p>V podjetju FMP smo ponosni na na\u0161e najsodobnej\u0161e proizvodne obrate, opremljene s preciznimi stroji in naprednimi sistemi za testiranje. Na\u0161i proizvodni procesi so skladni s strogimi nacionalnimi in mednarodnimi standardi, kar zagotavlja, da vsak izdelan hidravli\u010dni valj izpolnjuje najvi\u0161ja merila kakovosti in zanesljivosti. Na\u0161a usposobljena tehni\u010dna ekipa nam v kombinaciji z napredno opremo omogo\u010da strog nadzor kakovosti v vsaki fazi proizvodnje \u2013 od izbire surovin do kon\u010dnega pregleda. Ta zavezanost odli\u010dnosti nam je prinesla certifikate in priznanja industrijskih organov, kar utrjuje na\u0161 ugled zanesljivega partnerja.<\/p>\n<p><img loading=\"lazy\" decoding=\"async\" class=\"alignnone size-full wp-image-6720\" src=\"https:\/\/fmp-components.com\/wp-content\/uploads\/2025\/03\/hydraulic-cylinder-8.webp\" alt=\"Teleskopski hidravli\u010dni cilindri\" width=\"933\" height=\"526\" title=\"\" srcset=\"https:\/\/fmp-components.com\/wp-content\/uploads\/2025\/03\/hydraulic-cylinder-8.webp 933w, https:\/\/fmp-components.com\/wp-content\/uploads\/2025\/03\/hydraulic-cylinder-8-480x271.webp 480w\" sizes=\"(min-width: 0px) and (max-width: 480px) 480px, (min-width: 481px) 933px, 100vw\" \/><\/p>\n<p>Na\u0161e poslanstvo je preprosto, a ambiciozno: strankam zagotoviti hidravli\u010dne cilindre, ki presegajo pri\u010dakovanja glede zmogljivosti, vzdr\u017eljivosti in vrednosti. Delujemo na temeljih profesionalnosti, integritete in osredoto\u010denosti na stranke. Z gojenjem kulture inovacij in natan\u010dnosti nenehno izbolj\u0161ujemo na\u0161e izdelke, da bi ohranili konkuren\u010dno prednost na trgu. Na\u0161a \u0161iroka paleta izdelkov in sposobnost ponujanja prilagojenih re\u0161itev nas uvr\u0161\u010data med prednostne izbire za podjetja, ki i\u0161\u010dejo visokozmogljive hidravli\u010dne cilindre.<\/p>\n<p>FMP ni le proizvajalec; smo partner pri va\u0161em uspehu. Zavedamo se, da so na\u0161e stranke odvisne od nas pri dobavi orodij, ki izbolj\u0161ujejo njihovo produktivnost in varnost. Zato smo zavezani k zagotavljanju ne le vrhunskih izdelkov, temve\u010d tudi izjemnih storitev. Od za\u010detnega posvetovanja do poprodajne podpore tesno sodelujemo z na\u0161imi strankami, da zagotovimo, da so njihove potrebe izpolnjene profesionalno in skrbno. Na\u0161e konkuren\u010dne cene v kombinaciji z na\u0161o neomajno zavezanostjo kakovosti postavljajo FMP kot pametno izbiro za podjetja, ki \u017eelijo vlagati v hidravli\u010dne re\u0161itve, ki jim lahko zaupajo.<\/p>","protected":false},"excerpt":{"rendered":"<p>Factory Customized 2 Stage Hydraulic Cylinder Small Dump Truck Multistage Hydraulic Cylinder Discover the remarkable efficiency and durability of our Factory Customized 2 Stage Hydraulic Cylinder. Designed specifically for small dump trucks and other machinery, this multistage hydraulic cylinder offers unmatched performance and reliability. Whether you work in machinery repair, farming, energy &amp; mining, or [&hellip;]<\/p>","protected":false},"featured_media":6690,"comment_status":"closed","ping_status":"closed","template":"","meta":{"_et_pb_use_builder":"","_et_pb_old_content":"","_et_gb_content_width":""},"product_brand":[],"product_cat":[103],"product_tag":[34,105],"class_list":{"0":"post-6522","1":"product","2":"type-product","3":"status-publish","4":"has-post-thumbnail","6":"product_cat-telescopic-hydraulic-cylinders","7":"product_tag-hydraulic-cylinder","8":"product_tag-telescopic-hydraulic-cylinders","10":"first","11":"instock","12":"product-type-simple"},"_links":{"self":[{"href":"https:\/\/fmp-components.com\/sl\/wp-json\/wp\/v2\/product\/6522","targetHints":{"allow":["GET"]}}],"collection":[{"href":"https:\/\/fmp-components.com\/sl\/wp-json\/wp\/v2\/product"}],"about":[{"href":"https:\/\/fmp-components.com\/sl\/wp-json\/wp\/v2\/types\/product"}],"replies":[{"embeddable":true,"href":"https:\/\/fmp-components.com\/sl\/wp-json\/wp\/v2\/comments?post=6522"}],"wp:featuredmedia":[{"embeddable":true,"href":"https:\/\/fmp-components.com\/sl\/wp-json\/wp\/v2\/media\/6690"}],"wp:attachment":[{"href":"https:\/\/fmp-components.com\/sl\/wp-json\/wp\/v2\/media?parent=6522"}],"wp:term":[{"taxonomy":"product_brand","embeddable":true,"href":"https:\/\/fmp-components.com\/sl\/wp-json\/wp\/v2\/product_brand?post=6522"},{"taxonomy":"product_cat","embeddable":true,"href":"https:\/\/fmp-components.com\/sl\/wp-json\/wp\/v2\/product_cat?post=6522"},{"taxonomy":"product_tag","embeddable":true,"href":"https:\/\/fmp-components.com\/sl\/wp-json\/wp\/v2\/product_tag?post=6522"}],"curies":[{"name":"delovni list","href":"https:\/\/api.w.org\/{rel}","templated":true}]}}