{"id":6521,"date":"2025-03-11T06:26:57","date_gmt":"2025-03-11T06:26:57","guid":{"rendered":"https:\/\/fmp-components.com\/product\/excellent-quality-small-dump-truck-hydraulic-hoist-cylinder-telescopic-hydraulic-cylinder"},"modified":"2025-03-20T00:46:54","modified_gmt":"2025-03-20T00:46:54","slug":"excellent-quality-small-dump-truck-hydraulic-hoist-cylinder-telescopic-hydraulic-cylinder","status":"publish","type":"product","link":"https:\/\/fmp-components.com\/sl\/product\/excellent-quality-small-dump-truck-hydraulic-hoist-cylinder-telescopic-hydraulic-cylinder\/","title":{"rendered":"Odli\u010den hidravli\u010dni dvi\u017eni cilinder za mala prekucnika Teleskopski hidravli\u010dni cilinder"},"content":{"rendered":"<h2>Odli\u010den hidravli\u010dni dvi\u017eni cilinder za mala prekucnika Teleskopski hidravli\u010dni cilinder<\/h2>\n<p>Na\u0161 hidravli\u010dni cilinder je odli\u010dnokakovosten hidravli\u010dni dvi\u017eni cilinder za majhne prekucnike in teleskopski hidravli\u010dni cilinder. Gre za nov izdelek iz leta 2025, zasnovan za vrhunsko delovanje v delavnicah za popravilo strojev, na kmetijah, v energetski in rudarski industriji, proizvodnji strojev in tovarnah strojev.<\/p>\n<h2>Zna\u010dilnosti in specifikacije<\/h2>\n<p>Hidravli\u010dni cilinder je standarden, z batno strukturo in ga poganja hidravlika. Izdelan je iz trpe\u017enega jekla in je \u010drne barve. Njegov najve\u010dji potisk je 3000, vle\u010dna sila pa lahko dose\u017ee najve\u010d 20 ton.<\/p>\n<h3>Tehni\u010dni parametri<\/h3>\n<table style=\"width: 100.836%;\" border=\"\">\n<tbody>\n<tr>\n<td style=\"width: 42.9379%;\"><i>Velikost izvrtine<\/i><\/td>\n<td style=\"width: 478.531%;\">2\u20136 palcev<\/td>\n<\/tr>\n<tr>\n<td style=\"width: 42.9379%;\"><i>Velikost palice<\/i><\/td>\n<td style=\"width: 478.531%;\">1,125-4 palca<\/td>\n<\/tr>\n<tr>\n<td style=\"width: 42.9379%;\"><i>Velikost poteze<\/i><\/td>\n<td style=\"width: 478.531%;\">4\u2013100 palcev<\/td>\n<\/tr>\n<tr>\n<td style=\"width: 42.9379%;\"><i>Velikost zati\u010da<\/i><\/td>\n<td style=\"width: 478.531%;\">0,5\u20132 palca<\/td>\n<\/tr>\n<tr>\n<td style=\"width: 42.9379%;\"><i>Pristani\u0161\u010da<\/i><\/td>\n<td style=\"width: 478.531%;\">G\/SAE\/NPT\/M<\/td>\n<\/tr>\n<\/tbody>\n<\/table>\n<h3>Edinstvene lastnosti in prednosti<\/h3>\n<ul>\n<li>Energetsko u\u010dinkovito<\/li>\n<li>Zelo u\u010dinkovito<\/li>\n<li>Varno za uporabo<\/li>\n<\/ul>\n<h2>Razumevanje hidravli\u010dnega sistema in njegovega na\u010dela delovanja<\/h2>\n<p>Hidravli\u010dni sistem deluje na temeljnem na\u010delu hidravli\u010dne mo\u010di, pri \u010demer izkori\u0161\u010da silo, ki jo ustvarja tla\u010dna teko\u010dina, za u\u010dinkovito ustvarjanje, nadzor in prenos mo\u010di. Ta sistem izkori\u0161\u010da nestisljivost teko\u010din, kar omogo\u010da u\u010dinkovit prenos sile na razdalje. Hidravli\u010dni valj je klju\u010dna komponenta v tem okviru, saj opravlja bistveno funkcijo pretvorbe hidravli\u010dne energije v koristno mehansko delo. Z izkori\u0161\u010danjem tlaka hidravli\u010dne teko\u010dine valj ustvarja linearno silo in gibanje, kar omogo\u010da natan\u010dno in mo\u010dno izvajanje razli\u010dnih mehanskih nalog. Zaradi te zmogljivosti so hidravli\u010dni sistemi idealni za aplikacije, ki zahtevajo znatno mo\u010d in nadzor, kar pove\u010duje produktivnost v \u0161tevilnih sektorjih.<\/p>\n<p><img loading=\"lazy\" decoding=\"async\" class=\"alignnone wp-image-6656\" src=\"https:\/\/fmp-components.com\/wp-content\/uploads\/2025\/03\/telescopic-hydraulic-cylinder-5.webp\" alt=\"teleskopski hidravli\u010dni cilinder\" width=\"928\" height=\"928\" title=\"\" srcset=\"https:\/\/fmp-components.com\/wp-content\/uploads\/2025\/03\/telescopic-hydraulic-cylinder-5.webp 928w, https:\/\/fmp-components.com\/wp-content\/uploads\/2025\/03\/telescopic-hydraulic-cylinder-5-480x480.webp 480w\" sizes=\"(min-width: 0px) and (max-width: 480px) 480px, (min-width: 481px) 928px, 100vw\" \/><\/p>\n<h2>Uporaba hidravli\u010dnega cilindra<\/h2>\n<p>Hidravli\u010dni cilindri imajo \u0161iroko paleto uporabe v razli\u010dnih panogah, kar ka\u017ee na njihovo vsestranskost in u\u010dinkovitost. V delavnicah za popravilo strojev so klju\u010dni za dvigovanje in manevriranje te\u017eke opreme, kar tehnikom omogo\u010da varno in u\u010dinkovito izvajanje vzdr\u017eevanja in popravil. V kmetijstvu hidravli\u010dni cilindri izbolj\u0161ujejo funkcionalnost razli\u010dne kmetijske opreme, kot so traktorji in \u017eetveni stroji, kar omogo\u010da u\u010dinkovito ravnanje s pridelki in materiali. Tudi energetski in rudarski sektor se zana\u0161ata na hidravli\u010dne cilindre zaradi njihove robustne zmogljivosti v zahtevnih pogojih, kar olaj\u0161a naloge, kot so dvigovanje te\u017ekih bremen in upravljanje strojev v zahtevnih okoljih. Poleg tega imajo ti cilindri v proizvodnji strojev in tovarnah strojev klju\u010dno vlogo pri monta\u017enih linijah in proizvodnih procesih, saj zagotavljajo nemoteno delovanje in visoko u\u010dinkovitost.<\/p>\n<h2>Hidravli\u010dni cilindri in pogonske enote<\/h2>\n<p>Hidravli\u010dni cilindri in pogonske enote so nepogre\u0161ljive komponente hidravli\u010dnih sistemov, ki delujejo skupaj, da zagotavljajo u\u010dinkovito uporabo hidravli\u010dne tehnologije v industrijskih okoljih. Hidravli\u010dni cilinder deluje kot aktuator, ki pretvarja hidravli\u010dno energijo v mehansko gibanje, medtem ko pogonska enota slu\u017ei kot vir hidravli\u010dne teko\u010dine, ki ustvarja in uravnava tlak, potreben za delovanje cilindra. Skupaj zagotavljajo zanesljivo napajanje in podporo krmiljenju za raznoliko paleto in\u017eenirske in mehanske opreme.<\/p>\n<p>Pri FMP razumemo pomen teh komponent pri ustvarjanju u\u010dinkovitih hidravli\u010dnih sistemov, zato ponujamo tudi izbor pogonskih enot za prodajo. Z zagotavljanjem hidravli\u010dnih cilindrov in pogonskih enot se pozicioniramo kot va\u0161a celovita re\u0161itev za vse hidravli\u010dne potrebe. Na\u0161a zavezanost k zagotavljanju visokokakovostnih izdelkov zagotavlja, da lahko zaupate na\u0161im re\u0161itvam za izbolj\u0161anje u\u010dinkovitosti in zanesljivosti va\u0161ega delovanja, ne glede na panogo ali uporabo.<\/p>\n<p><img loading=\"lazy\" decoding=\"async\" class=\"alignnone wp-image-6657\" src=\"https:\/\/fmp-components.com\/wp-content\/uploads\/2025\/03\/telescopic-hydraulic-cylinder-3.webp\" alt=\"teleskopski hidravli\u010dni cilinder\" width=\"933\" height=\"933\" title=\"\" srcset=\"https:\/\/fmp-components.com\/wp-content\/uploads\/2025\/03\/telescopic-hydraulic-cylinder-3.webp 933w, https:\/\/fmp-components.com\/wp-content\/uploads\/2025\/03\/telescopic-hydraulic-cylinder-3-480x480.webp 480w\" sizes=\"(min-width: 0px) and (max-width: 480px) 480px, (min-width: 481px) 933px, 100vw\" \/><\/p>\n<h3>Pogosto zastavljena vpra\u0161anja<\/h3>\n<p>V: Ali ste trgovsko podjetje ali proizvajalec?<br \/>\nA: Smo tovarna s sede\u017eem v Italiji.<\/p>\n<p>V: Kak\u0161en je va\u0161 dobavni rok?<br \/>\nA: Na splo\u0161no je to 25-35 dni.<\/p>\n<p>V: Ali ponujate vzorce?<br \/>\nO: Da, nudimo vzorce, vendar niso brezpla\u010dni.<\/p>\n<h3>O FMP-ju<\/h3>\n<p>FMP je vodilni italijanski proizvajalec, znan po svojem strokovnem znanju na podro\u010dju na\u010drtovanja, razvoja in proizvodnje visokokakovostnih hidravli\u010dnih cilindrov. Z bogato dedi\u0161\u010dino, ki smo jo gradili skozi desetletja, zdru\u017eujemo tradicionalno italijansko obrt z najsodobnej\u0161o tehnologijo, da bi ustvarili izjemne hidravli\u010dne re\u0161itve, ki zadovoljujejo raznolike potrebe na\u0161ih strank po vsem svetu. FMP s sede\u017eem v Italiji, sredi\u0161\u010du in\u017eenirske odli\u010dnosti, se je uveljavil kot zaupanja vredno ime v hidravli\u010dni industriji, predan zagotavljanju zanesljivih, trpe\u017enih in inovativnih izdelkov, ki opolnomo\u010dajo podjetja po vsem svetu.<\/p>\n<p>Na\u0161e podjetje zdru\u017euje napredne proizvodne tradicije s progresivno miselnostjo. Z bogatimi izku\u0161njami na podro\u010dju hidravli\u010dnih sistemov se je FMP preoblikoval v sodobno podjetje, ki blesti na podro\u010dju raziskav, na\u010drtovanja in proizvodnje. Ponujamo \u0161iroko paleto hidravli\u010dnih cilindrov, vklju\u010dno z dvostransko delujo\u010dimi cilindri, avtomobilskimi dvi\u017enimi cilindri, cilindri za kmetijsko mehanizacijo in re\u0161itvami po meri, prilagojenimi razli\u010dnim industrijskim aplikacijam. Ne glede na to, ali gre za gradbeni\u0161tvo, industrijske instalacije, kmetijstvo ali te\u017eko mehanizacijo, so na\u0161i hidravli\u010dni cilindri zasnovani za delovanje v najzahtevnej\u0161ih pogojih, kar zagotavlja varnost, u\u010dinkovitost in dolgo \u017eivljenjsko dobo.<\/p>\n<p>V podjetju FMP smo ponosni na na\u0161e najsodobnej\u0161e proizvodne obrate, opremljene s preciznimi stroji in naprednimi sistemi za testiranje. Na\u0161i proizvodni procesi so skladni s strogimi nacionalnimi in mednarodnimi standardi, kar zagotavlja, da vsak izdelan hidravli\u010dni valj izpolnjuje najvi\u0161ja merila kakovosti in zanesljivosti. Na\u0161a usposobljena tehni\u010dna ekipa nam v kombinaciji z napredno opremo omogo\u010da strog nadzor kakovosti v vsaki fazi proizvodnje \u2013 od izbire surovin do kon\u010dnega pregleda. Ta zavezanost odli\u010dnosti nam je prinesla certifikate in priznanja industrijskih organov, kar utrjuje na\u0161 ugled zanesljivega partnerja.<\/p>\n<p><img loading=\"lazy\" decoding=\"async\" class=\"alignnone size-full wp-image-6720\" src=\"https:\/\/fmp-components.com\/wp-content\/uploads\/2025\/03\/hydraulic-cylinder-8.webp\" alt=\"Teleskopski hidravli\u010dni cilindri\" width=\"933\" height=\"526\" title=\"\" srcset=\"https:\/\/fmp-components.com\/wp-content\/uploads\/2025\/03\/hydraulic-cylinder-8.webp 933w, https:\/\/fmp-components.com\/wp-content\/uploads\/2025\/03\/hydraulic-cylinder-8-480x271.webp 480w\" sizes=\"(min-width: 0px) and (max-width: 480px) 480px, (min-width: 481px) 933px, 100vw\" \/><\/p>\n<p>Na\u0161e poslanstvo je preprosto, a ambiciozno: strankam zagotoviti hidravli\u010dne cilindre, ki presegajo pri\u010dakovanja glede zmogljivosti, vzdr\u017eljivosti in vrednosti. Delujemo na temeljih profesionalnosti, integritete in osredoto\u010denosti na stranke. Z gojenjem kulture inovacij in natan\u010dnosti nenehno izbolj\u0161ujemo na\u0161e izdelke, da bi ohranili konkuren\u010dno prednost na trgu. Na\u0161a \u0161iroka paleta izdelkov in sposobnost ponujanja prilagojenih re\u0161itev nas uvr\u0161\u010data med prednostne izbire za podjetja, ki i\u0161\u010dejo visokozmogljive hidravli\u010dne cilindre.<\/p>\n<p>FMP ni le proizvajalec; smo partner pri va\u0161em uspehu. Zavedamo se, da so na\u0161e stranke odvisne od nas pri dobavi orodij, ki izbolj\u0161ujejo njihovo produktivnost in varnost. Zato smo zavezani k zagotavljanju ne le vrhunskih izdelkov, temve\u010d tudi izjemnih storitev. Od za\u010detnega posvetovanja do poprodajne podpore tesno sodelujemo z na\u0161imi strankami, da zagotovimo, da so njihove potrebe izpolnjene profesionalno in skrbno. Na\u0161e konkuren\u010dne cene v kombinaciji z na\u0161o neomajno zavezanostjo kakovosti postavljajo FMP kot pametno izbiro za podjetja, ki \u017eelijo vlagati v hidravli\u010dne re\u0161itve, ki jim lahko zaupajo.<\/p>","protected":false},"excerpt":{"rendered":"<p>Excellent Quality Small Dump Truck Hydraulic Hoist Cylinder Telescopic Hydraulic Cylinder Our Hydraulic Cylinder is an excellent quality small dump truck hydraulic hoist cylinder and a telescopic hydraulic cylinder. It&#8217;s a new product of 2025, designed for superior performance in machinery repair shops, farms, energy and mining industries, machinery manufacturing, and machinery factories. Features and [&hellip;]<\/p>","protected":false},"featured_media":6781,"comment_status":"closed","ping_status":"closed","template":"","meta":{"_et_pb_use_builder":"","_et_pb_old_content":"","_et_gb_content_width":""},"product_brand":[],"product_cat":[103],"product_tag":[34,105],"class_list":{"0":"post-6521","1":"product","2":"type-product","3":"status-publish","4":"has-post-thumbnail","6":"product_cat-telescopic-hydraulic-cylinders","7":"product_tag-hydraulic-cylinder","8":"product_tag-telescopic-hydraulic-cylinders","10":"first","11":"instock","12":"product-type-simple"},"_links":{"self":[{"href":"https:\/\/fmp-components.com\/sl\/wp-json\/wp\/v2\/product\/6521","targetHints":{"allow":["GET"]}}],"collection":[{"href":"https:\/\/fmp-components.com\/sl\/wp-json\/wp\/v2\/product"}],"about":[{"href":"https:\/\/fmp-components.com\/sl\/wp-json\/wp\/v2\/types\/product"}],"replies":[{"embeddable":true,"href":"https:\/\/fmp-components.com\/sl\/wp-json\/wp\/v2\/comments?post=6521"}],"wp:featuredmedia":[{"embeddable":true,"href":"https:\/\/fmp-components.com\/sl\/wp-json\/wp\/v2\/media\/6781"}],"wp:attachment":[{"href":"https:\/\/fmp-components.com\/sl\/wp-json\/wp\/v2\/media?parent=6521"}],"wp:term":[{"taxonomy":"product_brand","embeddable":true,"href":"https:\/\/fmp-components.com\/sl\/wp-json\/wp\/v2\/product_brand?post=6521"},{"taxonomy":"product_cat","embeddable":true,"href":"https:\/\/fmp-components.com\/sl\/wp-json\/wp\/v2\/product_cat?post=6521"},{"taxonomy":"product_tag","embeddable":true,"href":"https:\/\/fmp-components.com\/sl\/wp-json\/wp\/v2\/product_tag?post=6521"}],"curies":[{"name":"delovni list","href":"https:\/\/api.w.org\/{rel}","templated":true}]}}