{"id":6519,"date":"2025-03-11T06:26:57","date_gmt":"2025-03-11T06:26:57","guid":{"rendered":"https:\/\/fmp-components.com\/product\/quality-manufacturing-small-dump-truck-telescopic-hydraulic-cylinder-for-sale"},"modified":"2025-03-12T01:20:27","modified_gmt":"2025-03-12T01:20:27","slug":"quality-manufacturing-small-dump-truck-telescopic-hydraulic-cylinder-for-sale","status":"publish","type":"product","link":"https:\/\/fmp-components.com\/sl\/product\/quality-manufacturing-small-dump-truck-telescopic-hydraulic-cylinder-for-sale\/","title":{"rendered":"Teleskopski hidravli\u010dni cilinder za mala prekucnika"},"content":{"rendered":"<h2>Teleskopski hidravli\u010dni cilinder za mala prekucnika<\/h2>\n<p>Predstavljamo vam na\u0161 vrhunski teleskopski hidravli\u010dni cilinder za manj\u0161e prekucnike, izdelan z vrhunskimi proizvodnimi tehnikami. Ta izdelek je revolucionaren v panogi, saj ponuja enoletno garancijo in je v novem stanju. Njegovo kakovost zagotavlja certifikat ISO9001:2000.<\/p>\n<h3>Zna\u010dilnosti izdelka<\/h3>\n<p>Na\u0161 izdelek je ve\u010dstopenjski hidravli\u010dni cilinder z impresivnim najve\u010djim potiskom 3000 in najve\u010djim vle\u010dnim naporom 20 ton. Njegova standardna konstrukcija je batni cilinder, ki ga poganja hidravli\u010dno in je izdelan iz trpe\u017enega jekla.<\/p>\n<h3>Tehni\u010dni parametri<\/h3>\n<table style=\"width: 101.206%;\" border=\"\">\n<tbody>\n<tr>\n<th style=\"width: 16.9576%;\">Velikost izvrtine<\/th>\n<th style=\"width: 20.4489%;\">Velikost palice<\/th>\n<th style=\"width: 19.9501%;\">Velikost poteze<\/th>\n<th style=\"width: 16.4589%;\">Velikost zati\u010da<\/th>\n<th style=\"width: 156.608%;\">Pristani\u0161\u010da<\/th>\n<\/tr>\n<tr>\n<td style=\"width: 16.9576%;\">2\u20136 palcev<\/td>\n<td style=\"width: 20.4489%;\">1,125-4 palca<\/td>\n<td style=\"width: 19.9501%;\">4\u2013100 palcev<\/td>\n<td style=\"width: 16.4589%;\">0,5\u20132 palca<\/td>\n<td style=\"width: 156.608%;\">G\/SAE\/NPT\/M<\/td>\n<\/tr>\n<\/tbody>\n<\/table>\n<h3>Edinstvene prednosti<\/h3>\n<p>Na\u0161i hidravli\u010dni cilindri se odlikujejo po \u0161tevilnih edinstvenih prednostih, vklju\u010dno z izjemno energetsko u\u010dinkovitostjo, visoko zmogljivostjo in robustnimi varnostnimi funkcijami. Ti cilindri so zasnovani tako, da zmanj\u0161ujejo porabo energije in hkrati maksimizirajo izhod, zaradi \u010desar so ne le stro\u0161kovno u\u010dinkoviti, temve\u010d tudi okolju prijazni. Njihova visoka zmogljivost zagotavlja, da lahko natan\u010dno in z mo\u010djo opravljajo zahtevne naloge, zaradi \u010desar so primerni za \u0161irok spekter industrijskih aplikacij. Varnost je pri na\u0161em procesu na\u010drtovanja najpomembnej\u0161i dejavnik; na\u0161i hidravli\u010dni cilindri so opremljeni z naprednimi varnostnimi mehanizmi, ki prepre\u010dujejo previsok tlak in zagotavljajo zanesljivo delovanje v zahtevnih pogojih. Zaradi te kombinacije zanesljivosti in doslednosti so na\u0161i hidravli\u010dni cilindri bistveni sestavni del v razli\u010dnih panogah, vklju\u010dno s strojnimi delavnicami, kmetijstvom, energetiko in rudarstvom, proizvodnjo strojev in tovarnami strojev.<\/p>\n<h3>Na\u010delo delovanja in uporaba<\/h3>\n<p>Hidravli\u010dni valj deluje tako, da pretvarja hidravli\u010dno energijo v mehansko gibanje, s \u010dimer u\u010dinkovito pretvori tlak v silo. Ko se hidravli\u010dna teko\u010dina \u010drpa v valj, ustvari tlak, ki premika bat v notranjosti. To gibanje ustvari linearno silo, ki jo je mogo\u010de izkoristiti za opravljanje razli\u010dnih nalog, zaradi \u010desar so hidravli\u010dni cilindri sestavni del \u0161tevilnih aplikacij. Na primer, klju\u010dni so pri delovanju majhnih prekucnikov in drugih te\u017ekih vozil, kjer omogo\u010dajo dvigovanje in nagibanje. Poleg tega je njihova sposobnost zagotavljanja nadzorovanega in mo\u010dnega gibanja neprecenljiva v gradbeni\u0161tvu, kmetijski mehanizaciji in opremi za ravnanje z materiali, kjer sta natan\u010dnost in trdnost bistvenega pomena.<\/p>\n<p><img loading=\"lazy\" decoding=\"async\" class=\"alignnone  wp-image-6661\" src=\"https:\/\/fmp-components.com\/wp-content\/uploads\/2025\/03\/telescopic-hydraulic-cylinder-10.webp\" alt=\"teleskopski hidravli\u010dni cilinder\" width=\"911\" height=\"911\" title=\"\" srcset=\"https:\/\/fmp-components.com\/wp-content\/uploads\/2025\/03\/telescopic-hydraulic-cylinder-10.webp 911w, https:\/\/fmp-components.com\/wp-content\/uploads\/2025\/03\/telescopic-hydraulic-cylinder-10-480x480.webp 480w\" sizes=\"(min-width: 0px) and (max-width: 480px) 480px, (min-width: 481px) 911px, 100vw\" \/><\/p>\n<h2>Hidravli\u010dni cilindri in pogonske enote<\/h2>\n<p>Hidravli\u010dni cilindri in pogonske enote so nepogre\u0161ljive komponente vsakega hidravli\u010dnega sistema. Njihova sinergija je klju\u010dnega pomena za u\u010dinkovito uporabo hidravli\u010dne tehnologije v razli\u010dnih industrijskih sektorjih. Hidravli\u010dni cilinder deluje kot aktuator, ki pretvarja hidravli\u010dno energijo v mehansko gibanje, medtem ko pogonska enota deluje kot srce sistema, ki dovaja potrebno hidravli\u010dno teko\u010dino in tlak za pogon delovanja cilindra. Skupaj zagotavljajo zanesljivo napajanje in podporo krmiljenju za raznoliko in\u017eenirsko in mehansko opremo.<\/p>\n<p>Pri FMP se zavedamo klju\u010dne vloge, ki jo imajo tako hidravli\u010dni cilindri kot pogonske enote pri izbolj\u0161anju operativne u\u010dinkovitosti. Zato ponujamo tudi izbor pogonskih enot za prodajo, kar vam zagotavlja dostop do celovite hidravli\u010dne re\u0161itve. Na\u0161a zavezanost zagotavljanju visokokakovostnih izdelkov pomeni, da lahko zaupate na\u0161im re\u0161itvam za izbolj\u0161anje zanesljivosti in u\u010dinkovitosti va\u0161ega delovanja, ne glede na specifi\u010dno panogo ali uporabo.<\/p>\n<h2>Pogosta vpra\u0161anja<\/h2>\n<p><b>V: Ali ste trgovsko podjetje ali proizvajalec?<\/b><br \/>\nO: Smo proizvajalec.<\/p>\n<p><b>V: Koliko \u010dasa traja va\u0161a dobavni rok?<\/b><br \/>\nA: Na splo\u0161no je to 25-35 dni.<\/p>\n<p><b>V: Ali ponujate vzorce?<\/b><br \/>\nO: Da, ponujamo vzorce, vendar niso brezpla\u010dni.<\/p>\n<p><img loading=\"lazy\" decoding=\"async\" class=\"alignnone size-full wp-image-6660\" src=\"https:\/\/fmp-components.com\/wp-content\/uploads\/2025\/03\/hydraulic-cylinder-workshop-4.webp\" alt=\"teleskopski hidravli\u010dni cilinder\" width=\"914\" height=\"733\" title=\"\" srcset=\"https:\/\/fmp-components.com\/wp-content\/uploads\/2025\/03\/hydraulic-cylinder-workshop-4.webp 914w, https:\/\/fmp-components.com\/wp-content\/uploads\/2025\/03\/hydraulic-cylinder-workshop-4-480x385.webp 480w\" sizes=\"(min-width: 0px) and (max-width: 480px) 480px, (min-width: 481px) 914px, 100vw\" \/><\/p>\n<h3>O FMP-ju<\/h3>\n<p>FMP je vodilni italijanski proizvajalec, znan po svojem strokovnem znanju na podro\u010dju na\u010drtovanja, razvoja in proizvodnje visokokakovostnih hidravli\u010dnih cilindrov. Z bogato dedi\u0161\u010dino, ki smo jo gradili skozi desetletja, zdru\u017eujemo tradicionalno italijansko obrt z najsodobnej\u0161o tehnologijo, da bi ustvarili izjemne hidravli\u010dne re\u0161itve, ki zadovoljujejo raznolike potrebe na\u0161ih strank po vsem svetu. FMP s sede\u017eem v Italiji, sredi\u0161\u010du in\u017eenirske odli\u010dnosti, se je uveljavil kot zaupanja vredno ime v hidravli\u010dni industriji, predan zagotavljanju zanesljivih, trpe\u017enih in inovativnih izdelkov, ki opolnomo\u010dajo podjetja po vsem svetu.<\/p>\n<p>Na\u0161e podjetje zdru\u017euje napredne proizvodne tradicije s progresivno miselnostjo. Z bogatimi izku\u0161njami na podro\u010dju hidravli\u010dnih sistemov se je FMP preoblikoval v sodobno podjetje, ki blesti na podro\u010dju raziskav, na\u010drtovanja in proizvodnje. Ponujamo \u0161iroko paleto hidravli\u010dnih cilindrov, vklju\u010dno z dvostransko delujo\u010dimi cilindri, avtomobilskimi dvi\u017enimi cilindri, cilindri za kmetijsko mehanizacijo in re\u0161itvami po meri, prilagojenimi razli\u010dnim industrijskim aplikacijam. Ne glede na to, ali gre za gradbeni\u0161tvo, industrijske instalacije, kmetijstvo ali te\u017eko mehanizacijo, so na\u0161i hidravli\u010dni cilindri zasnovani za delovanje v najzahtevnej\u0161ih pogojih, kar zagotavlja varnost, u\u010dinkovitost in dolgo \u017eivljenjsko dobo.<\/p>\n<p>V podjetju FMP smo ponosni na na\u0161e najsodobnej\u0161e proizvodne obrate, opremljene s preciznimi stroji in naprednimi sistemi za testiranje. Na\u0161i proizvodni procesi so skladni s strogimi nacionalnimi in mednarodnimi standardi, kar zagotavlja, da vsak izdelan hidravli\u010dni valj izpolnjuje najvi\u0161ja merila kakovosti in zanesljivosti. Na\u0161a usposobljena tehni\u010dna ekipa nam v kombinaciji z napredno opremo omogo\u010da strog nadzor kakovosti v vsaki fazi proizvodnje \u2013 od izbire surovin do kon\u010dnega pregleda. Ta zavezanost odli\u010dnosti nam je prinesla certifikate in priznanja industrijskih organov, kar utrjuje na\u0161 ugled zanesljivega partnerja.<\/p>\n<p><img loading=\"lazy\" decoding=\"async\" class=\"alignnone size-full wp-image-6720\" src=\"https:\/\/fmp-components.com\/wp-content\/uploads\/2025\/03\/hydraulic-cylinder-8.webp\" alt=\"Teleskopski hidravli\u010dni cilindri\" width=\"933\" height=\"526\" title=\"\" srcset=\"https:\/\/fmp-components.com\/wp-content\/uploads\/2025\/03\/hydraulic-cylinder-8.webp 933w, https:\/\/fmp-components.com\/wp-content\/uploads\/2025\/03\/hydraulic-cylinder-8-480x271.webp 480w\" sizes=\"(min-width: 0px) and (max-width: 480px) 480px, (min-width: 481px) 933px, 100vw\" \/><\/p>\n<p>Na\u0161e poslanstvo je preprosto, a ambiciozno: strankam zagotoviti hidravli\u010dne cilindre, ki presegajo pri\u010dakovanja glede zmogljivosti, vzdr\u017eljivosti in vrednosti. Delujemo na temeljih profesionalnosti, integritete in osredoto\u010denosti na stranke. Z gojenjem kulture inovacij in natan\u010dnosti nenehno izbolj\u0161ujemo na\u0161e izdelke, da bi ohranili konkuren\u010dno prednost na trgu. Na\u0161a \u0161iroka paleta izdelkov in sposobnost ponujanja prilagojenih re\u0161itev nas uvr\u0161\u010data med prednostne izbire za podjetja, ki i\u0161\u010dejo visokozmogljive hidravli\u010dne cilindre.<\/p>\n<p>FMP ni le proizvajalec; smo partner pri va\u0161em uspehu. Zavedamo se, da so na\u0161e stranke odvisne od nas pri dobavi orodij, ki izbolj\u0161ujejo njihovo produktivnost in varnost. Zato smo zavezani k zagotavljanju ne le vrhunskih izdelkov, temve\u010d tudi izjemnih storitev. Od za\u010detnega posvetovanja do poprodajne podpore tesno sodelujemo z na\u0161imi strankami, da zagotovimo, da so njihove potrebe izpolnjene profesionalno in skrbno. Na\u0161e konkuren\u010dne cene v kombinaciji z na\u0161o neomajno zavezanostjo kakovosti postavljajo FMP kot pametno izbiro za podjetja, ki \u017eelijo vlagati v hidravli\u010dne re\u0161itve, ki jim lahko zaupajo.<\/p>","protected":false},"excerpt":{"rendered":"<p>Quality Manufacturing Small Dump Truck Telescopic Hydraulic Cylinder For Sale Introducing our top-quality small dump truck telescopic hydraulic cylinder, made with supreme manufacturing techniques. This product is a game-changer in the industry, offering a one-year warranty and a new condition. Its quality is guaranteed by ISO9001:2000 certification. Product Features Our product is a multistage hydraulic [&hellip;]<\/p>","protected":false},"featured_media":6692,"comment_status":"closed","ping_status":"closed","template":"","meta":{"_et_pb_use_builder":"","_et_pb_old_content":"","_et_gb_content_width":""},"product_brand":[],"product_cat":[103],"product_tag":[34,105],"class_list":{"0":"post-6519","1":"product","2":"type-product","3":"status-publish","4":"has-post-thumbnail","6":"product_cat-telescopic-hydraulic-cylinders","7":"product_tag-hydraulic-cylinder","8":"product_tag-telescopic-hydraulic-cylinders","10":"first","11":"instock","12":"product-type-simple"},"_links":{"self":[{"href":"https:\/\/fmp-components.com\/sl\/wp-json\/wp\/v2\/product\/6519","targetHints":{"allow":["GET"]}}],"collection":[{"href":"https:\/\/fmp-components.com\/sl\/wp-json\/wp\/v2\/product"}],"about":[{"href":"https:\/\/fmp-components.com\/sl\/wp-json\/wp\/v2\/types\/product"}],"replies":[{"embeddable":true,"href":"https:\/\/fmp-components.com\/sl\/wp-json\/wp\/v2\/comments?post=6519"}],"wp:featuredmedia":[{"embeddable":true,"href":"https:\/\/fmp-components.com\/sl\/wp-json\/wp\/v2\/media\/6692"}],"wp:attachment":[{"href":"https:\/\/fmp-components.com\/sl\/wp-json\/wp\/v2\/media?parent=6519"}],"wp:term":[{"taxonomy":"product_brand","embeddable":true,"href":"https:\/\/fmp-components.com\/sl\/wp-json\/wp\/v2\/product_brand?post=6519"},{"taxonomy":"product_cat","embeddable":true,"href":"https:\/\/fmp-components.com\/sl\/wp-json\/wp\/v2\/product_cat?post=6519"},{"taxonomy":"product_tag","embeddable":true,"href":"https:\/\/fmp-components.com\/sl\/wp-json\/wp\/v2\/product_tag?post=6519"}],"curies":[{"name":"delovni list","href":"https:\/\/api.w.org\/{rel}","templated":true}]}}