{"id":6518,"date":"2025-03-11T06:26:57","date_gmt":"2025-03-11T06:26:57","guid":{"rendered":"https:\/\/fmp-components.com\/product\/quality-manufacturing-2-stage-hydraulic-cylinder-telescopic-hydraulic-cylinder-for-sale"},"modified":"2025-03-12T01:24:32","modified_gmt":"2025-03-12T01:24:32","slug":"quality-manufacturing-2-stage-hydraulic-cylinder-telescopic-hydraulic-cylinder-for-sale","status":"publish","type":"product","link":"https:\/\/fmp-components.com\/sl\/product\/quality-manufacturing-2-stage-hydraulic-cylinder-telescopic-hydraulic-cylinder-for-sale\/","title":{"rendered":"Kakovostna izdelava 2-stopenjskega hidravli\u010dnega cilindra Teleskopski hidravli\u010dni cilinder za prodajo"},"content":{"rendered":"<h2>Kakovostna izdelava 2-stopenjskega hidravli\u010dnega cilindra Teleskopski hidravli\u010dni cilinder za prodajo<\/h2>\n<p>Na\u0161 najsodobnej\u0161i dvostopenjski teleskopski hidravli\u010dni cilinder je zasnovan za robustno delovanje in maksimalno u\u010dinkovitost. Ta ve\u010dstopenjski hidravli\u010dni cilinder, izdelan iz visokokakovostnega jekla, je idealen za te\u017eke aplikacije v delavnicah za popravilo strojev, na kmetijah, v energetski in rudarski industriji ter drugod.<\/p>\n<h3>Specifikacije izdelka<\/h3>\n<table style=\"width: 97.6872%;\" border=\"\">\n<tbody>\n<tr>\n<td style=\"width: 43.5028%;\"><b>Velikost izvrtine<\/b><\/td>\n<td style=\"width: 472.881%;\">2\u20136 palcev<\/td>\n<\/tr>\n<tr>\n<td style=\"width: 43.5028%;\"><b>Velikost palice<\/b><\/td>\n<td style=\"width: 472.881%;\">1,125-4 palca<\/td>\n<\/tr>\n<tr>\n<td style=\"width: 43.5028%;\"><b>Velikost poteze<\/b><\/td>\n<td style=\"width: 472.881%;\">4\u2013100 palcev<\/td>\n<\/tr>\n<tr>\n<td style=\"width: 43.5028%;\"><b>Velikost zati\u010da<\/b><\/td>\n<td style=\"width: 472.881%;\">0,5\u20132 palca<\/td>\n<\/tr>\n<tr>\n<td style=\"width: 43.5028%;\"><b>Pristani\u0161\u010da<\/b><\/td>\n<td style=\"width: 472.881%;\">G\/SAE\/NPT\/M<\/td>\n<\/tr>\n<\/tbody>\n<\/table>\n<h3>Klju\u010dne lastnosti<\/h3>\n<ul>\n<li>Energetsko u\u010dinkovito<\/li>\n<li>Robustna in vzdr\u017eljiva konstrukcija<\/li>\n<li>Visoka u\u010dinkovitost, ki zagotavlja maksimalno produktivnost<\/li>\n<li>Varnost zagotovljena z 1-letno garancijo na klju\u010dne komponente<\/li>\n<\/ul>\n<h2>Hidravli\u010dni sistem in princip delovanja<\/h2>\n<p>Hidravli\u010dni sistem deluje na temeljnem na\u010delu pretvorbe hidravli\u010dnega tlaka v mehansko gibanje, kar omogo\u010da izvajanje razli\u010dnih nalog z izjemno u\u010dinkovitostjo in mo\u010djo. Osrednji del tega sistema je dvostopenjski hidravli\u010dni cilinder, vitalna komponenta, ki igra klju\u010dno vlogo pri pretvorbi hidravli\u010dne energije v mo\u010dno linearno silo. Ta pretvorba omogo\u010da valju u\u010dinkovito poganjanje strojev in opreme, zaradi \u010desar je klju\u010dni akter v razli\u010dnih industrijskih aplikacijah. Z izkori\u0161\u010danjem nestisljivosti teko\u010dine hidravli\u010dni sistem zagotavlja, da se ustvarjena sila lahko prena\u0161a gladko in zanesljivo, kar omogo\u010da natan\u010den nadzor nad mehanskimi gibi.<\/p>\n<p><img loading=\"lazy\" decoding=\"async\" class=\"alignnone  wp-image-6662\" src=\"https:\/\/fmp-components.com\/wp-content\/uploads\/2025\/03\/telescopic-hydraulic-cylinder-4.webp\" alt=\"teleskopski hidravli\u010dni cilinder\" width=\"936\" height=\"936\" title=\"\" srcset=\"https:\/\/fmp-components.com\/wp-content\/uploads\/2025\/03\/telescopic-hydraulic-cylinder-4.webp 936w, https:\/\/fmp-components.com\/wp-content\/uploads\/2025\/03\/telescopic-hydraulic-cylinder-4-480x480.webp 480w\" sizes=\"(min-width: 0px) and (max-width: 480px) 480px, (min-width: 481px) 936px, 100vw\" \/><\/p>\n<h2>Aplikacije<\/h2>\n<p>Zaradi vsestranskosti je dvostopenjski hidravli\u010dni cilinder idealen za uporabo v \u0161tevilnih panogah. \u0160e posebej je primeren za delavnice za popravila strojev, kjer pomaga pri dvigovanju in pozicioniranju te\u017eke opreme za vzdr\u017eevanje in popravila. Na kmetijah ti cilindri izbolj\u0161ujejo funkcionalnost kmetijskih strojev, kar omogo\u010da u\u010dinkovito opravljanje nalog, kot so oranje, dvigovanje in prevoz materialov. Tudi energetska in rudarska industrija imata koristi od teh hidravli\u010dnih cilindrov, saj lahko prenesejo zahtevne pogoje, povezane s te\u017ekimi operacijami, kot sta dvigovanje in premikanje materialov v zahtevnih okoljih. Poleg tega se ta hidravli\u010dni cilinder v proizvodnji strojev in razli\u010dnih drugih sektorjih izka\u017ee za neprecenljivega na monta\u017enih linijah in v proizvodnih procesih, saj zagotavlja nemoten in u\u010dinkovit potek delovanja. Zaradi svoje zanesljivosti, mo\u010di in u\u010dinkovitosti je idealna izbira za vsako uporabo, ki zahteva robusten hidravli\u010dni sistem.<\/p>\n<h2>Hidravli\u010dni cilindri in pogonske enote<\/h2>\n<p>Hidravli\u010dni cilindri in pogonske enote so nepogre\u0161ljive komponente vsakega hidravli\u010dnega sistema, ki delujejo usklajeno, da zagotavljajo u\u010dinkovito uporabo hidravli\u010dne tehnologije na razli\u010dnih industrijskih podro\u010djih. Hidravli\u010dni cilinder deluje kot aktuator, odgovoren za pretvorbo hidravli\u010dne energije v mehansko gibanje in pretvorbo tlaka v silo. Ta zmogljivost mu omogo\u010da opravljanje \u0161irokega nabora funkcij, od dvigovanja te\u017ekih bremen do natan\u010dnega pogona strojev.<\/p>\n<p>Po drugi strani pa pogonska enota slu\u017ei kot jedro hidravli\u010dnega sistema, saj zagotavlja potrebno energijo in krmilne signale za delovanje hidravli\u010dnega cilindra. Ustvarja in regulira tlak hidravli\u010dne teko\u010dine, s \u010dimer zagotavlja u\u010dinkovito in uspe\u0161no delovanje sistema. Usklajevanje med hidravli\u010dnim cilindrom in pogonsko enoto je bistvenega pomena za normalno delovanje hidravli\u010dnega sistema, kar omogo\u010da nemoteno delovanje v razli\u010dnih aplikacijah.<\/p>\n<p>Pri FMP razumemo pomen teh komponent za izbolj\u0161anje operativne u\u010dinkovitosti, zato ponujamo tudi vrsto pogonskih enot za prodajo. Na\u0161a zavezanost zagotavljanju visokokakovostnih hidravli\u010dnih re\u0161itev zagotavlja, da se lahko zanesete na na\u0161e izdelke, ki zagotavljajo zmogljivost, zanesljivost in nadzor, potrebne za va\u0161e specifi\u010dne aplikacije v industrijskem sektorju.<\/p>\n<p><img loading=\"lazy\" decoding=\"async\" class=\"alignnone  wp-image-6663\" src=\"https:\/\/fmp-components.com\/wp-content\/uploads\/2025\/03\/telescopic-hydraulic-cylinder-11.webp\" alt=\"teleskopski hidravli\u010dni cilinder\" width=\"921\" height=\"921\" title=\"\" srcset=\"https:\/\/fmp-components.com\/wp-content\/uploads\/2025\/03\/telescopic-hydraulic-cylinder-11.webp 921w, https:\/\/fmp-components.com\/wp-content\/uploads\/2025\/03\/telescopic-hydraulic-cylinder-11-480x480.webp 480w\" sizes=\"(min-width: 0px) and (max-width: 480px) 480px, (min-width: 481px) 921px, 100vw\" \/><\/p>\n<h3>O FMP-ju<\/h3>\n<p>FMP je vodilni italijanski proizvajalec, znan po svojem strokovnem znanju na podro\u010dju na\u010drtovanja, razvoja in proizvodnje visokokakovostnih hidravli\u010dnih cilindrov. Z bogato dedi\u0161\u010dino, ki smo jo gradili skozi desetletja, zdru\u017eujemo tradicionalno italijansko obrt z najsodobnej\u0161o tehnologijo, da bi ustvarili izjemne hidravli\u010dne re\u0161itve, ki zadovoljujejo raznolike potrebe na\u0161ih strank po vsem svetu. FMP s sede\u017eem v Italiji, sredi\u0161\u010du in\u017eenirske odli\u010dnosti, se je uveljavil kot zaupanja vredno ime v hidravli\u010dni industriji, predan zagotavljanju zanesljivih, trpe\u017enih in inovativnih izdelkov, ki opolnomo\u010dajo podjetja po vsem svetu.<\/p>\n<p>Na\u0161e podjetje zdru\u017euje napredne proizvodne tradicije s progresivno miselnostjo. Z bogatimi izku\u0161njami na podro\u010dju hidravli\u010dnih sistemov se je FMP preoblikoval v sodobno podjetje, ki blesti na podro\u010dju raziskav, na\u010drtovanja in proizvodnje. Ponujamo \u0161iroko paleto hidravli\u010dnih cilindrov, vklju\u010dno z dvostransko delujo\u010dimi cilindri, avtomobilskimi dvi\u017enimi cilindri, cilindri za kmetijsko mehanizacijo in re\u0161itvami po meri, prilagojenimi razli\u010dnim industrijskim aplikacijam. Ne glede na to, ali gre za gradbeni\u0161tvo, industrijske instalacije, kmetijstvo ali te\u017eko mehanizacijo, so na\u0161i hidravli\u010dni cilindri zasnovani za delovanje v najzahtevnej\u0161ih pogojih, kar zagotavlja varnost, u\u010dinkovitost in dolgo \u017eivljenjsko dobo.<\/p>\n<p>V podjetju FMP smo ponosni na na\u0161e najsodobnej\u0161e proizvodne obrate, opremljene s preciznimi stroji in naprednimi sistemi za testiranje. Na\u0161i proizvodni procesi so skladni s strogimi nacionalnimi in mednarodnimi standardi, kar zagotavlja, da vsak izdelan hidravli\u010dni valj izpolnjuje najvi\u0161ja merila kakovosti in zanesljivosti. Na\u0161a usposobljena tehni\u010dna ekipa nam v kombinaciji z napredno opremo omogo\u010da strog nadzor kakovosti v vsaki fazi proizvodnje \u2013 od izbire surovin do kon\u010dnega pregleda. Ta zavezanost odli\u010dnosti nam je prinesla certifikate in priznanja industrijskih organov, kar utrjuje na\u0161 ugled zanesljivega partnerja.<\/p>\n<p><img loading=\"lazy\" decoding=\"async\" class=\"alignnone size-full wp-image-6720\" src=\"https:\/\/fmp-components.com\/wp-content\/uploads\/2025\/03\/hydraulic-cylinder-8.webp\" alt=\"Teleskopski hidravli\u010dni cilindri\" width=\"933\" height=\"526\" title=\"\" srcset=\"https:\/\/fmp-components.com\/wp-content\/uploads\/2025\/03\/hydraulic-cylinder-8.webp 933w, https:\/\/fmp-components.com\/wp-content\/uploads\/2025\/03\/hydraulic-cylinder-8-480x271.webp 480w\" sizes=\"(min-width: 0px) and (max-width: 480px) 480px, (min-width: 481px) 933px, 100vw\" \/><\/p>\n<p>Na\u0161e poslanstvo je preprosto, a ambiciozno: strankam zagotoviti hidravli\u010dne cilindre, ki presegajo pri\u010dakovanja glede zmogljivosti, vzdr\u017eljivosti in vrednosti. Delujemo na temeljih profesionalnosti, integritete in osredoto\u010denosti na stranke. Z gojenjem kulture inovacij in natan\u010dnosti nenehno izbolj\u0161ujemo na\u0161e izdelke, da bi ohranili konkuren\u010dno prednost na trgu. Na\u0161a \u0161iroka paleta izdelkov in sposobnost ponujanja prilagojenih re\u0161itev nas uvr\u0161\u010data med prednostne izbire za podjetja, ki i\u0161\u010dejo visokozmogljive hidravli\u010dne cilindre.<\/p>\n<p>FMP ni le proizvajalec; smo partner pri va\u0161em uspehu. Zavedamo se, da so na\u0161e stranke odvisne od nas pri dobavi orodij, ki izbolj\u0161ujejo njihovo produktivnost in varnost. Zato smo zavezani k zagotavljanju ne le vrhunskih izdelkov, temve\u010d tudi izjemnih storitev. Od za\u010detnega posvetovanja do poprodajne podpore tesno sodelujemo z na\u0161imi strankami, da zagotovimo, da so njihove potrebe izpolnjene profesionalno in skrbno. Na\u0161e konkuren\u010dne cene v kombinaciji z na\u0161o neomajno zavezanostjo kakovosti postavljajo FMP kot pametno izbiro za podjetja, ki \u017eelijo vlagati v hidravli\u010dne re\u0161itve, ki jim lahko zaupajo.<\/p>","protected":false},"excerpt":{"rendered":"<p>Quality Manufacturing 2 Stage Hydraulic Cylinder Telescopic Hydraulic Cylinder For Sale Our state-of-the-art 2 Stage Telescopic hydraulic cylinder is designed for robust performance and maximum efficiency. Made with high-quality steel, this multi-stage hydraulic cylinder is perfect for heavy-duty applications in machinery repair shops, farms, energy &amp; mining industries, and more. Product Specifications Bore Size 2-6 [&hellip;]<\/p>","protected":false},"featured_media":6693,"comment_status":"closed","ping_status":"closed","template":"","meta":{"_et_pb_use_builder":"","_et_pb_old_content":"","_et_gb_content_width":""},"product_brand":[],"product_cat":[103],"product_tag":[34,105],"class_list":{"0":"post-6518","1":"product","2":"type-product","3":"status-publish","4":"has-post-thumbnail","6":"product_cat-telescopic-hydraulic-cylinders","7":"product_tag-hydraulic-cylinder","8":"product_tag-telescopic-hydraulic-cylinders","10":"first","11":"instock","12":"product-type-simple"},"_links":{"self":[{"href":"https:\/\/fmp-components.com\/sl\/wp-json\/wp\/v2\/product\/6518","targetHints":{"allow":["GET"]}}],"collection":[{"href":"https:\/\/fmp-components.com\/sl\/wp-json\/wp\/v2\/product"}],"about":[{"href":"https:\/\/fmp-components.com\/sl\/wp-json\/wp\/v2\/types\/product"}],"replies":[{"embeddable":true,"href":"https:\/\/fmp-components.com\/sl\/wp-json\/wp\/v2\/comments?post=6518"}],"wp:featuredmedia":[{"embeddable":true,"href":"https:\/\/fmp-components.com\/sl\/wp-json\/wp\/v2\/media\/6693"}],"wp:attachment":[{"href":"https:\/\/fmp-components.com\/sl\/wp-json\/wp\/v2\/media?parent=6518"}],"wp:term":[{"taxonomy":"product_brand","embeddable":true,"href":"https:\/\/fmp-components.com\/sl\/wp-json\/wp\/v2\/product_brand?post=6518"},{"taxonomy":"product_cat","embeddable":true,"href":"https:\/\/fmp-components.com\/sl\/wp-json\/wp\/v2\/product_cat?post=6518"},{"taxonomy":"product_tag","embeddable":true,"href":"https:\/\/fmp-components.com\/sl\/wp-json\/wp\/v2\/product_tag?post=6518"}],"curies":[{"name":"delovni list","href":"https:\/\/api.w.org\/{rel}","templated":true}]}}