{"id":6517,"date":"2025-03-11T06:26:57","date_gmt":"2025-03-11T06:26:57","guid":{"rendered":"https:\/\/fmp-components.com\/product\/factory-serving-small-dump-truck-hydraulic-hoist-cylinder-multistage-hydraulic-cylinder"},"modified":"2025-03-12T01:35:55","modified_gmt":"2025-03-12T01:35:55","slug":"factory-serving-small-dump-truck-hydraulic-hoist-cylinder-multistage-hydraulic-cylinder","status":"publish","type":"product","link":"https:\/\/fmp-components.com\/sl\/product\/factory-serving-small-dump-truck-hydraulic-hoist-cylinder-multistage-hydraulic-cylinder\/","title":{"rendered":"Ve\u010dstopenjski hidravli\u010dni cilinder za hidravli\u010dno dvigalo za majhne tovornjake"},"content":{"rendered":"<h2>Ve\u010dstopenjski hidravli\u010dni cilinder za hidravli\u010dno dvigalo za majhne tovornjake<\/h2>\n<p>Predstavljamo vam na\u0161 povsem nov tovarni\u0161ko name\u0161\u010den ve\u010dstopenjski hidravli\u010dni cilinder za mala prekucna tovornjaka, vrhunsko re\u0161itev, zasnovano za potrebe va\u0161ih strojev. Ta hidravli\u010dni cilinder je izdelan iz najkakovostnej\u0161ih materialov in zasnovan za vrhunsko delovanje, zato je prava izbira za \u0161irok spekter uporabe.<\/p>\n<h3>Zna\u010dilnosti in pomen izdelka<\/h3>\n<p>Na\u0161 ve\u010dstopenjski hidravli\u010dni cilinder je zasnovan za majhne prekucnike in slu\u017ei kot robustno in zanesljivo hidravli\u010dno dvigalo. Igra klju\u010dno vlogo pri dvigovanju in premikanju te\u017ekih bremen, s \u010dimer pove\u010duje produktivnost in u\u010dinkovitost v razli\u010dnih panogah, kot so delavnice za popravilo strojev, kmetije, energetika in rudarstvo, proizvodnja strojev in tovarne strojev.<\/p>\n<h3>Tehni\u010dne specifikacije<\/h3>\n<p>Na\u0161 hidravli\u010dni dvi\u017eni valj je izdelan s podrobnimi specifikacijami, ki zagotavljajo optimalno delovanje in vzdr\u017eljivost.<\/p>\n<table style=\"width: 101.27%;\" border=\"\">\n<tbody>\n<tr>\n<td style=\"width: 42.9379%;\"><i>Velikost izvrtine<\/i><\/td>\n<td style=\"width: 480.791%;\">2\u20136 palcev<\/td>\n<\/tr>\n<tr>\n<td style=\"width: 42.9379%;\"><i>Velikost palice<\/i><\/td>\n<td style=\"width: 480.791%;\">1,125-4 palca<\/td>\n<\/tr>\n<tr>\n<td style=\"width: 42.9379%;\"><i>Velikost poteze<\/i><\/td>\n<td style=\"width: 480.791%;\">4\u2013100 palcev<\/td>\n<\/tr>\n<tr>\n<td style=\"width: 42.9379%;\"><i>Velikost zati\u010da<\/i><\/td>\n<td style=\"width: 480.791%;\">0,5\u20132 palca<\/td>\n<\/tr>\n<tr>\n<td style=\"width: 42.9379%;\"><i>Pristani\u0161\u010da<\/i><\/td>\n<td style=\"width: 480.791%;\">G\/SAE\/NPT\/M<\/td>\n<\/tr>\n<\/tbody>\n<\/table>\n<h2>Edinstvene lastnosti in prednosti<\/h2>\n<p>Na\u0161 ve\u010dstopenjski hidravli\u010dni cilinder je zasnovan z vrsto edinstvenih lastnosti in prednosti, ki ga lo\u010dijo od drugih na trgu. Z izjemnim najve\u010djim potiskom 3000 in najve\u010djo vle\u010dno zmogljivostjo 20 ton ta cilinder zagotavlja izjemno mo\u010d in u\u010dinkovitost, zaradi \u010desar je idealen za te\u017eke aplikacije. Njegova energetsko var\u010dna zasnova ne le pove\u010da zmogljivost, temve\u010d tudi zmanj\u0161a obratovalne stro\u0161ke, kar uporabnikom zagotavlja tako u\u010dinkovitost kot trajnost.<\/p>\n<p>Izdelan iz visokokakovostnega jekla, se cilinder pona\u0161a z neprimerljivo vzdr\u017eljivostjo in varnostjo, zaradi \u010desar je primeren za zahtevna delovna okolja. Robustno jekleno ohi\u0161je zagotavlja, da lahko prenese obremenitve in napore, povezane z zahtevnimi nalogami, kar upravljavcem zagotavlja brezskrbnost. Poleg tega ima na\u0161 ve\u010dstopenjski hidravli\u010dni cilinder certifikat ISO9001:2000, kar odra\u017ea na\u0161o zavezanost ohranjanju najvi\u0161jih standardov kakovosti in zanesljivosti na\u0161ih izdelkov. Ta certifikat strankam zagotavlja, da vlagajo v izdelek, ki izpolnjuje stroge mednarodne standarde vodenja kakovosti, kar \u0161e pove\u010duje njegovo privla\u010dnost v razli\u010dnih industrijskih aplikacijah.<\/p>\n<p><img loading=\"lazy\" decoding=\"async\" class=\"alignnone  wp-image-6664\" src=\"https:\/\/fmp-components.com\/wp-content\/uploads\/2025\/03\/telescopic-hydraulic-cylinder-8.webp\" alt=\"teleskopski hidravli\u010dni cilinder\" width=\"919\" height=\"919\" title=\"\" srcset=\"https:\/\/fmp-components.com\/wp-content\/uploads\/2025\/03\/telescopic-hydraulic-cylinder-8.webp 919w, https:\/\/fmp-components.com\/wp-content\/uploads\/2025\/03\/telescopic-hydraulic-cylinder-8-480x480.webp 480w\" sizes=\"(min-width: 0px) and (max-width: 480px) 480px, (min-width: 481px) 919px, 100vw\" \/><\/p>\n<h2>Hidravli\u010dni sistem in na\u010dela delovanja<\/h2>\n<p>Na\u0161 hidravli\u010dni dvi\u017eni valj deluje na principu tla\u010dne teko\u010dine, ki je bistvena za ustvarjanje linearnega gibanja in sile. V tem sistemu se tla\u010dna hidravli\u010dna teko\u010dina usmeri v valj, kar povzro\u010di premikanje bata. To gibanje ustvari potrebno silo za u\u010dinkovito dvigovanje ali premikanje te\u017ekih bremen. Zasnova hidravli\u010dnega dvi\u017enega valja zagotavlja, da je ta postopek gladek in mo\u010dan, kar prispeva k visoki zmogljivosti in zanesljivosti.<\/p>\n<p>U\u010dinkovita pretvorba hidravli\u010dne energije v mehansko gibanje omogo\u010da na\u0161emu hidravli\u010dnemu dvi\u017enemu cilindru natan\u010dno opravljanje \u0161irokega nabora nalog. Ta u\u010dinkovit sistem ne le pove\u010da produktivnost, temve\u010d zagotavlja tudi varno ravnanje s bremeni, zaradi \u010desar je klju\u010dna komponenta v razli\u010dnih industrijskih aplikacijah, vklju\u010dno z gradbeni\u0161tvom, proizvodnjo in transportom.<\/p>\n<p><img loading=\"lazy\" decoding=\"async\" class=\"alignnone  wp-image-6665\" src=\"https:\/\/fmp-components.com\/wp-content\/uploads\/2025\/03\/telescopic-hydraulic-cylinder-9.webp\" alt=\"teleskopski hidravli\u010dni cilinder\" width=\"906\" height=\"906\" title=\"\" srcset=\"https:\/\/fmp-components.com\/wp-content\/uploads\/2025\/03\/telescopic-hydraulic-cylinder-9.webp 906w, https:\/\/fmp-components.com\/wp-content\/uploads\/2025\/03\/telescopic-hydraulic-cylinder-9-480x480.webp 480w\" sizes=\"(min-width: 0px) and (max-width: 480px) 480px, (min-width: 481px) 906px, 100vw\" \/><\/p>\n<h2>Hidravli\u010dni cilindri in pogonske enote<\/h2>\n<p>Hidravli\u010dni cilindri in pogonske enote so nepogre\u0161ljivi elementi hidravli\u010dnih sistemov, pri \u010demer ima vsak klju\u010dno vlogo pri njihovem celotnem delovanju. Hidravli\u010dni cilinder slu\u017ei kot aktuator, ki pretvarja hidravli\u010dno energijo v mehansko gibanje, medtem ko pogonska enota deluje kot srce sistema, ki dovaja potrebno hidravli\u010dno teko\u010dino in tlak za pogon delovanja cilindra.<\/p>\n<p>Usklajeno delovanje teh dveh komponent je bistvenega pomena za \u0161iroko uporabo hidravli\u010dne tehnologije v industrijskem sektorju. Skupaj zagotavljata zanesljivo napajanje in podporo krmiljenju za raznoliko paleto in\u017eenirske in mehanske opreme ter zagotavljata nemoteno in u\u010dinkovito delovanje.<\/p>\n<p>V na\u0161em podjetju razumemo pomen teh komponent za izbolj\u0161anje operativne u\u010dinkovitosti, zato ponujamo tudi visokokakovostne pogonske enote. Na\u0161a zavezanost zagotavljanju zanesljivih hidravli\u010dnih re\u0161itev zagotavlja, da se lahko zanesete na na\u0161e izdelke glede zmogljivosti in nadzora, ki ju potrebujete v svojih specifi\u010dnih aplikacijah.<\/p>\n<p><img loading=\"lazy\" decoding=\"async\" class=\"alignnone  wp-image-6717\" src=\"https:\/\/fmp-components.com\/wp-content\/uploads\/2025\/03\/hydraulic-cylinder-211.webp\" alt=\"Hidravli\u010dni cilindri\" width=\"910\" height=\"912\" title=\"\" srcset=\"https:\/\/fmp-components.com\/wp-content\/uploads\/2025\/03\/hydraulic-cylinder-211.webp 910w, https:\/\/fmp-components.com\/wp-content\/uploads\/2025\/03\/hydraulic-cylinder-211-480x481.webp 480w\" sizes=\"(min-width: 0px) and (max-width: 480px) 480px, (min-width: 481px) 910px, 100vw\" \/><\/p>\n<h2>Pogosta vpra\u0161anja<\/h2>\n<p><b>V: Ali ste trgovsko podjetje ali proizvajalec?<\/b><br \/>\nA: Smo tovarna.<\/p>\n<p><b>V: Koliko \u010dasa traja va\u0161a dobavni rok?<\/b><br \/>\nA: Na splo\u0161no je to 25-35 dni.<\/p>\n<p><b>V: Ali ponujate vzorce?<\/b><br \/>\nO: Da, lahko ponudimo vzorec, vendar ni brezpla\u010den.<\/p>\n<h3>O FMP-ju<\/h3>\n<p>FMP je vodilni italijanski proizvajalec, znan po svojem strokovnem znanju na podro\u010dju na\u010drtovanja, razvoja in proizvodnje visokokakovostnih hidravli\u010dnih cilindrov. Z bogato dedi\u0161\u010dino, ki smo jo gradili skozi desetletja, zdru\u017eujemo tradicionalno italijansko obrt z najsodobnej\u0161o tehnologijo, da bi ustvarili izjemne hidravli\u010dne re\u0161itve, ki zadovoljujejo raznolike potrebe na\u0161ih strank po vsem svetu. FMP s sede\u017eem v Italiji, sredi\u0161\u010du in\u017eenirske odli\u010dnosti, se je uveljavil kot zaupanja vredno ime v hidravli\u010dni industriji, predan zagotavljanju zanesljivih, trpe\u017enih in inovativnih izdelkov, ki opolnomo\u010dajo podjetja po vsem svetu.<\/p>\n<p>Na\u0161e podjetje zdru\u017euje napredne proizvodne tradicije s progresivno miselnostjo. Z bogatimi izku\u0161njami na podro\u010dju hidravli\u010dnih sistemov se je FMP preoblikoval v sodobno podjetje, ki blesti na podro\u010dju raziskav, na\u010drtovanja in proizvodnje. Ponujamo \u0161iroko paleto hidravli\u010dnih cilindrov, vklju\u010dno z dvostransko delujo\u010dimi cilindri, avtomobilskimi dvi\u017enimi cilindri, cilindri za kmetijsko mehanizacijo in re\u0161itvami po meri, prilagojenimi razli\u010dnim industrijskim aplikacijam. Ne glede na to, ali gre za gradbeni\u0161tvo, industrijske instalacije, kmetijstvo ali te\u017eko mehanizacijo, so na\u0161i hidravli\u010dni cilindri zasnovani za delovanje v najzahtevnej\u0161ih pogojih, kar zagotavlja varnost, u\u010dinkovitost in dolgo \u017eivljenjsko dobo.<\/p>\n<p>V podjetju FMP smo ponosni na na\u0161e najsodobnej\u0161e proizvodne obrate, opremljene s preciznimi stroji in naprednimi sistemi za testiranje. Na\u0161i proizvodni procesi so skladni s strogimi nacionalnimi in mednarodnimi standardi, kar zagotavlja, da vsak izdelan hidravli\u010dni valj izpolnjuje najvi\u0161ja merila kakovosti in zanesljivosti. Na\u0161a usposobljena tehni\u010dna ekipa nam v kombinaciji z napredno opremo omogo\u010da strog nadzor kakovosti v vsaki fazi proizvodnje \u2013 od izbire surovin do kon\u010dnega pregleda. Ta zavezanost odli\u010dnosti nam je prinesla certifikate in priznanja industrijskih organov, kar utrjuje na\u0161 ugled zanesljivega partnerja.<\/p>\n<p><img loading=\"lazy\" decoding=\"async\" class=\"alignnone size-full wp-image-6720\" src=\"https:\/\/fmp-components.com\/wp-content\/uploads\/2025\/03\/hydraulic-cylinder-8.webp\" alt=\"Teleskopski hidravli\u010dni cilindri\" width=\"933\" height=\"526\" title=\"\" srcset=\"https:\/\/fmp-components.com\/wp-content\/uploads\/2025\/03\/hydraulic-cylinder-8.webp 933w, https:\/\/fmp-components.com\/wp-content\/uploads\/2025\/03\/hydraulic-cylinder-8-480x271.webp 480w\" sizes=\"(min-width: 0px) and (max-width: 480px) 480px, (min-width: 481px) 933px, 100vw\" \/><\/p>\n<p>Na\u0161e poslanstvo je preprosto, a ambiciozno: strankam zagotoviti hidravli\u010dne cilindre, ki presegajo pri\u010dakovanja glede zmogljivosti, vzdr\u017eljivosti in vrednosti. Delujemo na temeljih profesionalnosti, integritete in osredoto\u010denosti na stranke. Z gojenjem kulture inovacij in natan\u010dnosti nenehno izbolj\u0161ujemo na\u0161e izdelke, da bi ohranili konkuren\u010dno prednost na trgu. Na\u0161a \u0161iroka paleta izdelkov in sposobnost ponujanja prilagojenih re\u0161itev nas uvr\u0161\u010data med prednostne izbire za podjetja, ki i\u0161\u010dejo visokozmogljive hidravli\u010dne cilindre.<\/p>\n<p>FMP ni le proizvajalec; smo partner pri va\u0161em uspehu. Zavedamo se, da so na\u0161e stranke odvisne od nas pri dobavi orodij, ki izbolj\u0161ujejo njihovo produktivnost in varnost. Zato smo zavezani k zagotavljanju ne le vrhunskih izdelkov, temve\u010d tudi izjemnih storitev. Od za\u010detnega posvetovanja do poprodajne podpore tesno sodelujemo z na\u0161imi strankami, da zagotovimo, da so njihove potrebe izpolnjene profesionalno in skrbno. Na\u0161e konkuren\u010dne cene v kombinaciji z na\u0161o neomajno zavezanostjo kakovosti postavljajo FMP kot pametno izbiro za podjetja, ki \u017eelijo vlagati v hidravli\u010dne re\u0161itve, ki jim lahko zaupajo.<\/p>","protected":false},"excerpt":{"rendered":"<p>Factory Serving Small Dump Truck Hydraulic Hoist Cylinder Multistage Hydraulic Cylinder Introducing our brand new Factory Serving Small Dump Truck Hydraulic Hoist Cylinder Multistage Hydraulic Cylinder, a cutting-edge solution designed to meet your machinery needs. Built with the highest quality materials and engineered for superior performance, this hydraulic cylinder is the right choice for a [&hellip;]<\/p>","protected":false},"featured_media":6694,"comment_status":"closed","ping_status":"closed","template":"","meta":{"_et_pb_use_builder":"","_et_pb_old_content":"","_et_gb_content_width":""},"product_brand":[],"product_cat":[103],"product_tag":[34,105],"class_list":{"0":"post-6517","1":"product","2":"type-product","3":"status-publish","4":"has-post-thumbnail","6":"product_cat-telescopic-hydraulic-cylinders","7":"product_tag-hydraulic-cylinder","8":"product_tag-telescopic-hydraulic-cylinders","10":"first","11":"instock","12":"product-type-simple"},"_links":{"self":[{"href":"https:\/\/fmp-components.com\/sl\/wp-json\/wp\/v2\/product\/6517","targetHints":{"allow":["GET"]}}],"collection":[{"href":"https:\/\/fmp-components.com\/sl\/wp-json\/wp\/v2\/product"}],"about":[{"href":"https:\/\/fmp-components.com\/sl\/wp-json\/wp\/v2\/types\/product"}],"replies":[{"embeddable":true,"href":"https:\/\/fmp-components.com\/sl\/wp-json\/wp\/v2\/comments?post=6517"}],"wp:featuredmedia":[{"embeddable":true,"href":"https:\/\/fmp-components.com\/sl\/wp-json\/wp\/v2\/media\/6694"}],"wp:attachment":[{"href":"https:\/\/fmp-components.com\/sl\/wp-json\/wp\/v2\/media?parent=6517"}],"wp:term":[{"taxonomy":"product_brand","embeddable":true,"href":"https:\/\/fmp-components.com\/sl\/wp-json\/wp\/v2\/product_brand?post=6517"},{"taxonomy":"product_cat","embeddable":true,"href":"https:\/\/fmp-components.com\/sl\/wp-json\/wp\/v2\/product_cat?post=6517"},{"taxonomy":"product_tag","embeddable":true,"href":"https:\/\/fmp-components.com\/sl\/wp-json\/wp\/v2\/product_tag?post=6517"}],"curies":[{"name":"delovni list","href":"https:\/\/api.w.org\/{rel}","templated":true}]}}