{"id":6516,"date":"2025-03-11T06:26:57","date_gmt":"2025-03-11T06:26:57","guid":{"rendered":"https:\/\/fmp-components.com\/product\/professional-5-stage-telescopic-dump-truck-hydraulic-cylinder-multistage-hydraulic-cylinder"},"modified":"2025-03-18T01:07:16","modified_gmt":"2025-03-18T01:07:16","slug":"professional-5-stage-telescopic-dump-truck-hydraulic-cylinder-multistage-hydraulic-cylinder","status":"publish","type":"product","link":"https:\/\/fmp-components.com\/sl\/product\/professional-5-stage-telescopic-dump-truck-hydraulic-cylinder-multistage-hydraulic-cylinder\/","title":{"rendered":"Profesionalni 5-stopenjski hidravli\u010dni cilinder za teleskopske prekucnike, ve\u010dstopenjski hidravli\u010dni cilinder"},"content":{"rendered":"<h2>Zagotavljanje kakovosti Hidravli\u010dni dvi\u017eni cilinder za prekucnike 4-stopenjski hidravli\u010dni cilinder za majhne prekucnike<\/h2>\n<p>Na\u0161 4-stopenjski hidravli\u010dni cilinder za mala tovornjaka je kakovosten izdelek, ki zagotavlja optimalno delovanje. Gre za nov izdelek, ki bo na trg pri\u0161el leta 2025, z 1-letno garancijo. Ta hidravli\u010dni cilinder je zasnovan za uporabo v delavnicah za popravilo strojev, na kmetijah, v energetski in rudarski industriji, proizvodnji strojev in tovarnah strojev.<\/p>\n<h3>Zna\u010dilnosti in prednosti<\/h3>\n<ul>\n<li>Ima standardno strukturo bata s hidravli\u010dno mo\u010djo.<\/li>\n<li>Izdelan je iz jekla, kar pove\u010da njegovo vzdr\u017eljivost.<\/li>\n<li>Ima najve\u010dji potisk 3000 ton in najve\u010dji vle\u010dni moment 20 ton.<\/li>\n<li>Gre za ve\u010dstopenjski hidravli\u010dni cilinder s priklju\u010dki G\/SAE\/NPT\/M.<\/li>\n<li>Ima certifikat ISO9001:2000 za zagotavljanje kakovosti.<\/li>\n<li>Velikost izvrtine je 2-6 palcev, velikost palice je 1,125-4 palce, velikost hoda pa je 4-100 palcev.<\/li>\n<\/ul>\n<p><img loading=\"lazy\" decoding=\"async\" class=\"alignnone wp-image-6717\" src=\"https:\/\/fmp-components.com\/wp-content\/uploads\/2025\/03\/hydraulic-cylinder-211.webp\" alt=\"Hidravli\u010dni cilindri\" width=\"937\" height=\"939\" title=\"\" srcset=\"https:\/\/fmp-components.com\/wp-content\/uploads\/2025\/03\/hydraulic-cylinder-211.webp 937w, https:\/\/fmp-components.com\/wp-content\/uploads\/2025\/03\/hydraulic-cylinder-211-480x481.webp 480w\" sizes=\"(min-width: 0px) and (max-width: 480px) 480px, (min-width: 481px) 937px, 100vw\" \/><\/p>\n<h2>Tehni\u010dne specifikacije<\/h2>\n<table style=\"width: 100.445%;\" border=\"\">\n<tbody>\n<tr>\n<th style=\"width: 42.9185%;\">Ime izdelka<\/th>\n<td style=\"width: 348.927%;\">Teleskopski valj<\/td>\n<\/tr>\n<tr>\n<th style=\"width: 42.9185%;\">Certificiranje<\/th>\n<td style=\"width: 348.927%;\">ISO9001:2000<\/td>\n<\/tr>\n<tr>\n<th style=\"width: 42.9185%;\">Velikost izvrtine<\/th>\n<td style=\"width: 348.927%;\">2\u20136 palcev<\/td>\n<\/tr>\n<tr>\n<th style=\"width: 42.9185%;\">Velikost palice<\/th>\n<td style=\"width: 348.927%;\">1,125-4 palca<\/td>\n<\/tr>\n<tr>\n<th style=\"width: 42.9185%;\">Velikost poteze<\/th>\n<td style=\"width: 348.927%;\">4\u2013100 palcev<\/td>\n<\/tr>\n<tr>\n<th style=\"width: 42.9185%;\">Velikost zati\u010da<\/th>\n<td style=\"width: 348.927%;\">0,5\u20132 palca<\/td>\n<\/tr>\n<tr>\n<th style=\"width: 42.9185%;\">Pristani\u0161\u010da<\/th>\n<td style=\"width: 348.927%;\">G\/SAE\/NPT\/M<\/td>\n<\/tr>\n<\/tbody>\n<\/table>\n<h2>Edinstvene lastnosti in prednosti<\/h2>\n<p>Na\u0161 hidravli\u010dni cilinder odlikujejo izjemna energetska u\u010dinkovitost, visoka zmogljivost in robustne varnostne funkcije, zaradi \u010desar je izjemna izbira za razli\u010dne aplikacije. Njegova zasnova zmanj\u0161uje porabo energije in hkrati pove\u010duje izhod, kar ne le zmanj\u0161uje obratovalne stro\u0161ke, temve\u010d tudi vpliv na okolje. Visoka zmogljivost na\u0161ega hidravli\u010dnega cilindra zagotavlja, da lahko opravlja zahtevne naloge z natan\u010dnostjo in mo\u010djo, zaradi \u010desar je primeren za aplikacije, ki zahtevajo zanesljivost in trdnost.<\/p>\n<p>Poleg teh prednosti vsestranskost na\u0161ega hidravli\u010dnega cilindra omogo\u010da njegovo uporabo v \u0161tevilnih panogah. Ne glede na to, ali gre za gradbeni\u0161tvo, kmetijstvo, transport ali proizvodnjo, se ta hidravli\u010dni cilinder lahko prilagodi specifi\u010dnim operativnim potrebam. Njegova zdru\u017eljivost z razli\u010dnimi sistemi in opremo \u0161e pove\u010duje njegovo privla\u010dnost, saj uporabnikom zagotavlja zanesljivo re\u0161itev za njihove hidravli\u010dne potrebe.<\/p>\n<h2>Hidravli\u010dni sistemi in na\u010dela delovanja<\/h2>\n<p>Na\u0161 hidravli\u010dni valj deluje na podlagi temeljnega na\u010dela delovanja tla\u010dne teko\u010dine, ki je bistvena za ustvarjanje sile in gibanja. Ko se hidravli\u010dna teko\u010dina \u010drpa v valj, ustvari tlak, ki deluje na bat v notranjosti. Ta tlak povzro\u010di premikanje bata, kar u\u010dinkovito pretvori hidravli\u010dno energijo v mehansko energijo.<\/p>\n<p>Kot sestavni del hidravli\u010dnega sistema ima hidravli\u010dni valj klju\u010dno vlogo pri omogo\u010danju nadzorovanega gibanja in ustvarjanja sile. Ta u\u010dinkovit proces pretvorbe omogo\u010da natan\u010dno rokovanje s te\u017ekimi bremeni in stroji, zaradi \u010desar so hidravli\u010dni sistemi nepogre\u0161ljivi v razli\u010dnih aplikacijah. Zanesljivo delovanje na\u0161ega hidravli\u010dnega cilindra prispeva k splo\u0161ni u\u010dinkovitosti in uspe\u0161nosti hidravli\u010dnih sistemov, v katerih se uporablja.<\/p>\n<h2>Scenariji uporabe<\/h2>\n<p>Ta hidravli\u010dni cilinder je idealen za uporabo v prekucnikih in majhnih tovornjakih, ki zahtevajo veliko dvi\u017eno in nosilno zmogljivost. V prekucnikih zagotavlja potrebno silo za dvigovanje in spu\u0161\u010danje kesona, kar omogo\u010da u\u010dinkovito razkladanje materialov, kot so gramoz, pesek in gradbeni odpadki. Njegova robustna zasnova zagotavlja, da lahko prenese te\u017eke obremenitve, zna\u010dilne za gradbeni\u0161tvo in transport, ne da bi pri tem ogrozil varnost ali zmogljivost.<\/p>\n<p>Poleg tega hidravli\u010dni cilinder v majhnih tovornjakih izbolj\u0161a sposobnost vozila za prevoz in upravljanje te\u017ekih bremen, zaradi \u010desar je klju\u010dna komponenta za operacije, ki vklju\u010dujejo ravnanje z materiali in logistiko. Ne glede na to, ali gre za dvigovanje, nagibanje ali spu\u0161\u010danje, na\u0161 hidravli\u010dni cilinder prispeva k nemotenemu delovanju teh vozil in zagotavlja, da lahko u\u010dinkovito delujejo tudi v zahtevnih pogojih.<\/p>\n<h2>Pogosta vpra\u0161anja<\/h2>\n<p><strong>V: Koliko \u010dasa traja dobavni rok? <\/strong><br \/>\nA: Splo\u0161ni dobavni rok je 25-35 dni.<\/p>\n<p><strong>V: Ali ponujate vzorce? <\/strong><br \/>\nO: Da, nudimo vzorce, vendar niso brezpla\u010dni.<\/p>\n<p><strong>V: Ali lahko izdelujete po vzorcih? <\/strong><br \/>\nO: Da, lahko izdelamo po va\u0161ih vzorcih ali tehni\u010dnih risbah. Izdelamo lahko kalupe in vpenjala.<\/p>\n<p><img loading=\"lazy\" decoding=\"async\" class=\"alignnone wp-image-6665\" src=\"https:\/\/fmp-components.com\/wp-content\/uploads\/2025\/03\/telescopic-hydraulic-cylinder-9.webp\" alt=\"teleskopski hidravli\u010dni cilinder\" width=\"900\" height=\"900\" title=\"\" srcset=\"https:\/\/fmp-components.com\/wp-content\/uploads\/2025\/03\/telescopic-hydraulic-cylinder-9.webp 900w, https:\/\/fmp-components.com\/wp-content\/uploads\/2025\/03\/telescopic-hydraulic-cylinder-9-480x480.webp 480w\" sizes=\"(min-width: 0px) and (max-width: 480px) 480px, (min-width: 481px) 900px, 100vw\" \/><\/p>\n<h3>O FMP-ju<\/h3>\n<p>FMP je vodilni italijanski proizvajalec, specializiran za na\u010drtovanje, razvoj in proizvodnjo vrhunskih hidravli\u010dnih cilindrov. Z zapu\u0161\u010dino, zgrajeno na desetletjih strokovnega znanja, brezhibno zdru\u017eujemo italijansko obrt z najsodobnej\u0161o tehnologijo in zagotavljamo izjemne hidravli\u010dne re\u0161itve, prilagojene raznolikim potrebam na\u0161ih strank po vsem svetu. FMP se nahaja v Italiji \u2013 epicentru in\u017eenirske odli\u010dnosti \u2013 in se je uveljavil kot zaupanja vredno ime v hidravli\u010dni industriji, predan zagotavljanju zanesljivih, trpe\u017enih in inovativnih izdelkov, ki opolnomo\u010dajo podjetja po vsem svetu.<\/p>\n<p>Na\u0161e podjetje zdru\u017euje napredne proizvodne tradicije s prihodnostnim pristopom. Z bogatimi izku\u0161njami na podro\u010dju hidravli\u010dnih sistemov se je FMP preoblikoval v sodobno podjetje, ki blesti na podro\u010dju raziskav, na\u010drtovanja in proizvodnje. Ponujamo \u0161iroko paleto hidravli\u010dnih cilindrov, vklju\u010dno z dvostransko delujo\u010dimi cilindri, avtomobilskimi dvi\u017enimi cilindri, cilindri za kmetijsko mehanizacijo in re\u0161itvami po meri za razli\u010dne industrijske aplikacije. Ne glede na sektor \u2013 pa naj bo to gradbeni\u0161tvo, industrijske in\u0161talacije, kmetijstvo ali te\u017eka mehanizacija \u2013 so na\u0161i hidravli\u010dni cilindri zasnovani za delovanje v najzahtevnej\u0161ih pogojih, kar zagotavlja varnost, u\u010dinkovitost in dolgo \u017eivljenjsko dobo.<\/p>\n<p><img loading=\"lazy\" decoding=\"async\" class=\"alignnone size-full wp-image-6720\" src=\"https:\/\/fmp-components.com\/wp-content\/uploads\/2025\/03\/hydraulic-cylinder-8.webp\" alt=\"Teleskopski hidravli\u010dni cilindri\" width=\"933\" height=\"526\" title=\"\" srcset=\"https:\/\/fmp-components.com\/wp-content\/uploads\/2025\/03\/hydraulic-cylinder-8.webp 933w, https:\/\/fmp-components.com\/wp-content\/uploads\/2025\/03\/hydraulic-cylinder-8-480x271.webp 480w\" sizes=\"(min-width: 0px) and (max-width: 480px) 480px, (min-width: 481px) 933px, 100vw\" \/><\/p>\n<p>V podjetju FMP smo ponosni na na\u0161e najsodobnej\u0161e proizvodne obrate, ki so opremljeni s preciznimi stroji in naprednimi sistemi za testiranje. Na\u0161i proizvodni procesi izpolnjujejo stroge nacionalne in mednarodne standarde, kar zagotavlja, da je vsak izdelan hidravli\u010dni valj najvi\u0161je kakovosti in zanesljivosti. Na\u0161a usposobljena tehni\u010dna ekipa nam v kombinaciji z najsodobnej\u0161o opremo omogo\u010da strog nadzor kakovosti na vsaki stopnji proizvodnje \u2013 od izbire surovin do kon\u010dnega pregleda. Ta zavezanost odli\u010dnosti nam je prinesla certifikate in priznanja s strani industrijskih organov, kar je \u0161e utrdilo na\u0161 ugled zanesljivega partnerja.<\/p>\n<p>Na\u0161e poslanstvo je preprosto in ambiciozno hkrati: strankam zagotoviti hidravli\u010dne cilindre, ki presegajo pri\u010dakovanja glede zmogljivosti, vzdr\u017eljivosti in vrednosti. Delujemo po temeljnih na\u010delih profesionalnosti, integritete in osredoto\u010denosti na stranke. Z gojenjem kulture inovacij in natan\u010dnosti nenehno izpopolnjujemo na\u0161e izdelke, da bi ostali v ospredju na konkuren\u010dnem trgu. Na\u0161a celovita ponudba izdelkov in sposobnost ponujanja prilagojenih re\u0161itev nas uvr\u0161\u010data med prednostne izbire za podjetja, ki i\u0161\u010dejo visokozmogljive hidravli\u010dne cilindre.<\/p>\n<p>FMP ni le proizvajalec; smo partner pri va\u0161em uspehu. Razumemo, da so na\u0161e stranke odvisne od nas, da jim zagotovimo orodja, ki izbolj\u0161ujejo produktivnost in varnost. Zato smo zavezani ne le k zagotavljanju vrhunskih izdelkov, temve\u010d tudi k zagotavljanju izjemnih storitev. Od za\u010detnih posvetovanj do poprodajne podpore tesno sodelujemo z na\u0161imi strankami, da zagotovimo, da so njihove potrebe izpolnjene profesionalno in skrbno. Na\u0161e konkuren\u010dne cene v kombinaciji z na\u0161o neomajno zavezanostjo kakovosti naredijo FMP pametno izbiro za podjetja, ki \u017eelijo vlagati v zanesljive hidravli\u010dne re\u0161itve.<\/p>","protected":false},"excerpt":{"rendered":"<p>Quality Assurance Dump Truck Hydraulic Hoist Cylinder 4 Stage Small Dump Truck Hydraulic Cylinder Our 4 Stage Small Dump Truck hydraulic cylinder is a quality assured product that ensures optimal performance. It is a new product, launching in 2025, with a 1-year warranty. This hydraulic cylinder is designed for use in machinery repair shops, farms, [&hellip;]<\/p>","protected":false},"featured_media":6695,"comment_status":"closed","ping_status":"closed","template":"","meta":{"_et_pb_use_builder":"","_et_pb_old_content":"","_et_gb_content_width":""},"product_brand":[],"product_cat":[103],"product_tag":[34,105],"class_list":{"0":"post-6516","1":"product","2":"type-product","3":"status-publish","4":"has-post-thumbnail","6":"product_cat-telescopic-hydraulic-cylinders","7":"product_tag-hydraulic-cylinder","8":"product_tag-telescopic-hydraulic-cylinders","10":"first","11":"instock","12":"product-type-simple"},"_links":{"self":[{"href":"https:\/\/fmp-components.com\/sl\/wp-json\/wp\/v2\/product\/6516","targetHints":{"allow":["GET"]}}],"collection":[{"href":"https:\/\/fmp-components.com\/sl\/wp-json\/wp\/v2\/product"}],"about":[{"href":"https:\/\/fmp-components.com\/sl\/wp-json\/wp\/v2\/types\/product"}],"replies":[{"embeddable":true,"href":"https:\/\/fmp-components.com\/sl\/wp-json\/wp\/v2\/comments?post=6516"}],"wp:featuredmedia":[{"embeddable":true,"href":"https:\/\/fmp-components.com\/sl\/wp-json\/wp\/v2\/media\/6695"}],"wp:attachment":[{"href":"https:\/\/fmp-components.com\/sl\/wp-json\/wp\/v2\/media?parent=6516"}],"wp:term":[{"taxonomy":"product_brand","embeddable":true,"href":"https:\/\/fmp-components.com\/sl\/wp-json\/wp\/v2\/product_brand?post=6516"},{"taxonomy":"product_cat","embeddable":true,"href":"https:\/\/fmp-components.com\/sl\/wp-json\/wp\/v2\/product_cat?post=6516"},{"taxonomy":"product_tag","embeddable":true,"href":"https:\/\/fmp-components.com\/sl\/wp-json\/wp\/v2\/product_tag?post=6516"}],"curies":[{"name":"delovni list","href":"https:\/\/api.w.org\/{rel}","templated":true}]}}