{"id":6513,"date":"2025-03-11T06:26:57","date_gmt":"2025-03-11T06:26:57","guid":{"rendered":"https:\/\/fmp-components.com\/product\/factory-direct-sale-2-stage-small-hydraulic-cylinder-multistage-hydraulic-cylinder"},"modified":"2025-03-14T03:08:28","modified_gmt":"2025-03-14T03:08:28","slug":"factory-direct-sale-2-stage-small-hydraulic-cylinder-multistage-hydraulic-cylinder","status":"publish","type":"product","link":"https:\/\/fmp-components.com\/sl\/product\/factory-direct-sale-2-stage-small-hydraulic-cylinder-multistage-hydraulic-cylinder\/","title":{"rendered":"Tovarni\u0161ka neposredna prodaja 2-stopenjski majhen hidravli\u010dni cilinder ve\u010dstopenjski hidravli\u010dni cilinder"},"content":{"rendered":"<h2>Tovarni\u0161ka neposredna prodaja 2-stopenjski majhen hidravli\u010dni cilinder ve\u010dstopenjski hidravli\u010dni cilinder<\/h2>\n<p>Predstavljamo vam tovarni\u0161ko prodajni dvostopenjski majhen hidravli\u010dni cilinder, ve\u010dstopenjski hidravli\u010dni cilinder \u2013 nov izdelek podjetja FMP, optimiziran za uporabo v razli\u010dnih panogah, vklju\u010dno s servisnimi delavnicami, kmetijstvom, energetiko in rudarstvom, proizvodnjo strojev in tovarnami strojev.<\/p>\n<h3>Klju\u010dne lastnosti in pomen izdelka<\/h3>\n<p>Hidravli\u010dni cilinder se pona\u0161a z impresivnim najve\u010djim potiskom 3000 in najve\u010djim vle\u010dnim naporom 20 ton. Gre za standardno zasnovo bata, ki ga poganja hidravli\u010dna energija in je izdelan z robustnim jeklenim ohi\u0161jem za dodatno vzdr\u017eljivost. Z izvrtino od 2 do 6 palcev, velikostjo palice od 1,125 do 4 palcev in velikostjo hoda od 4 do 100 palcev je ta cilinder vsestranski in prilagodljiv \u0161tevilnim aplikacijam.<\/p>\n<h3>Tehni\u010dni parametri izdelka<\/h3>\n<table style=\"width: 103.166%;\" border=\"\">\n<tbody>\n<tr>\n<td style=\"width: 42.8571%;\"><i>Velikost izvrtine<\/i><\/td>\n<td style=\"width: 421.143%;\">2\u20136 palcev<\/td>\n<\/tr>\n<tr>\n<td style=\"width: 42.8571%;\"><i>Velikost palice<\/i><\/td>\n<td style=\"width: 421.143%;\">1,125-4 palca<\/td>\n<\/tr>\n<tr>\n<td style=\"width: 42.8571%;\"><i>Velikost poteze<\/i><\/td>\n<td style=\"width: 421.143%;\">4\u2013100 palcev<\/td>\n<\/tr>\n<tr>\n<td style=\"width: 42.8571%;\"><i>Velikost zati\u010da<\/i><\/td>\n<td style=\"width: 421.143%;\">0,5\u20132 palca<\/td>\n<\/tr>\n<tr>\n<td style=\"width: 42.8571%;\"><i>Pristani\u0161\u010da<\/i><\/td>\n<td style=\"width: 421.143%;\">G\/SAE\/NPT\/M<\/td>\n<\/tr>\n<\/tbody>\n<\/table>\n<h2>Edinstvene prednosti in koristi<\/h2>\n<ul>\n<li>Energetsko u\u010dinkovito<\/li>\n<li>Visoko u\u010dinkovit pri delovanju<\/li>\n<li>Varnostno osredoto\u010dena zasnova<\/li>\n<\/ul>\n<h2>Raziskovanje na\u010dela delovanja hidravli\u010dnih sistemov<\/h2>\n<p>Hidravli\u010dni valj deluje na principu pretvorbe hidravli\u010dne energije v mehansko gibanje. Ta pretvorba se dose\u017ee s tla\u010dno hidravli\u010dno teko\u010dino, ki ustvarja silo in gibanje.<\/p>\n<p><img loading=\"lazy\" decoding=\"async\" class=\"alignnone size-full wp-image-6717\" src=\"https:\/\/fmp-components.com\/wp-content\/uploads\/2025\/03\/hydraulic-cylinder-211.webp\" alt=\"Hidravli\u010dni cilindri\" width=\"775\" height=\"777\" title=\"\" srcset=\"https:\/\/fmp-components.com\/wp-content\/uploads\/2025\/03\/hydraulic-cylinder-211.webp 775w, https:\/\/fmp-components.com\/wp-content\/uploads\/2025\/03\/hydraulic-cylinder-211-480x481.webp 480w\" sizes=\"(min-width: 0px) and (max-width: 480px) 480px, (min-width: 481px) 775px, 100vw\" \/><\/p>\n<h2>Uporaba hidravli\u010dnega cilindra<\/h2>\n<p>Ta hidravli\u010dni cilinder je vsestranski in se lahko uporablja v \u0161tevilnih panogah, vklju\u010dno s servisnimi delavnicami, kmetijstvom, energetiko in rudarstvom, proizvodnjo strojev in tovarnami strojev.<\/p>\n<h2>Hidravli\u010dni cilindri in pogonske enote<\/h2>\n<p>Hidravli\u010dni cilindri in pogonske enote so nepogre\u0161ljive komponente hidravli\u010dnih sistemov. Njihova sinergija zagotavlja \u0161iroko uporabo hidravli\u010dne tehnologije v industriji, saj zagotavlja zanesljivo napajanje in podporo krmiljenju za razli\u010dno in\u017eenirsko in mehansko opremo. FMP s ponosom ponuja tudi pogonske enote za prodajo.<\/p>\n<h2>Pogosta vpra\u0161anja<\/h2>\n<p><span>V: Ali ste trgovsko podjetje ali proizvajalec?<\/span><br \/>\n<span>A: Smo tovarna.<\/span><br \/>\n<span>V: Koliko \u010dasa traja va\u0161a dobavni rok?<\/span><br \/>\n<span>A: Na splo\u0161no je to 25-35 dni.<\/span><br \/>\n<span>V: Ali ponujate vzorce? Je to brezpla\u010dno ali dodatno?<\/span><br \/>\n<span>O: Da, lahko ponudimo vzorec, vendar ni brezpla\u010den.<\/span>&#8221;<\/p>\n<h3>O FMP-ju<\/h3>\n<p class=\"break-words\">FMP je vodilni italijanski proizvajalec, specializiran za na\u010drtovanje, razvoj in proizvodnjo visokokakovostnih hidravli\u010dnih cilindrov. Z bogato dedi\u0161\u010dino, ki temelji na desetletjih strokovnega znanja, ponosno zdru\u017eujemo italijansko obrt z najsodobnej\u0161o tehnologijo, da bi zagotovili izjemne hidravli\u010dne re\u0161itve, prilagojene raznolikim potrebam na\u0161ih strank po vsem svetu. FMP s sede\u017eem v Italiji, sredi\u0161\u010du in\u017eenirske odli\u010dnosti, velja za zaupanja vredno ime v hidravli\u010dni industriji, zavezano zagotavljanju zanesljivih, trpe\u017enih in inovativnih izdelkov, ki opolnomo\u010dajo podjetja po vsem svetu.<\/p>\n<p class=\"break-words\">Na\u0161e podjetje zdru\u017euje najbolj\u0161e iz naprednih proizvodnih tradicij s prihodnostnim pristopom. Z dolgoletnimi izku\u0161njami na podro\u010dju hidravli\u010dnih sistemov se je FMP razvil v sodobno podjetje, ki blesti na podro\u010dju raziskav, na\u010drtovanja in proizvodnje. Specializirani smo za \u0161iroko paleto hidravli\u010dnih cilindrov, vklju\u010dno z dvostransko delujo\u010dimi cilindri, avtomobilskimi dvi\u017enimi cilindri, cilindri za kmetijsko mehanizacijo in re\u0161itvami po meri za razli\u010dne industrijske aplikacije. Ne glede na to, ali gre za gradbeni\u0161tvo, industrijske instalacije, kmetijstvo ali te\u017eko mehanizacijo, so na\u0161i hidravli\u010dni cilindri izdelani za delovanje v najte\u017ejih pogojih, kar zagotavlja varnost, u\u010dinkovitost in dolgo \u017eivljenjsko dobo.<\/p>\n<p><img loading=\"lazy\" decoding=\"async\" class=\"alignnone size-full wp-image-6720\" src=\"https:\/\/fmp-components.com\/wp-content\/uploads\/2025\/03\/hydraulic-cylinder-8.webp\" alt=\"Teleskopski hidravli\u010dni cilindri\" width=\"933\" height=\"526\" title=\"\" srcset=\"https:\/\/fmp-components.com\/wp-content\/uploads\/2025\/03\/hydraulic-cylinder-8.webp 933w, https:\/\/fmp-components.com\/wp-content\/uploads\/2025\/03\/hydraulic-cylinder-8-480x271.webp 480w\" sizes=\"(min-width: 0px) and (max-width: 480px) 480px, (min-width: 481px) 933px, 100vw\" \/><\/p>\n<p class=\"break-words\">V podjetju FMP smo ponosni na na\u0161e najsodobnej\u0161e proizvodne obrate, opremljene s preciznimi stroji in naprednimi sistemi za testiranje. Na\u0161i proizvodni procesi so v skladu s strogimi nacionalnimi in mednarodnimi standardi, kar zagotavlja, da je vsak hidravli\u010dni valj, ki zapusti na\u0161o tovarno, vrhunske kakovosti in zanesljivosti. Na\u0161a usposobljena tehni\u010dna ekipa nam skupaj z najsodobnej\u0161o opremo omogo\u010da strog nadzor kakovosti na vsaki stopnji proizvodnje \u2013 od izbire surovin do kon\u010dnega pregleda. Ta predanost odli\u010dnosti nam je prinesla certifikate in priznanja s strani industrijskih organov, kar je \u0161e utrdilo na\u0161 ugled zanesljivega partnerja.<\/p>\n<p class=\"break-words\">Na\u0161e poslanstvo je preprosto, a ambiciozno: strankam zagotoviti hidravli\u010dne cilindre, ki presegajo pri\u010dakovanja glede zmogljivosti, vzdr\u017eljivosti in vrednosti. Delujemo po vodilnih na\u010delih profesionalnosti, integritete in osredoto\u010denosti na stranke. Z gojenjem kulture inovacij in natan\u010dnosti nenehno izpopolnjujemo na\u0161e izdelke, da bi ostali v ospredju na konkuren\u010dnem trgu. Na\u0161a celovita ponudba izdelkov in sposobnost ponujanja prilagojenih re\u0161itev nas uvr\u0161\u010data med prva izbira podjetij, ki i\u0161\u010dejo visokozmogljive hidravli\u010dne cilindre.<\/p>\n<p class=\"break-words\">FMP ni le proizvajalec \u2013 smo partner pri va\u0161em uspehu. Razumemo, da se na\u0161e stranke zana\u0161ajo na nas pri dobavi orodij, ki izbolj\u0161ujejo njihovo produktivnost in varnost. Zato smo zavezani k ponujanju ne le vrhunskih izdelkov, temve\u010d tudi izjemne storitve. Od za\u010detnega posvetovanja do poprodajne podpore tesno sodelujemo z na\u0161imi strankami, da zagotovimo, da so njihove potrebe izpolnjene profesionalno in skrbno. Na\u0161e konkuren\u010dne cene, skupaj z na\u0161o neomajno zavezanostjo kakovosti, naredijo FMP pametno izbiro za podjetja, ki \u017eelijo vlagati v hidravli\u010dne re\u0161itve, ki jim lahko zaupajo.<\/p>","protected":false},"excerpt":{"rendered":"<p>Factory Direct Sale 2 Stage Small Hydraulic Cylinder Multistage Hydraulic Cylinder Introducing the Factory Direct Sale 2 Stage Small Hydraulic Cylinder Multistage Hydraulic Cylinder &#8211; a new product from FMP, optimized for use in a variety of industries including machinery repair shops, farms, energy &amp; mining, machinery manufacturing, and machinery factories. Key Product Features and [&hellip;]<\/p>","protected":false},"featured_media":6782,"comment_status":"closed","ping_status":"closed","template":"","meta":{"_et_pb_use_builder":"","_et_pb_old_content":"","_et_gb_content_width":""},"product_brand":[],"product_cat":[103],"product_tag":[34,105],"class_list":{"0":"post-6513","1":"product","2":"type-product","3":"status-publish","4":"has-post-thumbnail","6":"product_cat-telescopic-hydraulic-cylinders","7":"product_tag-hydraulic-cylinder","8":"product_tag-telescopic-hydraulic-cylinders","10":"first","11":"instock","12":"product-type-simple"},"_links":{"self":[{"href":"https:\/\/fmp-components.com\/sl\/wp-json\/wp\/v2\/product\/6513","targetHints":{"allow":["GET"]}}],"collection":[{"href":"https:\/\/fmp-components.com\/sl\/wp-json\/wp\/v2\/product"}],"about":[{"href":"https:\/\/fmp-components.com\/sl\/wp-json\/wp\/v2\/types\/product"}],"replies":[{"embeddable":true,"href":"https:\/\/fmp-components.com\/sl\/wp-json\/wp\/v2\/comments?post=6513"}],"wp:featuredmedia":[{"embeddable":true,"href":"https:\/\/fmp-components.com\/sl\/wp-json\/wp\/v2\/media\/6782"}],"wp:attachment":[{"href":"https:\/\/fmp-components.com\/sl\/wp-json\/wp\/v2\/media?parent=6513"}],"wp:term":[{"taxonomy":"product_brand","embeddable":true,"href":"https:\/\/fmp-components.com\/sl\/wp-json\/wp\/v2\/product_brand?post=6513"},{"taxonomy":"product_cat","embeddable":true,"href":"https:\/\/fmp-components.com\/sl\/wp-json\/wp\/v2\/product_cat?post=6513"},{"taxonomy":"product_tag","embeddable":true,"href":"https:\/\/fmp-components.com\/sl\/wp-json\/wp\/v2\/product_tag?post=6513"}],"curies":[{"name":"delovni list","href":"https:\/\/api.w.org\/{rel}","templated":true}]}}