{"id":6510,"date":"2025-03-11T06:26:57","date_gmt":"2025-03-11T06:26:57","guid":{"rendered":"https:\/\/fmp-components.com\/product\/guaranteed-quality-mini-dump-truck-hydraulic-cylinders-telescopic-hydraulic-cylinder"},"modified":"2025-03-18T01:06:37","modified_gmt":"2025-03-18T01:06:37","slug":"guaranteed-quality-mini-dump-truck-hydraulic-cylinders-telescopic-hydraulic-cylinder","status":"publish","type":"product","link":"https:\/\/fmp-components.com\/sl\/product\/guaranteed-quality-mini-dump-truck-hydraulic-cylinders-telescopic-hydraulic-cylinder\/","title":{"rendered":"Teleskopski hidravli\u010dni valj za mini prekucnike z zagotovljeno kakovostjo"},"content":{"rendered":"<h2>Teleskopski hidravli\u010dni valj za mini prekucnike z zagotovljeno kakovostjo<\/h2>\n<p>Predstavljamo vam na\u0161 vrhunski teleskopski hidravli\u010dni valj za mini prekucnike, nov izdelek za leto 2025. Ta izdelek je standardni hidravli\u010dni valj z batom, zasnovan posebej za delavnice za popravilo strojev, kmetijstvo, energetsko in rudni\u0161ko industrijo ter strojegradnjo. Izdelan je iz robustnega jekla in ima ve\u010dstopenjsko zasnovo, ki je idealna za te\u017eka dela.<\/p>\n<h3>Edinstvene lastnosti in prednosti<\/h3>\n<ul>\n<li><b>Energetsko u\u010dinkovito:<\/b> Na\u0161 hidravli\u010dni cilinder je zasnovan tako, da porabi manj energije, zaradi \u010desar je u\u010dinkovitej\u0161i in okolju prijaznej\u0161i.<\/li>\n<li><b>Visoka zmogljivost:<\/b> Z najve\u010djim potiskom 3000 in najve\u010djo vle\u010dno silo 20 ton zagotavlja izjemno mo\u010d za vsako nalogo.<\/li>\n<li><b>Varnost:<\/b> Na\u0161 izdelek ima certifikat ISO9001:2000, kar zagotavlja njegovo varnost in zanesljivost.<\/li>\n<\/ul>\n<h3>Tehni\u010dne podrobnosti<\/h3>\n<p>Na\u0161 hidravli\u010dni cilinder ima izvrtino od 2 do 6 palcev, palico od 1,125 do 4 palcev in hod od 4 do 100 palcev. Ima priklju\u010dke G\/SAE\/NPT\/M in zati\u010d velikosti 0,5-2 palca. Vse te lastnosti zagotavljajo njegovo vsestranskost in prilagodljivost v razli\u010dnih delovnih scenarijih.<\/p>\n<table style=\"width: 101.488%;\" border=\"\">\n<tbody>\n<tr>\n<td style=\"width: 42.9379%;\"><i>Velikost izvrtine<\/i><\/td>\n<td style=\"width: 481.921%;\">2\u20136 palcev<\/td>\n<\/tr>\n<tr>\n<td style=\"width: 42.9379%;\"><i>Velikost palice<\/i><\/td>\n<td style=\"width: 481.921%;\">1,125-4 palca<\/td>\n<\/tr>\n<tr>\n<td style=\"width: 42.9379%;\"><i>Velikost poteze<\/i><\/td>\n<td style=\"width: 481.921%;\">4\u2013100 palcev<\/td>\n<\/tr>\n<tr>\n<td style=\"width: 42.9379%;\"><i>Velikost zati\u010da<\/i><\/td>\n<td style=\"width: 481.921%;\">0,5\u20132 palca<\/td>\n<\/tr>\n<tr>\n<td style=\"width: 42.9379%;\"><i>Pristani\u0161\u010da<\/i><\/td>\n<td style=\"width: 481.921%;\">G\/SAE\/NPT\/M<\/td>\n<\/tr>\n<\/tbody>\n<\/table>\n<h3>Hidravli\u010dni sistem in princip delovanja<\/h3>\n<p>Na\u0161i hidravli\u010dni cilindri delujejo na temeljnem na\u010delu mno\u017eenja tla\u010dne teko\u010dine. Ta sistem je zasnovan tako, da izkori\u0161\u010da mo\u010d hidravli\u010dne teko\u010dine, kar omogo\u010da u\u010dinkovit prenos sile in gibanja. Z uporabo tla\u010dne teko\u010dine lahko na\u0161i hidravli\u010dni cilindri pove\u010dajo izhodno silo, kar jim omogo\u010da enostavno in natan\u010dno opravljanje zahtevnih nalog. Ta zasnova ne zagotavlja le doslednega delovanja pri razli\u010dnih aplikacijah, temve\u010d poudarja tudi najvi\u0161je standarde varnosti in u\u010dinkovitosti. Hidravli\u010dni sistem je skrbno izdelan, da zmanj\u0161a izgubo energije, pove\u010da produktivnost in ohrani integriteto delovanja, zaradi \u010desar je bistvena komponenta sodobnih industrijskih strojev.<\/p>\n<p><img loading=\"lazy\" decoding=\"async\" class=\"alignnone wp-image-6657\" src=\"https:\/\/fmp-components.com\/wp-content\/uploads\/2025\/03\/telescopic-hydraulic-cylinder-3.webp\" alt=\"teleskopski hidravli\u010dni cilinder\" width=\"917\" height=\"917\" title=\"\" srcset=\"https:\/\/fmp-components.com\/wp-content\/uploads\/2025\/03\/telescopic-hydraulic-cylinder-3.webp 917w, https:\/\/fmp-components.com\/wp-content\/uploads\/2025\/03\/telescopic-hydraulic-cylinder-3-480x480.webp 480w\" sizes=\"(min-width: 0px) and (max-width: 480px) 480px, (min-width: 481px) 917px, 100vw\" \/><\/p>\n<h3>Hidravli\u010dni cilindri in pogonske enote<\/h3>\n<p>Hidravli\u010dni cilindri in pogonske enote so sestavni deli vsakega hidravli\u010dnega sistema, ki delujejo usklajeno za zagotavljanje optimalne zmogljivosti. Hidravli\u010dni cilinder deluje kot aktuator, ki je odgovoren za pretvorbo hidravli\u010dne energije v mehansko gibanje. Pretvarja tlak v silo, kar omogo\u010da izvajanje \u0161irokega nabora nalog, od dvigovanja in potiskanja do vpenjanja in vrtenja. Po drugi strani pa pogonska enota deluje kot srce hidravli\u010dnega sistema, saj zagotavlja potrebno energijo in krmilne signale, potrebne za delovanje. Ustvarja in uravnava tlak hidravli\u010dne teko\u010dine, kar zagotavlja nemoteno in u\u010dinkovito delovanje cilindra.<\/p>\n<p>Usklajeno delovanje hidravli\u010dnega cilindra in pogonske enote je klju\u010dnega pomena za u\u010dinkovito uporabo hidravli\u010dne tehnologije v razli\u010dnih panogah. Ta sinergija ne zagotavlja le zanesljive podpore za napajanje in krmiljenje in\u017eenirske in mehanske opreme, temve\u010d tudi pove\u010duje splo\u0161no u\u010dinkovitost delovanja. Z zagotavljanjem brezhibnega delovanja obeh komponent lahko hidravli\u010dni sistem opravlja kompleksne naloge z natan\u010dnostjo in zanesljivostjo. V podjetju FMP ponujamo tudi vrsto pogonskih enot, ki so zasnovane tako, da dopolnjujejo na\u0161e hidravli\u010dne cilindre in zagotavljajo celovite re\u0161itve za va\u0161e potrebe po hidravli\u010dnem sistemu. Na\u0161a zavezanost kakovosti in inovacijam zagotavlja, da boste prejeli naju\u010dinkovitej\u0161e izdelke za izbolj\u0161anje svojih operativnih zmogljivosti.<\/p>\n<p><img loading=\"lazy\" decoding=\"async\" class=\"alignnone wp-image-6658\" src=\"https:\/\/fmp-components.com\/wp-content\/uploads\/2025\/03\/telescopic-hydraulic-cylinder-6.webp\" alt=\"teleskopski hidravli\u010dni cilinder\" width=\"929\" height=\"929\" title=\"\" srcset=\"https:\/\/fmp-components.com\/wp-content\/uploads\/2025\/03\/telescopic-hydraulic-cylinder-6.webp 929w, https:\/\/fmp-components.com\/wp-content\/uploads\/2025\/03\/telescopic-hydraulic-cylinder-6-480x480.webp 480w\" sizes=\"(min-width: 0px) and (max-width: 480px) 480px, (min-width: 481px) 929px, 100vw\" \/><\/p>\n<h2>Pogosta vpra\u0161anja<\/h2>\n<p><b>V: Ali ste trgovsko podjetje ali proizvajalec?<\/b><br \/>\nA: Smo tovarna.<\/p>\n<p><b>V: Koliko \u010dasa traja va\u0161a dobavni rok?<\/b><br \/>\nA: Na splo\u0161no je to 25-35 dni.<\/p>\n<p><b>V: Ali ponujate vzorce? Je to brezpla\u010dno ali dodatno?<\/b><br \/>\nO: Da, lahko ponudimo vzorec, vendar ni brezpla\u010den.<\/p>\n<h3>O FMP-ju<\/h3>\n<p class=\"break-words\">FMP je vodilni italijanski proizvajalec, specializiran za na\u010drtovanje, razvoj in proizvodnjo visokokakovostnih hidravli\u010dnih cilindrov. Z bogato dedi\u0161\u010dino, ki temelji na desetletjih strokovnega znanja, ponosno zdru\u017eujemo italijansko obrt z najsodobnej\u0161o tehnologijo, da bi zagotovili izjemne hidravli\u010dne re\u0161itve, prilagojene raznolikim potrebam na\u0161ih strank po vsem svetu. FMP s sede\u017eem v Italiji, sredi\u0161\u010du in\u017eenirske odli\u010dnosti, velja za zaupanja vredno ime v hidravli\u010dni industriji, zavezano zagotavljanju zanesljivih, trpe\u017enih in inovativnih izdelkov, ki opolnomo\u010dajo podjetja po vsem svetu.<\/p>\n<p class=\"break-words\">Na\u0161e podjetje zdru\u017euje najbolj\u0161e iz naprednih proizvodnih tradicij s prihodnostnim pristopom. Z dolgoletnimi izku\u0161njami na podro\u010dju hidravli\u010dnih sistemov se je FMP razvil v sodobno podjetje, ki blesti na podro\u010dju raziskav, na\u010drtovanja in proizvodnje. Specializirani smo za \u0161iroko paleto hidravli\u010dnih cilindrov, vklju\u010dno z dvostransko delujo\u010dimi cilindri, avtomobilskimi dvi\u017enimi cilindri, cilindri za kmetijsko mehanizacijo in re\u0161itvami po meri za razli\u010dne industrijske aplikacije. Ne glede na to, ali gre za gradbeni\u0161tvo, industrijske instalacije, kmetijstvo ali te\u017eko mehanizacijo, so na\u0161i hidravli\u010dni cilindri izdelani za delovanje v najte\u017ejih pogojih, kar zagotavlja varnost, u\u010dinkovitost in dolgo \u017eivljenjsko dobo.<\/p>\n<p><img loading=\"lazy\" decoding=\"async\" class=\"alignnone size-full wp-image-6720\" src=\"https:\/\/fmp-components.com\/wp-content\/uploads\/2025\/03\/hydraulic-cylinder-8.webp\" alt=\"Teleskopski hidravli\u010dni cilindri\" width=\"933\" height=\"526\" title=\"\" srcset=\"https:\/\/fmp-components.com\/wp-content\/uploads\/2025\/03\/hydraulic-cylinder-8.webp 933w, https:\/\/fmp-components.com\/wp-content\/uploads\/2025\/03\/hydraulic-cylinder-8-480x271.webp 480w\" sizes=\"(min-width: 0px) and (max-width: 480px) 480px, (min-width: 481px) 933px, 100vw\" \/><\/p>\n<p class=\"break-words\">V podjetju FMP smo ponosni na na\u0161e najsodobnej\u0161e proizvodne obrate, opremljene s preciznimi stroji in naprednimi sistemi za testiranje. Na\u0161i proizvodni procesi so v skladu s strogimi nacionalnimi in mednarodnimi standardi, kar zagotavlja, da je vsak hidravli\u010dni valj, ki zapusti na\u0161o tovarno, vrhunske kakovosti in zanesljivosti. Na\u0161a usposobljena tehni\u010dna ekipa nam skupaj z najsodobnej\u0161o opremo omogo\u010da strog nadzor kakovosti na vsaki stopnji proizvodnje \u2013 od izbire surovin do kon\u010dnega pregleda. Ta predanost odli\u010dnosti nam je prinesla certifikate in priznanja s strani industrijskih organov, kar je \u0161e utrdilo na\u0161 ugled zanesljivega partnerja.<\/p>\n<p class=\"break-words\">Na\u0161e poslanstvo je preprosto, a ambiciozno: strankam zagotoviti hidravli\u010dne cilindre, ki presegajo pri\u010dakovanja glede zmogljivosti, vzdr\u017eljivosti in vrednosti. Delujemo po vodilnih na\u010delih profesionalnosti, integritete in osredoto\u010denosti na stranke. Z gojenjem kulture inovacij in natan\u010dnosti nenehno izpopolnjujemo na\u0161e izdelke, da bi ostali v ospredju na konkuren\u010dnem trgu. Na\u0161a celovita ponudba izdelkov in sposobnost ponujanja prilagojenih re\u0161itev nas uvr\u0161\u010data med prva izbira podjetij, ki i\u0161\u010dejo visokozmogljive hidravli\u010dne cilindre.<\/p>\n<p class=\"break-words\">FMP ni le proizvajalec \u2013 smo partner pri va\u0161em uspehu. Razumemo, da se na\u0161e stranke zana\u0161ajo na nas pri dobavi orodij, ki izbolj\u0161ujejo njihovo produktivnost in varnost. Zato smo zavezani k ponujanju ne le vrhunskih izdelkov, temve\u010d tudi izjemne storitve. Od za\u010detnega posvetovanja do poprodajne podpore tesno sodelujemo z na\u0161imi strankami, da zagotovimo, da so njihove potrebe izpolnjene profesionalno in skrbno. Na\u0161e konkuren\u010dne cene, skupaj z na\u0161o neomajno zavezanostjo kakovosti, naredijo FMP pametno izbiro za podjetja, ki \u017eelijo vlagati v hidravli\u010dne re\u0161itve, ki jim lahko zaupajo.<\/p>","protected":false},"excerpt":{"rendered":"<p>Guaranteed Quality Mini Dump Truck Hydraulic Cylinders Telescopic Hydraulic Cylinder Introducing our top-quality Mini Dump Truck Hydraulic Cylinders Telescopic Hydraulic Cylinder, a new product for 2025. This product is a standard, plunger cylinder type hydraulic cylinder, designed specifically for the Machinery Repair Shops, Farms, Energy &amp; Mining, and Machinery Manufacturing industries. It\u2019s made from robust [&hellip;]<\/p>","protected":false},"featured_media":6685,"comment_status":"closed","ping_status":"closed","template":"","meta":{"_et_pb_use_builder":"","_et_pb_old_content":"","_et_gb_content_width":""},"product_brand":[],"product_cat":[103],"product_tag":[34,105],"class_list":{"0":"post-6510","1":"product","2":"type-product","3":"status-publish","4":"has-post-thumbnail","6":"product_cat-telescopic-hydraulic-cylinders","7":"product_tag-hydraulic-cylinder","8":"product_tag-telescopic-hydraulic-cylinders","10":"first","11":"instock","12":"product-type-simple"},"_links":{"self":[{"href":"https:\/\/fmp-components.com\/sl\/wp-json\/wp\/v2\/product\/6510","targetHints":{"allow":["GET"]}}],"collection":[{"href":"https:\/\/fmp-components.com\/sl\/wp-json\/wp\/v2\/product"}],"about":[{"href":"https:\/\/fmp-components.com\/sl\/wp-json\/wp\/v2\/types\/product"}],"replies":[{"embeddable":true,"href":"https:\/\/fmp-components.com\/sl\/wp-json\/wp\/v2\/comments?post=6510"}],"wp:featuredmedia":[{"embeddable":true,"href":"https:\/\/fmp-components.com\/sl\/wp-json\/wp\/v2\/media\/6685"}],"wp:attachment":[{"href":"https:\/\/fmp-components.com\/sl\/wp-json\/wp\/v2\/media?parent=6510"}],"wp:term":[{"taxonomy":"product_brand","embeddable":true,"href":"https:\/\/fmp-components.com\/sl\/wp-json\/wp\/v2\/product_brand?post=6510"},{"taxonomy":"product_cat","embeddable":true,"href":"https:\/\/fmp-components.com\/sl\/wp-json\/wp\/v2\/product_cat?post=6510"},{"taxonomy":"product_tag","embeddable":true,"href":"https:\/\/fmp-components.com\/sl\/wp-json\/wp\/v2\/product_tag?post=6510"}],"curies":[{"name":"delovni list","href":"https:\/\/api.w.org\/{rel}","templated":true}]}}