{"id":6504,"date":"2025-03-11T06:25:30","date_gmt":"2025-03-11T06:25:30","guid":{"rendered":"https:\/\/fmp-components.com\/product\/manufacturer-supplier-double-acting-telescopic-hydraulic-cylinder-for-dump-truck"},"modified":"2025-03-18T02:00:27","modified_gmt":"2025-03-18T02:00:27","slug":"manufacturer-supplier-double-acting-telescopic-hydraulic-cylinder-for-dump-truck","status":"publish","type":"product","link":"https:\/\/fmp-components.com\/sl\/product\/manufacturer-supplier-double-acting-telescopic-hydraulic-cylinder-for-dump-truck\/","title":{"rendered":"Proizvajalec in dobavitelj dvosmernega teleskopskega hidravli\u010dnega cilindra za prekucnik"},"content":{"rendered":"<h2>Proizvajalec in dobavitelj dvosmernega teleskopskega hidravli\u010dnega cilindra za prekucnik<\/h2>\n<p>Predstavljamo vam dvostranski teleskopski hidravli\u010dni cilinder za prekucnike, najsodobnej\u0161i izdelek podjetja FMP, proizvajalca in dobavitelja, znanega po svojih visokokakovostnih hidravli\u010dnih cilindrih. Ta izdelek je zasnovan za maksimalno u\u010dinkovitost in vzdr\u017eljivost ter zagotavlja odli\u010dno vrednost za delavnice za popravila strojev, kmetije, energetski in rudarski sektor, proizvodnjo strojev in tovarne strojev.<\/p>\n<h3>Zna\u010dilnosti in specifikacije izdelka<\/h3>\n<p>Na\u0161 dvostranski teleskopski hidravli\u010dni cilinder je zasnovan tako, da je robusten in zanesljiv, ohi\u0161je pa je izdelano iz jekla. Ima najve\u010dji potisk 3000 in najve\u010dji vle\u010dni moment 20 ton. Velikost izvrtine se giblje od 2 do 6 palcev, velikost palice je 1,125-4 palce, velikost hoda pa je 4-100 palcev. Velikost zati\u010da je 0,5-2 palca in je na voljo v elegantni \u010drni barvi. Zaradi svoje ve\u010dstopenjske funkcionalnosti ima ta hidravli\u010dni cilinder certifikat ISO9001:2000, kar zagotavlja njegovo visoko kakovost in standarde.<\/p>\n<table style=\"width: 98.2317%;\" border=\"\">\n<tbody>\n<tr>\n<td style=\"width: 42.9379%;\"><i>Velikost izvrtine<\/i><\/td>\n<td style=\"width: 464.972%;\">2\u20136 palcev<\/td>\n<\/tr>\n<tr>\n<td style=\"width: 42.9379%;\"><i>Velikost palice<\/i><\/td>\n<td style=\"width: 464.972%;\">1,125-4 palca<\/td>\n<\/tr>\n<tr>\n<td style=\"width: 42.9379%;\"><i>Velikost poteze<\/i><\/td>\n<td style=\"width: 464.972%;\">4\u2013100 palcev<\/td>\n<\/tr>\n<tr>\n<td style=\"width: 42.9379%;\"><i>Velikost zati\u010da<\/i><\/td>\n<td style=\"width: 464.972%;\">0,5\u20132 palca<\/td>\n<\/tr>\n<tr>\n<td style=\"width: 42.9379%;\"><i>Pristani\u0161\u010da<\/i><\/td>\n<td style=\"width: 464.972%;\">G\/SAE\/NPT\/M<\/td>\n<\/tr>\n<\/tbody>\n<\/table>\n<h3>Edinstvene prednosti<\/h3>\n<p>Na\u0161 hidravli\u010dni cilinder se na trgu odlikuje z izjemno energetsko u\u010dinkovitostjo, visoko zmogljivostjo in robustnimi varnostnimi funkcijami. Zasnovan je za u\u010dinkovito delovanje pod visokim tlakom, kar zagotavlja nemoten in stabilen prenos hidravli\u010dne energije ter zmanj\u0161uje nihanja, ki bi lahko ogrozila delovanje. Trpe\u017ena konstrukcija na\u0161ega hidravli\u010dnega cilindra ne zagotavlja le dolgotrajne uporabe, temve\u010d tudi znatno zmanj\u0161uje stro\u0161ke vzdr\u017eevanja, zaradi \u010desar je stro\u0161kovno u\u010dinkovita re\u0161itev za podjetja. Ta kombinacija zanesljivosti in u\u010dinkovitosti uporabnikom omogo\u010da, da pove\u010dajo produktivnost, hkrati pa zmanj\u0161ajo izpade in obratovalne stro\u0161ke.<\/p>\n<h3>Razumevanje hidravli\u010dnega sistema<\/h3>\n<p>Hidravli\u010dni sistem slu\u017ei kot mo\u010dna metoda prenosa energije, saj za prenos sile in gibanja uporablja tla\u010dno teko\u010dino. V tem sistemu hidravli\u010dni valj deluje kot aktuator, ki pretvarja hidravli\u010dno energijo v mehansko gibanje. Ta pretvorba je bistvena za \u0161iroko paleto aplikacij v razli\u010dnih panogah, saj zagotavlja potrebno mo\u010d in podporo pri krmiljenju strojev in opreme. Z izkori\u0161\u010danjem na\u010del hidravlike lahko upravljavci dose\u017eejo natan\u010dno gibanje in u\u010dinkovito ravnanje s te\u017ekimi bremeni, zaradi \u010desar so hidravli\u010dni sistemi klju\u010dni za naloge, ki zahtevajo natan\u010dnost in trdnost.<\/p>\n<h3>Aplikacije<\/h3>\n<p>Dvostranski teleskopski hidravli\u010dni cilinder se pogosto uporablja v prekucnikih, kjer igra klju\u010dno vlogo pri u\u010dinkovitem in varnem dvigovanju te\u017ekih materialov. Njegova zasnova omogo\u010da znatno podalj\u0161anje in vle\u010denje, zaradi \u010desar je idealen za aplikacije, ki zahtevajo visoke dvi\u017ene zmogljivosti. Poleg prekucnikov se ta hidravli\u010dni cilinder uporablja tudi za vrsto te\u017ekih strojev v razli\u010dnih panogah, vklju\u010dno z gradbeni\u0161tvom, kmetijstvom in logistiko. Njegova vsestranskost zagotavlja, da lahko izpolnjuje zahteve razli\u010dnih okolij in zagotavlja zanesljivo delovanje, kjer koli je uporabljen.<\/p>\n<h3>Hidravli\u010dni cilindri in pogonske enote<\/h3>\n<p>Hidravli\u010dni cilindri in pogonske enote so bistvene komponente hidravli\u010dnih sistemov, ki delujejo skupaj, da omogo\u010dajo u\u010dinkovito delovanje. Sinergija med temi komponentami omogo\u010da \u0161iroko uporabo hidravli\u010dne tehnologije v industrijskih okoljih, kar zagotavlja zanesljivo napajanje in podporo krmiljenju za razli\u010dno in\u017eenirsko in mehansko opremo. Hidravli\u010dni cilinder slu\u017ei kot aktuator, ki pretvarja hidravli\u010dno energijo v mehansko gibanje in ustvarja silo iz tlaka. Nasprotno pa pogonska enota deluje kot srce sistema, ki dobavlja energijo in krmilne signale, potrebne za delovanje. Ta usklajena interakcija je klju\u010dnega pomena za nemoteno delovanje hidravli\u010dnih sistemov. V podjetju FMP ponujamo tudi vrsto pogonskih enot, ki dopolnjujejo na\u0161e hidravli\u010dne cilindre in zagotavljajo celovite re\u0161itve za va\u0161e hidravli\u010dne potrebe.<\/p>\n<p><img loading=\"lazy\" decoding=\"async\" class=\"alignnone wp-image-6659\" src=\"https:\/\/fmp-components.com\/wp-content\/uploads\/2025\/03\/telescopic-hydraulic-cylinder-12.webp\" alt=\"teleskopski hidravli\u010dni cilinder\" width=\"917\" height=\"917\" title=\"\" srcset=\"https:\/\/fmp-components.com\/wp-content\/uploads\/2025\/03\/telescopic-hydraulic-cylinder-12.webp 917w, https:\/\/fmp-components.com\/wp-content\/uploads\/2025\/03\/telescopic-hydraulic-cylinder-12-480x480.webp 480w\" sizes=\"(min-width: 0px) and (max-width: 480px) 480px, (min-width: 481px) 917px, 100vw\" \/><\/p>\n<h3>O FMP-ju<\/h3>\n<p class=\"break-words\">FMP je vodilni italijanski proizvajalec, specializiran za na\u010drtovanje, razvoj in proizvodnjo visokokakovostnih hidravli\u010dnih cilindrov. Z bogato dedi\u0161\u010dino, ki temelji na desetletjih strokovnega znanja, ponosno zdru\u017eujemo italijansko obrt z najsodobnej\u0161o tehnologijo, da bi zagotovili izjemne hidravli\u010dne re\u0161itve, prilagojene raznolikim potrebam na\u0161ih strank po vsem svetu. FMP s sede\u017eem v Italiji, sredi\u0161\u010du in\u017eenirske odli\u010dnosti, velja za zaupanja vredno ime v hidravli\u010dni industriji, zavezano zagotavljanju zanesljivih, trpe\u017enih in inovativnih izdelkov, ki opolnomo\u010dajo podjetja po vsem svetu.<\/p>\n<p class=\"break-words\">Na\u0161e podjetje zdru\u017euje najbolj\u0161e iz naprednih proizvodnih tradicij s prihodnostnim pristopom. Z dolgoletnimi izku\u0161njami na podro\u010dju hidravli\u010dnih sistemov se je FMP razvil v sodobno podjetje, ki blesti na podro\u010dju raziskav, na\u010drtovanja in proizvodnje. Specializirani smo za \u0161iroko paleto hidravli\u010dnih cilindrov, vklju\u010dno z dvostransko delujo\u010dimi cilindri, avtomobilskimi dvi\u017enimi cilindri, cilindri za kmetijsko mehanizacijo in re\u0161itvami po meri za razli\u010dne industrijske aplikacije. Ne glede na to, ali gre za gradbeni\u0161tvo, industrijske instalacije, kmetijstvo ali te\u017eko mehanizacijo, so na\u0161i hidravli\u010dni cilindri izdelani za delovanje v najte\u017ejih pogojih, kar zagotavlja varnost, u\u010dinkovitost in dolgo \u017eivljenjsko dobo.<\/p>\n<p><img loading=\"lazy\" decoding=\"async\" class=\"alignnone size-full wp-image-6720\" src=\"https:\/\/fmp-components.com\/wp-content\/uploads\/2025\/03\/hydraulic-cylinder-8.webp\" alt=\"Teleskopski hidravli\u010dni cilindri\" width=\"933\" height=\"526\" title=\"\" srcset=\"https:\/\/fmp-components.com\/wp-content\/uploads\/2025\/03\/hydraulic-cylinder-8.webp 933w, https:\/\/fmp-components.com\/wp-content\/uploads\/2025\/03\/hydraulic-cylinder-8-480x271.webp 480w\" sizes=\"(min-width: 0px) and (max-width: 480px) 480px, (min-width: 481px) 933px, 100vw\" \/><\/p>\n<p class=\"break-words\">V podjetju FMP smo ponosni na na\u0161e najsodobnej\u0161e proizvodne obrate, opremljene s preciznimi stroji in naprednimi sistemi za testiranje. Na\u0161i proizvodni procesi so v skladu s strogimi nacionalnimi in mednarodnimi standardi, kar zagotavlja, da je vsak hidravli\u010dni valj, ki zapusti na\u0161o tovarno, vrhunske kakovosti in zanesljivosti. Na\u0161a usposobljena tehni\u010dna ekipa nam skupaj z najsodobnej\u0161o opremo omogo\u010da strog nadzor kakovosti na vsaki stopnji proizvodnje \u2013 od izbire surovin do kon\u010dnega pregleda. Ta predanost odli\u010dnosti nam je prinesla certifikate in priznanja s strani industrijskih organov, kar je \u0161e utrdilo na\u0161 ugled zanesljivega partnerja.<\/p>\n<p class=\"break-words\">Na\u0161e poslanstvo je preprosto, a ambiciozno: strankam zagotoviti hidravli\u010dne cilindre, ki presegajo pri\u010dakovanja glede zmogljivosti, vzdr\u017eljivosti in vrednosti. Delujemo po vodilnih na\u010delih profesionalnosti, integritete in osredoto\u010denosti na stranke. Z gojenjem kulture inovacij in natan\u010dnosti nenehno izpopolnjujemo na\u0161e izdelke, da bi ostali v ospredju na konkuren\u010dnem trgu. Na\u0161a celovita ponudba izdelkov in sposobnost ponujanja prilagojenih re\u0161itev nas uvr\u0161\u010data med prva izbira podjetij, ki i\u0161\u010dejo visokozmogljive hidravli\u010dne cilindre.<\/p>\n<p class=\"break-words\">FMP ni le proizvajalec \u2013 smo partner pri va\u0161em uspehu. Razumemo, da se na\u0161e stranke zana\u0161ajo na nas pri dobavi orodij, ki izbolj\u0161ujejo njihovo produktivnost in varnost. Zato smo zavezani k ponujanju ne le vrhunskih izdelkov, temve\u010d tudi izjemne storitve. Od za\u010detnega posvetovanja do poprodajne podpore tesno sodelujemo z na\u0161imi strankami, da zagotovimo, da so njihove potrebe izpolnjene profesionalno in skrbno. Na\u0161e konkuren\u010dne cene, skupaj z na\u0161o neomajno zavezanostjo kakovosti, naredijo FMP pametno izbiro za podjetja, ki \u017eelijo vlagati v hidravli\u010dne re\u0161itve, ki jim lahko zaupajo.<\/p>\n<h2>Pogosta vpra\u0161anja<\/h2>\n<p><b>V: Koliko \u010dasa traja va\u0161a dobavni rok?<\/b><br \/>\nA: Na splo\u0161no je to 25-35 dni.<\/p>\n<p><b>V: Ali ponujate vzorce? So brezpla\u010dni ali dodatni?<\/b><br \/>\nO: Da, ponujamo vzorce, vendar niso brezpla\u010dni.<\/p>\n<p><b>V: Ali lahko izdelujete po vzorcih?<\/b><br \/>\nO: Da, lahko izdelamo po va\u0161ih vzorcih ali tehni\u010dnih risbah. Izdelamo lahko kalupe in vpenjala.<\/p>\n<p>Odkrijte dvostranski teleskopski hidravli\u010dni cilinder FMP za prekucnike in izkusite neprimerljivo mo\u010d in nadzor. Za nakup in dvignite zmogljivost svojih strojev na vi\u0161jo raven nas kontaktirajte \u0161e danes.<\/p>\n<p><img loading=\"lazy\" decoding=\"async\" class=\"alignnone size-full wp-image-6660\" src=\"https:\/\/fmp-components.com\/wp-content\/uploads\/2025\/03\/hydraulic-cylinder-workshop-4.webp\" alt=\"teleskopski hidravli\u010dni cilinder\" width=\"914\" height=\"733\" title=\"\" srcset=\"https:\/\/fmp-components.com\/wp-content\/uploads\/2025\/03\/hydraulic-cylinder-workshop-4.webp 914w, https:\/\/fmp-components.com\/wp-content\/uploads\/2025\/03\/hydraulic-cylinder-workshop-4-480x385.webp 480w\" sizes=\"(min-width: 0px) and (max-width: 480px) 480px, (min-width: 481px) 914px, 100vw\" \/><\/p>","protected":false},"excerpt":{"rendered":"<p>Manufacturer Supplier Double Acting Telescopic Hydraulic Cylinder For Dump Truck Introducing the Double Acting Telescopic Hydraulic Cylinder for Dump Trucks, a state-of-the-art product from FMP, a manufacturer and supplier renowned for its high-quality hydraulic cylinders. This product is designed for maximum efficiency and durability, providing excellent value for machinery repair shops, farms, energy &amp; mining [&hellip;]<\/p>","protected":false},"featured_media":6671,"comment_status":"closed","ping_status":"closed","template":"","meta":{"_et_pb_use_builder":"","_et_pb_old_content":"","_et_gb_content_width":""},"product_brand":[],"product_cat":[103],"product_tag":[34,105],"class_list":{"0":"post-6504","1":"product","2":"type-product","3":"status-publish","4":"has-post-thumbnail","6":"product_cat-telescopic-hydraulic-cylinders","7":"product_tag-hydraulic-cylinder","8":"product_tag-telescopic-hydraulic-cylinders","10":"first","11":"instock","12":"product-type-simple"},"_links":{"self":[{"href":"https:\/\/fmp-components.com\/sl\/wp-json\/wp\/v2\/product\/6504","targetHints":{"allow":["GET"]}}],"collection":[{"href":"https:\/\/fmp-components.com\/sl\/wp-json\/wp\/v2\/product"}],"about":[{"href":"https:\/\/fmp-components.com\/sl\/wp-json\/wp\/v2\/types\/product"}],"replies":[{"embeddable":true,"href":"https:\/\/fmp-components.com\/sl\/wp-json\/wp\/v2\/comments?post=6504"}],"wp:featuredmedia":[{"embeddable":true,"href":"https:\/\/fmp-components.com\/sl\/wp-json\/wp\/v2\/media\/6671"}],"wp:attachment":[{"href":"https:\/\/fmp-components.com\/sl\/wp-json\/wp\/v2\/media?parent=6504"}],"wp:term":[{"taxonomy":"product_brand","embeddable":true,"href":"https:\/\/fmp-components.com\/sl\/wp-json\/wp\/v2\/product_brand?post=6504"},{"taxonomy":"product_cat","embeddable":true,"href":"https:\/\/fmp-components.com\/sl\/wp-json\/wp\/v2\/product_cat?post=6504"},{"taxonomy":"product_tag","embeddable":true,"href":"https:\/\/fmp-components.com\/sl\/wp-json\/wp\/v2\/product_tag?post=6504"}],"curies":[{"name":"delovni list","href":"https:\/\/api.w.org\/{rel}","templated":true}]}}