{"id":6503,"date":"2025-03-11T06:25:30","date_gmt":"2025-03-11T06:25:30","guid":{"rendered":"https:\/\/fmp-components.com\/product\/hot-sale-double-acting-small-dump-truck-telescopic-hydraulic-cylinder"},"modified":"2025-03-18T01:08:36","modified_gmt":"2025-03-18T01:08:36","slug":"hot-sale-double-acting-small-dump-truck-telescopic-hydraulic-cylinder","status":"publish","type":"product","link":"https:\/\/fmp-components.com\/sl\/product\/hot-sale-double-acting-small-dump-truck-telescopic-hydraulic-cylinder\/","title":{"rendered":"Vro\u010de prodajno dvodelni teleskopski hidravli\u010dni cilinder za majhne prekucnike"},"content":{"rendered":"<h2>Vro\u010de prodajno dvodelni teleskopski hidravli\u010dni cilinder za majhne prekucnike<\/h2>\n<p>Ta priljubljeni dvosmerno delujo\u010di teleskopski hidravli\u010dni cilinder za majhne prekucnike je nov izdelek iz leta 2025. Zasnovan je za uporabo v razli\u010dnih panogah, vklju\u010dno s strojnimi delavnicami, kmetijstvom, energetiko in rudarstvom, proizvodnjo strojev in tovarnami strojev. Z jeklenim ohi\u0161jem in standardno zasnovo ponuja veliko mo\u010d, hidravli\u010dno delovanje in najve\u010dji potisk 3000. Ta ve\u010dstopenjski hidravli\u010dni cilinder ima enoletno garancijo in certifikat ISO9001:2000 za zagotavljanje kakovosti.<\/p>\n<h3>Posebne lastnosti in prednosti<\/h3>\n<p>Na\u0161 hidravli\u010dni cilinder se pona\u0161a z energetsko u\u010dinkovito zasnovo, ki znatno izbolj\u0161a stro\u0161kovno u\u010dinkovitost za uporabnike. Z zmanj\u0161anjem porabe energije ob hkratnem zagotavljanju optimalne zmogljivosti podjetjem omogo\u010da zmanj\u0161anje obratovalnih stro\u0161kov in izbolj\u0161anje dobi\u010dka. Visoka u\u010dinkovitost na\u0161ega hidravli\u010dnega cilindra prispeva k ve\u010dji produktivnosti, kar omogo\u010da strojem, da delujejo z najve\u010djo zmogljivostjo z manj izpadi. \u200b\u200bPoleg tega je varnost glavna prednostna naloga; na\u0161a zasnova zagotavlja varno delovanje, za\u0161\u010dito delavcev in zmanj\u0161anje tveganja za nesre\u010de na delovnem mestu. Zaradi te kombinacije energetske u\u010dinkovitosti, pove\u010danja produktivnosti in varnosti je na\u0161 hidravli\u010dni cilinder neprecenljivo sredstvo za vsako operacijo.<\/p>\n<p><img loading=\"lazy\" decoding=\"async\" class=\"alignnone wp-image-6661\" src=\"https:\/\/fmp-components.com\/wp-content\/uploads\/2025\/03\/telescopic-hydraulic-cylinder-10.webp\" alt=\"teleskopski hidravli\u010dni cilinder\" width=\"904\" height=\"904\" title=\"\" srcset=\"https:\/\/fmp-components.com\/wp-content\/uploads\/2025\/03\/telescopic-hydraulic-cylinder-10.webp 904w, https:\/\/fmp-components.com\/wp-content\/uploads\/2025\/03\/telescopic-hydraulic-cylinder-10-480x480.webp 480w\" sizes=\"(min-width: 0px) and (max-width: 480px) 480px, (min-width: 481px) 904px, 100vw\" \/><\/p>\n<h3>Hidravli\u010dni sistemi in princip delovanja<\/h3>\n<p>Kot klju\u010dni sestavni del hidravli\u010dnih sistemov ima hidravli\u010dni valj klju\u010dno vlogo pri pretvorbi hidravli\u010dne energije v mehansko gibanje. Ta pretvorba je bistvena za ustvarjanje sile, potrebne za premikanje in krmiljenje razli\u010dnih vrst strojev. Z uporabo hidravli\u010dne teko\u010dine pod tlakom valj u\u010dinkovito proizvaja mo\u010dne gibe, ki so klju\u010dni za \u0161iroko paleto aplikacij v industrijskem sektorju. Delovanje hidravli\u010dnih valjev temelji na na\u010delih dinamike teko\u010din, kar omogo\u010da natan\u010den nadzor in prilagodljivost v zahtevnih okoljih. Zaradi te funkcionalnosti so nepogre\u0161ljivi v strojih, ki zahtevajo zanesljive zmogljivosti dvigovanja, potiskanja ali vle\u010denja.<\/p>\n<h3>Specifi\u010dni scenariji uporabe<\/h3>\n<p>Vsestranskost na\u0161ega dvosmerno delujo\u010dega teleskopskega hidravli\u010dnega cilindra za majhne prekucnike mu omogo\u010da, da se odli\u010dno obnese v razli\u010dnih scenarijih uporabe. \u0160e posebej je u\u010dinkovit v delavnicah za popravilo strojev, kjer ga je mogo\u010de uporabljati za natan\u010dno dvigovanje in manevriranje te\u017ekih komponent. V kmetijstvu ta hidravli\u010dni cilinder pomaga pri u\u010dinkovitem delovanju opreme, kot so prekucniki in drugi stroji, kar pove\u010duje produktivnost na kmetijah. Poleg tega imata energetska in rudarska industrija koristi od njegove robustne zmogljivosti, saj lahko obvladuje zahtevne pogoje, s katerimi se pogosto sre\u010dujejo v teh sektorjih. Ne glede na to, ali gre za gradbeni\u0161tvo, kmetijstvo ali pridobivanje virov, je na\u0161 hidravli\u010dni cilinder zasnovan za zanesljivo delovanje v razli\u010dnih delovnih pogojih, zaradi \u010desar je priljubljena izbira za strokovnjake na ve\u010d podro\u010djih.<\/p>\n<p><img loading=\"lazy\" decoding=\"async\" class=\"alignnone size-full wp-image-6660\" src=\"https:\/\/fmp-components.com\/wp-content\/uploads\/2025\/03\/hydraulic-cylinder-workshop-4.webp\" alt=\"teleskopski hidravli\u010dni cilinder\" width=\"914\" height=\"733\" title=\"\" srcset=\"https:\/\/fmp-components.com\/wp-content\/uploads\/2025\/03\/hydraulic-cylinder-workshop-4.webp 914w, https:\/\/fmp-components.com\/wp-content\/uploads\/2025\/03\/hydraulic-cylinder-workshop-4-480x385.webp 480w\" sizes=\"(min-width: 0px) and (max-width: 480px) 480px, (min-width: 481px) 914px, 100vw\" \/><\/p>\n<h3>O FMP-ju<\/h3>\n<p>FMP je vodilni italijanski proizvajalec, znan po svojem strokovnem znanju pri na\u010drtovanju, razvoju in proizvodnji visokokakovostnih hidravli\u010dnih cilindrov. Z bogato desetletno zapu\u0161\u010dino brezhibno zdru\u017eujemo italijansko obrt z najsodobnej\u0161o tehnologijo, da bi zagotovili izjemne hidravli\u010dne re\u0161itve, prilagojene raznolikim potrebam na\u0161ih strank po vsem svetu. FMP se nahaja v Italiji, sredi\u0161\u010du in\u017eenirske odli\u010dnosti, in se je uveljavil kot zaupanja vreden vodilni v hidravli\u010dni industriji, predan zagotavljanju zanesljivih, trpe\u017enih in inovativnih izdelkov, ki opolnomo\u010dajo podjetja po vsem svetu.<\/p>\n<p>Zdru\u017eujemo napredne proizvodne tradicije s progresivnim pogledom. Z dolgoletnimi izku\u0161njami na podro\u010dju hidravli\u010dnih sistemov se je FMP preoblikoval v sodobno podjetje, ki blesti na podro\u010dju raziskav, na\u010drtovanja in proizvodnje. Na\u0161a specializacija zajema \u0161irok spekter hidravli\u010dnih cilindrov, vklju\u010dno z dvostransko delujo\u010dimi cilindri, avtomobilskimi dvi\u017enimi cilindri, cilindri za kmetijsko mehanizacijo in re\u0161itvami po meri za razli\u010dne industrijske aplikacije. Ne glede na to, ali gre za gradbeni\u0161tvo, industrijske instalacije, kmetijstvo ali te\u017eko mehanizacijo, so na\u0161i hidravli\u010dni cilindri zasnovani za delovanje v najzahtevnej\u0161ih pogojih, kar zagotavlja varnost, u\u010dinkovitost in dolgo \u017eivljenjsko dobo.<\/p>\n<p><img loading=\"lazy\" decoding=\"async\" class=\"alignnone size-full wp-image-6720\" src=\"https:\/\/fmp-components.com\/wp-content\/uploads\/2025\/03\/hydraulic-cylinder-8.webp\" alt=\"Teleskopski hidravli\u010dni cilindri\" width=\"933\" height=\"526\" title=\"\" srcset=\"https:\/\/fmp-components.com\/wp-content\/uploads\/2025\/03\/hydraulic-cylinder-8.webp 933w, https:\/\/fmp-components.com\/wp-content\/uploads\/2025\/03\/hydraulic-cylinder-8-480x271.webp 480w\" sizes=\"(min-width: 0px) and (max-width: 480px) 480px, (min-width: 481px) 933px, 100vw\" \/><\/p>\n<p>V podjetju FMP smo ponosni na na\u0161e najsodobnej\u0161e proizvodne obrate, opremljene s preciznimi stroji in naprednimi sistemi za testiranje. Na\u0161i proizvodni procesi so skladni s strogimi nacionalnimi in mednarodnimi standardi, kar zagotavlja, da je vsak izdelan hidravli\u010dni valj najvi\u0161je kakovosti in zanesljivosti. Na\u0161a usposobljena tehni\u010dna ekipa nam skupaj z napredno opremo omogo\u010da strog nadzor kakovosti v vsaki fazi proizvodnje \u2013 od izbire surovin do kon\u010dnega pregleda. Ta zavezanost odli\u010dnosti nam je prinesla certifikate in priznanja s strani industrijskih organov, kar je \u0161e utrdilo na\u0161 ugled zanesljivega partnerja.<\/p>\n<p>Na\u0161e poslanstvo je preprosto, a ambiciozno: zagotoviti hidravli\u010dne cilindre, ki presegajo pri\u010dakovanja glede zmogljivosti, vzdr\u017eljivosti in vrednosti. Dr\u017eimo se na\u010del profesionalnosti, integritete in osredoto\u010denosti na stranke. Z gojenjem kulture inovacij in natan\u010dnosti nenehno izpopolnjujemo na\u0161e izdelke, da bi ostali konkuren\u010dni na trgu. Na\u0161a \u0161iroka paleta izdelkov in sposobnost ponujanja re\u0161itev po meri nas uvr\u0161\u010data med prednostne izbire za podjetja, ki potrebujejo visokozmogljive hidravli\u010dne cilindre.<\/p>\n<p>FMP ni le proizvajalec; smo partner pri va\u0161em uspehu. Zavedamo se, da so na\u0161e stranke odvisne od nas pri orodjih, ki pove\u010dujejo produktivnost in varnost. Zato smo zavezani k zagotavljanju ne le vrhunskih izdelkov, temve\u010d tudi izjemnih storitev. Od za\u010detnih posvetovanj do poprodajne podpore tesno sodelujemo z na\u0161imi strankami, da zagotovimo, da so njihove potrebe izpolnjene profesionalno in skrbno. Na\u0161e konkuren\u010dne cene v kombinaciji z na\u0161o neomajno zavezanostjo kakovosti naredijo FMP pametno izbiro za podjetja, ki i\u0161\u010dejo zaupanja vredne hidravli\u010dne re\u0161itve.<\/p>","protected":false},"excerpt":{"rendered":"<p>Hot Sale Double Acting Small Dump Truck Telescopic Hydraulic Cylinder This hot-selling, double-acting small dump truck telescopic hydraulic cylinder is a newly released product of 2025. It is designed for use in various industries including machinery repair shops, farms, energy and mining, machinery manufacturing, and machinery factories. With its steel body and standard design, it [&hellip;]<\/p>","protected":false},"featured_media":6673,"comment_status":"closed","ping_status":"closed","template":"","meta":{"_et_pb_use_builder":"","_et_pb_old_content":"","_et_gb_content_width":""},"product_brand":[],"product_cat":[103],"product_tag":[34,105],"class_list":{"0":"post-6503","1":"product","2":"type-product","3":"status-publish","4":"has-post-thumbnail","6":"product_cat-telescopic-hydraulic-cylinders","7":"product_tag-hydraulic-cylinder","8":"product_tag-telescopic-hydraulic-cylinders","10":"first","11":"instock","12":"product-type-simple"},"_links":{"self":[{"href":"https:\/\/fmp-components.com\/sl\/wp-json\/wp\/v2\/product\/6503","targetHints":{"allow":["GET"]}}],"collection":[{"href":"https:\/\/fmp-components.com\/sl\/wp-json\/wp\/v2\/product"}],"about":[{"href":"https:\/\/fmp-components.com\/sl\/wp-json\/wp\/v2\/types\/product"}],"replies":[{"embeddable":true,"href":"https:\/\/fmp-components.com\/sl\/wp-json\/wp\/v2\/comments?post=6503"}],"wp:featuredmedia":[{"embeddable":true,"href":"https:\/\/fmp-components.com\/sl\/wp-json\/wp\/v2\/media\/6673"}],"wp:attachment":[{"href":"https:\/\/fmp-components.com\/sl\/wp-json\/wp\/v2\/media?parent=6503"}],"wp:term":[{"taxonomy":"product_brand","embeddable":true,"href":"https:\/\/fmp-components.com\/sl\/wp-json\/wp\/v2\/product_brand?post=6503"},{"taxonomy":"product_cat","embeddable":true,"href":"https:\/\/fmp-components.com\/sl\/wp-json\/wp\/v2\/product_cat?post=6503"},{"taxonomy":"product_tag","embeddable":true,"href":"https:\/\/fmp-components.com\/sl\/wp-json\/wp\/v2\/product_tag?post=6503"}],"curies":[{"name":"delovni list","href":"https:\/\/api.w.org\/{rel}","templated":true}]}}