{"id":6494,"date":"2025-03-11T06:25:30","date_gmt":"2025-03-11T06:25:30","guid":{"rendered":"https:\/\/fmp-components.com\/product\/direct-sales-mini-dump-truck-hydraulic-cylinder-telescopic-hydraulic-cylinder"},"modified":"2025-03-11T07:47:56","modified_gmt":"2025-03-11T07:47:56","slug":"direct-sales-mini-dump-truck-hydraulic-cylinder-telescopic-hydraulic-cylinder","status":"publish","type":"product","link":"https:\/\/fmp-components.com\/sl\/product\/direct-sales-mini-dump-truck-hydraulic-cylinder-telescopic-hydraulic-cylinder\/","title":{"rendered":"Neposredna prodaja hidravli\u010dnega cilindra za mini prekucnike Teleskopski hidravli\u010dni cilinder"},"content":{"rendered":"<h2>Neposredna prodaja hidravli\u010dnega cilindra za mini prekucnike Teleskopski hidravli\u010dni cilinder<\/h2>\n<p>Hidravli\u010dni cilinder za mini prekucnike, teleskopski hidravli\u010dni cilinder, je sestavni del vsakega hidravli\u010dnega sistema, ki zagotavlja potrebno mo\u010d in nadzor, ki sta potrebna za razli\u010dne industrijske aplikacije. Ta cilinder je zasnovan za pretvorbo hidravli\u010dne energije v mehansko gibanje, pri \u010demer tlak pretvori v silo za vrhunsko delovanje.<\/p>\n<h2>Specifikacije izdelka<\/h2>\n<p>Hidravli\u010dni cilinder se pona\u0161a z impresivnimi tehni\u010dnimi specifikacijami, zaradi katerih je odli\u010dna izbira za zahtevne aplikacije. Mednje spadajo ve\u010dstopenjska zasnova, standardna struktura, hidravli\u010dna mo\u010d, jekleno ohi\u0161je, najve\u010dji potisk 3000 in najve\u010dji vle\u010dni napor 20 ton. Premer izvrtine se giblje od 2 do 6 palcev, premer palice od 1,125 do 4 palcev, premer hoda pa od 4 do 100 palcev. Velikost zati\u010da je 0,5 do 2 palca, valj pa je na voljo v elegantni \u010drni barvi.<\/p>\n<table style=\"width: 102.247%;\" border=\"\">\n<tbody>\n<tr>\n<td style=\"width: 42.9379%;\"><i>Velikost izvrtine<\/i><\/td>\n<td style=\"width: 485.876%;\">2\u20136 palcev<\/td>\n<\/tr>\n<tr>\n<td style=\"width: 42.9379%;\"><i>Velikost palice<\/i><\/td>\n<td style=\"width: 485.876%;\">1,125-4 palca<\/td>\n<\/tr>\n<tr>\n<td style=\"width: 42.9379%;\"><i>Velikost poteze<\/i><\/td>\n<td style=\"width: 485.876%;\">4\u2013100 palcev<\/td>\n<\/tr>\n<tr>\n<td style=\"width: 42.9379%;\"><i>Velikost zati\u010da<\/i><\/td>\n<td style=\"width: 485.876%;\">0,5\u20132 palca<\/td>\n<\/tr>\n<tr>\n<td style=\"width: 42.9379%;\"><i>Pristani\u0161\u010da<\/i><\/td>\n<td style=\"width: 485.876%;\">G\/SAE\/NPT\/M<\/td>\n<\/tr>\n<\/tbody>\n<\/table>\n<h2>Edinstvene lastnosti in prednosti<\/h2>\n<p>Ta hidravli\u010dni cilinder je energetsko u\u010dinkovit, visoko zmogljiv in varen. Zasnovan je za vrhunsko delovanje in vzdr\u017eljivost v razli\u010dnih panogah, vklju\u010dno s strojnimi delavnicami, kmetijstvom, energetiko in rudarstvom ter proizvodnjo strojev in tovarnami.<\/p>\n<p><img loading=\"lazy\" decoding=\"async\" class=\"wp-image-6664 aligncenter\" src=\"https:\/\/fmp-components.com\/wp-content\/uploads\/2025\/03\/telescopic-hydraulic-cylinder-8.webp\" alt=\"teleskopski hidravli\u010dni cilinder\" width=\"897\" height=\"897\" title=\"\" srcset=\"https:\/\/fmp-components.com\/wp-content\/uploads\/2025\/03\/telescopic-hydraulic-cylinder-8.webp 897w, https:\/\/fmp-components.com\/wp-content\/uploads\/2025\/03\/telescopic-hydraulic-cylinder-8-480x480.webp 480w\" sizes=\"(min-width: 0px) and (max-width: 480px) 480px, (min-width: 481px) 897px, 100vw\" \/><\/p>\n<h3>Hidravli\u010dni sistem in princip delovanja<\/h3>\n<p>Razumevanje hidravli\u010dnega sistema in njegovega principa delovanja je klju\u010dnega pomena za razumevanje u\u010dinkovitosti tega hidravli\u010dnega cilindra. Sistem deluje na principu tlaka teko\u010dine, kjer se sila, ki deluje na eni to\u010dki, prena\u0161a na drugo to\u010dko s pomo\u010djo nestisljive teko\u010dine, obi\u010dajno olja. Hidravli\u010dni cilinder igra klju\u010dno vlogo v tem sistemu, saj pretvarja hidravli\u010dno energijo v mehansko energijo.<\/p>\n<h3>Uporaba hidravli\u010dnega cilindra<\/h3>\n<p>Ta hidravli\u010dni cilinder je vsestranski kos opreme, ki se uporablja v razli\u010dnih aplikacijah, vklju\u010dno z gradbeno opremo, proizvodnimi stroji in kmetijskimi stroji, med drugim.<\/p>\n<h3>O FMP-ju<\/h3>\n<p class=\"break-words\">FMP je vodilni italijanski proizvajalec, specializiran za na\u010drtovanje, razvoj in proizvodnjo visokokakovostnih hidravli\u010dnih cilindrov. Z bogato dedi\u0161\u010dino, ki temelji na desetletjih strokovnega znanja, ponosno zdru\u017eujemo italijansko obrt z najsodobnej\u0161o tehnologijo, da bi zagotovili izjemne hidravli\u010dne re\u0161itve, prilagojene raznolikim potrebam na\u0161ih strank po vsem svetu. FMP s sede\u017eem v Italiji, sredi\u0161\u010du in\u017eenirske odli\u010dnosti, velja za zaupanja vredno ime v hidravli\u010dni industriji, zavezano zagotavljanju zanesljivih, trpe\u017enih in inovativnih izdelkov, ki opolnomo\u010dajo podjetja po vsem svetu.<\/p>\n<p class=\"break-words\">Na\u0161e podjetje zdru\u017euje najbolj\u0161e iz naprednih proizvodnih tradicij s prihodnostnim pristopom. Z dolgoletnimi izku\u0161njami na podro\u010dju hidravli\u010dnih sistemov se je FMP razvil v sodobno podjetje, ki blesti na podro\u010dju raziskav, na\u010drtovanja in proizvodnje. Specializirani smo za \u0161iroko paleto hidravli\u010dnih cilindrov, vklju\u010dno z dvostransko delujo\u010dimi cilindri, avtomobilskimi dvi\u017enimi cilindri, cilindri za kmetijsko mehanizacijo in re\u0161itvami po meri za razli\u010dne industrijske aplikacije. Ne glede na to, ali gre za gradbeni\u0161tvo, industrijske instalacije, kmetijstvo ali te\u017eko mehanizacijo, so na\u0161i hidravli\u010dni cilindri izdelani za delovanje v najte\u017ejih pogojih, kar zagotavlja varnost, u\u010dinkovitost in dolgo \u017eivljenjsko dobo.<\/p>\n<p><img loading=\"lazy\" decoding=\"async\" class=\"alignnone size-full wp-image-6720\" src=\"https:\/\/fmp-components.com\/wp-content\/uploads\/2025\/03\/hydraulic-cylinder-8.webp\" alt=\"Teleskopski hidravli\u010dni cilindri\" width=\"933\" height=\"526\" title=\"\" srcset=\"https:\/\/fmp-components.com\/wp-content\/uploads\/2025\/03\/hydraulic-cylinder-8.webp 933w, https:\/\/fmp-components.com\/wp-content\/uploads\/2025\/03\/hydraulic-cylinder-8-480x271.webp 480w\" sizes=\"(min-width: 0px) and (max-width: 480px) 480px, (min-width: 481px) 933px, 100vw\" \/><\/p>\n<p class=\"break-words\">V podjetju FMP smo ponosni na na\u0161e najsodobnej\u0161e proizvodne obrate, opremljene s preciznimi stroji in naprednimi sistemi za testiranje. Na\u0161i proizvodni procesi so v skladu s strogimi nacionalnimi in mednarodnimi standardi, kar zagotavlja, da je vsak hidravli\u010dni valj, ki zapusti na\u0161o tovarno, vrhunske kakovosti in zanesljivosti. Na\u0161a usposobljena tehni\u010dna ekipa nam skupaj z najsodobnej\u0161o opremo omogo\u010da strog nadzor kakovosti na vsaki stopnji proizvodnje \u2013 od izbire surovin do kon\u010dnega pregleda. Ta predanost odli\u010dnosti nam je prinesla certifikate in priznanja s strani industrijskih organov, kar je \u0161e utrdilo na\u0161 ugled zanesljivega partnerja.<\/p>\n<p class=\"break-words\">Na\u0161e poslanstvo je preprosto, a ambiciozno: strankam zagotoviti hidravli\u010dne cilindre, ki presegajo pri\u010dakovanja glede zmogljivosti, vzdr\u017eljivosti in vrednosti. Delujemo po vodilnih na\u010delih profesionalnosti, integritete in osredoto\u010denosti na stranke. Z gojenjem kulture inovacij in natan\u010dnosti nenehno izpopolnjujemo na\u0161e izdelke, da bi ostali v ospredju na konkuren\u010dnem trgu. Na\u0161a celovita ponudba izdelkov in sposobnost ponujanja prilagojenih re\u0161itev nas uvr\u0161\u010data med prva izbira podjetij, ki i\u0161\u010dejo visokozmogljive hidravli\u010dne cilindre.<\/p>\n<p class=\"break-words\">FMP ni le proizvajalec \u2013 smo partner pri va\u0161em uspehu. Razumemo, da se na\u0161e stranke zana\u0161ajo na nas pri dobavi orodij, ki izbolj\u0161ujejo njihovo produktivnost in varnost. Zato smo zavezani k ponujanju ne le vrhunskih izdelkov, temve\u010d tudi izjemne storitve. Od za\u010detnega posvetovanja do poprodajne podpore tesno sodelujemo z na\u0161imi strankami, da zagotovimo, da so njihove potrebe izpolnjene profesionalno in skrbno. Na\u0161e konkuren\u010dne cene, skupaj z na\u0161o neomajno zavezanostjo kakovosti, naredijo FMP pametno izbiro za podjetja, ki \u017eelijo vlagati v hidravli\u010dne re\u0161itve, ki jim lahko zaupajo.<\/p>\n<h2>Pogosta vpra\u0161anja<\/h2>\n<p><b>V: Katere panoge uporabljajo ta hidravli\u010dni cilinder?<\/b><br \/>\nA: Ta hidravli\u010dni cilinder se pogosto uporablja v delavnicah za popravilo strojev, na kmetijah, v energetiki in rudarstvu, proizvodnji strojev in tovarnah.<\/p>\n<p><b>V: Kak\u0161en je dobavni rok za ta hidravli\u010dni cilinder?<\/b><br \/>\nA: Splo\u0161ni dobavni rok je 25-35 dni.<\/p>\n<p><b>V: Ali lahko prilagodim ta hidravli\u010dni cilinder?<\/b><br \/>\nO: Da, stranke pozdravljamo, da jih prilagodijo z risbami ali vzorci.<\/p>\n<p>Izkusite mo\u010d in delovanje na\u0161ih hidravli\u010dnih cilindrov \u0161e danes. Za ve\u010d informacij o tem izdelku in oddajo naro\u010dila nas kontaktirajte!<\/p>\n<p><img loading=\"lazy\" decoding=\"async\" class=\"alignnone size-full wp-image-6717\" src=\"https:\/\/fmp-components.com\/wp-content\/uploads\/2025\/03\/hydraulic-cylinder-211.webp\" alt=\"Hidravli\u010dni cilindri\" width=\"775\" height=\"777\" title=\"\" srcset=\"https:\/\/fmp-components.com\/wp-content\/uploads\/2025\/03\/hydraulic-cylinder-211.webp 775w, https:\/\/fmp-components.com\/wp-content\/uploads\/2025\/03\/hydraulic-cylinder-211-480x481.webp 480w\" sizes=\"(min-width: 0px) and (max-width: 480px) 480px, (min-width: 481px) 775px, 100vw\" \/><\/p>","protected":false},"excerpt":{"rendered":"<p>Direct Sales Mini Dump Truck Hydraulic Cylinder Telescopic Hydraulic Cylinder The Direct Sales Mini Dump Truck hydraulic cylinder Telescopic Hydraulic Cylinder is an integral part of any hydraulic system, providing the necessary power and control needed for various industrial applications. This cylinder is designed to convert hydraulic energy into mechanical motion, transforming pressure into force [&hellip;]<\/p>","protected":false},"featured_media":6667,"comment_status":"closed","ping_status":"closed","template":"","meta":{"_et_pb_use_builder":"","_et_pb_old_content":"","_et_gb_content_width":""},"product_brand":[],"product_cat":[103],"product_tag":[34,105],"class_list":{"0":"post-6494","1":"product","2":"type-product","3":"status-publish","4":"has-post-thumbnail","6":"product_cat-telescopic-hydraulic-cylinders","7":"product_tag-hydraulic-cylinder","8":"product_tag-telescopic-hydraulic-cylinders","10":"first","11":"instock","12":"product-type-simple"},"_links":{"self":[{"href":"https:\/\/fmp-components.com\/sl\/wp-json\/wp\/v2\/product\/6494","targetHints":{"allow":["GET"]}}],"collection":[{"href":"https:\/\/fmp-components.com\/sl\/wp-json\/wp\/v2\/product"}],"about":[{"href":"https:\/\/fmp-components.com\/sl\/wp-json\/wp\/v2\/types\/product"}],"replies":[{"embeddable":true,"href":"https:\/\/fmp-components.com\/sl\/wp-json\/wp\/v2\/comments?post=6494"}],"wp:featuredmedia":[{"embeddable":true,"href":"https:\/\/fmp-components.com\/sl\/wp-json\/wp\/v2\/media\/6667"}],"wp:attachment":[{"href":"https:\/\/fmp-components.com\/sl\/wp-json\/wp\/v2\/media?parent=6494"}],"wp:term":[{"taxonomy":"product_brand","embeddable":true,"href":"https:\/\/fmp-components.com\/sl\/wp-json\/wp\/v2\/product_brand?post=6494"},{"taxonomy":"product_cat","embeddable":true,"href":"https:\/\/fmp-components.com\/sl\/wp-json\/wp\/v2\/product_cat?post=6494"},{"taxonomy":"product_tag","embeddable":true,"href":"https:\/\/fmp-components.com\/sl\/wp-json\/wp\/v2\/product_tag?post=6494"}],"curies":[{"name":"delovni list","href":"https:\/\/api.w.org\/{rel}","templated":true}]}}