{"id":6488,"date":"2025-03-11T06:25:30","date_gmt":"2025-03-11T06:25:30","guid":{"rendered":"https:\/\/fmp-components.com\/product\/factory-provide-2-stage-small-hydraulic-cylinder-multistage-hydraulic-cylinder"},"modified":"2025-03-18T01:08:44","modified_gmt":"2025-03-18T01:08:44","slug":"factory-provide-2-stage-small-hydraulic-cylinder-multistage-hydraulic-cylinder","status":"publish","type":"product","link":"https:\/\/fmp-components.com\/sl\/product\/factory-provide-2-stage-small-hydraulic-cylinder-multistage-hydraulic-cylinder\/","title":{"rendered":"Tovarna zagotavlja 2-stopenjski majhen hidravli\u010dni cilinder ve\u010dstopenjski hidravli\u010dni cilinder"},"content":{"rendered":"<h2>Tovarna zagotavlja 2-stopenjski majhen hidravli\u010dni cilinder ve\u010dstopenjski hidravli\u010dni cilinder<\/h2>\n<p>Predstavljamo vam na\u0161 dvostopenjski mali hidravli\u010dni cilinder, ve\u010dstopenjski hidravli\u010dni cilinder, nov izdelek podjetja FMP za leto 2025. Ta inovativen kos stroja, zasnovan z najkakovostnej\u0161im jeklenim ohi\u0161jem, je primeren za razli\u010dne panoge, vklju\u010dno s strojnimi delavnicami, kmetijstvom, energetiko in rudarstvom, proizvodnjo strojev in tovarnami strojev. Njegov visok najve\u010dji potisk 3000 ton in najve\u010dji vle\u010dni napor 20 ton zagotavljata odli\u010dno delovanje v okoljih z visokim tlakom.<\/p>\n<h3>Klju\u010dne lastnosti in specifikacije<\/h3>\n<p>Na\u0161 2-stopenjski majhen hidravli\u010dni cilinder, ve\u010dstopenjski hidravli\u010dni cilinder, je standardni batni cilinder, ki ga poganja hidravli\u010dna energija. Ima certifikat ISO9001:2000, ki zagotavlja skladnost z mednarodnimi standardi kakovosti. Klju\u010dne specifikacije so naslednje:<\/p>\n<table style=\"width: 97.9314%; height: 179px;\" border=\"\">\n<tbody>\n<tr>\n<td colspan=\"\" rowspan=\"\"><i>Velikost izvrtine<\/i><\/td>\n<td colspan=\"\" rowspan=\"\">2\u20136 palcev<\/td>\n<\/tr>\n<tr>\n<td colspan=\"\" rowspan=\"\"><i>Velikost palice<\/i><\/td>\n<td colspan=\"\" rowspan=\"\">1,125-4 palca<\/td>\n<\/tr>\n<tr>\n<td colspan=\"\" rowspan=\"\"><i>Velikost poteze<\/i><\/td>\n<td colspan=\"\" rowspan=\"\">4\u2013100 palcev<\/td>\n<\/tr>\n<tr>\n<td colspan=\"\" rowspan=\"\"><i>Velikost zati\u010da<\/i><\/td>\n<td colspan=\"\" rowspan=\"\">0,5\u20132 palca<\/td>\n<\/tr>\n<tr>\n<td colspan=\"\" rowspan=\"\"><i>Pristani\u0161\u010da<\/i><\/td>\n<td colspan=\"\" rowspan=\"\">G\/SAE\/NPT\/M<\/td>\n<\/tr>\n<\/tbody>\n<\/table>\n<h3>Edinstvene prednosti<\/h3>\n<p>Ta ve\u010dstopenjski hidravli\u010dni cilinder odlikujejo izjemne zmogljivosti var\u010devanja z energijo, visoka u\u010dinkovitost in robustne varnostne funkcije. Zasnovan je za zanesljivo in nemoteno delovanje v \u0161irokem naboru aplikacij, zato je neprecenljiv pripomo\u010dek za va\u0161e stroje. Njegova zasnova omogo\u010da brezhibno integracijo v razli\u010dne sisteme, kar zagotavlja izbolj\u0161ano zmogljivost ob hkratnem zmanj\u0161anju porabe energije. To ne prispeva le k prihranku obratovalnih stro\u0161kov, temve\u010d tudi podpira trajnostne pobude z zmanj\u0161anjem celotnega vpliva na okolje. S svojo sposobnostjo delovanja v zahtevnih pogojih ta hidravli\u010dni cilinder pove\u010duje zanesljivost in u\u010dinkovitost va\u0161e opreme, zaradi \u010desar je klju\u010dni sestavni del va\u0161ega delovanja.<\/p>\n<h3>Hidravli\u010dni sistemi in princip delovanja<\/h3>\n<p>Na\u0161 hidravli\u010dni valj deluje na podlagi temeljnih na\u010del hidravli\u010dnih sistemov, kjer se za prenos energije in ustvarjanje mo\u010di uporablja tla\u010dna teko\u010dina. Ta proces vklju\u010duje gibanje hidravli\u010dne teko\u010dine znotraj valja, ki ustvarja tlak, ki se pretvori v mehansko gibanje. Z izkori\u0161\u010danjem mo\u010di dinamike teko\u010din na\u0161 hidravli\u010dni valj zagotavlja mo\u010dan izhod, zaradi \u010desar je bistveni sestavni del strojev v razli\u010dnih panogah, vklju\u010dno z gradbeni\u0161tvom, proizvodnjo in kmetijstvom. U\u010dinkovitost tega sistema omogo\u010da natan\u010den nadzor in prilagodljivost, kar upravljavcem omogo\u010da varno in u\u010dinkovito ravnanje s te\u017ekimi bremeni.<\/p>\n<p><img loading=\"lazy\" decoding=\"async\" class=\"alignnone wp-image-6662\" src=\"https:\/\/fmp-components.com\/wp-content\/uploads\/2025\/03\/telescopic-hydraulic-cylinder-4.webp\" alt=\"teleskopski hidravli\u010dni cilinder\" width=\"908\" height=\"908\" title=\"\" srcset=\"https:\/\/fmp-components.com\/wp-content\/uploads\/2025\/03\/telescopic-hydraulic-cylinder-4.webp 908w, https:\/\/fmp-components.com\/wp-content\/uploads\/2025\/03\/telescopic-hydraulic-cylinder-4-480x480.webp 480w\" sizes=\"(min-width: 0px) and (max-width: 480px) 480px, (min-width: 481px) 908px, 100vw\" \/><\/p>\n<h3>Hidravli\u010dni cilindri in pogonske enote<\/h3>\n<p>Hidravli\u010dni cilindri in pogonske enote so klju\u010dne komponente vsakega hidravli\u010dnega sistema, ki delujejo usklajeno, da zagotovijo optimalno delovanje. Hidravli\u010dni cilinder deluje kot aktuator, ki je odgovoren za pretvorbo hidravli\u010dne energije v mehansko gibanje in u\u010dinkovito pretvarja tlak v silo. Medtem pogonska enota slu\u017ei kot srce hidravli\u010dnega sistema, saj zagotavlja potrebno energijo in krmilne signale, ki poganjajo celotno delovanje. Ta sinergija med hidravli\u010dnim cilindrom in pogonsko enoto omogo\u010da \u0161iroko uporabo hidravli\u010dne tehnologije v industrijskem sektorju, saj ponuja zanesljivo podporo pri oskrbi z energijo in krmiljenju razli\u010dnih in\u017eenirskih in mehanskih naprav.<\/p>\n<p>Usklajevanje teh dveh komponent je klju\u010dnega pomena za nemoteno delovanje hidravli\u010dnega sistema, saj zagotavlja u\u010dinkovito izvajanje nalog, ki zahtevajo dvigovanje te\u017ekih bremen in natan\u010dne gibe. V podjetju FMP ne izdelujemo le visokokakovostnih hidravli\u010dnih cilindrov, temve\u010d ponujamo tudi vrsto pogonskih enot, ki zagotavljajo celovite re\u0161itve za va\u0161e hidravli\u010dne potrebe. Na\u0161a zavezanost kakovosti in zmogljivosti zagotavlja, da se na nas lahko zanesete pri vseh va\u0161ih hidravli\u010dnih sistemskih zahtevah, kar va\u0161emu podjetju omogo\u010da, da z zaupanjem dose\u017ee svoje operativne cilje.<\/p>\n<h2>Pogosto zastavljena vpra\u0161anja<\/h2>\n<p>V: Ali ste trgovsko podjetje ali proizvajalec?<br \/>\nA: Smo tovarna, natan\u010dneje proizvajalec.<br \/>\nV: Koliko \u010dasa traja va\u0161a dobavni rok?<br \/>\nA: Na\u0161 splo\u0161ni dobavni rok je 25-35 dni.<br \/>\nV: Ali lahko izdelujete po vzorcih?<br \/>\nO: Da, lahko izdelamo po va\u0161ih vzorcih ali tehni\u010dnih risbah. Izdelamo lahko kalupe in vpenjala.<\/p>\n<p><img loading=\"lazy\" decoding=\"async\" class=\"alignnone wp-image-6663\" src=\"https:\/\/fmp-components.com\/wp-content\/uploads\/2025\/03\/telescopic-hydraulic-cylinder-11.webp\" alt=\"teleskopski hidravli\u010dni cilinder\" width=\"949\" height=\"949\" title=\"\" srcset=\"https:\/\/fmp-components.com\/wp-content\/uploads\/2025\/03\/telescopic-hydraulic-cylinder-11.webp 949w, https:\/\/fmp-components.com\/wp-content\/uploads\/2025\/03\/telescopic-hydraulic-cylinder-11-480x480.webp 480w\" sizes=\"(min-width: 0px) and (max-width: 480px) 480px, (min-width: 481px) 949px, 100vw\" \/><\/p>\n<h3>O FMP-ju<\/h3>\n<p>FMP je vodilni italijanski proizvajalec, znan po svojem strokovnem znanju pri na\u010drtovanju, razvoju in proizvodnji visokokakovostnih hidravli\u010dnih cilindrov. Z bogato desetletno zapu\u0161\u010dino brezhibno zdru\u017eujemo italijansko obrt z najsodobnej\u0161o tehnologijo, da bi zagotovili izjemne hidravli\u010dne re\u0161itve, prilagojene raznolikim potrebam na\u0161ih strank po vsem svetu. FMP se nahaja v Italiji, sredi\u0161\u010du in\u017eenirske odli\u010dnosti, in se je uveljavil kot zaupanja vreden vodilni v hidravli\u010dni industriji, predan zagotavljanju zanesljivih, trpe\u017enih in inovativnih izdelkov, ki opolnomo\u010dajo podjetja po vsem svetu.<\/p>\n<p>Zdru\u017eujemo napredne proizvodne tradicije s progresivnim pogledom. Z dolgoletnimi izku\u0161njami na podro\u010dju hidravli\u010dnih sistemov se je FMP preoblikoval v sodobno podjetje, ki blesti na podro\u010dju raziskav, na\u010drtovanja in proizvodnje. Na\u0161a specializacija zajema \u0161irok spekter hidravli\u010dnih cilindrov, vklju\u010dno z dvostransko delujo\u010dimi cilindri, avtomobilskimi dvi\u017enimi cilindri, cilindri za kmetijsko mehanizacijo in re\u0161itvami po meri za razli\u010dne industrijske aplikacije. Ne glede na to, ali gre za gradbeni\u0161tvo, industrijske instalacije, kmetijstvo ali te\u017eko mehanizacijo, so na\u0161i hidravli\u010dni cilindri zasnovani za delovanje v najzahtevnej\u0161ih pogojih, kar zagotavlja varnost, u\u010dinkovitost in dolgo \u017eivljenjsko dobo.<\/p>\n<p><img loading=\"lazy\" decoding=\"async\" class=\"alignnone size-full wp-image-6720\" src=\"https:\/\/fmp-components.com\/wp-content\/uploads\/2025\/03\/hydraulic-cylinder-8.webp\" alt=\"Teleskopski hidravli\u010dni cilindri\" width=\"933\" height=\"526\" title=\"\" srcset=\"https:\/\/fmp-components.com\/wp-content\/uploads\/2025\/03\/hydraulic-cylinder-8.webp 933w, https:\/\/fmp-components.com\/wp-content\/uploads\/2025\/03\/hydraulic-cylinder-8-480x271.webp 480w\" sizes=\"(min-width: 0px) and (max-width: 480px) 480px, (min-width: 481px) 933px, 100vw\" \/><\/p>\n<p>V podjetju FMP smo ponosni na na\u0161e najsodobnej\u0161e proizvodne obrate, opremljene s preciznimi stroji in naprednimi sistemi za testiranje. Na\u0161i proizvodni procesi so skladni s strogimi nacionalnimi in mednarodnimi standardi, kar zagotavlja, da je vsak izdelan hidravli\u010dni valj najvi\u0161je kakovosti in zanesljivosti. Na\u0161a usposobljena tehni\u010dna ekipa nam skupaj z napredno opremo omogo\u010da strog nadzor kakovosti v vsaki fazi proizvodnje \u2013 od izbire surovin do kon\u010dnega pregleda. Ta zavezanost odli\u010dnosti nam je prinesla certifikate in priznanja s strani industrijskih organov, kar je \u0161e utrdilo na\u0161 ugled zanesljivega partnerja.<\/p>\n<p>Na\u0161e poslanstvo je preprosto, a ambiciozno: zagotoviti hidravli\u010dne cilindre, ki presegajo pri\u010dakovanja glede zmogljivosti, vzdr\u017eljivosti in vrednosti. Dr\u017eimo se na\u010del profesionalnosti, integritete in osredoto\u010denosti na stranke. Z gojenjem kulture inovacij in natan\u010dnosti nenehno izpopolnjujemo na\u0161e izdelke, da bi ostali konkuren\u010dni na trgu. Na\u0161a \u0161iroka paleta izdelkov in sposobnost ponujanja re\u0161itev po meri nas uvr\u0161\u010data med prednostne izbire za podjetja, ki potrebujejo visokozmogljive hidravli\u010dne cilindre.<\/p>\n<p>FMP ni le proizvajalec; smo partner pri va\u0161em uspehu. Zavedamo se, da so na\u0161e stranke odvisne od nas pri orodjih, ki pove\u010dujejo produktivnost in varnost. Zato smo zavezani k zagotavljanju ne le vrhunskih izdelkov, temve\u010d tudi izjemnih storitev. Od za\u010detnih posvetovanj do poprodajne podpore tesno sodelujemo z na\u0161imi strankami, da zagotovimo, da so njihove potrebe izpolnjene profesionalno in skrbno. Na\u0161e konkuren\u010dne cene v kombinaciji z na\u0161o neomajno zavezanostjo kakovosti naredijo FMP pametno izbiro za podjetja, ki i\u0161\u010dejo zaupanja vredne hidravli\u010dne re\u0161itve.<\/p>","protected":false},"excerpt":{"rendered":"<p>Factory provide 2 Stage Small Hydraulic Cylinder Multistage Hydraulic Cylinder Introducing our 2 Stage Small Hydraulic Cylinder Multistage Hydraulic Cylinder, a new product for 2025 brought to you by FMP. This innovative piece of machinery, designed with the highest quality steel body material, is suitable for various industries including Machinery Repair Shops, Farms, Energy &amp; [&hellip;]<\/p>","protected":false},"featured_media":6672,"comment_status":"closed","ping_status":"closed","template":"","meta":{"_et_pb_use_builder":"","_et_pb_old_content":"","_et_gb_content_width":""},"product_brand":[],"product_cat":[103],"product_tag":[34,105],"class_list":{"0":"post-6488","1":"product","2":"type-product","3":"status-publish","4":"has-post-thumbnail","6":"product_cat-telescopic-hydraulic-cylinders","7":"product_tag-hydraulic-cylinder","8":"product_tag-telescopic-hydraulic-cylinders","10":"first","11":"instock","12":"product-type-simple"},"_links":{"self":[{"href":"https:\/\/fmp-components.com\/sl\/wp-json\/wp\/v2\/product\/6488","targetHints":{"allow":["GET"]}}],"collection":[{"href":"https:\/\/fmp-components.com\/sl\/wp-json\/wp\/v2\/product"}],"about":[{"href":"https:\/\/fmp-components.com\/sl\/wp-json\/wp\/v2\/types\/product"}],"replies":[{"embeddable":true,"href":"https:\/\/fmp-components.com\/sl\/wp-json\/wp\/v2\/comments?post=6488"}],"wp:featuredmedia":[{"embeddable":true,"href":"https:\/\/fmp-components.com\/sl\/wp-json\/wp\/v2\/media\/6672"}],"wp:attachment":[{"href":"https:\/\/fmp-components.com\/sl\/wp-json\/wp\/v2\/media?parent=6488"}],"wp:term":[{"taxonomy":"product_brand","embeddable":true,"href":"https:\/\/fmp-components.com\/sl\/wp-json\/wp\/v2\/product_brand?post=6488"},{"taxonomy":"product_cat","embeddable":true,"href":"https:\/\/fmp-components.com\/sl\/wp-json\/wp\/v2\/product_cat?post=6488"},{"taxonomy":"product_tag","embeddable":true,"href":"https:\/\/fmp-components.com\/sl\/wp-json\/wp\/v2\/product_tag?post=6488"}],"curies":[{"name":"delovni list","href":"https:\/\/api.w.org\/{rel}","templated":true}]}}