{"id":6487,"date":"2025-03-11T06:25:30","date_gmt":"2025-03-11T06:25:30","guid":{"rendered":"https:\/\/fmp-components.com\/product\/new-arrival-telescopic-hydraulic-cylinder-hydraulic-cylinder-for-dump-trailer"},"modified":"2025-03-11T08:25:50","modified_gmt":"2025-03-11T08:25:50","slug":"new-arrival-telescopic-hydraulic-cylinder-hydraulic-cylinder-for-dump-trailer","status":"publish","type":"product","link":"https:\/\/fmp-components.com\/sl\/product\/new-arrival-telescopic-hydraulic-cylinder-hydraulic-cylinder-for-dump-trailer\/","title":{"rendered":"Nov teleskopski hidravli\u010dni cilinder hidravli\u010dni cilinder za prikolico s prekucnikom"},"content":{"rendered":"<h2>Nov teleskopski hidravli\u010dni cilinder hidravli\u010dni cilinder za prikolico s prekucnikom<\/h2>\n<p>Predstavljamo vam na\u0161o najnovej\u0161o inovacijo, teleskopski hidravli\u010dni cilinder. Ta izdelek je zasnovan za prekucne prikolice in zagotavlja robustno ter u\u010dinkovito re\u0161itev za va\u0161e potrebe. Z 1-letno garancijo bo ta novi hidravli\u010dni cilinder odli\u010dna dopolnitev va\u0161e mehanizacije.<\/p>\n<h4>Funkcije in lastnosti<\/h4>\n<p>Teleskopski hidravli\u010dni cilinder je standardni batni cilinder, ki ga poganja hidravli\u010dna tehnologija. Ohi\u0161je cilindra je izdelano iz trpe\u017enega jekla, kar zagotavlja dolgo \u017eivljenjsko dobo in odpornost proti obrabi. Ima najve\u010dji potisk 3000 in najve\u010dji vle\u010dni moment 20 ton. Ta hidravli\u010dni cilinder je tudi ve\u010dstopenjska naprava, zaradi \u010desar je vsestranski za razli\u010dne aplikacije.<\/p>\n<h2>Podrobnosti o izdelku<\/h2>\n<table style=\"width: 99.5341%;\" border=\"\">\n<tbody>\n<tr>\n<td style=\"width: 42.9379%;\"><i>Velikost izvrtine<\/i><\/td>\n<td style=\"width: 471.751%;\">2\u20136 palcev<\/td>\n<\/tr>\n<tr>\n<td style=\"width: 42.9379%;\"><i>Velikost palice<\/i><\/td>\n<td style=\"width: 471.751%;\">1,125-4 palca<\/td>\n<\/tr>\n<tr>\n<td style=\"width: 42.9379%;\"><i>Velikost poteze<\/i><\/td>\n<td style=\"width: 471.751%;\">4\u2013100 palcev<\/td>\n<\/tr>\n<tr>\n<td style=\"width: 42.9379%;\"><i>Velikost zati\u010da<\/i><\/td>\n<td style=\"width: 471.751%;\">0,5\u20132 palca<\/td>\n<\/tr>\n<tr>\n<td style=\"width: 42.9379%;\"><i>Pristani\u0161\u010da<\/i><\/td>\n<td style=\"width: 471.751%;\">G\/SAE\/NPT\/M<\/td>\n<\/tr>\n<\/tbody>\n<\/table>\n<h3>Edinstvene prednosti<\/h3>\n<p>Teleskopski hidravli\u010dni cilinder se pona\u0161a z vrsto edinstvenih prednosti. Je energetsko u\u010dinkovit, visoko zmogljiv in zanesljiv. Ta izdelek ima certifikat ISO9001:2000, kar zagotavlja njegovo kakovost in varnost za uporabnike. Na voljo je v elegantni \u010drni barvi, ki se brezhibno prilega va\u0161im strojem.<\/p>\n<h2>Hidravli\u010dni sistem in princip delovanja<\/h2>\n<p>Na\u0161 hidravli\u010dni valj deluje na osnovnem na\u010delu uporabe hidravli\u010dne teko\u010dine pod tlakom za ustvarjanje linearnega gibanja. Ko je hidravli\u010dna teko\u010dina pod tlakom in usmerjena v valj, ustvari silo, ki premika bat v njem. Ta mehanizem omogo\u010da hidravli\u010dnemu cilindru, da z izjemno u\u010dinkovitostjo in natan\u010dnostjo pretvori hidravli\u010dno energijo v mehansko gibanje. Tehnologija, na kateri temeljijo na\u0161i hidravli\u010dni cilindri, omogo\u010da nemoteno delovanje in natan\u010den nadzor nad te\u017ekimi stroji in opremo. Ta natan\u010dnost je bistvena za naloge, ki zahtevajo natan\u010dne gibe, saj zagotavlja, da lahko upravljavci varno in u\u010dinkovito izvajajo kompleksne operacije.<\/p>\n<p><img loading=\"lazy\" decoding=\"async\" class=\"alignnone  wp-image-6662\" src=\"https:\/\/fmp-components.com\/wp-content\/uploads\/2025\/03\/telescopic-hydraulic-cylinder-4.webp\" alt=\"teleskopski hidravli\u010dni cilinder\" width=\"915\" height=\"915\" title=\"\" srcset=\"https:\/\/fmp-components.com\/wp-content\/uploads\/2025\/03\/telescopic-hydraulic-cylinder-4.webp 915w, https:\/\/fmp-components.com\/wp-content\/uploads\/2025\/03\/telescopic-hydraulic-cylinder-4-480x480.webp 480w\" sizes=\"(min-width: 0px) and (max-width: 480px) 480px, (min-width: 481px) 915px, 100vw\" \/><\/p>\n<h2>Uporaba<\/h2>\n<p>Ta hidravli\u010dni cilinder je idealen za \u0161iroko paleto aplikacij v razli\u010dnih panogah. V delavnicah za popravilo strojev je neprecenljiv za dvigovanje in manipulacijo te\u017ekih komponent, kar tehnikom omogo\u010da u\u010dinkovito in varno delo. V kmetijstvu hidravli\u010dni cilinder izbolj\u0161a funkcionalnost opreme, kot so prekucniki, traktorji in druga te\u017eka mehanizacija, kar omogo\u010da u\u010dinkovito ravnanje z materiali in njihov prevoz. Tudi energetska in rudarska industrija imata veliko koristi od njegove robustne konstrukcije in visoke zmogljivosti, saj lahko prenese te\u017eke pogoje, ki so pogosto prisotni v teh okoljih. Poleg tega se v proizvodnji strojev na\u0161 hidravli\u010dni cilinder izka\u017ee za bistvenega pomena v monta\u017enih linijah in proizvodnih procesih, kjer sta zanesljivost in vzdr\u017eljivost najpomembnej\u0161i. Zaradi svoje vsestranskosti in mo\u010di je idealna izbira za strokovnjake, ki i\u0161\u010dejo zanesljive hidravli\u010dne re\u0161itve v razli\u010dnih sektorjih.<\/p>\n<h3>O FMP-ju<\/h3>\n<p>FMP je vodilni italijanski proizvajalec, znan po svojem strokovnem znanju pri na\u010drtovanju, razvoju in proizvodnji visokokakovostnih hidravli\u010dnih cilindrov. Z bogato desetletno zapu\u0161\u010dino brezhibno zdru\u017eujemo italijansko obrt z najsodobnej\u0161o tehnologijo, da bi zagotovili izjemne hidravli\u010dne re\u0161itve, prilagojene raznolikim potrebam na\u0161ih strank po vsem svetu. FMP se nahaja v Italiji, sredi\u0161\u010du in\u017eenirske odli\u010dnosti, in se je uveljavil kot zaupanja vreden vodilni v hidravli\u010dni industriji, predan zagotavljanju zanesljivih, trpe\u017enih in inovativnih izdelkov, ki opolnomo\u010dajo podjetja po vsem svetu.<\/p>\n<p>Zdru\u017eujemo napredne proizvodne tradicije s progresivnim pogledom. Z dolgoletnimi izku\u0161njami na podro\u010dju hidravli\u010dnih sistemov se je FMP preoblikoval v sodobno podjetje, ki blesti na podro\u010dju raziskav, na\u010drtovanja in proizvodnje. Na\u0161a specializacija zajema \u0161irok spekter hidravli\u010dnih cilindrov, vklju\u010dno z dvostransko delujo\u010dimi cilindri, avtomobilskimi dvi\u017enimi cilindri, cilindri za kmetijsko mehanizacijo in re\u0161itvami po meri za razli\u010dne industrijske aplikacije. Ne glede na to, ali gre za gradbeni\u0161tvo, industrijske instalacije, kmetijstvo ali te\u017eko mehanizacijo, so na\u0161i hidravli\u010dni cilindri zasnovani za delovanje v najzahtevnej\u0161ih pogojih, kar zagotavlja varnost, u\u010dinkovitost in dolgo \u017eivljenjsko dobo.<\/p>\n<p><img loading=\"lazy\" decoding=\"async\" class=\"alignnone size-full wp-image-6720\" src=\"https:\/\/fmp-components.com\/wp-content\/uploads\/2025\/03\/hydraulic-cylinder-8.webp\" alt=\"Teleskopski hidravli\u010dni cilindri\" width=\"933\" height=\"526\" title=\"\" srcset=\"https:\/\/fmp-components.com\/wp-content\/uploads\/2025\/03\/hydraulic-cylinder-8.webp 933w, https:\/\/fmp-components.com\/wp-content\/uploads\/2025\/03\/hydraulic-cylinder-8-480x271.webp 480w\" sizes=\"(min-width: 0px) and (max-width: 480px) 480px, (min-width: 481px) 933px, 100vw\" \/><\/p>\n<p>V podjetju FMP smo ponosni na na\u0161e najsodobnej\u0161e proizvodne obrate, opremljene s preciznimi stroji in naprednimi sistemi za testiranje. Na\u0161i proizvodni procesi so skladni s strogimi nacionalnimi in mednarodnimi standardi, kar zagotavlja, da je vsak izdelan hidravli\u010dni valj najvi\u0161je kakovosti in zanesljivosti. Na\u0161a usposobljena tehni\u010dna ekipa nam skupaj z napredno opremo omogo\u010da strog nadzor kakovosti v vsaki fazi proizvodnje \u2013 od izbire surovin do kon\u010dnega pregleda. Ta zavezanost odli\u010dnosti nam je prinesla certifikate in priznanja s strani industrijskih organov, kar je \u0161e utrdilo na\u0161 ugled zanesljivega partnerja.<\/p>\n<p>Na\u0161e poslanstvo je preprosto, a ambiciozno: zagotoviti hidravli\u010dne cilindre, ki presegajo pri\u010dakovanja glede zmogljivosti, vzdr\u017eljivosti in vrednosti. Dr\u017eimo se na\u010del profesionalnosti, integritete in osredoto\u010denosti na stranke. Z gojenjem kulture inovacij in natan\u010dnosti nenehno izpopolnjujemo na\u0161e izdelke, da bi ostali konkuren\u010dni na trgu. Na\u0161a \u0161iroka paleta izdelkov in sposobnost ponujanja re\u0161itev po meri nas uvr\u0161\u010data med prednostne izbire za podjetja, ki potrebujejo visokozmogljive hidravli\u010dne cilindre.<\/p>\n<p>FMP ni le proizvajalec; smo partner pri va\u0161em uspehu. Zavedamo se, da so na\u0161e stranke odvisne od nas pri orodjih, ki pove\u010dujejo produktivnost in varnost. Zato smo zavezani k zagotavljanju ne le vrhunskih izdelkov, temve\u010d tudi izjemnih storitev. Od za\u010detnih posvetovanj do poprodajne podpore tesno sodelujemo z na\u0161imi strankami, da zagotovimo, da so njihove potrebe izpolnjene profesionalno in skrbno. Na\u0161e konkuren\u010dne cene v kombinaciji z na\u0161o neomajno zavezanostjo kakovosti naredijo FMP pametno izbiro za podjetja, ki i\u0161\u010dejo zaupanja vredne hidravli\u010dne re\u0161itve.<\/p>\n<h2>Pogosto zastavljena vpra\u0161anja<\/h2>\n<p>V: Ali ste trgovsko podjetje ali proizvajalec?<br \/>\nO: Smo proizvajalec.<br \/>\nV: Koliko \u010dasa traja va\u0161a dobavni rok?<br \/>\nA: Na splo\u0161no je to 25-35 dni.<br \/>\nV: Ali ponujate vzorce? Je to brezpla\u010dno ali dodatno?<br \/>\nO: Da, lahko ponudimo vzorec, vendar ni brezpla\u010den.<\/p>\n<p><img loading=\"lazy\" decoding=\"async\" class=\"alignnone  wp-image-6717\" src=\"https:\/\/fmp-components.com\/wp-content\/uploads\/2025\/03\/hydraulic-cylinder-211.webp\" alt=\"Hidravli\u010dni cilindri\" width=\"914\" height=\"916\" title=\"\" srcset=\"https:\/\/fmp-components.com\/wp-content\/uploads\/2025\/03\/hydraulic-cylinder-211.webp 914w, https:\/\/fmp-components.com\/wp-content\/uploads\/2025\/03\/hydraulic-cylinder-211-480x481.webp 480w\" sizes=\"(min-width: 0px) and (max-width: 480px) 480px, (min-width: 481px) 914px, 100vw\" \/><\/p>","protected":false},"excerpt":{"rendered":"<p>New Arrival Telescopic Hydraulic Cylinder Hydraulic Cylinder For Dump Trailer Introducing our latest arrival, the Telescopic Hydraulic Cylinder. This product is designed for dump trailers, providing a robust and efficient solution to meet your needs. With a 1-year warranty, this new hydraulic cylinder will serve as a great addition to your machinery. Functions and Features [&hellip;]<\/p>","protected":false},"featured_media":6674,"comment_status":"closed","ping_status":"closed","template":"","meta":{"_et_pb_use_builder":"","_et_pb_old_content":"","_et_gb_content_width":""},"product_brand":[],"product_cat":[103],"product_tag":[34,105],"class_list":{"0":"post-6487","1":"product","2":"type-product","3":"status-publish","4":"has-post-thumbnail","6":"product_cat-telescopic-hydraulic-cylinders","7":"product_tag-hydraulic-cylinder","8":"product_tag-telescopic-hydraulic-cylinders","10":"first","11":"instock","12":"product-type-simple"},"_links":{"self":[{"href":"https:\/\/fmp-components.com\/sl\/wp-json\/wp\/v2\/product\/6487","targetHints":{"allow":["GET"]}}],"collection":[{"href":"https:\/\/fmp-components.com\/sl\/wp-json\/wp\/v2\/product"}],"about":[{"href":"https:\/\/fmp-components.com\/sl\/wp-json\/wp\/v2\/types\/product"}],"replies":[{"embeddable":true,"href":"https:\/\/fmp-components.com\/sl\/wp-json\/wp\/v2\/comments?post=6487"}],"wp:featuredmedia":[{"embeddable":true,"href":"https:\/\/fmp-components.com\/sl\/wp-json\/wp\/v2\/media\/6674"}],"wp:attachment":[{"href":"https:\/\/fmp-components.com\/sl\/wp-json\/wp\/v2\/media?parent=6487"}],"wp:term":[{"taxonomy":"product_brand","embeddable":true,"href":"https:\/\/fmp-components.com\/sl\/wp-json\/wp\/v2\/product_brand?post=6487"},{"taxonomy":"product_cat","embeddable":true,"href":"https:\/\/fmp-components.com\/sl\/wp-json\/wp\/v2\/product_cat?post=6487"},{"taxonomy":"product_tag","embeddable":true,"href":"https:\/\/fmp-components.com\/sl\/wp-json\/wp\/v2\/product_tag?post=6487"}],"curies":[{"name":"delovni list","href":"https:\/\/api.w.org\/{rel}","templated":true}]}}