{"id":6420,"date":"2025-03-10T06:32:17","date_gmt":"2025-03-10T06:32:17","guid":{"rendered":"https:\/\/fmp-components.com\/?post_type=product&#038;p=6420"},"modified":"2025-03-10T06:34:35","modified_gmt":"2025-03-10T06:34:35","slug":"jaw-couplings","status":"publish","type":"product","link":"https:\/\/fmp-components.com\/sl\/product\/jaw-couplings\/","title":{"rendered":"\u010celjustne sklopke"},"content":{"rendered":"<p>\u010celjustne sklopke predstavljajo vsestransko mehansko komponento, ki se pogosto uporablja za prenos mo\u010di. Ta fleksibilen sklopni mehanizem deluje tako, da med seboj pove\u017ee dve vrte\u010di se gredi za prenos rotacijske sile, hkrati pa absorbira vibracijsko energijo in kompenzira aksialne\/kotne premike. Tak\u0161ne obratovalne lastnosti pomagajo za\u0161\u010dititi priklju\u010dene stroje pred prekomernimi obremenitvami in prezgodnjo obrabo.<\/p>\n<p>Sestava je sestavljena iz treh glavnih komponent:<\/p>\n<ol start=\"1\">\n<li>Dvojna kovinska pesta z radialnimi izboklinami (\u010deljustni elementi)<\/li>\n<li>Pro\u017een elastomerni vlo\u017eek (obi\u010dajno imenovan pajkov element)<br \/>\nTe komponente so natan\u010dno sestavljene v izmeni\u010dnem vzorcu sprijemanja, kjer se \u010deljusti pesta prepletajo z upogljivimi re\u017eami pajka. Prenos navora se zgodi z elasti\u010dno deformacijo stisnjenega polimernega vlo\u017eka, ki zagotavlja tako torzijsko pro\u017enost kot tudi lastnosti du\u0161enja. Viskoelasti\u010dne lastnosti materiala pajka omogo\u010dajo u\u010dinkovito du\u0161enje vibracij, hkrati pa ohranjajo neprekinjen prenos mo\u010di med povezanimi gredmi.<\/li>\n<\/ol>\n<h2>Dimenzije \u010deljustne sklopke<\/h2>\n<p><img loading=\"lazy\" decoding=\"async\" class=\"size-full wp-image-6423 aligncenter\" src=\"https:\/\/fmp-components.com\/wp-content\/uploads\/2025\/03\/Jaw-Coupling-specification-2.webp\" alt=\"Specifikacija \u010deljustnih sklopk\" width=\"828\" height=\"620\" title=\"\" srcset=\"https:\/\/fmp-components.com\/wp-content\/uploads\/2025\/03\/Jaw-Coupling-specification-2.webp 828w, https:\/\/fmp-components.com\/wp-content\/uploads\/2025\/03\/Jaw-Coupling-specification-2-480x359.webp 480w\" sizes=\"(min-width: 0px) and (max-width: 480px) 480px, (min-width: 481px) 828px, 100vw\" \/> <img loading=\"lazy\" decoding=\"async\" class=\"wp-image-6424 aligncenter\" src=\"https:\/\/fmp-components.com\/wp-content\/uploads\/2025\/03\/Jaw-Coupling-specification-1.webp\" alt=\"Specifikacija \u010deljustnih sklopk\" width=\"804\" height=\"658\" title=\"\" srcset=\"https:\/\/fmp-components.com\/wp-content\/uploads\/2025\/03\/Jaw-Coupling-specification-1.webp 804w, https:\/\/fmp-components.com\/wp-content\/uploads\/2025\/03\/Jaw-Coupling-specification-1-480x393.webp 480w\" sizes=\"(min-width: 0px) and (max-width: 480px) 480px, (min-width: 481px) 804px, 100vw\" \/><\/p>\n<h2>Zna\u010dilnosti fleksibilnih sklopk \u010deljustnega tipa<\/h2>\n<p>Elastomerne komponente v \u010deljustnih sklopkah so obi\u010dajno izdelane iz visokozmogljive plastike ali gume. Ti vlo\u017eki dolo\u010dajo obratovalno \u017eivljenjsko dobo sklopke, ki v standardnih pogojih obi\u010dajno zna\u0161a do 10 let. Zaradi svoje zasnove elastomeri prena\u0161ajo predvsem tla\u010dne sile in ne natezne obremenitve. Te sklopke, znane po svojih lastnostih du\u0161enja vibracij in absorpcije udarcev, so idealne za okolja z visokimi vibracijami. Za razliko od togih sklopk je njihovo obratovalno temperaturno obmo\u010dje (od -35 \u00b0C do +80 \u00b0C) odvisno od toplotnih omejitev elastomera.<\/p>\n<p><strong>Klju\u010dne prednosti<\/strong>:<\/p>\n<ol start=\"1\">\n<li><strong>Kompaktna zasnova<\/strong>Konstrukcija brez zra\u010dnosti z elastomernimi mo\u017enostmi v treh stopnjah trdote.<\/li>\n<li><strong>Dinami\u010dna zmogljivost<\/strong>U\u010dinkovito du\u0161i vibracije in kompenzira radialno\/kotno neporavnanost.<\/li>\n<li><strong>Enostavnost uporabe<\/strong>Poenostavljena struktura za enostavno namestitev, pregled in vzdr\u017eevanje.<\/li>\n<li><strong>Vzdr\u017eljivost<\/strong>Delovanje brez vzdr\u017eevanja z odpornostjo na olje in elektri\u010dno izolacijo; optimalno delovanje med 20 \u00b0C in 60 \u00b0C.<\/li>\n<li><strong>Razli\u010dice elastomerov<\/strong>Ima ve\u010dkrpal\u010dne konfiguracije (4, 6, 8 ali 10 cvetnih listov) za prilagojeno prilagodljivost.<\/li>\n<li><strong>Mo\u017enosti monta\u017ee<\/strong>Podpira razli\u010dne na\u010dine namestitve, vklju\u010dno z vijaki za pritrditev, vpenjalnimi mehanizmi in pritrditvijo z utorom za klju\u010d.<\/li>\n<\/ol>\n<p><img loading=\"lazy\" decoding=\"async\" class=\"size-full wp-image-6425 aligncenter\" src=\"https:\/\/fmp-components.com\/wp-content\/uploads\/2025\/03\/jaw-coupling-1.webp\" alt=\"\u010celjustne sklopke\" width=\"600\" height=\"600\" title=\"\" srcset=\"https:\/\/fmp-components.com\/wp-content\/uploads\/2025\/03\/jaw-coupling-1.webp 600w, https:\/\/fmp-components.com\/wp-content\/uploads\/2025\/03\/jaw-coupling-1-480x480.webp 480w\" sizes=\"(min-width: 0px) and (max-width: 480px) 480px, (min-width: 481px) 600px, 100vw\" \/><\/p>","protected":false},"excerpt":{"rendered":"<p>\u010celjustne sklopke predstavljajo vsestransko mehansko komponento, ki se pogosto uporablja za prenos mo\u010di. Ta fleksibilen sklopni mehanizem deluje tako, da med seboj pove\u017ee dve vrte\u010di se gredi za prenos rotacijske sile, hkrati pa absorbira vibracijsko energijo in kompenzira aksialne\/kotne premike. Tak\u0161ne obratovalne zna\u010dilnosti pomagajo za\u0161\u010dititi povezane stroje pred prekomernimi obremenitvami in prezgodnjo obrabo. Sklop je sestavljen iz treh primarnih [\u2026]<\/p>","protected":false},"featured_media":6422,"comment_status":"open","ping_status":"closed","template":"","meta":{"_et_pb_use_builder":"","_et_pb_old_content":"","_et_gb_content_width":""},"product_brand":[],"product_cat":[101],"product_tag":[],"class_list":{"0":"post-6420","1":"product","2":"type-product","3":"status-publish","4":"has-post-thumbnail","6":"product_cat-coupling","8":"first","9":"instock","10":"shipping-taxable","11":"product-type-simple"},"_links":{"self":[{"href":"https:\/\/fmp-components.com\/sl\/wp-json\/wp\/v2\/product\/6420","targetHints":{"allow":["GET"]}}],"collection":[{"href":"https:\/\/fmp-components.com\/sl\/wp-json\/wp\/v2\/product"}],"about":[{"href":"https:\/\/fmp-components.com\/sl\/wp-json\/wp\/v2\/types\/product"}],"replies":[{"embeddable":true,"href":"https:\/\/fmp-components.com\/sl\/wp-json\/wp\/v2\/comments?post=6420"}],"wp:featuredmedia":[{"embeddable":true,"href":"https:\/\/fmp-components.com\/sl\/wp-json\/wp\/v2\/media\/6422"}],"wp:attachment":[{"href":"https:\/\/fmp-components.com\/sl\/wp-json\/wp\/v2\/media?parent=6420"}],"wp:term":[{"taxonomy":"product_brand","embeddable":true,"href":"https:\/\/fmp-components.com\/sl\/wp-json\/wp\/v2\/product_brand?post=6420"},{"taxonomy":"product_cat","embeddable":true,"href":"https:\/\/fmp-components.com\/sl\/wp-json\/wp\/v2\/product_cat?post=6420"},{"taxonomy":"product_tag","embeddable":true,"href":"https:\/\/fmp-components.com\/sl\/wp-json\/wp\/v2\/product_tag?post=6420"}],"curies":[{"name":"delovni list","href":"https:\/\/api.w.org\/{rel}","templated":true}]}}