{"id":6409,"date":"2025-03-10T05:58:14","date_gmt":"2025-03-10T05:58:14","guid":{"rendered":"https:\/\/fmp-components.com\/?post_type=product&#038;p=6409"},"modified":"2025-03-10T05:58:16","modified_gmt":"2025-03-10T05:58:16","slug":"rigid-couplings","status":"publish","type":"product","link":"https:\/\/fmp-components.com\/sl\/product\/rigid-couplings\/","title":{"rendered":"Toge sklopke"},"content":{"rendered":"<h2>Specifikacije togih sklopk<\/h2>\n<p><img loading=\"lazy\" decoding=\"async\" class=\"alignnone size-full wp-image-6411\" src=\"https:\/\/fmp-components.com\/wp-content\/uploads\/2025\/03\/rigid-coupling-1.webp\" alt=\"toga sklopka\" width=\"879\" height=\"698\" title=\"\" srcset=\"https:\/\/fmp-components.com\/wp-content\/uploads\/2025\/03\/rigid-coupling-1.webp 879w, https:\/\/fmp-components.com\/wp-content\/uploads\/2025\/03\/rigid-coupling-1-480x381.webp 480w\" sizes=\"(min-width: 0px) and (max-width: 480px) 480px, (min-width: 481px) 879px, 100vw\" \/><\/p>\n<h2>Zna\u010dilnosti togih sklopk<\/h2>\n<ul>\n<li>Lahka, izjemno nizka vztrajnost in visoka ob\u010dutljivost<\/li>\n<li>Brez vzdr\u017eevanja, super odporen na olje in korozijo<\/li>\n<li>Materiali iz aluminijevih zlitin in nerjave\u010dega jekla<\/li>\n<li>Navedite vrsto pritrdilnega vijaka, vrsto sponke in vrsto lo\u010ditve<\/li>\n<li>Na zalogi so na voljo tudi modeli z razli\u010dnimi velikostmi lukenj na obeh koncih<\/li>\n<\/ul>\n<h2>Prednosti in slabosti togih sklopk<\/h2>\n<p><strong>Prednosti togih sklopk<\/strong><br \/>\nToge sklopke se pogosto uporabljajo v aplikacijah z nizko hitrostjo in brez udarcev, kjer gredi ka\u017eejo visoko togost in natan\u010dno poravnavo zaradi svoje preproste zasnove, stro\u0161kovne u\u010dinkovitosti in sposobnosti prenosa velikega navora. Pogost primer je\u00a0<strong>prirobni\u010dna sklopka<\/strong>, ki je sestavljen iz dveh prirobni\u010dnih diskov, povezanih z vijaki. Vsak disk je pritrjen na gred preko klju\u010danega spoja, kar omogo\u010da prenos navora in gibanja med obema gredema.<\/p>\n<p>Klju\u010dne prednosti prirobni\u010dnih spojk vklju\u010dujejo:<\/p>\n<ol start=\"1\">\n<li><strong>Preprostost in cenovna dostopnost<\/strong>Enostavna izdelava, namestitev in vzdr\u017eevanje, z nizkimi proizvodnimi stro\u0161ki.<\/li>\n<li><strong>Visoka navorna zmogljivost<\/strong>Zmo\u017een zanesljivega prenosa znatnega navora.<\/li>\n<li><strong>Natan\u010dna poravnava<\/strong>Zagotavlja natan\u010dno poravnavo gredi, zaradi \u010desar so idealni za visokohitrostne aplikacije ali sisteme, ki zahtevajo strogo natan\u010dnost prenosa.<\/li>\n<li><strong>Vzdr\u017eljivost<\/strong>Robustna konstrukcija zmanj\u0161uje obrabo pri stabilnih obremenitvah.<\/li>\n<\/ol>\n<p>Vendar pa toge sklopke nimajo radialne, aksialne ali kotne kompenzacije. \u010ce je poravnava gredi med delovanjem nepopolna, lahko to povzro\u010di zmanj\u0161ano u\u010dinkovitost, pospe\u0161eno obrabo, pove\u010dane vibracije in hrup. Za obravnavo zahtev glede navora se lahko pri prirobni\u010dnih sklopkah za vse ali polovico priklju\u010dkov uporabljajo vijaki z razvrtanimi luknjami, preostali vijaki pa so standardni.<\/p>\n<p><strong>Slabosti togih sklopk<\/strong><br \/>\nGlavna pomanjkljivost togih sklopk, kot so prirobni\u010dne sklopke, je njihova\u00a0<strong>stroga zahteva za natan\u010dno poravnavo gredi<\/strong>Vsak relativni premik med gredmi povzro\u010da dodatno obremenitev povezanih komponent, kar poslab\u0161a obratovalne pogoje. Zaradi te omejitve niso primerni za sisteme s potencialno neusklajenostjo, dinami\u010dnimi obremenitvami ali potrebami po bla\u017eenju udarcev.<\/p>\n<p>Skratka, \u010deprav toge sklopke odlikujejo preprostost in prenos navora za dobro poravnane gredi, njihova nezmo\u017enost kompenzacije neporavnanosti omejuje njihovo uporabo v bolj dinami\u010dnih ali fleksibilnih sistemih.<\/p>\n<p>&nbsp;<\/p>","protected":false},"excerpt":{"rendered":"<p>Specifications of Rigid Couplings Rigid Couplings Features Lightweight, ultra-low inertia, and high sensitivity Maintenance-free, super oil and corrosion resistance Aluminum alloy and stainless steel materials Provide fastening bolt type, clip type and separation type Models with different hole sizes at both ends are also available in stock Advantages and Disadvantages of Rigid Couplings Advantages of [&hellip;]<\/p>","protected":false},"featured_media":6410,"comment_status":"open","ping_status":"closed","template":"","meta":{"_et_pb_use_builder":"","_et_pb_old_content":"","_et_gb_content_width":""},"product_brand":[],"product_cat":[101],"product_tag":[],"class_list":{"0":"post-6409","1":"product","2":"type-product","3":"status-publish","4":"has-post-thumbnail","6":"product_cat-coupling","8":"first","9":"instock","10":"shipping-taxable","11":"product-type-simple"},"_links":{"self":[{"href":"https:\/\/fmp-components.com\/sl\/wp-json\/wp\/v2\/product\/6409","targetHints":{"allow":["GET"]}}],"collection":[{"href":"https:\/\/fmp-components.com\/sl\/wp-json\/wp\/v2\/product"}],"about":[{"href":"https:\/\/fmp-components.com\/sl\/wp-json\/wp\/v2\/types\/product"}],"replies":[{"embeddable":true,"href":"https:\/\/fmp-components.com\/sl\/wp-json\/wp\/v2\/comments?post=6409"}],"wp:featuredmedia":[{"embeddable":true,"href":"https:\/\/fmp-components.com\/sl\/wp-json\/wp\/v2\/media\/6410"}],"wp:attachment":[{"href":"https:\/\/fmp-components.com\/sl\/wp-json\/wp\/v2\/media?parent=6409"}],"wp:term":[{"taxonomy":"product_brand","embeddable":true,"href":"https:\/\/fmp-components.com\/sl\/wp-json\/wp\/v2\/product_brand?post=6409"},{"taxonomy":"product_cat","embeddable":true,"href":"https:\/\/fmp-components.com\/sl\/wp-json\/wp\/v2\/product_cat?post=6409"},{"taxonomy":"product_tag","embeddable":true,"href":"https:\/\/fmp-components.com\/sl\/wp-json\/wp\/v2\/product_tag?post=6409"}],"curies":[{"name":"delovni list","href":"https:\/\/api.w.org\/{rel}","templated":true}]}}