{"id":6402,"date":"2025-03-10T05:41:33","date_gmt":"2025-03-10T05:41:33","guid":{"rendered":"https:\/\/fmp-components.com\/?post_type=product&#038;p=6402"},"modified":"2025-03-10T05:41:33","modified_gmt":"2025-03-10T05:41:33","slug":"mh-couplings","status":"publish","type":"product","link":"https:\/\/fmp-components.com\/sl\/product\/mh-couplings\/","title":{"rendered":"MH sklopke"},"content":{"rendered":"<p>Serija MH je fleksibilna sklopka, izdelana iz sinteti\u010dne gume z dvema podobnima telesoma iz litega \u017eeleza. Visokokakovostne lito\u017eelezne prirobnice se uporabljajo predvsem za prenos mo\u010di in \u0161\u010ditijo fleksibilno gumo. Njena elasti\u010dna guma zagotavlja odli\u010dno vzdr\u017eljivost in kakovostno delovanje sklopke. Sklopka MH je sestavljena iz dveh prirobnic in elasti\u010dnih obro\u010dev, ki lahko kompenzirajo razli\u010dne vrste neusklajenosti gredi. Elasti\u010dni obro\u010d je izdelan iz sinteti\u010dne gume in je oja\u010dan z jeklenim jedrom v notranjosti za pove\u010danje zanesljivosti sklopke in najve\u010dje delovne hitrosti. Du\u0161ilne lastnosti gume omogo\u010dajo absorpcijo in du\u0161enje torzijskih vibracij ter u\u010dinkovito delujejo v temperaturnem obmo\u010dju od -40 do +100 \u00b0C. Poleg tega je guma odporna na olje, umazanijo, ma\u0161\u010dobo, vlago, ozon in \u0161tevilna kemi\u010dna topila.<\/p>\n<h2>Konstrukcija MH sklopk<\/h2>\n<p><img loading=\"lazy\" decoding=\"async\" class=\"size-full wp-image-6405 aligncenter\" src=\"https:\/\/fmp-components.com\/wp-content\/uploads\/2025\/03\/mh-couplings-1.webp\" alt=\"MH sklopitev\" width=\"600\" height=\"400\" title=\"\" srcset=\"https:\/\/fmp-components.com\/wp-content\/uploads\/2025\/03\/mh-couplings-1.webp 600w, https:\/\/fmp-components.com\/wp-content\/uploads\/2025\/03\/mh-couplings-1-480x320.webp 480w\" sizes=\"(min-width: 0px) and (max-width: 480px) 480px, (min-width: 481px) 600px, 100vw\" \/> \u00a0<img loading=\"lazy\" decoding=\"async\" class=\"size-full wp-image-6407 aligncenter\" src=\"https:\/\/fmp-components.com\/wp-content\/uploads\/2025\/03\/k3gaks3a-mh-coupling-2.webp\" alt=\"MH sklopitev\" width=\"686\" height=\"429\" title=\"\" srcset=\"https:\/\/fmp-components.com\/wp-content\/uploads\/2025\/03\/k3gaks3a-mh-coupling-2.webp 686w, https:\/\/fmp-components.com\/wp-content\/uploads\/2025\/03\/k3gaks3a-mh-coupling-2-480x300.webp 480w\" sizes=\"(min-width: 0px) and (max-width: 480px) 480px, (min-width: 481px) 686px, 100vw\" \/><\/p>\n<h2>Specifikacije sklopke MH<\/h2>\n<p><img loading=\"lazy\" decoding=\"async\" class=\"alignnone size-full wp-image-6395\" src=\"https:\/\/fmp-components.com\/wp-content\/uploads\/2025\/03\/mh-coupling-1.webp\" alt=\"MH sklopitev\" width=\"867\" height=\"567\" title=\"\" srcset=\"https:\/\/fmp-components.com\/wp-content\/uploads\/2025\/03\/mh-coupling-1.webp 867w, https:\/\/fmp-components.com\/wp-content\/uploads\/2025\/03\/mh-coupling-1-480x314.webp 480w\" sizes=\"(min-width: 0px) and (max-width: 480px) 480px, (min-width: 481px) 867px, 100vw\" \/><\/p>\n<h3>Uporaba MH sklopk<\/h3>\n<p>Sklopke MH se lahko, odvisno od njihove specifi\u010dne zasnove in industrijskega konteksta, nana\u0161ajo na razli\u010dne vrste sklopk, od katerih ima vsaka svojo uporabo. Spodaj je strukturiran pregled mo\u017enih uporab, ki temelji na obi\u010dajnih interpretacijah:<\/p>\n<h4>Splo\u0161ni industrijski stroji<\/h4>\n<ul>\n<li>\u010crpalke in kompresorji: Priklju\u010dite motorje na gredi, s \u010dimer odpravite neusklajenost in zmanj\u0161ate prenos vibracij.<\/li>\n<li>Transportni sistemi: Pove\u017eite pogonske motorje s transporterji, kar omogo\u010da premike poravnave zaradi obratovalne obrabe.<\/li>\n<li>Ventilatorji in puhala: Du\u0161ijo vibracije in obvladujejo toplotno raztezanje v sistemih HVAC.<\/li>\n<\/ul>\n<h4>Natan\u010den nadzor gibanja<\/h4>\n<ul>\n<li>Robotika: Visoko precizni mehovi ali vija\u010dne sklopke (npr. serija R+W MH) zagotavljajo ni\u010delno zra\u010dnost v servo gnanih spojih.<\/li>\n<li>CNC stroji: Prena\u0161ajo natan\u010dno gibanje iz motorjev na vretena ali vodilne vijake.<\/li>\n<li>Proizvodnja polprevodnikov: Uporablja se v opremi za \u010diste prostore za natan\u010dno pozicioniranje.<\/li>\n<\/ul>\n<h4>Hidravli\u010dni in fluidni sistemi<\/h4>\n<ul>\n<li>Hitroodklopne spojke: Omogo\u010dajo hitre in neprepustne povezave v hidravli\u010dnih strojih (gradbeni\u0161tvo, kmetijstvo).<\/li>\n<li>Kemi\u010dni obrati: Kovinske cevne spojke so primerne za korozivne teko\u010dine in visoke temperature.<\/li>\n<\/ul>\n<h4>Visokotemperaturna\/korozivna okolja<\/h4>\n<ul>\n<li>Izpu\u0161ni sistemi: Avtomobilska\/ladijska uporaba z uporabo toplotno odpornih kovinskih cevnih spojk.<\/li>\n<li>Nafta in plin: Fleksibilne spojke v cevovodih za obvladovanje toplotnega raztezanja in vibracij.<\/li>\n<\/ul>\n<h4>Pomorski in priobalni<\/h4>\n<ul>\n<li>Pogonski sistemi: Prilagodite neusklajenost gredi zaradi upogibanja trupa.<\/li>\n<li>Krovni stroji: Priklju\u010dite pogone v vitlih\/\u017eerjavih, ki so izpostavljeni dinami\u010dnim obremenitvam.<\/li>\n<\/ul>\n<h4>Obnovljiva energija<\/h4>\n<ul>\n<li><strong>Vetrne turbine<\/strong>Sklopke med menjalniki in generatorji, ravnanje s spremenljivimi obremenitvami in neusklajenostjo.<\/li>\n<\/ul>\n<p><img loading=\"lazy\" decoding=\"async\" class=\"wp-image-6406 aligncenter\" src=\"https:\/\/fmp-components.com\/wp-content\/uploads\/2025\/03\/mh-couplings-2.webp\" alt=\"MH sklopitev\" width=\"652\" height=\"652\" title=\"\" srcset=\"https:\/\/fmp-components.com\/wp-content\/uploads\/2025\/03\/mh-couplings-2.webp 652w, https:\/\/fmp-components.com\/wp-content\/uploads\/2025\/03\/mh-couplings-2-480x480.webp 480w\" sizes=\"(min-width: 0px) and (max-width: 480px) 480px, (min-width: 481px) 652px, 100vw\" \/><\/p>","protected":false},"excerpt":{"rendered":"<p>The MH series is a flexible coupling device constructed of synthetic rubber with two similar cast iron bodies. The high-quality cast iron flanges are mainly used for power transmission and protect the flexible rubber. Its elastic rubber provides excellent durability and quality coupling performance. The MH coupling consists of two flanges and elastic rings, which [&hellip;]<\/p>","protected":false},"featured_media":6404,"comment_status":"open","ping_status":"closed","template":"","meta":{"_et_pb_use_builder":"","_et_pb_old_content":"","_et_gb_content_width":""},"product_brand":[],"product_cat":[101],"product_tag":[],"class_list":{"0":"post-6402","1":"product","2":"type-product","3":"status-publish","4":"has-post-thumbnail","6":"product_cat-coupling","8":"first","9":"instock","10":"shipping-taxable","11":"product-type-simple"},"_links":{"self":[{"href":"https:\/\/fmp-components.com\/sl\/wp-json\/wp\/v2\/product\/6402","targetHints":{"allow":["GET"]}}],"collection":[{"href":"https:\/\/fmp-components.com\/sl\/wp-json\/wp\/v2\/product"}],"about":[{"href":"https:\/\/fmp-components.com\/sl\/wp-json\/wp\/v2\/types\/product"}],"replies":[{"embeddable":true,"href":"https:\/\/fmp-components.com\/sl\/wp-json\/wp\/v2\/comments?post=6402"}],"wp:featuredmedia":[{"embeddable":true,"href":"https:\/\/fmp-components.com\/sl\/wp-json\/wp\/v2\/media\/6404"}],"wp:attachment":[{"href":"https:\/\/fmp-components.com\/sl\/wp-json\/wp\/v2\/media?parent=6402"}],"wp:term":[{"taxonomy":"product_brand","embeddable":true,"href":"https:\/\/fmp-components.com\/sl\/wp-json\/wp\/v2\/product_brand?post=6402"},{"taxonomy":"product_cat","embeddable":true,"href":"https:\/\/fmp-components.com\/sl\/wp-json\/wp\/v2\/product_cat?post=6402"},{"taxonomy":"product_tag","embeddable":true,"href":"https:\/\/fmp-components.com\/sl\/wp-json\/wp\/v2\/product_tag?post=6402"}],"curies":[{"name":"delovni list","href":"https:\/\/api.w.org\/{rel}","templated":true}]}}