{"id":6394,"date":"2025-03-10T05:33:12","date_gmt":"2025-03-10T05:33:12","guid":{"rendered":"https:\/\/fmp-components.com\/?post_type=product&#038;p=6394"},"modified":"2025-03-10T05:57:43","modified_gmt":"2025-03-10T05:57:43","slug":"pin-couplings","status":"publish","type":"product","link":"https:\/\/fmp-components.com\/sl\/product\/pin-couplings\/","title":{"rendered":"PIN sklopke"},"content":{"rendered":"<p>V sklopki s pu\u0161nim zati\u010dem je med elasti\u010dnimi elementi vmesni obro\u010d. Ta obro\u010d je plavajo\u010d in je s kon\u010dnim diskom, poravnanim z zati\u010dem, povezan. Sklopka se prena\u0161a na drugo polovico sklopke prek elasti\u010dnega elementa, name\u0161\u010denega na zati\u010du, medtem ko zati\u010d in polovica sklopke nista togo povezana, kar omogo\u010da gladko obremenitev in znatno zmanj\u0161a bo\u010dne sile.<\/p>\n<p>Prednost te sklopke je, da zlahka sodeluje z rahlo neporavnanimi gredmi in doda dolo\u010deno fleksibilnost, ki pomaga absorbirati vibracije in udarce. Ta sklopka je \u0161e posebej primerna za situacije, kjer pride do aksialne, radialne ali kotne neporavnanosti, in je fleksibilna sklopna naprava.<\/p>\n<h2>Dimenzije pin spojk<\/h2>\n<p><img loading=\"lazy\" decoding=\"async\" class=\"alignnone size-full wp-image-6401\" src=\"https:\/\/fmp-components.com\/wp-content\/uploads\/2025\/03\/pin-coupling-specification.webp\" alt=\"specifikacija-zati\u010dne-sklopke\" width=\"873\" height=\"687\" title=\"\" srcset=\"https:\/\/fmp-components.com\/wp-content\/uploads\/2025\/03\/pin-coupling-specification.webp 873w, https:\/\/fmp-components.com\/wp-content\/uploads\/2025\/03\/pin-coupling-specification-480x378.webp 480w\" sizes=\"(min-width: 0px) and (max-width: 480px) 480px, (min-width: 481px) 873px, 100vw\" \/><\/p>\n<h3>Zna\u010dilnosti pin sklopk<\/h3>\n<p>1. Stro\u0161kovno u\u010dinkovita in uporabniku prijazna zasnova<\/p>\n<ul>\n<li>Nizki stro\u0161ki: Ekonomi\u010dna re\u0161itev za prenos navora med gredmi.<\/li>\n<li>Enostavna monta\u017ea: Poenostavljen postopek namestitve zmanj\u0161a \u010das izpada.<\/li>\n<li>Vsestranskost materiala: Obi\u010dajno izdelani iz kovine ali gume, na voljo pa so tudi specializirane razli\u010dice za ve\u010djo trdnost spoja.<\/li>\n<\/ul>\n<p>2. Mehanske prednosti<\/p>\n<ul>\n<li>Toleranca neporavnanosti: Zmo\u017enost prilagajanja kotnim, vzporednim in aksialnim neporavnanostim gredi, kar zmanj\u0161uje obremenitev priklju\u010dene opreme.<\/li>\n<li>Odpornost na silo: Izkori\u0161\u010da trenje na kontaktnih povr\u0161inah za podporo velikim silam, u\u010dinkovito du\u0161i vibracije in podalj\u0161uje \u017eivljenjsko dobo strojev.<\/li>\n<\/ul>\n<p>3. Tehni\u010dni vidiki na\u010drtovanja<\/p>\n<ul>\n<li>Optimizacija tri-pinske sklopke:\n<ul>\n<li>Upravljanje trenja: Vmesna ravnina je zasnovana za ve\u010dje trenje, medtem ko robovi \u010depov ohranjajo nizko trenje, da prepre\u010dijo asimetri\u010dno upogibanje.<\/li>\n<li>Torne plo\u0161\u010de z vdolbinami: Dodatna funkcija za izbolj\u0161anje tornih lastnosti in u\u010dinkovitosti prenosa navora.<\/li>\n<\/ul>\n<\/li>\n<li>Natan\u010dnost prednapetosti: Vijake je treba priviti na najmanj 10% kon\u010dne obremenitve, da se zagotovi varen stik med zati\u010dem in vmesnikom ter optimalno delovanje.<\/li>\n<\/ul>\n<p>4. Varnostna in za\u0161\u010ditna vloga<\/p>\n<ul>\n<li>Deluje kot mehanska za\u0161\u010dita, ki absorbira udarne obremenitve in prepre\u010duje po\u0161kodbe kriti\u010dnih komponent v primeru preobremenitve.<\/li>\n<\/ul>\n<p>5. Prilagodljivost in prilagodljivost<\/p>\n<ul>\n<li>Specializirane konfiguracije: Na voljo v prilagojenih izvedbah za izpolnjevanje posebnih operativnih zahtev, kot so okolja z visokim navorom ali korozivna okolja.<\/li>\n<\/ul>\n<p>Zati\u010dne sklopke ponujajo prakti\u010dno ravnovesje med preprostostjo, odpornostjo in prilagodljivostjo, zaradi \u010desar so idealne za sisteme, ki zahtevajo stro\u0161kovno u\u010dinkovit prenos navora z vgrajenim upravljanjem neusklajenosti in vibracij.<\/p>","protected":false},"excerpt":{"rendered":"<p>In the bushing pin coupling, there is an intermediate ring between the elastic elements. This ring is floating and connected to the end disc aligned by a pin. The coupling is transmitted to the other half of the coupling via the elastic element mounted on the pin, while the pin and the half of the [&hellip;]<\/p>","protected":false},"featured_media":6396,"comment_status":"open","ping_status":"closed","template":"","meta":{"_et_pb_use_builder":"","_et_pb_old_content":"","_et_gb_content_width":""},"product_brand":[],"product_cat":[101],"product_tag":[],"class_list":{"0":"post-6394","1":"product","2":"type-product","3":"status-publish","4":"has-post-thumbnail","6":"product_cat-coupling","8":"first","9":"instock","10":"shipping-taxable","11":"product-type-simple"},"_links":{"self":[{"href":"https:\/\/fmp-components.com\/sl\/wp-json\/wp\/v2\/product\/6394","targetHints":{"allow":["GET"]}}],"collection":[{"href":"https:\/\/fmp-components.com\/sl\/wp-json\/wp\/v2\/product"}],"about":[{"href":"https:\/\/fmp-components.com\/sl\/wp-json\/wp\/v2\/types\/product"}],"replies":[{"embeddable":true,"href":"https:\/\/fmp-components.com\/sl\/wp-json\/wp\/v2\/comments?post=6394"}],"wp:featuredmedia":[{"embeddable":true,"href":"https:\/\/fmp-components.com\/sl\/wp-json\/wp\/v2\/media\/6396"}],"wp:attachment":[{"href":"https:\/\/fmp-components.com\/sl\/wp-json\/wp\/v2\/media?parent=6394"}],"wp:term":[{"taxonomy":"product_brand","embeddable":true,"href":"https:\/\/fmp-components.com\/sl\/wp-json\/wp\/v2\/product_brand?post=6394"},{"taxonomy":"product_cat","embeddable":true,"href":"https:\/\/fmp-components.com\/sl\/wp-json\/wp\/v2\/product_cat?post=6394"},{"taxonomy":"product_tag","embeddable":true,"href":"https:\/\/fmp-components.com\/sl\/wp-json\/wp\/v2\/product_tag?post=6394"}],"curies":[{"name":"delovni list","href":"https:\/\/api.w.org\/{rel}","templated":true}]}}