{"id":6385,"date":"2025-03-10T03:41:49","date_gmt":"2025-03-10T03:41:49","guid":{"rendered":"https:\/\/fmp-components.com\/?post_type=product&#038;p=6385"},"modified":"2025-03-10T03:48:37","modified_gmt":"2025-03-10T03:48:37","slug":"hrc-couplings","status":"publish","type":"product","link":"https:\/\/fmp-components.com\/sl\/product\/hrc-couplings\/","title":{"rendered":"HRC sklopke"},"content":{"rendered":"<h2>Specifikacije sklopke HRC<\/h2>\n<p><img loading=\"lazy\" decoding=\"async\" class=\"alignnone size-full wp-image-6387\" src=\"https:\/\/fmp-components.com\/wp-content\/uploads\/2025\/03\/hrc-coupling-1.webp\" alt=\"HRC sklopka\" width=\"897\" height=\"502\" title=\"\" srcset=\"https:\/\/fmp-components.com\/wp-content\/uploads\/2025\/03\/hrc-coupling-1.webp 897w, https:\/\/fmp-components.com\/wp-content\/uploads\/2025\/03\/hrc-coupling-1-480x269.webp 480w\" sizes=\"(min-width: 0px) and (max-width: 480px) 480px, (min-width: 481px) 897px, 100vw\" \/><\/p>\n<h2>Zna\u010dilnosti HRC sklopk<\/h2>\n<ul>\n<li><strong>Cenovno ugodna zasnova<\/strong>Sklopke HRC so izdelane za uravnote\u017eenje mo\u010di in velikosti gredi, pri \u010demer se uporablja sistem pu\u0161e Taper-Lock, ki zagotavlja u\u010dinkovitost in cenovno dostopnost.<\/li>\n<li><strong>Mo\u010dna in prilagodljiva<\/strong>Fleksibilni deli sklopke pomagajo absorbirati nenadne velike obremenitve, zaradi \u010desar je zasnova mo\u010dna in zanesljiva.<\/li>\n<li><strong>Prilagodi se neusklajenosti<\/strong>Sklopke HRC lahko obvladujejo manj\u0161e nepravilnosti, kot so gredi, ki so rahlo odmaknjene glede kota, polo\u017eaja ali poravnave, kar zagotavlja nemoteno delovanje.<\/li>\n<li><strong>Enostavna namestitev<\/strong>Nastavitev HRC sklopke je hitra in preprosta. Potrebujete le imbus klju\u010d \u2013 ni potrebno nobeno posebno orodje.<\/li>\n<li><strong>Skoraj brez vzdr\u017eevanja<\/strong>Sklopke HRC ne potrebujejo mazanja, kar pomeni manj vzdr\u017eevanja in manj popravil skozi \u010das.<\/li>\n<li><strong>Deluje v te\u017ekih pogojih<\/strong>Fleksibilen material v sklopki deluje dobro v najrazli\u010dnej\u0161ih pogojih, od zelo nizkih (-40 \u00b0C) do zelo vro\u010dih (+100 \u00b0C).<\/li>\n<li><strong>Varno in zanesljivo<\/strong>\u010ce se fleksibilni del kdaj zlomi (kar se zgodi zelo redko), bo sklopka \u0161e vedno poganjala sistem s pomo\u010djo vgrajenih prirobnic, tako da se delovanje ne bo ustavilo.<\/li>\n<\/ul>\n<p><img loading=\"lazy\" decoding=\"async\" class=\"wp-image-6386 aligncenter\" src=\"https:\/\/fmp-components.com\/wp-content\/uploads\/2025\/03\/HRC-Coupling.webp\" alt=\"HRC sklopka\" width=\"660\" height=\"660\" title=\"\" srcset=\"https:\/\/fmp-components.com\/wp-content\/uploads\/2025\/03\/HRC-Coupling.webp 660w, https:\/\/fmp-components.com\/wp-content\/uploads\/2025\/03\/HRC-Coupling-480x480.webp 480w\" sizes=\"(min-width: 0px) and (max-width: 480px) 480px, (min-width: 481px) 660px, 100vw\" \/><\/p>","protected":false},"excerpt":{"rendered":"<p>HRC Coupling Specifications Features of HRC Couplings Affordable Design: HRC couplings are made to balance power and shaft size, using a Taper-Lock Bush system to keep them both effective and affordable. Strong and Flexible: The flexible parts of the coupling help absorb sudden heavy loads, making the design strong and reliable. Adjusts to Misalignment: HRC [&hellip;]<\/p>","protected":false},"featured_media":6386,"comment_status":"open","ping_status":"closed","template":"","meta":{"_et_pb_use_builder":"","_et_pb_old_content":"","_et_gb_content_width":""},"product_brand":[],"product_cat":[101],"product_tag":[],"class_list":{"0":"post-6385","1":"product","2":"type-product","3":"status-publish","4":"has-post-thumbnail","6":"product_cat-coupling","8":"first","9":"instock","10":"shipping-taxable","11":"product-type-simple"},"_links":{"self":[{"href":"https:\/\/fmp-components.com\/sl\/wp-json\/wp\/v2\/product\/6385","targetHints":{"allow":["GET"]}}],"collection":[{"href":"https:\/\/fmp-components.com\/sl\/wp-json\/wp\/v2\/product"}],"about":[{"href":"https:\/\/fmp-components.com\/sl\/wp-json\/wp\/v2\/types\/product"}],"replies":[{"embeddable":true,"href":"https:\/\/fmp-components.com\/sl\/wp-json\/wp\/v2\/comments?post=6385"}],"wp:featuredmedia":[{"embeddable":true,"href":"https:\/\/fmp-components.com\/sl\/wp-json\/wp\/v2\/media\/6386"}],"wp:attachment":[{"href":"https:\/\/fmp-components.com\/sl\/wp-json\/wp\/v2\/media?parent=6385"}],"wp:term":[{"taxonomy":"product_brand","embeddable":true,"href":"https:\/\/fmp-components.com\/sl\/wp-json\/wp\/v2\/product_brand?post=6385"},{"taxonomy":"product_cat","embeddable":true,"href":"https:\/\/fmp-components.com\/sl\/wp-json\/wp\/v2\/product_cat?post=6385"},{"taxonomy":"product_tag","embeddable":true,"href":"https:\/\/fmp-components.com\/sl\/wp-json\/wp\/v2\/product_tag?post=6385"}],"curies":[{"name":"delovni list","href":"https:\/\/api.w.org\/{rel}","templated":true}]}}