{"id":6379,"date":"2025-03-10T03:30:21","date_gmt":"2025-03-10T03:30:21","guid":{"rendered":"https:\/\/fmp-components.com\/?post_type=product&#038;p=6379"},"modified":"2025-03-10T03:37:25","modified_gmt":"2025-03-10T03:37:25","slug":"chain-couplings","status":"publish","type":"product","link":"https:\/\/fmp-components.com\/sl\/product\/chain-couplings\/","title":{"rendered":"Veri\u017ene sklopke"},"content":{"rendered":"<p>Veri\u017ena sklopka je sestavljena iz dvojne valj\u010dne verige in dveh zobnikov sklopke. Veri\u017eni \u010dlen se uporablja za priklop ali odklop sklopke, zaradi \u010desar je uporaba preprosta in enostavna. Veri\u017ene sklopke so majhne, \u200b\u200ba zelo mo\u010dne in izdelane za dolgo \u017eivljenjsko dobo. So varne in delujejo u\u010dinkovito, z lastnostmi, ki omogo\u010dajo enostavno namestitev in poravnavo, kar prihrani \u010das in trud med nastavitvijo ali popravili.<\/p>\n<p>Zaradi svoje mo\u010dne zasnove in fleksibilnosti se veri\u017ene sklopke lahko uporabljajo na ve\u010d na\u010dinov, na primer v strojih, teko\u010dih trakovih in drugi mehanski opremi. Odli\u010dno prena\u0161ajo navor (obratno silo) in hkrati odpravljajo manj\u0161e neusklajenosti, zaradi \u010desar so zanesljiva in uporabna izbira za \u0161tevilna dela.<\/p>\n<h2>Parametri veri\u017enih sklopk<\/h2>\n<p><img loading=\"lazy\" decoding=\"async\" class=\"size-full wp-image-6383 aligncenter\" src=\"https:\/\/fmp-components.com\/wp-content\/uploads\/2025\/03\/chain-couplings.webp\" alt=\"veri\u017ena sklopka\" width=\"330\" height=\"327\" title=\"\" srcset=\"https:\/\/fmp-components.com\/wp-content\/uploads\/2025\/03\/chain-couplings.webp 330w, https:\/\/fmp-components.com\/wp-content\/uploads\/2025\/03\/chain-couplings-300x297.webp 300w, https:\/\/fmp-components.com\/wp-content\/uploads\/2025\/03\/chain-couplings-150x150.webp 150w, https:\/\/fmp-components.com\/wp-content\/uploads\/2025\/03\/chain-couplings-12x12.webp 12w, https:\/\/fmp-components.com\/wp-content\/uploads\/2025\/03\/chain-couplings-100x100.webp 100w\" sizes=\"(max-width: 330px) 100vw, 330px\" \/><\/p>\n<table style=\"width: 103.224%; height: 723px;\" border=\"1\">\n<tbody>\n<tr>\n<td rowspan=\"4\" width=\"86\"><strong>\u0160t. veri\u017ene sklopke<\/strong><\/td>\n<td rowspan=\"4\" width=\"58\"><strong>Veriga \u0161t.<\/strong><\/td>\n<td colspan=\"2\" width=\"68\"><strong>Premer izvrtine<\/strong><\/td>\n<td colspan=\"6\" width=\"204\"><strong>Dimenzija<\/strong><\/td>\n<td width=\"60\"><strong>Vztrajnost<\/strong><\/td>\n<td width=\"48\"><strong>Pribli\u017ena te\u017ea<\/strong><\/td>\n<td colspan=\"3\" width=\"157\"><strong>Ohi\u0161je<\/strong><\/td>\n<\/tr>\n<tr>\n<td rowspan=\"2\" width=\"34\"><strong>Min.<\/strong><\/td>\n<td rowspan=\"2\" width=\"34\"><strong>Maks.<\/strong><\/td>\n<td rowspan=\"2\" width=\"34\"><strong>L<\/strong><\/td>\n<td rowspan=\"2\" width=\"34\"><strong>Jaz<\/strong><\/td>\n<td rowspan=\"2\" width=\"34\"><strong>S<\/strong><\/td>\n<td rowspan=\"2\" width=\"34\"><strong>d<sub>1<\/sub><\/strong><\/td>\n<td rowspan=\"2\" width=\"34\"><strong>d<sub>2<\/sub><\/strong><\/td>\n<td rowspan=\"2\" width=\"34\"><strong>C<\/strong><\/td>\n<td rowspan=\"2\" width=\"60\"><strong>\u00d710<sup>-3<\/sup><\/strong><\/td>\n<td rowspan=\"2\" width=\"48\"><\/td>\n<td colspan=\"2\" width=\"79\"><strong>Dimenzija<\/strong><\/td>\n<td rowspan=\"2\" width=\"78\"><strong>Pribli\u017ena te\u017ea<\/strong><\/td>\n<\/tr>\n<tr>\n<td width=\"39\"><strong>A<\/strong><\/td>\n<td width=\"40\"><strong>B<\/strong><\/td>\n<\/tr>\n<tr>\n<td width=\"34\"><strong>mm<\/strong><\/td>\n<td width=\"34\"><strong>mm<\/strong><\/td>\n<td width=\"34\"><strong>mm<\/strong><\/td>\n<td width=\"34\"><strong>mm<\/strong><\/td>\n<td width=\"34\"><strong>mm<\/strong><\/td>\n<td width=\"34\"><strong>mm<\/strong><\/td>\n<td width=\"34\"><strong>mm<\/strong><\/td>\n<td width=\"34\"><strong>mm<\/strong><\/td>\n<td width=\"60\"><strong>kgf\u00b7m2<\/strong><\/td>\n<td width=\"48\"><strong>kg<\/strong><\/td>\n<td width=\"39\"><strong>mm<\/strong><\/td>\n<td width=\"40\"><strong>mm<\/strong><\/td>\n<td width=\"78\"><strong>kg<\/strong><\/td>\n<\/tr>\n<tr>\n<td width=\"86\">3012<\/td>\n<td width=\"58\">06B-2X12<\/td>\n<td width=\"34\">12<\/td>\n<td width=\"34\">16<\/td>\n<td width=\"34\">64.8<\/td>\n<td width=\"34\">29.8<\/td>\n<td width=\"34\">5.2<\/td>\n<td width=\"34\">25<\/td>\n<td width=\"34\">45<\/td>\n<td width=\"34\">10.2<\/td>\n<td width=\"60\">0.233<\/td>\n<td width=\"48\">0.4<\/td>\n<td width=\"39\">69<\/td>\n<td width=\"40\">63<\/td>\n<td width=\"78\">0.3<\/td>\n<\/tr>\n<tr>\n<td width=\"86\">4012<\/td>\n<td width=\"58\">40-2X12<\/td>\n<td width=\"34\">12<\/td>\n<td width=\"34\">22<\/td>\n<td width=\"34\">79.4<\/td>\n<td width=\"34\">36.0<\/td>\n<td width=\"34\">7.4<\/td>\n<td width=\"34\">35<\/td>\n<td width=\"34\">61<\/td>\n<td width=\"34\">14.4<\/td>\n<td width=\"60\">1.020<\/td>\n<td width=\"48\">0.8<\/td>\n<td width=\"39\">77<\/td>\n<td width=\"40\">72<\/td>\n<td width=\"78\">0.3<\/td>\n<\/tr>\n<tr>\n<td width=\"86\">4014<\/td>\n<td width=\"58\">40-2X14<\/td>\n<td width=\"34\">12<\/td>\n<td width=\"34\">28<\/td>\n<td width=\"34\">79.4<\/td>\n<td width=\"34\">36.0<\/td>\n<td width=\"34\">7.4<\/td>\n<td width=\"34\">43<\/td>\n<td width=\"34\">69<\/td>\n<td width=\"34\">14.4<\/td>\n<td width=\"60\">1.924<\/td>\n<td width=\"48\">1.1<\/td>\n<td width=\"39\">84<\/td>\n<td width=\"40\">75<\/td>\n<td width=\"78\">0.4<\/td>\n<\/tr>\n<tr>\n<td width=\"86\">4016<\/td>\n<td width=\"58\">40-2X16<\/td>\n<td width=\"34\">14<\/td>\n<td width=\"34\">32<\/td>\n<td width=\"34\">87.4<\/td>\n<td width=\"34\">40.0<\/td>\n<td width=\"34\">7.4<\/td>\n<td width=\"34\">50<\/td>\n<td width=\"34\">77<\/td>\n<td width=\"34\">14.4<\/td>\n<td width=\"60\">3.285<\/td>\n<td width=\"48\">1.4<\/td>\n<td width=\"39\">92<\/td>\n<td width=\"40\">75<\/td>\n<td width=\"78\">0.4<\/td>\n<\/tr>\n<tr>\n<td width=\"86\">5014<\/td>\n<td width=\"58\">50-2X14<\/td>\n<td width=\"34\">16<\/td>\n<td width=\"34\">35<\/td>\n<td width=\"34\">99.7<\/td>\n<td width=\"34\">45.0<\/td>\n<td width=\"34\">9.7<\/td>\n<td width=\"34\">53<\/td>\n<td width=\"34\">86<\/td>\n<td width=\"34\">18.1<\/td>\n<td width=\"60\">6.010<\/td>\n<td width=\"48\">2.2<\/td>\n<td width=\"39\">101<\/td>\n<td width=\"40\">85<\/td>\n<td width=\"78\">0.5<\/td>\n<\/tr>\n<tr>\n<td width=\"86\">5016<\/td>\n<td width=\"58\">50-2X16<\/td>\n<td width=\"34\">16<\/td>\n<td width=\"34\">40<\/td>\n<td width=\"34\">99.7<\/td>\n<td width=\"34\">45.0<\/td>\n<td width=\"34\">9.7<\/td>\n<td width=\"34\">60<\/td>\n<td width=\"34\">96<\/td>\n<td width=\"34\">18.1<\/td>\n<td width=\"60\">9.720<\/td>\n<td width=\"48\">2.7<\/td>\n<td width=\"39\">111<\/td>\n<td width=\"40\">85<\/td>\n<td width=\"78\">0.6<\/td>\n<\/tr>\n<tr>\n<td width=\"86\">5018<\/td>\n<td width=\"58\">50-2X18<\/td>\n<td width=\"34\">16<\/td>\n<td width=\"34\">45<\/td>\n<td width=\"34\">99.7<\/td>\n<td width=\"34\">45.0<\/td>\n<td width=\"34\">9.7<\/td>\n<td width=\"34\">70<\/td>\n<td width=\"34\">106<\/td>\n<td width=\"34\">18.1<\/td>\n<td width=\"60\">15.420<\/td>\n<td width=\"48\">3.8<\/td>\n<td width=\"39\">122<\/td>\n<td width=\"40\">85<\/td>\n<td width=\"78\">0.8<\/td>\n<\/tr>\n<tr>\n<td width=\"86\">6018<\/td>\n<td width=\"58\">60-2X18<\/td>\n<td width=\"34\">20<\/td>\n<td width=\"34\">56<\/td>\n<td width=\"34\">123.5<\/td>\n<td width=\"34\">56.0<\/td>\n<td width=\"34\">11.5<\/td>\n<td width=\"34\">85<\/td>\n<td width=\"34\">128<\/td>\n<td width=\"34\">22.8<\/td>\n<td width=\"60\">40.210<\/td>\n<td width=\"48\">6.2<\/td>\n<td width=\"39\">142<\/td>\n<td width=\"40\">106<\/td>\n<td width=\"78\">1.2<\/td>\n<\/tr>\n<tr>\n<td width=\"86\">6020<\/td>\n<td width=\"58\">60-2X20<\/td>\n<td width=\"34\">20<\/td>\n<td width=\"34\">60<\/td>\n<td width=\"34\">123.5<\/td>\n<td width=\"34\">56.0<\/td>\n<td width=\"34\">11.5<\/td>\n<td width=\"34\">98<\/td>\n<td width=\"34\">140<\/td>\n<td width=\"34\">22.8<\/td>\n<td width=\"60\">62.870<\/td>\n<td width=\"48\">7.8<\/td>\n<td width=\"39\">158<\/td>\n<td width=\"40\">105<\/td>\n<td width=\"78\">1.6<\/td>\n<\/tr>\n<tr>\n<td width=\"86\">6022<\/td>\n<td width=\"58\">60-2X22<\/td>\n<td width=\"34\">20<\/td>\n<td width=\"34\">71<\/td>\n<td width=\"34\">123.5<\/td>\n<td width=\"34\">56.0<\/td>\n<td width=\"34\">11.5<\/td>\n<td width=\"34\">110<\/td>\n<td width=\"34\">152<\/td>\n<td width=\"34\">22.8<\/td>\n<td width=\"60\">93.450<\/td>\n<td width=\"48\">10.4<\/td>\n<td width=\"39\">168<\/td>\n<td width=\"40\">117<\/td>\n<td width=\"78\">1.8<\/td>\n<\/tr>\n<tr>\n<td width=\"86\">8018<\/td>\n<td width=\"58\">80-2X18<\/td>\n<td width=\"34\">20<\/td>\n<td width=\"34\">80<\/td>\n<td width=\"34\">141.2<\/td>\n<td width=\"34\">63.0<\/td>\n<td width=\"34\">15.2<\/td>\n<td width=\"34\">110<\/td>\n<td width=\"34\">170<\/td>\n<td width=\"34\">29.3<\/td>\n<td width=\"60\">142.030<\/td>\n<td width=\"48\">12.7<\/td>\n<td width=\"39\">190<\/td>\n<td width=\"40\">129<\/td>\n<td width=\"78\">2.5<\/td>\n<\/tr>\n<tr>\n<td width=\"86\">8020<\/td>\n<td width=\"58\">80-2X20<\/td>\n<td width=\"34\">20<\/td>\n<td width=\"34\">90<\/td>\n<td width=\"34\">145.2<\/td>\n<td width=\"34\">65.0<\/td>\n<td width=\"34\">15.2<\/td>\n<td width=\"34\">120<\/td>\n<td width=\"34\">186<\/td>\n<td width=\"34\">29.3<\/td>\n<td width=\"60\">204.900<\/td>\n<td width=\"48\">16.0<\/td>\n<td width=\"39\">210<\/td>\n<td width=\"40\">137<\/td>\n<td width=\"78\">2.9<\/td>\n<\/tr>\n<tr>\n<td width=\"86\">8022<\/td>\n<td width=\"58\">80-2X22<\/td>\n<td width=\"34\">20<\/td>\n<td width=\"34\">100<\/td>\n<td width=\"34\">157.2<\/td>\n<td width=\"34\">71.0<\/td>\n<td width=\"34\">15.2<\/td>\n<td width=\"34\">140<\/td>\n<td width=\"34\">202<\/td>\n<td width=\"34\">29.3<\/td>\n<td width=\"60\">341.170<\/td>\n<td width=\"48\">20.2<\/td>\n<td width=\"39\">226<\/td>\n<td width=\"40\">137<\/td>\n<td width=\"78\">3.6<\/td>\n<\/tr>\n<tr>\n<td width=\"86\">10020<\/td>\n<td width=\"58\">100-2X20<\/td>\n<td width=\"34\">25<\/td>\n<td width=\"34\">110<\/td>\n<td width=\"34\">178.8<\/td>\n<td width=\"34\">80.0<\/td>\n<td width=\"34\">18.8<\/td>\n<td width=\"34\">160<\/td>\n<td width=\"34\">233<\/td>\n<td width=\"34\">35.8<\/td>\n<td width=\"60\">646.290<\/td>\n<td width=\"48\">33.0<\/td>\n<td width=\"39\">281<\/td>\n<td width=\"40\">153<\/td>\n<td width=\"78\">4.6<\/td>\n<\/tr>\n<tr>\n<td width=\"86\">12018<\/td>\n<td width=\"58\">120-2X18<\/td>\n<td width=\"34\">35<\/td>\n<td width=\"34\">125<\/td>\n<td width=\"34\">202.7<\/td>\n<td width=\"34\">90.0<\/td>\n<td width=\"34\">22.7<\/td>\n<td width=\"34\">170<\/td>\n<td width=\"34\">256<\/td>\n<td width=\"34\">45.4<\/td>\n<td width=\"60\">1075.710<\/td>\n<td width=\"48\">47.0<\/td>\n<td width=\"39\">307<\/td>\n<td width=\"40\">181<\/td>\n<td width=\"78\">6.2<\/td>\n<\/tr>\n<tr>\n<td width=\"86\">12022<\/td>\n<td width=\"58\">120-2X22<\/td>\n<td width=\"34\">35<\/td>\n<td width=\"34\">140<\/td>\n<td width=\"34\">222.7<\/td>\n<td width=\"34\">100.0<\/td>\n<td width=\"34\">22.7<\/td>\n<td width=\"34\">210<\/td>\n<td width=\"34\">304<\/td>\n<td width=\"34\">45.4<\/td>\n<td width=\"60\">2454.500<\/td>\n<td width=\"48\">72.0<\/td>\n<td width=\"39\">357<\/td>\n<td width=\"40\">181<\/td>\n<td width=\"78\">8.0<\/td>\n<\/tr>\n<\/tbody>\n<\/table>\n<h2>Uporaba veri\u017ene sklopke<\/h2>\n<p>Veri\u017ene sklopke, znane po svoji sposobnosti prenosa visokega navora ob hkratnem prilagajanju neusklajenosti, se zaradi svoje vzdr\u017eljivosti in fleksibilnosti uporabljajo v razli\u010dnih panogah. Tukaj je kategoriziran pregled njihovih uporab:<\/p>\n<h3>1. Industrijski stroji<\/h3>\n<ul>\n<li><strong>Transportni sistemi<\/strong>Uporablja se v proizvodnji in ravnanju z materiali za povezovanje motorjev in valjev, prilagajanje neusklajenosti in ravnanje s te\u017ekimi bremeni.<\/li>\n<li><strong>\u010crpalke in kompresorji<\/strong>Idealno za priklju\u010ditev pogonskih sklopov na \u010drpalke\/kompresorje v naftni, plinski in \u010distilni industriji, saj zagotavlja zanesljiv prenos navora.<\/li>\n<li><strong>Jeklarne in papirnice<\/strong>Priklju\u010dite pogonske gredi na valje v zahtevnih okoljih, ki prena\u0161ajo visok navor in temperaturne spremembe.<\/li>\n<li><strong>Drobilniki\/mlini<\/strong>Obvladovanje udarnih obremenitev pri rudarjenju in predelavi agregatov, zagotavljanje robustnosti proti nenadnim spremembam sile.<\/li>\n<\/ul>\n<h3>2. Ravnanje z materiali<\/h3>\n<ul>\n<li><strong>\u017derjavi in \u200b\u200bdvigala<\/strong>Zagotavlja natan\u010dno premikanje tovora v gradbeni\u0161tvu in ladijskem prometu, vzdr\u017euje dinami\u010dne obremenitve.<\/li>\n<li><strong>Stroji za pakiranje<\/strong>Sinhronizirajte valje v visokohitrostnih pakirnih linijah, kar omogo\u010da manj\u0161e prilagoditve neusklajenosti.<\/li>\n<\/ul>\n<h3>3. Kmetijstvo<\/h3>\n<ul>\n<li><strong>Traktorji in kombajni<\/strong>Priklju\u010dite vire napajanja na priklju\u010dke na neravnem terenu in zagotovite vzdr\u017eljivost pred prahom in umazanijo.<\/li>\n<li><strong>Namakalni sistemi<\/strong>Pove\u017eite \u010drpalke z motorji in tolerirajte neusklajenost zaradi premikov tal.<\/li>\n<\/ul>\n<h3>4. Ogrevanje, prezra\u010devanje in klimatizacija ter energija<\/h3>\n<ul>\n<li><strong>Industrijski ventilatorji\/puhala<\/strong>Priklju\u010dite motorje na gredi ventilatorjev v sistemih HVAC in zmanj\u0161ajte prenos vibracij.<\/li>\n<li><strong>Prenos mo\u010di pri zmerni hitrosti<\/strong>Uporablja se v vetrnih turbinah ali hidroelektrarnah, kjer poravnava ni popolna.<\/li>\n<\/ul>\n<h3>5. Specializirane aplikacije<\/h3>\n<ul>\n<li><strong>Tiskarski stroji<\/strong>Sinhronizirajte valje za natan\u010dno tiskanje in odpravite manj\u0161e nepravilnosti.<\/li>\n<li><strong>Pomo\u010dni pomo\u017eni sistemi za morje<\/strong>Uporablja se v propelerskih gredeh ali pomo\u017enih strojih, \u010deprav manj pogosto zaradi te\u017eav s korozijo.<\/li>\n<\/ul>\n<h3>Prednosti vo\u017enje:<\/h3>\n<ul>\n<li><strong>Toleranca neusklajenosti<\/strong>Kotni\/vzporedni premiki do 1-2 stopinj.<\/li>\n<li><strong>Visoka navorna zmogljivost<\/strong>Primerno za te\u017eka dela.<\/li>\n<li><strong>Absorpcija udarcev<\/strong>Du\u0161i vibracije pri scenarijih s spremenljivo obremenitvijo.<\/li>\n<li><strong>Enostavnost vzdr\u017eevanja<\/strong>Enostavno mazanje in zamenjava delov.<\/li>\n<\/ul>\n<h3>Omejitve:<\/h3>\n<ul>\n<li>Zaradi centrifugalnih sil ni idealen za uporabo pri visokih hitrostih.<\/li>\n<li>Redno mazanje je potrebno v okoljih, kjer je izpostavljena onesna\u017eenju.<\/li>\n<\/ul>\n<p><img loading=\"lazy\" decoding=\"async\" class=\"size-full wp-image-6380 aligncenter\" src=\"https:\/\/fmp-components.com\/wp-content\/uploads\/2025\/03\/chain-couplings-3.webp\" alt=\"veri\u017ena sklopka\" width=\"800\" height=\"800\" title=\"\" srcset=\"https:\/\/fmp-components.com\/wp-content\/uploads\/2025\/03\/chain-couplings-3.webp 800w, https:\/\/fmp-components.com\/wp-content\/uploads\/2025\/03\/chain-couplings-3-480x480.webp 480w\" sizes=\"(min-width: 0px) and (max-width: 480px) 480px, (min-width: 481px) 800px, 100vw\" \/><\/p>","protected":false},"excerpt":{"rendered":"<p>A chain coupling is made up of a double roller chain and two coupling sprockets. The chain joint is used to connect or disconnect the coupling, making it simple and easy to use. Chain couplings are small but very strong, and they are built to last a long time. They are safe and work efficiently, [&hellip;]<\/p>","protected":false},"featured_media":6382,"comment_status":"open","ping_status":"closed","template":"","meta":{"_et_pb_use_builder":"","_et_pb_old_content":"","_et_gb_content_width":""},"product_brand":[],"product_cat":[101],"product_tag":[],"class_list":{"0":"post-6379","1":"product","2":"type-product","3":"status-publish","4":"has-post-thumbnail","6":"product_cat-coupling","8":"first","9":"instock","10":"shipping-taxable","11":"product-type-simple"},"_links":{"self":[{"href":"https:\/\/fmp-components.com\/sl\/wp-json\/wp\/v2\/product\/6379","targetHints":{"allow":["GET"]}}],"collection":[{"href":"https:\/\/fmp-components.com\/sl\/wp-json\/wp\/v2\/product"}],"about":[{"href":"https:\/\/fmp-components.com\/sl\/wp-json\/wp\/v2\/types\/product"}],"replies":[{"embeddable":true,"href":"https:\/\/fmp-components.com\/sl\/wp-json\/wp\/v2\/comments?post=6379"}],"wp:featuredmedia":[{"embeddable":true,"href":"https:\/\/fmp-components.com\/sl\/wp-json\/wp\/v2\/media\/6382"}],"wp:attachment":[{"href":"https:\/\/fmp-components.com\/sl\/wp-json\/wp\/v2\/media?parent=6379"}],"wp:term":[{"taxonomy":"product_brand","embeddable":true,"href":"https:\/\/fmp-components.com\/sl\/wp-json\/wp\/v2\/product_brand?post=6379"},{"taxonomy":"product_cat","embeddable":true,"href":"https:\/\/fmp-components.com\/sl\/wp-json\/wp\/v2\/product_cat?post=6379"},{"taxonomy":"product_tag","embeddable":true,"href":"https:\/\/fmp-components.com\/sl\/wp-json\/wp\/v2\/product_tag?post=6379"}],"curies":[{"name":"delovni list","href":"https:\/\/api.w.org\/{rel}","templated":true}]}}