{"id":587,"date":"2024-12-17T01:21:39","date_gmt":"2024-12-17T01:21:39","guid":{"rendered":"https:\/\/fmp-components.com\/?page_id=8"},"modified":"2024-12-17T03:06:10","modified_gmt":"2024-12-17T03:06:10","slug":"hydraulic-cylinder-for-press","status":"publish","type":"product","link":"https:\/\/fmp-components.com\/sl\/product\/hydraulic-cylinder-for-press\/","title":{"rendered":"Hidravli\u010dni cilinder za stiskalnico"},"content":{"rendered":"<p style=\"text-align: center;\"><span style=\"font-size: 18pt;\">Hidravli\u010dni cilinder za stiskalnico<\/span><\/p>\n<p>Hidravli\u010dni cilinder za stiskalnico je specializirana hidravli\u010dna komponenta, zasnovana za zagotavljanje mo\u010dne sile pri stiskanju v razli\u010dnih industrijskih okoljih. Ta cilinder je bistvenega pomena za operacije, kot so oblikovanje kovin, brizganje plastike in monta\u017ea, kjer je za oblikovanje ali stiskanje materialov potrebna visoka sila.<\/p>\n<p><img loading=\"lazy\" decoding=\"async\" class=\"alignnone size-full wp-image-602\" src=\"https:\/\/fmp-components.com\/wp-content\/uploads\/2024\/12\/Hydraulic-Press-Master-Cylinder.webp\" alt=\"Glavni valj hidravli\u010dne stiskalnice\" width=\"1000\" height=\"600\" title=\"\" srcset=\"https:\/\/fmp-components.com\/wp-content\/uploads\/2024\/12\/Hydraulic-Press-Master-Cylinder.webp 1000w, https:\/\/fmp-components.com\/wp-content\/uploads\/2024\/12\/Hydraulic-Press-Master-Cylinder-980x588.webp 980w, https:\/\/fmp-components.com\/wp-content\/uploads\/2024\/12\/Hydraulic-Press-Master-Cylinder-480x288.webp 480w\" sizes=\"(min-width: 0px) and (max-width: 480px) 480px, (min-width: 481px) and (max-width: 980px) 980px, (min-width: 981px) 1000px, 100vw\" \/><\/p>\n<h4>Klju\u010dne lastnosti:<\/h4>\n<ul>\n<li><strong>Visoka izhodna sila:<\/strong> Ta valj, zasnovan za ustvarjanje znatne hidravli\u010dne sile, je sposoben prenesti velike obremenitve, zaradi \u010desar je idealen za zahtevna stiskalna opravila.<\/li>\n<li><strong>Robustna konstrukcija:<\/strong> Hidravli\u010dni cilinder je izdelan iz visoko trdnih materialov in je zasnovan tako, da prenese stroge pogoje industrijskega okolja, kar zagotavlja dolgotrajno vzdr\u017eljivost in zanesljivost.<\/li>\n<li><strong>Gladko delovanje:<\/strong> Napredna hidravli\u010dna zasnova omogo\u010da gladke in nadzorovane gibe, kar zagotavlja natan\u010den nadzor med stiskanjem za doseganje \u017eelenih rezultatov.<\/li>\n<li><strong>Vsestranska uporaba:<\/strong> Ta valj, primeren za \u0161iroko paleto stiskalnih strojev, izbolj\u0161uje funkcionalnost razli\u010dnih aplikacij, vklju\u010dno z avtomobilsko, proizvodno in kovinskopredelovalno industrijo.<\/li>\n<li><strong>Nizke zahteve glede vzdr\u017eevanja:<\/strong> Hidravli\u010dni cilinder je zasnovan za minimalno obrabo, zato zahteva manj vzdr\u017eevanja, kar skraj\u0161a \u010das izpada in prispeva k ve\u010dji produktivnosti.<\/li>\n<\/ul>\n<p>Hidravli\u010dni cilinder za stiskalnico je bistvena komponenta, ki optimizira delovanje in u\u010dinkovitost stiskanja, zaradi \u010desar je nepogre\u0161ljiv za u\u010dinkovito oblikovanje in stiskanje materialov v razli\u010dnih industrijskih okoljih.<\/p>\n<h2>Glavni valj hidravli\u010dne stiskalnice<\/h2>\n<p><img loading=\"lazy\" decoding=\"async\" class=\"size-full wp-image-596 aligncenter\" src=\"https:\/\/fmp-components.com\/wp-content\/uploads\/2024\/12\/Hydraulic-Press-Master-Cylinder1.webp\" alt=\"Glavni valj hidravli\u010dne stiskalnice\" width=\"500\" height=\"200\" title=\"\" srcset=\"https:\/\/fmp-components.com\/wp-content\/uploads\/2024\/12\/Hydraulic-Press-Master-Cylinder1.webp 500w, https:\/\/fmp-components.com\/wp-content\/uploads\/2024\/12\/Hydraulic-Press-Master-Cylinder1-480x192.webp 480w\" sizes=\"(min-width: 0px) and (max-width: 480px) 480px, (min-width: 481px) 500px, 100vw\" \/><\/p>\n<table style=\"width: 98.4519%; height: 229px;\" border=\"1\" cellspacing=\"0\" cellpadding=\"0\">\n<tbody>\n<tr>\n<td>Ime izdelka<\/td>\n<td>Glavni valj hidravli\u010dne stiskalnice<\/td>\n<\/tr>\n<tr>\n<td>Zna\u010dilnosti:<\/td>\n<td>Zagotovite glavni potisk za tisk<\/td>\n<\/tr>\n<tr>\n<td>Bat:<\/td>\n<td>500 mm\uff5e1800 mm<br \/>\nHod \u2264 4500 mm<\/td>\n<\/tr>\n<tr>\n<td>Potisna sila:<\/td>\n<td>Najve\u010d 80 MN<br \/>\n(Bat 1800 mm\/tlak 31,5 MPa)<\/td>\n<\/tr>\n<tr>\n<td>Uporaba glavnega hidravli\u010dnega cilindra:<\/td>\n<td>Pritisnite<\/td>\n<\/tr>\n<\/tbody>\n<\/table>\n<h2>Stranski valj hidravli\u010dne stiskalnice<\/h2>\n<p><img loading=\"lazy\" decoding=\"async\" class=\"size-full wp-image-600 aligncenter\" src=\"https:\/\/fmp-components.com\/wp-content\/uploads\/2024\/12\/Hydraulic-Press-Side-Cylinder1.webp\" alt=\"Stranski valj hidravli\u010dne stiskalnice\" width=\"500\" height=\"200\" title=\"\" srcset=\"https:\/\/fmp-components.com\/wp-content\/uploads\/2024\/12\/Hydraulic-Press-Side-Cylinder1.webp 500w, https:\/\/fmp-components.com\/wp-content\/uploads\/2024\/12\/Hydraulic-Press-Side-Cylinder1-480x192.webp 480w\" sizes=\"(min-width: 0px) and (max-width: 480px) 480px, (min-width: 481px) 500px, 100vw\" \/><\/p>\n<table style=\"width: 98.5144%; height: 257px;\" border=\"1\" cellspacing=\"0\" cellpadding=\"0\">\n<tbody>\n<tr style=\"height: 23px;\">\n<td style=\"height: 23px;\">Ime izdelka<\/td>\n<td style=\"height: 23px;\">Stranski valj hidravli\u010dne stiskalnice<\/td>\n<\/tr>\n<tr style=\"height: 23px;\">\n<td style=\"height: 23px;\">Zna\u010dilnosti:<\/td>\n<td style=\"height: 23px;\">Zagotovite potisk stiskalnice z glavnim cilindrom<\/td>\n<\/tr>\n<tr style=\"height: 23px;\">\n<td style=\"height: 23px;\">Bat:<\/td>\n<td style=\"height: 23px;\">420 mm\uff5e1000 mm<\/td>\n<\/tr>\n<tr style=\"height: 23px;\">\n<td style=\"height: 23px;\">Mo\u017eganska kap:<\/td>\n<td style=\"height: 23px;\">Hod \u2264 4500 mm<\/td>\n<\/tr>\n<tr style=\"height: 47px;\">\n<td style=\"height: 47px;\">Potisna sila:<\/td>\n<td style=\"height: 47px;\">Najve\u010d 24,7 MN<br \/>\n(Bat 1000 mm\/tlak 31,5 MPa)<\/td>\n<\/tr>\n<tr style=\"height: 23px;\">\n<td style=\"height: 23px;\">Uporaba hidravli\u010dnega bo\u010dnega cilindra:<\/td>\n<td style=\"height: 23px;\">Hidravli\u010dna stiskalnica<\/td>\n<\/tr>\n<\/tbody>\n<\/table>\n<h2>Povratni valj hidravli\u010dne stiskalnice<\/h2>\n<p><img loading=\"lazy\" decoding=\"async\" class=\"size-full wp-image-599 aligncenter\" src=\"https:\/\/fmp-components.com\/wp-content\/uploads\/2024\/12\/Hydraulic-Press-Return-Cylinder1.webp\" alt=\"Povratni valj hidravli\u010dne stiskalnice\" width=\"500\" height=\"200\" title=\"\" srcset=\"https:\/\/fmp-components.com\/wp-content\/uploads\/2024\/12\/Hydraulic-Press-Return-Cylinder1.webp 500w, https:\/\/fmp-components.com\/wp-content\/uploads\/2024\/12\/Hydraulic-Press-Return-Cylinder1-480x192.webp 480w\" sizes=\"(min-width: 0px) and (max-width: 480px) 480px, (min-width: 481px) 500px, 100vw\" \/><\/p>\n<table style=\"width: 98.5637%; height: 319px;\" border=\"1\" cellspacing=\"0\" cellpadding=\"0\">\n<tbody>\n<tr>\n<td>Ime izdelka<\/td>\n<td>Povratni valj hidravli\u010dne stiskalnice<\/td>\n<\/tr>\n<tr>\n<td>Zna\u010dilnosti:<\/td>\n<td>Zagotovite povratno silo za glavni in stranski valj, razdeljeno na tip bata\/tip bata<\/td>\n<\/tr>\n<tr>\n<td>Premer izvrtine:<\/td>\n<td>180 mm\uff5e410 mm<\/td>\n<\/tr>\n<tr>\n<td>Premer palice:<\/td>\n<td>\u00a0120 mm\uff5e360 mm<br \/>\nHod \u2264 4500 mm<\/td>\n<\/tr>\n<tr>\n<td>Potisna sila:<\/td>\n<td>Najve\u010d 2612 kN<br \/>\n(Premer izvrtine: 410 mm\/tlak 31,5 MPa)<\/td>\n<\/tr>\n<tr>\n<td>Bat:<\/td>\n<td>\u00a0140 mm\uff5e360 mm<br \/>\nHod \u2264 3000 mm<\/td>\n<\/tr>\n<tr>\n<td>Potisna sila bata:<\/td>\n<td>Najve\u010d 3206 kN<br \/>\n(Bat 360 mm\/tlak 31,5 MPa)<\/td>\n<\/tr>\n<tr>\n<td>Uporaba povratnega cilindra hidravli\u010dne stiskalnice:<\/td>\n<td>Hidravli\u010dna stiskalnica<\/td>\n<\/tr>\n<\/tbody>\n<\/table>\n<h2>Nivelirni cilinder hidravli\u010dne stiskalnice<\/h2>\n<p><img loading=\"lazy\" decoding=\"async\" class=\"size-full wp-image-595 aligncenter\" src=\"https:\/\/fmp-components.com\/wp-content\/uploads\/2024\/12\/Hydraulic-Press-Leveling-Cylinder1.webp\" alt=\"Nivelirni cilinder hidravli\u010dne stiskalnice\" width=\"500\" height=\"200\" title=\"\" srcset=\"https:\/\/fmp-components.com\/wp-content\/uploads\/2024\/12\/Hydraulic-Press-Leveling-Cylinder1.webp 500w, https:\/\/fmp-components.com\/wp-content\/uploads\/2024\/12\/Hydraulic-Press-Leveling-Cylinder1-480x192.webp 480w\" sizes=\"(min-width: 0px) and (max-width: 480px) 480px, (min-width: 481px) 500px, 100vw\" \/><\/p>\n<table style=\"width: 101.009%; height: 270px;\" border=\"1\" cellspacing=\"0\" cellpadding=\"0\">\n<tbody>\n<tr>\n<td>Ime izdelka<\/td>\n<td>Nivelirni cilinder hidravli\u010dne stiskalnice<\/td>\n<\/tr>\n<tr>\n<td>Zna\u010dilnosti:<\/td>\n<td>Vzporedno dvigovanje surovcev ali obdelovancev<\/td>\n<\/tr>\n<tr>\n<td>Premer izvrtine:<\/td>\n<td>\u00a090 mm\uff5e380 mm<\/td>\n<\/tr>\n<tr>\n<td>Premer palice:<\/td>\n<td>50 mm\uff5e280 mm<br \/>\nHod \u22642500 mm<\/td>\n<\/tr>\n<tr>\n<td>Potisna sila:<\/td>\n<td>Najve\u010d 2835 kN<br \/>\n(Premer valja 380 mm\/tlak 25 MPa)<\/td>\n<\/tr>\n<tr>\n<td>Uporaba nivelirnega cilindra hidravli\u010dne stiskalnice:<\/td>\n<td>Hidravli\u010dna stiskalnica<\/td>\n<\/tr>\n<\/tbody>\n<\/table>\n<h2>Nagibni cilinder hidravli\u010dne stiskalnice<\/h2>\n<p><img loading=\"lazy\" decoding=\"async\" class=\"size-full wp-image-601 aligncenter\" src=\"https:\/\/fmp-components.com\/wp-content\/uploads\/2024\/12\/Hydraulic-Press-Tilt-Cylinder1.webp\" alt=\"Nagibni cilinder hidravli\u010dne stiskalnice\" width=\"500\" height=\"200\" title=\"\" srcset=\"https:\/\/fmp-components.com\/wp-content\/uploads\/2024\/12\/Hydraulic-Press-Tilt-Cylinder1.webp 500w, https:\/\/fmp-components.com\/wp-content\/uploads\/2024\/12\/Hydraulic-Press-Tilt-Cylinder1-480x192.webp 480w\" sizes=\"(min-width: 0px) and (max-width: 480px) 480px, (min-width: 481px) 500px, 100vw\" \/><\/p>\n<table style=\"width: 97.3917%; height: 226px;\" border=\"1\" cellspacing=\"0\" cellpadding=\"0\">\n<tbody>\n<tr>\n<td>Ime izdelka<\/td>\n<td>Nagibni cilinder hidravli\u010dne stiskalnice<\/td>\n<\/tr>\n<tr>\n<td>Zna\u010dilnosti:<\/td>\n<td>Uresni\u010dite dvigovanje vpenjalne glave manipulatorja<\/td>\n<\/tr>\n<tr>\n<td>Premer izvrtine:<\/td>\n<td>\u00a0100 mm\uff5e400 mm<\/td>\n<\/tr>\n<tr>\n<td>Premer palice:<\/td>\n<td>50 mm\uff5e300 mm<br \/>\nHod \u22641500 mm<\/td>\n<\/tr>\n<tr>\n<td>Potisna sila:<\/td>\n<td>Najve\u010d 3141 kN<br \/>\n(Premer valja 400 mm\/tlak 25 MPa)<\/td>\n<\/tr>\n<tr>\n<td>Uporaba nagibnega cilindra hidravli\u010dne stiskalnice:<\/td>\n<td>Hidravli\u010dna stiskalnica<\/td>\n<\/tr>\n<\/tbody>\n<\/table>\n<h2>Hidravli\u010dni stiskalni cilinder s stranskim premikom nakovala<\/h2>\n<p><img loading=\"lazy\" decoding=\"async\" class=\"size-full wp-image-594 aligncenter\" src=\"https:\/\/fmp-components.com\/wp-content\/uploads\/2024\/12\/Hydraulic-Press-Lateral-Shift-Anvil-Cylinder1.webp\" alt=\"Hidravli\u010dni stiskalni cilinder s stranskim premikom nakovala\" width=\"500\" height=\"200\" title=\"\" srcset=\"https:\/\/fmp-components.com\/wp-content\/uploads\/2024\/12\/Hydraulic-Press-Lateral-Shift-Anvil-Cylinder1.webp 500w, https:\/\/fmp-components.com\/wp-content\/uploads\/2024\/12\/Hydraulic-Press-Lateral-Shift-Anvil-Cylinder1-480x192.webp 480w\" sizes=\"(min-width: 0px) and (max-width: 480px) 480px, (min-width: 481px) 500px, 100vw\" \/><\/p>\n<table style=\"width: 97.9604%; height: 251px;\" border=\"1\" cellspacing=\"0\" cellpadding=\"0\">\n<tbody>\n<tr style=\"height: 23px;\">\n<td style=\"height: 23px;\">Ime izdelka<\/td>\n<td style=\"height: 23px;\">Hidravli\u010dni stiskalni cilinder s stranskim premikom nakovala<\/td>\n<\/tr>\n<tr style=\"height: 23px;\">\n<td style=\"height: 23px;\">Zna\u010dilnosti:<\/td>\n<td style=\"height: 23px;\">Premaknite nakovalo bo\u010dno<\/td>\n<\/tr>\n<tr style=\"height: 23px;\">\n<td style=\"height: 23px;\">Premer izvrtine:<\/td>\n<td style=\"height: 23px;\">125 mm\uff5e250 mm<\/td>\n<\/tr>\n<tr style=\"height: 47px;\">\n<td style=\"height: 47px;\">Premer palice:<\/td>\n<td style=\"height: 47px;\">90 mm\uff5e180 mm<br \/>\nHod \u2264 5500 mm<\/td>\n<\/tr>\n<tr style=\"height: 47px;\">\n<td style=\"height: 47px;\">Potisna sila:<\/td>\n<td style=\"height: 47px;\">Najve\u010d 1546 kN<br \/>\n(Premer izvrtine: 250 mm\/tlak 31,5 MPa)<\/td>\n<\/tr>\n<tr style=\"height: 23px;\">\n<td style=\"height: 23px;\">Uporaba bo\u010dnega premi\u010dnega nakovala:<\/td>\n<td style=\"height: 23px;\">Hidravli\u010dna stiskalnica<\/td>\n<\/tr>\n<\/tbody>\n<\/table>\n<h2>Mobilni delovni cilinder hidravli\u010dne stiskalnice<\/h2>\n<p><img loading=\"lazy\" decoding=\"async\" class=\"size-full wp-image-597 aligncenter\" src=\"https:\/\/fmp-components.com\/wp-content\/uploads\/2024\/12\/Hydraulic-Press-Mobile-Workbench-Cylinder1.webp\" alt=\"Mobilni delovni cilinder hidravli\u010dne stiskalnice\" width=\"500\" height=\"200\" title=\"\" srcset=\"https:\/\/fmp-components.com\/wp-content\/uploads\/2024\/12\/Hydraulic-Press-Mobile-Workbench-Cylinder1.webp 500w, https:\/\/fmp-components.com\/wp-content\/uploads\/2024\/12\/Hydraulic-Press-Mobile-Workbench-Cylinder1-480x192.webp 480w\" sizes=\"(min-width: 0px) and (max-width: 480px) 480px, (min-width: 481px) 500px, 100vw\" \/><\/p>\n<table style=\"width: 97.2085%; height: 246px;\" border=\"1\" cellspacing=\"0\" cellpadding=\"0\">\n<tbody>\n<tr>\n<td>Ime izdelka<\/td>\n<td>Mobilni delovni cilinder hidravli\u010dne stiskalnice<\/td>\n<\/tr>\n<tr>\n<td>Zna\u010dilnosti:<\/td>\n<td>Pogon delovne mize za premikanje<\/td>\n<\/tr>\n<tr>\n<td>Premer izvrtine:<\/td>\n<td>125 mm\uff5e320 mm<\/td>\n<\/tr>\n<tr>\n<td>Premer palice:<\/td>\n<td>90 mm\uff5e220 mm<br \/>\nHod \u2264 7500 mm<\/td>\n<\/tr>\n<tr>\n<td>Potisna sila:<\/td>\n<td>Najve\u010d 2533 kN<br \/>\n(Premer valja 320 mm\/tlak 31,5 MPa)<\/td>\n<\/tr>\n<tr>\n<td>Uporaba cilindra za mobilno delovno mizo:<\/td>\n<td>Hidravli\u010dna stiskalnica<\/td>\n<\/tr>\n<\/tbody>\n<\/table>\n<h2>Vpenjalni cilinder hidravli\u010dne stiskalnice<\/h2>\n<p><img loading=\"lazy\" decoding=\"async\" class=\"size-full wp-image-590 aligncenter\" src=\"https:\/\/fmp-components.com\/wp-content\/uploads\/2024\/12\/Hydraulic-Press-Clamping-Cylinder1.webp\" alt=\"Vpenjalni cilinder hidravli\u010dne stiskalnice\" width=\"500\" height=\"200\" title=\"\" srcset=\"https:\/\/fmp-components.com\/wp-content\/uploads\/2024\/12\/Hydraulic-Press-Clamping-Cylinder1.webp 500w, https:\/\/fmp-components.com\/wp-content\/uploads\/2024\/12\/Hydraulic-Press-Clamping-Cylinder1-480x192.webp 480w\" sizes=\"(min-width: 0px) and (max-width: 480px) 480px, (min-width: 481px) 500px, 100vw\" \/><\/p>\n<table style=\"width: 94.5324%; height: 230px;\" border=\"1\" cellspacing=\"0\" cellpadding=\"0\">\n<tbody>\n<tr>\n<td>Ime izdelka<\/td>\n<td>Vpenjalni cilinder hidravli\u010dne stiskalnice<\/td>\n<\/tr>\n<tr>\n<td>Zna\u010dilnosti:<\/td>\n<td>Privijte vpenjalno glavo, ki dr\u017ei jekleni ingot ali gredico<\/td>\n<\/tr>\n<tr>\n<td>Premer izvrtine:<\/td>\n<td>125 mm\uff5e700 mm<\/td>\n<\/tr>\n<tr>\n<td>Premer palice:<\/td>\n<td>80 mm\uff5e520 mm<br \/>\nHod \u22641200 mm<\/td>\n<\/tr>\n<tr>\n<td>Potisna sila:<\/td>\n<td>Najve\u010d 9621 kN<br \/>\n(Premer valja 700 mm\/tlak 25 MPa)<\/td>\n<\/tr>\n<tr>\n<td>\u00a0Uporaba vpenjalnih cilindrov:<\/td>\n<td>Hidravli\u010dna stiskalnica<\/td>\n<\/tr>\n<\/tbody>\n<\/table>\n<h2>Hidravli\u010dni valj za stiskanje<\/h2>\n<p><img loading=\"lazy\" decoding=\"async\" class=\"size-full wp-image-591 aligncenter\" src=\"https:\/\/fmp-components.com\/wp-content\/uploads\/2024\/12\/Hydraulic-Press-Cushion-Cylinder1.webp\" alt=\"Hidravli\u010dni valj za stiskanje\" width=\"500\" height=\"200\" title=\"\" srcset=\"https:\/\/fmp-components.com\/wp-content\/uploads\/2024\/12\/Hydraulic-Press-Cushion-Cylinder1.webp 500w, https:\/\/fmp-components.com\/wp-content\/uploads\/2024\/12\/Hydraulic-Press-Cushion-Cylinder1-480x192.webp 480w\" sizes=\"(min-width: 0px) and (max-width: 480px) 480px, (min-width: 481px) 500px, 100vw\" \/><\/p>\n<table style=\"width: 98.7377%; height: 264px;\" border=\"1\" cellspacing=\"0\" cellpadding=\"0\">\n<tbody>\n<tr>\n<td>Ime izdelka<\/td>\n<td>Hidravli\u010dni valj za stiskanje<\/td>\n<\/tr>\n<tr>\n<td>Zna\u010dilnosti:<\/td>\n<td>Absorbirajte premik\/udarce pri kovanju<\/td>\n<\/tr>\n<tr>\n<td>Premer izvrtine:<\/td>\n<td>75 mm\uff5e300 mm<\/td>\n<\/tr>\n<tr>\n<td>Premer palice:<\/td>\n<td>\u00a050 mm\uff5e180 mm<br \/>\nHod \u2264 500 mm<\/td>\n<\/tr>\n<tr>\n<td>Potisna sila:<\/td>\n<td>Najve\u010d 1130 kN<br \/>\n(Premer valja 300 mm\/tlak 25 MPa)<\/td>\n<\/tr>\n<tr>\n<td>Uporaba blazinastega valja:<\/td>\n<td>Hidravli\u010dna stiskalnica<\/td>\n<\/tr>\n<\/tbody>\n<\/table>\n<h2>Hidravli\u010dni centrirni valj za stiskanje<\/h2>\n<p><img loading=\"lazy\" decoding=\"async\" class=\"size-full wp-image-589 aligncenter\" src=\"https:\/\/fmp-components.com\/wp-content\/uploads\/2024\/12\/Hydraulic-Press-Centering-Cylinder1.webp\" alt=\"Hidravli\u010dni centrirni valj za stiskanje\" width=\"500\" height=\"200\" title=\"\" srcset=\"https:\/\/fmp-components.com\/wp-content\/uploads\/2024\/12\/Hydraulic-Press-Centering-Cylinder1.webp 500w, https:\/\/fmp-components.com\/wp-content\/uploads\/2024\/12\/Hydraulic-Press-Centering-Cylinder1-480x192.webp 480w\" sizes=\"(min-width: 0px) and (max-width: 480px) 480px, (min-width: 481px) 500px, 100vw\" \/><\/p>\n<table style=\"width: 98.8953%; height: 305px;\" border=\"1\" cellspacing=\"0\" cellpadding=\"0\">\n<tbody>\n<tr style=\"height: 23px;\">\n<td style=\"height: 23px;\">Ime izdelka<\/td>\n<td style=\"height: 23px;\">Hidravli\u010dni centrirni valj za stiskanje<\/td>\n<\/tr>\n<tr style=\"height: 47px;\">\n<td style=\"height: 47px;\">Zna\u010dilnosti:<\/td>\n<td style=\"height: 47px;\">Zagotovite srednji polo\u017eaj glave objemke<\/td>\n<\/tr>\n<tr style=\"height: 23px;\">\n<td style=\"height: 23px;\">Premer izvrtine:<\/td>\n<td style=\"height: 23px;\">50 mm\uff5e190 mm<\/td>\n<\/tr>\n<tr style=\"height: 47px;\">\n<td style=\"height: 47px;\">Premer palice:<\/td>\n<td style=\"height: 47px;\">35 mm\uff5e150 mm<br \/>\nHod \u22641200 mm<\/td>\n<\/tr>\n<tr style=\"height: 47px;\">\n<td style=\"height: 47px;\">Potisna sila:<\/td>\n<td style=\"height: 47px;\">Najve\u010d 441 kN<br \/>\n(Premer valja 190 mm\/tlak 25 MPa)<\/td>\n<\/tr>\n<tr style=\"height: 47px;\">\n<td style=\"height: 47px;\">Uporaba centrirnega cilindra:<\/td>\n<td style=\"height: 47px;\">Hidravli\u010dna stiskalnica<\/td>\n<\/tr>\n<\/tbody>\n<\/table>\n<h2>Sprednji stranski premi\u010dni valj hidravli\u010dne stiskalnice<\/h2>\n<p><img loading=\"lazy\" decoding=\"async\" class=\"size-full wp-image-593 aligncenter\" src=\"https:\/\/fmp-components.com\/wp-content\/uploads\/2024\/12\/Hydraulic-Press-Front-Side-Shift-Cylinder1.webp\" alt=\"Sprednji stranski premi\u010dni valj hidravli\u010dne stiskalnice\" width=\"500\" height=\"200\" title=\"\" srcset=\"https:\/\/fmp-components.com\/wp-content\/uploads\/2024\/12\/Hydraulic-Press-Front-Side-Shift-Cylinder1.webp 500w, https:\/\/fmp-components.com\/wp-content\/uploads\/2024\/12\/Hydraulic-Press-Front-Side-Shift-Cylinder1-480x192.webp 480w\" sizes=\"(min-width: 0px) and (max-width: 480px) 480px, (min-width: 481px) 500px, 100vw\" \/><\/p>\n<table style=\"width: 97.2921%; height: 221px;\" border=\"1\" cellspacing=\"0\" cellpadding=\"0\">\n<tbody>\n<tr>\n<td>Ime izdelka<\/td>\n<td>Sprednji stranski premi\u010dni valj hidravli\u010dne stiskalnice<\/td>\n<\/tr>\n<tr>\n<td>Zna\u010dilnosti:<\/td>\n<td>Premaknite surovec ali obdelovanec vodoravno<\/td>\n<\/tr>\n<tr>\n<td>Bat:<\/td>\n<td>80 mm\uff5e240 mm<br \/>\nHod \u2264 300 mm<\/td>\n<\/tr>\n<tr>\n<td>Potisna sila:<\/td>\n<td>Najve\u010d 1130 kN<br \/>\n(Bat 240 mm\/tlak 25 MPa)<\/td>\n<\/tr>\n<tr>\n<td>Uporaba sprednjega bo\u010dnega pomi\u010dnega cilindra:<\/td>\n<td>Hidravli\u010dna stiskalnica<\/td>\n<\/tr>\n<\/tbody>\n<\/table>\n<h2>Zadnji bo\u010dni premi\u010dni valj hidravli\u010dne stiskalnice<\/h2>\n<p><img loading=\"lazy\" decoding=\"async\" class=\"size-full wp-image-598 aligncenter\" src=\"https:\/\/fmp-components.com\/wp-content\/uploads\/2024\/12\/Hydraulic-Press-Rear-Side-Shift-Cylinder1.webp\" alt=\"Zadnji bo\u010dni premi\u010dni valj hidravli\u010dne stiskalnice\" width=\"500\" height=\"200\" title=\"\" srcset=\"https:\/\/fmp-components.com\/wp-content\/uploads\/2024\/12\/Hydraulic-Press-Rear-Side-Shift-Cylinder1.webp 500w, https:\/\/fmp-components.com\/wp-content\/uploads\/2024\/12\/Hydraulic-Press-Rear-Side-Shift-Cylinder1-480x192.webp 480w\" sizes=\"(min-width: 0px) and (max-width: 480px) 480px, (min-width: 481px) 500px, 100vw\" \/><\/p>\n<table style=\"width: 98.0387%; height: 230px;\" border=\"1\" cellspacing=\"0\" cellpadding=\"0\">\n<tbody>\n<tr>\n<td>Ime izdelka<\/td>\n<td>Zadnji bo\u010dni premi\u010dni valj hidravli\u010dne stiskalnice<\/td>\n<\/tr>\n<tr>\n<td>Zna\u010dilnosti:<\/td>\n<td>Sodelujte pri dvigovanju vpenjalne glave manipulatorja<\/td>\n<\/tr>\n<tr>\n<td>Bat:<\/td>\n<td>70 mm\uff5e180 mm<br \/>\nHod \u2264 300 mm<\/td>\n<\/tr>\n<tr>\n<td>Potisna sila:<\/td>\n<td>Najve\u010d 636 kN<br \/>\n(Bat 180 mm\/tlak 25 MPa)<\/td>\n<\/tr>\n<tr>\n<td>Uporaba zadnjega bo\u010dnega pomi\u010dnega cilindra:<\/td>\n<td>Hidravli\u010dna stiskalnica<\/td>\n<\/tr>\n<\/tbody>\n<\/table>\n<h3>O FMP-ju<\/h3>\n<p>FMP je specializirano podjetje za mehansko proizvodnjo, ki se ukvarja s proizvodnjo hidravli\u010dnih cilindrov. Podjetje se \u017ee od ustanovitve osredoto\u010da na raziskave in proizvodnjo hidravli\u010dne tehnologije ter uspe\u0161no prehaja iz raznolike ponudbe izdelkov, ki je vklju\u010devala stroje za \u017eetev in gradbeni\u0161tvo, v specializacijo za komponente kmetijskih traktorjev. Z ve\u010d kot desetletjem izku\u0161enj v proizvodnji in upravljanju FMP zagotavlja visokokakovostne izdelke z naprednimi proizvodnimi tehnikami.<\/p>\n<p>Z razvojem podjetja je razvilo celovito proizvodno linijo za strojno obdelavo, monta\u017eno linijo in linijo za nana\u0161anje premazov. Na\u0161o ekipo sestavljajo usposobljeno vodstveno osebje, izku\u0161eni strojni oblikovalci in visoko usposobljeni tehniki, ki skupaj ohranjajo stabilno kakovost proizvodnje, hkrati pa u\u010dinkovito nadzorujejo neprekinjenost in u\u010dinkovitost procesov.<\/p>\n<p>FMP se dr\u017ei filozofije \u00bbTehnolo\u0161ke inovacije spodbujajo napredek, kakovost ustvarja blagovne znamke, obrtni\u0161ka spretnost zagotavlja kakovost in gradi dolgoro\u010dne odnose, v katere vsi pridobijo\u00ab. Na\u0161a zavezanost zagotavljanju visokokakovostnih izdelkov in vrhunski storitvi za stranke ostaja osrednji cilj, saj \u0161e naprej zadovoljujemo spreminjajo\u010de se potrebe trga.<\/p>\n<p><img loading=\"lazy\" decoding=\"async\" class=\"alignnone size-full wp-image-426\" src=\"https:\/\/fmp-components.com\/wp-content\/uploads\/2024\/12\/Sanitation-Machinery-Locking-Hydraulic-Cylinder-factory.webp\" sizes=\"(min-width: 0px) and (max-width: 480px) 480px, (min-width: 481px) and (max-width: 980px) 980px, (min-width: 981px) and (max-width: 1280px) 1280px, (min-width: 1281px) 1414px, 100vw\" srcset=\"https:\/\/fmp-components.com\/wp-content\/uploads\/2024\/12\/Sanitation-Machinery-Locking-Hydraulic-Cylinder-factory.webp 1414w, https:\/\/fmp-components.com\/wp-content\/uploads\/2024\/12\/Sanitation-Machinery-Locking-Hydraulic-Cylinder-factory-1280x529.webp 1280w, https:\/\/fmp-components.com\/wp-content\/uploads\/2024\/12\/Sanitation-Machinery-Locking-Hydraulic-Cylinder-factory-980x405.webp 980w, https:\/\/fmp-components.com\/wp-content\/uploads\/2024\/12\/Sanitation-Machinery-Locking-Hydraulic-Cylinder-factory-480x198.webp 480w\" alt=\"Tovarna sanitarnih strojev za zaklepanje hidravli\u010dnih valjev\" width=\"1414\" height=\"584\" title=\"\"><\/p>\n<p>Avtor: CX<\/p>","protected":false},"excerpt":{"rendered":"<p>Hidravli\u010dni cilinder za stiskalnico je zmogljiva hidravli\u010dna komponenta, zasnovana za zagotavljanje velike sile pri stiskanju v razli\u010dnih industrijskih sektorjih. Ta cilinder, zasnovan za delo s te\u017ekimi obremenitvami, je klju\u010dnega pomena za naloge, kot so oblikovanje kovin, brizganje plastike in monta\u017ea, kjer je natan\u010den tlak bistvenega pomena. Izdelan je iz visoko trdnih materialov, kar zagotavlja vzdr\u017eljivost in zanesljivost v zahtevnih okoljih. Gladko hidravli\u010dno delovanje omogo\u010da nadzorovane gibe, kar zagotavlja natan\u010dne rezultate med stiskanjem. Na splo\u0161no je ta hidravli\u010dni cilinder klju\u010dnega pomena za optimizacijo delovanja in u\u010dinkovitosti pri stiskanju, zaradi \u010desar je nepogre\u0161ljiv za u\u010dinkovito oblikovanje in stiskanje materiala.<\/p>","protected":false},"featured_media":588,"comment_status":"open","ping_status":"closed","template":"","meta":{"_et_pb_use_builder":"","_et_pb_old_content":"","_et_gb_content_width":""},"product_brand":[],"product_cat":[27],"product_tag":[],"class_list":{"0":"post-587","1":"product","2":"type-product","3":"status-publish","4":"has-post-thumbnail","6":"product_cat-industrial-engineering-hydraulic-cylinders","8":"first","9":"instock","10":"shipping-taxable","11":"product-type-simple"},"_links":{"self":[{"href":"https:\/\/fmp-components.com\/sl\/wp-json\/wp\/v2\/product\/587","targetHints":{"allow":["GET"]}}],"collection":[{"href":"https:\/\/fmp-components.com\/sl\/wp-json\/wp\/v2\/product"}],"about":[{"href":"https:\/\/fmp-components.com\/sl\/wp-json\/wp\/v2\/types\/product"}],"replies":[{"embeddable":true,"href":"https:\/\/fmp-components.com\/sl\/wp-json\/wp\/v2\/comments?post=587"}],"wp:featuredmedia":[{"embeddable":true,"href":"https:\/\/fmp-components.com\/sl\/wp-json\/wp\/v2\/media\/588"}],"wp:attachment":[{"href":"https:\/\/fmp-components.com\/sl\/wp-json\/wp\/v2\/media?parent=587"}],"wp:term":[{"taxonomy":"product_brand","embeddable":true,"href":"https:\/\/fmp-components.com\/sl\/wp-json\/wp\/v2\/product_brand?post=587"},{"taxonomy":"product_cat","embeddable":true,"href":"https:\/\/fmp-components.com\/sl\/wp-json\/wp\/v2\/product_cat?post=587"},{"taxonomy":"product_tag","embeddable":true,"href":"https:\/\/fmp-components.com\/sl\/wp-json\/wp\/v2\/product_tag?post=587"}],"curies":[{"name":"delovni list","href":"https:\/\/api.w.org\/{rel}","templated":true}]}}