{"id":555,"date":"2024-12-16T08:31:00","date_gmt":"2024-12-16T08:31:00","guid":{"rendered":"https:\/\/fmp-components.com\/?page_id=8"},"modified":"2024-12-16T08:31:00","modified_gmt":"2024-12-16T08:31:00","slug":"rotary-drilling-cylinder","status":"publish","type":"product","link":"https:\/\/fmp-components.com\/sl\/product\/rotary-drilling-cylinder\/","title":{"rendered":"Rotacijski vrtalni valj"},"content":{"rendered":"<p style=\"text-align: center;\"><span style=\"font-size: 18pt;\">Rotacijski vrtalni valj<\/span><\/p>\n<p>Rotacijski vrtalni valj je klju\u010dna hidravli\u010dna komponenta, zasnovana za omogo\u010danje rotacijskega gibanja, potrebnega za vrtanje v razli\u010dnih aplikacijah, vklju\u010dno z gradbeni\u0161tvom, rudarstvom in geotehniko. Ta valj zagotavlja potrebno silo za vrtenje svedra, kar omogo\u010da u\u010dinkovito prodiranje v razli\u010dne vrste tal in kamnin.<\/p>\n<p><img loading=\"lazy\" decoding=\"async\" class=\"size-full wp-image-556 aligncenter\" src=\"https:\/\/fmp-components.com\/wp-content\/uploads\/2024\/12\/Rotary-Drilling-Cylinder.webp\" alt=\"Rotacijski vrtalni valj\" width=\"760\" height=\"533\" title=\"\" srcset=\"https:\/\/fmp-components.com\/wp-content\/uploads\/2024\/12\/Rotary-Drilling-Cylinder.webp 760w, https:\/\/fmp-components.com\/wp-content\/uploads\/2024\/12\/Rotary-Drilling-Cylinder-480x337.webp 480w\" sizes=\"(min-width: 0px) and (max-width: 480px) 480px, (min-width: 481px) 760px, 100vw\" \/><\/p>\n<h4>Klju\u010dne lastnosti:<\/h4>\n<ul>\n<li><strong>Robustna konstrukcija:<\/strong> Rotacijski vrtalni valj je izdelan iz visoko trdnih materialov in je zasnovan tako, da prenese zahtevne pogoje vrtalnih okolij, kar zagotavlja dolgotrajno vzdr\u017eljivost in zanesljivost.<\/li>\n<li><strong>Gladko delovanje:<\/strong> Hidravli\u010dna zasnova omogo\u010da gladko in nadzorovano vrtenje, kar zagotavlja natan\u010dne vrtalne zmogljivosti in izbolj\u0161uje splo\u0161no operativno u\u010dinkovitost.<\/li>\n<li><strong>Vsestranska uporaba:<\/strong> Ta valj, primeren za \u0161iroko paleto vrtalne opreme, izbolj\u0161uje funkcionalnost rotacijskih vrtalnikov, svedrov in drugih vrtalnih strojev, zaradi \u010desar je idealen za razli\u010dne projekte.<\/li>\n<li><strong>Izbolj\u0161ana zmogljivost:<\/strong> Z zagotavljanjem konstantne mo\u010di in navora rotacijski vrtalni valj optimizira delovanje vrtanja, kar omogo\u010da hitrej\u0161e in u\u010dinkovitej\u0161e prodiranje.<\/li>\n<li><strong>Nizke zahteve glede vzdr\u017eevanja:<\/strong> Ta valj je zasnovan za minimalno obrabo in zahteva manj vzdr\u017eevanja, kar skraj\u0161a \u010das izpada in prispeva k ve\u010dji produktivnosti pri vrtanju.<\/li>\n<\/ul>\n<p>Skratka, rotacijski vrtalni valj je bistvena komponenta, ki pove\u010duje u\u010dinkovitost in uspe\u0161nost vrtanja, zaradi \u010desar je nepogre\u0161ljiv za razli\u010dne industrijske in gradbene aplikacije.<\/p>\n<h2>Specifikacije rotacijskega vrtalnega cilindra:<\/h2>\n<p>Rotacijski vrtalni cilinder za pomik vrtalne naprave je klju\u010dna hidravli\u010dna komponenta, zasnovana za nadzor kota roke vrtalne naprave, kar omogo\u010da natan\u010dno pozicioniranje med vrtanjem. Ta cilinder omogo\u010da pomik vrtalne naprave, ki prilagaja vi\u0161ino in kot roke za optimizacijo u\u010dinkovitosti vrtanja in dostop do razli\u010dnih globin. Izdelan je iz visoko trdnih materialov in je zasnovan tako, da prenese zahtevne pogoje gradbenih in vrtalnih okolij, kar zagotavlja vzdr\u017eljivost in zanesljivost. Gladko hidravli\u010dno delovanje pomika vrtalne naprave omogo\u010da hitro prilagajanje, kar pove\u010duje vsestranskost in zmogljivost naprave, hkrati pa zagotavlja varno in u\u010dinkovito vrtanje v razli\u010dnih aplikacijah.<\/p>\n<p><img loading=\"lazy\" decoding=\"async\" class=\"size-full wp-image-558 aligncenter\" src=\"https:\/\/fmp-components.com\/wp-content\/uploads\/2024\/12\/Rotary-Drilling-Luffing-Cylinder1.webp\" alt=\"Rotacijski vrtalni valj za premikanje\" width=\"500\" height=\"200\" title=\"\" srcset=\"https:\/\/fmp-components.com\/wp-content\/uploads\/2024\/12\/Rotary-Drilling-Luffing-Cylinder1.webp 500w, https:\/\/fmp-components.com\/wp-content\/uploads\/2024\/12\/Rotary-Drilling-Luffing-Cylinder1-480x192.webp 480w\" sizes=\"(min-width: 0px) and (max-width: 480px) 480px, (min-width: 481px) 500px, 100vw\" \/><\/p>\n<table style=\"width: 92.1166%; height: 218px;\" border=\"1\" cellspacing=\"0\" cellpadding=\"0\">\n<tbody>\n<tr>\n<td>Ime izdelka<\/td>\n<td>Rotacijski vrtalni valj za premikanje<\/td>\n<\/tr>\n<tr>\n<td>Zna\u010dilnosti:<\/td>\n<td>Nadzorujte kot nagiba, prilagodite razdaljo med jamborom in gostiteljem<\/td>\n<\/tr>\n<tr>\n<td>Premer izvrtine:<\/td>\n<td>125 mm\uff5e250 mm<\/td>\n<\/tr>\n<tr>\n<td>Premer palice:<\/td>\n<td>90 mm\uff5e160 mm<br \/>\nHod \u22641640 mm<\/td>\n<\/tr>\n<tr>\n<td>Tlak:<\/td>\n<td>do 32 MPa<\/td>\n<\/tr>\n<tr>\n<td>Uporaba nihajnega cilindra:<\/td>\n<td>Rotacijsko vrtanje<\/td>\n<\/tr>\n<\/tbody>\n<\/table>\n<p><img loading=\"lazy\" decoding=\"async\" class=\"alignnone size-full wp-image-565\" src=\"https:\/\/fmp-components.com\/wp-content\/uploads\/2024\/12\/Rotary-Drilling-Luffing-Cylinder1-1.webp\" alt=\"Rotacijski vrtalni valj za premikanje\" width=\"839\" height=\"425\" title=\"\" srcset=\"https:\/\/fmp-components.com\/wp-content\/uploads\/2024\/12\/Rotary-Drilling-Luffing-Cylinder1-1.webp 839w, https:\/\/fmp-components.com\/wp-content\/uploads\/2024\/12\/Rotary-Drilling-Luffing-Cylinder1-1-480x243.webp 480w\" sizes=\"(min-width: 0px) and (max-width: 480px) 480px, (min-width: 481px) 839px, 100vw\" \/> <img loading=\"lazy\" decoding=\"async\" class=\"alignnone size-full wp-image-566\" src=\"https:\/\/fmp-components.com\/wp-content\/uploads\/2024\/12\/Rotary-Drilling-Luffing-Cylinder2.webp\" alt=\"Rotacijski vrtalni valj za premikanje\" width=\"831\" height=\"417\" title=\"\" srcset=\"https:\/\/fmp-components.com\/wp-content\/uploads\/2024\/12\/Rotary-Drilling-Luffing-Cylinder2.webp 831w, https:\/\/fmp-components.com\/wp-content\/uploads\/2024\/12\/Rotary-Drilling-Luffing-Cylinder2-480x241.webp 480w\" sizes=\"(min-width: 0px) and (max-width: 480px) 480px, (min-width: 481px) 831px, 100vw\" \/><\/p>\n<h2>Specifikacije cilindra rotacijskega vrtalnega jambora:<\/h2>\n<p>Rotacijski vrtalni valj je klju\u010dna hidravli\u010dna komponenta, ki podpira navpi\u010dno gibanje vrtalnega droga in omogo\u010da njegovo dvigovanje in spu\u0161\u010danje med vrtanjem. Ta valj je zasnovan tako, da zagotavlja potrebno silo za izteg droga na razli\u010dne vi\u0161ine, kar omogo\u010da u\u010dinkovit dostop do globin, potrebnih za vrtanje. Izdelan je iz visoko trdnih materialov in je zasnovan tako, da prenese stroge zahteve vrtalnih okolij, kar zagotavlja dolgotrajno vzdr\u017eljivost in zanesljivost. Gladko hidravli\u010dno delovanje cilindra droga omogo\u010da natan\u010den nadzor, izbolj\u0161uje splo\u0161no stabilnost in zmogljivost vrtalne plo\u0161\u010dadi, hkrati pa zagotavlja varno in u\u010dinkovito delovanje v razli\u010dnih aplikacijah.<\/p>\n<p><img loading=\"lazy\" decoding=\"async\" class=\"size-full wp-image-559 aligncenter\" src=\"https:\/\/fmp-components.com\/wp-content\/uploads\/2024\/12\/Rotary-Drilling-Mast-Cylinder1.webp\" alt=\"Rotacijski vrtalni valj\" width=\"500\" height=\"200\" title=\"\" srcset=\"https:\/\/fmp-components.com\/wp-content\/uploads\/2024\/12\/Rotary-Drilling-Mast-Cylinder1.webp 500w, https:\/\/fmp-components.com\/wp-content\/uploads\/2024\/12\/Rotary-Drilling-Mast-Cylinder1-480x192.webp 480w\" sizes=\"(min-width: 0px) and (max-width: 480px) 480px, (min-width: 481px) 500px, 100vw\" \/><\/p>\n<table style=\"width: 92.4146%; height: 200px;\" border=\"1\" cellspacing=\"0\" cellpadding=\"0\">\n<tbody>\n<tr style=\"height: 23px;\">\n<td style=\"width: 30.6306%; height: 23px;\">Ime izdelka<\/td>\n<td style=\"width: 69.009%; height: 23px;\">Rotacijski vrtalni valj<\/td>\n<\/tr>\n<tr style=\"height: 23px;\">\n<td style=\"width: 30.6306%; height: 23px;\">Zna\u010dilnosti:<\/td>\n<td style=\"width: 69.009%; height: 23px;\">Nadzorujte dvi\u017eni drog, prilagodite kot dvi\u017enega droga in tal<\/td>\n<\/tr>\n<tr style=\"height: 23px;\">\n<td style=\"width: 30.6306%; height: 23px;\">Premer izvrtine:<\/td>\n<td style=\"width: 69.009%; height: 23px;\">140 mm\uff5e350 mm<\/td>\n<\/tr>\n<tr style=\"height: 47px;\">\n<td style=\"width: 30.6306%; height: 47px;\">Premer palice:<\/td>\n<td style=\"width: 69.009%; height: 47px;\">90 mm\uff5e230 mm<br \/>\nHod \u2264 5550 mm<\/td>\n<\/tr>\n<tr style=\"height: 23px;\">\n<td style=\"width: 30.6306%; height: 23px;\">Tlak:<\/td>\n<td style=\"width: 69.009%; height: 23px;\">do 32 MPa<\/td>\n<\/tr>\n<tr style=\"height: 23px;\">\n<td style=\"width: 30.6306%; height: 23px;\">Uporaba cilindra jambora:<\/td>\n<td style=\"width: 69.009%; height: 23px;\">Rotacijsko vrtanje<\/td>\n<\/tr>\n<\/tbody>\n<\/table>\n<p><img loading=\"lazy\" decoding=\"async\" class=\"alignnone size-full wp-image-563\" src=\"https:\/\/fmp-components.com\/wp-content\/uploads\/2024\/12\/Rotary-Drilling-Mast-Cylinder1-1.webp\" alt=\"Rotacijski vrtalni valj\" width=\"821\" height=\"426\" title=\"\" srcset=\"https:\/\/fmp-components.com\/wp-content\/uploads\/2024\/12\/Rotary-Drilling-Mast-Cylinder1-1.webp 821w, https:\/\/fmp-components.com\/wp-content\/uploads\/2024\/12\/Rotary-Drilling-Mast-Cylinder1-1-480x249.webp 480w\" sizes=\"(min-width: 0px) and (max-width: 480px) 480px, (min-width: 481px) 821px, 100vw\" \/> <img loading=\"lazy\" decoding=\"async\" class=\"alignnone size-full wp-image-564\" src=\"https:\/\/fmp-components.com\/wp-content\/uploads\/2024\/12\/Rotary-Drilling-Mast-Cylinder2.webp\" alt=\"Rotacijski vrtalni valj\" width=\"828\" height=\"414\" title=\"\" srcset=\"https:\/\/fmp-components.com\/wp-content\/uploads\/2024\/12\/Rotary-Drilling-Mast-Cylinder2.webp 828w, https:\/\/fmp-components.com\/wp-content\/uploads\/2024\/12\/Rotary-Drilling-Mast-Cylinder2-480x240.webp 480w\" sizes=\"(min-width: 0px) and (max-width: 480px) 480px, (min-width: 481px) 828px, 100vw\" \/><\/p>\n<h2>Specifikacije tla\u010dnega cilindra za rotacijsko vrtanje:<\/h2>\n<p>Rotacijski vrtalni tla\u010dni valj je klju\u010dna hidravli\u010dna komponenta, zasnovana za ustvarjanje in vzdr\u017eevanje tlaka med rotacijskim vrtanjem. Ta valj zagotavlja, da sveder prejema enakomerno silo, kar pove\u010duje njegovo u\u010dinkovitost pri prodiranju v razli\u010dne talne in kamnite formacije. Izdelan je iz visoko trdnih materialov in je zasnovan tako, da prenese zahtevne pogoje vrtalnih okolij, kar zagotavlja vzdr\u017eljivost in zanesljivost. Tla\u010dno delovanje omogo\u010da u\u010dinkovito vrtanje, izbolj\u0161uje hitrost in u\u010dinkovitost delovanja. Poleg tega zasnova valja omogo\u010da gladko hidravli\u010dno gibanje, kar zagotavlja natan\u010den nadzor in stabilnost med vrtanjem, zaradi \u010desar je bistvenega pomena za razli\u010dne gradbene in geotehni\u010dne aplikacije.<\/p>\n<p><img loading=\"lazy\" decoding=\"async\" class=\"size-full wp-image-560 aligncenter\" src=\"https:\/\/fmp-components.com\/wp-content\/uploads\/2024\/12\/Rotary-Drilling-Pressurized-Cylinder.webp\" alt=\"Rotacijski vrtalni tla\u010dni valj\" width=\"500\" height=\"200\" title=\"\" srcset=\"https:\/\/fmp-components.com\/wp-content\/uploads\/2024\/12\/Rotary-Drilling-Pressurized-Cylinder.webp 500w, https:\/\/fmp-components.com\/wp-content\/uploads\/2024\/12\/Rotary-Drilling-Pressurized-Cylinder-480x192.webp 480w\" sizes=\"(min-width: 0px) and (max-width: 480px) 480px, (min-width: 481px) 500px, 100vw\" \/><\/p>\n<table style=\"width: 91.2553%; height: 204px;\" border=\"1\" cellspacing=\"0\" cellpadding=\"0\">\n<tbody>\n<tr>\n<td>Ime izdelka<\/td>\n<td>Rotacijski vrtalni tla\u010dni valj<\/td>\n<\/tr>\n<tr>\n<td>Zna\u010dilnosti:<\/td>\n<td>Nadzorujte dvigovanje in spu\u0161\u010danje glave motorja<\/td>\n<\/tr>\n<tr>\n<td>Premer izvrtine:<\/td>\n<td>125 mm\uff5e210 mm<\/td>\n<\/tr>\n<tr>\n<td>Premer palice:<\/td>\n<td>90 mm\uff5e150 mm<br \/>\nHod \u2264 8500 mm<\/td>\n<\/tr>\n<tr>\n<td>Tlak:<\/td>\n<td>do 35 MPa<\/td>\n<\/tr>\n<tr>\n<td>Uporaba tla\u010dnih jeklenk:<\/td>\n<td>Rotacijsko vrtanje<\/td>\n<\/tr>\n<\/tbody>\n<\/table>\n<p><img loading=\"lazy\" decoding=\"async\" class=\"alignnone size-full wp-image-561\" src=\"https:\/\/fmp-components.com\/wp-content\/uploads\/2024\/12\/Rotary-Drilling-Pressurized-Cylinder2.webp\" alt=\"Rotacijski vrtalni tla\u010dni valj\" width=\"831\" height=\"416\" title=\"\" srcset=\"https:\/\/fmp-components.com\/wp-content\/uploads\/2024\/12\/Rotary-Drilling-Pressurized-Cylinder2.webp 831w, https:\/\/fmp-components.com\/wp-content\/uploads\/2024\/12\/Rotary-Drilling-Pressurized-Cylinder2-480x240.webp 480w\" sizes=\"(min-width: 0px) and (max-width: 480px) 480px, (min-width: 481px) 831px, 100vw\" \/> <img loading=\"lazy\" decoding=\"async\" class=\"alignnone size-full wp-image-562\" src=\"https:\/\/fmp-components.com\/wp-content\/uploads\/2024\/12\/Rotary-Drilling-Pressurized-Cylinder1.png\" alt=\"Rotacijski vrtalni tla\u010dni valj\" width=\"817\" height=\"430\" title=\"\" srcset=\"https:\/\/fmp-components.com\/wp-content\/uploads\/2024\/12\/Rotary-Drilling-Pressurized-Cylinder1.png 817w, https:\/\/fmp-components.com\/wp-content\/uploads\/2024\/12\/Rotary-Drilling-Pressurized-Cylinder1-480x253.png 480w\" sizes=\"(min-width: 0px) and (max-width: 480px) 480px, (min-width: 481px) 817px, 100vw\" \/><\/p>\n<h2>O FMP-ju<\/h2>\n<p>FMP je specializirano podjetje za mehansko proizvodnjo, ki se ukvarja s proizvodnjo hidravli\u010dnih cilindrov. Podjetje se \u017ee od ustanovitve osredoto\u010da na raziskave in proizvodnjo hidravli\u010dne tehnologije ter uspe\u0161no prehaja iz raznolike ponudbe izdelkov, ki je vklju\u010devala stroje za \u017eetev in gradbeni\u0161tvo, v specializacijo za komponente kmetijskih traktorjev. Z ve\u010d kot desetletjem izku\u0161enj v proizvodnji in upravljanju FMP zagotavlja visokokakovostne izdelke z naprednimi proizvodnimi tehnikami.<\/p>\n<p>Z razvojem podjetja je razvilo celovito proizvodno linijo za strojno obdelavo, monta\u017eno linijo in linijo za nana\u0161anje premazov. Na\u0161o ekipo sestavljajo usposobljeno vodstveno osebje, izku\u0161eni strojni oblikovalci in visoko usposobljeni tehniki, ki skupaj ohranjajo stabilno kakovost proizvodnje, hkrati pa u\u010dinkovito nadzorujejo neprekinjenost in u\u010dinkovitost procesov.<\/p>\n<p>FMP se dr\u017ei filozofije \u00bbTehnolo\u0161ke inovacije spodbujajo napredek, kakovost ustvarja blagovne znamke, obrtni\u0161ka spretnost zagotavlja kakovost in gradi dolgoro\u010dne odnose, v katere vsi pridobijo\u00ab. Na\u0161a zavezanost zagotavljanju visokokakovostnih izdelkov in vrhunski storitvi za stranke ostaja osrednji cilj, saj \u0161e naprej zadovoljujemo spreminjajo\u010de se potrebe trga.<\/p>\n<p><img loading=\"lazy\" decoding=\"async\" class=\"alignnone size-full wp-image-426\" src=\"https:\/\/fmp-components.com\/wp-content\/uploads\/2024\/12\/Sanitation-Machinery-Locking-Hydraulic-Cylinder-factory.webp\" sizes=\"(min-width: 0px) and (max-width: 480px) 480px, (min-width: 481px) and (max-width: 980px) 980px, (min-width: 981px) and (max-width: 1280px) 1280px, (min-width: 1281px) 1414px, 100vw\" srcset=\"https:\/\/fmp-components.com\/wp-content\/uploads\/2024\/12\/Sanitation-Machinery-Locking-Hydraulic-Cylinder-factory.webp 1414w, https:\/\/fmp-components.com\/wp-content\/uploads\/2024\/12\/Sanitation-Machinery-Locking-Hydraulic-Cylinder-factory-1280x529.webp 1280w, https:\/\/fmp-components.com\/wp-content\/uploads\/2024\/12\/Sanitation-Machinery-Locking-Hydraulic-Cylinder-factory-980x405.webp 980w, https:\/\/fmp-components.com\/wp-content\/uploads\/2024\/12\/Sanitation-Machinery-Locking-Hydraulic-Cylinder-factory-480x198.webp 480w\" alt=\"Tovarna sanitarnih strojev za zaklepanje hidravli\u010dnih valjev\" width=\"1414\" height=\"584\" title=\"\"><\/p>\n<p>Avtor: CX<\/p>","protected":false},"excerpt":{"rendered":"<p>Rotary Drilling Cylinder The Rotary Drilling Cylinder is a crucial hydraulic component designed to facilitate the rotary motion required for drilling operations in various applications, including construction, mining, and geotechnical engineering. This cylinder provides the necessary force to rotate the drill bit, enabling efficient penetration into different types of soil and rock. Key Features: Robust [&hellip;]<\/p>","protected":false},"featured_media":557,"comment_status":"open","ping_status":"closed","template":"","meta":{"_et_pb_use_builder":"","_et_pb_old_content":"","_et_gb_content_width":""},"product_brand":[],"product_cat":[25],"product_tag":[],"class_list":{"0":"post-555","1":"product","2":"type-product","3":"status-publish","4":"has-post-thumbnail","6":"product_cat-mobile-machinery-hydraulic-cylinder","8":"first","9":"instock","10":"shipping-taxable","11":"product-type-simple"},"_links":{"self":[{"href":"https:\/\/fmp-components.com\/sl\/wp-json\/wp\/v2\/product\/555","targetHints":{"allow":["GET"]}}],"collection":[{"href":"https:\/\/fmp-components.com\/sl\/wp-json\/wp\/v2\/product"}],"about":[{"href":"https:\/\/fmp-components.com\/sl\/wp-json\/wp\/v2\/types\/product"}],"replies":[{"embeddable":true,"href":"https:\/\/fmp-components.com\/sl\/wp-json\/wp\/v2\/comments?post=555"}],"wp:featuredmedia":[{"embeddable":true,"href":"https:\/\/fmp-components.com\/sl\/wp-json\/wp\/v2\/media\/557"}],"wp:attachment":[{"href":"https:\/\/fmp-components.com\/sl\/wp-json\/wp\/v2\/media?parent=555"}],"wp:term":[{"taxonomy":"product_brand","embeddable":true,"href":"https:\/\/fmp-components.com\/sl\/wp-json\/wp\/v2\/product_brand?post=555"},{"taxonomy":"product_cat","embeddable":true,"href":"https:\/\/fmp-components.com\/sl\/wp-json\/wp\/v2\/product_cat?post=555"},{"taxonomy":"product_tag","embeddable":true,"href":"https:\/\/fmp-components.com\/sl\/wp-json\/wp\/v2\/product_tag?post=555"}],"curies":[{"name":"delovni list","href":"https:\/\/api.w.org\/{rel}","templated":true}]}}