{"id":5256,"date":"2025-02-05T05:17:19","date_gmt":"2025-02-05T05:17:19","guid":{"rendered":"https:\/\/fmp-components.com\/?post_type=product&#038;p=5256"},"modified":"2025-02-05T06:13:06","modified_gmt":"2025-02-05T06:13:06","slug":"hand-or-electric-chain-hoist-sprocket-for-crane-lifting","status":"publish","type":"product","link":"https:\/\/fmp-components.com\/sl\/product\/hand-or-electric-chain-hoist-sprocket-for-crane-lifting\/","title":{"rendered":"Ro\u010dno ali elektri\u010dno veri\u017eno dvigalo za dvigovanje z \u017eerjavom"},"content":{"rendered":"<h2>Pregled izdelka z veri\u017enim dvigalom<\/h2>\n<p>Veri\u017eni zobnik za veri\u017eno dvigalo je zasnovan za enostavno uporabo, prenosljivost in varnost, zaradi \u010desar je priljubljena izbira med uporabniki. S svojo inovativno zasnovo in gladkim delovanjem se ta zobnik odli\u010dno obnese pri dvigovanju te\u017ekih bremen. Kaj pa ga lo\u010di od drugih?<\/p>\n<p>Zobnik veri\u017enega dvigala je izdelan iz komponent, kot so kavlji, verige in drugi deli, ki imajo visoko nosilnost, odli\u010dno \u017eilavost in trdnost. Te lastnosti zagotavljajo, da zobnik med uporabo ostane vzdr\u017eljiv in odporen na lom, kar znatno izbolj\u0161a varnost delovanja. Robustna konstrukcija zobnika omogo\u010da enakomerno dvigovanje te\u017ekih bremen v dalj\u0161ih obdobjih, kar pove\u010da u\u010dinkovitost dela in zmanj\u0161a potrebo po ro\u010dnem delu.<\/p>\n<p>Zobnik veri\u017enega dvigala, ki se pogosto uporablja v panogah, kot so energetika, promet, gradnja mostov in premog, ponuja edinstvene prednosti, ki prispevajo k u\u010dinkovitej\u0161emu in varnej\u0161emu delovanju na razli\u010dnih podro\u010djih, zaradi \u010desar je neprecenljivo orodje za izbolj\u0161anje produktivnosti.<\/p>\n<h3>Nadgrajena zasnova fiksne jermenice<\/h3>\n<p>Zobnik veri\u017enega dvigala je napredna razli\u010dica tradicionalnega fiksnega \u0161kripca, ki zdru\u017euje najbolj\u0161e lastnosti fiksnega \u0161kripca z dodatno funkcionalnostjo. Vklju\u010duje reduktor, povratno zavoro in zobnik veri\u017enega dvigala, vse v simetri\u010dnem sekundarnem sistemu zobnikov. Ta postavitev je preprosta, vzdr\u017eljiva in zelo u\u010dinkovita.<\/p>\n<p>Postopek je preprost: ro\u010dna veriga in veri\u017eno kolo se potegneta, da se zasko\u010dita z ragljo torne plo\u0161\u010de in zavornim sede\u017eem, zaradi \u010desar se vrtita skupaj. Ko zobata gred vrti plo\u0161\u010dati zobnik, sledita tudi kratka zobata gred in zobnik z utorno luknjo. To dejanje poganja dvi\u017eno veri\u017eno kolo, ki nato premika dvi\u017eno verigo za enakomerno dvigovanje te\u017ekega bremena. Poleg tega enosmerni zavorni mehanizem z ragljo torne plo\u0161\u010de zagotavlja samodejno zaviranje pod obremenitvijo. Zasko\u010dka se pod napetostjo vzmeti zasko\u010di z ragljo, kar omogo\u010da varno in zanesljivo delovanje zavore.<\/p>\n<p>Zobnik veri\u017enega dvigala je zasnovan tako, da zagotavlja zanesljivo, u\u010dinkovito in varno dvigovanje, zaradi \u010desar je idealna izbira za zahtevna industrijska opravila.<\/p>\n<h3>Vzdr\u017eevanje zobnika ro\u010dnega veri\u017enega dvigala<\/h3>\n<p>Veri\u017eno dvigalo se uporablja predvsem za dvigovanje te\u017ekih predmetov in name\u0161\u010danje opreme. Za zagotovitev varnega in nemotenega delovanja je treba pred za\u010detkom kakr\u0161nih koli dvi\u017enih del upo\u0161tevati naslednje korake:<\/p>\n<ol>\n<li><strong>Preverite nosilnost<\/strong>: Prepri\u010dajte se, da je te\u017ea dvigovanega predmeta znotraj nazivne nosilnosti ro\u010dnega veri\u017enega dvigala, da prepre\u010dite preobremenitev.<\/li>\n<li><strong>Preglejte delovno okolje<\/strong>Preverite, ali delovno obmo\u010dje izpolnjuje potrebne varnostne zahteve. Za zmanj\u0161anje tveganja nesre\u010d dolo\u010dite dolo\u010deno varnostno obmo\u010dje okoli dvigovanja.<\/li>\n<li><strong>Preglejte komponente dvigala<\/strong>Preverite ro\u010dno veri\u017eno dvigalo in bodite pozorni na morebitne znake rje, obrabe ali razpok na njegovih delih. \u010ce odkrijete kakr\u0161ne koli te\u017eave, takoj ustavite delovanje in zamenjajte ali popravite po\u0161kodovane komponente.<\/li>\n<li><strong>Zavarujte tovor<\/strong>Pred dvigovanjem se prepri\u010dajte, da je tovor pravilno pritrjen, da prepre\u010dite njegov padec med delovanjem.<\/li>\n<\/ol>\n<p>Z upo\u0161tevanjem teh navodil za vzdr\u017eevanje in varnost lahko zagotovite dolgo \u017eivljenjsko dobo zobnika va\u0161ega ro\u010dnega veri\u017enega dvigala, hkrati pa ohranite varno delovno okolje.<\/p>\n<table style=\"width: 100%;\" border=\"1\" width=\"100%\" cellspacing=\"0\" cellpadding=\"0\">\n<tbody>\n<tr style=\"height: 14.40pt;\">\n<td style=\"height: 14.4pt; width: 26.5659%;\" width=\"166\" height=\"24\">Ro\u010dno veri\u017eno dvigalo<\/td>\n<td style=\"width: 26.5658%;\" width=\"187\">Elektri\u010dno veri\u017eno dvigalo<\/td>\n<td style=\"width: 23.2181%;\" width=\"123\">Vzvodno dvigalo<\/td>\n<td style=\"width: 23.4341%;\" width=\"80\">Vozi\u010dek z zobniki<\/td>\n<\/tr>\n<tr style=\"height: 14.40pt;\">\n<td style=\"height: 14.4pt; width: 26.5659%;\" align=\"right\" height=\"24\"><img loading=\"lazy\" decoding=\"async\" class=\"alignnone size-full wp-image-5267\" src=\"https:\/\/fmp-components.com\/wp-content\/uploads\/2025\/02\/fmp_cast-sprocket-4.webp\" alt=\"fmp_cast-zobnik\" width=\"300\" height=\"300\" title=\"\" srcset=\"https:\/\/fmp-components.com\/wp-content\/uploads\/2025\/02\/fmp_cast-sprocket-4.webp 300w, https:\/\/fmp-components.com\/wp-content\/uploads\/2025\/02\/fmp_cast-sprocket-4-150x150.webp 150w, https:\/\/fmp-components.com\/wp-content\/uploads\/2025\/02\/fmp_cast-sprocket-4-12x12.webp 12w, https:\/\/fmp-components.com\/wp-content\/uploads\/2025\/02\/fmp_cast-sprocket-4-100x100.webp 100w\" sizes=\"(max-width: 300px) 100vw, 300px\" \/><\/td>\n<td style=\"width: 26.5658%;\" align=\"right\"><img loading=\"lazy\" decoding=\"async\" class=\"alignnone size-full wp-image-5259\" src=\"https:\/\/fmp-components.com\/wp-content\/uploads\/2025\/02\/fmp_cast-sprocket-7.webp\" alt=\"fmp_cast-zobnik\" width=\"300\" height=\"300\" title=\"\" srcset=\"https:\/\/fmp-components.com\/wp-content\/uploads\/2025\/02\/fmp_cast-sprocket-7.webp 300w, https:\/\/fmp-components.com\/wp-content\/uploads\/2025\/02\/fmp_cast-sprocket-7-150x150.webp 150w, https:\/\/fmp-components.com\/wp-content\/uploads\/2025\/02\/fmp_cast-sprocket-7-12x12.webp 12w, https:\/\/fmp-components.com\/wp-content\/uploads\/2025\/02\/fmp_cast-sprocket-7-100x100.webp 100w\" sizes=\"(max-width: 300px) 100vw, 300px\" \/><\/td>\n<td style=\"width: 23.2181%;\" align=\"right\"><img loading=\"lazy\" decoding=\"async\" class=\"alignnone size-full wp-image-5260\" src=\"https:\/\/fmp-components.com\/wp-content\/uploads\/2025\/02\/fmp_cast-sprocket-9.webp\" alt=\"fmp_cast-zobnik\" width=\"300\" height=\"300\" title=\"\" srcset=\"https:\/\/fmp-components.com\/wp-content\/uploads\/2025\/02\/fmp_cast-sprocket-9.webp 300w, https:\/\/fmp-components.com\/wp-content\/uploads\/2025\/02\/fmp_cast-sprocket-9-150x150.webp 150w, https:\/\/fmp-components.com\/wp-content\/uploads\/2025\/02\/fmp_cast-sprocket-9-12x12.webp 12w, https:\/\/fmp-components.com\/wp-content\/uploads\/2025\/02\/fmp_cast-sprocket-9-100x100.webp 100w\" sizes=\"(max-width: 300px) 100vw, 300px\" \/><\/td>\n<td style=\"width: 23.4341%;\" align=\"right\"><img loading=\"lazy\" decoding=\"async\" class=\"alignnone size-full wp-image-5266\" src=\"https:\/\/fmp-components.com\/wp-content\/uploads\/2025\/02\/fmp_cast-sprocket-101.webp\" alt=\"fmp_cast-zobnik\" width=\"225\" height=\"225\" title=\"\" srcset=\"https:\/\/fmp-components.com\/wp-content\/uploads\/2025\/02\/fmp_cast-sprocket-101.webp 225w, https:\/\/fmp-components.com\/wp-content\/uploads\/2025\/02\/fmp_cast-sprocket-101-150x150.webp 150w, https:\/\/fmp-components.com\/wp-content\/uploads\/2025\/02\/fmp_cast-sprocket-101-12x12.webp 12w, https:\/\/fmp-components.com\/wp-content\/uploads\/2025\/02\/fmp_cast-sprocket-101-100x100.webp 100w\" sizes=\"(max-width: 225px) 100vw, 225px\" \/><\/td>\n<\/tr>\n<tr style=\"height: 14.40pt;\">\n<td style=\"height: 14.4pt; width: 26.5659%;\" align=\"right\" height=\"24\"><img loading=\"lazy\" decoding=\"async\" class=\"alignnone size-full wp-image-5262\" src=\"https:\/\/fmp-components.com\/wp-content\/uploads\/2025\/02\/fmp_cast-sprocket-6.webp\" alt=\"fmp_cast-sprocket-\" width=\"300\" height=\"300\" title=\"\" srcset=\"https:\/\/fmp-components.com\/wp-content\/uploads\/2025\/02\/fmp_cast-sprocket-6.webp 300w, https:\/\/fmp-components.com\/wp-content\/uploads\/2025\/02\/fmp_cast-sprocket-6-150x150.webp 150w, https:\/\/fmp-components.com\/wp-content\/uploads\/2025\/02\/fmp_cast-sprocket-6-12x12.webp 12w, https:\/\/fmp-components.com\/wp-content\/uploads\/2025\/02\/fmp_cast-sprocket-6-100x100.webp 100w\" sizes=\"(max-width: 300px) 100vw, 300px\" \/><\/td>\n<td style=\"width: 26.5658%;\" align=\"right\"><img loading=\"lazy\" decoding=\"async\" class=\"alignnone size-full wp-image-5263\" src=\"https:\/\/fmp-components.com\/wp-content\/uploads\/2025\/02\/fmp_cast-sprocket-8.webp\" alt=\"fmp_cast-zobnik\" width=\"300\" height=\"300\" title=\"\" srcset=\"https:\/\/fmp-components.com\/wp-content\/uploads\/2025\/02\/fmp_cast-sprocket-8.webp 300w, https:\/\/fmp-components.com\/wp-content\/uploads\/2025\/02\/fmp_cast-sprocket-8-150x150.webp 150w, https:\/\/fmp-components.com\/wp-content\/uploads\/2025\/02\/fmp_cast-sprocket-8-12x12.webp 12w, https:\/\/fmp-components.com\/wp-content\/uploads\/2025\/02\/fmp_cast-sprocket-8-100x100.webp 100w\" sizes=\"(max-width: 300px) 100vw, 300px\" \/><\/td>\n<td style=\"width: 23.2181%;\" align=\"right\"><img loading=\"lazy\" decoding=\"async\" class=\"alignnone size-full wp-image-5264\" src=\"https:\/\/fmp-components.com\/wp-content\/uploads\/2025\/02\/fmp_cast-sprocket-81.webp\" alt=\"fmp_cast-zobnik\" width=\"347\" height=\"347\" title=\"\" srcset=\"https:\/\/fmp-components.com\/wp-content\/uploads\/2025\/02\/fmp_cast-sprocket-81.webp 347w, https:\/\/fmp-components.com\/wp-content\/uploads\/2025\/02\/fmp_cast-sprocket-81-300x300.webp 300w, https:\/\/fmp-components.com\/wp-content\/uploads\/2025\/02\/fmp_cast-sprocket-81-150x150.webp 150w, https:\/\/fmp-components.com\/wp-content\/uploads\/2025\/02\/fmp_cast-sprocket-81-12x12.webp 12w, https:\/\/fmp-components.com\/wp-content\/uploads\/2025\/02\/fmp_cast-sprocket-81-100x100.webp 100w\" sizes=\"(max-width: 347px) 100vw, 347px\" \/><\/td>\n<td style=\"width: 23.4341%;\" align=\"right\"><img loading=\"lazy\" decoding=\"async\" class=\"alignnone size-full wp-image-5265\" src=\"https:\/\/fmp-components.com\/wp-content\/uploads\/2025\/02\/fmp_cast-sprocket-11.webp\" alt=\"fmp_cast-zobnik\" width=\"300\" height=\"300\" title=\"\" srcset=\"https:\/\/fmp-components.com\/wp-content\/uploads\/2025\/02\/fmp_cast-sprocket-11.webp 300w, https:\/\/fmp-components.com\/wp-content\/uploads\/2025\/02\/fmp_cast-sprocket-11-150x150.webp 150w, https:\/\/fmp-components.com\/wp-content\/uploads\/2025\/02\/fmp_cast-sprocket-11-12x12.webp 12w, https:\/\/fmp-components.com\/wp-content\/uploads\/2025\/02\/fmp_cast-sprocket-11-100x100.webp 100w\" sizes=\"(max-width: 300px) 100vw, 300px\" \/><\/td>\n<\/tr>\n<\/tbody>\n<\/table>\n<h3>Zobnik veri\u017ene dvigalke iz drugih materialov<\/h3>\n<table style=\"width: 100%;\" border=\"1\" width=\"100%\" cellspacing=\"0\" cellpadding=\"0\">\n<tbody>\n<tr style=\"height: 14.40pt;\">\n<td style=\"height: 14.4pt; width: 49.0281%; text-align: center;\" align=\"right\" width=\"166\" height=\"24\">Zobnik za veri\u017eno dvigalo iz plastike<\/td>\n<td style=\"width: 50.7559%; text-align: center;\" align=\"right\" width=\"187\">Zobnik veri\u017enega dvigala iz nerjave\u010dega jekla<\/td>\n<\/tr>\n<tr style=\"height: 14.40pt;\">\n<td class=\"et2\" style=\"height: 14.4pt; width: 49.0281%;\" height=\"24\"><img loading=\"lazy\" decoding=\"async\" class=\"alignnone wp-image-5268\" src=\"https:\/\/fmp-components.com\/wp-content\/uploads\/2025\/02\/fmp_plastic-sprocket-11.webp\" alt=\"fmp_plasti\u010dni-zobnik\" width=\"447\" height=\"447\" title=\"\" srcset=\"https:\/\/fmp-components.com\/wp-content\/uploads\/2025\/02\/fmp_plastic-sprocket-11.webp 300w, https:\/\/fmp-components.com\/wp-content\/uploads\/2025\/02\/fmp_plastic-sprocket-11-150x150.webp 150w, https:\/\/fmp-components.com\/wp-content\/uploads\/2025\/02\/fmp_plastic-sprocket-11-12x12.webp 12w, https:\/\/fmp-components.com\/wp-content\/uploads\/2025\/02\/fmp_plastic-sprocket-11-100x100.webp 100w\" sizes=\"(max-width: 447px) 100vw, 447px\" \/><\/td>\n<td class=\"et2\" style=\"width: 50.7559%;\"><img loading=\"lazy\" decoding=\"async\" class=\"alignnone wp-image-5269\" src=\"https:\/\/fmp-components.com\/wp-content\/uploads\/2025\/02\/fmp_plastic-sprocket-12.webp\" alt=\"fmp_plasti\u010dni-zobnik\" width=\"486\" height=\"486\" title=\"\" srcset=\"https:\/\/fmp-components.com\/wp-content\/uploads\/2025\/02\/fmp_plastic-sprocket-12.webp 300w, https:\/\/fmp-components.com\/wp-content\/uploads\/2025\/02\/fmp_plastic-sprocket-12-150x150.webp 150w, https:\/\/fmp-components.com\/wp-content\/uploads\/2025\/02\/fmp_plastic-sprocket-12-12x12.webp 12w, https:\/\/fmp-components.com\/wp-content\/uploads\/2025\/02\/fmp_plastic-sprocket-12-100x100.webp 100w\" sizes=\"(max-width: 486px) 100vw, 486px\" \/><\/td>\n<\/tr>\n<\/tbody>\n<\/table>\n<h2>O FMP-ju<\/h2>\n<p>V podjetju FMP smo ponosni, da smo vodilni proizvajalec visokokakovostnih zobnikov, izdelanih v na\u0161em naprednem obratu v Italiji. Ponujamo raznoliko paleto zobnikov, zasnovanih tako, da ustrezajo edinstvenim potrebam razli\u010dnih panog. Ne glede na to, ali i\u0161\u010dete zobnike s kon\u010dno izvrtino, zobnike za prosti tek, zobnike s sto\u017e\u010dastim zaklepom ali zobnike za transportne trakove, vsak izdelek izdelamo natan\u010dno in vzdr\u017eljivo, da zagotovimo optimalno delovanje. Na\u0161a ponudba vklju\u010duje zobnike iz nerjave\u010dega jekla, plastike in jekla, pa tudi specializirane modele, kot so zobniki z dvojnim korakom in dvoredni zobniki, kar nam omogo\u010da, da zagotovimo idealno re\u0161itev za vsako uporabo.<\/p>\n<p>Kar lo\u010di FMP od drugih, je na\u0161a predanost prilagajanju. Zavedamo se, da ima vsak projekt svoje specifi\u010dne zahteve, zato ponujamo re\u0161itve za zobnike po meri, prilagojene va\u0161im natan\u010dnim potrebam. Ne glede na to, ali potrebujete zasnovo po meri ali imate posebne tehni\u010dne zahteve, je na\u0161a ekipa strokovnjakov pripravljena zagotoviti natan\u010dne, zanesljive in visokozmogljive re\u0161itve.<\/p>\n<p>Zavezani smo k odli\u010dnosti tako v in\u017eeniringu kot proizvodnji, s \u010dimer zagotavljamo, da vsak zobnik, ki ga izdelamo, izpolnjuje najvi\u0161je standarde kakovosti in je izdelan za dolgo \u017eivljenjsko dobo. \u010ce imate kakr\u0161na koli vpra\u0161anja ali potrebujete re\u0161itev za zobnik po meri, nas brez oklevanja kontaktirajte. Na\u0161a ekipa vam je na voljo za strokovno svetovanje in pravo\u010dasne odgovore, s katerimi zagotovimo va\u0161e popolno zadovoljstvo. Preprosto nas kontaktirajte po e-po\u0161ti in odgovorili vam bomo v najkraj\u0161em mo\u017enem \u010dasu.<\/p>\n<p><img loading=\"lazy\" decoding=\"async\" class=\"alignnone size-full wp-image-5246\" src=\"https:\/\/fmp-components.com\/wp-content\/uploads\/2025\/02\/fmp-cast-sprocket-1.webp\" alt=\"fmp-lit-zobnik\" width=\"2492\" height=\"1179\" title=\"\" srcset=\"https:\/\/fmp-components.com\/wp-content\/uploads\/2025\/02\/fmp-cast-sprocket-1.webp 2492w, https:\/\/fmp-components.com\/wp-content\/uploads\/2025\/02\/fmp-cast-sprocket-1-1280x606.webp 1280w, https:\/\/fmp-components.com\/wp-content\/uploads\/2025\/02\/fmp-cast-sprocket-1-980x464.webp 980w, https:\/\/fmp-components.com\/wp-content\/uploads\/2025\/02\/fmp-cast-sprocket-1-480x227.webp 480w\" sizes=\"(min-width: 0px) and (max-width: 480px) 480px, (min-width: 481px) and (max-width: 980px) 980px, (min-width: 981px) and (max-width: 1280px) 1280px, (min-width: 1281px) 2492px, 100vw\" \/><\/p>","protected":false},"excerpt":{"rendered":"<p>Chain Hoist Sprocket Product Overview The chain hoist sprocket is designed for ease of operation, portability, and safety, making it a popular choice among users. With its innovative design and smooth functionality, this sprocket excels in heavy lifting applications. But what sets it apart? The chain hoist sprocket is built with components such as hooks, [&hellip;]<\/p>","protected":false},"featured_media":5257,"comment_status":"open","ping_status":"closed","template":"","meta":{"_et_pb_use_builder":"","_et_pb_old_content":"","_et_gb_content_width":""},"product_brand":[],"product_cat":[99],"product_tag":[],"class_list":{"0":"post-5256","1":"product","2":"type-product","3":"status-publish","4":"has-post-thumbnail","6":"product_cat-specialty-sprockets","8":"first","9":"instock","10":"shipping-taxable","11":"product-type-simple"},"_links":{"self":[{"href":"https:\/\/fmp-components.com\/sl\/wp-json\/wp\/v2\/product\/5256","targetHints":{"allow":["GET"]}}],"collection":[{"href":"https:\/\/fmp-components.com\/sl\/wp-json\/wp\/v2\/product"}],"about":[{"href":"https:\/\/fmp-components.com\/sl\/wp-json\/wp\/v2\/types\/product"}],"replies":[{"embeddable":true,"href":"https:\/\/fmp-components.com\/sl\/wp-json\/wp\/v2\/comments?post=5256"}],"wp:featuredmedia":[{"embeddable":true,"href":"https:\/\/fmp-components.com\/sl\/wp-json\/wp\/v2\/media\/5257"}],"wp:attachment":[{"href":"https:\/\/fmp-components.com\/sl\/wp-json\/wp\/v2\/media?parent=5256"}],"wp:term":[{"taxonomy":"product_brand","embeddable":true,"href":"https:\/\/fmp-components.com\/sl\/wp-json\/wp\/v2\/product_brand?post=5256"},{"taxonomy":"product_cat","embeddable":true,"href":"https:\/\/fmp-components.com\/sl\/wp-json\/wp\/v2\/product_cat?post=5256"},{"taxonomy":"product_tag","embeddable":true,"href":"https:\/\/fmp-components.com\/sl\/wp-json\/wp\/v2\/product_tag?post=5256"}],"curies":[{"name":"delovni list","href":"https:\/\/api.w.org\/{rel}","templated":true}]}}