{"id":5245,"date":"2025-02-05T03:47:45","date_gmt":"2025-02-05T03:47:45","guid":{"rendered":"https:\/\/fmp-components.com\/?post_type=product&#038;p=5245"},"modified":"2025-02-05T03:47:46","modified_gmt":"2025-02-05T03:47:46","slug":"bucket-elevator-sprocket","status":"publish","type":"product","link":"https:\/\/fmp-components.com\/sl\/product\/bucket-elevator-sprocket\/","title":{"rendered":"Zobnik dvigala \u017elice"},"content":{"rendered":"<h2>Zobnik dvigala \u017elice<\/h2>\n<p>Ko\u0161\u010dasto dvigalo je zasnovano za u\u010dinkovit transport materialov z ni\u017ejih na vi\u0161je lege. <img loading=\"lazy\" decoding=\"async\" class=\"size-full wp-image-5248 alignright\" src=\"https:\/\/fmp-components.com\/wp-content\/uploads\/2025\/02\/fmp_cast-sprocket-16.webp\" alt=\"fmp_cast-zobnik\" width=\"538\" height=\"522\" title=\"\" srcset=\"https:\/\/fmp-components.com\/wp-content\/uploads\/2025\/02\/fmp_cast-sprocket-16.webp 538w, https:\/\/fmp-components.com\/wp-content\/uploads\/2025\/02\/fmp_cast-sprocket-16-480x466.webp 480w\" sizes=\"(min-width: 0px) and (max-width: 480px) 480px, (min-width: 481px) 538px, 100vw\" \/>Ko so materiali s pomo\u010djo vibracijske mize name\u0161\u010deni v lijak, stroj deluje samodejno in neprekinjeno ter dviguje materiale navzgor. Hitrost transporterja je mogo\u010de prilagoditi glede na zahtevano transportno prostornino, vi\u0161ino dviga pa prilagoditi specifi\u010dnim potrebam.<\/p>\n<p>Na\u0161 vedrni elevator ima lastno zasnovan nestrupen lijak iz polipropilena, ki \u0161iri njegovo uporabo v razli\u010dnih panogah. Lijak je skrbno zasnovan za optimalno delovanje, kar zagotavlja vzdr\u017eljivost in varno ravnanje z materiali. Vse dimenzije sistema so prilagojene specifi\u010dnim zahtevam uporabe.<\/p>\n<p>Ta vedrna elevator je idealen za podporo vertikalnih pakirnih strojev in ra\u010dunalni\u0161kih merilnih sistemov. \u0160iroko se uporablja pri dvigovanju in dovajanju izdelkov, kot so hrana, farmacevtski izdelki, industrijske kemikalije, vijaki, matice in drugi predmeti. Delovanje stroja je mogo\u010de samodejno krmiliti s prepoznavanjem signala iz priklju\u010denega pakirnega stroja, kar omogo\u010da nemoten zagon in zaustavitev.<\/p>\n<p>Z na\u0161o prilagodljivo zasnovo in visokokakovostnimi komponentami je na\u0161 vedrni elevator zanesljiva re\u0161itev za u\u010dinkovit vertikalni transport v razli\u010dnih panogah.<\/p>\n<h2>Na\u010delo delovanja vedrnega dvigala<\/h2>\n<p>Ko\u0161\u010dasti elevator deluje z vrsto lijakov za zajemanje materialov iz spodnjega skladi\u0161\u010dnega prostora. Ko se transportni trak ali veriga dvigne, gre \u010dez zgornje kolo, nato pa se spusti, da izprazni materiale v sprejemni rezervoar. Ta postopek omogo\u010da ko\u0161\u010dastemu elevatorju, da neprekinjeno preva\u017ea materiale navpi\u010dno.<\/p>\n<p><img loading=\"lazy\" decoding=\"async\" class=\"size-full wp-image-5247 alignleft\" src=\"https:\/\/fmp-components.com\/wp-content\/uploads\/2025\/02\/fmp_cast-sprocket-15.webp\" alt=\"fmp_cast-zobnik\" width=\"526\" height=\"435\" title=\"\" srcset=\"https:\/\/fmp-components.com\/wp-content\/uploads\/2025\/02\/fmp_cast-sprocket-15.webp 526w, https:\/\/fmp-components.com\/wp-content\/uploads\/2025\/02\/fmp_cast-sprocket-15-480x397.webp 480w\" sizes=\"(min-width: 0px) and (max-width: 480px) 480px, (min-width: 481px) 526px, 100vw\" \/>V ve\u010dini vedrnih elevatorjev pogonski sistem poganja gumijasti jermen, ki je name\u0161\u010den tako na spodnjem kot na zgornjem pogonskem bobnu kot tudi na zgornjem in spodnjem krmilnem bobnu. Druga mo\u017enost so veri\u017eni elevatorji, ki so opremljeni z dvema vzporednima prenosnima verigama. Te verige delujejo skupaj s parom prenosnih zobnikov na vrhu ali dnu, skupaj s krmilnimi zobniki, ki se nahajajo na nasprotnem koncu.<\/p>\n<p>Za zagotovitev u\u010dinkovitega in \u010distega delovanja so vedrasti elevatorji obi\u010dajno zaprti v ohi\u0161jih, ki prepre\u010dujejo uhajanje prahu med prevozom materiala.<\/p>\n<p>\u017dli\u010dni elevatorji so idealni za vertikalni transport materialov. Ko so materiali s pomo\u010djo vibracijske mize name\u0161\u010deni v lijak, sistem samodejno in neprekinjeno deluje, da dvigne materiale na \u017eeleno vi\u0161ino, kar zagotavlja zanesljivo in u\u010dinkovito ravnanje z materiali.<\/p>\n<h2>O FMP-ju<\/h2>\n<p>V podjetju FMP smo ponosni, da smo vodilni proizvajalec visokokakovostnih zobnikov, izdelanih v na\u0161em naprednem obratu v Italiji. Ponujamo raznoliko paleto zobnikov, zasnovanih tako, da ustrezajo edinstvenim potrebam razli\u010dnih panog. Ne glede na to, ali i\u0161\u010dete zobnike s kon\u010dno izvrtino, zobnike za prosti tek, zobnike s sto\u017e\u010dastim zaklepom ali zobnike za transportne trakove, vsak izdelek izdelamo natan\u010dno in vzdr\u017eljivo, da zagotovimo optimalno delovanje. Na\u0161a ponudba vklju\u010duje zobnike iz nerjave\u010dega jekla, plastike in jekla, pa tudi specializirane modele, kot so zobniki z dvojnim korakom in dvoredni zobniki, kar nam omogo\u010da, da zagotovimo idealno re\u0161itev za vsako uporabo.<\/p>\n<p>Kar lo\u010di FMP od drugih, je na\u0161a predanost prilagajanju. Zavedamo se, da ima vsak projekt svoje specifi\u010dne zahteve, zato ponujamo re\u0161itve za zobnike po meri, prilagojene va\u0161im natan\u010dnim potrebam. Ne glede na to, ali potrebujete zasnovo po meri ali imate posebne tehni\u010dne zahteve, je na\u0161a ekipa strokovnjakov pripravljena zagotoviti natan\u010dne, zanesljive in visokozmogljive re\u0161itve.<\/p>\n<p>Zavezani smo k odli\u010dnosti tako v in\u017eeniringu kot proizvodnji, s \u010dimer zagotavljamo, da vsak zobnik, ki ga izdelamo, izpolnjuje najvi\u0161je standarde kakovosti in je izdelan za dolgo \u017eivljenjsko dobo. \u010ce imate kakr\u0161na koli vpra\u0161anja ali potrebujete re\u0161itev za zobnik po meri, nas brez oklevanja kontaktirajte. Na\u0161a ekipa vam je na voljo za strokovno svetovanje in pravo\u010dasne odgovore, s katerimi zagotovimo va\u0161e popolno zadovoljstvo. Preprosto nas kontaktirajte po e-po\u0161ti in odgovorili vam bomo v najkraj\u0161em mo\u017enem \u010dasu.<\/p>\n<p><img loading=\"lazy\" decoding=\"async\" class=\"alignnone size-full wp-image-5246\" src=\"https:\/\/fmp-components.com\/wp-content\/uploads\/2025\/02\/fmp-cast-sprocket-1.webp\" alt=\"fmp-lit-zobnik\" width=\"2492\" height=\"1179\" title=\"\" srcset=\"https:\/\/fmp-components.com\/wp-content\/uploads\/2025\/02\/fmp-cast-sprocket-1.webp 2492w, https:\/\/fmp-components.com\/wp-content\/uploads\/2025\/02\/fmp-cast-sprocket-1-1280x606.webp 1280w, https:\/\/fmp-components.com\/wp-content\/uploads\/2025\/02\/fmp-cast-sprocket-1-980x464.webp 980w, https:\/\/fmp-components.com\/wp-content\/uploads\/2025\/02\/fmp-cast-sprocket-1-480x227.webp 480w\" sizes=\"(min-width: 0px) and (max-width: 480px) 480px, (min-width: 481px) and (max-width: 980px) 980px, (min-width: 981px) and (max-width: 1280px) 1280px, (min-width: 1281px) 2492px, 100vw\" \/><\/p>","protected":false},"excerpt":{"rendered":"<p>Bucket Elevator Sprocket The bucket elevator is designed to efficiently transport materials from lower to higher elevations. After materials are placed into the hopper via a vibration table, the machine operates automatically and continuously, lifting the materials upward. The speed of the conveyor can be adjusted based on the required transport volume, and the lifting [&hellip;]<\/p>","protected":false},"featured_media":5249,"comment_status":"open","ping_status":"closed","template":"","meta":{"_et_pb_use_builder":"","_et_pb_old_content":"","_et_gb_content_width":""},"product_brand":[],"product_cat":[99],"product_tag":[],"class_list":{"0":"post-5245","1":"product","2":"type-product","3":"status-publish","4":"has-post-thumbnail","6":"product_cat-specialty-sprockets","8":"first","9":"instock","10":"shipping-taxable","11":"product-type-simple"},"_links":{"self":[{"href":"https:\/\/fmp-components.com\/sl\/wp-json\/wp\/v2\/product\/5245","targetHints":{"allow":["GET"]}}],"collection":[{"href":"https:\/\/fmp-components.com\/sl\/wp-json\/wp\/v2\/product"}],"about":[{"href":"https:\/\/fmp-components.com\/sl\/wp-json\/wp\/v2\/types\/product"}],"replies":[{"embeddable":true,"href":"https:\/\/fmp-components.com\/sl\/wp-json\/wp\/v2\/comments?post=5245"}],"wp:featuredmedia":[{"embeddable":true,"href":"https:\/\/fmp-components.com\/sl\/wp-json\/wp\/v2\/media\/5249"}],"wp:attachment":[{"href":"https:\/\/fmp-components.com\/sl\/wp-json\/wp\/v2\/media?parent=5245"}],"wp:term":[{"taxonomy":"product_brand","embeddable":true,"href":"https:\/\/fmp-components.com\/sl\/wp-json\/wp\/v2\/product_brand?post=5245"},{"taxonomy":"product_cat","embeddable":true,"href":"https:\/\/fmp-components.com\/sl\/wp-json\/wp\/v2\/product_cat?post=5245"},{"taxonomy":"product_tag","embeddable":true,"href":"https:\/\/fmp-components.com\/sl\/wp-json\/wp\/v2\/product_tag?post=5245"}],"curies":[{"name":"delovni list","href":"https:\/\/api.w.org\/{rel}","templated":true}]}}