{"id":5239,"date":"2025-02-05T03:00:22","date_gmt":"2025-02-05T03:00:22","guid":{"rendered":"https:\/\/fmp-components.com\/?post_type=product&#038;p=5239"},"modified":"2025-02-05T03:00:22","modified_gmt":"2025-02-05T03:00:22","slug":"fu-scraper-conveyor-cast-sprocket","status":"publish","type":"product","link":"https:\/\/fmp-components.com\/sl\/product\/fu-scraper-conveyor-cast-sprocket\/","title":{"rendered":"Liti zobnik strgalnega transporterja FU"},"content":{"rendered":"<h2>Zobnik strgala<\/h2>\n<p>Liti zobnik strgalnega transporterja FU je klju\u010dni sestavni del pogonskega mehanizma razli\u010dnih strgalnih transporterjev. Skupaj z verigo tvori primarni pogonski sistem za strgalne transporterje. Zobniki in verige teh strojev u\u010dinkovito preva\u017eajo razsute materiale znotraj korita, kar zagotavlja stabilnost in vzdr\u017eljivost. Strgalne stroje je mogo\u010de uporabljati tako za horizontalni kot nagnjeni transport materiala.<\/p>\n<p>Sklop zobni\u0161ke osi, pogosto imenovan skupina zobnikov, je klju\u010dni sestavni del glave popolnoma mehaniziranega strgalnika in nakladalnika. Pri rudarjenju premoga zobnik poganja verigo prek reduktorja, kar strgalu omogo\u010da premikanje materialov, kot je premog, znotraj osrednje re\u017ee.<\/p>\n<p><img loading=\"lazy\" decoding=\"async\" class=\"wp-image-5241 alignleft\" src=\"https:\/\/fmp-components.com\/wp-content\/uploads\/2025\/02\/scraper2.webp\" alt=\"strgalo\" width=\"304\" height=\"304\" title=\"\"> Zobniki strgalnega transporterja so izdelani iz visoko trdnega konstrukcijskega legiranega jekla in so podvr\u017eeni ve\u010dstopenjskemu postopku obdelave. Ti zobniki so znani po svoji odli\u010dni trdnosti, odpornosti proti obrabi in splo\u0161ni zanesljivosti. Na voljo so v razli\u010dnih modelih, ki ustrezajo razli\u010dnim strgalnim transporterjem, in so zasnovani tako, da izpolnjujejo zahteve razli\u010dnih obratovalnih pogojev.<\/p>\n<h3>Klju\u010dne zna\u010dilnosti zobnikov strgalnika vklju\u010dujejo:<\/h3>\n<p>Visoka trdnost in odpornost proti obrabi<br \/>\nSposobnost prena\u0161anja kombinacij impulzov in udarnih obremenitev<br \/>\nVzdr\u017eljivost in trpe\u017enost<br \/>\nNatan\u010dna velikost zob in visoka natan\u010dnost obdelave za optimalno zdru\u017eljivost z verigo<br \/>\nZobniki strgal imajo obi\u010dajno 6-8 zob, odvisno od specifi\u010dne uporabe.<\/p>\n<h2>Material zobnika strgala<\/h2>\n<p>Ve\u010dina veri\u017enih koles strgalnikov je izdelanih iz visokotrdnostnih legiranih jekel, kot sta 42CrMo ali 45CrMnMo. Ti materiali so izbrani zaradi svoje izjemne trdnosti, vzdr\u017eljivosti in odpornosti proti obrabi, kar je bistvenega pomena za zahtevne pogoje, s katerimi se zobniki strgalnikov soo\u010dajo med delovanjem.<\/p>\n<p>Za izbolj\u0161anje odpornosti proti obrabi in splo\u0161ne u\u010dinkovitosti zobnikov so veri\u017eniki podvr\u017eeni postopku kovanja in kaljenja. Postopek kovanja zagotavlja gosto in enakomerno strukturo zobnikov, kar znatno izbolj\u0161a njihovo \u017eilavost in odpornost proti utrujanju. Kaljenje dodatno pove\u010da trdoto materiala, zaradi \u010desar so zobniki bolj sposobni prenesti obremenitve in obrabo, ki se pojavljajo pri te\u017ekih aplikacijah.<\/p>\n<p>Med proizvodnim procesom se uporabljajo strogi ukrepi za nadzor kakovosti, ki zagotavljajo, da je kovana povr\u0161ina vsakega veri\u017enika brez napak, kot so razpoke, vmesne plasti, gube, nastajajo\u010de po\u0161kodbe in vklju\u010dki \u017elindre. Te nepravilnosti lahko ogrozijo trdnost in funkcionalnost zobnikov, zato se izvajajo strogi testi in pregledi, da se zagotovijo najvi\u0161ji standardi kakovosti.<\/p>\n<p>Proizvodnja vsakega veri\u017enika vklju\u010duje ve\u010d kot dvajset razli\u010dnih korakov obdelave. Ti koraki vklju\u010dujejo natan\u010dno strojno obdelavo, oblikovanje in kon\u010dno obdelavo, kar zagotavlja, da vsak veri\u017enik izpolnjuje zahtevane specifikacije za strgalne stroje. Ko so veri\u017eni zobniki oblikovani, se namestijo v glavo in rep strgalnega stroja, kjer igrajo klju\u010dno vlogo pri pogonu verige in zagotavljanju u\u010dinkovitega transporta materiala.<\/p>\n<p>Z uporabo naprednih proizvodnih tehnik in visokokakovostnih materialov zobniki strgal zagotavljajo zanesljivo delovanje v zahtevnih okoljih, kar zagotavlja dolgo \u017eivljenjsko dobo in izbolj\u0161ano operativno u\u010dinkovitost.<\/p>\n<p><img loading=\"lazy\" decoding=\"async\" class=\"wp-image-5243 aligncenter\" src=\"https:\/\/fmp-components.com\/wp-content\/uploads\/2025\/02\/fmp_cast-sprocket-12.webp\" alt=\"fmp_cast-zobnik\" width=\"863\" height=\"859\" title=\"\" srcset=\"https:\/\/fmp-components.com\/wp-content\/uploads\/2025\/02\/fmp_cast-sprocket-12.webp 863w, https:\/\/fmp-components.com\/wp-content\/uploads\/2025\/02\/fmp_cast-sprocket-12-480x478.webp 480w\" sizes=\"(min-width: 0px) and (max-width: 480px) 480px, (min-width: 481px) 863px, 100vw\" \/><\/p>\n<h3>Na\u010delo delovanja strgalnega transporterja<\/h3>\n<p>Strgalni transporter deluje s preprostim, a u\u010dinkovitim mehanizmom, zasnovanim za transport razsutih materialov, kot so premog, jalovina ali druge snovi. Transporter ima odprt \u017eleb, ki slu\u017ei kot vodilna in nosilna konstrukcija za materiale. Strgalo, ki je pritrjeno vzdol\u017e verige (tvori strgalno verigo), deluje kot vle\u010dna komponenta, ki premika materiale skozi \u017eleb.<\/p>\n<p>Ko se aktivira sistem pogona glave, vklju\u010dno z menjalnikom transporterja, se spro\u017ei veri\u017eni zobnik na glavni gredi transporterja. To vrtenje poganja strgalno verigo, zaradi \u010desar ta neprekinjeno kro\u017ei. Med premikanjem strgalne verige vle\u010de material vzdol\u017e \u017eleba in ga u\u010dinkovito prena\u0161a od zadnjega dela proti vrhu transporterja.<\/p>\n<p><img loading=\"lazy\" decoding=\"async\" class=\"wp-image-5242 aligncenter\" src=\"https:\/\/fmp-components.com\/wp-content\/uploads\/2025\/02\/fmp-scraper.webp\" alt=\"fmp-strgalo\" width=\"880\" height=\"660\" title=\"\" srcset=\"https:\/\/fmp-components.com\/wp-content\/uploads\/2025\/02\/fmp-scraper.webp 880w, https:\/\/fmp-components.com\/wp-content\/uploads\/2025\/02\/fmp-scraper-480x360.webp 480w\" sizes=\"(min-width: 0px) and (max-width: 480px) 480px, (min-width: 481px) 880px, 100vw\" \/><\/p>\n<p>Na \u010delu transporterja se material raztovori, s \u010dimer se zaklju\u010di transportni cikel. Strgalna veriga nato obide veri\u017eno kolo in se vrne skozi sistem v neprekinjenem, zaprtem krogu, kar zagotavlja enakomeren pretok materialov skozi celoten proces. To brezhibno delovanje omogo\u010da u\u010dinkovito in zanesljivo ravnanje z materiali, zaradi \u010desar so strgalne transporterje idealne za razli\u010dne panoge, kot so rudarstvo, ravnanje s premogom in prevoz razsutega materiala.<\/p>\n<p>Skratka, na\u010delo delovanja strgalnega transporterja temelji na usklajenem gibanju strgalne verige in zobnikov, ki jih poganja sistem pogona glave, za neprekinjen transport materialov vzdol\u017e \u017eleba v zaprtem ciklu, kar zagotavlja dosledno in nemoteno delovanje.<\/p>\n<h2>O FMP-ju<\/h2>\n<p>V na\u0161em najsodobnej\u0161em obratu v Italiji smo specializirani za proizvodnjo \u0161iroke palete visokokakovostnih zobnikov, ki ustrezajo raznolikim potrebam na\u0161ih strank. Od zobnikov s kon\u010dno izvrtino do zobnikov za prosti tek, zobnikov s sto\u017e\u010dastim zaklepom in zobnikov za transportne trakove ponujamo izdelke, izdelane z mislijo na natan\u010dnost in vzdr\u017eljivost. Na\u0161a \u0161iroka ponudba vklju\u010duje zobnike iz nerjave\u010dega jekla, plastike in jekla, pa tudi specializirane izvedbe, kot so zobniki z dvojnim korakom in dvoredni zobniki, kar zagotavlja, da lahko ponudimo popolno re\u0161itev za vsako uporabo.<img loading=\"lazy\" decoding=\"async\" class=\"wp-image-5244 alignleft\" src=\"https:\/\/fmp-components.com\/wp-content\/uploads\/2025\/02\/fmp_cast-sprocket-13.webp\" alt=\"fmp_cast-zobnik\" width=\"235\" height=\"295\" title=\"\"><\/p>\n<p>Kar nas lo\u010di od drugih, je na\u0161a zavezanost prilagajanju. Razumemo, da je vsak projekt edinstven, zato ponujamo prilagojene re\u0161itve za zobnike, ki ustrezajo va\u0161im specifi\u010dnim zahtevam. Ne glede na to, ali potrebujete zasnovo po meri ali imate edinstvene tehni\u010dne zahteve, vam je na\u0161a ekipa strokovnjakov na voljo za natan\u010dne in zanesljive re\u0161itve.<\/p>\n<p>Ponosni smo na na\u0161e in\u017eenirsko znanje in kakovost na\u0161ega proizvodnega procesa, s \u010dimer zagotavljamo, da je vsak zobnik, ki ga izdelamo, izdelan za dolgo \u017eivljenjsko dobo. \u010ce imate kakr\u0161na koli vpra\u0161anja ali potrebujete zobnik po meri, se obrnite na nas. Na\u0161a ekipa vam je pripravljena pomagati in vam pravo\u010dasno strokovno svetovati, da zagotovimo va\u0161e popolno zadovoljstvo. Preprosto nam po\u0161ljite e-po\u0161to in odgovorili vam bomo v najkraj\u0161em mo\u017enem \u010dasu.<\/p>","protected":false},"excerpt":{"rendered":"<p>Scraper Sprocket The FU Scraper Conveyor Cast Sprocket is a crucial component in the drive mechanism of various scraper machines. It works together with the chain to form the primary drive system for scraper conveyors. The chain sprockets and chains of these machines efficiently transport bulk materials within the trough, offering stability and durability. Scraper [&hellip;]<\/p>","protected":false},"featured_media":5240,"comment_status":"open","ping_status":"closed","template":"","meta":{"_et_pb_use_builder":"","_et_pb_old_content":"","_et_gb_content_width":""},"product_brand":[],"product_cat":[99],"product_tag":[],"class_list":{"0":"post-5239","1":"product","2":"type-product","3":"status-publish","4":"has-post-thumbnail","6":"product_cat-specialty-sprockets","8":"first","9":"instock","10":"shipping-taxable","11":"product-type-simple"},"_links":{"self":[{"href":"https:\/\/fmp-components.com\/sl\/wp-json\/wp\/v2\/product\/5239","targetHints":{"allow":["GET"]}}],"collection":[{"href":"https:\/\/fmp-components.com\/sl\/wp-json\/wp\/v2\/product"}],"about":[{"href":"https:\/\/fmp-components.com\/sl\/wp-json\/wp\/v2\/types\/product"}],"replies":[{"embeddable":true,"href":"https:\/\/fmp-components.com\/sl\/wp-json\/wp\/v2\/comments?post=5239"}],"wp:featuredmedia":[{"embeddable":true,"href":"https:\/\/fmp-components.com\/sl\/wp-json\/wp\/v2\/media\/5240"}],"wp:attachment":[{"href":"https:\/\/fmp-components.com\/sl\/wp-json\/wp\/v2\/media?parent=5239"}],"wp:term":[{"taxonomy":"product_brand","embeddable":true,"href":"https:\/\/fmp-components.com\/sl\/wp-json\/wp\/v2\/product_brand?post=5239"},{"taxonomy":"product_cat","embeddable":true,"href":"https:\/\/fmp-components.com\/sl\/wp-json\/wp\/v2\/product_cat?post=5239"},{"taxonomy":"product_tag","embeddable":true,"href":"https:\/\/fmp-components.com\/sl\/wp-json\/wp\/v2\/product_tag?post=5239"}],"curies":[{"name":"delovni list","href":"https:\/\/api.w.org\/{rel}","templated":true}]}}