{"id":4763,"date":"2025-01-20T06:18:59","date_gmt":"2025-01-20T06:18:59","guid":{"rendered":"https:\/\/fmp-components.com\/?page_id=8"},"modified":"2025-01-20T06:45:54","modified_gmt":"2025-01-20T06:45:54","slug":"gear-rack-and-pinion","status":"publish","type":"product","link":"https:\/\/fmp-components.com\/sl\/product\/gear-rack-and-pinion\/","title":{"rendered":"Zobni\u0161ka letva in pastorek"},"content":{"rendered":"<table style=\"border-collapse: collapse; width: 101.172%; height: 57px;\" border=\"0\" width=\"128\" cellspacing=\"0\" cellpadding=\"0\">\n<tbody>\n<tr style=\"height: 13.8pt;\">\n<td style=\"height: 13.8pt; width: 48pt;\" align=\"right\" width=\"64\" height=\"18\"><img loading=\"lazy\" decoding=\"async\" class=\"alignnone size-full wp-image-4765\" src=\"https:\/\/fmp-components.com\/wp-content\/uploads\/2025\/01\/Rack-and-Pinion-Gear.webp\" alt=\"Zobni\u0161ka letva in pastorek\" width=\"600\" height=\"600\" title=\"\" srcset=\"https:\/\/fmp-components.com\/wp-content\/uploads\/2025\/01\/Rack-and-Pinion-Gear.webp 600w, https:\/\/fmp-components.com\/wp-content\/uploads\/2025\/01\/Rack-and-Pinion-Gear-480x480.webp 480w\" sizes=\"(min-width: 0px) and (max-width: 480px) 480px, (min-width: 481px) 600px, 100vw\" \/><\/td>\n<td style=\"width: 48pt;\" align=\"right\" width=\"64\"><img loading=\"lazy\" decoding=\"async\" class=\"alignnone size-full wp-image-4766\" src=\"https:\/\/fmp-components.com\/wp-content\/uploads\/2025\/01\/Rack-and-Pinion-Gears.webp\" alt=\"Zobniki z letvami in pastorki\" width=\"600\" height=\"600\" title=\"\" srcset=\"https:\/\/fmp-components.com\/wp-content\/uploads\/2025\/01\/Rack-and-Pinion-Gears.webp 600w, https:\/\/fmp-components.com\/wp-content\/uploads\/2025\/01\/Rack-and-Pinion-Gears-480x480.webp 480w\" sizes=\"(min-width: 0px) and (max-width: 480px) 480px, (min-width: 481px) 600px, 100vw\" \/><\/td>\n<\/tr>\n<\/tbody>\n<\/table>\n<h2>Material zobni\u0161ke letve in pastorka<\/h2>\n<p>Kar zadeva materiale zobatih letev in pastorkov, se upo\u0161tevajo trdnost, odpornost proti obrabi in vpojnost. Ogljikovo jeklo je najpogostej\u0161i material, ki se uporablja za izdelavo zobatih letev in pastorkov.<\/p>\n<ol>\n<li>Ta material je odli\u010den za ve\u010dino okolij in scenarijev uporabe.<\/li>\n<li>Relativna trdnost zoba letve v kombinaciji z pastorkom naredi ta material u\u010dinkovit.<\/li>\n<li>Poleg tega je material zelo primeren za toplotno obdelavo za pove\u010danje trdnosti, omogo\u010da vstavljanje navojnih ali sornikov, ohranja dimenzijsko stabilnost in ga je mogo\u010de po potrebi poravnati.<\/li>\n<\/ol>\n<table border=\"1\" cellspacing=\"0\" cellpadding=\"0\">\n<tbody>\n<tr>\n<td><b>Aluminij<\/b><\/td>\n<td>Aluminij je modrikasto srebrno bel, kovni, duktilni, lahki, trivalentni kovinski element z dobro elektri\u010dno in toplotno prevodnostjo, visoko odbojnostjo in odpornostjo proti oksidaciji. Je la\u017eji od jekla, vendar ni tako trden.<\/td>\n<\/tr>\n<tr>\n<td><b>Medenina<\/b><\/td>\n<td class=\"LtGrey\" valign=\"top\">Medenina ima dobro trdnost, visokotemperaturno duktilnost in hladno pro\u017enost, elektri\u010dno prevodnost, odpornost proti koroziji, nosilne lastnosti in nizko magnetno prepustnost.<\/td>\n<\/tr>\n<tr>\n<td><b>Bronza\u00a0<\/b><\/td>\n<td class=\"LtGrey\" valign=\"top\">Bron je zlitina na osnovi bakra, ki je sestavljena iz bakra kot primarne legirne kovine in ene ali ve\u010d drugih kovin, kot so kositer, cink ali fosfor. Silicijev bron je tipi\u010dna bronasta zlitina.<\/td>\n<\/tr>\n<tr>\n<td><b>Lito \u017eelezo<\/b><\/td>\n<td class=\"LtGrey\" valign=\"top\">Lito \u017eelezo je zelo trpe\u017ena \u017eelezova zlitina z veliko koli\u010dino ogljika. Med vrstami so nodularna litina, siva litina in bela litina. Razlike v vrstah so posledica razli\u010dnih sestav in obdelave.<\/td>\n<\/tr>\n<tr>\n<td><b>Ogljikovo \/ legirano jeklo<\/b><\/td>\n<td class=\"LtGrey\" valign=\"top\">Jeklo je komercialno \u017eelezo, ki vsebuje ogljik v poljubni koli\u010dini do pribli\u017eno 1,7 odstotka kot bistveno legirno sestavino. Na voljo je veliko vrst ogljikovega in legiranega jekla. Vendar pa lahko zahtevajo premaz za za\u0161\u010dito pred korozijo.<\/td>\n<\/tr>\n<tr>\n<td><b>Kaljeno jeklo<\/b><\/td>\n<td class=\"LtGrey\" valign=\"top\">Jeklo se lahko kali na ve\u010d na\u010dinov. Mednje spadajo razli\u010dne tehnike kaljenja v olju in vodi, prehajanje jekla skozi indukcijske komore itd. Hitro ohlajanje jekla med obdelavo zamrzne, ujame in zapakira atome ogljika v skr\u010denih \u017eelezovih kristalih, kar ustvari togo in krhko kovino. \u010ceprav je zahtevna, ne more prenesti veliko udarcev ali sunkov, ne da bi se zlomila.<\/td>\n<\/tr>\n<tr>\n<td><b>Nerjave\u010de jeklo<\/b><\/td>\n<td class=\"LtGrey\" valign=\"top\">Nerjave\u010de jeklo je kemi\u010dno in korozijsko odporno ter ima lahko relativno visoke obremenitvene razrede. Ve\u010dine nerjavnih jekel ni mogo\u010de utrditi do enake stopnje kot ogljikovih jekel.<\/td>\n<\/tr>\n<tr>\n<td><b>Acetal<\/b><\/td>\n<td>Acetal je stabilen plasti\u010dni material z lastnimi samomazalnimi lastnostmi, ki jih je mogo\u010de izbolj\u0161ati z mazalnimi polnili.<\/td>\n<\/tr>\n<tr>\n<td><b>Delrin<\/b><\/td>\n<td class=\"LtGrey\" valign=\"top\">Delrin je in\u017eenirska plastika z \u017eilavostjo, togostjo, odpornostjo proti obrabi in odrgninam ter nizkim trenjem.<\/td>\n<\/tr>\n<tr>\n<td><b>Najlon<\/b><\/td>\n<td class=\"LtGrey\" valign=\"top\">Najlon, ki je sestavljen iz ve\u010d vrst poliamidov, je splo\u0161no uporaben material. Je zahteven in odporen ter ima dobre tla\u010dne razrede.<\/td>\n<\/tr>\n<tr>\n<td><b>Polikarbonat<\/b><\/td>\n<td class=\"LtGrey\" valign=\"top\">Polikarbonat je izjemno trpe\u017een polimer, ki ga je mogo\u010de strojno obdelovati do zelo majhnih toleranc. V\u010dasih je potrebno mazanje, saj obrabne lastnosti polikarbonata niso tako dobre kot pri nekaterih drugih polimerih.<\/td>\n<\/tr>\n<\/tbody>\n<\/table>\n<h3>Uporaba zobni\u0161ke letve<\/h3>\n<p>Uporablja se predvsem v razli\u010dnih mehanskih prenosnih sistemih, kot so avtomatizirani stroji, CNC obdelovalni stroji, delavnice za gradbene materiale, proizvodni obrati, delavnice za popravilo strojev, gradbeni projekti itd.<\/p>\n<p><img loading=\"lazy\" decoding=\"async\" class=\"alignnone size-full wp-image-4767\" src=\"https:\/\/fmp-components.com\/wp-content\/uploads\/2025\/01\/gear-rack-11.webp\" alt=\"zobni\u0161ka letev\" width=\"1200\" height=\"209\" title=\"\" srcset=\"https:\/\/fmp-components.com\/wp-content\/uploads\/2025\/01\/gear-rack-11.webp 1200w, https:\/\/fmp-components.com\/wp-content\/uploads\/2025\/01\/gear-rack-11-980x171.webp 980w, https:\/\/fmp-components.com\/wp-content\/uploads\/2025\/01\/gear-rack-11-480x84.webp 480w\" sizes=\"(min-width: 0px) and (max-width: 480px) 480px, (min-width: 481px) and (max-width: 980px) 980px, (min-width: 981px) 1200px, 100vw\" \/><\/p>","protected":false},"excerpt":{"rendered":"<p>Rack and Pinion Gear Material As for the materials of racks and pinions, strength, abrasion resistance, and absorbency are considered. Carbon steel is the most common material used to make racks and pinion steel. This material is excellent for most settings and usage scenarios. The relative strength of the rack tooth combined with the pinion [&hellip;]<\/p>","protected":false},"featured_media":4764,"comment_status":"open","ping_status":"closed","template":"","meta":{"_et_pb_use_builder":"","_et_pb_old_content":"","_et_gb_content_width":""},"product_brand":[],"product_cat":[91],"product_tag":[],"class_list":{"0":"post-4763","1":"product","2":"type-product","3":"status-publish","4":"has-post-thumbnail","6":"product_cat-gear-racks","8":"first","9":"instock","10":"shipping-taxable","11":"product-type-simple"},"_links":{"self":[{"href":"https:\/\/fmp-components.com\/sl\/wp-json\/wp\/v2\/product\/4763","targetHints":{"allow":["GET"]}}],"collection":[{"href":"https:\/\/fmp-components.com\/sl\/wp-json\/wp\/v2\/product"}],"about":[{"href":"https:\/\/fmp-components.com\/sl\/wp-json\/wp\/v2\/types\/product"}],"replies":[{"embeddable":true,"href":"https:\/\/fmp-components.com\/sl\/wp-json\/wp\/v2\/comments?post=4763"}],"wp:featuredmedia":[{"embeddable":true,"href":"https:\/\/fmp-components.com\/sl\/wp-json\/wp\/v2\/media\/4764"}],"wp:attachment":[{"href":"https:\/\/fmp-components.com\/sl\/wp-json\/wp\/v2\/media?parent=4763"}],"wp:term":[{"taxonomy":"product_brand","embeddable":true,"href":"https:\/\/fmp-components.com\/sl\/wp-json\/wp\/v2\/product_brand?post=4763"},{"taxonomy":"product_cat","embeddable":true,"href":"https:\/\/fmp-components.com\/sl\/wp-json\/wp\/v2\/product_cat?post=4763"},{"taxonomy":"product_tag","embeddable":true,"href":"https:\/\/fmp-components.com\/sl\/wp-json\/wp\/v2\/product_tag?post=4763"}],"curies":[{"name":"delovni list","href":"https:\/\/api.w.org\/{rel}","templated":true}]}}