{"id":469,"date":"2024-12-10T08:34:34","date_gmt":"2024-12-10T08:34:34","guid":{"rendered":"https:\/\/fmp-components.com\/?page_id=8"},"modified":"2024-12-10T08:53:20","modified_gmt":"2024-12-10T08:53:20","slug":"small-excavator-cylinder","status":"publish","type":"product","link":"https:\/\/fmp-components.com\/sl\/product\/small-excavator-cylinder\/","title":{"rendered":"Majhen bagerski valj"},"content":{"rendered":"<p style=\"text-align: center;\"><span style=\"font-size: 18pt;\">Majhen bagerski valj<\/span><\/p>\n<p>Cilinder za majhen bager je klju\u010dna hidravli\u010dna komponenta, zasnovana za optimizacijo delovanja majhnih bagrov pri razli\u010dnih gradbenih in izkopnih opravilih. Ta cilinder, zasnovan za vzdr\u017eljivost in u\u010dinkovitost, omogo\u010da bistvene gibe, vklju\u010dno z dvigovanjem, kopanjem in manevriranjem, kar zagotavlja natan\u010dno delovanje.<\/p>\n<p><img loading=\"lazy\" decoding=\"async\" class=\"size-full wp-image-483 aligncenter\" src=\"https:\/\/fmp-components.com\/wp-content\/uploads\/2024\/12\/Small-Excavator-Cylinder.webp\" alt=\"Mali bager-cilinder\" width=\"760\" height=\"533\" title=\"\" srcset=\"https:\/\/fmp-components.com\/wp-content\/uploads\/2024\/12\/Small-Excavator-Cylinder.webp 760w, https:\/\/fmp-components.com\/wp-content\/uploads\/2024\/12\/Small-Excavator-Cylinder-480x337.webp 480w\" sizes=\"(min-width: 0px) and (max-width: 480px) 480px, (min-width: 481px) 760px, 100vw\" \/><\/p>\n<h4>Klju\u010dne lastnosti:<\/h4>\n<ul>\n<li>Robustna konstrukcija: Majhen bagerski cilinder je izdelan iz visoko trdnih materialov in je zasnovan tako, da prenese zahtevne pogoje na gradbi\u0161\u010dih, kar zagotavlja dolgotrajno zanesljivost in zmogljivost.<\/li>\n<li>Vsestranska funkcionalnost: Ta cilinder podpira razli\u010dne funkcije, vklju\u010dno z upravljanjem roke, kraka, \u017elice in priklju\u010dkov, zaradi \u010desar je sestavni del celotnega delovanja bagra.<\/li>\n<li>U\u010dinkovito hidravli\u010dno delovanje: Hidravli\u010dni sistem, zasnovan za gladko in odzivno delovanje, omogo\u010da upravljavcem natan\u010dno opravljanje nalog, kar pove\u010duje produktivnost pri kopanju, ravnanju in ravnanju z materiali.<\/li>\n<li>Kompaktna zasnova: Kompaktna zasnova cilindra omogo\u010da enostavno integracijo v majhne bagre, kar izbolj\u0161a njihovo okretnost v tesnih prostorih, hkrati pa ohranja robustno delovanje.<\/li>\n<li>Nizke zahteve glede vzdr\u017eevanja: Majhen bagerski cilinder je izdelan za vzdr\u017eljivost in zahteva minimalno vzdr\u017eevanje, kar skraj\u0161a \u010das izpada in prispeva k splo\u0161ni u\u010dinkovitosti delovanja.<\/li>\n<\/ul>\n<p>Cilinder za majhen bager je bistvena komponenta, ki izbolj\u0161uje funkcionalnost in vsestranskost majhnih bagrov, zaradi \u010desar so u\u010dinkovita orodja za \u0161irok spekter uporabe v gradbeni\u0161tvu, urejanju krajine in izkopavanjih.<\/p>\n<h2>Specifikacije cilindra kraka (valja roke) majhnega bagra:<\/h2>\n<p>Cilinder kraka, znan tudi kot valj roke, je odgovoren za iztegovanje in spu\u0161\u010danje roke bagra. Ta valj zagotavlja potrebno silo za dvigovanje in spu\u0161\u010danje kraka, kar omogo\u010da natan\u010dno gibanje med kopanjem in ravnanjem z materiali.<\/p>\n<h2><img loading=\"lazy\" decoding=\"async\" class=\"size-full wp-image-471 aligncenter\" src=\"https:\/\/fmp-components.com\/wp-content\/uploads\/2024\/12\/Small-Excavator-Cylinder1.webp\" alt=\"Majhen bagerski valj\" width=\"500\" height=\"200\" title=\"\" srcset=\"https:\/\/fmp-components.com\/wp-content\/uploads\/2024\/12\/Small-Excavator-Cylinder1.webp 500w, https:\/\/fmp-components.com\/wp-content\/uploads\/2024\/12\/Small-Excavator-Cylinder1-480x192.webp 480w\" sizes=\"(min-width: 0px) and (max-width: 480px) 480px, (min-width: 481px) 500px, 100vw\" \/><\/h2>\n<table style=\"width: 100%;\" border=\"1\" width=\"100%\" cellspacing=\"0\" cellpadding=\"0\">\n<tbody>\n<tr>\n<td>Ime izdelka<\/td>\n<td>Majhen bagerski valj<\/td>\n<\/tr>\n<tr>\n<td>Zna\u010dilnosti:<\/td>\n<td>Nadzorujte gibanje podlakti<\/td>\n<\/tr>\n<tr>\n<td>Premer izvrtine:<\/td>\n<td>50 mm\uff5e115 mm<\/td>\n<\/tr>\n<tr>\n<td>Premer palice:<\/td>\n<td>25 mm\uff5e70 mm<br \/>\nHod \u2264 1000 mm<\/td>\n<\/tr>\n<tr>\n<td>Potisna sila:<\/td>\n<td>Najve\u010d 305 kN<\/td>\n<\/tr>\n<tr>\n<td>Premer izvrtine:<\/td>\n<td>115 mm\/tlak 29,4 MPa)<\/td>\n<\/tr>\n<\/tbody>\n<\/table>\n<h2><\/h2>\n<h2><img loading=\"lazy\" decoding=\"async\" class=\"alignnone size-full wp-image-472\" src=\"https:\/\/fmp-components.com\/wp-content\/uploads\/2024\/12\/Small-Excavator-Cylinder1-1.webp\" alt=\"Majhen bagerski valj\" width=\"828\" height=\"416\" title=\"\" srcset=\"https:\/\/fmp-components.com\/wp-content\/uploads\/2024\/12\/Small-Excavator-Cylinder1-1.webp 828w, https:\/\/fmp-components.com\/wp-content\/uploads\/2024\/12\/Small-Excavator-Cylinder1-1-480x241.webp 480w\" sizes=\"(min-width: 0px) and (max-width: 480px) 480px, (min-width: 481px) 828px, 100vw\" \/><\/h2>\n<h2>Specifikacije cilindra za majhen bager:<\/h2>\n<p>Cilinder \u017elice upravlja \u017elico bagra, kar omogo\u010da nagibanje in stresanje materialov. Ta cilinder je klju\u010dnega pomena za izkopavanje, zajemanje in nakladanje, saj zagotavlja mo\u010d, potrebno za u\u010dinkovito manipulacijo \u017elice.<\/p>\n<h2><img loading=\"lazy\" decoding=\"async\" class=\"size-full wp-image-473 aligncenter\" src=\"https:\/\/fmp-components.com\/wp-content\/uploads\/2024\/12\/Small-Excavator-Cylinder2.webp\" alt=\"Majhen bagerski valj\" width=\"500\" height=\"200\" title=\"\" srcset=\"https:\/\/fmp-components.com\/wp-content\/uploads\/2024\/12\/Small-Excavator-Cylinder2.webp 500w, https:\/\/fmp-components.com\/wp-content\/uploads\/2024\/12\/Small-Excavator-Cylinder2-480x192.webp 480w\" sizes=\"(min-width: 0px) and (max-width: 480px) 480px, (min-width: 481px) 500px, 100vw\" \/><\/h2>\n<table style=\"width: 100%;\" border=\"1\" width=\"100%\" cellspacing=\"0\" cellpadding=\"0\">\n<tbody>\n<tr>\n<td>Ime izdelka<\/td>\n<td>Majhen bager \u017elica cilinder<\/td>\n<\/tr>\n<tr>\n<td>Zna\u010dilnosti:<\/td>\n<td>Nadzorujte delovanje vedra<\/td>\n<\/tr>\n<tr>\n<td>Premer izvrtine:<\/td>\n<td>50 mm\uff5e105 mm<\/td>\n<\/tr>\n<tr>\n<td>Premer palice:<\/td>\n<td>25 mm\uff5e70 mm<br \/>\nHod \u2264 1000 mm<\/td>\n<\/tr>\n<tr>\n<td>Potisna sila:<\/td>\n<td>Najve\u010d 255 kN<\/td>\n<\/tr>\n<tr>\n<td>Premer izvrtine:<\/td>\n<td>105 mm\/tlak 29,4 MPa<\/td>\n<\/tr>\n<\/tbody>\n<\/table>\n<h2><\/h2>\n<h2><img loading=\"lazy\" decoding=\"async\" class=\"alignnone size-full wp-image-474\" src=\"https:\/\/fmp-components.com\/wp-content\/uploads\/2024\/12\/Small-Excavator-Cylinder2-1.webp\" alt=\"Majhen bagerski valj\" width=\"847\" height=\"410\" title=\"\" srcset=\"https:\/\/fmp-components.com\/wp-content\/uploads\/2024\/12\/Small-Excavator-Cylinder2-1.webp 847w, https:\/\/fmp-components.com\/wp-content\/uploads\/2024\/12\/Small-Excavator-Cylinder2-1-480x232.webp 480w\" sizes=\"(min-width: 0px) and (max-width: 480px) 480px, (min-width: 481px) 847px, 100vw\" \/><\/h2>\n<h2>Specifikacije cilindra roke majhnega bagra:<\/h2>\n<p>Cilinder roke nadzoruje gibanje roke bagra, kar omogo\u010da dvigovanje in spu\u0161\u010danje. Ta cilinder je bistvenega pomena za doseganje razli\u010dnih vi\u0161in in globin, kar bagru omogo\u010da natan\u010dno opravljanje razli\u010dnih nalog.<\/p>\n<h2><img loading=\"lazy\" decoding=\"async\" class=\"size-full wp-image-475 aligncenter\" src=\"https:\/\/fmp-components.com\/wp-content\/uploads\/2024\/12\/Small-Excavator-Cylinder3.webp\" alt=\"Majhen bagerski valj\" width=\"500\" height=\"200\" title=\"\" srcset=\"https:\/\/fmp-components.com\/wp-content\/uploads\/2024\/12\/Small-Excavator-Cylinder3.webp 500w, https:\/\/fmp-components.com\/wp-content\/uploads\/2024\/12\/Small-Excavator-Cylinder3-480x192.webp 480w\" sizes=\"(min-width: 0px) and (max-width: 480px) 480px, (min-width: 481px) 500px, 100vw\" \/><\/h2>\n<table style=\"width: 100%;\" border=\"1\" width=\"100%\" cellspacing=\"0\" cellpadding=\"0\">\n<tbody>\n<tr>\n<td>Ime izdelka<\/td>\n<td>Majhen bagerski valj<\/td>\n<\/tr>\n<tr>\n<td>Zna\u010dilnosti:<\/td>\n<td>Nadzorujte dvigovanje velike roke<\/td>\n<\/tr>\n<tr>\n<td>Premer izvrtine:<\/td>\n<td>50 mm\uff5e125 mm<\/td>\n<\/tr>\n<tr>\n<td>Premer palice:<\/td>\n<td>25 mm\uff5e75 mm<br \/>\nHod \u2264 1000 mm<\/td>\n<\/tr>\n<tr>\n<td>Potisna sila:<\/td>\n<td>Najve\u010d 361 kN<\/td>\n<\/tr>\n<tr>\n<td>Premer izvrtine:<\/td>\n<td>125 mm\/tlak 29,4 MPa<\/td>\n<\/tr>\n<\/tbody>\n<\/table>\n<h2><\/h2>\n<h2><img loading=\"lazy\" decoding=\"async\" class=\"alignnone size-full wp-image-476\" src=\"https:\/\/fmp-components.com\/wp-content\/uploads\/2024\/12\/Small-Excavator-Cylinder3-1.webp\" alt=\"Majhen bagerski valj\" width=\"874\" height=\"394\" title=\"\" srcset=\"https:\/\/fmp-components.com\/wp-content\/uploads\/2024\/12\/Small-Excavator-Cylinder3-1.webp 874w, https:\/\/fmp-components.com\/wp-content\/uploads\/2024\/12\/Small-Excavator-Cylinder3-1-480x216.webp 480w\" sizes=\"(min-width: 0px) and (max-width: 480px) 480px, (min-width: 481px) 874px, 100vw\" \/><\/h2>\n<h2>Specifikacije cilindra za buldo\u017eer za majhen bager:<\/h2>\n<p>Buldo\u017eerni valj se uporablja za krmiljenje rezila bagra, kar omogo\u010da natan\u010dno niveliranje in na\u010drtovanje tal. Ta valj pove\u010duje vsestranskost bagra, zaradi \u010desar je primeren za naloge, kot sta priprava gradbi\u0161\u010da in zemeljska dela.<\/p>\n<h2><img loading=\"lazy\" decoding=\"async\" class=\"size-full wp-image-477 aligncenter\" src=\"https:\/\/fmp-components.com\/wp-content\/uploads\/2024\/12\/Small-Excavator-Cylinder4.webp\" alt=\"Majhen bagerski valj\" width=\"500\" height=\"200\" title=\"\" srcset=\"https:\/\/fmp-components.com\/wp-content\/uploads\/2024\/12\/Small-Excavator-Cylinder4.webp 500w, https:\/\/fmp-components.com\/wp-content\/uploads\/2024\/12\/Small-Excavator-Cylinder4-480x192.webp 480w\" sizes=\"(min-width: 0px) and (max-width: 480px) 480px, (min-width: 481px) 500px, 100vw\" \/><\/h2>\n<table style=\"width: 100%;\" border=\"1\" width=\"100%\" cellspacing=\"0\" cellpadding=\"0\">\n<tbody>\n<tr>\n<td>Ime izdelka<\/td>\n<td>Mali bager buldo\u017eer cilinder<\/td>\n<\/tr>\n<tr>\n<td>Zna\u010dilnosti:<\/td>\n<td>Nadzorujte delovanje buldo\u017eerja<\/td>\n<\/tr>\n<tr>\n<td>Premer izvrtine:<\/td>\n<td>50 mm\uff5e140 mm<\/td>\n<\/tr>\n<tr>\n<td>Premer palice:<\/td>\n<td>25 mm\uff5e80 mm<br \/>\nHod \u2264250 mm<\/td>\n<\/tr>\n<tr>\n<td>Potisna sila:<\/td>\n<td>Najve\u010d 453 kN<\/td>\n<\/tr>\n<tr>\n<td>Premer izvrtine:<\/td>\n<td>140 mm\/tlak 29,4 MPa<\/td>\n<\/tr>\n<\/tbody>\n<\/table>\n<h2><\/h2>\n<h2><img loading=\"lazy\" decoding=\"async\" class=\"alignnone size-full wp-image-478\" src=\"https:\/\/fmp-components.com\/wp-content\/uploads\/2024\/12\/Small-Excavator-Cylinder4-1.webp\" alt=\"Majhen bagerski valj\" width=\"847\" height=\"401\" title=\"\" srcset=\"https:\/\/fmp-components.com\/wp-content\/uploads\/2024\/12\/Small-Excavator-Cylinder4-1.webp 847w, https:\/\/fmp-components.com\/wp-content\/uploads\/2024\/12\/Small-Excavator-Cylinder4-1-480x227.webp 480w\" sizes=\"(min-width: 0px) and (max-width: 480px) 480px, (min-width: 481px) 847px, 100vw\" \/><\/h2>\n<h2>Specifikacije rotacijskega aktuatorja za majhen bager:<\/h2>\n<p>Rotacijski aktuator omogo\u010da rotacijsko gibanje priklju\u010dkov, kot so svedri ali grabe\u017ei. Ta komponenta omogo\u010da bagru izvajanje nalog, ki zahtevajo vrtenje ali obra\u010danje, kar pove\u010duje njegovo operativno fleksibilnost.<\/p>\n<h2><img loading=\"lazy\" decoding=\"async\" class=\"size-full wp-image-479 aligncenter\" src=\"https:\/\/fmp-components.com\/wp-content\/uploads\/2024\/12\/Small-Excavator-Cylinder5.webp\" alt=\"Majhen bagerski valj\" width=\"500\" height=\"200\" title=\"\" srcset=\"https:\/\/fmp-components.com\/wp-content\/uploads\/2024\/12\/Small-Excavator-Cylinder5.webp 500w, https:\/\/fmp-components.com\/wp-content\/uploads\/2024\/12\/Small-Excavator-Cylinder5-480x192.webp 480w\" sizes=\"(min-width: 0px) and (max-width: 480px) 480px, (min-width: 481px) 500px, 100vw\" \/><\/h2>\n<table style=\"width: 100%;\" border=\"1\" width=\"100%\" cellspacing=\"0\" cellpadding=\"0\">\n<tbody>\n<tr style=\"height: 23px;\">\n<td style=\"height: 23px;\">Ime izdelka<\/td>\n<td style=\"height: 23px;\">Rotacijski aktuator za majhen bager<\/td>\n<\/tr>\n<tr style=\"height: 23px;\">\n<td style=\"height: 23px;\">Zna\u010dilnosti:<\/td>\n<td style=\"height: 23px;\">Odklon velike roke<\/td>\n<\/tr>\n<tr style=\"height: 23px;\">\n<td style=\"height: 23px;\">Premer izvrtine:<\/td>\n<td style=\"height: 23px;\">50 mm\uff5e120 mm<\/td>\n<\/tr>\n<tr style=\"height: 47px;\">\n<td style=\"height: 47px;\">Premer palice:<\/td>\n<td style=\"height: 47px;\">25 mm\uff5e75 mm<br \/>\nHod \u2264 1000 mm<\/td>\n<\/tr>\n<tr style=\"height: 23px;\">\n<td style=\"height: 23px;\">Potisna sila:<\/td>\n<td style=\"height: 23px;\">Najve\u010d 333 kN<\/td>\n<\/tr>\n<tr style=\"height: 23px;\">\n<td style=\"height: 23px;\">Premer izvrtine:<\/td>\n<td style=\"height: 23px;\">120 mm\/tlak 29,4 MPa<\/td>\n<\/tr>\n<\/tbody>\n<\/table>\n<h2><\/h2>\n<h2><img loading=\"lazy\" decoding=\"async\" class=\"alignnone size-full wp-image-480\" src=\"https:\/\/fmp-components.com\/wp-content\/uploads\/2024\/12\/Small-Excavator-Cylinder5-1.webp\" alt=\"Majhen bagerski valj\" width=\"849\" height=\"392\" title=\"\" srcset=\"https:\/\/fmp-components.com\/wp-content\/uploads\/2024\/12\/Small-Excavator-Cylinder5-1.webp 849w, https:\/\/fmp-components.com\/wp-content\/uploads\/2024\/12\/Small-Excavator-Cylinder5-1-480x222.webp 480w\" sizes=\"(min-width: 0px) and (max-width: 480px) 480px, (min-width: 481px) 849px, 100vw\" \/><\/h2>\n<h2>O FMP-ju<\/h2>\n<p>FMP je specializirano podjetje za mehansko proizvodnjo, ki se ukvarja s proizvodnjo hidravli\u010dnih cilindrov. Podjetje se \u017ee od ustanovitve osredoto\u010da na raziskave in proizvodnjo hidravli\u010dne tehnologije ter uspe\u0161no prehaja iz raznolike ponudbe izdelkov, ki je vklju\u010devala stroje za \u017eetev in gradbeni\u0161tvo, v specializacijo za komponente kmetijskih traktorjev. Z ve\u010d kot desetletjem izku\u0161enj v proizvodnji in upravljanju FMP zagotavlja visokokakovostne izdelke z naprednimi proizvodnimi tehnikami.<\/p>\n<p>Z razvojem podjetja je razvilo celovito proizvodno linijo za strojno obdelavo, monta\u017eno linijo in linijo za nana\u0161anje premazov. Na\u0161o ekipo sestavljajo usposobljeno vodstveno osebje, izku\u0161eni strojni oblikovalci in visoko usposobljeni tehniki, ki skupaj ohranjajo stabilno kakovost proizvodnje, hkrati pa u\u010dinkovito nadzorujejo neprekinjenost in u\u010dinkovitost procesov.<\/p>\n<p>FMP se dr\u017ei filozofije \u00bbTehnolo\u0161ke inovacije spodbujajo napredek, kakovost ustvarja blagovne znamke, obrtni\u0161ka spretnost zagotavlja kakovost in gradi dolgoro\u010dne odnose, v katere vsi pridobijo\u00ab. Na\u0161a zavezanost zagotavljanju visokokakovostnih izdelkov in vrhunski storitvi za stranke ostaja osrednji cilj, saj \u0161e naprej zadovoljujemo spreminjajo\u010de se potrebe trga.<\/p>\n<p><img loading=\"lazy\" decoding=\"async\" class=\"alignnone size-full wp-image-426\" src=\"https:\/\/fmp-components.com\/wp-content\/uploads\/2024\/12\/Sanitation-Machinery-Locking-Hydraulic-Cylinder-factory.webp\" sizes=\"(min-width: 0px) and (max-width: 480px) 480px, (min-width: 481px) and (max-width: 980px) 980px, (min-width: 981px) and (max-width: 1280px) 1280px, (min-width: 1281px) 1414px, 100vw\" srcset=\"https:\/\/fmp-components.com\/wp-content\/uploads\/2024\/12\/Sanitation-Machinery-Locking-Hydraulic-Cylinder-factory.webp 1414w, https:\/\/fmp-components.com\/wp-content\/uploads\/2024\/12\/Sanitation-Machinery-Locking-Hydraulic-Cylinder-factory-1280x529.webp 1280w, https:\/\/fmp-components.com\/wp-content\/uploads\/2024\/12\/Sanitation-Machinery-Locking-Hydraulic-Cylinder-factory-980x405.webp 980w, https:\/\/fmp-components.com\/wp-content\/uploads\/2024\/12\/Sanitation-Machinery-Locking-Hydraulic-Cylinder-factory-480x198.webp 480w\" alt=\"Tovarna sanitarnih strojev za zaklepanje hidravli\u010dnih valjev\" width=\"1414\" height=\"584\" title=\"\"><\/p>\n<p>Avtor: CX<\/p>","protected":false},"excerpt":{"rendered":"<p>Cilinder za majhen bager je klju\u010dna hidravli\u010dna komponenta, zasnovana za zagotavljanje mo\u010dnega in natan\u010dnega gibanja majhnih bagrov. Ta cilinder je zasnovan tako, da omogo\u010da razli\u010dne funkcije, kot so dvigovanje, kopanje in nagibanje, kar zagotavlja u\u010dinkovito delovanje stroja. Izdelan je iz visoko trdnih materialov in je zasnovan tako, da prenese zahtevne pogoje na gradbi\u0161\u010dih in izkopavanjih, saj ponuja vzdr\u017eljivost in zanesljivost. Kompaktna zasnova omogo\u010da enostavno integracijo v majhne bagre, kar omogo\u010da izbolj\u0161ano manevriranje v tesnih prostorih. Z u\u010dinkovito hidravli\u010dno zmogljivostjo ima cilinder za majhen bager klju\u010dno vlogo pri optimizaciji zmogljivosti stroja za \u0161irok spekter uporabe.<\/p>","protected":false},"featured_media":470,"comment_status":"open","ping_status":"closed","template":"","meta":{"_et_pb_use_builder":"","_et_pb_old_content":"","_et_gb_content_width":""},"product_brand":[],"product_cat":[25],"product_tag":[],"class_list":{"0":"post-469","1":"product","2":"type-product","3":"status-publish","4":"has-post-thumbnail","6":"product_cat-mobile-machinery-hydraulic-cylinder","8":"first","9":"instock","10":"shipping-taxable","11":"product-type-simple"},"_links":{"self":[{"href":"https:\/\/fmp-components.com\/sl\/wp-json\/wp\/v2\/product\/469","targetHints":{"allow":["GET"]}}],"collection":[{"href":"https:\/\/fmp-components.com\/sl\/wp-json\/wp\/v2\/product"}],"about":[{"href":"https:\/\/fmp-components.com\/sl\/wp-json\/wp\/v2\/types\/product"}],"replies":[{"embeddable":true,"href":"https:\/\/fmp-components.com\/sl\/wp-json\/wp\/v2\/comments?post=469"}],"wp:featuredmedia":[{"embeddable":true,"href":"https:\/\/fmp-components.com\/sl\/wp-json\/wp\/v2\/media\/470"}],"wp:attachment":[{"href":"https:\/\/fmp-components.com\/sl\/wp-json\/wp\/v2\/media?parent=469"}],"wp:term":[{"taxonomy":"product_brand","embeddable":true,"href":"https:\/\/fmp-components.com\/sl\/wp-json\/wp\/v2\/product_brand?post=469"},{"taxonomy":"product_cat","embeddable":true,"href":"https:\/\/fmp-components.com\/sl\/wp-json\/wp\/v2\/product_cat?post=469"},{"taxonomy":"product_tag","embeddable":true,"href":"https:\/\/fmp-components.com\/sl\/wp-json\/wp\/v2\/product_tag?post=469"}],"curies":[{"name":"delovni list","href":"https:\/\/api.w.org\/{rel}","templated":true}]}}