{"id":461,"date":"2024-12-10T07:39:51","date_gmt":"2024-12-10T07:39:51","guid":{"rendered":"https:\/\/fmp-components.com\/?page_id=8"},"modified":"2024-12-10T07:43:11","modified_gmt":"2024-12-10T07:43:11","slug":"crane-spring-hydraulic-cylinder","status":"publish","type":"product","link":"https:\/\/fmp-components.com\/sl\/product\/crane-spring-hydraulic-cylinder\/","title":{"rendered":"Hidravli\u010dni cilinder vzmeti \u017eerjava"},"content":{"rendered":"<p style=\"text-align: center;\"><span style=\"font-size: 18pt;\">Hidravli\u010dni cilinder vzmeti \u017eerjava<\/span><\/p>\n<p>Vzmetni hidravli\u010dni cilinder \u017eerjava je bistvena komponenta, zasnovana za zagotavljanje dinami\u010dne opore in stabilnosti \u017eerjavov med dvigovanjem. Ta hidravli\u010dni cilinder zdru\u017euje vzmetni mehanizem s hidravli\u010dnim tlakom, kar omogo\u010da gladke in nadzorovane gibe ter u\u010dinkovito ravnanje s bremenom.<\/p>\n<p><img loading=\"lazy\" decoding=\"async\" class=\"size-full wp-image-465 aligncenter\" src=\"https:\/\/fmp-components.com\/wp-content\/uploads\/2024\/12\/Crane-Spring-Hydraulic-Cylinder.jpg\" alt=\"Hidravli\u010dni cilinder vzmeti \u017eerjava\" width=\"500\" height=\"500\" title=\"\" srcset=\"https:\/\/fmp-components.com\/wp-content\/uploads\/2024\/12\/Crane-Spring-Hydraulic-Cylinder.jpg 500w, https:\/\/fmp-components.com\/wp-content\/uploads\/2024\/12\/Crane-Spring-Hydraulic-Cylinder-480x480.jpg 480w\" sizes=\"(min-width: 0px) and (max-width: 480px) 480px, (min-width: 481px) 500px, 100vw\" \/><\/p>\n<h4>Klju\u010dne lastnosti:<\/h4>\n<ul>\n<li>Trpe\u017ena konstrukcija: Hidravli\u010dni cilinder vzmeti \u017eerjava je izdelan iz visoko trdnih materialov in je zasnovan tako, da prenese zahtevne pogoje gradbeni\u0161tva in industrijskega okolja, kar zagotavlja dolgotrajno vzdr\u017eljivost in zanesljivost.<\/li>\n<li>Dinami\u010dna podpora: Integrirani vzmetni mehanizem pomaga ohranjati ravnote\u017eje in stabilnost med dvigovanjem, kar pove\u010duje varnost in zmanj\u0161uje tveganje prevra\u010danja.<\/li>\n<li>Gladko delovanje: Napredni hidravli\u010dni sistem omogo\u010da teko\u010de in odzivne gibe, kar upravljavcem omogo\u010da hitro prilagajanje polo\u017eaja \u017eerjava med rokovanjem s tovori.<\/li>\n<li>Vsestranska uporaba: Ta hidravli\u010dni cilinder je primeren za razli\u010dne vrste \u017eerjavov, vklju\u010dno z mobilnimi in stolpnimi \u017eerjavi, zato ga je mogo\u010de enostavno integrirati v razli\u010dne dvi\u017ene sisteme, zaradi \u010desar je vsestranska re\u0161itev za vrsto aplikacij.<\/li>\n<li>Nizke zahteve glede vzdr\u017eevanja: Hidravli\u010dni cilinder vzmeti \u017eerjava je zasnovan za u\u010dinkovitost in vzdr\u017eljivost ter zahteva minimalno vzdr\u017eevanje, kar prispeva k kraj\u0161emu \u010dasu izpada in ve\u010dji produktivnosti.<\/li>\n<\/ul>\n<p>Vzmetni hidravli\u010dni cilinder \u017eerjava je klju\u010dna komponenta, ki izbolj\u0161a delovanje in varnost \u017eerjavov, saj zagotavlja dinami\u010dno podporo in omogo\u010da nemoteno dvigovanje, zaradi \u010desar je nepogre\u0161ljiv za u\u010dinkovito ravnanje s bremeni v razli\u010dnih aplikacijah.<\/p>\n<h2>Dimenzije hidravli\u010dnega cilindra vzmeti \u017eerjava:<\/h2>\n<table>\n<tbody>\n<tr>\n<td>\n<h2><img loading=\"lazy\" decoding=\"async\" class=\"alignnone size-full wp-image-462\" src=\"https:\/\/fmp-components.com\/wp-content\/uploads\/2024\/12\/Crane-Spring-Hydraulic-Cylinder-Dimensions-1.webp\" alt=\"Dimenzije vzmetnega hidravli\u010dnega valja \u017eerjava\" width=\"980\" height=\"517\" title=\"\" srcset=\"https:\/\/fmp-components.com\/wp-content\/uploads\/2024\/12\/Crane-Spring-Hydraulic-Cylinder-Dimensions-1.webp 980w, https:\/\/fmp-components.com\/wp-content\/uploads\/2024\/12\/Crane-Spring-Hydraulic-Cylinder-Dimensions-1-480x253.webp 480w\" sizes=\"(min-width: 0px) and (max-width: 480px) 480px, (min-width: 481px) 980px, 100vw\" \/><\/h2>\n<\/td>\n<td>\n<h2><img loading=\"lazy\" decoding=\"async\" class=\"alignnone size-full wp-image-463\" src=\"https:\/\/fmp-components.com\/wp-content\/uploads\/2024\/12\/Crane-Spring-Hydraulic-Cylinder-Dimensions-2.webp\" alt=\"Dimenzije vzmetnega hidravli\u010dnega valja \u017eerjava\" width=\"980\" height=\"517\" title=\"\" srcset=\"https:\/\/fmp-components.com\/wp-content\/uploads\/2024\/12\/Crane-Spring-Hydraulic-Cylinder-Dimensions-2.webp 980w, https:\/\/fmp-components.com\/wp-content\/uploads\/2024\/12\/Crane-Spring-Hydraulic-Cylinder-Dimensions-2-480x253.webp 480w\" sizes=\"(min-width: 0px) and (max-width: 480px) 480px, (min-width: 481px) 980px, 100vw\" \/><\/h2>\n<\/td>\n<\/tr>\n<\/tbody>\n<\/table>\n<table style=\"width: 100%; height: 118px;\" border=\"1\" cellspacing=\"0\" cellpadding=\"0\">\n<tbody>\n<tr style=\"height: 71px;\">\n<td style=\"height: 71px;\" width=\"246\">Ime cilindra<\/td>\n<td style=\"height: 71px;\" width=\"336\">\u0160tevilka risbe<\/td>\n<td style=\"height: 71px;\" width=\"126\">Premer izvrtine (D)<\/td>\n<td style=\"height: 71px;\" width=\"123\">Premer palice (d)<\/td>\n<td style=\"height: 71px;\" width=\"114\">Hod (S)<\/td>\n<td style=\"height: 71px;\" width=\"170\">Razdalja namestitve (L)<\/td>\n<td style=\"height: 71px;\" width=\"172\">Delovni tlak<\/td>\n<td style=\"height: 71px;\" width=\"366\">Dimenzije vmesnika (M)<\/td>\n<td style=\"height: 71px;\" width=\"96\">Te\u017ea<\/td>\n<\/tr>\n<tr style=\"height: 47px;\">\n<td class=\"et3\" style=\"height: 47px;\" width=\"246\" height=\"360\">Vzmetni valj<\/td>\n<td class=\"et4\" style=\"height: 47px;\" width=\"336\">ZXYG24.01-00<\/td>\n<td class=\"et4\" style=\"height: 47px;\" width=\"126\">\u03a663<\/td>\n<td class=\"et4\" style=\"height: 47px;\" width=\"123\">\u03a632<\/td>\n<td class=\"et4\" style=\"height: 47px;\" width=\"114\">25<\/td>\n<td class=\"et4\" style=\"height: 47px;\" width=\"170\">267<\/td>\n<td class=\"et4\" style=\"height: 47px;\" width=\"172\">4MPa<\/td>\n<td class=\"et4\" style=\"height: 47px;\" width=\"366\">G1\/4<\/td>\n<td class=\"et4\" style=\"height: 47px;\" width=\"96\">6,5 kg<\/td>\n<\/tr>\n<\/tbody>\n<\/table>\n<h2>Razpolo\u017eljive znamke in modeli hidravli\u010dnih cilindrov:<\/h2>\n<table border=\"1\" cellspacing=\"0\" cellpadding=\"0\">\n<tbody>\n<tr>\n<td><span data-spm-anchor-id=\"a2700.details.0.i43.45d84a73e99C9z\">KOMATSU (PC)<\/span><\/td>\n<td>PC30, PC40, PC50, PC56, PC60, PC78, PC100, PC110, PC120, PC130, PC160, PC200-3\/5\/6\/7\/8\/8MO, PC210, PC220-5\/6\/7\/8\/8MO, PC240, PC300\/350\/360-5\/6\/7\/8\/8MO, PC400\/450-5\/6\/7\/8\/8MO, PC800, PC850<\/td>\n<\/tr>\n<tr>\n<td>GOSENJAK (E)<\/td>\n<td>E301.5, E302, E305.5, E306, E307V1\/V2\/B\/C\/D\/E\/F, E308B\/C, E120B, E312V1\/V2\/B\/C\/D, E313D2, E312D2, E315D<br \/>\nE200B,E320V1\/V2\/A\/B\/C\/D,E324D,E325C\/D,E329D,E330\/336C\/D,E345C,E349D,E365C,E374,E390<\/td>\n<\/tr>\n<tr>\n<td>KOBELCO (SK)<\/td>\n<td>SK60-3\/5\/8, SK75-8\/SR, SK100, SK120-3\/5, SK135-8\/SR, SK140-8, SK200-3\/5\/6\/6E, SK210-3\/5\/6\/6E,<br \/>\nSK230\/250-6E,SK250-8,SK260-8,SK350-8\/S8,SK460\/480-8<\/td>\n<\/tr>\n<tr>\n<td>HYUNDAI (R)<\/td>\n<td>R55-5\/7, R60-5\/7, R80, R110, R130, R200-5, R210-5, R215-5\/7, R220-5\/7\/9, R225-5\/7\/9, R250, R260, R265, R290, R305, R445, R485, R505<\/td>\n<\/tr>\n<tr>\n<td><span data-spm-anchor-id=\"a2700.details.0.i53.45d84a73e99C9z\">HITACHI (npr. ZX)<\/span><\/td>\n<td>EX60, EX100-1\/2\/3, EX120-1\/3\/5\/6, EX200-1\/3\/5, EX230-5, EX300-1, EX400<br \/>\nZAX60,ZAX70,ZA120-6,ZAX200\/210-1\/3\/5\/5K,ZAX240,ZAX250,ZAX260,ZAX330-3\/5\/6,ZAX450\/470,ZAX650\/670,ZAX850\/870<\/td>\n<\/tr>\n<tr>\n<td>\n<div class=\"magic-32\"><span data-spm-anchor-id=\"a2700.details.0.i55.45d84a73e99C9z\">DOOSAN (DH\/DX)<\/span><\/div>\n<\/td>\n<td>\n<div class=\"magic-33\"><span class=\"magic-34\">DH55, DH60, DH80, DH150, DH215-5\/7, DH220-5, DH225-5\/7, DH258, DH300-5\/7, DH370, DH420, DH500<br \/>\nDX55, DX60, DX75, DX130, DX225-9, DX300, DX380, DX420, DX500<\/span><\/div>\n<\/td>\n<\/tr>\n<tr>\n<td>\n<div class=\"magic-32\">VOLVO (ES)<\/div>\n<\/td>\n<td>\n<div class=\"magic-33\"><span class=\"magic-34\">EC55, EC60, EC75, EC80, EC140, EC210B\/D, EC220D, EC240, EC250, EC290, EC300, EC360, EC380, EC460, EC480, EC700, EC750, EC950<\/span><\/div>\n<\/td>\n<\/tr>\n<tr>\n<td>\n<div class=\"magic-32\">KATO (HD)<\/div>\n<\/td>\n<td>\n<div class=\"magic-33\"><span class=\"magic-34\">HD307\/308, HD450, HD512, HD700-5\/7, HD820-1\/2\/3\/5\/R, HD1023-1\/3, HD1430-1\/3<\/span><\/div>\n<\/td>\n<\/tr>\n<tr>\n<td>\n<div class=\"magic-32\">DRUGA ZNAMKA<\/div>\n<\/td>\n<td>\n<div class=\"magic-33\"><span class=\"magic-34\">XCMG,LIUGONG,KUBOTA,CASE,YANMAR,SUNWARD,ZOOMLION,LISHIDE,LIEHERR<\/span><\/div>\n<\/td>\n<\/tr>\n<\/tbody>\n<\/table>\n<p><img loading=\"lazy\" decoding=\"async\" class=\"alignnone size-full wp-image-447\" src=\"https:\/\/fmp-components.com\/wp-content\/uploads\/2024\/12\/Crane.webp\" alt=\"\u017derjav\" width=\"1234\" height=\"822\" title=\"\" srcset=\"https:\/\/fmp-components.com\/wp-content\/uploads\/2024\/12\/Crane.webp 1234w, https:\/\/fmp-components.com\/wp-content\/uploads\/2024\/12\/Crane-980x653.webp 980w, https:\/\/fmp-components.com\/wp-content\/uploads\/2024\/12\/Crane-480x320.webp 480w\" sizes=\"(min-width: 0px) and (max-width: 480px) 480px, (min-width: 481px) and (max-width: 980px) 980px, (min-width: 981px) 1234px, 100vw\" \/><\/p>\n<h2>O FMP-ju<\/h2>\n<p>FMP je specializirano podjetje za mehansko proizvodnjo, ki se ukvarja s proizvodnjo hidravli\u010dnih cilindrov. Podjetje se \u017ee od ustanovitve osredoto\u010da na raziskave in proizvodnjo hidravli\u010dne tehnologije ter uspe\u0161no prehaja iz raznolike ponudbe izdelkov, ki je vklju\u010devala stroje za \u017eetev in gradbeni\u0161tvo, v specializacijo za komponente kmetijskih traktorjev. Z ve\u010d kot desetletjem izku\u0161enj v proizvodnji in upravljanju FMP zagotavlja visokokakovostne izdelke z naprednimi proizvodnimi tehnikami.<\/p>\n<p>Z razvojem podjetja je razvilo celovito proizvodno linijo za strojno obdelavo, monta\u017eno linijo in linijo za nana\u0161anje premazov. Na\u0161o ekipo sestavljajo usposobljeno vodstveno osebje, izku\u0161eni strojni oblikovalci in visoko usposobljeni tehniki, ki skupaj ohranjajo stabilno kakovost proizvodnje, hkrati pa u\u010dinkovito nadzorujejo neprekinjenost in u\u010dinkovitost procesov.<\/p>\n<p>FMP se dr\u017ei filozofije \u00bbTehnolo\u0161ke inovacije spodbujajo napredek, kakovost ustvarja blagovne znamke, obrtni\u0161ka spretnost zagotavlja kakovost in gradi dolgoro\u010dne odnose, v katere vsi pridobijo\u00ab. Na\u0161a zavezanost zagotavljanju visokokakovostnih izdelkov in vrhunski storitvi za stranke ostaja osrednji cilj, saj \u0161e naprej zadovoljujemo spreminjajo\u010de se potrebe trga.<\/p>\n<p><img loading=\"lazy\" decoding=\"async\" class=\"alignnone size-full wp-image-426\" src=\"https:\/\/fmp-components.com\/wp-content\/uploads\/2024\/12\/Sanitation-Machinery-Locking-Hydraulic-Cylinder-factory.webp\" sizes=\"(min-width: 0px) and (max-width: 480px) 480px, (min-width: 481px) and (max-width: 980px) 980px, (min-width: 981px) and (max-width: 1280px) 1280px, (min-width: 1281px) 1414px, 100vw\" srcset=\"https:\/\/fmp-components.com\/wp-content\/uploads\/2024\/12\/Sanitation-Machinery-Locking-Hydraulic-Cylinder-factory.webp 1414w, https:\/\/fmp-components.com\/wp-content\/uploads\/2024\/12\/Sanitation-Machinery-Locking-Hydraulic-Cylinder-factory-1280x529.webp 1280w, https:\/\/fmp-components.com\/wp-content\/uploads\/2024\/12\/Sanitation-Machinery-Locking-Hydraulic-Cylinder-factory-980x405.webp 980w, https:\/\/fmp-components.com\/wp-content\/uploads\/2024\/12\/Sanitation-Machinery-Locking-Hydraulic-Cylinder-factory-480x198.webp 480w\" alt=\"Tovarna sanitarnih strojev za zaklepanje hidravli\u010dnih valjev\" width=\"1414\" height=\"584\" title=\"\"><\/p>\n<p>Avtor: CX<\/p>","protected":false},"excerpt":{"rendered":"<p>Vzmetni hidravli\u010dni cilinder \u017eerjava je klju\u010dna komponenta, zasnovana za zagotavljanje dinami\u010dne opore in stabilnosti \u017eerjavov med dvigovanjem. Ta hidravli\u010dni cilinder uporablja vzmetni mehanizem v povezavi s hidravli\u010dnim tlakom za gladke in nadzorovane gibe, kar omogo\u010da u\u010dinkovito ravnanje s bremenom. Izdelan je iz visoko trdnih materialov in je izdelan tako, da prenese zahtevne pogoje gradbeni\u0161tva in industrijskega okolja, kar zagotavlja dolgotrajno vzdr\u017eljivost in zanesljivost. Vzmetno delovanje pomaga ohranjati ravnote\u017eje in pove\u010duje varnost med delovanjem, u\u010dinkovit hidravli\u010dni sistem pa omogo\u010da hitro prilagajanje. Ta bistveni cilinder igra klju\u010dno vlogo pri optimizaciji delovanja in vsestranskosti \u017eerjava, zaradi \u010desar je nepogre\u0161ljiv za razli\u010dne dvi\u017ene aplikacije.<\/p>","protected":false},"featured_media":465,"comment_status":"open","ping_status":"closed","template":"","meta":{"_et_pb_use_builder":"","_et_pb_old_content":"","_et_gb_content_width":""},"product_brand":[],"product_cat":[24],"product_tag":[],"class_list":{"0":"post-461","1":"product","2":"type-product","3":"status-publish","4":"has-post-thumbnail","6":"product_cat-construction-machinery-hydraulic-cylinders","8":"first","9":"instock","10":"shipping-taxable","11":"product-type-simple"},"_links":{"self":[{"href":"https:\/\/fmp-components.com\/sl\/wp-json\/wp\/v2\/product\/461","targetHints":{"allow":["GET"]}}],"collection":[{"href":"https:\/\/fmp-components.com\/sl\/wp-json\/wp\/v2\/product"}],"about":[{"href":"https:\/\/fmp-components.com\/sl\/wp-json\/wp\/v2\/types\/product"}],"replies":[{"embeddable":true,"href":"https:\/\/fmp-components.com\/sl\/wp-json\/wp\/v2\/comments?post=461"}],"wp:featuredmedia":[{"embeddable":true,"href":"https:\/\/fmp-components.com\/sl\/wp-json\/wp\/v2\/media\/465"}],"wp:attachment":[{"href":"https:\/\/fmp-components.com\/sl\/wp-json\/wp\/v2\/media?parent=461"}],"wp:term":[{"taxonomy":"product_brand","embeddable":true,"href":"https:\/\/fmp-components.com\/sl\/wp-json\/wp\/v2\/product_brand?post=461"},{"taxonomy":"product_cat","embeddable":true,"href":"https:\/\/fmp-components.com\/sl\/wp-json\/wp\/v2\/product_cat?post=461"},{"taxonomy":"product_tag","embeddable":true,"href":"https:\/\/fmp-components.com\/sl\/wp-json\/wp\/v2\/product_tag?post=461"}],"curies":[{"name":"delovni list","href":"https:\/\/api.w.org\/{rel}","templated":true}]}}