{"id":444,"date":"2024-12-10T06:46:45","date_gmt":"2024-12-10T06:46:45","guid":{"rendered":"https:\/\/fmp-components.com\/?page_id=8"},"modified":"2024-12-10T07:23:36","modified_gmt":"2024-12-10T07:23:36","slug":"crane-counterweight-hydraulic-cylinder","status":"publish","type":"product","link":"https:\/\/fmp-components.com\/sl\/product\/crane-counterweight-hydraulic-cylinder\/","title":{"rendered":"Hidravli\u010dni cilinder za protiute\u017e \u017eerjava"},"content":{"rendered":"<p style=\"text-align: center;\"><span style=\"font-size: 18pt;\">Hidravli\u010dni cilinder za protiute\u017e \u017eerjava<\/span><\/p>\n<p>Hidravli\u010dni cilinder za protiute\u017e \u017eerjava je bistvena komponenta, zasnovana za zagotavljanje natan\u010dnega uravnote\u017eenja \u017eerjavov med dvigovanjem. Ta hidravli\u010dni cilinder igra klju\u010dno vlogo pri prilagajanju polo\u017eaja protiute\u017ei, kar zagotavlja optimalno stabilnost in varnost pri rokovanju s te\u017ekimi bremeni.<\/p>\n<h4>Klju\u010dne lastnosti:<\/h4>\n<ul>\n<li>Robustna konstrukcija: Hidravli\u010dni cilinder s protiute\u017ejo je izdelan iz visoko trdnih materialov in je zasnovan tako, da prenese zahtevne pogoje gradnje in dvigovanja te\u017ekih bremen, kar zagotavlja dolgotrajno vzdr\u017eljivost in zanesljivost.<\/li>\n<li>Gladko hidravli\u010dno delovanje: Napredni hidravli\u010dni sistem omogo\u010da gladke in nadzorovane gibe, kar omogo\u010da natan\u010dno nastavitev protiute\u017ei in izbolj\u0161uje splo\u0161no zmogljivost \u017eerjava.<\/li>\n<li>Izbolj\u0161ana stabilnost: Z zagotavljanjem natan\u010dne protiute\u017ene sile ta hidravli\u010dni cilinder pomaga ohranjati stabilnost \u017eerjava med delovanjem, kar zmanj\u0161uje tveganje prevra\u010danja ali nesre\u010d pri dvigovanju te\u017ekih bremen.<\/li>\n<li>Vsestranska uporaba: Ta hidravli\u010dni cilinder je primeren za razli\u010dne vrste \u017eerjavov, vklju\u010dno z mobilnimi in stolpnimi \u017eerjavi, zato ga je mogo\u010de enostavno integrirati v obstoje\u010de sisteme \u017eerjavov, zaradi \u010desar je vsestranska re\u0161itev za dvigovanje.<\/li>\n<li>Nizke zahteve glede vzdr\u017eevanja: Hidravli\u010dni cilinder s protiute\u017ejo je zasnovan za u\u010dinkovitost in vzdr\u017eljivost ter zahteva minimalno vzdr\u017eevanje, kar ima za posledico kraj\u0161i \u010das izpada in ve\u010djo produktivnost.<\/li>\n<\/ul>\n<p>Skratka, hidravli\u010dni cilinder za protiute\u017e \u017eerjava je klju\u010dna komponenta, ki izbolj\u0161uje funkcionalnost in varnost \u017eerjava ter zagotavlja u\u010dinkovito dvigovanje, hkrati pa ohranja stabilnost in nadzor.<\/p>\n<h2>Dimenzije hidravli\u010dnega cilindra za protiute\u017e \u017eerjava:<\/h2>\n<table style=\"width: 100%;\">\n<tbody>\n<tr>\n<td style=\"width: 46.1373%;\"><img loading=\"lazy\" decoding=\"async\" class=\"alignnone size-full wp-image-445\" src=\"https:\/\/fmp-components.com\/wp-content\/uploads\/2024\/12\/Crane-Counterweight-Hydraulic-Cylinder.webp\" alt=\"Hidravli\u010dni cilinder za protiute\u017e \u017eerjava\" width=\"500\" height=\"500\" title=\"\" srcset=\"https:\/\/fmp-components.com\/wp-content\/uploads\/2024\/12\/Crane-Counterweight-Hydraulic-Cylinder.webp 500w, https:\/\/fmp-components.com\/wp-content\/uploads\/2024\/12\/Crane-Counterweight-Hydraulic-Cylinder-480x480.webp 480w\" sizes=\"(min-width: 0px) and (max-width: 480px) 480px, (min-width: 481px) 500px, 100vw\" \/><\/td>\n<td style=\"width: 53.2189%;\"><img loading=\"lazy\" decoding=\"async\" class=\"alignnone size-full wp-image-446\" src=\"https:\/\/fmp-components.com\/wp-content\/uploads\/2024\/12\/YWMPMnZi-Crane-Counterweight-Hydraulic-Cylinder-Dimensions-2.webp\" alt=\"Hidravli\u010dni cilinder za protiute\u017e \u017eerjava\" width=\"1024\" height=\"698\" title=\"\" srcset=\"https:\/\/fmp-components.com\/wp-content\/uploads\/2024\/12\/YWMPMnZi-Crane-Counterweight-Hydraulic-Cylinder-Dimensions-2.webp 1024w, https:\/\/fmp-components.com\/wp-content\/uploads\/2024\/12\/YWMPMnZi-Crane-Counterweight-Hydraulic-Cylinder-Dimensions-2-980x668.webp 980w, https:\/\/fmp-components.com\/wp-content\/uploads\/2024\/12\/YWMPMnZi-Crane-Counterweight-Hydraulic-Cylinder-Dimensions-2-480x327.webp 480w\" sizes=\"(min-width: 0px) and (max-width: 480px) 480px, (min-width: 481px) and (max-width: 980px) 980px, (min-width: 981px) 1024px, 100vw\" \/><\/td>\n<\/tr>\n<\/tbody>\n<\/table>\n<table style=\"width: 100%; height: 134px;\" border=\"1\" cellspacing=\"0\" cellpadding=\"0\">\n<tbody>\n<tr style=\"height: 71px;\">\n<td style=\"height: 71px;\" width=\"246\">Ime cilindra<\/td>\n<td style=\"height: 71px;\" width=\"336\">\u0160tevilka risbe<\/td>\n<td style=\"height: 71px;\" width=\"126\">Premer izvrtine (D)<\/td>\n<td style=\"height: 71px;\" width=\"123\">Premer palice (d)<\/td>\n<td style=\"height: 71px;\" width=\"114\">Hod (S)<\/td>\n<td style=\"height: 71px;\" width=\"170\">Razdalja namestitve (L)<\/td>\n<td style=\"height: 71px;\" width=\"172\">Delovni tlak<\/td>\n<td style=\"height: 71px;\" width=\"366\">Dimenzije vmesnika (M)<\/td>\n<td style=\"height: 71px;\" width=\"96\">Te\u017ea<\/td>\n<\/tr>\n<tr style=\"height: 63px;\">\n<td class=\"et3\" style=\"height: 63px;\" width=\"246\" height=\"356\">Hidravli\u010dni cilinder protiute\u017ei<\/td>\n<td class=\"et4\" style=\"height: 63px;\" width=\"336\">QAY220.12\/13A-00<\/td>\n<td class=\"et4\" style=\"height: 63px;\" width=\"126\">\u03a6200<\/td>\n<td class=\"et4\" style=\"height: 63px;\" width=\"123\">\u03a6100<\/td>\n<td class=\"et4\" style=\"height: 63px;\" width=\"114\">180<\/td>\n<td class=\"et4\" style=\"height: 63px;\" width=\"170\">530<\/td>\n<td class=\"et4\" style=\"height: 63px;\" width=\"172\">25 MPa; 40 MPa<\/td>\n<td class=\"et4\" style=\"height: 63px;\" width=\"366\">3-G1\/4;M20*1,5;2-M14*1,5<\/td>\n<td class=\"et4\" style=\"height: 63px;\" width=\"96\">124 kg<\/td>\n<\/tr>\n<\/tbody>\n<\/table>\n<h2>Parameter hidravli\u010dnega cilindra protiute\u017ei \u017eerjava:<\/h2>\n<table border=\"1\" width=\"100%\" cellspacing=\"0\" cellpadding=\"0\">\n<tbody>\n<tr>\n<td width=\"70\">Predmet<\/td>\n<td width=\"70\">Opis<\/td>\n<\/tr>\n<tr>\n<td width=\"70\">Ime izdelka<\/td>\n<td width=\"70\">Hidravli\u010dni cilinder po meri<\/td>\n<\/tr>\n<tr>\n<td width=\"70\">Potrdilo:<\/td>\n<td width=\"70\">ISO9001, ISO4001, ISO 45003<\/td>\n<\/tr>\n<tr>\n<td width=\"70\">Proizvodna zmogljivost:<\/td>\n<td width=\"70\">1200.000 kosov na leto<\/td>\n<\/tr>\n<tr>\n<td width=\"70\">\u010cas vzor\u010denja<\/td>\n<td width=\"70\">Na podlagi dejanskega tipa<\/td>\n<\/tr>\n<tr>\n<td width=\"70\">Blagovna znamka<\/td>\n<td width=\"70\">FMP ali logotip stranke<\/td>\n<\/tr>\n<tr>\n<td width=\"70\">Storitev<\/td>\n<td width=\"70\">OEM in ODM<\/td>\n<\/tr>\n<tr>\n<td width=\"70\">Blagovna znamka pe\u010data<\/td>\n<td width=\"70\">Parker, NOK, BUSAK \u0160AMBAN<\/td>\n<\/tr>\n<tr>\n<td width=\"70\">\u010cas dostave<\/td>\n<td width=\"70\">Na podlagi koli\u010dine naro\u010dila.<\/td>\n<\/tr>\n<tr>\n<td width=\"70\">Vrsta podjetja<\/td>\n<td width=\"70\">Proizvajalec in izvoznik<\/td>\n<\/tr>\n<\/tbody>\n<\/table>\n<h2>Razpolo\u017eljive znamke in modeli hidravli\u010dnih cilindrov:<\/h2>\n<table border=\"1\" cellspacing=\"0\" cellpadding=\"0\">\n<tbody>\n<tr>\n<td><span data-spm-anchor-id=\"a2700.details.0.i43.45d84a73e99C9z\">KOMATSU (PC)<\/span><\/td>\n<td>PC30, PC40, PC50, PC56, PC60, PC78, PC100, PC110, PC120, PC130, PC160, PC200-3\/5\/6\/7\/8\/8MO, PC210, PC220-5\/6\/7\/8\/8MO, PC240, PC300\/350\/360-5\/6\/7\/8\/8MO, PC400\/450-5\/6\/7\/8\/8MO, PC800, PC850<\/td>\n<\/tr>\n<tr>\n<td>GOSENJAK (E)<\/td>\n<td>E301.5, E302, E305.5, E306, E307V1\/V2\/B\/C\/D\/E\/F, E308B\/C, E120B, E312V1\/V2\/B\/C\/D, E313D2, E312D2, E315D<br \/>\nE200B,E320V1\/V2\/A\/B\/C\/D,E324D,E325C\/D,E329D,E330\/336C\/D,E345C,E349D,E365C,E374,E390<\/td>\n<\/tr>\n<tr>\n<td>KOBELCO (SK)<\/td>\n<td>SK60-3\/5\/8, SK75-8\/SR, SK100, SK120-3\/5, SK135-8\/SR, SK140-8, SK200-3\/5\/6\/6E, SK210-3\/5\/6\/6E,<br \/>\nSK230\/250-6E,SK250-8,SK260-8,SK350-8\/S8,SK460\/480-8<\/td>\n<\/tr>\n<tr>\n<td>HYUNDAI (R)<\/td>\n<td>R55-5\/7, R60-5\/7, R80, R110, R130, R200-5, R210-5, R215-5\/7, R220-5\/7\/9, R225-5\/7\/9, R250, R260, R265, R290, R305, R445, R485, R505<\/td>\n<\/tr>\n<tr>\n<td><span data-spm-anchor-id=\"a2700.details.0.i53.45d84a73e99C9z\">HITACHI (npr. ZX)<\/span><\/td>\n<td>EX60, EX100-1\/2\/3, EX120-1\/3\/5\/6, EX200-1\/3\/5, EX230-5, EX300-1, EX400<br \/>\nZAX60,ZAX70,ZA120-6,ZAX200\/210-1\/3\/5\/5K,ZAX240,ZAX250,ZAX260,ZAX330-3\/5\/6,ZAX450\/470,ZAX650\/670,ZAX850\/870<\/td>\n<\/tr>\n<tr>\n<td>\n<div class=\"magic-32\"><span data-spm-anchor-id=\"a2700.details.0.i55.45d84a73e99C9z\">DOOSAN (DH\/DX)<\/span><\/div>\n<\/td>\n<td>\n<div class=\"magic-33\"><span class=\"magic-34\">DH55, DH60, DH80, DH150, DH215-5\/7, DH220-5, DH225-5\/7, DH258, DH300-5\/7, DH370, DH420, DH500<br \/>\nDX55, DX60, DX75, DX130, DX225-9, DX300, DX380, DX420, DX500<\/span><\/div>\n<\/td>\n<\/tr>\n<tr>\n<td>\n<div class=\"magic-32\">VOLVO (ES)<\/div>\n<\/td>\n<td>\n<div class=\"magic-33\"><span class=\"magic-34\">EC55, EC60, EC75, EC80, EC140, EC210B\/D, EC220D, EC240, EC250, EC290, EC300, EC360, EC380, EC460, EC480, EC700, EC750, EC950<\/span><\/div>\n<\/td>\n<\/tr>\n<tr>\n<td>\n<div class=\"magic-32\">KATO (HD)<\/div>\n<\/td>\n<td>\n<div class=\"magic-33\"><span class=\"magic-34\">HD307\/308, HD450, HD512, HD700-5\/7, HD820-1\/2\/3\/5\/R, HD1023-1\/3, HD1430-1\/3<\/span><\/div>\n<\/td>\n<\/tr>\n<tr>\n<td>\n<div class=\"magic-32\">DRUGA ZNAMKA<\/div>\n<\/td>\n<td>\n<div class=\"magic-33\"><span class=\"magic-34\">XCMG,LIUGONG,KUBOTA,CASE,YANMAR,SUNWARD,ZOOMLION,LISHIDE,LIEHERR<\/span><\/div>\n<\/td>\n<\/tr>\n<\/tbody>\n<\/table>\n<h2>Kako deluje hidravli\u010dni cilinder za protiute\u017e \u017eerjava<\/h2>\n<p>Hidravli\u010dni cilinder za protiute\u017e \u017eerjava deluje na podlagi hidravli\u010dnih principov, pri \u010demer uporablja tlak teko\u010dine za nastavitev in nadzor polo\u017eaja protiute\u017ei v \u017eerjavih. Tukaj je raz\u010dlenitev njegovega delovanja:<\/p>\n<h3>1. Dinamika hidravli\u010dnih teko\u010din<\/h3>\n<p>Valj vsebuje hidravli\u010dno teko\u010dino, obi\u010dajno olje, ki se \u010drpa v valj, da ustvari tlak. Ta teko\u010dina slu\u017ei kot medij za prenos mo\u010di znotraj hidravli\u010dnega sistema.<\/p>\n<h3>2. Gibanje bata<\/h3>\n<p>V hidravli\u010dnem cilindru se bat premika kot odziv na tlak hidravli\u010dne teko\u010dine. Ko upravljavec aktivira hidravli\u010dni sistem, se teko\u010dina usmeri na eno stran cilindra, potisne bat in povzro\u010di, da se ta iztegne ali umakne.<\/p>\n<h3>3. Nastavitev protiute\u017ei<\/h3>\n<p>Ko se bat premika, prilagaja polo\u017eaj protiute\u017ei, pritrjenih na \u017eerjav. Z iztegovanjem bata se protiute\u017ei premaknejo navzven, kar pove\u010da stabilnost \u017eerjava pri dvigovanju te\u017ekih bremen. Nasprotno pa se z umikanjem bata protiute\u017ei pribli\u017eajo \u017eerjavu, kar je potrebno za manevriranje ali prevoz \u017eerjava.<\/p>\n<h3>4. Regulacija tlaka<\/h3>\n<p>Hidravli\u010dni sistem je opremljen z ventili za regulacijo tlaka, ki nadzorujejo pretok in tlak hidravli\u010dne teko\u010dine. To zagotavlja, da so nastavitve protiute\u017ei gladke in nadzorovane, kar prepre\u010duje nenadne premike, ki bi lahko destabilizirali \u017eerjav.<\/p>\n<h3>5. Varnostni mehanizmi<\/h3>\n<p>\u0160tevilni hidravli\u010dni cilindri s protiute\u017ejo imajo varnostne funkcije, kot sta za\u0161\u010dita pred preobremenitvijo in varnostni ventili. Ti mehanizmi pomagajo prepre\u010diti prekomerno kopi\u010denje tlaka in zagotavljajo varno delovanje, kar dodatno izbolj\u0161a stabilnost in varnost \u017eerjava med dvigovanjem.<\/p>\n<p>Hidravli\u010dni cilinder za protiute\u017e \u017eerjava je bistvenega pomena za ohranjanje ravnote\u017eja in stabilnosti \u017eerjavov med dvigovanjem te\u017ekih bremen. Z uporabo dinamike hidravli\u010dnih teko\u010din in natan\u010dnih gibov bata omogo\u010da u\u010dinkovito prilagajanje protiute\u017ei, kar zagotavlja varno in u\u010dinkovito delovanje \u017eerjava v razli\u010dnih aplikacijah.<\/p>\n<p><img loading=\"lazy\" decoding=\"async\" class=\"alignnone size-full wp-image-447\" src=\"https:\/\/fmp-components.com\/wp-content\/uploads\/2024\/12\/Crane.webp\" alt=\"\u017derjav\" width=\"1234\" height=\"822\" title=\"\" srcset=\"https:\/\/fmp-components.com\/wp-content\/uploads\/2024\/12\/Crane.webp 1234w, https:\/\/fmp-components.com\/wp-content\/uploads\/2024\/12\/Crane-980x653.webp 980w, https:\/\/fmp-components.com\/wp-content\/uploads\/2024\/12\/Crane-480x320.webp 480w\" sizes=\"(min-width: 0px) and (max-width: 480px) 480px, (min-width: 481px) and (max-width: 980px) 980px, (min-width: 981px) 1234px, 100vw\" \/><\/p>\n<h2>O FMP-ju<\/h2>\n<p>FMP je specializirano podjetje za mehansko proizvodnjo, ki se ukvarja s proizvodnjo hidravli\u010dnih cilindrov. Podjetje se \u017ee od ustanovitve osredoto\u010da na raziskave in proizvodnjo hidravli\u010dne tehnologije ter uspe\u0161no prehaja iz raznolike ponudbe izdelkov, ki je vklju\u010devala stroje za \u017eetev in gradbeni\u0161tvo, v specializacijo za komponente kmetijskih traktorjev. Z ve\u010d kot desetletjem izku\u0161enj v proizvodnji in upravljanju FMP zagotavlja visokokakovostne izdelke z naprednimi proizvodnimi tehnikami.<\/p>\n<p>Z razvojem podjetja je razvilo celovito proizvodno linijo za strojno obdelavo, monta\u017eno linijo in linijo za nana\u0161anje premazov. Na\u0161o ekipo sestavljajo usposobljeno vodstveno osebje, izku\u0161eni strojni oblikovalci in visoko usposobljeni tehniki, ki skupaj ohranjajo stabilno kakovost proizvodnje, hkrati pa u\u010dinkovito nadzorujejo neprekinjenost in u\u010dinkovitost procesov.<\/p>\n<p>FMP se dr\u017ei filozofije \u00bbTehnolo\u0161ke inovacije spodbujajo napredek, kakovost ustvarja blagovne znamke, obrtni\u0161ka spretnost zagotavlja kakovost in gradi dolgoro\u010dne odnose, v katere vsi pridobijo\u00ab. Na\u0161a zavezanost zagotavljanju visokokakovostnih izdelkov in vrhunski storitvi za stranke ostaja osrednji cilj, saj \u0161e naprej zadovoljujemo spreminjajo\u010de se potrebe trga.<\/p>\n<p><img loading=\"lazy\" decoding=\"async\" class=\"alignnone size-full wp-image-426\" src=\"https:\/\/fmp-components.com\/wp-content\/uploads\/2024\/12\/Sanitation-Machinery-Locking-Hydraulic-Cylinder-factory.webp\" sizes=\"(min-width: 0px) and (max-width: 480px) 480px, (min-width: 481px) and (max-width: 980px) 980px, (min-width: 981px) and (max-width: 1280px) 1280px, (min-width: 1281px) 1414px, 100vw\" srcset=\"https:\/\/fmp-components.com\/wp-content\/uploads\/2024\/12\/Sanitation-Machinery-Locking-Hydraulic-Cylinder-factory.webp 1414w, https:\/\/fmp-components.com\/wp-content\/uploads\/2024\/12\/Sanitation-Machinery-Locking-Hydraulic-Cylinder-factory-1280x529.webp 1280w, https:\/\/fmp-components.com\/wp-content\/uploads\/2024\/12\/Sanitation-Machinery-Locking-Hydraulic-Cylinder-factory-980x405.webp 980w, https:\/\/fmp-components.com\/wp-content\/uploads\/2024\/12\/Sanitation-Machinery-Locking-Hydraulic-Cylinder-factory-480x198.webp 480w\" alt=\"Tovarna sanitarnih strojev za zaklepanje hidravli\u010dnih valjev\" width=\"1414\" height=\"584\" title=\"\"><\/p>\n<p>Avtor: CX<\/p>","protected":false},"excerpt":{"rendered":"<p data-id=\"a11392d4-7524-4709-8e84-2ea1d23339d0\" data-pm-slice=\"1 1 []\">Vloga hidravli\u010dnega cilindra za protiute\u017e \u017eerjava je zagotavljanje potrebne protiute\u017ei za \u017eerjave med dvigovanjem. Izkoristite ta hidravli\u010dni cilinder za natan\u010dno, a daljinsko pozicioniranje protiute\u017ei za stabilnost in varnost pri uporabi te\u017ekih bremen. Ta delovna naprava, posebej zasnovana za vzdr\u017eljivost, je izdelana iz vrhunskih materialov, da prenese te\u017eke razmere v gradbeni\u0161tvu in industriji dvigovanja te\u017ekih bremen. Hidravli\u010dni sistem je zasnovan tako, da zagotavlja u\u010dinkovito in odzivno upravljanje, ki zagotavlja gladke in uravnote\u017eene gibe, kar operaterjem omogo\u010da optimizacijo delovanja \u017eerjava ob hkratnem ohranjanju stabilnosti. Ker je sestavni del celotne funkcije \u017eerjavov, je klju\u010dnega pomena za njihovo varno delovanje in prispeva k u\u010dinkovitim re\u0161itvam dvigovanja.<\/p>","protected":false},"featured_media":445,"comment_status":"open","ping_status":"closed","template":"","meta":{"_et_pb_use_builder":"","_et_pb_old_content":"","_et_gb_content_width":""},"product_brand":[],"product_cat":[24],"product_tag":[],"class_list":{"0":"post-444","1":"product","2":"type-product","3":"status-publish","4":"has-post-thumbnail","6":"product_cat-construction-machinery-hydraulic-cylinders","8":"first","9":"instock","10":"shipping-taxable","11":"product-type-simple"},"_links":{"self":[{"href":"https:\/\/fmp-components.com\/sl\/wp-json\/wp\/v2\/product\/444","targetHints":{"allow":["GET"]}}],"collection":[{"href":"https:\/\/fmp-components.com\/sl\/wp-json\/wp\/v2\/product"}],"about":[{"href":"https:\/\/fmp-components.com\/sl\/wp-json\/wp\/v2\/types\/product"}],"replies":[{"embeddable":true,"href":"https:\/\/fmp-components.com\/sl\/wp-json\/wp\/v2\/comments?post=444"}],"wp:featuredmedia":[{"embeddable":true,"href":"https:\/\/fmp-components.com\/sl\/wp-json\/wp\/v2\/media\/445"}],"wp:attachment":[{"href":"https:\/\/fmp-components.com\/sl\/wp-json\/wp\/v2\/media?parent=444"}],"wp:term":[{"taxonomy":"product_brand","embeddable":true,"href":"https:\/\/fmp-components.com\/sl\/wp-json\/wp\/v2\/product_brand?post=444"},{"taxonomy":"product_cat","embeddable":true,"href":"https:\/\/fmp-components.com\/sl\/wp-json\/wp\/v2\/product_cat?post=444"},{"taxonomy":"product_tag","embeddable":true,"href":"https:\/\/fmp-components.com\/sl\/wp-json\/wp\/v2\/product_tag?post=444"}],"curies":[{"name":"delovni list","href":"https:\/\/api.w.org\/{rel}","templated":true}]}}