{"id":432,"date":"2024-12-10T06:13:58","date_gmt":"2024-12-10T06:13:58","guid":{"rendered":"https:\/\/fmp-components.com\/?page_id=8"},"modified":"2024-12-10T06:13:58","modified_gmt":"2024-12-10T06:13:58","slug":"sanitation-machinery-forward-thrust-hydraulic-cylinder","status":"publish","type":"product","link":"https:\/\/fmp-components.com\/sl\/product\/sanitation-machinery-forward-thrust-hydraulic-cylinder\/","title":{"rendered":"Hidravli\u010dni cilinder za potisni pogon naprej za sanitarne stroje"},"content":{"rendered":"<p style=\"text-align: center;\"><span style=\"font-size: 18pt;\">Hidravli\u010dni cilinder za potisni pogon naprej za sanitarne stroje<\/span><\/p>\n<p>\u00a0Hidravli\u010dni cilinder za pogon naprej za sanitarne stroje je bistvena komponenta, zasnovana za zagotavljanje mo\u010dnega in zanesljivega pogona naprej za razli\u010dno sanitarno opremo, vklju\u010dno s smetarskimi vozili in pometa\u010di ulic. Ta hidravli\u010dni cilinder je zasnovan tako, da omogo\u010da gladke in nadzorovane gibe, kar pove\u010duje u\u010dinkovitost delovanja med pobiranjem odpadkov in \u010di\u0161\u010denjem ulic.<\/p>\n<p><img loading=\"lazy\" decoding=\"async\" class=\"size-full wp-image-439 aligncenter\" src=\"https:\/\/fmp-components.com\/wp-content\/uploads\/2024\/12\/Sanitation-Machinery-Forward-Thrust-Hydraulic-Cylinder.webp\" alt=\"Sanitarni stroji-naprej-potisni-hidravli\u010dni-cilinder\" width=\"500\" height=\"500\" title=\"\" srcset=\"https:\/\/fmp-components.com\/wp-content\/uploads\/2024\/12\/Sanitation-Machinery-Forward-Thrust-Hydraulic-Cylinder.webp 500w, https:\/\/fmp-components.com\/wp-content\/uploads\/2024\/12\/Sanitation-Machinery-Forward-Thrust-Hydraulic-Cylinder-480x480.webp 480w\" sizes=\"(min-width: 0px) and (max-width: 480px) 480px, (min-width: 481px) 500px, 100vw\" \/><\/p>\n<h4>Klju\u010dne lastnosti:<\/h4>\n<ul>\n<li>Robustna konstrukcija: Ta hidravli\u010dni cilinder je izdelan iz visoko trdnih materialov in je zasnovan tako, da prenese zahtevne pogoje sanitarne industrije, kar zagotavlja vzdr\u017eljivost in dolgotrajno delovanje.<\/li>\n<li>Gladko hidravli\u010dno delovanje: Napredni hidravli\u010dni sistem omogo\u010da teko\u010de in odzivne gibe, kar zmanj\u0161uje obrabo strojev in optimizira operativno u\u010dinkovitost.<\/li>\n<li>Natan\u010den nadzor: Hidravli\u010dni cilinder s potiskom naprej, zasnovan za natan\u010den nadzor, omogo\u010da upravljavcem u\u010dinkovito manevriranje sanitarne opreme, kar izbolj\u0161a varnost in u\u010dinkovitost pri razli\u010dnih opravilih.<\/li>\n<li>Vsestranska uporaba: Ta hidravli\u010dni cilinder je primeren za \u0161iroko paleto sanitarnih strojev in ga je mogo\u010de enostavno integrirati v obstoje\u010de sisteme, zaradi \u010desar je vsestranska re\u0161itev za ravnanje z odpadki.<\/li>\n<li>Energetska u\u010dinkovitost: Njegova zasnova optimizira porabo energije, zmanj\u0161uje izgube energije in prispeva k ni\u017ejim obratovalnim stro\u0161kom, zaradi \u010desar je okolju prijazna izbira za sanitarne storitve.<\/li>\n<\/ul>\n<p>Hidravli\u010dni cilinder za sanitarne stroje s potisnim sistemom naprej izbolj\u0161uje funkcionalnost in u\u010dinkovitost sanitarne opreme, zagotavlja u\u010dinkovito delovanje pri ravnanju z odpadki, hkrati pa ohranja visoko raven vzdr\u017eljivosti in nadzora.<\/p>\n<h2>Dimenzije hidravli\u010dnega cilindra za sanitarne stroje s potisnim pogonom naprej:<\/h2>\n<table>\n<tbody>\n<tr>\n<td><img loading=\"lazy\" decoding=\"async\" class=\"alignnone size-full wp-image-435\" src=\"https:\/\/fmp-components.com\/wp-content\/uploads\/2024\/12\/Sanitation-Machinery-Forward-Thrust-Hydraulic-Cylinder-Dimensions-1.webp\" alt=\"Prednosti hidravli\u010dnega cilindra za potisni pogon naprej pri sanitarnih strojih 1\" width=\"980\" height=\"416\" title=\"\" srcset=\"https:\/\/fmp-components.com\/wp-content\/uploads\/2024\/12\/Sanitation-Machinery-Forward-Thrust-Hydraulic-Cylinder-Dimensions-1.webp 980w, https:\/\/fmp-components.com\/wp-content\/uploads\/2024\/12\/Sanitation-Machinery-Forward-Thrust-Hydraulic-Cylinder-Dimensions-1-480x204.webp 480w\" sizes=\"(min-width: 0px) and (max-width: 480px) 480px, (min-width: 481px) 980px, 100vw\" \/><\/td>\n<td><img loading=\"lazy\" decoding=\"async\" class=\"alignnone size-full wp-image-436\" src=\"https:\/\/fmp-components.com\/wp-content\/uploads\/2024\/12\/Sanitation-Machinery-Forward-Thrust-Hydraulic-Cylinder-Dimensions-2.webp\" alt=\"Prednosti hidravli\u010dnega cilindra za potisni pogon naprej pri sanitarnih strojih 1\" width=\"980\" height=\"416\" title=\"\" srcset=\"https:\/\/fmp-components.com\/wp-content\/uploads\/2024\/12\/Sanitation-Machinery-Forward-Thrust-Hydraulic-Cylinder-Dimensions-2.webp 980w, https:\/\/fmp-components.com\/wp-content\/uploads\/2024\/12\/Sanitation-Machinery-Forward-Thrust-Hydraulic-Cylinder-Dimensions-2-480x204.webp 480w\" sizes=\"(min-width: 0px) and (max-width: 480px) 480px, (min-width: 481px) 980px, 100vw\" \/><\/td>\n<\/tr>\n<\/tbody>\n<\/table>\n<table style=\"width: 100%; height: 133px;\" border=\"1\" cellspacing=\"0\" cellpadding=\"0\">\n<tbody>\n<tr style=\"height: 71px;\">\n<td style=\"height: 71px;\" width=\"246\">Ime cilindra<\/td>\n<td style=\"height: 71px;\" width=\"336\">\u0160tevilka risbe<\/td>\n<td style=\"height: 71px;\" width=\"126\">Premer izvrtine (D)<\/td>\n<td style=\"height: 71px;\" width=\"123\">Premer palice (d)<\/td>\n<td style=\"height: 71px;\" width=\"114\">Hod (S)<\/td>\n<td style=\"height: 71px;\" width=\"170\">Razdalja namestitve (L)<\/td>\n<td style=\"height: 71px;\" width=\"172\">Delovni tlak<\/td>\n<td style=\"height: 71px;\" width=\"366\">Dimenzije vmesnika (M)<\/td>\n<td style=\"height: 71px;\" width=\"96\">Te\u017ea<\/td>\n<\/tr>\n<tr style=\"height: 62px;\">\n<td class=\"et3\" style=\"height: 62px;\" width=\"246\" height=\"298\">Potisni valj naprej<\/td>\n<td class=\"et4\" style=\"height: 62px;\" width=\"336\">LPE416B.4.4-2-00<\/td>\n<td class=\"et4\" style=\"height: 62px;\" width=\"126\">\u03a690<\/td>\n<td class=\"et4\" style=\"height: 62px;\" width=\"123\">\u03a663<\/td>\n<td class=\"et4\" style=\"height: 62px;\" width=\"114\">320<\/td>\n<td class=\"et4\" style=\"height: 62px;\" width=\"170\">878<\/td>\n<td class=\"et4\" style=\"height: 62px;\" width=\"172\">16 MPa<\/td>\n<td class=\"et4\" style=\"height: 62px;\" width=\"366\">2-M22*1,5<\/td>\n<td class=\"et4\" style=\"height: 62px;\" width=\"96\">47 kg<\/td>\n<\/tr>\n<\/tbody>\n<\/table>\n<table>\n<tbody>\n<tr>\n<td><img loading=\"lazy\" decoding=\"async\" class=\"alignnone size-full wp-image-437\" src=\"https:\/\/fmp-components.com\/wp-content\/uploads\/2024\/12\/Sanitation-Machinery-Forward-Thrust-Hydraulic-Cylinder-Dimensions-3.webp\" alt=\"Prednosti hidravli\u010dnega cilindra za potisni pogon naprej pri sanitarnih strojih 1\" width=\"980\" height=\"375\" title=\"\" srcset=\"https:\/\/fmp-components.com\/wp-content\/uploads\/2024\/12\/Sanitation-Machinery-Forward-Thrust-Hydraulic-Cylinder-Dimensions-3.webp 980w, https:\/\/fmp-components.com\/wp-content\/uploads\/2024\/12\/Sanitation-Machinery-Forward-Thrust-Hydraulic-Cylinder-Dimensions-3-480x184.webp 480w\" sizes=\"(min-width: 0px) and (max-width: 480px) 480px, (min-width: 481px) 980px, 100vw\" \/><\/td>\n<td><img loading=\"lazy\" decoding=\"async\" class=\"alignnone size-full wp-image-438\" src=\"https:\/\/fmp-components.com\/wp-content\/uploads\/2024\/12\/Sanitation-Machinery-Forward-Thrust-Hydraulic-Cylinder-Dimensions-4.webp\" alt=\"Prednosti hidravli\u010dnega cilindra za potisni pogon naprej pri sanitarnih strojih 1\" width=\"980\" height=\"375\" title=\"\" srcset=\"https:\/\/fmp-components.com\/wp-content\/uploads\/2024\/12\/Sanitation-Machinery-Forward-Thrust-Hydraulic-Cylinder-Dimensions-4.webp 980w, https:\/\/fmp-components.com\/wp-content\/uploads\/2024\/12\/Sanitation-Machinery-Forward-Thrust-Hydraulic-Cylinder-Dimensions-4-480x184.webp 480w\" sizes=\"(min-width: 0px) and (max-width: 480px) 480px, (min-width: 481px) 980px, 100vw\" \/><\/td>\n<\/tr>\n<\/tbody>\n<\/table>\n<table style=\"width: 100%; height: 119px;\" border=\"1\" cellspacing=\"0\" cellpadding=\"0\">\n<tbody>\n<tr style=\"height: 71px;\">\n<td style=\"height: 71px;\" width=\"246\">Ime cilindra<\/td>\n<td style=\"height: 71px;\" width=\"336\">\u0160tevilka risbe<\/td>\n<td style=\"height: 71px;\" width=\"126\">Premer izvrtine (D)<\/td>\n<td style=\"height: 71px;\" width=\"123\">Premer palice (d)<\/td>\n<td style=\"height: 71px;\" width=\"114\">Hod (S)<\/td>\n<td style=\"height: 71px;\" width=\"170\">Razdalja namestitve (L)<\/td>\n<td style=\"height: 71px;\" width=\"172\">Delovni tlak<\/td>\n<td style=\"height: 71px;\" width=\"366\">Dimenzije vmesnika (M)<\/td>\n<td style=\"height: 71px;\" width=\"96\">Te\u017ea<\/td>\n<\/tr>\n<tr style=\"height: 48px;\">\n<td class=\"et3\" style=\"height: 48px;\" width=\"246\" height=\"290\">Potisni valj naprej<\/td>\n<td class=\"et4\" style=\"height: 48px;\" width=\"336\">UNP418.4.4-2-00<\/td>\n<td class=\"et4\" style=\"height: 48px;\" width=\"126\">\u03a6100<\/td>\n<td class=\"et4\" style=\"height: 48px;\" width=\"123\">\u03a655<\/td>\n<td class=\"et4\" style=\"height: 48px;\" width=\"114\">320<\/td>\n<td class=\"et4\" style=\"height: 48px;\" width=\"170\">700<\/td>\n<td class=\"et4\" style=\"height: 48px;\" width=\"172\">16 MPa<\/td>\n<td class=\"et4\" style=\"height: 48px;\" width=\"366\">2-M22*1,5<\/td>\n<td class=\"et4\" style=\"height: 48px;\" width=\"96\">41 kg<\/td>\n<\/tr>\n<\/tbody>\n<\/table>\n<h2>Razpolo\u017eljive znamke in modeli hidravli\u010dnih cilindrov:<\/h2>\n<table border=\"1\" cellspacing=\"0\" cellpadding=\"0\">\n<tbody>\n<tr>\n<td><span data-spm-anchor-id=\"a2700.details.0.i43.45d84a73e99C9z\">KOMATSU (PC)<\/span><\/td>\n<td>PC30, PC40, PC50, PC56, PC60, PC78, PC100, PC110, PC120, PC130, PC160, PC200-3\/5\/6\/7\/8\/8MO, PC210, PC220-5\/6\/7\/8\/8MO, PC240, PC300\/350\/360-5\/6\/7\/8\/8MO, PC400\/450-5\/6\/7\/8\/8MO, PC800, PC850<\/td>\n<\/tr>\n<tr>\n<td>GOSENJAK (E)<\/td>\n<td>E301.5, E302, E305.5, E306, E307V1\/V2\/B\/C\/D\/E\/F, E308B\/C, E120B, E312V1\/V2\/B\/C\/D, E313D2, E312D2, E315D<br \/>\nE200B,E320V1\/V2\/A\/B\/C\/D,E324D,E325C\/D,E329D,E330\/336C\/D,E345C,E349D,E365C,E374,E390<\/td>\n<\/tr>\n<tr>\n<td>KOBELCO (SK)<\/td>\n<td>SK60-3\/5\/8, SK75-8\/SR, SK100, SK120-3\/5, SK135-8\/SR, SK140-8, SK200-3\/5\/6\/6E, SK210-3\/5\/6\/6E,<br \/>\nSK230\/250-6E,SK250-8,SK260-8,SK350-8\/S8,SK460\/480-8<\/td>\n<\/tr>\n<tr>\n<td>HYUNDAI (R)<\/td>\n<td>R55-5\/7, R60-5\/7, R80, R110, R130, R200-5, R210-5, R215-5\/7, R220-5\/7\/9, R225-5\/7\/9, R250, R260, R265, R290, R305, R445, R485, R505<\/td>\n<\/tr>\n<tr>\n<td><span data-spm-anchor-id=\"a2700.details.0.i53.45d84a73e99C9z\">HITACHI (npr. ZX)<\/span><\/td>\n<td>EX60, EX100-1\/2\/3, EX120-1\/3\/5\/6, EX200-1\/3\/5, EX230-5, EX300-1, EX400<br \/>\nZAX60,ZAX70,ZA120-6,ZAX200\/210-1\/3\/5\/5K,ZAX240,ZAX250,ZAX260,ZAX330-3\/5\/6,ZAX450\/470,ZAX650\/670,ZAX850\/870<\/td>\n<\/tr>\n<tr>\n<td>\n<div class=\"magic-32\"><span data-spm-anchor-id=\"a2700.details.0.i55.45d84a73e99C9z\">DOOSAN (DH\/DX)<\/span><\/div>\n<\/td>\n<td>\n<div class=\"magic-33\"><span class=\"magic-34\">DH55, DH60, DH80, DH150, DH215-5\/7, DH220-5, DH225-5\/7, DH258, DH300-5\/7, DH370, DH420, DH500<br \/>\nDX55, DX60, DX75, DX130, DX225-9, DX300, DX380, DX420, DX500<\/span><\/div>\n<\/td>\n<\/tr>\n<tr>\n<td>\n<div class=\"magic-32\">VOLVO (ES)<\/div>\n<\/td>\n<td>\n<div class=\"magic-33\"><span class=\"magic-34\">EC55, EC60, EC75, EC80, EC140, EC210B\/D, EC220D, EC240, EC250, EC290, EC300, EC360, EC380, EC460, EC480, EC700, EC750, EC950<\/span><\/div>\n<\/td>\n<\/tr>\n<tr>\n<td>\n<div class=\"magic-32\">KATO (HD)<\/div>\n<\/td>\n<td>\n<div class=\"magic-33\"><span class=\"magic-34\">HD307\/308, HD450, HD512, HD700-5\/7, HD820-1\/2\/3\/5\/R, HD1023-1\/3, HD1430-1\/3<\/span><\/div>\n<\/td>\n<\/tr>\n<tr>\n<td>\n<div class=\"magic-32\">DRUGA ZNAMKA<\/div>\n<\/td>\n<td>\n<div class=\"magic-33\"><span class=\"magic-34\">XCMG,LIUGONG,KUBOTA,CASE,YANMAR,SUNWARD,ZOOMLION,LISHIDE,LIEHERR<\/span><\/div>\n<\/td>\n<\/tr>\n<\/tbody>\n<\/table>\n<h3>Zna\u010dilnosti hidravli\u010dnega cilindra s potiskom naprej za sanitarne stroje<\/h3>\n<h4>1. Trpe\u017ena konstrukcija<\/h4>\n<p>Hidravli\u010dni cilinder s potiskom naprej za sanitarne stroje je izdelan iz visoko trdnih materialov, kar zagotavlja, da lahko prenese te\u017eke pogoje, ki se obi\u010dajno pojavljajo pri sanitarnih operacijah. Ta robustna zasnova zagotavlja dolgotrajno vzdr\u017eljivost in zanesljivost.<\/p>\n<h4>2. Gladko hidravli\u010dno delovanje<\/h4>\n<p>Ta valj, zasnovan z naprednim hidravli\u010dnim sistemom, zagotavlja gladke in teko\u010de gibe. Ta lastnost zmanj\u0161uje obrabo strojev in izbolj\u0161uje splo\u0161no operativno u\u010dinkovitost, kar omogo\u010da nemoteno delovanje med zbiranjem odpadkov.<\/p>\n<h4>3. Natan\u010den nadzor<\/h4>\n<p>Hidravli\u010dni cilinder je zasnovan za natan\u010dno krmiljenje, ki operaterjem omogo\u010da natan\u010dno manevriranje sanitarne opreme. Ta zmogljivost izbolj\u0161a varnost in u\u010dinkovitost pri razli\u010dnih opravilih, kot sta \u010di\u0161\u010denje ulic in odvoz odpadkov.<\/p>\n<h4>4. Vsestranska uporaba<\/h4>\n<p>Ta hidravli\u010dni cilinder s pogonom naprej je primeren za \u0161iroko paleto sanitarnih strojev, vklju\u010dno s smetarskimi vozili in pometa\u010di ulic, zato ga je mogo\u010de enostavno integrirati v obstoje\u010de sisteme, zaradi \u010desar je vsestranska izbira za ravnanje z odpadki.<\/p>\n<h4>5. Energetska u\u010dinkovitost<\/h4>\n<p>Zasnova cilindra optimizira porabo energije in zmanj\u0161uje izgubo mo\u010di med delovanjem. Ta energetska u\u010dinkovitost se odra\u017ea v ni\u017ejih obratovalnih stro\u0161kih, kar prispeva k bolj trajnostnim praksam v sanitarni industriji.<\/p>\n<h4>6. Nizke zahteve glede vzdr\u017eevanja<\/h4>\n<p>Zaradi robustne konstrukcije in visokokakovostnih materialov hidravli\u010dni cilinder s potisnim pogonom naprej zahteva minimalno vzdr\u017eevanje, kar vodi do kraj\u0161ega \u010dasa izpada in ve\u010dje produktivnosti sanitarnih storitev.<\/p>\n<h4>7. Varnostne funkcije<\/h4>\n<p>Z vgrajenimi varnostnimi mehanizmi, kot so tla\u010dni varnostni ventili, hidravli\u010dni cilinder pomaga prepre\u010devati preobremenitve in zagotavlja stabilno delovanje, s \u010dimer se pove\u010da varnost tako upravljavcev kot okolice.<\/p>\n<p>Skratka, hidravli\u010dni cilinder s potisnim pogonom naprej za sanitarne stroje ponuja kombinacijo vzdr\u017eljivosti, u\u010dinkovitosti in varnosti, zaradi \u010desar je bistvena komponenta za u\u010dinkovito in zanesljivo sanitarno delovanje.<\/p>\n<p><img loading=\"lazy\" decoding=\"async\" class=\"alignnone size-full wp-image-440\" src=\"https:\/\/fmp-components.com\/wp-content\/uploads\/2024\/12\/Sanitation-Machinery-Forward-Thrust-Hydraulic-Cylinder-1.webp\" alt=\"Sanitarni stroji-naprej-potisni-hidravli\u010dni-cilinder\" width=\"1000\" height=\"667\" title=\"\" srcset=\"https:\/\/fmp-components.com\/wp-content\/uploads\/2024\/12\/Sanitation-Machinery-Forward-Thrust-Hydraulic-Cylinder-1.webp 1000w, https:\/\/fmp-components.com\/wp-content\/uploads\/2024\/12\/Sanitation-Machinery-Forward-Thrust-Hydraulic-Cylinder-1-980x654.webp 980w, https:\/\/fmp-components.com\/wp-content\/uploads\/2024\/12\/Sanitation-Machinery-Forward-Thrust-Hydraulic-Cylinder-1-480x320.webp 480w\" sizes=\"(min-width: 0px) and (max-width: 480px) 480px, (min-width: 481px) and (max-width: 980px) 980px, (min-width: 981px) 1000px, 100vw\" \/><\/p>\n<h2>O FMP-ju<\/h2>\n<p>FMP je specializirano podjetje za mehansko proizvodnjo, ki se ukvarja s proizvodnjo hidravli\u010dnih cilindrov. Podjetje se \u017ee od ustanovitve osredoto\u010da na raziskave in proizvodnjo hidravli\u010dne tehnologije ter uspe\u0161no prehaja iz raznolike ponudbe izdelkov, ki je vklju\u010devala stroje za \u017eetev in gradbeni\u0161tvo, v specializacijo za komponente kmetijskih traktorjev. Z ve\u010d kot desetletjem izku\u0161enj v proizvodnji in upravljanju FMP zagotavlja visokokakovostne izdelke z naprednimi proizvodnimi tehnikami.<\/p>\n<p>Z razvojem podjetja je razvilo celovito proizvodno linijo za strojno obdelavo, monta\u017eno linijo in linijo za nana\u0161anje premazov. Na\u0161o ekipo sestavljajo usposobljeno vodstveno osebje, izku\u0161eni strojni oblikovalci in visoko usposobljeni tehniki, ki skupaj ohranjajo stabilno kakovost proizvodnje, hkrati pa u\u010dinkovito nadzorujejo neprekinjenost in u\u010dinkovitost procesov.<\/p>\n<p>FMP se dr\u017ei filozofije \u00bbTehnolo\u0161ke inovacije spodbujajo napredek, kakovost ustvarja blagovne znamke, obrtni\u0161ka spretnost zagotavlja kakovost in gradi dolgoro\u010dne odnose, v katere vsi pridobijo\u00ab. Na\u0161a zavezanost zagotavljanju visokokakovostnih izdelkov in vrhunski storitvi za stranke ostaja osrednji cilj, saj \u0161e naprej zadovoljujemo spreminjajo\u010de se potrebe trga.<\/p>\n<p><img loading=\"lazy\" decoding=\"async\" class=\"alignnone size-full wp-image-426\" src=\"https:\/\/fmp-components.com\/wp-content\/uploads\/2024\/12\/Sanitation-Machinery-Locking-Hydraulic-Cylinder-factory.webp\" alt=\"Tovarna sanitarnih strojev za zaklepanje hidravli\u010dnih valjev\" width=\"1414\" height=\"584\" title=\"\" srcset=\"https:\/\/fmp-components.com\/wp-content\/uploads\/2024\/12\/Sanitation-Machinery-Locking-Hydraulic-Cylinder-factory.webp 1414w, https:\/\/fmp-components.com\/wp-content\/uploads\/2024\/12\/Sanitation-Machinery-Locking-Hydraulic-Cylinder-factory-1280x529.webp 1280w, https:\/\/fmp-components.com\/wp-content\/uploads\/2024\/12\/Sanitation-Machinery-Locking-Hydraulic-Cylinder-factory-980x405.webp 980w, https:\/\/fmp-components.com\/wp-content\/uploads\/2024\/12\/Sanitation-Machinery-Locking-Hydraulic-Cylinder-factory-480x198.webp 480w\" sizes=\"(min-width: 0px) and (max-width: 480px) 480px, (min-width: 481px) and (max-width: 980px) 980px, (min-width: 981px) and (max-width: 1280px) 1280px, (min-width: 1281px) 1414px, 100vw\" \/><\/p>\n<p>Avtor: CX<\/p>","protected":false},"excerpt":{"rendered":"<p>Hidravli\u010dni cilinder s potiskom naprej za sanitarne stroje je klju\u010dna komponenta, zasnovana za zagotavljanje mo\u010dnega potiska naprej za sanitarno opremo, kot so smetarski tovornjaki in pometa\u010di ulic. Ta hidravli\u010dni cilinder, zasnovan za zanesljivost in u\u010dinkovitost, omogo\u010da gladke in nadzorovane gibe, kar olaj\u0161a u\u010dinkovito delovanje med pobiranjem odpadkov in \u010di\u0161\u010denjem ulic. Izdelan je iz visoko trdnih materialov in je zasnovan tako, da prenese te\u017eke pogoje, zna\u010dilne za sanitarna dela, kar zagotavlja dolgotrajno vzdr\u017eljivost. Njegova napredna hidravli\u010dna zasnova omogo\u010da natan\u010den nadzor in odzivnost, zaradi \u010desar je bistvenega pomena za optimizacijo delovanja in varnosti sanitarnih strojev v razli\u010dnih aplikacijah.<\/p>","protected":false},"featured_media":439,"comment_status":"open","ping_status":"closed","template":"","meta":{"_et_pb_use_builder":"","_et_pb_old_content":"","_et_gb_content_width":""},"product_brand":[],"product_cat":[23],"product_tag":[],"class_list":{"0":"post-432","1":"product","2":"type-product","3":"status-publish","4":"has-post-thumbnail","6":"product_cat-sanitation-machinery-hydraulic-cylinders","8":"first","9":"instock","10":"shipping-taxable","11":"product-type-simple"},"_links":{"self":[{"href":"https:\/\/fmp-components.com\/sl\/wp-json\/wp\/v2\/product\/432","targetHints":{"allow":["GET"]}}],"collection":[{"href":"https:\/\/fmp-components.com\/sl\/wp-json\/wp\/v2\/product"}],"about":[{"href":"https:\/\/fmp-components.com\/sl\/wp-json\/wp\/v2\/types\/product"}],"replies":[{"embeddable":true,"href":"https:\/\/fmp-components.com\/sl\/wp-json\/wp\/v2\/comments?post=432"}],"wp:featuredmedia":[{"embeddable":true,"href":"https:\/\/fmp-components.com\/sl\/wp-json\/wp\/v2\/media\/439"}],"wp:attachment":[{"href":"https:\/\/fmp-components.com\/sl\/wp-json\/wp\/v2\/media?parent=432"}],"wp:term":[{"taxonomy":"product_brand","embeddable":true,"href":"https:\/\/fmp-components.com\/sl\/wp-json\/wp\/v2\/product_brand?post=432"},{"taxonomy":"product_cat","embeddable":true,"href":"https:\/\/fmp-components.com\/sl\/wp-json\/wp\/v2\/product_cat?post=432"},{"taxonomy":"product_tag","embeddable":true,"href":"https:\/\/fmp-components.com\/sl\/wp-json\/wp\/v2\/product_tag?post=432"}],"curies":[{"name":"delovni list","href":"https:\/\/api.w.org\/{rel}","templated":true}]}}