{"id":420,"date":"2024-12-10T05:29:31","date_gmt":"2024-12-10T05:29:31","guid":{"rendered":"https:\/\/fmp-components.com\/?page_id=8"},"modified":"2024-12-10T05:45:25","modified_gmt":"2024-12-10T05:45:25","slug":"sanitation-machinery-locking-hydraulic-cylinder","status":"publish","type":"product","link":"https:\/\/fmp-components.com\/sl\/product\/sanitation-machinery-locking-hydraulic-cylinder\/","title":{"rendered":"Hidravli\u010dni cilinder za zaklepanje sanitarnih strojev"},"content":{"rendered":"<p style=\"text-align: center;\"><span style=\"font-size: 18pt;\">Hidravli\u010dni cilinder za zaklepanje sanitarnih strojev<\/span><\/p>\n<p>Hidravli\u010dni cilinder za zaklepanje sanitarne opreme je bistvena komponenta, zasnovana za zagotavljanje varnih in zanesljivih mehanizmov za zaklepanje sanitarne opreme, vklju\u010dno s smetarskimi vozili, pometa\u010di ulic in stiskalniki odpadkov. Ta hidravli\u010dni cilinder zagotavlja, da razli\u010dni deli stroja ostanejo stabilni in varni med delovanjem in transportom, kar pove\u010duje splo\u0161no varnost in u\u010dinkovitost.<\/p>\n<p><img loading=\"lazy\" decoding=\"async\" class=\"size-full wp-image-421 aligncenter\" src=\"https:\/\/fmp-components.com\/wp-content\/uploads\/2024\/12\/Sanitation-Machinery-Locking-Hydraulic-Cylinder.webp\" alt=\"Hidravli\u010dni cilinder za zaklepanje sanitarnih strojev\" width=\"500\" height=\"500\" title=\"\" srcset=\"https:\/\/fmp-components.com\/wp-content\/uploads\/2024\/12\/Sanitation-Machinery-Locking-Hydraulic-Cylinder.webp 500w, https:\/\/fmp-components.com\/wp-content\/uploads\/2024\/12\/Sanitation-Machinery-Locking-Hydraulic-Cylinder-480x480.webp 480w\" sizes=\"(min-width: 0px) and (max-width: 480px) 480px, (min-width: 481px) 500px, 100vw\" \/><\/p>\n<h4>Klju\u010dne lastnosti:<\/h4>\n<ul>\n<li>Robustna konstrukcija: Ta hidravli\u010dni cilinder za zaklepanje je izdelan iz visoko trdnih materialov in je zasnovan tako, da prenese zahtevne pogoje sanitarnih del, kar zagotavlja dolgotrajno vzdr\u017eljivost in zanesljivost.<\/li>\n<li>U\u010dinkovita hidravli\u010dna zasnova: Cilinder uporablja napredno hidravli\u010dno tehnologijo za nemoteno in odzivno delovanje. Hitro vklop in izklop zaklepnega mehanizma omogo\u010da u\u010dinkovit potek dela.<\/li>\n<li>Izbolj\u0161ana varnost: Z varnim zaklepanjem kriti\u010dnih komponent sanitarnih strojev hidravli\u010dni cilinder pomaga prepre\u010diti nenamerno premikanje ali premikanje med delovanjem, s \u010dimer se zmanj\u0161a tveganje za nesre\u010de.<\/li>\n<li>Vsestranska uporaba: Ta zaklepni hidravli\u010dni cilinder, primeren za \u0161iroko paleto sanitarne opreme, je sestavni del u\u010dinkovitega delovanja razli\u010dnih vozil in strojev, ki se uporabljajo pri ravnanju z odpadki in \u010di\u0161\u010denju ulic.<\/li>\n<li>Enostavna integracija: Zasnovan za enostavno namestitev, se lahko zaklepni hidravli\u010dni cilinder brezhibno vklju\u010di v obstoje\u010de sisteme sanitarnih strojev, kar zmanj\u0161a \u010das izpada in zagotovi hitro namestitev.<\/li>\n<\/ul>\n<p>Hidravli\u010dni cilinder za zaklepanje sanitarnih strojev je klju\u010dna komponenta, ki pove\u010duje varnost, u\u010dinkovitost in zanesljivost sanitarne opreme, zaradi \u010desar je nepogre\u0161ljivo orodje za u\u010dinkovito ravnanje z odpadki.<\/p>\n<h2>Dimenzije hidravli\u010dnega cilindra za zaklepanje sanitarnih strojev:<\/h2>\n<table>\n<tbody>\n<tr>\n<td><img loading=\"lazy\" decoding=\"async\" class=\"alignnone size-full wp-image-423\" src=\"https:\/\/fmp-components.com\/wp-content\/uploads\/2024\/12\/Sanitation-Machinery-Locking-Hydraulic-Cylinder-Dimensions-1.webp\" alt=\"Hidravli\u010dni cilinder za zaklepanje sanitarnih strojev\" width=\"980\" height=\"427\" title=\"\" srcset=\"https:\/\/fmp-components.com\/wp-content\/uploads\/2024\/12\/Sanitation-Machinery-Locking-Hydraulic-Cylinder-Dimensions-1.webp 980w, https:\/\/fmp-components.com\/wp-content\/uploads\/2024\/12\/Sanitation-Machinery-Locking-Hydraulic-Cylinder-Dimensions-1-480x209.webp 480w\" sizes=\"(min-width: 0px) and (max-width: 480px) 480px, (min-width: 481px) 980px, 100vw\" \/><\/td>\n<td><img loading=\"lazy\" decoding=\"async\" class=\"alignnone size-full wp-image-424\" src=\"https:\/\/fmp-components.com\/wp-content\/uploads\/2024\/12\/Sanitation-Machinery-Locking-Hydraulic-Cylinder-Dimensions-2.webp\" alt=\"Hidravli\u010dni cilinder za zaklepanje sanitarnih strojev\" width=\"980\" height=\"427\" title=\"\" srcset=\"https:\/\/fmp-components.com\/wp-content\/uploads\/2024\/12\/Sanitation-Machinery-Locking-Hydraulic-Cylinder-Dimensions-2.webp 980w, https:\/\/fmp-components.com\/wp-content\/uploads\/2024\/12\/Sanitation-Machinery-Locking-Hydraulic-Cylinder-Dimensions-2-480x209.webp 480w\" sizes=\"(min-width: 0px) and (max-width: 480px) 480px, (min-width: 481px) 980px, 100vw\" \/><\/td>\n<\/tr>\n<\/tbody>\n<\/table>\n<table style=\"width: 100%; height: 124px;\" border=\"1\" cellspacing=\"0\" cellpadding=\"0\">\n<tbody>\n<tr style=\"height: 47px;\">\n<td style=\"height: 47px;\" width=\"246\">Ime cilindra<\/td>\n<td style=\"height: 47px;\" width=\"336\">\u0160tevilka risbe<\/td>\n<td style=\"height: 47px;\" width=\"126\">Premer izvrtine (D)<\/td>\n<td style=\"height: 47px;\" width=\"123\">Premer palice (d)<\/td>\n<td style=\"height: 47px;\" width=\"114\">Hod (S)<\/td>\n<td style=\"height: 47px;\" width=\"170\">Razdalja namestitve (L)<\/td>\n<td style=\"height: 47px;\" width=\"172\">Delovni tlak<\/td>\n<td style=\"height: 47px;\" width=\"366\">Dimenzije vmesnika (M)<\/td>\n<td style=\"height: 47px;\" width=\"96\">Te\u017ea<\/td>\n<\/tr>\n<tr style=\"height: 33px;\">\n<td class=\"et3\" style=\"height: 33px;\" width=\"246\" height=\"286\">Zaklepni cilinder<\/td>\n<td class=\"et4\" style=\"height: 33px;\" width=\"336\">107504-00<\/td>\n<td class=\"et4\" style=\"height: 33px;\" width=\"126\">\u03a640<\/td>\n<td class=\"et4\" style=\"height: 33px;\" width=\"123\">\u03a620<\/td>\n<td class=\"et4\" style=\"height: 33px;\" width=\"114\">53<\/td>\n<td class=\"et4\" style=\"height: 33px;\" width=\"170\">245<\/td>\n<td class=\"et4\" style=\"height: 33px;\" width=\"172\">25 MPa<\/td>\n<td class=\"et4\" style=\"height: 33px;\" width=\"366\">2-G3\/8<\/td>\n<td class=\"et4\" style=\"height: 33px;\" width=\"96\">2,6 kg<\/td>\n<\/tr>\n<tr style=\"height: 44px;\">\n<td class=\"et3\" style=\"height: 44px;\" width=\"246\" height=\"316\">Zaklepni cilinder<\/td>\n<td class=\"et4\" style=\"height: 44px;\">103631-00<\/td>\n<td class=\"et4\" style=\"height: 44px;\">\u03a663<\/td>\n<td class=\"et4\" style=\"height: 44px;\">\u03a640<\/td>\n<td class=\"et4\" style=\"height: 44px;\">160<\/td>\n<td class=\"et4\" style=\"height: 44px;\">385<\/td>\n<td class=\"et4\" style=\"height: 44px;\">30 MPa<\/td>\n<td class=\"et4\" style=\"height: 44px;\">2-G3\/8<\/td>\n<td class=\"et4\" style=\"height: 44px;\">15 kg<\/td>\n<\/tr>\n<\/tbody>\n<\/table>\n<h3>Zna\u010dilnosti hidravli\u010dnega cilindra za zaklepanje sanitarnih strojev<\/h3>\n<h4>1. Robustna konstrukcija<\/h4>\n<p>Hidravli\u010dni cilinder za zaklepanje sanitarnih strojev je izdelan iz visoko trdnih materialov, ki zagotavljajo vzdr\u017eljivost in odpornost proti obrabi, zaradi \u010desar je primeren za zahtevne pogoje sanitarnih del.<\/p>\n<h4>2. U\u010dinkovit mehanizem zaklepanja<\/h4>\n<p>Ta hidravli\u010dni cilinder je zasnovan z naprednim mehanizmom za zaklepanje, ki omogo\u010da hitro in varno vklop in izklop. Ta u\u010dinkovitost izbolj\u0161a delovni proces in varnost med uporabo.<\/p>\n<h4>3. Gladko hidravli\u010dno delovanje<\/h4>\n<p>Cilinder uporablja dobro zasnovan hidravli\u010dni sistem, ki zagotavlja gladko in odzivno delovanje. Ta funkcija omogo\u010da natan\u010den nadzor nad zaklepanjem in odklepanjem, kar zagotavlja zanesljivo delovanje.<\/p>\n<h4>4. Izbolj\u0161ave varnosti<\/h4>\n<p>Z vgrajenimi varnostnimi elementi, kot so tla\u010dni varnostni ventili, blokirni hidravli\u010dni cilinder prepre\u010duje nenamerno sprostitev ali premikanje. To zagotavlja, da komponente med delovanjem ostanejo varno zaklenjene, kar zmanj\u0161uje tveganje za nesre\u010de.<\/p>\n<h4>5. Vsestranska zdru\u017eljivost<\/h4>\n<p>Ta hidravli\u010dni cilinder je zasnovan tako, da je zdru\u017eljiv s \u0161iroko paleto sanitarne opreme, vklju\u010dno s smetarskimi vozili in pometa\u010di ulic, zato ga je mogo\u010de enostavno integrirati v razli\u010dne strojne sisteme, zaradi \u010desar je vsestranska izbira za ravnanje z odpadki.<\/p>\n<h4>6. Nizke zahteve glede vzdr\u017eevanja<\/h4>\n<p>Zaradi robustne zasnove in trpe\u017enih materialov zahteva hidravli\u010dni cilinder za zaklepanje minimalno vzdr\u017eevanje, kar ima za posledico kraj\u0161i \u010das izpada in obratovalne stro\u0161ke sanitarnih storitev.<\/p>\n<h4>7. Kompaktna zasnova<\/h4>\n<p>Kompaktna zasnova cilindra omogo\u010da u\u010dinkovito izrabo prostora znotraj sanitarnih strojev, kar omogo\u010da optimalno delovanje brez ogro\u017eanja celotne postavitve opreme.<\/p>\n<h4>8. Odpornost proti koroziji<\/h4>\n<p>\u0160tevilni modeli imajo premaze, ki \u0161\u010ditijo pred korozijo, kar zagotavlja, da hidravli\u010dni cilinder ohrani funkcionalnost in videz tudi, ko je izpostavljen ostrim okoljskim pogojem, ki so pogosti pri sanitarnih delih.<\/p>\n<p>Skratka, hidravli\u010dni cilinder za zaklepanje sanitarnih strojev zdru\u017euje vzdr\u017eljivost, u\u010dinkovitost in varnost, zaradi \u010desar je bistvena komponenta za u\u010dinkovito in zanesljivo delovanje v sanitarni industriji.<\/p>\n<h2><img loading=\"lazy\" decoding=\"async\" class=\"alignnone size-full wp-image-422\" src=\"https:\/\/fmp-components.com\/wp-content\/uploads\/2024\/12\/Sanitation-Machinery.webp\" alt=\"Hidravli\u010dni cilinder za zaklepanje sanitarnih strojev\" width=\"1000\" height=\"667\" title=\"\" srcset=\"https:\/\/fmp-components.com\/wp-content\/uploads\/2024\/12\/Sanitation-Machinery.webp 1000w, https:\/\/fmp-components.com\/wp-content\/uploads\/2024\/12\/Sanitation-Machinery-980x654.webp 980w, https:\/\/fmp-components.com\/wp-content\/uploads\/2024\/12\/Sanitation-Machinery-480x320.webp 480w\" sizes=\"(min-width: 0px) and (max-width: 480px) 480px, (min-width: 481px) and (max-width: 980px) 980px, (min-width: 981px) 1000px, 100vw\" \/><\/h2>\n<h2>O FMP-ju<\/h2>\n<p>FMP je specializirano podjetje za mehansko proizvodnjo, ki se ukvarja s proizvodnjo hidravli\u010dnih cilindrov. Podjetje se \u017ee od ustanovitve osredoto\u010da na raziskave in proizvodnjo hidravli\u010dne tehnologije ter uspe\u0161no prehaja iz raznolike ponudbe izdelkov, ki je vklju\u010devala stroje za \u017eetev in gradbeni\u0161tvo, v specializacijo za komponente kmetijskih traktorjev. Z ve\u010d kot desetletjem izku\u0161enj v proizvodnji in upravljanju FMP zagotavlja visokokakovostne izdelke z naprednimi proizvodnimi tehnikami.<\/p>\n<p>Z razvojem podjetja je razvilo celovito proizvodno linijo za strojno obdelavo, monta\u017eno linijo in linijo za nana\u0161anje premazov. Na\u0161o ekipo sestavljajo usposobljeno vodstveno osebje, izku\u0161eni strojni oblikovalci in visoko usposobljeni tehniki, ki skupaj ohranjajo stabilno kakovost proizvodnje, hkrati pa u\u010dinkovito nadzorujejo neprekinjenost in u\u010dinkovitost procesov.<\/p>\n<p>FMP se dr\u017ei filozofije \u00bbTehnolo\u0161ke inovacije spodbujajo napredek, kakovost ustvarja blagovne znamke, obrtni\u0161ka spretnost zagotavlja kakovost in gradi dolgoro\u010dne odnose, v katere vsi pridobijo\u00ab. Na\u0161a zavezanost zagotavljanju visokokakovostnih izdelkov in vrhunski storitvi za stranke ostaja osrednji cilj, saj \u0161e naprej zadovoljujemo spreminjajo\u010de se potrebe trga.<\/p>\n<p><img loading=\"lazy\" decoding=\"async\" class=\"alignnone size-full wp-image-426\" src=\"https:\/\/fmp-components.com\/wp-content\/uploads\/2024\/12\/Sanitation-Machinery-Locking-Hydraulic-Cylinder-factory.webp\" alt=\"Tovarna sanitarnih strojev za zaklepanje hidravli\u010dnih valjev\" width=\"1414\" height=\"584\" title=\"\" srcset=\"https:\/\/fmp-components.com\/wp-content\/uploads\/2024\/12\/Sanitation-Machinery-Locking-Hydraulic-Cylinder-factory.webp 1414w, https:\/\/fmp-components.com\/wp-content\/uploads\/2024\/12\/Sanitation-Machinery-Locking-Hydraulic-Cylinder-factory-1280x529.webp 1280w, https:\/\/fmp-components.com\/wp-content\/uploads\/2024\/12\/Sanitation-Machinery-Locking-Hydraulic-Cylinder-factory-980x405.webp 980w, https:\/\/fmp-components.com\/wp-content\/uploads\/2024\/12\/Sanitation-Machinery-Locking-Hydraulic-Cylinder-factory-480x198.webp 480w\" sizes=\"(min-width: 0px) and (max-width: 480px) 480px, (min-width: 481px) and (max-width: 980px) 980px, (min-width: 981px) and (max-width: 1280px) 1280px, (min-width: 1281px) 1414px, 100vw\" \/><\/p>\n<p>Avtor: CX<\/p>","protected":false},"excerpt":{"rendered":"<p>Hidravli\u010dni cilinder za zaklepanje sanitarnih strojev je klju\u010dna komponenta, zasnovana za zagotavljanje varnega delovanja sanitarne opreme, kot so smetarski tovornjaki in pometa\u010di ulic. Ta hidravli\u010dni cilinder zagotavlja zanesljive mehanizme zaklepanja, ki ohranjajo stabilnost in varnost strojev med delovanjem in transportom. Izdelan je iz visoko trdnih materialov in je zasnovan tako, da prenese zahteve zahtevnih delovnih okolij, kar zagotavlja vzdr\u017eljivost in dolgo \u017eivljenjsko dobo. U\u010dinkovita hidravli\u010dna zasnova omogo\u010da nemoteno delovanje, kar omogo\u010da hitro vklop in izklop sistema zaklepanja. Ta hidravli\u010dni cilinder za zaklepanje je bistvenega pomena za pove\u010danje varnosti in u\u010dinkovitosti ter je klju\u010dnega pomena za u\u010dinkovito delovanje sanitarnih strojev.<\/p>","protected":false},"featured_media":421,"comment_status":"open","ping_status":"closed","template":"","meta":{"_et_pb_use_builder":"","_et_pb_old_content":"","_et_gb_content_width":""},"product_brand":[],"product_cat":[23],"product_tag":[],"class_list":{"0":"post-420","1":"product","2":"type-product","3":"status-publish","4":"has-post-thumbnail","6":"product_cat-sanitation-machinery-hydraulic-cylinders","8":"first","9":"instock","10":"shipping-taxable","11":"product-type-simple"},"_links":{"self":[{"href":"https:\/\/fmp-components.com\/sl\/wp-json\/wp\/v2\/product\/420","targetHints":{"allow":["GET"]}}],"collection":[{"href":"https:\/\/fmp-components.com\/sl\/wp-json\/wp\/v2\/product"}],"about":[{"href":"https:\/\/fmp-components.com\/sl\/wp-json\/wp\/v2\/types\/product"}],"replies":[{"embeddable":true,"href":"https:\/\/fmp-components.com\/sl\/wp-json\/wp\/v2\/comments?post=420"}],"wp:featuredmedia":[{"embeddable":true,"href":"https:\/\/fmp-components.com\/sl\/wp-json\/wp\/v2\/media\/421"}],"wp:attachment":[{"href":"https:\/\/fmp-components.com\/sl\/wp-json\/wp\/v2\/media?parent=420"}],"wp:term":[{"taxonomy":"product_brand","embeddable":true,"href":"https:\/\/fmp-components.com\/sl\/wp-json\/wp\/v2\/product_brand?post=420"},{"taxonomy":"product_cat","embeddable":true,"href":"https:\/\/fmp-components.com\/sl\/wp-json\/wp\/v2\/product_cat?post=420"},{"taxonomy":"product_tag","embeddable":true,"href":"https:\/\/fmp-components.com\/sl\/wp-json\/wp\/v2\/product_tag?post=420"}],"curies":[{"name":"delovni list","href":"https:\/\/api.w.org\/{rel}","templated":true}]}}