{"id":397,"date":"2024-12-10T02:38:22","date_gmt":"2024-12-10T02:38:22","guid":{"rendered":"https:\/\/fmp-components.com\/?page_id=8"},"modified":"2024-12-10T02:54:39","modified_gmt":"2024-12-10T02:54:39","slug":"scissor-fork-aerial-work-vehicle-lifting-hydraulic-cylinder","status":"publish","type":"product","link":"https:\/\/fmp-components.com\/sl\/product\/scissor-fork-aerial-work-vehicle-lifting-hydraulic-cylinder\/","title":{"rendered":"Hidravli\u010dni cilinder za dvigovanje \u0161karjastih vilic za zra\u010dna dela"},"content":{"rendered":"<p style=\"text-align: center;\"><span style=\"font-size: 18pt;\">Hidravli\u010dni cilinder za dvigovanje \u0161karjastih vilic za zra\u010dna dela<\/span><\/p>\n<p>Hidravli\u010dni cilinder za dvigovanje \u0161karjastih vili\u010darjev za dvigala je bistvena komponenta, zasnovana za zagotavljanje zanesljive dvi\u017ene mo\u010di za \u0161karjaste dvi\u017ene plo\u0161\u010dadi. Ta hidravli\u010dni cilinder je zasnovan za optimalno delovanje, ki omogo\u010da gladko in nadzorovano dvigovanje dvigala, kar je klju\u010dnega pomena za varen in u\u010dinkovit dostop do dvignjenih delovnih obmo\u010dij.<\/p>\n<p><img loading=\"lazy\" decoding=\"async\" class=\"size-full wp-image-407 aligncenter\" src=\"https:\/\/fmp-components.com\/wp-content\/uploads\/2024\/12\/Scissor-Fork-Aerial-Work-Vehicle-Lifting-Hydraulic-Cylinder.webp\" alt=\"Hidravli\u010dni cilinder za dvigovanje \u0161karjastih vilic za zra\u010dna dela\" width=\"500\" height=\"500\" title=\"\" srcset=\"https:\/\/fmp-components.com\/wp-content\/uploads\/2024\/12\/Scissor-Fork-Aerial-Work-Vehicle-Lifting-Hydraulic-Cylinder.webp 500w, https:\/\/fmp-components.com\/wp-content\/uploads\/2024\/12\/Scissor-Fork-Aerial-Work-Vehicle-Lifting-Hydraulic-Cylinder-480x480.webp 480w\" sizes=\"(min-width: 0px) and (max-width: 480px) 480px, (min-width: 481px) 500px, 100vw\" \/><\/p>\n<h4>Klju\u010dne lastnosti:<\/h4>\n<ul>\n<li>Robustna konstrukcija: Ta dvi\u017eni hidravli\u010dni cilinder je izdelan iz visoko trdnih materialov in je zasnovan tako, da prenese velike obremenitve in te\u017eke delovne pogoje, kar zagotavlja vzdr\u017eljivost in dolgotrajno delovanje.<\/li>\n<li>Gladko hidravli\u010dno delovanje: Napredni hidravli\u010dni sistem omogo\u010da nemoteno dvigovanje in spu\u0161\u010danje, kar upravljavcem zagotavlja natan\u010den nadzor nad vi\u0161ino plo\u0161\u010dadi med razli\u010dnimi opravili.<\/li>\n<li>Izbolj\u0161ana varnost: Cilinder je zasnovan z mislijo na varnost in vklju\u010duje funkcije, ki prepre\u010dujejo nenadne premike in zagotavljajo stabilno delovanje, kar zmanj\u0161uje tveganje za nesre\u010de pri delu na vi\u0161ini.<\/li>\n<li>Vsestranska uporaba: Ta dvi\u017eni hidravli\u010dni cilinder je idealen za \u0161iroko paleto uporabe, vklju\u010dno z gradbeni\u0161tvom, vzdr\u017eevanjem in industrijskimi okolji, saj izbolj\u0161uje funkcionalnost dvi\u017enih delovnih vozil s \u0161karjastimi vilicami.<\/li>\n<li>Enostavna integracija: Cilinder je zasnovan za enostavno namestitev v obstoje\u010de dvi\u017ene sisteme, kar zmanj\u0161uje \u010das izpada in omogo\u010da hitro namestitev na terenu.<\/li>\n<\/ul>\n<p>Skratka, hidravli\u010dni cilinder za dvigovanje dvi\u017enih delovnih vozil s \u0161karjastimi vilicami je klju\u010dna komponenta, ki pove\u010duje varnost, u\u010dinkovitost in produktivnost dvi\u017enih delovnih plo\u0161\u010dadi, zaradi \u010desar je nepogre\u0161ljivo orodje za upravljavce v razli\u010dnih panogah, ki potrebujejo re\u0161itve za dvignjen dostop.<\/p>\n<h2>Deli hidravli\u010dnega cilindra za dvigovanje \u0161karij za dvigovanje zra\u010dnih delovnih vozil:<\/h2>\n<p><img loading=\"lazy\" decoding=\"async\" class=\"alignnone size-full wp-image-404\" src=\"https:\/\/fmp-components.com\/wp-content\/uploads\/2024\/12\/Scissor-Fork-Aerial-Work-Vehicle-Lifting-Hydraulic-Cylinder-Parts.webp\" alt=\"\" width=\"1024\" height=\"634\" title=\"\" srcset=\"https:\/\/fmp-components.com\/wp-content\/uploads\/2024\/12\/Scissor-Fork-Aerial-Work-Vehicle-Lifting-Hydraulic-Cylinder-Parts.webp 1024w, https:\/\/fmp-components.com\/wp-content\/uploads\/2024\/12\/Scissor-Fork-Aerial-Work-Vehicle-Lifting-Hydraulic-Cylinder-Parts-980x607.webp 980w, https:\/\/fmp-components.com\/wp-content\/uploads\/2024\/12\/Scissor-Fork-Aerial-Work-Vehicle-Lifting-Hydraulic-Cylinder-Parts-480x297.webp 480w\" sizes=\"(min-width: 0px) and (max-width: 480px) 480px, (min-width: 481px) and (max-width: 980px) 980px, (min-width: 981px) 1024px, 100vw\" \/><\/p>\n<table class=\"has-title all magic-26\" style=\"width: 97.5988%; height: 214px;\" border=\"1\" cellspacing=\"0\" cellpadding=\"0\">\n<tbody>\n<tr>\n<td style=\"width: 6.0665%;\" colspan=\"1\" rowspan=\"1\">\n<div class=\"magic-27\" data-spm-anchor-id=\"a2700.details.0.i26.201d6d46acEaSr\">1<\/div>\n<\/td>\n<td style=\"width: 52.9018%;\" colspan=\"1\" rowspan=\"1\">\n<div class=\"magic-28\">Ohi\u0161je valja<\/div>\n<\/td>\n<td style=\"width: 6.16271%;\" colspan=\"1\" rowspan=\"1\">\n<div class=\"magic-27\">9<\/div>\n<\/td>\n<td style=\"width: 34.6345%;\" colspan=\"1\" rowspan=\"1\">\n<div class=\"magic-29\">Du Bush<\/div>\n<\/td>\n<\/tr>\n<tr>\n<td style=\"width: 6.0665%;\" colspan=\"1\" rowspan=\"1\">\n<div class=\"magic-27\">2<\/div>\n<\/td>\n<td style=\"width: 52.9018%;\" colspan=\"1\" rowspan=\"1\">\n<div class=\"magic-28\">Vodilni grm<\/div>\n<\/td>\n<td style=\"width: 6.16271%;\" colspan=\"1\" rowspan=\"1\">\n<div class=\"magic-27\">10<\/div>\n<\/td>\n<td style=\"width: 34.6345%;\" colspan=\"1\" rowspan=\"1\">\n<div class=\"magic-29\">O-obro\u010d<\/div>\n<\/td>\n<\/tr>\n<tr>\n<td style=\"width: 6.0665%;\" colspan=\"1\" rowspan=\"1\">\n<div class=\"magic-27\">3<\/div>\n<\/td>\n<td style=\"width: 52.9018%;\" colspan=\"1\" rowspan=\"1\">\n<div class=\"magic-28\">Bat<\/div>\n<\/td>\n<td style=\"width: 6.16271%;\" colspan=\"1\" rowspan=\"1\">\n<div class=\"magic-27\">11<\/div>\n<\/td>\n<td style=\"width: 34.6345%;\" colspan=\"1\" rowspan=\"1\">\n<div class=\"magic-29\">O-obro\u010d<\/div>\n<\/td>\n<\/tr>\n<tr>\n<td style=\"width: 6.0665%;\" colspan=\"1\" rowspan=\"1\">\n<div class=\"magic-27\">4<\/div>\n<\/td>\n<td style=\"width: 52.9018%;\" colspan=\"1\" rowspan=\"1\">\n<div class=\"magic-28\">Batna palica<\/div>\n<\/td>\n<td style=\"width: 6.16271%;\" colspan=\"1\" rowspan=\"1\">\n<div class=\"magic-27\">12<\/div>\n<\/td>\n<td style=\"width: 34.6345%;\" colspan=\"1\" rowspan=\"1\">\n<div class=\"magic-29\">Tesnilo luknje<\/div>\n<\/td>\n<\/tr>\n<tr>\n<td style=\"width: 6.0665%;\" colspan=\"1\" rowspan=\"1\">\n<div class=\"magic-27\">5<\/div>\n<\/td>\n<td style=\"width: 52.9018%;\" colspan=\"1\" rowspan=\"1\">\n<div class=\"magic-28\">Kompozitni le\u017eaj<\/div>\n<\/td>\n<td style=\"width: 6.16271%;\" colspan=\"1\" rowspan=\"1\">\n<div class=\"magic-27\">13<\/div>\n<\/td>\n<td style=\"width: 34.6345%;\" colspan=\"1\" rowspan=\"1\">\n<div class=\"magic-29\">Obro\u010dni obro\u010d<\/div>\n<\/td>\n<\/tr>\n<tr>\n<td style=\"width: 6.0665%;\" colspan=\"1\" rowspan=\"1\">\n<div class=\"magic-27\">6<\/div>\n<\/td>\n<td style=\"width: 52.9018%;\" colspan=\"1\" rowspan=\"1\">\n<div class=\"magic-28\">Brisalec prahu<\/div>\n<\/td>\n<td style=\"width: 6.16271%;\" colspan=\"1\" rowspan=\"1\">\n<div class=\"magic-27\">14<\/div>\n<\/td>\n<td style=\"width: 34.6345%;\" colspan=\"1\" rowspan=\"1\">\n<div class=\"magic-29\">Vijaki za nastavitev<\/div>\n<\/td>\n<\/tr>\n<tr>\n<td style=\"width: 6.0665%;\" colspan=\"1\" rowspan=\"1\">\n<div class=\"magic-27\">7<\/div>\n<\/td>\n<td style=\"width: 52.9018%;\" colspan=\"1\" rowspan=\"1\">\n<div class=\"magic-28\">U-obro\u010d<\/div>\n<\/td>\n<td style=\"width: 6.16271%;\" colspan=\"1\" rowspan=\"1\">\n<div class=\"magic-27\">15<\/div>\n<\/td>\n<td style=\"width: 34.6345%;\" colspan=\"1\" rowspan=\"1\">\n<div class=\"magic-29\">Za\u0161\u010dita pred prahom<\/div>\n<\/td>\n<\/tr>\n<tr>\n<td style=\"width: 6.0665%;\" colspan=\"1\" rowspan=\"1\">\n<div class=\"magic-27\">8<\/div>\n<\/td>\n<td style=\"width: 52.9018%;\" colspan=\"1\" rowspan=\"1\">\n<div class=\"magic-28\">O-obro\u010d<\/div>\n<\/td>\n<td style=\"width: 6.16271%;\" colspan=\"1\" rowspan=\"1\">\n<div class=\"magic-27\"><\/div>\n<\/td>\n<td style=\"width: 34.6345%;\" colspan=\"1\" rowspan=\"1\"><\/td>\n<\/tr>\n<\/tbody>\n<\/table>\n<h2>Dimenzije hidravli\u010dnega cilindra za dvigovanje \u0161karij za dvigovanje delovnih vozil na zraku:<\/h2>\n<table>\n<tbody>\n<tr>\n<td><img loading=\"lazy\" decoding=\"async\" class=\"alignnone size-full wp-image-400\" src=\"https:\/\/fmp-components.com\/wp-content\/uploads\/2024\/12\/Scissor-Fork-Aerial-Work-Vehicle-Lifting-Hydraulic-Cylinder-Dimensions-1.webp\" alt=\"\" width=\"680\" height=\"210\" title=\"\" srcset=\"https:\/\/fmp-components.com\/wp-content\/uploads\/2024\/12\/Scissor-Fork-Aerial-Work-Vehicle-Lifting-Hydraulic-Cylinder-Dimensions-1.webp 680w, https:\/\/fmp-components.com\/wp-content\/uploads\/2024\/12\/Scissor-Fork-Aerial-Work-Vehicle-Lifting-Hydraulic-Cylinder-Dimensions-1-480x148.webp 480w\" sizes=\"(min-width: 0px) and (max-width: 480px) 480px, (min-width: 481px) 680px, 100vw\" \/><\/td>\n<td><img loading=\"lazy\" decoding=\"async\" class=\"alignnone size-full wp-image-401\" src=\"https:\/\/fmp-components.com\/wp-content\/uploads\/2024\/12\/Scissor-Fork-Aerial-Work-Vehicle-Lifting-Hydraulic-Cylinder-Dimensions-2.webp\" alt=\"\" width=\"680\" height=\"210\" title=\"\" srcset=\"https:\/\/fmp-components.com\/wp-content\/uploads\/2024\/12\/Scissor-Fork-Aerial-Work-Vehicle-Lifting-Hydraulic-Cylinder-Dimensions-2.webp 680w, https:\/\/fmp-components.com\/wp-content\/uploads\/2024\/12\/Scissor-Fork-Aerial-Work-Vehicle-Lifting-Hydraulic-Cylinder-Dimensions-2-480x148.webp 480w\" sizes=\"(min-width: 0px) and (max-width: 480px) 480px, (min-width: 481px) 680px, 100vw\" \/><\/td>\n<\/tr>\n<\/tbody>\n<\/table>\n<table border=\"1\" cellspacing=\"0\" cellpadding=\"0\">\n<tbody>\n<tr>\n<td width=\"246\">Ime cilindra<\/td>\n<td width=\"336\">\u0160tevilka risbe<\/td>\n<td width=\"126\">Premer izvrtine (D)<\/td>\n<td width=\"123\">Premer palice (d)<\/td>\n<td width=\"114\">Hod (S)<\/td>\n<td width=\"170\">Razdalja namestitve (L)<\/td>\n<td width=\"172\">Delovni tlak<\/td>\n<td width=\"366\">Dimenzije vmesnika (M)<\/td>\n<td width=\"96\">Te\u017ea<\/td>\n<\/tr>\n<tr>\n<td class=\"et3\" width=\"246\" height=\"173\">Dvi\u017eni valj<\/td>\n<td class=\"et4\" width=\"336\">78XEN-620100-001<\/td>\n<td class=\"et4\" width=\"126\">\u03a665<\/td>\n<td class=\"et4\" width=\"123\">\u03a645<\/td>\n<td class=\"et4\" width=\"114\">840<\/td>\n<td class=\"et4\" width=\"170\">1075<\/td>\n<td class=\"et4\" width=\"172\">18 MPa<\/td>\n<td class=\"et4\" width=\"366\">G1\/4; \u03a66; M14*1,5<\/td>\n<td class=\"et4\" width=\"96\">27 kg<\/td>\n<\/tr>\n<\/tbody>\n<\/table>\n<table>\n<tbody>\n<tr>\n<td><img loading=\"lazy\" decoding=\"async\" class=\"alignnone size-full wp-image-402\" src=\"https:\/\/fmp-components.com\/wp-content\/uploads\/2024\/12\/Scissor-Fork-Aerial-Work-Vehicle-Lifting-Hydraulic-Cylinder-Dimensions-3.webp\" alt=\"\" width=\"680\" height=\"300\" title=\"\" srcset=\"https:\/\/fmp-components.com\/wp-content\/uploads\/2024\/12\/Scissor-Fork-Aerial-Work-Vehicle-Lifting-Hydraulic-Cylinder-Dimensions-3.webp 680w, https:\/\/fmp-components.com\/wp-content\/uploads\/2024\/12\/Scissor-Fork-Aerial-Work-Vehicle-Lifting-Hydraulic-Cylinder-Dimensions-3-480x212.webp 480w\" sizes=\"(min-width: 0px) and (max-width: 480px) 480px, (min-width: 481px) 680px, 100vw\" \/><\/td>\n<td><img loading=\"lazy\" decoding=\"async\" class=\"alignnone size-full wp-image-403\" src=\"https:\/\/fmp-components.com\/wp-content\/uploads\/2024\/12\/Scissor-Fork-Aerial-Work-Vehicle-Lifting-Hydraulic-Cylinder-Dimensions-4.webp\" alt=\"\" width=\"680\" height=\"300\" title=\"\" srcset=\"https:\/\/fmp-components.com\/wp-content\/uploads\/2024\/12\/Scissor-Fork-Aerial-Work-Vehicle-Lifting-Hydraulic-Cylinder-Dimensions-4.webp 680w, https:\/\/fmp-components.com\/wp-content\/uploads\/2024\/12\/Scissor-Fork-Aerial-Work-Vehicle-Lifting-Hydraulic-Cylinder-Dimensions-4-480x212.webp 480w\" sizes=\"(min-width: 0px) and (max-width: 480px) 480px, (min-width: 481px) 680px, 100vw\" \/><\/td>\n<\/tr>\n<\/tbody>\n<\/table>\n<table style=\"width: 100%; height: 168px;\" border=\"1\" cellspacing=\"0\" cellpadding=\"0\">\n<tbody>\n<tr style=\"height: 71px;\">\n<td style=\"height: 71px;\" width=\"246\">Ime cilindra<\/td>\n<td style=\"height: 71px;\" width=\"336\">\u0160tevilka risbe<\/td>\n<td style=\"height: 71px;\" width=\"126\">Premer izvrtine (D)<\/td>\n<td style=\"height: 71px;\" width=\"123\">Premer palice (d)<\/td>\n<td style=\"height: 71px;\" width=\"114\">Hod (S)<\/td>\n<td style=\"height: 71px;\" width=\"170\">Razdalja namestitve (L)<\/td>\n<td style=\"height: 71px;\" width=\"172\">Delovni tlak<\/td>\n<td style=\"height: 71px;\" width=\"366\">Dimenzije vmesnika (M)<\/td>\n<td style=\"height: 71px;\" width=\"96\">Te\u017ea<\/td>\n<\/tr>\n<tr style=\"height: 53px;\">\n<td class=\"et3\" style=\"height: 53px;\" width=\"246\" height=\"222\">Dvi\u017eni valj<\/td>\n<td class=\"et4\" style=\"height: 53px;\" width=\"336\">JCPT1212HD-531000-00A<\/td>\n<td class=\"et4\" style=\"height: 53px;\" width=\"126\">\u03a675<\/td>\n<td class=\"et4\" style=\"height: 53px;\" width=\"123\">\u03a663<\/td>\n<td class=\"et4\" style=\"height: 53px;\" width=\"114\">1269<\/td>\n<td class=\"et4\" style=\"height: 53px;\" width=\"170\">1530<\/td>\n<td class=\"et4\" style=\"height: 53px;\" width=\"172\">25 MPa<\/td>\n<td class=\"et4\" style=\"height: 53px;\" width=\"366\">G1\/4; M18*1,5<\/td>\n<td class=\"et4\" style=\"height: 53px;\" width=\"96\">60 kg<\/td>\n<\/tr>\n<tr style=\"height: 44px;\">\n<td class=\"et3\" style=\"height: 44px;\" width=\"246\" height=\"222\">Dvi\u017eni valj<\/td>\n<td class=\"et4\" style=\"height: 44px;\">JCPT0607DCS-531000-00A<\/td>\n<td class=\"et4\" style=\"height: 44px;\">\u03a663<\/td>\n<td class=\"et4\" style=\"height: 44px;\">\u03a640<\/td>\n<td class=\"et4\" style=\"height: 44px;\">563<\/td>\n<td class=\"et4\" style=\"height: 44px;\">812<\/td>\n<td class=\"et4\" style=\"height: 44px;\">20 MPa<\/td>\n<td class=\"et4\" style=\"height: 44px;\">G1\/4; M18*1,5<\/td>\n<td class=\"et4\" style=\"height: 44px;\">17 kg<\/td>\n<\/tr>\n<\/tbody>\n<\/table>\n<h2>Razpolo\u017eljive znamke in modeli hidravli\u010dnih cilindrov:<\/h2>\n<table border=\"1\" cellspacing=\"0\" cellpadding=\"0\">\n<tbody>\n<tr>\n<td><b data-spm-anchor-id=\"a2700.details.0.i43.45d84a73e99C9z\">KOMATSU (PC)<\/b><\/td>\n<td>PC30, PC40, PC50, PC56, PC60, PC78, PC100, PC110, PC120, PC130, PC160, PC200-3\/5\/6\/7\/8\/8MO, PC210, PC220-5\/6\/7\/8\/8MO, PC240, PC300\/350\/360-5\/6\/7\/8\/8MO, PC400\/450-5\/6\/7\/8\/8MO, PC800, PC850<\/td>\n<\/tr>\n<tr>\n<td><b>GOSENJAK (E)<\/b><\/td>\n<td>E301.5, E302, E305.5, E306, E307V1\/V2\/B\/C\/D\/E\/F, E308B\/C, E120B, E312V1\/V2\/B\/C\/D, E313D2, E312D2, E315D<br \/>\nE200B,E320V1\/V2\/A\/B\/C\/D,E324D,E325C\/D,E329D,E330\/336C\/D,E345C,E349D,E365C,E374,E390<\/td>\n<\/tr>\n<tr>\n<td><b>KOBELCO (SK)<\/b><\/td>\n<td>SK60-3\/5\/8, SK75-8\/SR, SK100, SK120-3\/5, SK135-8\/SR, SK140-8, SK200-3\/5\/6\/6E, SK210-3\/5\/6\/6E,<br \/>\nSK230\/250-6E,SK250-8,SK260-8,SK350-8\/S8,SK460\/480-8<\/td>\n<\/tr>\n<tr>\n<td><b>HYUNDAI (R)<\/b><\/td>\n<td>R55-5\/7, R60-5\/7, R80, R110, R130, R200-5, R210-5, R215-5\/7, R220-5\/7\/9, R225-5\/7\/9, R250, R260, R265, R290, R305, R445, R485, R505<\/td>\n<\/tr>\n<tr>\n<td><b data-spm-anchor-id=\"a2700.details.0.i53.45d84a73e99C9z\">HITACHI (npr. ZX)<\/b><\/td>\n<td>EX60, EX100-1\/2\/3, EX120-1\/3\/5\/6, EX200-1\/3\/5, EX230-5, EX300-1, EX400<br \/>\nZAX60,ZAX70,ZA120-6,ZAX200\/210-1\/3\/5\/5K,ZAX240,ZAX250,ZAX260,ZAX330-3\/5\/6,ZAX450\/470,ZAX650\/670,ZAX850\/870<\/td>\n<\/tr>\n<tr>\n<td>\n<div class=\"magic-32\"><b data-spm-anchor-id=\"a2700.details.0.i55.45d84a73e99C9z\">DOOSAN (DH\/DX)<\/b><\/div>\n<\/td>\n<td>\n<div class=\"magic-33\"><span class=\"magic-34\">DH55, DH60, DH80, DH150, DH215-5\/7, DH220-5, DH225-5\/7, DH258, DH300-5\/7, DH370, DH420, DH500<br \/>\nDX55, DX60, DX75, DX130, DX225-9, DX300, DX380, DX420, DX500<\/span><\/div>\n<\/td>\n<\/tr>\n<tr>\n<td>\n<div class=\"magic-32\"><b>VOLVO (ES)<\/b><\/div>\n<\/td>\n<td>\n<div class=\"magic-33\"><span class=\"magic-34\">EC55, EC60, EC75, EC80, EC140, EC210B\/D, EC220D, EC240, EC250, EC290, EC300, EC360, EC380, EC460, EC480, EC700, EC750, EC950<\/span><\/div>\n<\/td>\n<\/tr>\n<tr>\n<td>\n<div class=\"magic-32\"><b>KATO (HD)<\/b><\/div>\n<\/td>\n<td>\n<div class=\"magic-33\"><span class=\"magic-34\">HD307\/308, HD450, HD512, HD700-5\/7, HD820-1\/2\/3\/5\/R, HD1023-1\/3, HD1430-1\/3<\/span><\/div>\n<\/td>\n<\/tr>\n<tr>\n<td>\n<div class=\"magic-32\"><b>DRUGA ZNAMKA<\/b><\/div>\n<\/td>\n<td>\n<div class=\"magic-33\"><span class=\"magic-34\">XCMG,LIUGONG,KUBOTA,CASE,YANMAR,SUNWARD,ZOOMLION,LISHIDE,LIEHERR<\/span><\/div>\n<\/td>\n<\/tr>\n<\/tbody>\n<\/table>\n<h3>Prednosti hidravli\u010dnega cilindra za dvigovanje \u0161karjastih vilic<\/h3>\n<h4>1. Izbolj\u0161ana dvi\u017ena zmogljivost<\/h4>\n<p>Hidravli\u010dni cilinder za dvigovanje delovnih vozil s \u0161karjastimi vilicami je zasnovan tako, da zagotavlja znatno dvi\u017eno mo\u010d, ki omogo\u010da varno dvigovanje te\u017ekih bremen. Ta zmogljivost omogo\u010da upravljavcem u\u010dinkovito opravljanje razli\u010dnih nalog, od gradnje do vzdr\u017eevanja, ne da bi pri tem ogrozili varnost ali zmogljivost.<\/p>\n<h4>2. Gladko in natan\u010dno delovanje<\/h4>\n<p>Ta dvi\u017eni cilinder, opremljen z naprednim hidravli\u010dnim sistemom, zagotavlja gladke in nadzorovane gibe. Operaterji lahko enostavno in natan\u010dno prilagodijo vi\u0161ino plo\u0161\u010dadi, kar omogo\u010da natan\u010dno pozicioniranje za razli\u010dne aplikacije in izbolj\u0161uje splo\u0161no u\u010dinkovitost delovnega procesa.<\/p>\n<h4>3. Robustna vzdr\u017eljivost<\/h4>\n<p>Dvi\u017eni hidravli\u010dni cilinder je izdelan iz visoko trdnih materialov in je zasnovan tako, da prenese zahtevna okolja in intenzivno uporabo. Ta vzdr\u017eljivost vodi do dalj\u0161e \u017eivljenjske dobe in manj\u0161ih zahtev glede vzdr\u017eevanja, kar na koncu zni\u017euje obratovalne stro\u0161ke za podjetja.<\/p>\n<h4>4. Varnostne funkcije<\/h4>\n<p>Varnost je pri delu na vi\u0161ini najpomembnej\u0161a, zato ta hidravli\u010dni cilinder vklju\u010duje funkcije, zasnovane za prepre\u010devanje nenadnih premikov in izbolj\u0161anje stabilnosti. Ti varnostni mehanizmi zagotavljajo upravljavcem brezskrbnost, saj jim omogo\u010dajo, da se osredoto\u010dijo na svoja opravila, hkrati pa zmanj\u0161ujejo tveganje za nesre\u010de.<\/p>\n<h4>5. Vsestranskost v razli\u010dnih aplikacijah<\/h4>\n<p>Hidravli\u010dni cilinder za dvigovanje dvi\u017enih delovnih vozil s \u0161karjastimi vilicami je vsestranski in primeren za \u0161irok spekter panog, vklju\u010dno z gradbeni\u0161tvom, vzdr\u017eevanjem in industrijsko uporabo. Zaradi svoje prilagodljivosti je bistveno orodje za vsako organizacijo, ki se zana\u0161a na dvi\u017ene delovne plo\u0161\u010dadi, saj zagotavlja u\u010dinkovito opravljanje razli\u010dnih dvignjenih nalog.<\/p>\n<table style=\"width: 100.251%; height: 397px;\" width=\"290\">\n<tbody>\n<tr style=\"height: 397px;\">\n<td style=\"width: 52.0342%; height: 397px;\" width=\"226\"><img loading=\"lazy\" decoding=\"async\" class=\"wp-image-399 aligncenter\" src=\"https:\/\/fmp-components.com\/wp-content\/uploads\/2024\/12\/Scissor-Fork-Aerial-Work-Vehicle-Lifting-Hydraulic-Cylinder-Applications-2.webp\" alt=\"\" width=\"399\" height=\"399\" title=\"\"><\/td>\n<td style=\"width: 47.3234%; height: 397px;\" width=\"64\"><img loading=\"lazy\" decoding=\"async\" class=\"alignnone wp-image-398\" src=\"https:\/\/fmp-components.com\/wp-content\/uploads\/2024\/12\/Scissor-Fork-Aerial-Work-Vehicle-Lifting-Hydraulic-Cylinder-Applications-1.webp\" alt=\"\" width=\"401\" height=\"401\" title=\"\"><\/td>\n<\/tr>\n<\/tbody>\n<\/table>\n<h2>O FMP-ju<\/h2>\n<p>FMP je specializiran proizvajalec hidravli\u010dnih cilindrov, znan po svojem mo\u010dnem poudarku na raziskavah in odli\u010dnosti proizvodnje. Podjetje se \u017ee od svoje ustanovitve posve\u010da nenehnemu razvoju tehnologije hidravli\u010dnih cilindrov. Sprva je FMP proizvajal raznoliko paleto izdelkov za \u017eetveno in gradbeno mehanizacijo, vendar se je od takrat osredoto\u010dil predvsem na komponente za kmetijske traktorje.<\/p>\n<p>Z ve\u010d kot desetletjem proizvodnih izku\u0161enj FMP zdru\u017euje bogate vodstvene izku\u0161nje z naprednimi proizvodnimi tehnologijami, da bi zagotovil najvi\u0161je standarde kakovosti svojih izdelkov. Podjetje je vzpostavilo celovito proizvodno linijo za strojno obdelavo, monta\u017eno linijo in linijo za premazovanje, kar mu omogo\u010da zanesljive in u\u010dinkovite proizvodne procese.<\/p>\n<p>Rast podjetja FMP je podpirala predana ekipa, ki jo sestavljajo izku\u0161eno vodstveno osebje, usposobljeni strojni oblikovalci in visoko usposobljeni tehniki. Ta sodelovalni pristop zagotavlja dosledno kakovost izdelkov in u\u010dinkovito upravlja neprekinjenost procesov, s \u010dimer se pove\u010duje splo\u0161na u\u010dinkovitost proizvodnje.<\/p>\n<p>V sredi\u0161\u010du filozofije podjetja FMP so vrednote \u00bbTehnolo\u0161ke inovacije spodbujajo napredek\u00ab, \u00bbKakovost ustvarja blagovne znamke\u00ab, \u00bbObrtni\u0161tvo zagotavlja kakovost\u00ab in \u00bbGradnja dolgoro\u010dnih odnosov, v katere vsi pridobijo\u00ab. Podjetje je zavezano zagotavljanju visokokakovostnih izdelkov ob hkratnem zagotavljanju izjemne storitve za stranke. FMP si nenehno prizadeva prilagajati se spreminjajo\u010dim se potrebam trga in se pozicionira kot zaupanja vreden partner v industriji kmetijske mehanizacije. S svojo predanostjo inovacijam in kakovosti si FMP prizadeva pomembno prispevati k napredku hidravli\u010dne tehnologije v kmetijskem sektorju.<\/p>\n<p><img loading=\"lazy\" decoding=\"async\" class=\"alignnone wp-image-359\" src=\"https:\/\/fmp-components.com\/wp-content\/uploads\/2024\/12\/fmp-factory-3.webp\" sizes=\"(min-width: 0px) and (max-width: 480px) 480px, (min-width: 481px) 914px, 100vw\" srcset=\"https:\/\/fmp-components.com\/wp-content\/uploads\/2024\/12\/fmp-factory-3.webp 914w, https:\/\/fmp-components.com\/wp-content\/uploads\/2024\/12\/fmp-factory-3-480x321.webp 480w\" alt=\"fmp-tovarna\" width=\"914\" height=\"612\" title=\"\"><\/p>\n<p>Avtor: CX<\/p>","protected":false},"excerpt":{"rendered":"<p>Hidravli\u010dni cilinder za dvigovanje \u0161karjastih dvi\u017enih plo\u0161\u010dadi je klju\u010dna komponenta, zasnovana za zagotavljanje potrebne dvi\u017ene mo\u010di za \u0161karjaste dvi\u017ene plo\u0161\u010dadi. Ta hidravli\u010dni cilinder, zasnovan za u\u010dinkovitost in zanesljivost, omogo\u010da gladko in nadzorovano dvigovanje plo\u0161\u010dadi, kar operaterjem omogo\u010da varen dostop do dvignjenih delovnih obmo\u010dij. Izdelan je iz visoko trdnih materialov, zato lahko prenese velike obremenitve in te\u017eke pogoje, kar zagotavlja dolgotrajno delovanje. Njegov napredni hidravli\u010dni sistem omogo\u010da natan\u010dno dvigovanje in spu\u0161\u010danje, zaradi \u010desar je idealen za razli\u010dne aplikacije v gradbeni\u0161tvu, vzdr\u017eevanju in industrijskih okoljih. S tem dvi\u017enim hidravli\u010dnim cilindrom lahko operaterji pove\u010dajo produktivnost in hkrati zagotovijo varnost na vi\u0161ini.<\/p>","protected":false},"featured_media":407,"comment_status":"open","ping_status":"closed","template":"","meta":{"_et_pb_use_builder":"","_et_pb_old_content":"","_et_gb_content_width":""},"product_brand":[],"product_cat":[22],"product_tag":[],"class_list":{"0":"post-397","1":"product","2":"type-product","3":"status-publish","4":"has-post-thumbnail","6":"product_cat-aerial-work-vehicle-hydraulic-cylinders","8":"first","9":"instock","10":"shipping-taxable","11":"product-type-simple"},"_links":{"self":[{"href":"https:\/\/fmp-components.com\/sl\/wp-json\/wp\/v2\/product\/397","targetHints":{"allow":["GET"]}}],"collection":[{"href":"https:\/\/fmp-components.com\/sl\/wp-json\/wp\/v2\/product"}],"about":[{"href":"https:\/\/fmp-components.com\/sl\/wp-json\/wp\/v2\/types\/product"}],"replies":[{"embeddable":true,"href":"https:\/\/fmp-components.com\/sl\/wp-json\/wp\/v2\/comments?post=397"}],"wp:featuredmedia":[{"embeddable":true,"href":"https:\/\/fmp-components.com\/sl\/wp-json\/wp\/v2\/media\/407"}],"wp:attachment":[{"href":"https:\/\/fmp-components.com\/sl\/wp-json\/wp\/v2\/media?parent=397"}],"wp:term":[{"taxonomy":"product_brand","embeddable":true,"href":"https:\/\/fmp-components.com\/sl\/wp-json\/wp\/v2\/product_brand?post=397"},{"taxonomy":"product_cat","embeddable":true,"href":"https:\/\/fmp-components.com\/sl\/wp-json\/wp\/v2\/product_cat?post=397"},{"taxonomy":"product_tag","embeddable":true,"href":"https:\/\/fmp-components.com\/sl\/wp-json\/wp\/v2\/product_tag?post=397"}],"curies":[{"name":"delovni list","href":"https:\/\/api.w.org\/{rel}","templated":true}]}}