{"id":3697,"date":"2025-01-09T07:44:24","date_gmt":"2025-01-09T07:44:24","guid":{"rendered":"https:\/\/fmp-components.com\/?page_id=8"},"modified":"2025-01-09T07:44:24","modified_gmt":"2025-01-09T07:44:24","slug":"wheel-drive-planetary-gearbox-reducer-for-cranes","status":"publish","type":"product","link":"https:\/\/fmp-components.com\/sl\/product\/wheel-drive-planetary-gearbox-reducer-for-cranes\/","title":{"rendered":"Planetni menjalnik s pogonom na kolesa za \u017eerjave"},"content":{"rendered":"<p style=\"text-align: center;\"><span style=\"font-size: 18pt;\">Planetni menjalnik s pogonom na kolesa za \u017eerjave<\/span><\/p>\n<p>Planetni reduktor s pogonom na kolesa za \u017eerjave je klju\u010dni sestavni del za zagotavljanje mobilnosti in stabilnosti \u017eerjavov. Odgovoren je za prenos mo\u010di iz motorja \u017eerjava na kolesa, kar zagotavlja gladko in nadzorovano gibanje. Glede na konfiguracijo koles \u017eerjava se lahko za pogon vsakega kolesa uporabi ve\u010d planetarnih menjalnikov, kar omogo\u010da u\u010dinkovito manevriranje \u017eerjava v razli\u010dnih delovnih okoljih.<\/p>\n<p><img loading=\"lazy\" decoding=\"async\" class=\"wp-image-3698 aligncenter\" src=\"https:\/\/fmp-components.com\/wp-content\/uploads\/2025\/01\/0_wheel-drive-application-2-11.webp\" alt=\"uporaba pogona na kolesa\" width=\"537\" height=\"453\" title=\"\" srcset=\"https:\/\/fmp-components.com\/wp-content\/uploads\/2025\/01\/0_wheel-drive-application-2-11.webp 344w, https:\/\/fmp-components.com\/wp-content\/uploads\/2025\/01\/0_wheel-drive-application-2-11-300x253.webp 300w, https:\/\/fmp-components.com\/wp-content\/uploads\/2025\/01\/0_wheel-drive-application-2-11-14x12.webp 14w\" sizes=\"(max-width: 537px) 100vw, 537px\" \/><\/p>\n<p><strong>Zahteve glede zmogljivosti za pogon koles v \u017eerjavih<\/strong><\/p>\n<ul>\n<li><strong>Visoka navorna zmogljivost:<\/strong> Menjalnik mora biti sposoben prenesti te\u017eke obremenitve \u017eerjava in zagotavljati zanesljiv prenos mo\u010di na kolesa v zahtevnih pogojih.<\/li>\n<li><strong>Tiho delovanje:<\/strong> Za zmanj\u0161anje hrupa na gradbi\u0161\u010dih je menjalnik zasnovan za tiho delovanje in ohranjanje mirnega delovnega okolja.<\/li>\n<li><strong>Visoka u\u010dinkovitost:<\/strong> Menjalnik naj bi zagotavljal u\u010dinkovit prenos mo\u010di, zmanj\u0161eval izgube energije in optimiziral delovanje \u017eerjava za maksimalno produktivnost.<\/li>\n<li><strong>Vzdr\u017eljivost:<\/strong> Menjalnik, izdelan tako, da prenese te\u017eka delovna okolja, mora prenesti te\u017eke pogoje, vklju\u010dno z ekstremnimi vremenskimi razmerami in te\u017eko uporabo, kar zagotavlja dolgo \u017eivljenjsko dobo.<\/li>\n<li><strong>Stabilnost:<\/strong> Menjalnik igra klju\u010dno vlogo pri zagotavljanju stabilne plo\u0161\u010dadi, ohranjanju ravnote\u017eja in nadzora med dvigovanjem in premikanjem te\u017ekih bremen.<\/li>\n<\/ul>\n<h2>Kako deluje pogon na kolesa z \u017eerjavi<\/h2>\n<p>Kolesni pogon pri \u017eerjavih se nana\u0161a na mehanizem, ki poganja kolesa \u017eerjava in mu omogo\u010da premikanje po tirnicah ali po povr\u0161ini. Ta sistem obi\u010dajno uporablja elektri\u010dne ali hidravli\u010dne motorje, povezane s kolesi, ki ustvarjajo potreben navor za premikanje \u017eerjava. Vrsta uporabljenega pogona (hidravli\u010dni ali elektri\u010dni) je odvisna od zasnove \u017eerjava in zahtev uporabe.<\/p>\n<p>V sistemih z elektri\u010dnim pogonom na kolesa elektromotorji dovajajo mo\u010d kolesom prek vrste reduktorjev ali neposrednih pogonov. Motorje pogosto napaja glavni vir napajanja \u017eerjava ali zunanji vir. Te motorje je mogo\u010de krmiliti s pomo\u010djo dovr\u0161enih sistemov za prilagajanje hitrosti, smeri in pospe\u0161ka \u017eerjava, kar zagotavlja natan\u010dnost in u\u010dinkovitost.<\/p>\n<p>Hidravli\u010dni sistemi pogona koles pa za pogon koles uporabljajo hidravli\u010dne motorje. Te motorje poganjajo hidravli\u010dne \u010drpalke, ki jih obi\u010dajno poganja dizelski ali elektri\u010dni motor. Hidravli\u010dni pogon ponuja mo\u010dan navor in je pogosto prednost pri \u017eerjavih, ki morajo premikati te\u017eke tovore ali delovati v zahtevnih okoljih, kjer sta potrebna visoka izhodna mo\u010d in robustno delovanje.<\/p>\n<p><img loading=\"lazy\" decoding=\"async\" class=\"wp-image-3699 aligncenter\" src=\"https:\/\/fmp-components.com\/wp-content\/uploads\/2025\/01\/0_Reggiana-Riduttori-71.webp\" alt=\"Reggiana-Riduttori\" width=\"726\" height=\"620\" title=\"\" srcset=\"https:\/\/fmp-components.com\/wp-content\/uploads\/2025\/01\/0_Reggiana-Riduttori-71.webp 726w, https:\/\/fmp-components.com\/wp-content\/uploads\/2025\/01\/0_Reggiana-Riduttori-71-480x410.webp 480w\" sizes=\"(min-width: 0px) and (max-width: 480px) 480px, (min-width: 481px) 726px, 100vw\" \/><\/p>\n<h2>Priljubljene blagovne znamke in zdru\u017eljivost<\/h2>\n<p><span style=\"color: #ff0000;\"><em><strong>Opomba: Blagovne znamke, omenjene v \u010dlanku, so zgolj za na\u0161e udobje, da lahko stranke izberejo in zamenjajo dodatno opremo ustrezne blagovne znamke kmetijske mehanizacije, in ne prodajajo izdelkov te blagovne znamke.<\/strong><\/em><\/span><\/p>\n<table style=\"width: 96.3288%; height: 140px;\">\n<tbody>\n<tr>\n<th>Blagovna znamka<\/th>\n<th>Model<\/th>\n<th>Zdru\u017eljivost<\/th>\n<\/tr>\n<tr>\n<td>Zoomlion<\/td>\n<td>QUY260<\/td>\n<td>Zdru\u017eljivo<\/td>\n<\/tr>\n<tr>\n<td>XCMG<\/td>\n<td>QY50K<\/td>\n<td>Zdru\u017eljivo<\/td>\n<\/tr>\n<tr>\n<td>Sany<\/td>\n<td>STC250<\/td>\n<td>Zdru\u017eljivo<\/td>\n<\/tr>\n<tr>\n<td>Terex<\/td>\n<td>RT555-1<\/td>\n<td>Zdru\u017eljivo<\/td>\n<\/tr>\n<\/tbody>\n<\/table>\n<h2>O FMP-ju<\/h2>\n<p>FMP je vodilni proizvajalec, specializiran za proizvodnjo \u0161iroke palete mehanskih in hidravli\u010dnih menjalnikov. Na\u0161a ponudba izdelkov vklju\u010duje planetarne menjalnike, pol\u017easte reduktorje, vrstne vija\u010dne reduktorje, vija\u010dne reduktorje z vzporednimi gredmi, vija\u010dne sto\u017e\u010daste reduktorje, vija\u010dne pol\u017easte reduktorje, kmetijske menjalnike, menjalnike za traktorje, avtomobilske menjalnike, izhodne gredi in specializirane reduktorje. Poleg tega ponujamo obse\u017een izbor dopolnilnih komponent, kot so zobniki, hidravli\u010dni sistemi, vakuumske \u010drpalke, hidravli\u010dne sklopke, zobate letve, verige, jermenice, menjalniki UDL, jermenice z klinastim jermenom, hidravli\u010dni cilindri, zobni\u0161ke \u010drpalke, vija\u010dni zra\u010dni kompresorji in pol\u017easti reduktorji z majhnim zra\u010dnim tokom.<\/p>\n<p><strong>Prilagojene re\u0161itve za vsako potrebo<\/strong><\/p>\n<p>Pri FMP razumemo, da je vsaka aplikacija edinstvena. Zato ponujamo popolnoma prilagodljive re\u0161itve, vklju\u010dno z menjalniki po meri, motorji z zobniki, hidravli\u010dnimi sistemi in motorji, zasnovanimi tako, da ustrezajo specifi\u010dnim zahtevam na\u0161ih strank. Na\u0161e prilagodljive proizvodne zmogljivosti nam omogo\u010dajo, da ustvarimo natan\u010dno zasnovane izdelke, prilagojene tako, da zagotavljajo maksimalno u\u010dinkovitost in optimalno delovanje za vsako aplikacijo.<\/p>\n<p><strong>Zavezanost kakovosti in inovacijam<\/strong><\/p>\n<p>Globoko smo zavezani k ohranjanju najvi\u0161jih standardov kakovosti in zanesljivosti pri vsakem izdelku, ki ga proizvajamo. Na\u0161a napredna oprema za testiranje in pregledovanje skupaj z visoko usposobljeno tehni\u010dno ekipo zagotavlja, da vsak izdelek izpolnjuje stroge industrijske standarde. Ne glede na to, ali ponujamo standardne re\u0161itve ali ustvarjamo izdelke po meri, je FMP predan zagotavljanju vrhunskih rezultatov, ki izjemno delujejo tudi v najzahtevnej\u0161ih okoljih.<\/p>\n<p>V zadnjih letih je FMP do\u017eivel hitro rast, ki jo spodbujajo na\u0161e bogate proizvodne izku\u0161nje, robustni sistemi upravljanja in mo\u010dno tehni\u010dno znanje. Na\u0161a filozofija \u00bbkakovosti za pre\u017eivetje in inovacij za razvoj\u00ab je temelj na\u0161ega uspeha, ki spodbuja nenehno izbolj\u0161evanje in rast.<\/p>\n<p><strong>Partnerstvo za uspeh<\/strong><\/p>\n<p>V podjetju FMP dajemo prednost sodelovanju in dolgoro\u010dnim partnerstvom z na\u0161imi strankami. Tesno sodelujemo z na\u0161imi strankami, da bi jim zagotovili inovativne in zanesljive re\u0161itve, ki presegajo pri\u010dakovanja. Na\u0161 cilj ni le zadovoljiti potrebe na\u0161ih strank, temve\u010d tudi vzpostaviti trajne odnose, ki temeljijo na zaupanju, kakovosti in skupnem uspehu.<\/p>\n<p>FMP, osredoto\u010den na natan\u010dno in\u017eenirstvo, zanesljivost in prilagojene storitve, je zaupanja vreden partner za vse va\u0161e potrebe po mehanskih in hidravli\u010dnih menjalnikih. Veselimo se sodelovanja z vami, da bi skupaj dosegli uspeh in odli\u010dnost.<\/p>\n<p><img loading=\"lazy\" decoding=\"async\" class=\"alignnone size-full wp-image-3678\" src=\"https:\/\/fmp-components.com\/wp-content\/uploads\/2025\/01\/worm-gearbox-factory1.webp\" alt=\"tovarna pol\u017eastih menjalnikov\" width=\"1024\" height=\"888\" title=\"\" srcset=\"https:\/\/fmp-components.com\/wp-content\/uploads\/2025\/01\/worm-gearbox-factory1.webp 1024w, https:\/\/fmp-components.com\/wp-content\/uploads\/2025\/01\/worm-gearbox-factory1-980x850.webp 980w, https:\/\/fmp-components.com\/wp-content\/uploads\/2025\/01\/worm-gearbox-factory1-480x416.webp 480w\" sizes=\"(min-width: 0px) and (max-width: 480px) 480px, (min-width: 481px) and (max-width: 980px) 980px, (min-width: 981px) 1024px, 100vw\" \/><\/p>\n<p>Avtor: CX<\/p>","protected":false},"excerpt":{"rendered":"<p>Wheel Drive Planetary Gearbox Reducer for Cranes The wheel drive planetary gearbox reducer for cranes is a key component in providing mobility and stability to cranes. It is responsible for transmitting power from the crane\u2019s engine to the wheels, ensuring smooth and controlled movement. Depending on the crane&#8217;s wheel configuration, multiple planetary gearboxes may be [&hellip;]<\/p>","protected":false},"featured_media":3700,"comment_status":"open","ping_status":"closed","template":"","meta":{"_et_pb_use_builder":"","_et_pb_old_content":"","_et_gb_content_width":""},"product_brand":[],"product_cat":[90],"product_tag":[],"class_list":{"0":"post-3697","1":"product","2":"type-product","3":"status-publish","4":"has-post-thumbnail","6":"product_cat-planetary-gearbox","8":"first","9":"instock","10":"shipping-taxable","11":"product-type-simple"},"_links":{"self":[{"href":"https:\/\/fmp-components.com\/sl\/wp-json\/wp\/v2\/product\/3697","targetHints":{"allow":["GET"]}}],"collection":[{"href":"https:\/\/fmp-components.com\/sl\/wp-json\/wp\/v2\/product"}],"about":[{"href":"https:\/\/fmp-components.com\/sl\/wp-json\/wp\/v2\/types\/product"}],"replies":[{"embeddable":true,"href":"https:\/\/fmp-components.com\/sl\/wp-json\/wp\/v2\/comments?post=3697"}],"wp:featuredmedia":[{"embeddable":true,"href":"https:\/\/fmp-components.com\/sl\/wp-json\/wp\/v2\/media\/3700"}],"wp:attachment":[{"href":"https:\/\/fmp-components.com\/sl\/wp-json\/wp\/v2\/media?parent=3697"}],"wp:term":[{"taxonomy":"product_brand","embeddable":true,"href":"https:\/\/fmp-components.com\/sl\/wp-json\/wp\/v2\/product_brand?post=3697"},{"taxonomy":"product_cat","embeddable":true,"href":"https:\/\/fmp-components.com\/sl\/wp-json\/wp\/v2\/product_cat?post=3697"},{"taxonomy":"product_tag","embeddable":true,"href":"https:\/\/fmp-components.com\/sl\/wp-json\/wp\/v2\/product_tag?post=3697"}],"curies":[{"name":"delovni list","href":"https:\/\/api.w.org\/{rel}","templated":true}]}}