{"id":3691,"date":"2025-01-09T06:50:44","date_gmt":"2025-01-09T06:50:44","guid":{"rendered":"https:\/\/fmp-components.com\/?page_id=8"},"modified":"2025-01-09T06:59:56","modified_gmt":"2025-01-09T06:59:56","slug":"wheel-drive-planetary-gearbox-reducer-for-land-clearing-stone-crusher","status":"publish","type":"product","link":"https:\/\/fmp-components.com\/sl\/product\/wheel-drive-planetary-gearbox-reducer-for-land-clearing-stone-crusher\/","title":{"rendered":"Planetni menjalnik s pogonom na kolesa za drobilnik kamna za \u010di\u0161\u010denje zemlji\u0161\u010d"},"content":{"rendered":"<div class=\"flex max-w-full flex-col flex-grow\">\n<div class=\"min-h-8 text-message flex w-full flex-col items-end gap-2 whitespace-normal break-words text-start [.text-message+&amp;]:mt-5\" dir=\"auto\" data-message-author-role=\"assistant\" data-message-id=\"cb00f25b-f818-4caf-841a-79c479bfaa7e\" data-message-model-slug=\"gpt-4o\">\n<div class=\"flex w-full flex-col gap-1 empty:hidden first:pt-[3px]\">\n<div class=\"markdown prose w-full break-words dark:prose-invert light\">\n<h2>Lokacija menjalnika v drobilniku kamna za \u010di\u0161\u010denje zemlji\u0161\u010d<\/h2>\n<p>Menjalnik v drobilniku kamenja za \u010di\u0161\u010denje zemlji\u0161\u010d se obi\u010dajno nahaja med motorjem in mehanizmom drobilnika, obi\u010dajno je name\u0161\u010den neposredno na glavni okvir stroja. Slu\u017ei kot klju\u010dni sestavni del za prenos mo\u010di iz motorja na rotor drobilnika ali drobilno komoro, ki je odgovorna za razbijanje velikih kamnov in ru\u0161evin na manj\u0161e, la\u017eje obvladljive kose.<\/p>\n<p>Menjalnik je pogosto name\u0161\u010den na zadnji ali stranski strani drobilnika kamna in je z glavno drobilno enoto povezan prek vrste gredi in spojk. Ta lokacija zagotavlja, da menjalnik u\u010dinkovito obvladuje visok navor, potreben za drobljenje, hkrati pa ohranja pravilno poravnavo z motorjem. Lahko je zaprt v za\u0161\u010ditnem ohi\u0161ju, ki ga \u0161\u010diti pred odpadki, prahom in okoljskimi dejavniki, ki se obi\u010dajno pojavljajo pri \u010di\u0161\u010denju zemlji\u0161\u010d.<\/p>\n<p>V mnogih drobilnikih kamna za \u010di\u0161\u010denje zemlji\u0161\u010d je menjalnik zasnovan tako, da prenese znatne mehanske obremenitve, saj pretvarja vrtilno energijo motorja v potreben navor za delovanje drobilnega mehanizma, kar zagotavlja u\u010dinkovito in zanesljivo obdelavo kamna.<\/p>\n<p><img loading=\"lazy\" decoding=\"async\" class=\"alignnone wp-image-3694\" src=\"https:\/\/fmp-components.com\/wp-content\/uploads\/2025\/01\/0_wheel-drive-Land-Clearing-Stone-Crusher-11.webp\" alt=\"drobilnik kamenja s pogonom na kolesa\" width=\"933\" height=\"525\" title=\"\" srcset=\"https:\/\/fmp-components.com\/wp-content\/uploads\/2025\/01\/0_wheel-drive-Land-Clearing-Stone-Crusher-11.webp 933w, https:\/\/fmp-components.com\/wp-content\/uploads\/2025\/01\/0_wheel-drive-Land-Clearing-Stone-Crusher-11-480x270.webp 480w\" sizes=\"(min-width: 0px) and (max-width: 480px) 480px, (min-width: 481px) 933px, 100vw\" \/><\/p>\n<h2>Funkcija planetarnega menjalnika s pogonom na kolesa v drobilniku kamenja za \u010di\u0161\u010denje zemlji\u0161\u010d<\/h2>\n<p>Planetni menjalnik s pogonom na kolesa v drobilniku kamenja za \u010di\u0161\u010denje zemlji\u0161\u010d igra klju\u010dno vlogo pri u\u010dinkovitem prenosu mo\u010di iz motorja na kolesa ali gosenice stroja. Njegova glavna funkcija je zmanj\u0161ati hitrost vrtenja motorja in hkrati pove\u010dati navor, kar omogo\u010da drobilniku kamenja premikanje po grobih, neravnih terenih, ki so obi\u010dajno pri uporabi pri \u010di\u0161\u010denju zemlji\u0161\u010d.<\/p>\n<p><strong>1. Prenos mo\u010di in mno\u017eenje navora:<\/strong> Planetni menjalnik u\u010dinkovito prena\u0161a mo\u010d, ki jo ustvari motor, na kolesa ali gosenice. Z uporabo sklopa zobnikov, razporejenih v planetarni konfiguraciji, menjalnik zmanj\u0161a vhodno hitrost in pomno\u017ei navor, kar zagotavlja potrebno silo, da se drobilnik kamenja premika po trdih povr\u0161inah, kot so skale, umazanija in neravna tla. To ima za posledico bolj\u0161i oprijem in okretnost, kar zagotavlja, da se stroj lahko premika po zahtevnih okoljih, ne da bi se zataknil.<\/p>\n<p><strong>2. Gladko in u\u010dinkovito delovanje:<\/strong> Planetarna zasnova menjalnika omogo\u010da enakomerno porazdelitev obremenitve med zobniki, kar zmanj\u0161uje obrabo in hkrati pove\u010duje u\u010dinkovitost prenosa mo\u010di. To prispeva k bolj gladkemu delovanju in dalj\u0161i \u017eivljenjski dobi komponent pogonskega sklopa stroja. Prav tako pomaga zagotoviti, da stroj lahko vzdr\u017euje konstantno hitrost, kar je bistveno za optimizacijo zmogljivosti drobljenja in u\u010dinkovitosti porabe goriva med \u010di\u0161\u010denjem zemlji\u0161\u010d.<\/p>\n<p><strong>3. Izbolj\u0161ana vzdr\u017eljivost in zanesljivost:<\/strong> Pri drobilnikih kamna za \u010di\u0161\u010denje zemlji\u0161\u010d so delovni pogoji pogosto te\u017eki, saj vklju\u010dujejo te\u017eka opravila, kot sta drobljenje velikih skal in premikanje po neravnem terenu. Planetni menjalnik je izdelan tako, da prenese visok navor in obremenitve, kar zagotavlja vzdr\u017eljivost in zanesljivost v tako zahtevnih pogojih. Zagotavlja, da lahko drobilnik kamna neprekinjeno deluje na optimalni ravni, ne da bi pri tem ogrozil mehansko celovitost stroja, zaradi \u010desar je klju\u010dna komponenta za pove\u010danje \u010dasa delovanja in produktivnosti.<\/p>\n<p>Skratka, planetarni menjalnik s pogonom na kolesa v drobilniku kamenja za \u010di\u0161\u010denje zemlji\u0161\u010d je bistvenega pomena za zagotavljanje potrebnega navora, nemotenega delovanja in vzdr\u017eljivosti za obvladovanje te\u017ekih drobilnih nalog in navigacije po neravnem terenu.<\/p>\n<p><img loading=\"lazy\" decoding=\"async\" class=\"alignnone wp-image-3696\" src=\"https:\/\/fmp-components.com\/wp-content\/uploads\/2025\/01\/0_wheel-drive-Apple-harvester-machine-61.webp\" alt=\"stroj-za-\u017eetev-jabolk-s-kolesnim-pogonom\" width=\"914\" height=\"513\" title=\"\" srcset=\"https:\/\/fmp-components.com\/wp-content\/uploads\/2025\/01\/0_wheel-drive-Apple-harvester-machine-61.webp 914w, https:\/\/fmp-components.com\/wp-content\/uploads\/2025\/01\/0_wheel-drive-Apple-harvester-machine-61-480x269.webp 480w\" sizes=\"(min-width: 0px) and (max-width: 480px) 480px, (min-width: 481px) 914px, 100vw\" \/><\/p>\n<h2>Tehni\u010dne specifikacije<\/h2>\n<table border=\"2\">\n<tbody>\n<tr>\n<td>Nosilnost<\/td>\n<td>Dinami\u010dni navor do 60000 Nm zagotavlja ustrezen prenos mo\u010di in vzdr\u017eljivost pri rokovanju s trdimi kamninami in tlemi.<\/td>\n<\/tr>\n<tr>\n<td>Obmo\u010dje razmerja hitrosti<\/td>\n<td>Ponuja razli\u010dne konfiguracije razmerja hitrosti, nastavljive od 5,3 do 200:1, za prilagoditev razli\u010dnim zahtevam drobljenja in nadzoru hitrosti vo\u017enje.<\/td>\n<\/tr>\n<tr>\n<td>Material<\/td>\n<td>Zobniki so izdelani iz visokokakovostnega legiranega jekla in so bili podvr\u017eeni postopkom kaljenja in toplotne obdelave, da se zagotovi visoka trdota, odpornost proti obrabi in udarcem; ohi\u0161je je ulito iz visoko trdne litine ali aluminijeve zlitine, z dobro strukturno trdnostjo in odpornostjo proti koroziji.<\/td>\n<\/tr>\n<tr>\n<td>Dimenzije<\/td>\n<td>Prilagodljivo<\/td>\n<\/tr>\n<tr>\n<td>Podpora<\/td>\n<td>Menjalnik ima vrtljive prirobnice ohi\u0161ja za prileganje kolesu<\/td>\n<\/tr>\n<tr>\n<td>Uporabni motorji<\/td>\n<td>aksialni batni hidravli\u010dni motorji, hidravli\u010dni orbitalni motorji ali drugi<\/td>\n<\/tr>\n<tr>\n<td>Mo\u017enosti hidravli\u010dnega motorja<\/td>\n<td>tla\u010dni varnostni ventil, nadcentri\u010dni ventil<\/td>\n<\/tr>\n<tr>\n<td>Le\u017eaj:<\/td>\n<td>robusten le\u017eajni sistem, ki absorbira sile, ki jih povzro\u010da zobni\u0161ki venec<\/td>\n<\/tr>\n<tr>\n<td>Zavora:<\/td>\n<td>hidravli\u010dno spro\u0161\u010dena parkirna zavora<\/td>\n<\/tr>\n<\/tbody>\n<\/table>\n<h2>Zdru\u017eljivost z drobilnikom kamna za \u010di\u0161\u010denje zemlji\u0161\u010d<\/h2>\n<p>Na\u0161i planetarni menjalniki s pogonom na kolesa so optimizirani za uporabo z vsemi glavnimi znamkami in modeli drobilnikov kamenja za \u010di\u0161\u010denje zemlji\u0161\u010d na trgu.<\/p>\n<p>V nadaljevanju so navedeni nekateri pogosti ali dobro znani proizvajalci drobilne opreme v industriji, ki so primerni za na\u0161e planetarne menjalnike s kolesnim pogonom:<\/p>\n<ul>\n<li>Komatsu \u2013 Proizvaja \u0161iroko paleto goseni\u010dnih in kolesnih bagrov ter priklju\u010dkov za kladiva, primernih za \u010di\u0161\u010denje zemlji\u0161\u010d.<\/li>\n<li>Caterpillar \u2013 Ponuja vrsto te\u017eke opreme, vklju\u010dno s kolesno in goseni\u010dno opremo, od katerih se nekatere lahko uporabljajo za \u010di\u0161\u010denje zemlji\u0161\u010d, \u010de so opremljene s specializiranimi kladivi.<\/li>\n<li>Bobcat \u2013 Proizvaja kompaktne nakladalnike in priklju\u010dke, od katerih se nekateri uporabljajo pri lahkem do srednje zahtevnem \u010di\u0161\u010denju zemlji\u0161\u010d in gramozni\u0161tvu.<\/li>\n<li>MB Crusher \u2013 Specializirano za proizvodnjo razli\u010dnih mobilnih drobilnikov in sit, ki jih je mogo\u010de namestiti na bagre, nakladalnike itd.<\/li>\n<li>John Deere \u2013 \u010ceprav je najbolj znan po kmetijski mehanizaciji, ponuja tudi te\u017eko opremo za zemeljska dela in gradbeni\u0161tvo, ki jo je mogo\u010de uporabiti s pravim lomilnim orodjem za \u010di\u0161\u010denje zemlji\u0161\u010d.<\/li>\n<\/ul>\n<p><span style=\"color: #ff0000;\"><em><strong>Opomba: Blagovne znamke, omenjene v \u010dlanku, so zgolj za na\u0161e udobje, da lahko stranke izberejo in zamenjajo dodatno opremo ustrezne blagovne znamke kmetijske mehanizacije, in ne prodajajo izdelkov te blagovne znamke.<\/strong><\/em><\/span><\/p>\n<h2>O FMP-ju<\/h2>\n<p>FMP je vodilni proizvajalec, specializiran za proizvodnjo \u0161iroke palete mehanskih in hidravli\u010dnih menjalnikov. Na\u0161a ponudba izdelkov vklju\u010duje planetarne menjalnike, pol\u017easte reduktorje, vrstne vija\u010dne reduktorje, vija\u010dne reduktorje z vzporednimi gredmi, vija\u010dne sto\u017e\u010daste reduktorje, vija\u010dne pol\u017easte reduktorje, kmetijske menjalnike, menjalnike za traktorje, avtomobilske menjalnike, izhodne gredi in specializirane reduktorje. Poleg tega ponujamo obse\u017een izbor dopolnilnih komponent, kot so zobniki, hidravli\u010dni sistemi, vakuumske \u010drpalke, hidravli\u010dne sklopke, zobate letve, verige, jermenice, menjalniki UDL, jermenice z klinastim jermenom, hidravli\u010dni cilindri, zobni\u0161ke \u010drpalke, vija\u010dni zra\u010dni kompresorji in pol\u017easti reduktorji z majhnim zra\u010dnim tokom.<\/p>\n<p><strong>Prilagojene re\u0161itve za vsako potrebo<\/strong><\/p>\n<p>Pri FMP razumemo, da je vsaka aplikacija edinstvena. Zato ponujamo popolnoma prilagodljive re\u0161itve, vklju\u010dno z menjalniki po meri, motorji z zobniki, hidravli\u010dnimi sistemi in motorji, zasnovanimi tako, da ustrezajo specifi\u010dnim zahtevam na\u0161ih strank. Na\u0161e prilagodljive proizvodne zmogljivosti nam omogo\u010dajo, da ustvarimo natan\u010dno zasnovane izdelke, prilagojene tako, da zagotavljajo maksimalno u\u010dinkovitost in optimalno delovanje za vsako aplikacijo.<\/p>\n<p><strong>Zavezanost kakovosti in inovacijam<\/strong><\/p>\n<p>Globoko smo zavezani k ohranjanju najvi\u0161jih standardov kakovosti in zanesljivosti pri vsakem izdelku, ki ga proizvajamo. Na\u0161a napredna oprema za testiranje in pregledovanje skupaj z visoko usposobljeno tehni\u010dno ekipo zagotavlja, da vsak izdelek izpolnjuje stroge industrijske standarde. Ne glede na to, ali ponujamo standardne re\u0161itve ali ustvarjamo izdelke po meri, je FMP predan zagotavljanju vrhunskih rezultatov, ki izjemno delujejo tudi v najzahtevnej\u0161ih okoljih.<\/p>\n<p>V zadnjih letih je FMP do\u017eivel hitro rast, ki jo spodbujajo na\u0161e bogate proizvodne izku\u0161nje, robustni sistemi upravljanja in mo\u010dno tehni\u010dno znanje. Na\u0161a filozofija \u00bbkakovosti za pre\u017eivetje in inovacij za razvoj\u00ab je temelj na\u0161ega uspeha, ki spodbuja nenehno izbolj\u0161evanje in rast.<\/p>\n<p><strong>Partnerstvo za uspeh<\/strong><\/p>\n<p>V podjetju FMP dajemo prednost sodelovanju in dolgoro\u010dnim partnerstvom z na\u0161imi strankami. Tesno sodelujemo z na\u0161imi strankami, da bi jim zagotovili inovativne in zanesljive re\u0161itve, ki presegajo pri\u010dakovanja. Na\u0161 cilj ni le zadovoljiti potrebe na\u0161ih strank, temve\u010d tudi vzpostaviti trajne odnose, ki temeljijo na zaupanju, kakovosti in skupnem uspehu.<\/p>\n<p>FMP, osredoto\u010den na natan\u010dno in\u017eenirstvo, zanesljivost in prilagojene storitve, je zaupanja vreden partner za vse va\u0161e potrebe po mehanskih in hidravli\u010dnih menjalnikih. Veselimo se sodelovanja z vami, da bi skupaj dosegli uspeh in odli\u010dnost.<\/p>\n<p><img loading=\"lazy\" decoding=\"async\" class=\"alignnone size-full wp-image-3678\" src=\"https:\/\/fmp-components.com\/wp-content\/uploads\/2025\/01\/worm-gearbox-factory1.webp\" alt=\"tovarna pol\u017eastih menjalnikov\" width=\"1024\" height=\"888\" title=\"\" srcset=\"https:\/\/fmp-components.com\/wp-content\/uploads\/2025\/01\/worm-gearbox-factory1.webp 1024w, https:\/\/fmp-components.com\/wp-content\/uploads\/2025\/01\/worm-gearbox-factory1-980x850.webp 980w, https:\/\/fmp-components.com\/wp-content\/uploads\/2025\/01\/worm-gearbox-factory1-480x416.webp 480w\" sizes=\"(min-width: 0px) and (max-width: 480px) 480px, (min-width: 481px) and (max-width: 980px) 980px, (min-width: 981px) 1024px, 100vw\" \/><\/p>\n<p>Avtor: CX<\/p>\n<\/div>\n<\/div>\n<\/div>\n<\/div>","protected":false},"excerpt":{"rendered":"<p>Location of the Gearbox in a Land Clearing Stone Crusher The gearbox in a land clearing stone crusher is typically located between the engine or motor and the crusher mechanism, usually mounted directly to the machine\u2019s main frame. It serves as a crucial component to transmit power from the engine to the crusher\u2019s rotor or [&hellip;]<\/p>","protected":false},"featured_media":3693,"comment_status":"open","ping_status":"closed","template":"","meta":{"_et_pb_use_builder":"","_et_pb_old_content":"","_et_gb_content_width":""},"product_brand":[],"product_cat":[90],"product_tag":[],"class_list":{"0":"post-3691","1":"product","2":"type-product","3":"status-publish","4":"has-post-thumbnail","6":"product_cat-planetary-gearbox","8":"first","9":"instock","10":"shipping-taxable","11":"product-type-simple"},"_links":{"self":[{"href":"https:\/\/fmp-components.com\/sl\/wp-json\/wp\/v2\/product\/3691","targetHints":{"allow":["GET"]}}],"collection":[{"href":"https:\/\/fmp-components.com\/sl\/wp-json\/wp\/v2\/product"}],"about":[{"href":"https:\/\/fmp-components.com\/sl\/wp-json\/wp\/v2\/types\/product"}],"replies":[{"embeddable":true,"href":"https:\/\/fmp-components.com\/sl\/wp-json\/wp\/v2\/comments?post=3691"}],"wp:featuredmedia":[{"embeddable":true,"href":"https:\/\/fmp-components.com\/sl\/wp-json\/wp\/v2\/media\/3693"}],"wp:attachment":[{"href":"https:\/\/fmp-components.com\/sl\/wp-json\/wp\/v2\/media?parent=3691"}],"wp:term":[{"taxonomy":"product_brand","embeddable":true,"href":"https:\/\/fmp-components.com\/sl\/wp-json\/wp\/v2\/product_brand?post=3691"},{"taxonomy":"product_cat","embeddable":true,"href":"https:\/\/fmp-components.com\/sl\/wp-json\/wp\/v2\/product_cat?post=3691"},{"taxonomy":"product_tag","embeddable":true,"href":"https:\/\/fmp-components.com\/sl\/wp-json\/wp\/v2\/product_tag?post=3691"}],"curies":[{"name":"delovni list","href":"https:\/\/api.w.org\/{rel}","templated":true}]}}