{"id":3674,"date":"2025-01-09T05:49:40","date_gmt":"2025-01-09T05:49:40","guid":{"rendered":"https:\/\/fmp-components.com\/?page_id=8"},"modified":"2025-01-09T06:11:10","modified_gmt":"2025-01-09T06:11:10","slug":"wheel-drive-planetary-gearbox-reducer-for-access-plateform","status":"publish","type":"product","link":"https:\/\/fmp-components.com\/sl\/product\/wheel-drive-planetary-gearbox-reducer-for-access-plateform\/","title":{"rendered":"Planetni menjalnik s pogonom na kolesa za dostopno plo\u0161\u010dad"},"content":{"rendered":"<p style=\"text-align: center;\"><span style=\"font-size: 18pt;\">Planetni menjalnik s pogonom na kolesa za dostopno platformo<\/span><\/p>\n<p>Planetni reduktor s kolesnim pogonom za dostopne plo\u0161\u010dadi je visokozmogljiv sistem reduktorjev, posebej zasnovan za uporabo v dvi\u017enih delovnih plo\u0161\u010dadih (AWP), \u0161karjastih dvi\u017enih plo\u0161\u010dadih, dvi\u017enih plo\u0161\u010dadih z roko in drugih dostopnih plo\u0161\u010dadih. Ta menjalnik, zasnovan za zanesljivost, u\u010dinkovitost in vzdr\u017eljivost, je bistvena komponenta za zagotavljanje gladkega in nadzorovanega gibanja plo\u0161\u010dadi.<\/p>\n<p><strong>Klju\u010dne lastnosti:<\/strong><\/p>\n<ol>\n<li><strong>Visok navor<\/strong><br \/>\nPlanetni menjalnik, zasnovan za zagotavljanje visokega navora, zagotavlja u\u010dinkovit prenos mo\u010di na kolesa dostopne plo\u0161\u010dadi, kar omogo\u010da gladko in zanesljivo gibanje tudi pri velikih obremenitvah.<\/li>\n<li><strong>Kompaktna in robustna zasnova<\/strong><br \/>\nS kompaktno in prostorsko var\u010dno zasnovo je menjalnik izdelan tako, da se prilega omejenemu prostoru dostopnih plo\u0161\u010dadi, hkrati pa ohranja trdnost in vzdr\u017eljivost. Njegova robustna konstrukcija zagotavlja dolgotrajno delovanje v zahtevnih okoljih.<\/li>\n<li><strong>Planetni zobni\u0161ki mehanizem<\/strong><br \/>\nUporaba planetarnega zobni\u0161kega sistema zagotavlja odli\u010dno porazdelitev obremenitve, manj\u0161o obrabo in ve\u010djo u\u010dinkovitost. Ta zasnova izbolj\u0161a tudi razmerje med navorom in te\u017eo, kar prispeva k splo\u0161ni u\u010dinkovitosti platforme.<\/li>\n<li><strong>Izbolj\u0161ana vzdr\u017eljivost<\/strong><br \/>\nMenjalnik je izdelan iz visokokakovostnih materialov in je zasnovan tako, da prenese te\u017eke pogoje, vklju\u010dno s pogostim delovanjem, visokimi delovnimi cikli in zahtevnimi okoljskimi dejavniki. Zagotavlja dolgotrajno vzdr\u017eljivost in manj\u0161e potrebe po vzdr\u017eevanju.<\/li>\n<li><strong>Gladko in tiho delovanje<\/strong><br \/>\nNatan\u010dna in\u017eeniring planetarnih zobnikov zagotavlja gladko in tiho delovanje, zmanj\u0161uje raven hrupa med delovanjem in zagotavlja udobnej\u0161o izku\u0161njo za uporabnike.<\/li>\n<\/ol>\n<p><img loading=\"lazy\" decoding=\"async\" class=\"alignnone size-full wp-image-3676\" src=\"https:\/\/fmp-components.com\/wp-content\/uploads\/2025\/01\/0_wheel-drive-for-Access-Plateform-21.webp\" alt=\"0_kolesni-pogon-za-dostopno-plo\u0161\u010do-2(1)\" width=\"980\" height=\"354\" title=\"\" srcset=\"https:\/\/fmp-components.com\/wp-content\/uploads\/2025\/01\/0_wheel-drive-for-Access-Plateform-21.webp 980w, https:\/\/fmp-components.com\/wp-content\/uploads\/2025\/01\/0_wheel-drive-for-Access-Plateform-21-480x173.webp 480w\" sizes=\"(min-width: 0px) and (max-width: 480px) 480px, (min-width: 481px) 980px, 100vw\" \/><\/p>\n<p>Planetni menjalnik s pogonom na kolesa za dostopne plo\u0161\u010dadi je bistvena, visokozmogljiva komponenta, ki zagotavlja vrhunsko u\u010dinkovitost, vzdr\u017eljivost in nemoteno delovanje za razli\u010dne aplikacije dostopnih plo\u0161\u010dadi. S svojo robustno zasnovo, mo\u017enostmi prilagajanja in dolgo \u017eivljenjsko dobo ta menjalnik zagotavlja, da va\u0161a dostopna plo\u0161\u010dad deluje zanesljivo in u\u010dinkovito v zahtevnih okoljih.<\/p>\n<div class=\"group\/conversation-turn relative flex w-full min-w-0 flex-col agent-turn\">\n<div class=\"flex-col gap-1 md:gap-3\">\n<div class=\"flex max-w-full flex-col flex-grow\">\n<div class=\"min-h-8 text-message flex w-full flex-col items-end gap-2 whitespace-normal break-words text-start [.text-message+&amp;]:mt-5\" dir=\"auto\" data-message-author-role=\"assistant\" data-message-id=\"2334fcc5-ad49-42a5-89f5-7a90448f8b99\" data-message-model-slug=\"gpt-4o\">\n<div class=\"flex w-full flex-col gap-1 empty:hidden first:pt-[3px]\">\n<div class=\"markdown prose w-full break-words dark:prose-invert light\">\n<h2>Reduktor pogona koles za stroje s plo\u0161\u010dadjo za dostop<\/h2>\n<p>Reduktor pogona koles za stroje z dostopnimi plo\u0161\u010dadmi je natan\u010dno zasnovan sistem reduktorjev, zasnovan za optimizacijo delovanja dvi\u017enih delovnih plo\u0161\u010dadi, \u0161karjastih dvi\u017enih plo\u0161\u010dadi in drugih strojev z dostopnimi plo\u0161\u010dadmi. S poudarkom na u\u010dinkovitosti prenosa mo\u010di in vzdr\u017eljivosti ta reduktor zagotavlja gladko, zanesljivo in nadzorovano gibanje, tudi v zahtevnih industrijskih okoljih.<\/p>\n<p><strong>Klju\u010dne lastnosti:<\/strong> Reduktor uporablja robustno in kompaktno zasnovo z vgrajeno napredno tehnologijo zobnikov za zagotavljanje visokega navora ob hkratnem zmanj\u0161anju izgube energije. Njegov planetarni zobni\u0161ki mehanizem zagotavlja u\u010dinkovito porazdelitev obremenitve, zmanj\u0161uje obrabo in podalj\u0161uje \u017eivljenjsko dobo sistema. Reduktor je zasnovan za enostavno integracijo in je zdru\u017eljiv z razli\u010dnimi modeli dostopnih plo\u0161\u010dadi, kar ponuja prilagodljivost in brezhibno namestitev.<\/p>\n<p><strong>Vzdr\u017eljivost in zmogljivost:<\/strong> Reduktor pogona kolesa, izdelan iz visokokakovostnih materialov, je zasnovan tako, da prenese obremenitve te\u017eke uporabe. Pri stalni uporabi deluje gladko in u\u010dinkovito, kar zagotavlja vrhunsko vzdr\u017eljivost in zmanj\u0161uje potrebo po pogostem vzdr\u017eevanju. Zasnova menjalnika zagotavlja tudi tiho delovanje, zaradi \u010desar je idealen za okolja, ob\u010dutljiva na hrup.<\/p>\n<p><strong>Vsestranske uporabe:<\/strong> Ta reduktor je idealen za \u0161iroko paleto strojev z dostopnimi plo\u0161\u010dadmi, vklju\u010dno s \u0161karjastimi dvi\u017enimi plo\u0161\u010dadmi, dvi\u017enimi plo\u0161\u010dadmi z roko in drugimi mobilnimi dvi\u017enimi plo\u0161\u010dadmi. Zaradi visokega navora in u\u010dinkovitosti je primeren za uporabo v industriji, gradbeni\u0161tvu in vzdr\u017eevalnih aplikacijah, kjer so natan\u010dnost, varnost in zmogljivost najpomembnej\u0161i.<\/p>\n<p>Reduktor pogona koles za stroje z dostopnimi plo\u0161\u010dadmi je zanesljiva in visokozmogljiva re\u0161itev, ki izbolj\u0161uje funkcionalnost dostopnih plo\u0161\u010dadi. Z odli\u010dno u\u010dinkovitostjo, vzdr\u017eljivostjo in enostavno integracijo zagotavlja, da va\u0161i stroji delujejo na optimalni ravni zmogljivosti, kar pomaga izbolj\u0161ati operativno u\u010dinkovitost in zmanj\u0161ati stro\u0161ke vzdr\u017eevanja.<\/p>\n<p><img loading=\"lazy\" decoding=\"async\" class=\"wp-image-3677 alignnone\" src=\"https:\/\/fmp-components.com\/wp-content\/uploads\/2025\/01\/0_wheel-drive-for-Access-Plateform-4.webp\" alt=\"0_kolesni-pogon-za-dostopno-plo\u0161\u010do-4\" width=\"897\" height=\"601\" title=\"\" srcset=\"https:\/\/fmp-components.com\/wp-content\/uploads\/2025\/01\/0_wheel-drive-for-Access-Plateform-4.webp 897w, https:\/\/fmp-components.com\/wp-content\/uploads\/2025\/01\/0_wheel-drive-for-Access-Plateform-4-480x321.webp 480w\" sizes=\"(min-width: 0px) and (max-width: 480px) 480px, (min-width: 481px) 897px, 100vw\" \/><\/p>\n<h2>Zdru\u017eljivost s priljubljenimi modeli platform za dostop<\/h2>\n<p>V prakti\u010dni uporabi je na\u0161 planetarni menjalnik s pogonom na kolesa lahko \u0161iroko zdru\u017eljiv z ve\u010d znanimi blagovnimi znamkami in modeli dostopnih platform. Sledi nekaj pogostih primerov:<\/p>\n<ul>\n<li>JLG Industries: Na primer, delovne plo\u0161\u010dadi za visoke vi\u0161ine JLG serije 600S in serije 800AJ.<\/li>\n<li>Genie: kot so Genie S-65, SX-180 in druge serije \u0161karjastih dvigal in visokogorskih delovnih vozil z ravnim krakom.<\/li>\n<li>Haulotte: vklju\u010dno s serijo HAULOTTE Star, samohodnimi ravnimi dvigali HA15IP ali HA20PX.<\/li>\n<li>Skyjack: kot na primer Skyjack SJIII 3219, elektri\u010dno \u0161karjasto dvigalo SJII 4632 itd.<\/li>\n<li>Terexove delovne plo\u0161\u010dadi za dvigovanje (AWP): vklju\u010dujejo terenske teleskopske delovne plo\u0161\u010dadi za delo na velikih vi\u0161inah, kot sta Genie TZ-50 ali novi model SX-135XC Pro.<\/li>\n<\/ul>\n<p><span style=\"color: #ff0000;\"><em><strong>Opomba: Blagovne znamke, omenjene v \u010dlanku, so zgolj za na\u0161e udobje, da lahko stranke izberejo in zamenjajo dodatno opremo ustrezne blagovne znamke kmetijske mehanizacije, in ne prodajajo izdelkov te blagovne znamke.<\/strong><\/em><\/span><\/p>\n<h2>O FMP-ju<\/h2>\n<p>FMP je vodilni proizvajalec, specializiran za proizvodnjo \u0161iroke palete mehanskih in hidravli\u010dnih menjalnikov. Na\u0161e strokovno znanje zajema razli\u010dne kategorije izdelkov, vklju\u010dno s planetarnimi menjalniki, pol\u017eastimi reduktorji, vrstnimi vija\u010dnimi reduktorji, vija\u010dnimi reduktorji z vzporednimi gredmi, vija\u010dnimi sto\u017e\u010dastimi reduktorji, vija\u010dnimi pol\u017eastimi reduktorji, kmetijskimi menjalniki, menjalniki traktorjev, avtomobilskimi menjalniki, izhodnimi gredmi in specializiranimi reduktorji. Poleg tega ponujamo celovit izbor sorodnih delov zobnikov, zobnikov, hidravli\u010dnih sistemov, vakuumskih \u010drpalk, hidravli\u010dnih sklopk, zobatih letev, verig, jermenic, menjalnikov UDL, jermenic z klinastim jermenom, hidravli\u010dnih valjev, zobni\u0161kih \u010drpalk, vija\u010dnih zra\u010dnih kompresorjev in pol\u017eastih reduktorjev z majhnim zra\u010dnim tokom.<\/p>\n<p>V podjetju FMP razumemo pomen prilagajanja pri izpolnjevanju edinstvenih potreb na\u0161ih strank. Ponujamo re\u0161itve po meri, vklju\u010dno s prilagojenimi menjalniki, motorji z zobniki, hidravli\u010dnimi izdelki in motorji, ki temeljijo na specifi\u010dnih risbah in zahtevah strank. Na\u0161e prilagodljive proizvodne zmogljivosti nam omogo\u010dajo, da dobavljamo izdelke, ki so natan\u010dno prilagojeni vsaki aplikaciji, kar zagotavlja optimalno delovanje in u\u010dinkovitost.<\/p>\n<p><strong>Zavezanost kakovosti in inovacijam<\/strong><\/p>\n<p>Dajemo prednost kakovosti in zanesljivosti na\u0161ih izdelkov, kar podpiramo z napredno opremo za pregledovanje in testiranje. Na\u0161a strokovna tehni\u010dna ekipa v kombinaciji z najsodobnej\u0161o tehnologijo obdelave in strogim sistemom nadzora zagotavlja, da vsak izdelek izpolnjuje najvi\u0161je industrijske standarde. Ne glede na to, ali gre za standardno opremo ali re\u0161itve po meri, je FMP predan zagotavljanju izjemnih izdelkov, ki zagotavljajo izjemno zmogljivost v zahtevnih aplikacijah.<\/p>\n<p>V zadnjih letih je FMP do\u017eivel hitro rast, ki jo poganjajo bogate proizvodne izku\u0161nje, napreden sistem upravljanja in mo\u010dne tehni\u010dne zmogljivosti. Dr\u017eimo se filozofije \u00bbpre\u017eivetje s kakovostjo in razvojem z znanstvenimi in tehnolo\u0161kimi inovacijami\u00ab, ki je temelj na\u0161ega uspeha.<\/p>\n<p><strong>Sodelovalni pristop<\/strong><\/p>\n<p>FMP je zavezan tesnemu sodelovanju z na\u0161imi strankami pri razvoju inovativnih re\u0161itev in ustvarjanju trajnih partnerstev. Na\u0161 cilj je zagotavljati vrhunske izdelke in storitve, ki ne le izpolnjujejo, ampak jih tudi presegajo pri\u010dakovanja strank. Veselimo se sodelovanja z vami, da bi skupaj dosegli uspeh in ustvarili briljantnost.<\/p>\n<p>S poudarkom na natan\u010dnosti, zanesljivosti in prilagojenih storitvah je FMP zaupanja vreden partner, na katerega se lahko zanesete pri svojih potrebah po mehanskih in hidravli\u010dnih menjalnikih.<\/p>\n<p><img loading=\"lazy\" decoding=\"async\" class=\"alignnone size-full wp-image-3678\" src=\"https:\/\/fmp-components.com\/wp-content\/uploads\/2025\/01\/worm-gearbox-factory1.webp\" alt=\"tovarna pol\u017eastih menjalnikov\" width=\"1024\" height=\"888\" title=\"\" srcset=\"https:\/\/fmp-components.com\/wp-content\/uploads\/2025\/01\/worm-gearbox-factory1.webp 1024w, https:\/\/fmp-components.com\/wp-content\/uploads\/2025\/01\/worm-gearbox-factory1-980x850.webp 980w, https:\/\/fmp-components.com\/wp-content\/uploads\/2025\/01\/worm-gearbox-factory1-480x416.webp 480w\" sizes=\"(min-width: 0px) and (max-width: 480px) 480px, (min-width: 481px) and (max-width: 980px) 980px, (min-width: 981px) 1024px, 100vw\" \/><\/p>\n<p>Avtor: CX<\/p>\n<\/div>\n<\/div>\n<\/div>\n<\/div>\n<\/div>\n<\/div>","protected":false},"excerpt":{"rendered":"<p>Wheel Drive Planetary Gearbox Reducer for Access Platform The Wheel Drive Planetary Gearbox Reducer for Access Platforms is a high-performance gear reduction system specifically designed for use in aerial work platforms (AWP), scissor lifts, boom lifts, and other access platforms. Engineered for reliability, efficiency, and durability, this gearbox is an essential component for ensuring smooth [&hellip;]<\/p>","protected":false},"featured_media":3680,"comment_status":"open","ping_status":"closed","template":"","meta":{"_et_pb_use_builder":"","_et_pb_old_content":"","_et_gb_content_width":""},"product_brand":[],"product_cat":[90],"product_tag":[],"class_list":{"0":"post-3674","1":"product","2":"type-product","3":"status-publish","4":"has-post-thumbnail","6":"product_cat-planetary-gearbox","8":"first","9":"instock","10":"shipping-taxable","11":"product-type-simple"},"_links":{"self":[{"href":"https:\/\/fmp-components.com\/sl\/wp-json\/wp\/v2\/product\/3674","targetHints":{"allow":["GET"]}}],"collection":[{"href":"https:\/\/fmp-components.com\/sl\/wp-json\/wp\/v2\/product"}],"about":[{"href":"https:\/\/fmp-components.com\/sl\/wp-json\/wp\/v2\/types\/product"}],"replies":[{"embeddable":true,"href":"https:\/\/fmp-components.com\/sl\/wp-json\/wp\/v2\/comments?post=3674"}],"wp:featuredmedia":[{"embeddable":true,"href":"https:\/\/fmp-components.com\/sl\/wp-json\/wp\/v2\/media\/3680"}],"wp:attachment":[{"href":"https:\/\/fmp-components.com\/sl\/wp-json\/wp\/v2\/media?parent=3674"}],"wp:term":[{"taxonomy":"product_brand","embeddable":true,"href":"https:\/\/fmp-components.com\/sl\/wp-json\/wp\/v2\/product_brand?post=3674"},{"taxonomy":"product_cat","embeddable":true,"href":"https:\/\/fmp-components.com\/sl\/wp-json\/wp\/v2\/product_cat?post=3674"},{"taxonomy":"product_tag","embeddable":true,"href":"https:\/\/fmp-components.com\/sl\/wp-json\/wp\/v2\/product_tag?post=3674"}],"curies":[{"name":"delovni list","href":"https:\/\/api.w.org\/{rel}","templated":true}]}}