{"id":3617,"date":"2025-01-09T01:50:47","date_gmt":"2025-01-09T01:50:47","guid":{"rendered":"https:\/\/fmp-components.com\/?page_id=8"},"modified":"2025-01-09T01:50:47","modified_gmt":"2025-01-09T01:50:47","slug":"spindle-motor-used-for-cnc-spindle-jszd202","status":"publish","type":"product","link":"https:\/\/fmp-components.com\/sl\/product\/spindle-motor-used-for-cnc-spindle-jszd202\/","title":{"rendered":"Vretenski motor, ki se uporablja za CNC vreteno JSZD202"},"content":{"rendered":"<p><img loading=\"lazy\" decoding=\"async\" class=\"alignnone size-full wp-image-3616\" src=\"https:\/\/fmp-components.com\/wp-content\/uploads\/2025\/01\/spindle-motor-for-cnc-spindle-jszd202-2.webp\" alt=\"vreteno-motor-za-cnc-vreteno-jszd202-2\" width=\"1104\" height=\"642\" title=\"\" srcset=\"https:\/\/fmp-components.com\/wp-content\/uploads\/2025\/01\/spindle-motor-for-cnc-spindle-jszd202-2.webp 1104w, https:\/\/fmp-components.com\/wp-content\/uploads\/2025\/01\/spindle-motor-for-cnc-spindle-jszd202-2-980x570.webp 980w, https:\/\/fmp-components.com\/wp-content\/uploads\/2025\/01\/spindle-motor-for-cnc-spindle-jszd202-2-480x279.webp 480w\" sizes=\"(min-width: 0px) and (max-width: 480px) 480px, (min-width: 481px) and (max-width: 980px) 980px, (min-width: 981px) 1104px, 100vw\" \/><img loading=\"lazy\" decoding=\"async\" class=\"alignnone size-full wp-image-3614\" src=\"https:\/\/fmp-components.com\/wp-content\/uploads\/2025\/01\/spindle-motor-for-cnc-spindle-jszd202-3.webp\" alt=\"vreteno-motor-za-cnc-vreteno-jszd202-3\" width=\"1115\" height=\"450\" title=\"\" srcset=\"https:\/\/fmp-components.com\/wp-content\/uploads\/2025\/01\/spindle-motor-for-cnc-spindle-jszd202-3.webp 1115w, https:\/\/fmp-components.com\/wp-content\/uploads\/2025\/01\/spindle-motor-for-cnc-spindle-jszd202-3-980x396.webp 980w, https:\/\/fmp-components.com\/wp-content\/uploads\/2025\/01\/spindle-motor-for-cnc-spindle-jszd202-3-480x194.webp 480w\" sizes=\"(min-width: 0px) and (max-width: 480px) 480px, (min-width: 481px) and (max-width: 980px) 980px, (min-width: 981px) 1115px, 100vw\" \/><\/p>\n<h2>Izhod ima dva na\u010dina: eden je konstanten navor, drugi pa konstantna mo\u010d, kot je prikazano spodaj:<\/h2>\n<p><img loading=\"lazy\" decoding=\"async\" class=\"alignnone size-full wp-image-3573\" src=\"https:\/\/fmp-components.com\/wp-content\/uploads\/2025\/01\/spindle-motor-1.webp\" alt=\"vreteno-motor-1\" width=\"973\" height=\"551\" title=\"\" srcset=\"https:\/\/fmp-components.com\/wp-content\/uploads\/2025\/01\/spindle-motor-1.webp 973w, https:\/\/fmp-components.com\/wp-content\/uploads\/2025\/01\/spindle-motor-1-480x272.webp 480w\" sizes=\"(min-width: 0px) and (max-width: 480px) 480px, (min-width: 481px) 973px, 100vw\" \/><\/p>\n<h2>Nomenklatura Razlaga motornega vretena<\/h2>\n<p><img loading=\"lazy\" decoding=\"async\" class=\"alignnone size-full wp-image-3574\" src=\"https:\/\/fmp-components.com\/wp-content\/uploads\/2025\/01\/spindle-motor-2.webp\" alt=\"vreteno-motor-2\" width=\"666\" height=\"351\" title=\"\" srcset=\"https:\/\/fmp-components.com\/wp-content\/uploads\/2025\/01\/spindle-motor-2.webp 666w, https:\/\/fmp-components.com\/wp-content\/uploads\/2025\/01\/spindle-motor-2-480x253.webp 480w\" sizes=\"(min-width: 0px) and (max-width: 480px) 480px, (min-width: 481px) 666px, 100vw\" \/><\/p>\n<h2>Konec povezave vretena<\/h2>\n<p>Ima veliko razli\u010dnih vrst priklju\u010dkov, odvisno od modela vretena, glejte spodnjo tabelo.<\/p>\n<p><img loading=\"lazy\" decoding=\"async\" class=\"alignnone wp-image-3575\" src=\"https:\/\/fmp-components.com\/wp-content\/uploads\/2025\/01\/spindle-motor-3.webp\" alt=\"vreteno-motor-\" width=\"885\" height=\"231\" title=\"\" srcset=\"https:\/\/fmp-components.com\/wp-content\/uploads\/2025\/01\/spindle-motor-3.webp 885w, https:\/\/fmp-components.com\/wp-content\/uploads\/2025\/01\/spindle-motor-3-480x125.webp 480w\" sizes=\"(min-width: 0px) and (max-width: 480px) 480px, (min-width: 481px) 885px, 100vw\" \/><\/p>\n<h2>Navodila za vreteno<\/h2>\n<div><span id=\"spin1\">1<\/span>Frekven\u010dni pretvornik\u00a0<span id=\"spin2\">mora<\/span>\u00a0ujemanje\u00a0<span id=\"spin3\">elektri\u010dni<\/span>\u00a0Vretenasta enota.\u00a0<span id=\"spin4\">osnovno<\/span>\u00a0pogostost\u00a0<span id=\"spin5\">ali celo<\/span>\u00a0nazivna frekvenca\u00a0<span id=\"spin6\">kot tudi<\/span>\u00a0napetost\u00a0<span id=\"spin7\">bo moral<\/span>\u00a0izpolnjujejo tehni\u010dne parametre\u00a0<span id=\"spin8\">od<\/span>\u00a0<span id=\"spin9\">elektri\u010dni<\/span>\u00a0vreteno.<br \/>\n<span id=\"spin10\">2<\/span>.\u00a0<span id=\"spin11\">Elektri\u010dni<\/span>\u00a0vreteno\u00a0<span id=\"spin12\">je na splo\u0161no<\/span>\u00a0hlajeno s kro\u017ee\u010do vodo. Hladilna voda\u00a0<span id=\"spin13\">mora biti<\/span>\u00a0odporen proti rji in \u010dist s filtriranim filtrom. Ko\u00a0<span id=\"spin14\">pridobivanje<\/span>\u00a0voda, dovod\u00a0<span id=\"spin15\">mora biti<\/span>\u00a0<span id=\"spin16\">pod<\/span>\u00a0ta\u00a0<span id=\"spin17\">elektri\u010dni<\/span>\u00a0vreteno.<br \/>\n<span id=\"spin18\">tri<\/span>Kdaj\u00a0<span id=\"spin19\">delo z<\/span>\u00a0vreteno, mazano z oljno meglico,\u00a0<span id=\"spin20\">stres<\/span>\u00a0regulacijski ventil\u00a0<span id=\"spin21\">na<\/span>\u00a0oljna meglica\u00a0<span id=\"spin22\">pripomo\u010dek<\/span>\u00a0<span id=\"spin23\">bi moralo biti<\/span>\u00a0nastavljeno na 0,25~0,3 MPA megla\u00a0<span id=\"spin25\">tlak<\/span>\u00a0<span id=\"spin26\">bi moralo biti<\/span>\u00a00,1~0,2 MPa\u00a0<span id=\"spin28\">in<\/span>\u00a0<span id=\"spin29\">raznolikost<\/span>\u00a0kapljice olja\u00a0<span id=\"spin30\">mora biti<\/span>\u00a060\u201370 kapljic\/min.\u00a0<span id=\"spin31\">in tudi<\/span>\u00a0mazalno olje\u00a0<span id=\"spin32\">bi moralo biti<\/span>\u00a0olje za zvon ali turbinsko olje \u0161t.\u00a0<span id=\"spin33\">20<\/span>.<br \/>\n<span id=\"spin34\">\u0161tiri<\/span>. The\u00a0<span id=\"spin35\">hitrost<\/span>\u00a0<span id=\"spin36\">okoli<\/span>\u00a0motorizirano vreteno\u00a0<span id=\"spin37\">vodnik<\/span>\u00a0<span id=\"spin38\">je vsekakor<\/span>\u00a0najvi\u0161ji\u00a0<span id=\"spin39\">hitrost<\/span>in\u00a0<span id=\"spin40\">lahko<\/span>\u00a0ne biti\u00a0<span id=\"spin41\">povi\u0161an<\/span>,\u00a0<span id=\"spin42\">kljub temu,<\/span>\u00a0<span id=\"spin43\">morda<\/span>\u00a0<span id=\"spin44\">zaposlen<\/span>\u00a0<span id=\"spin45\">zmanj\u0161ati<\/span><br \/>\nta\u00a0<span id=\"spin46\">tempo,<\/span>\u00a0napetost in frekvenca sta\u00a0<span id=\"spin47\">zmanj\u0161ano<\/span>\u00a0<span id=\"spin48\">ko<\/span>\u00a0<span id=\"spin49\">hitrost<\/span>\u00a0je zni\u017eana.<br \/>\n<span id=\"spin50\">5<\/span>Vrtenje\u00a0<span id=\"spin51\">seveda<\/span>\u00a0<span id=\"spin52\">z<\/span>\u00a0motorizirano vreteno\u00a0<span id=\"spin53\">je obi\u010dajno<\/span>\u00a0v nasprotni smeri urinega kazalca (gledano\u00a0<span id=\"spin54\">v<\/span>\u00a0gredi). razen za\u00a0<span id=\"spin55\">ekskluzivno<\/span><br \/>\n<span id=\"spin56\">zahteve<\/span>.<br \/>\n<span id=\"spin57\">6<\/span>Motorizirano vreteno, mazano z oljno meglico\u00a0<span id=\"spin58\">mora biti<\/span>\u00a0<span id=\"spin59\">povezano<\/span>\u00a0z vodo in\u00a0<span id=\"spin60\">bencin<\/span>\u00a0<span id=\"spin61\">pred<\/span>\u00a0<span id=\"spin62\">bi lahko<\/span>\u00a0<span id=\"spin63\">za\u010deti<\/span>\u00a0in\u00a0<span id=\"spin64\">prenehati<\/span>\u00a0voda in\u00a0<span id=\"spin65\">gorivo\u00a0<\/span><span id=\"spin66\">oskrba<\/span>\u00a0<span id=\"spin67\">po<\/span>\u00a0izklop.<br \/>\nPojasnilo:\u00a0<span id=\"spin68\">edinstven<\/span>\u00a0operacija\u00a0<span id=\"spin69\">je potrebno<\/span>\u00a0<span id=\"spin70\">glede na<\/span>\u00a0<span id=\"spin71\">do<\/span>\u00a0<span id=\"spin72\">elektri\u010dni<\/span>\u00a0vreteno\u00a0<span id=\"spin73\">smernice<\/span>.<\/div>\n<div>\n<div class=\"flex max-w-full flex-col flex-grow\">\n<div class=\"min-h-8 text-message flex w-full flex-col items-end gap-2 whitespace-normal break-words text-start [.text-message+&amp;]:mt-5\" dir=\"auto\" data-message-author-role=\"assistant\" data-message-id=\"fbdee532-4424-41b2-a093-d85f55f880e4\" data-message-model-slug=\"gpt-4o-mini\">\n<div class=\"flex w-full flex-col gap-1 empty:hidden first:pt-[3px]\">\n<div class=\"markdown prose w-full break-words dark:prose-invert light\">\n<h2>O FMP-ju<\/h2>\n<p>FMP je priznan proizvajalec, specializiran za visokokakovostne mehanske komponente, vklju\u010dno s spiralnimi sto\u017e\u010dastimi pol\u017eastimi reduktorji, zobniki, sto\u017e\u010dastimi pu\u0161ami, zobatimi letvami, sklopkami in drugimi deli za menjalnike. Z mo\u010dno izvozno usmerjenostjo dobavljamo ve\u010d kot 651 ton na\u0161ih izdelkov na evropske trge, vklju\u010dno z Nem\u010dijo, Zdru\u017eenim kraljestvom in Francijo, kar prispeva k letnemu obsegu izvoza v vi\u0161ini 15 ton 18 milijonov funtov. Na\u0161a skupna letna proizvodna vrednost presega 200 milijonov RMB.<\/p>\n<p>Na\u0161i izdelki so skrbno zasnovani in izdelani v skladu z mednarodnimi, evropskimi in ameri\u0161kimi industrijskimi standardi. Uporabljamo najsodobnej\u0161o precizno strojno opremo, upo\u0161tevamo optimizirane proizvodne procese in izvajamo prilagodljiv ter u\u010dinkovit sistem upravljanja. Na\u0161 celovit sistem vodenja kakovosti zagotavlja izjemno kakovost izdelkov ob hkratnem ohranjanju konkuren\u010dnih cen.<\/p>\n<p>V podjetju FMP nas vodijo temeljna na\u010dela \u00bbKakovost: temelj dolgoro\u010dnega poslovnega uspeha; Integriteta: gonilna sila rasti; Storitev: temelj razvoja; in Cenovna dostopnost: klju\u010d do trajnostnega uspeha\u00ab. Vabimo k sodelovanju tako doma\u010de kot mednarodne partnerje ter ostajamo predani spodbujanju skupne rasti in doseganju skupnega uspeha.<\/p>\n<\/div>\n<\/div>\n<\/div>\n<\/div>\n<p><img loading=\"lazy\" decoding=\"async\" class=\"alignnone wp-image-3563\" src=\"https:\/\/fmp-components.com\/wp-content\/uploads\/2025\/01\/company-2.webp\" alt=\"podjetje\" width=\"873\" height=\"790\" title=\"\" srcset=\"https:\/\/fmp-components.com\/wp-content\/uploads\/2025\/01\/company-2.webp 873w, https:\/\/fmp-components.com\/wp-content\/uploads\/2025\/01\/company-2-480x435.webp 480w\" sizes=\"(min-width: 0px) and (max-width: 480px) 480px, (min-width: 481px) 873px, 100vw\" \/> <img loading=\"lazy\" decoding=\"async\" class=\"alignnone wp-image-3564\" src=\"https:\/\/fmp-components.com\/wp-content\/uploads\/2025\/01\/company-3.webp\" alt=\"podjetje\" width=\"873\" height=\"776\" title=\"\" srcset=\"https:\/\/fmp-components.com\/wp-content\/uploads\/2025\/01\/company-3.webp 873w, https:\/\/fmp-components.com\/wp-content\/uploads\/2025\/01\/company-3-480x427.webp 480w\" sizes=\"(min-width: 0px) and (max-width: 480px) 480px, (min-width: 481px) 873px, 100vw\" \/> <img loading=\"lazy\" decoding=\"async\" class=\"alignnone wp-image-3565\" src=\"https:\/\/fmp-components.com\/wp-content\/uploads\/2025\/01\/company-1.webp\" alt=\"podjetje\" width=\"877\" height=\"225\" title=\"\" srcset=\"https:\/\/fmp-components.com\/wp-content\/uploads\/2025\/01\/company-1.webp 877w, https:\/\/fmp-components.com\/wp-content\/uploads\/2025\/01\/company-1-480x123.webp 480w\" sizes=\"(min-width: 0px) and (max-width: 480px) 480px, (min-width: 481px) 877px, 100vw\" \/><\/p>\n<p>Avtor: CX<\/p>\n<\/div>","protected":false},"excerpt":{"rendered":"<p>Izhod ima dva na\u010dina: eden je konstanten navor, drugi pa konstantna mo\u010d, kot je prikazano spodaj: Nomenklatura Razlaga vretena motorja Priklju\u010dek konca vretena Obstaja veliko razli\u010dnih vrst priklju\u010dkov, odvisno od modela vretena, glejte spodnjo tabelo. Navodila za vreteno 1. Frekven\u010dni pretvornik se mora ujemati [\u2026]<\/p>","protected":false},"featured_media":3618,"comment_status":"open","ping_status":"closed","template":"","meta":{"_et_pb_use_builder":"","_et_pb_old_content":"","_et_gb_content_width":""},"product_brand":[],"product_cat":[89],"product_tag":[],"class_list":{"0":"post-3617","1":"product","2":"type-product","3":"status-publish","4":"has-post-thumbnail","6":"product_cat-spindle-motor","8":"first","9":"instock","10":"shipping-taxable","11":"product-type-simple"},"_links":{"self":[{"href":"https:\/\/fmp-components.com\/sl\/wp-json\/wp\/v2\/product\/3617","targetHints":{"allow":["GET"]}}],"collection":[{"href":"https:\/\/fmp-components.com\/sl\/wp-json\/wp\/v2\/product"}],"about":[{"href":"https:\/\/fmp-components.com\/sl\/wp-json\/wp\/v2\/types\/product"}],"replies":[{"embeddable":true,"href":"https:\/\/fmp-components.com\/sl\/wp-json\/wp\/v2\/comments?post=3617"}],"wp:featuredmedia":[{"embeddable":true,"href":"https:\/\/fmp-components.com\/sl\/wp-json\/wp\/v2\/media\/3618"}],"wp:attachment":[{"href":"https:\/\/fmp-components.com\/sl\/wp-json\/wp\/v2\/media?parent=3617"}],"wp:term":[{"taxonomy":"product_brand","embeddable":true,"href":"https:\/\/fmp-components.com\/sl\/wp-json\/wp\/v2\/product_brand?post=3617"},{"taxonomy":"product_cat","embeddable":true,"href":"https:\/\/fmp-components.com\/sl\/wp-json\/wp\/v2\/product_cat?post=3617"},{"taxonomy":"product_tag","embeddable":true,"href":"https:\/\/fmp-components.com\/sl\/wp-json\/wp\/v2\/product_tag?post=3617"}],"curies":[{"name":"delovni list","href":"https:\/\/api.w.org\/{rel}","templated":true}]}}