{"id":360,"date":"2024-12-09T08:28:19","date_gmt":"2024-12-09T08:28:19","guid":{"rendered":"https:\/\/fmp-components.com\/?page_id=8"},"modified":"2024-12-10T03:04:10","modified_gmt":"2024-12-10T03:04:10","slug":"boom-aerial-work-vehicle-lower-arm-hydraulic-cylinder","status":"publish","type":"product","link":"https:\/\/fmp-components.com\/sl\/product\/boom-aerial-work-vehicle-lower-arm-hydraulic-cylinder\/","title":{"rendered":"Hidravli\u010dni cilinder spodnje roke delovnega vozila za dvigalo"},"content":{"rendered":"<p style=\"text-align: center;\"><span style=\"font-size: 18pt;\">Hidravli\u010dni cilinder spodnje roke delovnega vozila za dvigalo<\/span><\/p>\n<p>Hidravli\u010dni cilinder spodnje roke delovnih plo\u0161\u010dadi za dvigala je klju\u010dna komponenta, zasnovana za optimalno delovanje delovnih plo\u0161\u010dadi za dvigala. Ta hidravli\u010dni cilinder je odgovoren za zagotavljanje dvi\u017ene sile in stabilnosti, ki je potrebna za spodnjo roko roke, kar upravljavcem omogo\u010da natan\u010den in varen dostop do dvignjenih delovnih obmo\u010dij.<\/p>\n<h4>Klju\u010dne lastnosti:<\/h4>\n<ul>\n<li>Visoko trdna konstrukcija: Ta hidravli\u010dni cilinder je izdelan iz trpe\u017enih materialov in je zasnovan tako, da prenese velike obremenitve in te\u017eke delovne pogoje, kar zagotavlja dolgotrajno delovanje in zanesljivost.<\/li>\n<li>Gladko hidravli\u010dno delovanje: Napredni hidravli\u010dni sistem omogo\u010da nemoteno dvigovanje in spu\u0161\u010danje, kar omogo\u010da natan\u010den nadzor med delovanjem in zmanj\u0161uje tveganje nenadnih premikov.<\/li>\n<li>Izbolj\u0161ana stabilnost: Ta valj igra klju\u010dno vlogo pri ohranjanju stabilnosti roke in prispeva k varnej\u0161emu delovanju pri delu na vi\u0161ini.<\/li>\n<li>Vsestranska uporaba: Ta hidravli\u010dni cilinder je idealen za razli\u010dne panoge, vklju\u010dno z gradbeni\u0161tvom, vzdr\u017eevanjem, komunalnimi storitvami in zabavo, saj podpira naloge, kot so namestitev napeljav, popravila in pregledi.<\/li>\n<li>Enostavna integracija: Hidravli\u010dni cilinder spodnjega kraka je zasnovan za enostavno namestitev in ga je mogo\u010de brezhibno integrirati v obstoje\u010de sisteme dvi\u017ene roke, kar skraj\u0161a \u010das izpada in omogo\u010di hitro namestitev.<\/li>\n<\/ul>\n<h4>Prednosti:<\/h4>\n<ul>\n<li>Pove\u010dana produktivnost: Zanesljive dvi\u017ene zmogljivosti hidravli\u010dnega cilindra pove\u010dajo u\u010dinkovitost dvi\u017enih opravil, kar operaterjem omogo\u010da hitrej\u0161e in u\u010dinkovitej\u0161e opravljanje del.<\/li>\n<li>Zaupanje upravljavca: Z robustno zasnovo in gladkim delovanjem cilinder omogo\u010da upravljavcem delo z zaupanjem, kar zmanj\u0161uje utrujenost in pove\u010duje zadovoljstvo pri delu.<\/li>\n<li>Stro\u0161kovno u\u010dinkovita re\u0161itev: Vzdr\u017eljivost in u\u010dinkovitost hidravli\u010dnega cilindra vodita do ni\u017ejih stro\u0161kov vzdr\u017eevanja in kraj\u0161ega \u010dasa izpada, zaradi \u010desar je pametna nalo\u017eba za vsak vozni park vozil za delo v zraku.<\/li>\n<\/ul>\n<p>Skratka, hidravli\u010dni cilinder spodnje roke delovnih plo\u0161\u010dadi za dvigala je bistvena komponenta, ki izbolj\u0161uje funkcionalnost, varnost in u\u010dinkovitost delovnih plo\u0161\u010dadi za dvigala. Zaradi zanesljivega delovanja je nepogre\u0161ljiv za \u0161irok spekter uporabe, saj zagotavlja, da lahko upravljavci u\u010dinkovito in varno opravljajo svoja dela na vi\u0161ini.<\/p>\n<h2>Dimenzije hidravli\u010dnega cilindra spodnje roke delovnega vozila za dvigalo:<\/h2>\n<table>\n<tbody>\n<tr>\n<td><img loading=\"lazy\" decoding=\"async\" class=\"size-large wp-image-316554 aligncenter\" src=\"https:\/\/hzpt.com\/wp-content\/uploads\/2023\/08\/Boom-Aerial-Work-Vehicle-Lower-Arm-Hydraulic-Cylinder-Dimensions-1-1024x379.webp\" sizes=\"(min-width: 0px) and (max-width: 480px) 480px, (min-width: 481px) and (max-width: 980px) 980px, (min-width: 981px) 1024px, 100vw\" srcset=\"https:\/\/images.hzpt.com\/2023\/08\/FMNqWZJ8-Boom-Aerial-Work-Vehicle-Lower-Arm-Hydraulic-Cylinder-Dimensions-1-980x363.webp 980w, https:\/\/images.hzpt.com\/2023\/08\/FMNqWZJ8-Boom-Aerial-Work-Vehicle-Lower-Arm-Hydraulic-Cylinder-Dimensions-1-480x178.webp 480w\" alt=\"Dimenzije hidravli\u010dnega cilindra spodnje roke delovnega vozila za dvigalo\" width=\"1024\" height=\"379\" title=\"\"><\/td>\n<td><img loading=\"lazy\" decoding=\"async\" class=\"size-large wp-image-316555 aligncenter\" src=\"https:\/\/hzpt.com\/wp-content\/uploads\/2023\/08\/Boom-Aerial-Work-Vehicle-Lower-Arm-Hydraulic-Cylinder-Dimensions-2-1024x379.webp\" sizes=\"(min-width: 0px) and (max-width: 480px) 480px, (min-width: 481px) and (max-width: 980px) 980px, (min-width: 981px) 1024px, 100vw\" srcset=\"https:\/\/images.hzpt.com\/2023\/08\/Vym6PmKH-Boom-Aerial-Work-Vehicle-Lower-Arm-Hydraulic-Cylinder-Dimensions-2-980x363.webp 980w, https:\/\/images.hzpt.com\/2023\/08\/Vym6PmKH-Boom-Aerial-Work-Vehicle-Lower-Arm-Hydraulic-Cylinder-Dimensions-2-480x178.webp 480w\" alt=\"Dimenzije hidravli\u010dnega cilindra spodnje roke delovnega vozila za dvigalo\" width=\"1024\" height=\"379\" title=\"\"><\/td>\n<\/tr>\n<\/tbody>\n<\/table>\n<table border=\"1\" cellspacing=\"0\" cellpadding=\"0\">\n<tbody>\n<tr>\n<td width=\"246\">Ime cilindra<\/td>\n<td width=\"336\">\u0160tevilka risbe<\/td>\n<td width=\"126\">Premer izvrtine (D)<\/td>\n<td width=\"123\">Premer palice (d)<\/td>\n<td width=\"114\">Hod (S)<\/td>\n<td width=\"170\">Razdalja namestitve (L)<\/td>\n<td width=\"172\">Delovni tlak<\/td>\n<td width=\"366\">Dimenzije vmesnika (M)<\/td>\n<td width=\"96\">Te\u017ea<\/td>\n<\/tr>\n<tr>\n<td class=\"et3\" width=\"246\" height=\"190\">Spodnji cilinder roke<\/td>\n<td class=\"et4\" width=\"336\">GTHZ210C-620400-000<\/td>\n<td class=\"et4\" width=\"126\">\u03a6100<\/td>\n<td class=\"et4\" width=\"123\">\u03a680<\/td>\n<td class=\"et4\" width=\"114\">1458<\/td>\n<td class=\"et4\" width=\"170\">1899<\/td>\n<td class=\"et4\" width=\"172\">21 MPa<\/td>\n<td class=\"et4\" width=\"366\">2-\u03a69<\/td>\n<td class=\"et4\" width=\"96\">137 kg<\/td>\n<\/tr>\n<\/tbody>\n<\/table>\n<h2>Razpolo\u017eljive znamke in modeli hidravli\u010dnih cilindrov:<\/h2>\n<table border=\"1\" cellspacing=\"0\" cellpadding=\"0\">\n<tbody>\n<tr>\n<td><b data-spm-anchor-id=\"a2700.details.0.i43.45d84a73e99C9z\">KOMATSU (PC)<\/b><\/td>\n<td>PC30, PC40, PC50, PC56, PC60, PC78, PC100, PC110, PC120, PC130, PC160, PC200-3\/5\/6\/7\/8\/8MO, PC210, PC220-5\/6\/7\/8\/8MO, PC240, PC300\/350\/360-5\/6\/7\/8\/8MO, PC400\/450-5\/6\/7\/8\/8MO, PC800, PC850<\/td>\n<\/tr>\n<tr>\n<td><b>GOSENJAK (E)<\/b><\/td>\n<td>E301.5, E302, E305.5, E306, E307V1\/V2\/B\/C\/D\/E\/F, E308B\/C, E120B, E312V1\/V2\/B\/C\/D, E313D2, E312D2, E315D<br \/>\nE200B,E320V1\/V2\/A\/B\/C\/D,E324D,E325C\/D,E329D,E330\/336C\/D,E345C,E349D,E365C,E374,E390<\/td>\n<\/tr>\n<tr>\n<td><b>KOBELCO (SK)<\/b><\/td>\n<td>SK60-3\/5\/8, SK75-8\/SR, SK100, SK120-3\/5, SK135-8\/SR, SK140-8, SK200-3\/5\/6\/6E, SK210-3\/5\/6\/6E,<br \/>\nSK230\/250-6E,SK250-8,SK260-8,SK350-8\/S8,SK460\/480-8<\/td>\n<\/tr>\n<tr>\n<td><b>HYUNDAI (R)<\/b><\/td>\n<td>R55-5\/7, R60-5\/7, R80, R110, R130, R200-5, R210-5, R215-5\/7, R220-5\/7\/9, R225-5\/7\/9, R250, R260, R265, R290, R305, R445, R485, R505<\/td>\n<\/tr>\n<tr>\n<td><b data-spm-anchor-id=\"a2700.details.0.i53.45d84a73e99C9z\">HITACHI (npr. ZX)<\/b><\/td>\n<td>EX60, EX100-1\/2\/3, EX120-1\/3\/5\/6, EX200-1\/3\/5, EX230-5, EX300-1, EX400<br \/>\nZAX60,ZAX70,ZA120-6,ZAX200\/210-1\/3\/5\/5K,ZAX240,ZAX250,ZAX260,ZAX330-3\/5\/6,ZAX450\/470,ZAX650\/670,ZAX850\/870<\/td>\n<\/tr>\n<tr>\n<td>\n<div class=\"magic-32\"><b data-spm-anchor-id=\"a2700.details.0.i55.45d84a73e99C9z\">DOOSAN (DH\/DX)<\/b><\/div>\n<\/td>\n<td>\n<div class=\"magic-33\"><span class=\"magic-34\">DH55, DH60, DH80, DH150, DH215-5\/7, DH220-5, DH225-5\/7, DH258, DH300-5\/7, DH370, DH420, DH500<br \/>\nDX55, DX60, DX75, DX130, DX225-9, DX300, DX380, DX420, DX500<\/span><\/div>\n<\/td>\n<\/tr>\n<tr>\n<td>\n<div class=\"magic-32\"><b>VOLVO (ES)<\/b><\/div>\n<\/td>\n<td>\n<div class=\"magic-33\"><span class=\"magic-34\">EC55, EC60, EC75, EC80, EC140, EC210B\/D, EC220D, EC240, EC250, EC290, EC300, EC360, EC380, EC460, EC480, EC700, EC750, EC950<\/span><\/div>\n<\/td>\n<\/tr>\n<tr>\n<td>\n<div class=\"magic-32\"><b>KATO (HD)<\/b><\/div>\n<\/td>\n<td>\n<div class=\"magic-33\"><span class=\"magic-34\">HD307\/308, HD450, HD512, HD700-5\/7, HD820-1\/2\/3\/5\/R, HD1023-1\/3, HD1430-1\/3<\/span><\/div>\n<\/td>\n<\/tr>\n<tr>\n<td>\n<div class=\"magic-32\"><b>DRUGA ZNAMKA<\/b><\/div>\n<\/td>\n<td>\n<div class=\"magic-33\"><span class=\"magic-34\">XCMG,LIUGONG,KUBOTA,CASE,YANMAR,SUNWARD,ZOOMLION,LISHIDE,LIEHERR<\/span><\/div>\n<\/td>\n<\/tr>\n<\/tbody>\n<\/table>\n<h3>Prednosti hidravli\u010dnega cilindra spodnje roke delovnega vozila za dvigalo<\/h3>\n<p>Hidravli\u010dni cilinder spodnje roke delovnih plo\u0161\u010dadi za dvigala ponuja \u0161tevilne prednosti, ki izbolj\u0161ujejo zmogljivost in varnost delovnih plo\u0161\u010dadi za dvigala. Tukaj je nekaj klju\u010dnih prednosti:<\/p>\n<h4>1. Izbolj\u0161ana dvi\u017ena zmogljivost<\/h4>\n<p>Hidravli\u010dni cilinder zagotavlja znatno dvi\u017eno silo, ki omogo\u010da, da roko z lahkoto obvladuje te\u017eke tovore. Ta zmogljivost omogo\u010da upravljavcem, da u\u010dinkovito opravljajo \u0161ir\u0161i nabor nalog, od gradnje do vzdr\u017eevanja.<\/p>\n<h4>2. Natan\u010den nadzor<\/h4>\n<p>Z gladkim hidravli\u010dnim delovanjem cilinder omogo\u010da natan\u010den nadzor nad gibanjem roke. Upravljavci lahko enostavno prilagodijo vi\u0161ino in kot, kar zagotavlja natan\u010dno pozicioniranje za razli\u010dne aplikacije.<\/p>\n<h4>3. Izbolj\u0161ana stabilnost<\/h4>\n<p>Hidravli\u010dni cilinder spodnje roke prispeva k splo\u0161ni stabilnosti dvi\u017enega vozila. Z ohranjanjem ravnote\u017eja med dvigovanjem in spu\u0161\u010danjem pove\u010duje varnost tako za upravljavca kot za osebje v okolici.<\/p>\n<h4>4. Trpe\u017ena konstrukcija<\/h4>\n<p>Hidravli\u010dni cilinder je izdelan iz visoko trdnih materialov in je zasnovan tako, da prenese te\u017eke delovne pogoje in intenzivno uporabo. Ta vzdr\u017eljivost pomeni dalj\u0161o \u017eivljenjsko dobo in manj\u0161e potrebe po vzdr\u017eevanju.<\/p>\n<h4>5. Vsestranskost uporabe<\/h4>\n<p>Hidravli\u010dni cilinder je primeren za razli\u010dne panoge, vklju\u010dno z gradbeni\u0161tvom, komunalnimi storitvami, vzdr\u017eevanjem in organizacijami dogodkov. Zaradi svoje vsestranskosti je nepogre\u0161ljivo orodje za dostop do dvignjenih delovnih povr\u0161in v razli\u010dnih okoljih.<\/p>\n<h4>6. Hitra namestitev in integracija<\/h4>\n<p>Hidravli\u010dni cilinder spodnje roke je zasnovan za enostavno namestitev in ga je mogo\u010de brezhibno integrirati v obstoje\u010de dvi\u017ene delovne plo\u0161\u010dadi. Ta funkcija skraj\u0161a \u010das izpada in omogo\u010da hitro uporabo na terenu.<\/p>\n<h4>7. Stro\u0161kovna u\u010dinkovitost<\/h4>\n<p>U\u010dinkovitost in zanesljivost hidravli\u010dnega cilindra vodita do ni\u017ejih obratovalnih stro\u0161kov. Zmanj\u0161ano vzdr\u017eevanje in manj izpadov prispevata k splo\u0161nim prihrankom, zaradi \u010desar je to stro\u0161kovno u\u010dinkovita re\u0161itev za podjetja.<\/p>\n<h4>8. Varnostne funkcije<\/h4>\n<p>\u0160tevilni hidravli\u010dni cilindri vklju\u010dujejo varnostne mehanizme, kot je za\u0161\u010dita pred preobremenitvijo, ki prepre\u010dujejo nesre\u010de med delovanjem. Te funkcije pove\u010dujejo varnost vozil za zra\u010dna dela in zagotavljajo brezskrbnost za upravljavce.<\/p>\n<h4>9. Udobje upravljavca<\/h4>\n<p>Enostavnost upravljanja, ki jo zagotavlja hidravli\u010dni cilinder, zmanj\u0161uje fizi\u010dno obremenitev upravljavcev. To udobje omogo\u010da dalj\u0161e delovne ure brez utrujenosti in izbolj\u0161uje produktivnost na gradbi\u0161\u010du.<\/p>\n<p>Hidravli\u010dni cilinder spodnje roke dvi\u017enih delovnih plo\u0161\u010dadi je klju\u010dna komponenta, ki ne le izbolj\u0161a funkcionalnost dvi\u017enih delovnih plo\u0161\u010dadi, temve\u010d tudi izbolj\u0161a varnost in u\u010dinkovitost. Zaradi svojih prednosti je bistvena izbira za vsako organizacijo, ki se za svoje delovanje zana\u0161a na dvi\u017ena delovna vozila.<\/p>\n<table style=\"width: 99.9612%; height: 437px;\" width=\"290\">\n<tbody>\n<tr style=\"height: 437px;\">\n<td style=\"width: 51.7046%; height: 437px;\" width=\"226\">\n<h2><img loading=\"lazy\" decoding=\"async\" class=\"alignnone size-full wp-image-363\" src=\"https:\/\/fmp-components.com\/wp-content\/uploads\/2024\/12\/Boom-Aerial-Work-Vehicle-Lower-Arm-Hydraulic-Cylinder-Installation-2.webp\" alt=\"Roka-Aerial-Wehicle-Wheel-Spodnja-Ro\u010dica-Hidravli\u010dni-Cilinder\" width=\"1024\" height=\"849\" title=\"\" srcset=\"https:\/\/fmp-components.com\/wp-content\/uploads\/2024\/12\/Boom-Aerial-Work-Vehicle-Lower-Arm-Hydraulic-Cylinder-Installation-2.webp 1024w, https:\/\/fmp-components.com\/wp-content\/uploads\/2024\/12\/Boom-Aerial-Work-Vehicle-Lower-Arm-Hydraulic-Cylinder-Installation-2-980x813.webp 980w, https:\/\/fmp-components.com\/wp-content\/uploads\/2024\/12\/Boom-Aerial-Work-Vehicle-Lower-Arm-Hydraulic-Cylinder-Installation-2-480x398.webp 480w\" sizes=\"(min-width: 0px) and (max-width: 480px) 480px, (min-width: 481px) and (max-width: 980px) 980px, (min-width: 981px) 1024px, 100vw\" \/><\/h2>\n<\/td>\n<td style=\"width: 98.3102%; height: 437px;\" width=\"64\">\n<h2><img loading=\"lazy\" decoding=\"async\" class=\"alignnone size-full wp-image-362\" src=\"https:\/\/fmp-components.com\/wp-content\/uploads\/2024\/12\/Boom-Aerial-Work-Vehicle-Lower-Arm-Hydraulic-Cylinder-Installation-1.webp\" alt=\"Roka-Aerial-Wehicle-Wheel-Spodnja-Ro\u010dica-Hidravli\u010dni-Cilinder\" width=\"1024\" height=\"849\" title=\"\" srcset=\"https:\/\/fmp-components.com\/wp-content\/uploads\/2024\/12\/Boom-Aerial-Work-Vehicle-Lower-Arm-Hydraulic-Cylinder-Installation-1.webp 1024w, https:\/\/fmp-components.com\/wp-content\/uploads\/2024\/12\/Boom-Aerial-Work-Vehicle-Lower-Arm-Hydraulic-Cylinder-Installation-1-980x813.webp 980w, https:\/\/fmp-components.com\/wp-content\/uploads\/2024\/12\/Boom-Aerial-Work-Vehicle-Lower-Arm-Hydraulic-Cylinder-Installation-1-480x398.webp 480w\" sizes=\"(min-width: 0px) and (max-width: 480px) 480px, (min-width: 481px) and (max-width: 980px) 980px, (min-width: 981px) 1024px, 100vw\" \/><\/h2>\n<\/td>\n<\/tr>\n<\/tbody>\n<\/table>\n<h2>O FMP-ju<\/h2>\n<p>FMP je specializiran proizvajalec hidravli\u010dnih cilindrov, znan po svojem mo\u010dnem poudarku na raziskavah in odli\u010dnosti proizvodnje. Podjetje se \u017ee od svoje ustanovitve posve\u010da nenehnemu razvoju tehnologije hidravli\u010dnih cilindrov. Sprva je FMP proizvajal raznoliko paleto izdelkov za \u017eetveno in gradbeno mehanizacijo, vendar se je od takrat osredoto\u010dil predvsem na komponente za kmetijske traktorje.<\/p>\n<p>Z ve\u010d kot desetletjem proizvodnih izku\u0161enj FMP zdru\u017euje bogate vodstvene izku\u0161nje z naprednimi proizvodnimi tehnologijami, da bi zagotovil najvi\u0161je standarde kakovosti svojih izdelkov. Podjetje je vzpostavilo celovito proizvodno linijo za strojno obdelavo, monta\u017eno linijo in linijo za premazovanje, kar mu omogo\u010da zanesljive in u\u010dinkovite proizvodne procese.<\/p>\n<p>Rast podjetja FMP je podpirala predana ekipa, ki jo sestavljajo izku\u0161eno vodstveno osebje, usposobljeni strojni oblikovalci in visoko usposobljeni tehniki. Ta sodelovalni pristop zagotavlja dosledno kakovost izdelkov in u\u010dinkovito upravlja neprekinjenost procesov, s \u010dimer se pove\u010duje splo\u0161na u\u010dinkovitost proizvodnje.<\/p>\n<p>V sredi\u0161\u010du filozofije podjetja FMP so vrednote \u00bbTehnolo\u0161ke inovacije spodbujajo napredek\u00ab, \u00bbKakovost ustvarja blagovne znamke\u00ab, \u00bbObrtni\u0161tvo zagotavlja kakovost\u00ab in \u00bbGradnja dolgoro\u010dnih odnosov, v katere vsi pridobijo\u00ab. Podjetje je zavezano zagotavljanju visokokakovostnih izdelkov ob hkratnem zagotavljanju izjemne storitve za stranke. FMP si nenehno prizadeva prilagajati se spreminjajo\u010dim se potrebam trga in se pozicionira kot zaupanja vreden partner v industriji kmetijske mehanizacije. S svojo predanostjo inovacijam in kakovosti si FMP prizadeva pomembno prispevati k napredku hidravli\u010dne tehnologije v kmetijskem sektorju.<\/p>\n<p><img loading=\"lazy\" decoding=\"async\" class=\"alignnone wp-image-359\" src=\"https:\/\/fmp-components.com\/wp-content\/uploads\/2024\/12\/fmp-factory-3.webp\" alt=\"fmp-tovarna\" width=\"914\" height=\"612\" title=\"\" srcset=\"https:\/\/fmp-components.com\/wp-content\/uploads\/2024\/12\/fmp-factory-3.webp 914w, https:\/\/fmp-components.com\/wp-content\/uploads\/2024\/12\/fmp-factory-3-480x321.webp 480w\" sizes=\"(min-width: 0px) and (max-width: 480px) 480px, (min-width: 481px) 914px, 100vw\" \/><\/p>\n<p>Avtor: CX<\/p>","protected":false},"excerpt":{"rendered":"<p>Hidravli\u010dni cilinder spodnjega kraka dvi\u017enih delovnih plo\u0161\u010dadi je klju\u010dna komponenta, ki zagotavlja potrebno dvi\u017eno mo\u010d in stabilnost dvi\u017enih delovnih plo\u0161\u010dadi. Ta hidravli\u010dni cilinder, zasnovan za podporo spodnjega kraka dvi\u017ene plo\u0161\u010dadi, omogo\u010da natan\u010den nadzor in gibanje, kar upravljavcem omogo\u010da varen dostop do dvignjenih delovnih obmo\u010dij. Izdelan je iz visoko trdnih materialov, kar zagotavlja vzdr\u017eljivost in zanesljivost pri velikih obremenitvah in zahtevnih pogojih. Njegovo gladko hidravli\u010dno delovanje omogo\u010da u\u010dinkovito navpi\u010dno in vodoravno gibanje, kar pove\u010duje produktivnost in varnost med opravili, kot so vzdr\u017eevanje, gradnja in pregledi. Ta hidravli\u010dni cilinder je bistvenega pomena za optimizacijo delovanja dvi\u017enih plo\u0161\u010dadi v razli\u010dnih aplikacijah.<\/p>","protected":false},"featured_media":356,"comment_status":"open","ping_status":"closed","template":"","meta":{"_et_pb_use_builder":"","_et_pb_old_content":"","_et_gb_content_width":""},"product_brand":[],"product_cat":[22],"product_tag":[],"class_list":{"0":"post-360","1":"product","2":"type-product","3":"status-publish","4":"has-post-thumbnail","6":"product_cat-aerial-work-vehicle-hydraulic-cylinders","8":"first","9":"instock","10":"shipping-taxable","11":"product-type-simple"},"_links":{"self":[{"href":"https:\/\/fmp-components.com\/sl\/wp-json\/wp\/v2\/product\/360","targetHints":{"allow":["GET"]}}],"collection":[{"href":"https:\/\/fmp-components.com\/sl\/wp-json\/wp\/v2\/product"}],"about":[{"href":"https:\/\/fmp-components.com\/sl\/wp-json\/wp\/v2\/types\/product"}],"replies":[{"embeddable":true,"href":"https:\/\/fmp-components.com\/sl\/wp-json\/wp\/v2\/comments?post=360"}],"wp:featuredmedia":[{"embeddable":true,"href":"https:\/\/fmp-components.com\/sl\/wp-json\/wp\/v2\/media\/356"}],"wp:attachment":[{"href":"https:\/\/fmp-components.com\/sl\/wp-json\/wp\/v2\/media?parent=360"}],"wp:term":[{"taxonomy":"product_brand","embeddable":true,"href":"https:\/\/fmp-components.com\/sl\/wp-json\/wp\/v2\/product_brand?post=360"},{"taxonomy":"product_cat","embeddable":true,"href":"https:\/\/fmp-components.com\/sl\/wp-json\/wp\/v2\/product_cat?post=360"},{"taxonomy":"product_tag","embeddable":true,"href":"https:\/\/fmp-components.com\/sl\/wp-json\/wp\/v2\/product_tag?post=360"}],"curies":[{"name":"delovni list","href":"https:\/\/api.w.org\/{rel}","templated":true}]}}